{"id":62271,"date":"2026-04-23T17:47:23","date_gmt":"2026-04-23T15:47:23","guid":{"rendered":"https:\/\/www.sejourprive.com\/?post_type=product&#038;p=62271"},"modified":"2026-04-23T17:47:23","modified_gmt":"2026-04-23T15:47:23","slug":"villa-dajana-selca-brac-croatie","status":"publish","type":"product","link":"https:\/\/www.sejourprive.com\/en\/biens\/villa-dajana-selca-brac-croatie\/","title":{"rendered":"Villa Dajana, Selca, Brac, Croatia"},"content":{"rendered":"<p>Admirez les eaux turquoise et cristallines de la mer Adriatique depuis le balcon de la Villa Dajana, qui surplombe la c\u00f4te sud-est de l&#8217;\u00eele de Bra\u010d. \u00c0 l&#8217;int\u00e9rieur, le design impeccable semble tout droit sorti d&#8217;un r\u00eave, o\u00f9 les tons neutres de la d\u00e9coration mettent en valeur le cadre lumineux et luxuriant, mis en valeur par de grandes baies vitr\u00e9es.<span><div class=\"read-more-wrapper\"><a class=\"read-more-button\" data-target=\"read-more-69ebc7f90b609\" data-more-text=\"Read more\" data-less-text=\"Read less\"><span class=\"read-more-text\">Read more<\/span><\/a><div id=\"read-more-69ebc7f90b609\" class=\"read-more-content\"> <\/span><\/p>\n<p>Le matin, enfourchez un v\u00e9lo pour explorer le charmant village de Selca et faites une pause dans un bar, un restaurant ou un caf\u00e9 authentique pour d\u00e9jeuner. Puis, rentrez vous d\u00e9tendre dans votre espace bien-\u00eatre et votre salle de sport, en profitant du jacuzzi ou du sauna. \u00c0 la tomb\u00e9e de la nuit, rendez-vous \u00e0 votre piscine \u00e0 d\u00e9bordement chauff\u00e9e pour admirer les \u00e9toiles qui s&#8217;illuminent au-dessus de la mer et des montagnes, un verre de bon vin local \u00e0 la main.<\/div><\/div><\/p>","protected":false},"excerpt":{"rendered":"<p>Admirez les eaux turquoise et cristallines de la mer Adriatique depuis le balcon de la Villa Dajana, qui surplombe la&#8230;<\/p>","protected":false},"featured_media":62315,"comment_status":"open","ping_status":"closed","template":"","meta":{"_acf_changed":false},"product_brand":[],"product_cat":[15],"product_tag":[],"class_list":{"0":"post-62271","1":"product","2":"type-product","3":"status-publish","4":"has-post-thumbnail","6":"product_cat-villa","7":"property_location-croatie","9":"first","10":"instock","11":"sold-individually","12":"shipping-taxable","13":"purchasable","14":"product-type-simple"},"acf":[],"yoast_head":"<!-- This site is optimized with the Yoast SEO plugin v26.6 - https:\/\/yoast.com\/wordpress\/plugins\/seo\/ -->\n<title>Villa Dajana, Selca, Brac, Croatie - S\u00e9jour Priv\u00e9<\/title>\n<meta name=\"description\" content=\"Admirez les eaux turquoise et cristallines de la mer Adriatique depuis le balcon de la Villa Dajana, qui surplombe la c\u00f4te sud-est de l&#039;\u00eele de Bra\u010d. \u00c0\" \/>\n<meta name=\"robots\" content=\"index, follow, max-snippet:-1, max-image-preview:large, max-video-preview:-1\" \/>\n<link rel=\"canonical\" href=\"https:\/\/www.sejourprive.com\/en\/biens\/villa-dajana-selca-brac-croatie\/\" \/>\n<meta property=\"og:locale\" content=\"en_GB\" \/>\n<meta property=\"og:type\" content=\"article\" \/>\n<meta property=\"og:title\" content=\"Villa Dajana, Selca, Brac, Croatie - S\u00e9jour Priv\u00e9\" \/>\n<meta property=\"og:description\" content=\"Admirez les eaux turquoise et cristallines de la mer Adriatique depuis le balcon de la Villa Dajana, qui surplombe la c\u00f4te sud-est de l&#039;\u00eele de Bra\u010d. \u00c0\" \/>\n<meta property=\"og:url\" content=\"https:\/\/www.sejourprive.com\/en\/biens\/villa-dajana-selca-brac-croatie\/\" \/>\n<meta property=\"og:site_name\" content=\"S\u00e9jour Priv\u00e9\" \/>\n<meta property=\"og:image\" content=\"https:\/\/www.sejourprive.com\/wp-content\/uploads\/2026\/04\/0-131.jpg\" \/>\n\t<meta property=\"og:image:width\" content=\"1200\" \/>\n\t<meta property=\"og:image:height\" content=\"810\" \/>\n\t<meta property=\"og:image:type\" content=\"image\/jpeg\" \/>\n<meta name=\"twitter:card\" content=\"summary_large_image\" \/>\n<meta name=\"twitter:label1\" content=\"Estimated reading time\" \/>\n\t<meta name=\"twitter:data1\" content=\"1 minute\" \/>\n<script type=\"application\/ld+json\" class=\"yoast-schema-graph\">{\"@context\":\"https:\/\/schema.org\",\"@graph\":[{\"@type\":\"WebPage\",\"@id\":\"https:\/\/www.sejourprive.com\/biens\/villa-dajana-selca-brac-croatie\/\",\"url\":\"https:\/\/www.sejourprive.com\/biens\/villa-dajana-selca-brac-croatie\/\",\"name\":\"Villa Dajana, Selca, Brac, Croatie - S\u00e9jour Priv\u00e9\",\"isPartOf\":{\"@id\":\"https:\/\/www.sejourprive.com\/#website\"},\"primaryImageOfPage\":{\"@id\":\"https:\/\/www.sejourprive.com\/biens\/villa-dajana-selca-brac-croatie\/#primaryimage\"},\"image\":{\"@id\":\"https:\/\/www.sejourprive.com\/biens\/villa-dajana-selca-brac-croatie\/#primaryimage\"},\"thumbnailUrl\":\"https:\/\/www.sejourprive.com\/wp-content\/uploads\/2026\/04\/0-131.jpg\",\"datePublished\":\"2026-04-23T15:47:23+00:00\",\"description\":\"Admirez les eaux turquoise et cristallines de la mer Adriatique depuis le balcon de la Villa Dajana, qui surplombe la c\u00f4te sud-est de l'\u00eele de Bra\u010d. \u00c0\",\"breadcrumb\":{\"@id\":\"https:\/\/www.sejourprive.com\/biens\/villa-dajana-selca-brac-croatie\/#breadcrumb\"},\"inLanguage\":\"en-GB\",\"potentialAction\":[{\"@type\":\"ReadAction\",\"target\":[\"https:\/\/www.sejourprive.com\/biens\/villa-dajana-selca-brac-croatie\/\"]}]},{\"@type\":\"ImageObject\",\"inLanguage\":\"en-GB\",\"@id\":\"https:\/\/www.sejourprive.com\/biens\/villa-dajana-selca-brac-croatie\/#primaryimage\",\"url\":\"https:\/\/www.sejourprive.com\/wp-content\/uploads\/2026\/04\/0-131.jpg\",\"contentUrl\":\"https:\/\/www.sejourprive.com\/wp-content\/uploads\/2026\/04\/0-131.jpg\",\"width\":1200,\"height\":810},{\"@type\":\"BreadcrumbList\",\"@id\":\"https:\/\/www.sejourprive.com\/biens\/villa-dajana-selca-brac-croatie\/#breadcrumb\",\"itemListElement\":[{\"@type\":\"ListItem\",\"position\":1,\"name\":\"Accueil\",\"item\":\"https:\/\/www.sejourprive.com\/\"},{\"@type\":\"ListItem\",\"position\":2,\"name\":\"Shop\",\"item\":\"https:\/\/www.sejourprive.com\/shop\/\"},{\"@type\":\"ListItem\",\"position\":3,\"name\":\"Villa Dajana, Selca, Brac, Croatie\"}]},{\"@type\":\"WebSite\",\"@id\":\"https:\/\/www.sejourprive.com\/#website\",\"url\":\"https:\/\/www.sejourprive.com\/\",\"name\":\"S\u00e9jour Priv\u00e9\",\"description\":\"Nous imaginons pour vous des s\u00e9jours d\u2019exception.\",\"publisher\":{\"@id\":\"https:\/\/www.sejourprive.com\/#organization\"},\"potentialAction\":[{\"@type\":\"SearchAction\",\"target\":{\"@type\":\"EntryPoint\",\"urlTemplate\":\"https:\/\/www.sejourprive.com\/?s={search_term_string}\"},\"query-input\":{\"@type\":\"PropertyValueSpecification\",\"valueRequired\":true,\"valueName\":\"search_term_string\"}}],\"inLanguage\":\"en-GB\"},{\"@type\":\"Organization\",\"@id\":\"https:\/\/www.sejourprive.com\/#organization\",\"name\":\"S\u00e9jour Priv\u00e9\",\"url\":\"https:\/\/www.sejourprive.com\/\",\"logo\":{\"@type\":\"ImageObject\",\"inLanguage\":\"en-GB\",\"@id\":\"https:\/\/www.sejourprive.com\/#\/schema\/logo\/image\/\",\"url\":\"https:\/\/www.sejourprive.com\/wp-content\/uploads\/2026\/02\/SP-Apple-touch-144-couleur-1-2.png\",\"contentUrl\":\"https:\/\/www.sejourprive.com\/wp-content\/uploads\/2026\/02\/SP-Apple-touch-144-couleur-1-2.png\",\"width\":145,\"height\":145,\"caption\":\"S\u00e9jour Priv\u00e9\"},\"image\":{\"@id\":\"https:\/\/www.sejourprive.com\/#\/schema\/logo\/image\/\"}}]}<\/script>\n<!-- \/ Yoast SEO plugin. -->","yoast_head_json":{"title":"Villa Dajana, Selca, Brac, Croatie - S\u00e9jour Priv\u00e9","description":"Admirez les eaux turquoise et cristallines de la mer Adriatique depuis le balcon de la Villa Dajana, qui surplombe la c\u00f4te sud-est de l'\u00eele de Bra\u010d. \u00c0","robots":{"index":"index","follow":"follow","max-snippet":"max-snippet:-1","max-image-preview":"max-image-preview:large","max-video-preview":"max-video-preview:-1"},"canonical":"https:\/\/www.sejourprive.com\/en\/biens\/villa-dajana-selca-brac-croatie\/","og_locale":"en_GB","og_type":"article","og_title":"Villa Dajana, Selca, Brac, Croatie - S\u00e9jour Priv\u00e9","og_description":"Admirez les eaux turquoise et cristallines de la mer Adriatique depuis le balcon de la Villa Dajana, qui surplombe la c\u00f4te sud-est de l'\u00eele de Bra\u010d. \u00c0","og_url":"https:\/\/www.sejourprive.com\/en\/biens\/villa-dajana-selca-brac-croatie\/","og_site_name":"S\u00e9jour Priv\u00e9","og_image":[{"width":1200,"height":810,"url":"https:\/\/www.sejourprive.com\/wp-content\/uploads\/2026\/04\/0-131.jpg","type":"image\/jpeg"}],"twitter_card":"summary_large_image","twitter_misc":{"Estimated reading time":"1 minute"},"schema":{"@context":"https:\/\/schema.org","@graph":[{"@type":"WebPage","@id":"https:\/\/www.sejourprive.com\/biens\/villa-dajana-selca-brac-croatie\/","url":"https:\/\/www.sejourprive.com\/biens\/villa-dajana-selca-brac-croatie\/","name":"Villa Dajana, Selca, Brac, Croatie - S\u00e9jour Priv\u00e9","isPartOf":{"@id":"https:\/\/www.sejourprive.com\/#website"},"primaryImageOfPage":{"@id":"https:\/\/www.sejourprive.com\/biens\/villa-dajana-selca-brac-croatie\/#primaryimage"},"image":{"@id":"https:\/\/www.sejourprive.com\/biens\/villa-dajana-selca-brac-croatie\/#primaryimage"},"thumbnailUrl":"https:\/\/www.sejourprive.com\/wp-content\/uploads\/2026\/04\/0-131.jpg","datePublished":"2026-04-23T15:47:23+00:00","description":"Admirez les eaux turquoise et cristallines de la mer Adriatique depuis le balcon de la Villa Dajana, qui surplombe la c\u00f4te sud-est de l'\u00eele de Bra\u010d. \u00c0","breadcrumb":{"@id":"https:\/\/www.sejourprive.com\/biens\/villa-dajana-selca-brac-croatie\/#breadcrumb"},"inLanguage":"en-GB","potentialAction":[{"@type":"ReadAction","target":["https:\/\/www.sejourprive.com\/biens\/villa-dajana-selca-brac-croatie\/"]}]},{"@type":"ImageObject","inLanguage":"en-GB","@id":"https:\/\/www.sejourprive.com\/biens\/villa-dajana-selca-brac-croatie\/#primaryimage","url":"https:\/\/www.sejourprive.com\/wp-content\/uploads\/2026\/04\/0-131.jpg","contentUrl":"https:\/\/www.sejourprive.com\/wp-content\/uploads\/2026\/04\/0-131.jpg","width":1200,"height":810},{"@type":"BreadcrumbList","@id":"https:\/\/www.sejourprive.com\/biens\/villa-dajana-selca-brac-croatie\/#breadcrumb","itemListElement":[{"@type":"ListItem","position":1,"name":"Accueil","item":"https:\/\/www.sejourprive.com\/"},{"@type":"ListItem","position":2,"name":"Shop","item":"https:\/\/www.sejourprive.com\/shop\/"},{"@type":"ListItem","position":3,"name":"Villa Dajana, Selca, Brac, Croatie"}]},{"@type":"WebSite","@id":"https:\/\/www.sejourprive.com\/#website","url":"https:\/\/www.sejourprive.com\/","name":"Private Stay","description":"We design exceptional holidays for you.","publisher":{"@id":"https:\/\/www.sejourprive.com\/#organization"},"potentialAction":[{"@type":"SearchAction","target":{"@type":"EntryPoint","urlTemplate":"https:\/\/www.sejourprive.com\/?s={search_term_string}"},"query-input":{"@type":"PropertyValueSpecification","valueRequired":true,"valueName":"search_term_string"}}],"inLanguage":"en-GB"},{"@type":"Organization","@id":"https:\/\/www.sejourprive.com\/#organization","name":"Private Stay","url":"https:\/\/www.sejourprive.com\/","logo":{"@type":"ImageObject","inLanguage":"en-GB","@id":"https:\/\/www.sejourprive.com\/#\/schema\/logo\/image\/","url":"https:\/\/www.sejourprive.com\/wp-content\/uploads\/2026\/02\/SP-Apple-touch-144-couleur-1-2.png","contentUrl":"https:\/\/www.sejourprive.com\/wp-content\/uploads\/2026\/02\/SP-Apple-touch-144-couleur-1-2.png","width":145,"height":145,"caption":"S\u00e9jour Priv\u00e9"},"image":{"@id":"https:\/\/www.sejourprive.com\/#\/schema\/logo\/image\/"}}]}},"_links":{"self":[{"href":"https:\/\/www.sejourprive.com\/en\/wp-json\/wp\/v2\/product\/62271","targetHints":{"allow":["GET"]}}],"collection":[{"href":"https:\/\/www.sejourprive.com\/en\/wp-json\/wp\/v2\/product"}],"about":[{"href":"https:\/\/www.sejourprive.com\/en\/wp-json\/wp\/v2\/types\/product"}],"replies":[{"embeddable":true,"href":"https:\/\/www.sejourprive.com\/en\/wp-json\/wp\/v2\/comments?post=62271"}],"version-history":[{"count":1,"href":"https:\/\/www.sejourprive.com\/en\/wp-json\/wp\/v2\/product\/62271\/revisions"}],"predecessor-version":[{"id":62272,"href":"https:\/\/www.sejourprive.com\/en\/wp-json\/wp\/v2\/product\/62271\/revisions\/62272"}],"wp:featuredmedia":[{"embeddable":true,"href":"https:\/\/www.sejourprive.com\/en\/wp-json\/wp\/v2\/media\/62315"}],"wp:attachment":[{"href":"https:\/\/www.sejourprive.com\/en\/wp-json\/wp\/v2\/media?parent=62271"}],"wp:term":[{"taxonomy":"product_brand","embeddable":true,"href":"https:\/\/www.sejourprive.com\/en\/wp-json\/wp\/v2\/product_brand?post=62271"},{"taxonomy":"product_cat","embeddable":true,"href":"https:\/\/www.sejourprive.com\/en\/wp-json\/wp\/v2\/product_cat?post=62271"},{"taxonomy":"product_tag","embeddable":true,"href":"https:\/\/www.sejourprive.com\/en\/wp-json\/wp\/v2\/product_tag?post=62271"}],"curies":[{"name":"wp","href":"https:\/\/api.w.org\/{rel}","templated":true}]}}