{"id":62129,"date":"2026-04-23T17:38:35","date_gmt":"2026-04-23T15:38:35","guid":{"rendered":"https:\/\/www.sejourprive.com\/?post_type=product&#038;p=62129"},"modified":"2026-04-23T17:38:35","modified_gmt":"2026-04-23T15:38:35","slug":"villa-sestra-zaton-dubrovnik-croatie","status":"publish","type":"product","link":"https:\/\/www.sejourprive.com\/en\/biens\/villa-sestra-zaton-dubrovnik-croatie\/","title":{"rendered":"Villa Sestra, Zaton, Dubrovnik, Croatia"},"content":{"rendered":"<p>La Villa Sestra incarne tout le charme de Dubrovnik, perch\u00e9e le long d&#8217;un littoral escarp\u00e9 et surplombant les eaux bleu saphir. Cette villa est une v\u00e9ritable ode \u00e0 son environnement : la pierre naturelle et le bois font \u00e9cho \u00e0 la nature environnante, tandis que les baies vitr\u00e9es encadrent les vues impressionnantes telles des \u0153uvres d&#8217;art.<span><div class=\"read-more-wrapper\"><a class=\"read-more-button\" data-target=\"read-more-69ff0be99aec6\" data-more-text=\"Read more\" data-less-text=\"Read less\"><span class=\"read-more-text\">Read more<\/span><\/a><div id=\"read-more-69ff0be99aec6\" class=\"read-more-content\"> <\/span><\/p>\n<p>As the Croatian sun gently streams in through your bedroom window, wake up at Villa Sestra and enjoy breakfast al fresco. Marvel at the view of the sparkling Adriatic Sea and take a few steps down to the crystal-clear waters. Later, you can spend a relaxing afternoon by the private pool, soaking up the Mediterranean sun. You can also explore the surrounding area, soaking up Dubrovnik's rich history and culture to create unforgettable memories in this Croatian paradise.<\/div><\/div><\/p>","protected":false},"excerpt":{"rendered":"<p>La Villa Sestra incarne tout le charme de Dubrovnik, perch\u00e9e le long d&#8217;un littoral escarp\u00e9 et surplombant les eaux bleu&#8230;<\/p>","protected":false},"featured_media":62138,"comment_status":"open","ping_status":"closed","template":"","meta":{"_acf_changed":false},"product_brand":[],"product_cat":[15],"product_tag":[],"class_list":{"0":"post-62129","1":"product","2":"type-product","3":"status-publish","4":"has-post-thumbnail","6":"product_cat-villa","7":"property_location-croatie","9":"first","10":"instock","11":"sold-individually","12":"shipping-taxable","13":"purchasable","14":"product-type-simple"},"acf":[],"yoast_head":"<!-- This site is optimized with the Yoast SEO plugin v26.6 - https:\/\/yoast.com\/wordpress\/plugins\/seo\/ -->\n<title>Villa Sestra, Zaton, Dubrovnik, Croatie - S\u00e9jour Priv\u00e9<\/title>\n<meta name=\"description\" content=\"La Villa Sestra incarne tout le charme de Dubrovnik, perch\u00e9e le long d&#039;un littoral escarp\u00e9 et surplombant les eaux bleu saphir. Cette villa est une\" \/>\n<meta name=\"robots\" content=\"index, follow, max-snippet:-1, max-image-preview:large, max-video-preview:-1\" \/>\n<link rel=\"canonical\" href=\"https:\/\/www.sejourprive.com\/en\/biens\/villa-sestra-zaton-dubrovnik-croatie\/\" \/>\n<meta property=\"og:locale\" content=\"en_GB\" \/>\n<meta property=\"og:type\" content=\"article\" \/>\n<meta property=\"og:title\" content=\"Villa Sestra, Zaton, Dubrovnik, Croatie - S\u00e9jour Priv\u00e9\" \/>\n<meta property=\"og:description\" content=\"La Villa Sestra incarne tout le charme de Dubrovnik, perch\u00e9e le long d&#039;un littoral escarp\u00e9 et surplombant les eaux bleu saphir. Cette villa est une\" \/>\n<meta property=\"og:url\" content=\"https:\/\/www.sejourprive.com\/en\/biens\/villa-sestra-zaton-dubrovnik-croatie\/\" \/>\n<meta property=\"og:site_name\" content=\"S\u00e9jour Priv\u00e9\" \/>\n<meta property=\"og:image\" content=\"https:\/\/www.sejourprive.com\/wp-content\/uploads\/2026\/04\/0-128.jpg\" \/>\n\t<meta property=\"og:image:width\" content=\"1200\" \/>\n\t<meta property=\"og:image:height\" content=\"800\" \/>\n\t<meta property=\"og:image:type\" content=\"image\/jpeg\" \/>\n<meta name=\"twitter:card\" content=\"summary_large_image\" \/>\n<meta name=\"twitter:label1\" content=\"Estimated reading time\" \/>\n\t<meta name=\"twitter:data1\" content=\"1 minute\" \/>\n<script type=\"application\/ld+json\" class=\"yoast-schema-graph\">{\"@context\":\"https:\/\/schema.org\",\"@graph\":[{\"@type\":\"WebPage\",\"@id\":\"https:\/\/www.sejourprive.com\/biens\/villa-sestra-zaton-dubrovnik-croatie\/\",\"url\":\"https:\/\/www.sejourprive.com\/biens\/villa-sestra-zaton-dubrovnik-croatie\/\",\"name\":\"Villa Sestra, Zaton, Dubrovnik, Croatie - S\u00e9jour Priv\u00e9\",\"isPartOf\":{\"@id\":\"https:\/\/www.sejourprive.com\/#website\"},\"primaryImageOfPage\":{\"@id\":\"https:\/\/www.sejourprive.com\/biens\/villa-sestra-zaton-dubrovnik-croatie\/#primaryimage\"},\"image\":{\"@id\":\"https:\/\/www.sejourprive.com\/biens\/villa-sestra-zaton-dubrovnik-croatie\/#primaryimage\"},\"thumbnailUrl\":\"https:\/\/www.sejourprive.com\/wp-content\/uploads\/2026\/04\/0-128.jpg\",\"datePublished\":\"2026-04-23T15:38:35+00:00\",\"description\":\"La Villa Sestra incarne tout le charme de Dubrovnik, perch\u00e9e le long d'un littoral escarp\u00e9 et surplombant les eaux bleu saphir. Cette villa est une\",\"breadcrumb\":{\"@id\":\"https:\/\/www.sejourprive.com\/biens\/villa-sestra-zaton-dubrovnik-croatie\/#breadcrumb\"},\"inLanguage\":\"en-GB\",\"potentialAction\":[{\"@type\":\"ReadAction\",\"target\":[\"https:\/\/www.sejourprive.com\/biens\/villa-sestra-zaton-dubrovnik-croatie\/\"]}]},{\"@type\":\"ImageObject\",\"inLanguage\":\"en-GB\",\"@id\":\"https:\/\/www.sejourprive.com\/biens\/villa-sestra-zaton-dubrovnik-croatie\/#primaryimage\",\"url\":\"https:\/\/www.sejourprive.com\/wp-content\/uploads\/2026\/04\/0-128.jpg\",\"contentUrl\":\"https:\/\/www.sejourprive.com\/wp-content\/uploads\/2026\/04\/0-128.jpg\",\"width\":1200,\"height\":800},{\"@type\":\"BreadcrumbList\",\"@id\":\"https:\/\/www.sejourprive.com\/biens\/villa-sestra-zaton-dubrovnik-croatie\/#breadcrumb\",\"itemListElement\":[{\"@type\":\"ListItem\",\"position\":1,\"name\":\"Accueil\",\"item\":\"https:\/\/www.sejourprive.com\/\"},{\"@type\":\"ListItem\",\"position\":2,\"name\":\"Shop\",\"item\":\"https:\/\/www.sejourprive.com\/shop\/\"},{\"@type\":\"ListItem\",\"position\":3,\"name\":\"Villa Sestra, Zaton, Dubrovnik, Croatie\"}]},{\"@type\":\"WebSite\",\"@id\":\"https:\/\/www.sejourprive.com\/#website\",\"url\":\"https:\/\/www.sejourprive.com\/\",\"name\":\"S\u00e9jour Priv\u00e9\",\"description\":\"Nous imaginons pour vous des s\u00e9jours d\u2019exception.\",\"publisher\":{\"@id\":\"https:\/\/www.sejourprive.com\/#organization\"},\"potentialAction\":[{\"@type\":\"SearchAction\",\"target\":{\"@type\":\"EntryPoint\",\"urlTemplate\":\"https:\/\/www.sejourprive.com\/?s={search_term_string}\"},\"query-input\":{\"@type\":\"PropertyValueSpecification\",\"valueRequired\":true,\"valueName\":\"search_term_string\"}}],\"inLanguage\":\"en-GB\"},{\"@type\":\"Organization\",\"@id\":\"https:\/\/www.sejourprive.com\/#organization\",\"name\":\"S\u00e9jour Priv\u00e9\",\"url\":\"https:\/\/www.sejourprive.com\/\",\"logo\":{\"@type\":\"ImageObject\",\"inLanguage\":\"en-GB\",\"@id\":\"https:\/\/www.sejourprive.com\/#\/schema\/logo\/image\/\",\"url\":\"https:\/\/www.sejourprive.com\/wp-content\/uploads\/2026\/02\/SP-Apple-touch-144-couleur-1-2.png\",\"contentUrl\":\"https:\/\/www.sejourprive.com\/wp-content\/uploads\/2026\/02\/SP-Apple-touch-144-couleur-1-2.png\",\"width\":145,\"height\":145,\"caption\":\"S\u00e9jour Priv\u00e9\"},\"image\":{\"@id\":\"https:\/\/www.sejourprive.com\/#\/schema\/logo\/image\/\"}}]}<\/script>\n<!-- \/ Yoast SEO plugin. -->","yoast_head_json":{"title":"Villa Sestra, Zaton, Dubrovnik, Croatie - S\u00e9jour Priv\u00e9","description":"La Villa Sestra incarne tout le charme de Dubrovnik, perch\u00e9e le long d'un littoral escarp\u00e9 et surplombant les eaux bleu saphir. Cette villa est une","robots":{"index":"index","follow":"follow","max-snippet":"max-snippet:-1","max-image-preview":"max-image-preview:large","max-video-preview":"max-video-preview:-1"},"canonical":"https:\/\/www.sejourprive.com\/en\/biens\/villa-sestra-zaton-dubrovnik-croatie\/","og_locale":"en_GB","og_type":"article","og_title":"Villa Sestra, Zaton, Dubrovnik, Croatie - S\u00e9jour Priv\u00e9","og_description":"La Villa Sestra incarne tout le charme de Dubrovnik, perch\u00e9e le long d'un littoral escarp\u00e9 et surplombant les eaux bleu saphir. Cette villa est une","og_url":"https:\/\/www.sejourprive.com\/en\/biens\/villa-sestra-zaton-dubrovnik-croatie\/","og_site_name":"S\u00e9jour Priv\u00e9","og_image":[{"width":1200,"height":800,"url":"https:\/\/www.sejourprive.com\/wp-content\/uploads\/2026\/04\/0-128.jpg","type":"image\/jpeg"}],"twitter_card":"summary_large_image","twitter_misc":{"Estimated reading time":"1 minute"},"schema":{"@context":"https:\/\/schema.org","@graph":[{"@type":"WebPage","@id":"https:\/\/www.sejourprive.com\/biens\/villa-sestra-zaton-dubrovnik-croatie\/","url":"https:\/\/www.sejourprive.com\/biens\/villa-sestra-zaton-dubrovnik-croatie\/","name":"Villa Sestra, Zaton, Dubrovnik, Croatie - S\u00e9jour Priv\u00e9","isPartOf":{"@id":"https:\/\/www.sejourprive.com\/#website"},"primaryImageOfPage":{"@id":"https:\/\/www.sejourprive.com\/biens\/villa-sestra-zaton-dubrovnik-croatie\/#primaryimage"},"image":{"@id":"https:\/\/www.sejourprive.com\/biens\/villa-sestra-zaton-dubrovnik-croatie\/#primaryimage"},"thumbnailUrl":"https:\/\/www.sejourprive.com\/wp-content\/uploads\/2026\/04\/0-128.jpg","datePublished":"2026-04-23T15:38:35+00:00","description":"La Villa Sestra incarne tout le charme de Dubrovnik, perch\u00e9e le long d'un littoral escarp\u00e9 et surplombant les eaux bleu saphir. Cette villa est une","breadcrumb":{"@id":"https:\/\/www.sejourprive.com\/biens\/villa-sestra-zaton-dubrovnik-croatie\/#breadcrumb"},"inLanguage":"en-GB","potentialAction":[{"@type":"ReadAction","target":["https:\/\/www.sejourprive.com\/biens\/villa-sestra-zaton-dubrovnik-croatie\/"]}]},{"@type":"ImageObject","inLanguage":"en-GB","@id":"https:\/\/www.sejourprive.com\/biens\/villa-sestra-zaton-dubrovnik-croatie\/#primaryimage","url":"https:\/\/www.sejourprive.com\/wp-content\/uploads\/2026\/04\/0-128.jpg","contentUrl":"https:\/\/www.sejourprive.com\/wp-content\/uploads\/2026\/04\/0-128.jpg","width":1200,"height":800},{"@type":"BreadcrumbList","@id":"https:\/\/www.sejourprive.com\/biens\/villa-sestra-zaton-dubrovnik-croatie\/#breadcrumb","itemListElement":[{"@type":"ListItem","position":1,"name":"Accueil","item":"https:\/\/www.sejourprive.com\/"},{"@type":"ListItem","position":2,"name":"Shop","item":"https:\/\/www.sejourprive.com\/shop\/"},{"@type":"ListItem","position":3,"name":"Villa Sestra, Zaton, Dubrovnik, Croatie"}]},{"@type":"WebSite","@id":"https:\/\/www.sejourprive.com\/#website","url":"https:\/\/www.sejourprive.com\/","name":"Private Stay","description":"We design exceptional holidays for you.","publisher":{"@id":"https:\/\/www.sejourprive.com\/#organization"},"potentialAction":[{"@type":"SearchAction","target":{"@type":"EntryPoint","urlTemplate":"https:\/\/www.sejourprive.com\/?s={search_term_string}"},"query-input":{"@type":"PropertyValueSpecification","valueRequired":true,"valueName":"search_term_string"}}],"inLanguage":"en-GB"},{"@type":"Organization","@id":"https:\/\/www.sejourprive.com\/#organization","name":"Private Stay","url":"https:\/\/www.sejourprive.com\/","logo":{"@type":"ImageObject","inLanguage":"en-GB","@id":"https:\/\/www.sejourprive.com\/#\/schema\/logo\/image\/","url":"https:\/\/www.sejourprive.com\/wp-content\/uploads\/2026\/02\/SP-Apple-touch-144-couleur-1-2.png","contentUrl":"https:\/\/www.sejourprive.com\/wp-content\/uploads\/2026\/02\/SP-Apple-touch-144-couleur-1-2.png","width":145,"height":145,"caption":"S\u00e9jour Priv\u00e9"},"image":{"@id":"https:\/\/www.sejourprive.com\/#\/schema\/logo\/image\/"}}]}},"_links":{"self":[{"href":"https:\/\/www.sejourprive.com\/en\/wp-json\/wp\/v2\/product\/62129","targetHints":{"allow":["GET"]}}],"collection":[{"href":"https:\/\/www.sejourprive.com\/en\/wp-json\/wp\/v2\/product"}],"about":[{"href":"https:\/\/www.sejourprive.com\/en\/wp-json\/wp\/v2\/types\/product"}],"replies":[{"embeddable":true,"href":"https:\/\/www.sejourprive.com\/en\/wp-json\/wp\/v2\/comments?post=62129"}],"version-history":[{"count":2,"href":"https:\/\/www.sejourprive.com\/en\/wp-json\/wp\/v2\/product\/62129\/revisions"}],"predecessor-version":[{"id":62137,"href":"https:\/\/www.sejourprive.com\/en\/wp-json\/wp\/v2\/product\/62129\/revisions\/62137"}],"wp:featuredmedia":[{"embeddable":true,"href":"https:\/\/www.sejourprive.com\/en\/wp-json\/wp\/v2\/media\/62138"}],"wp:attachment":[{"href":"https:\/\/www.sejourprive.com\/en\/wp-json\/wp\/v2\/media?parent=62129"}],"wp:term":[{"taxonomy":"product_brand","embeddable":true,"href":"https:\/\/www.sejourprive.com\/en\/wp-json\/wp\/v2\/product_brand?post=62129"},{"taxonomy":"product_cat","embeddable":true,"href":"https:\/\/www.sejourprive.com\/en\/wp-json\/wp\/v2\/product_cat?post=62129"},{"taxonomy":"product_tag","embeddable":true,"href":"https:\/\/www.sejourprive.com\/en\/wp-json\/wp\/v2\/product_tag?post=62129"}],"curies":[{"name":"wp","href":"https:\/\/api.w.org\/{rel}","templated":true}]}}