{"id":61139,"date":"2026-04-21T12:10:32","date_gmt":"2026-04-21T10:10:32","guid":{"rendered":"https:\/\/www.sejourprive.com\/?post_type=product&#038;p=61139"},"modified":"2026-04-21T12:10:32","modified_gmt":"2026-04-21T10:10:32","slug":"villa-melissa-comporta-portugal","status":"publish","type":"product","link":"https:\/\/www.sejourprive.com\/en\/biens\/villa-melissa-comporta-portugal\/","title":{"rendered":"Villa Melissa, Comporta, Portugal"},"content":{"rendered":"<p>La Villa Melissa est une demeure atypique pour la r\u00e9gion de Comporta. S&#8217;\u00e9loignant du style habituel des cabanes, elle apporte une bouff\u00e9e d&#8217;air frais par rapport aux designs habituels. Ses murs en b\u00e9ton et ses int\u00e9rieurs chaleureux donnent l&#8217;impression d&#8217;\u00eatre transport\u00e9 en Toscane plut\u00f4t que dans la c\u00e9l\u00e8bre r\u00e9serve naturelle de Comporta.<span><div class=\"read-more-wrapper\"><a class=\"read-more-button\" data-target=\"read-more-69ebc7e5013ad\" data-more-text=\"Read more\" data-less-text=\"Read less\"><span class=\"read-more-text\">Read more<\/span><\/a><div id=\"read-more-69ebc7e5013ad\" class=\"read-more-content\"> <\/span><\/p>\n<p>Nous adorons passer nos apr\u00e8s-midis dans la cabane ext\u00e9rieure qui surplombe la piscine ; nous pouvons ainsi litt\u00e9ralement surveiller les enfants qui s&#8217;\u00e9battent dans l&#8217;eau au coucher du soleil, tout en d\u00e9gustant un ap\u00e9ritif avec les adultes.<\/p>\n<p>Offrant une ambiance digne d&#8217;un h\u00f4tel, la location de la villa comprend un cuisinier, un sommelier\/concierge et du personnel. L&#8217;effectif total varie entre 5 et 8 personnes selon les besoins.<\/p>\n<p>Il est possible d&#8217;organiser votre \u00e9v\u00e9nement sp\u00e9cial sur place, moyennant un suppl\u00e9ment sur demande.<\/div><\/div><\/p>","protected":false},"excerpt":{"rendered":"<p>La Villa Melissa est une demeure atypique pour la r\u00e9gion de Comporta. S&#8217;\u00e9loignant du style habituel des cabanes, elle apporte&#8230;<\/p>","protected":false},"featured_media":61142,"comment_status":"open","ping_status":"closed","template":"","meta":{"_acf_changed":false},"product_brand":[],"product_cat":[15],"product_tag":[],"class_list":{"0":"post-61139","1":"product","2":"type-product","3":"status-publish","4":"has-post-thumbnail","6":"product_cat-villa","7":"property_location-comporta-melides","8":"property_location-portugal","10":"first","11":"instock","12":"sold-individually","13":"shipping-taxable","14":"purchasable","15":"product-type-simple"},"acf":[],"yoast_head":"<!-- This site is optimized with the Yoast SEO plugin v26.6 - https:\/\/yoast.com\/wordpress\/plugins\/seo\/ -->\n<title>Villa Melissa, Comporta, Portugal - S\u00e9jour Priv\u00e9<\/title>\n<meta name=\"description\" content=\"La Villa Melissa est une demeure atypique pour la r\u00e9gion de Comporta. S&#039;\u00e9loignant du style habituel des cabanes, elle apporte une bouff\u00e9e d&#039;air frais par\" \/>\n<meta name=\"robots\" content=\"index, follow, max-snippet:-1, max-image-preview:large, max-video-preview:-1\" \/>\n<link rel=\"canonical\" href=\"https:\/\/www.sejourprive.com\/en\/biens\/villa-melissa-comporta-portugal\/\" \/>\n<meta property=\"og:locale\" content=\"en_GB\" \/>\n<meta property=\"og:type\" content=\"article\" \/>\n<meta property=\"og:title\" content=\"Villa Melissa, Comporta, Portugal - S\u00e9jour Priv\u00e9\" \/>\n<meta property=\"og:description\" content=\"La Villa Melissa est une demeure atypique pour la r\u00e9gion de Comporta. S&#039;\u00e9loignant du style habituel des cabanes, elle apporte une bouff\u00e9e d&#039;air frais par\" \/>\n<meta property=\"og:url\" content=\"https:\/\/www.sejourprive.com\/en\/biens\/villa-melissa-comporta-portugal\/\" \/>\n<meta property=\"og:site_name\" content=\"S\u00e9jour Priv\u00e9\" \/>\n<meta property=\"og:image\" content=\"https:\/\/www.sejourprive.com\/wp-content\/uploads\/2026\/04\/1-109.jpg\" \/>\n\t<meta property=\"og:image:width\" content=\"1200\" \/>\n\t<meta property=\"og:image:height\" content=\"800\" \/>\n\t<meta property=\"og:image:type\" content=\"image\/jpeg\" \/>\n<meta name=\"twitter:card\" content=\"summary_large_image\" \/>\n<meta name=\"twitter:label1\" content=\"Estimated reading time\" \/>\n\t<meta name=\"twitter:data1\" content=\"1 minute\" \/>\n<script type=\"application\/ld+json\" class=\"yoast-schema-graph\">{\"@context\":\"https:\/\/schema.org\",\"@graph\":[{\"@type\":\"WebPage\",\"@id\":\"https:\/\/www.sejourprive.com\/biens\/villa-melissa-comporta-portugal\/\",\"url\":\"https:\/\/www.sejourprive.com\/biens\/villa-melissa-comporta-portugal\/\",\"name\":\"Villa Melissa, Comporta, Portugal - S\u00e9jour Priv\u00e9\",\"isPartOf\":{\"@id\":\"https:\/\/www.sejourprive.com\/#website\"},\"primaryImageOfPage\":{\"@id\":\"https:\/\/www.sejourprive.com\/biens\/villa-melissa-comporta-portugal\/#primaryimage\"},\"image\":{\"@id\":\"https:\/\/www.sejourprive.com\/biens\/villa-melissa-comporta-portugal\/#primaryimage\"},\"thumbnailUrl\":\"https:\/\/www.sejourprive.com\/wp-content\/uploads\/2026\/04\/1-109.jpg\",\"datePublished\":\"2026-04-21T10:10:32+00:00\",\"description\":\"La Villa Melissa est une demeure atypique pour la r\u00e9gion de Comporta. S'\u00e9loignant du style habituel des cabanes, elle apporte une bouff\u00e9e d'air frais par\",\"breadcrumb\":{\"@id\":\"https:\/\/www.sejourprive.com\/biens\/villa-melissa-comporta-portugal\/#breadcrumb\"},\"inLanguage\":\"en-GB\",\"potentialAction\":[{\"@type\":\"ReadAction\",\"target\":[\"https:\/\/www.sejourprive.com\/biens\/villa-melissa-comporta-portugal\/\"]}]},{\"@type\":\"ImageObject\",\"inLanguage\":\"en-GB\",\"@id\":\"https:\/\/www.sejourprive.com\/biens\/villa-melissa-comporta-portugal\/#primaryimage\",\"url\":\"https:\/\/www.sejourprive.com\/wp-content\/uploads\/2026\/04\/1-109.jpg\",\"contentUrl\":\"https:\/\/www.sejourprive.com\/wp-content\/uploads\/2026\/04\/1-109.jpg\",\"width\":1200,\"height\":800},{\"@type\":\"BreadcrumbList\",\"@id\":\"https:\/\/www.sejourprive.com\/biens\/villa-melissa-comporta-portugal\/#breadcrumb\",\"itemListElement\":[{\"@type\":\"ListItem\",\"position\":1,\"name\":\"Accueil\",\"item\":\"https:\/\/www.sejourprive.com\/\"},{\"@type\":\"ListItem\",\"position\":2,\"name\":\"Shop\",\"item\":\"https:\/\/www.sejourprive.com\/shop\/\"},{\"@type\":\"ListItem\",\"position\":3,\"name\":\"Villa Melissa, Comporta, Portugal\"}]},{\"@type\":\"WebSite\",\"@id\":\"https:\/\/www.sejourprive.com\/#website\",\"url\":\"https:\/\/www.sejourprive.com\/\",\"name\":\"S\u00e9jour Priv\u00e9\",\"description\":\"Nous imaginons pour vous des s\u00e9jours d\u2019exception.\",\"publisher\":{\"@id\":\"https:\/\/www.sejourprive.com\/#organization\"},\"potentialAction\":[{\"@type\":\"SearchAction\",\"target\":{\"@type\":\"EntryPoint\",\"urlTemplate\":\"https:\/\/www.sejourprive.com\/?s={search_term_string}\"},\"query-input\":{\"@type\":\"PropertyValueSpecification\",\"valueRequired\":true,\"valueName\":\"search_term_string\"}}],\"inLanguage\":\"en-GB\"},{\"@type\":\"Organization\",\"@id\":\"https:\/\/www.sejourprive.com\/#organization\",\"name\":\"S\u00e9jour Priv\u00e9\",\"url\":\"https:\/\/www.sejourprive.com\/\",\"logo\":{\"@type\":\"ImageObject\",\"inLanguage\":\"en-GB\",\"@id\":\"https:\/\/www.sejourprive.com\/#\/schema\/logo\/image\/\",\"url\":\"https:\/\/www.sejourprive.com\/wp-content\/uploads\/2026\/02\/SP-Apple-touch-144-couleur-1-2.png\",\"contentUrl\":\"https:\/\/www.sejourprive.com\/wp-content\/uploads\/2026\/02\/SP-Apple-touch-144-couleur-1-2.png\",\"width\":145,\"height\":145,\"caption\":\"S\u00e9jour Priv\u00e9\"},\"image\":{\"@id\":\"https:\/\/www.sejourprive.com\/#\/schema\/logo\/image\/\"}}]}<\/script>\n<!-- \/ Yoast SEO plugin. -->","yoast_head_json":{"title":"Villa Melissa, Comporta, Portugal - S\u00e9jour Priv\u00e9","description":"La Villa Melissa est une demeure atypique pour la r\u00e9gion de Comporta. S'\u00e9loignant du style habituel des cabanes, elle apporte une bouff\u00e9e d'air frais par","robots":{"index":"index","follow":"follow","max-snippet":"max-snippet:-1","max-image-preview":"max-image-preview:large","max-video-preview":"max-video-preview:-1"},"canonical":"https:\/\/www.sejourprive.com\/en\/biens\/villa-melissa-comporta-portugal\/","og_locale":"en_GB","og_type":"article","og_title":"Villa Melissa, Comporta, Portugal - S\u00e9jour Priv\u00e9","og_description":"La Villa Melissa est une demeure atypique pour la r\u00e9gion de Comporta. S'\u00e9loignant du style habituel des cabanes, elle apporte une bouff\u00e9e d'air frais par","og_url":"https:\/\/www.sejourprive.com\/en\/biens\/villa-melissa-comporta-portugal\/","og_site_name":"S\u00e9jour Priv\u00e9","og_image":[{"width":1200,"height":800,"url":"https:\/\/www.sejourprive.com\/wp-content\/uploads\/2026\/04\/1-109.jpg","type":"image\/jpeg"}],"twitter_card":"summary_large_image","twitter_misc":{"Estimated reading time":"1 minute"},"schema":{"@context":"https:\/\/schema.org","@graph":[{"@type":"WebPage","@id":"https:\/\/www.sejourprive.com\/biens\/villa-melissa-comporta-portugal\/","url":"https:\/\/www.sejourprive.com\/biens\/villa-melissa-comporta-portugal\/","name":"Villa Melissa, Comporta, Portugal - S\u00e9jour Priv\u00e9","isPartOf":{"@id":"https:\/\/www.sejourprive.com\/#website"},"primaryImageOfPage":{"@id":"https:\/\/www.sejourprive.com\/biens\/villa-melissa-comporta-portugal\/#primaryimage"},"image":{"@id":"https:\/\/www.sejourprive.com\/biens\/villa-melissa-comporta-portugal\/#primaryimage"},"thumbnailUrl":"https:\/\/www.sejourprive.com\/wp-content\/uploads\/2026\/04\/1-109.jpg","datePublished":"2026-04-21T10:10:32+00:00","description":"La Villa Melissa est une demeure atypique pour la r\u00e9gion de Comporta. S'\u00e9loignant du style habituel des cabanes, elle apporte une bouff\u00e9e d'air frais par","breadcrumb":{"@id":"https:\/\/www.sejourprive.com\/biens\/villa-melissa-comporta-portugal\/#breadcrumb"},"inLanguage":"en-GB","potentialAction":[{"@type":"ReadAction","target":["https:\/\/www.sejourprive.com\/biens\/villa-melissa-comporta-portugal\/"]}]},{"@type":"ImageObject","inLanguage":"en-GB","@id":"https:\/\/www.sejourprive.com\/biens\/villa-melissa-comporta-portugal\/#primaryimage","url":"https:\/\/www.sejourprive.com\/wp-content\/uploads\/2026\/04\/1-109.jpg","contentUrl":"https:\/\/www.sejourprive.com\/wp-content\/uploads\/2026\/04\/1-109.jpg","width":1200,"height":800},{"@type":"BreadcrumbList","@id":"https:\/\/www.sejourprive.com\/biens\/villa-melissa-comporta-portugal\/#breadcrumb","itemListElement":[{"@type":"ListItem","position":1,"name":"Accueil","item":"https:\/\/www.sejourprive.com\/"},{"@type":"ListItem","position":2,"name":"Shop","item":"https:\/\/www.sejourprive.com\/shop\/"},{"@type":"ListItem","position":3,"name":"Villa Melissa, Comporta, Portugal"}]},{"@type":"WebSite","@id":"https:\/\/www.sejourprive.com\/#website","url":"https:\/\/www.sejourprive.com\/","name":"Private Stay","description":"We design exceptional holidays for you.","publisher":{"@id":"https:\/\/www.sejourprive.com\/#organization"},"potentialAction":[{"@type":"SearchAction","target":{"@type":"EntryPoint","urlTemplate":"https:\/\/www.sejourprive.com\/?s={search_term_string}"},"query-input":{"@type":"PropertyValueSpecification","valueRequired":true,"valueName":"search_term_string"}}],"inLanguage":"en-GB"},{"@type":"Organization","@id":"https:\/\/www.sejourprive.com\/#organization","name":"Private Stay","url":"https:\/\/www.sejourprive.com\/","logo":{"@type":"ImageObject","inLanguage":"en-GB","@id":"https:\/\/www.sejourprive.com\/#\/schema\/logo\/image\/","url":"https:\/\/www.sejourprive.com\/wp-content\/uploads\/2026\/02\/SP-Apple-touch-144-couleur-1-2.png","contentUrl":"https:\/\/www.sejourprive.com\/wp-content\/uploads\/2026\/02\/SP-Apple-touch-144-couleur-1-2.png","width":145,"height":145,"caption":"S\u00e9jour Priv\u00e9"},"image":{"@id":"https:\/\/www.sejourprive.com\/#\/schema\/logo\/image\/"}}]}},"_links":{"self":[{"href":"https:\/\/www.sejourprive.com\/en\/wp-json\/wp\/v2\/product\/61139","targetHints":{"allow":["GET"]}}],"collection":[{"href":"https:\/\/www.sejourprive.com\/en\/wp-json\/wp\/v2\/product"}],"about":[{"href":"https:\/\/www.sejourprive.com\/en\/wp-json\/wp\/v2\/types\/product"}],"replies":[{"embeddable":true,"href":"https:\/\/www.sejourprive.com\/en\/wp-json\/wp\/v2\/comments?post=61139"}],"version-history":[{"count":3,"href":"https:\/\/www.sejourprive.com\/en\/wp-json\/wp\/v2\/product\/61139\/revisions"}],"predecessor-version":[{"id":61502,"href":"https:\/\/www.sejourprive.com\/en\/wp-json\/wp\/v2\/product\/61139\/revisions\/61502"}],"wp:featuredmedia":[{"embeddable":true,"href":"https:\/\/www.sejourprive.com\/en\/wp-json\/wp\/v2\/media\/61142"}],"wp:attachment":[{"href":"https:\/\/www.sejourprive.com\/en\/wp-json\/wp\/v2\/media?parent=61139"}],"wp:term":[{"taxonomy":"product_brand","embeddable":true,"href":"https:\/\/www.sejourprive.com\/en\/wp-json\/wp\/v2\/product_brand?post=61139"},{"taxonomy":"product_cat","embeddable":true,"href":"https:\/\/www.sejourprive.com\/en\/wp-json\/wp\/v2\/product_cat?post=61139"},{"taxonomy":"product_tag","embeddable":true,"href":"https:\/\/www.sejourprive.com\/en\/wp-json\/wp\/v2\/product_tag?post=61139"}],"curies":[{"name":"wp","href":"https:\/\/api.w.org\/{rel}","templated":true}]}}