{"id":59037,"date":"2026-04-14T17:03:05","date_gmt":"2026-04-14T15:03:05","guid":{"rendered":"https:\/\/www.sejourprive.com\/?post_type=product&#038;p=59037"},"modified":"2026-04-14T17:03:06","modified_gmt":"2026-04-14T15:03:06","slug":"villa-terrarossa-marseille-provence-france","status":"publish","type":"product","link":"https:\/\/www.sejourprive.com\/en\/biens\/villa-terrarossa-marseille-provence-france\/","title":{"rendered":"Villa Terrarossa, Marseille, Provence, France"},"content":{"rendered":"<p>Au c\u0153ur de Marseille, \u00e0 quelques pas seulement des beaut\u00e9s naturelles du littoral, la Villa Terrarossa vous invite \u00e0 d\u00e9couvrir un havre de paix d&#8217;inspiration m\u00e9diterran\u00e9enne. Derri\u00e8re son architecture \u00e9l\u00e9gante se cache un jardin luxuriant o\u00f9 la v\u00e9g\u00e9tation tropicale et les terrasses ensoleill\u00e9es offrent un cadre id\u00e9al pour la d\u00e9tente et la convivialit\u00e9.<span><div class=\"read-more-wrapper\"><a class=\"read-more-button\" data-target=\"read-more-69f088d364544\" data-more-text=\"Read more\" data-less-text=\"Read less\"><span class=\"read-more-text\">Read more<\/span><\/a><div id=\"read-more-69f088d364544\" class=\"read-more-content\"> <\/span><\/p>\n<p>Commencez votre journ\u00e9e par un petit-d\u00e9jeuner paisible \u00e0 la table en plein air, au c\u0153ur du cadre serein de la villa. Passez la matin\u00e9e \u00e0 vous pr\u00e9lasser sur une chaise longue ou \u00e0 profiter d\u2019un plongeon dans la piscine chauff\u00e9e, avant de vous d\u00e9tendre au sauna ou au hammam. L&#8217;apr\u00e8s-midi, profitez de la fra\u00eecheur et du confort de l&#8217;int\u00e9rieur de la villa : \u00e9coutez de la musique gr\u00e2ce \u00e0 la cha\u00eene hi-fi, plongez dans le jacuzzi ou d\u00e9tendez-vous simplement avec un bon livre dans cette atmosph\u00e8re sereine. \u00c0 la tomb\u00e9e de la nuit, r\u00e9unissez-vous sur la terrasse pour un ap\u00e9ritif, puis allumez le barbecue pour d\u00eener dans l&#8217;espace repas ext\u00e9rieur. Terminez la soir\u00e9e au coin du feu, en profitant pleinement de l&#8217;ambiance calme et luxueuse de la villa.<\/div><\/div><\/p>","protected":false},"excerpt":{"rendered":"<p>Au c\u0153ur de Marseille, \u00e0 quelques pas seulement des beaut\u00e9s naturelles du littoral, la Villa Terrarossa vous invite \u00e0 d\u00e9couvrir&#8230;<\/p>","protected":false},"featured_media":59081,"comment_status":"open","ping_status":"closed","template":"","meta":{"_acf_changed":false},"product_brand":[],"product_cat":[15],"product_tag":[],"class_list":{"0":"post-59037","1":"product","2":"type-product","3":"status-publish","4":"has-post-thumbnail","6":"product_cat-villa","7":"property_location-france","8":"property_location-provence","10":"first","11":"instock","12":"sold-individually","13":"shipping-taxable","14":"purchasable","15":"product-type-simple"},"acf":[],"yoast_head":"<!-- This site is optimized with the Yoast SEO plugin v26.6 - https:\/\/yoast.com\/wordpress\/plugins\/seo\/ -->\n<title>Villa Terrarossa, Marseille, Provence, France - S\u00e9jour Priv\u00e9<\/title>\n<meta name=\"description\" content=\"Au c\u0153ur de Marseille, \u00e0 quelques pas seulement des beaut\u00e9s naturelles du littoral, la Villa Terrarossa vous invite \u00e0 d\u00e9couvrir un havre de paix\" \/>\n<meta name=\"robots\" content=\"index, follow, max-snippet:-1, max-image-preview:large, max-video-preview:-1\" \/>\n<link rel=\"canonical\" href=\"https:\/\/www.sejourprive.com\/en\/biens\/villa-terrarossa-marseille-provence-france\/\" \/>\n<meta property=\"og:locale\" content=\"en_GB\" \/>\n<meta property=\"og:type\" content=\"article\" \/>\n<meta property=\"og:title\" content=\"Villa Terrarossa, Marseille, Provence, France - S\u00e9jour Priv\u00e9\" \/>\n<meta property=\"og:description\" content=\"Au c\u0153ur de Marseille, \u00e0 quelques pas seulement des beaut\u00e9s naturelles du littoral, la Villa Terrarossa vous invite \u00e0 d\u00e9couvrir un havre de paix\" \/>\n<meta property=\"og:url\" content=\"https:\/\/www.sejourprive.com\/en\/biens\/villa-terrarossa-marseille-provence-france\/\" \/>\n<meta property=\"og:site_name\" content=\"S\u00e9jour Priv\u00e9\" \/>\n<meta property=\"article:modified_time\" content=\"2026-04-14T15:03:06+00:00\" \/>\n<meta property=\"og:image\" content=\"https:\/\/www.sejourprive.com\/wp-content\/uploads\/2026\/04\/0-65.jpg\" \/>\n\t<meta property=\"og:image:width\" content=\"1200\" \/>\n\t<meta property=\"og:image:height\" content=\"800\" \/>\n\t<meta property=\"og:image:type\" content=\"image\/jpeg\" \/>\n<meta name=\"twitter:card\" content=\"summary_large_image\" \/>\n<meta name=\"twitter:label1\" content=\"Estimated reading time\" \/>\n\t<meta name=\"twitter:data1\" content=\"2 minutes\" \/>\n<script type=\"application\/ld+json\" class=\"yoast-schema-graph\">{\"@context\":\"https:\/\/schema.org\",\"@graph\":[{\"@type\":\"WebPage\",\"@id\":\"https:\/\/www.sejourprive.com\/biens\/villa-terrarossa-marseille-provence-france\/\",\"url\":\"https:\/\/www.sejourprive.com\/biens\/villa-terrarossa-marseille-provence-france\/\",\"name\":\"Villa Terrarossa, Marseille, Provence, France - S\u00e9jour Priv\u00e9\",\"isPartOf\":{\"@id\":\"https:\/\/www.sejourprive.com\/#website\"},\"primaryImageOfPage\":{\"@id\":\"https:\/\/www.sejourprive.com\/biens\/villa-terrarossa-marseille-provence-france\/#primaryimage\"},\"image\":{\"@id\":\"https:\/\/www.sejourprive.com\/biens\/villa-terrarossa-marseille-provence-france\/#primaryimage\"},\"thumbnailUrl\":\"https:\/\/www.sejourprive.com\/wp-content\/uploads\/2026\/04\/0-65.jpg\",\"datePublished\":\"2026-04-14T15:03:05+00:00\",\"dateModified\":\"2026-04-14T15:03:06+00:00\",\"description\":\"Au c\u0153ur de Marseille, \u00e0 quelques pas seulement des beaut\u00e9s naturelles du littoral, la Villa Terrarossa vous invite \u00e0 d\u00e9couvrir un havre de paix\",\"breadcrumb\":{\"@id\":\"https:\/\/www.sejourprive.com\/biens\/villa-terrarossa-marseille-provence-france\/#breadcrumb\"},\"inLanguage\":\"en-GB\",\"potentialAction\":[{\"@type\":\"ReadAction\",\"target\":[\"https:\/\/www.sejourprive.com\/biens\/villa-terrarossa-marseille-provence-france\/\"]}]},{\"@type\":\"ImageObject\",\"inLanguage\":\"en-GB\",\"@id\":\"https:\/\/www.sejourprive.com\/biens\/villa-terrarossa-marseille-provence-france\/#primaryimage\",\"url\":\"https:\/\/www.sejourprive.com\/wp-content\/uploads\/2026\/04\/0-65.jpg\",\"contentUrl\":\"https:\/\/www.sejourprive.com\/wp-content\/uploads\/2026\/04\/0-65.jpg\",\"width\":1200,\"height\":800},{\"@type\":\"BreadcrumbList\",\"@id\":\"https:\/\/www.sejourprive.com\/biens\/villa-terrarossa-marseille-provence-france\/#breadcrumb\",\"itemListElement\":[{\"@type\":\"ListItem\",\"position\":1,\"name\":\"Accueil\",\"item\":\"https:\/\/www.sejourprive.com\/\"},{\"@type\":\"ListItem\",\"position\":2,\"name\":\"Shop\",\"item\":\"https:\/\/www.sejourprive.com\/shop\/\"},{\"@type\":\"ListItem\",\"position\":3,\"name\":\"Villa Terrarossa, Marseille, Provence, France\"}]},{\"@type\":\"WebSite\",\"@id\":\"https:\/\/www.sejourprive.com\/#website\",\"url\":\"https:\/\/www.sejourprive.com\/\",\"name\":\"S\u00e9jour Priv\u00e9\",\"description\":\"Nous imaginons pour vous des s\u00e9jours d\u2019exception.\",\"publisher\":{\"@id\":\"https:\/\/www.sejourprive.com\/#organization\"},\"potentialAction\":[{\"@type\":\"SearchAction\",\"target\":{\"@type\":\"EntryPoint\",\"urlTemplate\":\"https:\/\/www.sejourprive.com\/?s={search_term_string}\"},\"query-input\":{\"@type\":\"PropertyValueSpecification\",\"valueRequired\":true,\"valueName\":\"search_term_string\"}}],\"inLanguage\":\"en-GB\"},{\"@type\":\"Organization\",\"@id\":\"https:\/\/www.sejourprive.com\/#organization\",\"name\":\"S\u00e9jour Priv\u00e9\",\"url\":\"https:\/\/www.sejourprive.com\/\",\"logo\":{\"@type\":\"ImageObject\",\"inLanguage\":\"en-GB\",\"@id\":\"https:\/\/www.sejourprive.com\/#\/schema\/logo\/image\/\",\"url\":\"https:\/\/www.sejourprive.com\/wp-content\/uploads\/2026\/02\/SP-Apple-touch-144-couleur-1-2.png\",\"contentUrl\":\"https:\/\/www.sejourprive.com\/wp-content\/uploads\/2026\/02\/SP-Apple-touch-144-couleur-1-2.png\",\"width\":145,\"height\":145,\"caption\":\"S\u00e9jour Priv\u00e9\"},\"image\":{\"@id\":\"https:\/\/www.sejourprive.com\/#\/schema\/logo\/image\/\"}}]}<\/script>\n<!-- \/ Yoast SEO plugin. -->","yoast_head_json":{"title":"Villa Terrarossa, Marseille, Provence, France - S\u00e9jour Priv\u00e9","description":"Au c\u0153ur de Marseille, \u00e0 quelques pas seulement des beaut\u00e9s naturelles du littoral, la Villa Terrarossa vous invite \u00e0 d\u00e9couvrir un havre de paix","robots":{"index":"index","follow":"follow","max-snippet":"max-snippet:-1","max-image-preview":"max-image-preview:large","max-video-preview":"max-video-preview:-1"},"canonical":"https:\/\/www.sejourprive.com\/en\/biens\/villa-terrarossa-marseille-provence-france\/","og_locale":"en_GB","og_type":"article","og_title":"Villa Terrarossa, Marseille, Provence, France - S\u00e9jour Priv\u00e9","og_description":"Au c\u0153ur de Marseille, \u00e0 quelques pas seulement des beaut\u00e9s naturelles du littoral, la Villa Terrarossa vous invite \u00e0 d\u00e9couvrir un havre de paix","og_url":"https:\/\/www.sejourprive.com\/en\/biens\/villa-terrarossa-marseille-provence-france\/","og_site_name":"S\u00e9jour Priv\u00e9","article_modified_time":"2026-04-14T15:03:06+00:00","og_image":[{"width":1200,"height":800,"url":"https:\/\/www.sejourprive.com\/wp-content\/uploads\/2026\/04\/0-65.jpg","type":"image\/jpeg"}],"twitter_card":"summary_large_image","twitter_misc":{"Estimated reading time":"2 minutes"},"schema":{"@context":"https:\/\/schema.org","@graph":[{"@type":"WebPage","@id":"https:\/\/www.sejourprive.com\/biens\/villa-terrarossa-marseille-provence-france\/","url":"https:\/\/www.sejourprive.com\/biens\/villa-terrarossa-marseille-provence-france\/","name":"Villa Terrarossa, Marseille, Provence, France - S\u00e9jour Priv\u00e9","isPartOf":{"@id":"https:\/\/www.sejourprive.com\/#website"},"primaryImageOfPage":{"@id":"https:\/\/www.sejourprive.com\/biens\/villa-terrarossa-marseille-provence-france\/#primaryimage"},"image":{"@id":"https:\/\/www.sejourprive.com\/biens\/villa-terrarossa-marseille-provence-france\/#primaryimage"},"thumbnailUrl":"https:\/\/www.sejourprive.com\/wp-content\/uploads\/2026\/04\/0-65.jpg","datePublished":"2026-04-14T15:03:05+00:00","dateModified":"2026-04-14T15:03:06+00:00","description":"Au c\u0153ur de Marseille, \u00e0 quelques pas seulement des beaut\u00e9s naturelles du littoral, la Villa Terrarossa vous invite \u00e0 d\u00e9couvrir un havre de paix","breadcrumb":{"@id":"https:\/\/www.sejourprive.com\/biens\/villa-terrarossa-marseille-provence-france\/#breadcrumb"},"inLanguage":"en-GB","potentialAction":[{"@type":"ReadAction","target":["https:\/\/www.sejourprive.com\/biens\/villa-terrarossa-marseille-provence-france\/"]}]},{"@type":"ImageObject","inLanguage":"en-GB","@id":"https:\/\/www.sejourprive.com\/biens\/villa-terrarossa-marseille-provence-france\/#primaryimage","url":"https:\/\/www.sejourprive.com\/wp-content\/uploads\/2026\/04\/0-65.jpg","contentUrl":"https:\/\/www.sejourprive.com\/wp-content\/uploads\/2026\/04\/0-65.jpg","width":1200,"height":800},{"@type":"BreadcrumbList","@id":"https:\/\/www.sejourprive.com\/biens\/villa-terrarossa-marseille-provence-france\/#breadcrumb","itemListElement":[{"@type":"ListItem","position":1,"name":"Accueil","item":"https:\/\/www.sejourprive.com\/"},{"@type":"ListItem","position":2,"name":"Shop","item":"https:\/\/www.sejourprive.com\/shop\/"},{"@type":"ListItem","position":3,"name":"Villa Terrarossa, Marseille, Provence, France"}]},{"@type":"WebSite","@id":"https:\/\/www.sejourprive.com\/#website","url":"https:\/\/www.sejourprive.com\/","name":"Private Stay","description":"We design exceptional holidays for you.","publisher":{"@id":"https:\/\/www.sejourprive.com\/#organization"},"potentialAction":[{"@type":"SearchAction","target":{"@type":"EntryPoint","urlTemplate":"https:\/\/www.sejourprive.com\/?s={search_term_string}"},"query-input":{"@type":"PropertyValueSpecification","valueRequired":true,"valueName":"search_term_string"}}],"inLanguage":"en-GB"},{"@type":"Organization","@id":"https:\/\/www.sejourprive.com\/#organization","name":"Private Stay","url":"https:\/\/www.sejourprive.com\/","logo":{"@type":"ImageObject","inLanguage":"en-GB","@id":"https:\/\/www.sejourprive.com\/#\/schema\/logo\/image\/","url":"https:\/\/www.sejourprive.com\/wp-content\/uploads\/2026\/02\/SP-Apple-touch-144-couleur-1-2.png","contentUrl":"https:\/\/www.sejourprive.com\/wp-content\/uploads\/2026\/02\/SP-Apple-touch-144-couleur-1-2.png","width":145,"height":145,"caption":"S\u00e9jour Priv\u00e9"},"image":{"@id":"https:\/\/www.sejourprive.com\/#\/schema\/logo\/image\/"}}]}},"_links":{"self":[{"href":"https:\/\/www.sejourprive.com\/en\/wp-json\/wp\/v2\/product\/59037","targetHints":{"allow":["GET"]}}],"collection":[{"href":"https:\/\/www.sejourprive.com\/en\/wp-json\/wp\/v2\/product"}],"about":[{"href":"https:\/\/www.sejourprive.com\/en\/wp-json\/wp\/v2\/types\/product"}],"replies":[{"embeddable":true,"href":"https:\/\/www.sejourprive.com\/en\/wp-json\/wp\/v2\/comments?post=59037"}],"version-history":[{"count":2,"href":"https:\/\/www.sejourprive.com\/en\/wp-json\/wp\/v2\/product\/59037\/revisions"}],"predecessor-version":[{"id":59040,"href":"https:\/\/www.sejourprive.com\/en\/wp-json\/wp\/v2\/product\/59037\/revisions\/59040"}],"wp:featuredmedia":[{"embeddable":true,"href":"https:\/\/www.sejourprive.com\/en\/wp-json\/wp\/v2\/media\/59081"}],"wp:attachment":[{"href":"https:\/\/www.sejourprive.com\/en\/wp-json\/wp\/v2\/media?parent=59037"}],"wp:term":[{"taxonomy":"product_brand","embeddable":true,"href":"https:\/\/www.sejourprive.com\/en\/wp-json\/wp\/v2\/product_brand?post=59037"},{"taxonomy":"product_cat","embeddable":true,"href":"https:\/\/www.sejourprive.com\/en\/wp-json\/wp\/v2\/product_cat?post=59037"},{"taxonomy":"product_tag","embeddable":true,"href":"https:\/\/www.sejourprive.com\/en\/wp-json\/wp\/v2\/product_tag?post=59037"}],"curies":[{"name":"wp","href":"https:\/\/api.w.org\/{rel}","templated":true}]}}