{"id":58147,"date":"2026-04-13T14:17:19","date_gmt":"2026-04-13T12:17:19","guid":{"rendered":"https:\/\/www.sejourprive.com\/?post_type=product&#038;p=58147"},"modified":"2026-04-13T14:22:27","modified_gmt":"2026-04-13T12:22:27","slug":"domaine-estello-chateaurenard-provence-france","status":"publish","type":"product","link":"https:\/\/www.sejourprive.com\/en\/biens\/domaine-estello-chateaurenard-provence-france\/","title":{"rendered":"Domaine Estello, Ch\u00e2teaurenard, Provence, France"},"content":{"rendered":"<p>Non loin de Saint-R\u00e9my-de-Provence, le Domaine Estello est un havre de paix o\u00f9 chaque d\u00e9tail invite \u00e0 ralentir le rythme. Nich\u00e9 au c\u0153ur de jardins luxuriants, il allie \u00e9l\u00e9gance et s\u00e9r\u00e9nit\u00e9. Dans le Jardin de la M\u00e9ditation, sous les bambous qui se balancent, des carpes ko\u00ef glissent \u00e0 la surface de l&#8217;eau.<span><div class=\"read-more-wrapper\"><a class=\"read-more-button\" data-target=\"read-more-69edf36054d82\" data-more-text=\"Read more\" data-less-text=\"Read less\"><span class=\"read-more-text\">Read more<\/span><\/a><div id=\"read-more-69edf36054d82\" class=\"read-more-content\"> <\/span><\/p>\n<p>Commencez la journ\u00e9e par une s\u00e9ance de sport revigorante, avant de vous d\u00e9tendre au spa. L&#8217;apr\u00e8s-midi, essayez-vous au jeu de fl\u00e9chettes ou laissez les enfants s&#8217;amuser dans la salle de jeux color\u00e9e. Alors que le ciel s&#8217;embrase au coucher du soleil, le feu de camp cr\u00e9pite, les conversations s&#8217;animent et la nuit s&#8217;installe doucement.<\/div><\/div><\/p>","protected":false},"excerpt":{"rendered":"<p>Non loin de Saint-R\u00e9my-de-Provence, le Domaine Estello est un havre de paix o\u00f9 chaque d\u00e9tail invite \u00e0 ralentir le rythme&#8230;.<\/p>","protected":false},"featured_media":58276,"comment_status":"open","ping_status":"closed","template":"","meta":{"_acf_changed":false},"product_brand":[],"product_cat":[15],"product_tag":[],"class_list":{"0":"post-58147","1":"product","2":"type-product","3":"status-publish","4":"has-post-thumbnail","6":"product_cat-villa","7":"property_location-france","8":"property_location-provence","10":"first","11":"instock","12":"sold-individually","13":"shipping-taxable","14":"purchasable","15":"product-type-simple"},"acf":[],"yoast_head":"<!-- This site is optimized with the Yoast SEO plugin v26.6 - https:\/\/yoast.com\/wordpress\/plugins\/seo\/ -->\n<title>Domaine Estello, Ch\u00e2teaurenard, Provence, France - S\u00e9jour Priv\u00e9<\/title>\n<meta name=\"description\" content=\"Non loin de Saint-R\u00e9my-de-Provence, le Domaine Estello est un havre de paix o\u00f9 chaque d\u00e9tail invite \u00e0 ralentir le rythme. Nich\u00e9 au c\u0153ur de jardins\" \/>\n<meta name=\"robots\" content=\"index, follow, max-snippet:-1, max-image-preview:large, max-video-preview:-1\" \/>\n<link rel=\"canonical\" href=\"https:\/\/www.sejourprive.com\/en\/biens\/domaine-estello-chateaurenard-provence-france\/\" \/>\n<meta property=\"og:locale\" content=\"en_GB\" \/>\n<meta property=\"og:type\" content=\"article\" \/>\n<meta property=\"og:title\" content=\"Domaine Estello, Ch\u00e2teaurenard, Provence, France - S\u00e9jour Priv\u00e9\" \/>\n<meta property=\"og:description\" content=\"Non loin de Saint-R\u00e9my-de-Provence, le Domaine Estello est un havre de paix o\u00f9 chaque d\u00e9tail invite \u00e0 ralentir le rythme. Nich\u00e9 au c\u0153ur de jardins\" \/>\n<meta property=\"og:url\" content=\"https:\/\/www.sejourprive.com\/en\/biens\/domaine-estello-chateaurenard-provence-france\/\" \/>\n<meta property=\"og:site_name\" content=\"S\u00e9jour Priv\u00e9\" \/>\n<meta property=\"article:modified_time\" content=\"2026-04-13T12:22:27+00:00\" \/>\n<meta property=\"og:image\" content=\"https:\/\/www.sejourprive.com\/wp-content\/uploads\/2026\/04\/0-51.jpg\" \/>\n\t<meta property=\"og:image:width\" content=\"1200\" \/>\n\t<meta property=\"og:image:height\" content=\"675\" \/>\n\t<meta property=\"og:image:type\" content=\"image\/jpeg\" \/>\n<meta name=\"twitter:card\" content=\"summary_large_image\" \/>\n<meta name=\"twitter:label1\" content=\"Estimated reading time\" \/>\n\t<meta name=\"twitter:data1\" content=\"1 minute\" \/>\n<script type=\"application\/ld+json\" class=\"yoast-schema-graph\">{\"@context\":\"https:\/\/schema.org\",\"@graph\":[{\"@type\":\"WebPage\",\"@id\":\"https:\/\/www.sejourprive.com\/biens\/domaine-estello-chateaurenard-provence-france\/\",\"url\":\"https:\/\/www.sejourprive.com\/biens\/domaine-estello-chateaurenard-provence-france\/\",\"name\":\"Domaine Estello, Ch\u00e2teaurenard, Provence, France - S\u00e9jour Priv\u00e9\",\"isPartOf\":{\"@id\":\"https:\/\/www.sejourprive.com\/#website\"},\"primaryImageOfPage\":{\"@id\":\"https:\/\/www.sejourprive.com\/biens\/domaine-estello-chateaurenard-provence-france\/#primaryimage\"},\"image\":{\"@id\":\"https:\/\/www.sejourprive.com\/biens\/domaine-estello-chateaurenard-provence-france\/#primaryimage\"},\"thumbnailUrl\":\"https:\/\/www.sejourprive.com\/wp-content\/uploads\/2026\/04\/0-51.jpg\",\"datePublished\":\"2026-04-13T12:17:19+00:00\",\"dateModified\":\"2026-04-13T12:22:27+00:00\",\"description\":\"Non loin de Saint-R\u00e9my-de-Provence, le Domaine Estello est un havre de paix o\u00f9 chaque d\u00e9tail invite \u00e0 ralentir le rythme. Nich\u00e9 au c\u0153ur de jardins\",\"breadcrumb\":{\"@id\":\"https:\/\/www.sejourprive.com\/biens\/domaine-estello-chateaurenard-provence-france\/#breadcrumb\"},\"inLanguage\":\"en-GB\",\"potentialAction\":[{\"@type\":\"ReadAction\",\"target\":[\"https:\/\/www.sejourprive.com\/biens\/domaine-estello-chateaurenard-provence-france\/\"]}]},{\"@type\":\"ImageObject\",\"inLanguage\":\"en-GB\",\"@id\":\"https:\/\/www.sejourprive.com\/biens\/domaine-estello-chateaurenard-provence-france\/#primaryimage\",\"url\":\"https:\/\/www.sejourprive.com\/wp-content\/uploads\/2026\/04\/0-51.jpg\",\"contentUrl\":\"https:\/\/www.sejourprive.com\/wp-content\/uploads\/2026\/04\/0-51.jpg\",\"width\":1200,\"height\":675},{\"@type\":\"BreadcrumbList\",\"@id\":\"https:\/\/www.sejourprive.com\/biens\/domaine-estello-chateaurenard-provence-france\/#breadcrumb\",\"itemListElement\":[{\"@type\":\"ListItem\",\"position\":1,\"name\":\"Accueil\",\"item\":\"https:\/\/www.sejourprive.com\/\"},{\"@type\":\"ListItem\",\"position\":2,\"name\":\"Shop\",\"item\":\"https:\/\/www.sejourprive.com\/shop\/\"},{\"@type\":\"ListItem\",\"position\":3,\"name\":\"Domaine Estello, Ch\u00e2teaurenard, Provence, France\"}]},{\"@type\":\"WebSite\",\"@id\":\"https:\/\/www.sejourprive.com\/#website\",\"url\":\"https:\/\/www.sejourprive.com\/\",\"name\":\"S\u00e9jour Priv\u00e9\",\"description\":\"Nous imaginons pour vous des s\u00e9jours d\u2019exception.\",\"publisher\":{\"@id\":\"https:\/\/www.sejourprive.com\/#organization\"},\"potentialAction\":[{\"@type\":\"SearchAction\",\"target\":{\"@type\":\"EntryPoint\",\"urlTemplate\":\"https:\/\/www.sejourprive.com\/?s={search_term_string}\"},\"query-input\":{\"@type\":\"PropertyValueSpecification\",\"valueRequired\":true,\"valueName\":\"search_term_string\"}}],\"inLanguage\":\"en-GB\"},{\"@type\":\"Organization\",\"@id\":\"https:\/\/www.sejourprive.com\/#organization\",\"name\":\"S\u00e9jour Priv\u00e9\",\"url\":\"https:\/\/www.sejourprive.com\/\",\"logo\":{\"@type\":\"ImageObject\",\"inLanguage\":\"en-GB\",\"@id\":\"https:\/\/www.sejourprive.com\/#\/schema\/logo\/image\/\",\"url\":\"https:\/\/www.sejourprive.com\/wp-content\/uploads\/2026\/02\/SP-Apple-touch-144-couleur-1-2.png\",\"contentUrl\":\"https:\/\/www.sejourprive.com\/wp-content\/uploads\/2026\/02\/SP-Apple-touch-144-couleur-1-2.png\",\"width\":145,\"height\":145,\"caption\":\"S\u00e9jour Priv\u00e9\"},\"image\":{\"@id\":\"https:\/\/www.sejourprive.com\/#\/schema\/logo\/image\/\"}}]}<\/script>\n<!-- \/ Yoast SEO plugin. -->","yoast_head_json":{"title":"Domaine Estello, Ch\u00e2teaurenard, Provence, France - S\u00e9jour Priv\u00e9","description":"Non loin de Saint-R\u00e9my-de-Provence, le Domaine Estello est un havre de paix o\u00f9 chaque d\u00e9tail invite \u00e0 ralentir le rythme. Nich\u00e9 au c\u0153ur de jardins","robots":{"index":"index","follow":"follow","max-snippet":"max-snippet:-1","max-image-preview":"max-image-preview:large","max-video-preview":"max-video-preview:-1"},"canonical":"https:\/\/www.sejourprive.com\/en\/biens\/domaine-estello-chateaurenard-provence-france\/","og_locale":"en_GB","og_type":"article","og_title":"Domaine Estello, Ch\u00e2teaurenard, Provence, France - S\u00e9jour Priv\u00e9","og_description":"Non loin de Saint-R\u00e9my-de-Provence, le Domaine Estello est un havre de paix o\u00f9 chaque d\u00e9tail invite \u00e0 ralentir le rythme. Nich\u00e9 au c\u0153ur de jardins","og_url":"https:\/\/www.sejourprive.com\/en\/biens\/domaine-estello-chateaurenard-provence-france\/","og_site_name":"S\u00e9jour Priv\u00e9","article_modified_time":"2026-04-13T12:22:27+00:00","og_image":[{"width":1200,"height":675,"url":"https:\/\/www.sejourprive.com\/wp-content\/uploads\/2026\/04\/0-51.jpg","type":"image\/jpeg"}],"twitter_card":"summary_large_image","twitter_misc":{"Estimated reading time":"1 minute"},"schema":{"@context":"https:\/\/schema.org","@graph":[{"@type":"WebPage","@id":"https:\/\/www.sejourprive.com\/biens\/domaine-estello-chateaurenard-provence-france\/","url":"https:\/\/www.sejourprive.com\/biens\/domaine-estello-chateaurenard-provence-france\/","name":"Domaine Estello, Ch\u00e2teaurenard, Provence, France - S\u00e9jour Priv\u00e9","isPartOf":{"@id":"https:\/\/www.sejourprive.com\/#website"},"primaryImageOfPage":{"@id":"https:\/\/www.sejourprive.com\/biens\/domaine-estello-chateaurenard-provence-france\/#primaryimage"},"image":{"@id":"https:\/\/www.sejourprive.com\/biens\/domaine-estello-chateaurenard-provence-france\/#primaryimage"},"thumbnailUrl":"https:\/\/www.sejourprive.com\/wp-content\/uploads\/2026\/04\/0-51.jpg","datePublished":"2026-04-13T12:17:19+00:00","dateModified":"2026-04-13T12:22:27+00:00","description":"Non loin de Saint-R\u00e9my-de-Provence, le Domaine Estello est un havre de paix o\u00f9 chaque d\u00e9tail invite \u00e0 ralentir le rythme. Nich\u00e9 au c\u0153ur de jardins","breadcrumb":{"@id":"https:\/\/www.sejourprive.com\/biens\/domaine-estello-chateaurenard-provence-france\/#breadcrumb"},"inLanguage":"en-GB","potentialAction":[{"@type":"ReadAction","target":["https:\/\/www.sejourprive.com\/biens\/domaine-estello-chateaurenard-provence-france\/"]}]},{"@type":"ImageObject","inLanguage":"en-GB","@id":"https:\/\/www.sejourprive.com\/biens\/domaine-estello-chateaurenard-provence-france\/#primaryimage","url":"https:\/\/www.sejourprive.com\/wp-content\/uploads\/2026\/04\/0-51.jpg","contentUrl":"https:\/\/www.sejourprive.com\/wp-content\/uploads\/2026\/04\/0-51.jpg","width":1200,"height":675},{"@type":"BreadcrumbList","@id":"https:\/\/www.sejourprive.com\/biens\/domaine-estello-chateaurenard-provence-france\/#breadcrumb","itemListElement":[{"@type":"ListItem","position":1,"name":"Accueil","item":"https:\/\/www.sejourprive.com\/"},{"@type":"ListItem","position":2,"name":"Shop","item":"https:\/\/www.sejourprive.com\/shop\/"},{"@type":"ListItem","position":3,"name":"Domaine Estello, Ch\u00e2teaurenard, Provence, France"}]},{"@type":"WebSite","@id":"https:\/\/www.sejourprive.com\/#website","url":"https:\/\/www.sejourprive.com\/","name":"Private Stay","description":"We design exceptional holidays for you.","publisher":{"@id":"https:\/\/www.sejourprive.com\/#organization"},"potentialAction":[{"@type":"SearchAction","target":{"@type":"EntryPoint","urlTemplate":"https:\/\/www.sejourprive.com\/?s={search_term_string}"},"query-input":{"@type":"PropertyValueSpecification","valueRequired":true,"valueName":"search_term_string"}}],"inLanguage":"en-GB"},{"@type":"Organization","@id":"https:\/\/www.sejourprive.com\/#organization","name":"Private Stay","url":"https:\/\/www.sejourprive.com\/","logo":{"@type":"ImageObject","inLanguage":"en-GB","@id":"https:\/\/www.sejourprive.com\/#\/schema\/logo\/image\/","url":"https:\/\/www.sejourprive.com\/wp-content\/uploads\/2026\/02\/SP-Apple-touch-144-couleur-1-2.png","contentUrl":"https:\/\/www.sejourprive.com\/wp-content\/uploads\/2026\/02\/SP-Apple-touch-144-couleur-1-2.png","width":145,"height":145,"caption":"S\u00e9jour Priv\u00e9"},"image":{"@id":"https:\/\/www.sejourprive.com\/#\/schema\/logo\/image\/"}}]}},"_links":{"self":[{"href":"https:\/\/www.sejourprive.com\/en\/wp-json\/wp\/v2\/product\/58147","targetHints":{"allow":["GET"]}}],"collection":[{"href":"https:\/\/www.sejourprive.com\/en\/wp-json\/wp\/v2\/product"}],"about":[{"href":"https:\/\/www.sejourprive.com\/en\/wp-json\/wp\/v2\/types\/product"}],"replies":[{"embeddable":true,"href":"https:\/\/www.sejourprive.com\/en\/wp-json\/wp\/v2\/comments?post=58147"}],"version-history":[{"count":2,"href":"https:\/\/www.sejourprive.com\/en\/wp-json\/wp\/v2\/product\/58147\/revisions"}],"predecessor-version":[{"id":58660,"href":"https:\/\/www.sejourprive.com\/en\/wp-json\/wp\/v2\/product\/58147\/revisions\/58660"}],"wp:featuredmedia":[{"embeddable":true,"href":"https:\/\/www.sejourprive.com\/en\/wp-json\/wp\/v2\/media\/58276"}],"wp:attachment":[{"href":"https:\/\/www.sejourprive.com\/en\/wp-json\/wp\/v2\/media?parent=58147"}],"wp:term":[{"taxonomy":"product_brand","embeddable":true,"href":"https:\/\/www.sejourprive.com\/en\/wp-json\/wp\/v2\/product_brand?post=58147"},{"taxonomy":"product_cat","embeddable":true,"href":"https:\/\/www.sejourprive.com\/en\/wp-json\/wp\/v2\/product_cat?post=58147"},{"taxonomy":"product_tag","embeddable":true,"href":"https:\/\/www.sejourprive.com\/en\/wp-json\/wp\/v2\/product_tag?post=58147"}],"curies":[{"name":"wp","href":"https:\/\/api.w.org\/{rel}","templated":true}]}}