{"id":57687,"date":"2026-04-10T10:35:32","date_gmt":"2026-04-10T08:35:32","guid":{"rendered":"https:\/\/www.sejourprive.com\/?post_type=product&#038;p=57687"},"modified":"2026-04-10T10:35:33","modified_gmt":"2026-04-10T08:35:33","slug":"mas-flavia-goult-provence-france","status":"publish","type":"product","link":"https:\/\/www.sejourprive.com\/en\/biens\/mas-flavia-goult-provence-france\/","title":{"rendered":"Mas Flavia, Goult, Provence, France"},"content":{"rendered":"<p>Ce mas est un mas proven\u00e7al classique, dont la silhouette noble se d\u00e9tache sur l&#8217;\u00e9tendue infinie de vert et de bleu de l&#8217;horizon : portail en fer forg\u00e9, fontaine s\u00e9culaire, fa\u00e7ade en pierre et tuiles ocres resplendissant sous le soleil du sud. \u00c0 l&#8217;int\u00e9rieur, les murs ont leur propre histoire \u00e0 raconter. La m\u00eame pierre blanche qui encadre les portes et les fen\u00eatres \u00e0 volets se retrouve \u00e9galement dans les imposantes chemin\u00e9es anciennes.<span><div class=\"read-more-wrapper\"><a class=\"read-more-button\" data-target=\"read-more-69e752e1bec36\" data-more-text=\"Read more\" data-less-text=\"Read less\"><span class=\"read-more-text\">Read more<\/span><\/a><div id=\"read-more-69e752e1bec36\" class=\"read-more-content\"> <\/span><\/p>\n<p>Les poutres en bois et le carrelage traditionnel en cabochons renforcent le sentiment d&#8217;histoire et d&#8217;authenticit\u00e9. Le concept d&#8217;am\u00e9nagement est un savant m\u00e9lange d&#8217;ancien et de moderne : dans le salon, des tableaux de ma\u00eetres et des ic\u00f4nes religieuses c\u00f4toient un mobilier contemporain et des accessoires tendance ; dans la cuisine, le buffet \u00e0 l&#8217;ancienne et la vaisselle en cuivre contrastent avec des chaises et des abat-jours au style industriel chic ; et dans la salle de billard, le canap\u00e9 en cuir vintage et le bar en bois s&#8217;accordent avec des tabourets design et des photographies modernes saisissantes. Les chambres pr\u00e9sentent la m\u00eame combinaison astucieuse d&#8217;authenticit\u00e9 et de modernit\u00e9, avec des meubles en bois et en m\u00e9tal aux couleurs claires et aux motifs graphiques.<\/p>\n<p>Levez-vous de bonne heure pour profiter pleinement de la fra\u00eecheur matinale et faites une partie de tennis sur le court priv\u00e9 du Ch\u00e2teau Flavia. Plus tard, piquez une t\u00eate dans la piscine ou d\u00e9tendez-vous dans l\u2019une des chaises suspendues du jardin. Et bien s\u00fbr, vous pouvez toujours d\u00e9couvrir les vins du domaine dans la magnifique cave \u00e0 vin traditionnelle. Le soir, installez-vous dans un fauteuil du cin\u00e9ma priv\u00e9 pour regarder un film classique : des \u00e9toiles au plafond, des \u00e9toiles \u00e0 l&#8217;\u00e9cran. Il y a \u00e9galement beaucoup \u00e0 voir et \u00e0 faire dans les environs : commencez par une petite promenade jusqu&#8217;\u00e0 la Chapelle Saint-V\u00e9ran, une ruine romantique datant du Xe si\u00e8cle. Sur les collines au-dessus de Goult, le moulin de J\u00e9rusalem est un \u00e9l\u00e9ment typique du paysage proven\u00e7al. \u00c0 Lacoste, quant \u00e0 lui, le ch\u00e2teau qui fut autrefois la demeure du marquis de Sade peut encore vous donner des frissons. En juillet, le Festival de Lacoste fait r\u00e9sonner ces vieilles pierres majestueuses au son du th\u00e9\u00e2tre, de la danse et de l\u2019op\u00e9ra.<\/div><\/div><\/p>","protected":false},"excerpt":{"rendered":"<p>Ce mas est un mas proven\u00e7al classique, dont la silhouette noble se d\u00e9tache sur l&#8217;\u00e9tendue infinie de vert et de&#8230;<\/p>","protected":false},"featured_media":57730,"comment_status":"open","ping_status":"closed","template":"","meta":{"_acf_changed":false},"product_brand":[],"product_cat":[15],"product_tag":[],"class_list":{"0":"post-57687","1":"product","2":"type-product","3":"status-publish","4":"has-post-thumbnail","6":"product_cat-villa","7":"property_location-france","8":"property_location-provence","10":"first","11":"instock","12":"sold-individually","13":"shipping-taxable","14":"purchasable","15":"product-type-simple"},"acf":[],"yoast_head":"<!-- This site is optimized with the Yoast SEO plugin v26.6 - https:\/\/yoast.com\/wordpress\/plugins\/seo\/ -->\n<title>Mas Flavia, Goult, Provence, France - S\u00e9jour Priv\u00e9<\/title>\n<meta name=\"description\" content=\"Ce mas est un mas proven\u00e7al classique, dont la silhouette noble se d\u00e9tache sur l&#039;\u00e9tendue infinie de vert et de bleu de l&#039;horizon : portail en fer forg\u00e9,\" \/>\n<meta name=\"robots\" content=\"index, follow, max-snippet:-1, max-image-preview:large, max-video-preview:-1\" \/>\n<link rel=\"canonical\" href=\"https:\/\/www.sejourprive.com\/en\/biens\/mas-flavia-goult-provence-france\/\" \/>\n<meta property=\"og:locale\" content=\"en_GB\" \/>\n<meta property=\"og:type\" content=\"article\" \/>\n<meta property=\"og:title\" content=\"Mas Flavia, Goult, Provence, France - S\u00e9jour Priv\u00e9\" \/>\n<meta property=\"og:description\" content=\"Ce mas est un mas proven\u00e7al classique, dont la silhouette noble se d\u00e9tache sur l&#039;\u00e9tendue infinie de vert et de bleu de l&#039;horizon : portail en fer forg\u00e9,\" \/>\n<meta property=\"og:url\" content=\"https:\/\/www.sejourprive.com\/en\/biens\/mas-flavia-goult-provence-france\/\" \/>\n<meta property=\"og:site_name\" content=\"S\u00e9jour Priv\u00e9\" \/>\n<meta property=\"article:modified_time\" content=\"2026-04-10T08:35:33+00:00\" \/>\n<meta property=\"og:image\" content=\"https:\/\/www.sejourprive.com\/wp-content\/uploads\/2026\/04\/0-42.jpg\" \/>\n\t<meta property=\"og:image:width\" content=\"1200\" \/>\n\t<meta property=\"og:image:height\" content=\"798\" \/>\n\t<meta property=\"og:image:type\" content=\"image\/jpeg\" \/>\n<meta name=\"twitter:card\" content=\"summary_large_image\" \/>\n<meta name=\"twitter:label1\" content=\"Estimated reading time\" \/>\n\t<meta name=\"twitter:data1\" content=\"3 minutes\" \/>\n<script type=\"application\/ld+json\" class=\"yoast-schema-graph\">{\"@context\":\"https:\/\/schema.org\",\"@graph\":[{\"@type\":\"WebPage\",\"@id\":\"https:\/\/www.sejourprive.com\/biens\/mas-flavia-goult-provence-france\/\",\"url\":\"https:\/\/www.sejourprive.com\/biens\/mas-flavia-goult-provence-france\/\",\"name\":\"Mas Flavia, Goult, Provence, France - S\u00e9jour Priv\u00e9\",\"isPartOf\":{\"@id\":\"https:\/\/www.sejourprive.com\/#website\"},\"primaryImageOfPage\":{\"@id\":\"https:\/\/www.sejourprive.com\/biens\/mas-flavia-goult-provence-france\/#primaryimage\"},\"image\":{\"@id\":\"https:\/\/www.sejourprive.com\/biens\/mas-flavia-goult-provence-france\/#primaryimage\"},\"thumbnailUrl\":\"https:\/\/www.sejourprive.com\/wp-content\/uploads\/2026\/04\/0-42.jpg\",\"datePublished\":\"2026-04-10T08:35:32+00:00\",\"dateModified\":\"2026-04-10T08:35:33+00:00\",\"description\":\"Ce mas est un mas proven\u00e7al classique, dont la silhouette noble se d\u00e9tache sur l'\u00e9tendue infinie de vert et de bleu de l'horizon : portail en fer forg\u00e9,\",\"breadcrumb\":{\"@id\":\"https:\/\/www.sejourprive.com\/biens\/mas-flavia-goult-provence-france\/#breadcrumb\"},\"inLanguage\":\"en-GB\",\"potentialAction\":[{\"@type\":\"ReadAction\",\"target\":[\"https:\/\/www.sejourprive.com\/biens\/mas-flavia-goult-provence-france\/\"]}]},{\"@type\":\"ImageObject\",\"inLanguage\":\"en-GB\",\"@id\":\"https:\/\/www.sejourprive.com\/biens\/mas-flavia-goult-provence-france\/#primaryimage\",\"url\":\"https:\/\/www.sejourprive.com\/wp-content\/uploads\/2026\/04\/0-42.jpg\",\"contentUrl\":\"https:\/\/www.sejourprive.com\/wp-content\/uploads\/2026\/04\/0-42.jpg\",\"width\":1200,\"height\":798},{\"@type\":\"BreadcrumbList\",\"@id\":\"https:\/\/www.sejourprive.com\/biens\/mas-flavia-goult-provence-france\/#breadcrumb\",\"itemListElement\":[{\"@type\":\"ListItem\",\"position\":1,\"name\":\"Accueil\",\"item\":\"https:\/\/www.sejourprive.com\/\"},{\"@type\":\"ListItem\",\"position\":2,\"name\":\"Shop\",\"item\":\"https:\/\/www.sejourprive.com\/shop\/\"},{\"@type\":\"ListItem\",\"position\":3,\"name\":\"Mas Flavia, Goult, Provence, France\"}]},{\"@type\":\"WebSite\",\"@id\":\"https:\/\/www.sejourprive.com\/#website\",\"url\":\"https:\/\/www.sejourprive.com\/\",\"name\":\"S\u00e9jour Priv\u00e9\",\"description\":\"Nous imaginons pour vous des s\u00e9jours d\u2019exception.\",\"publisher\":{\"@id\":\"https:\/\/www.sejourprive.com\/#organization\"},\"potentialAction\":[{\"@type\":\"SearchAction\",\"target\":{\"@type\":\"EntryPoint\",\"urlTemplate\":\"https:\/\/www.sejourprive.com\/?s={search_term_string}\"},\"query-input\":{\"@type\":\"PropertyValueSpecification\",\"valueRequired\":true,\"valueName\":\"search_term_string\"}}],\"inLanguage\":\"en-GB\"},{\"@type\":\"Organization\",\"@id\":\"https:\/\/www.sejourprive.com\/#organization\",\"name\":\"S\u00e9jour Priv\u00e9\",\"url\":\"https:\/\/www.sejourprive.com\/\",\"logo\":{\"@type\":\"ImageObject\",\"inLanguage\":\"en-GB\",\"@id\":\"https:\/\/www.sejourprive.com\/#\/schema\/logo\/image\/\",\"url\":\"https:\/\/www.sejourprive.com\/wp-content\/uploads\/2026\/02\/SP-Apple-touch-144-couleur-1-2.png\",\"contentUrl\":\"https:\/\/www.sejourprive.com\/wp-content\/uploads\/2026\/02\/SP-Apple-touch-144-couleur-1-2.png\",\"width\":145,\"height\":145,\"caption\":\"S\u00e9jour Priv\u00e9\"},\"image\":{\"@id\":\"https:\/\/www.sejourprive.com\/#\/schema\/logo\/image\/\"}}]}<\/script>\n<!-- \/ Yoast SEO plugin. -->","yoast_head_json":{"title":"Mas Flavia, Goult, Provence, France - S\u00e9jour Priv\u00e9","description":"Ce mas est un mas proven\u00e7al classique, dont la silhouette noble se d\u00e9tache sur l'\u00e9tendue infinie de vert et de bleu de l'horizon : portail en fer forg\u00e9,","robots":{"index":"index","follow":"follow","max-snippet":"max-snippet:-1","max-image-preview":"max-image-preview:large","max-video-preview":"max-video-preview:-1"},"canonical":"https:\/\/www.sejourprive.com\/en\/biens\/mas-flavia-goult-provence-france\/","og_locale":"en_GB","og_type":"article","og_title":"Mas Flavia, Goult, Provence, France - S\u00e9jour Priv\u00e9","og_description":"Ce mas est un mas proven\u00e7al classique, dont la silhouette noble se d\u00e9tache sur l'\u00e9tendue infinie de vert et de bleu de l'horizon : portail en fer forg\u00e9,","og_url":"https:\/\/www.sejourprive.com\/en\/biens\/mas-flavia-goult-provence-france\/","og_site_name":"S\u00e9jour Priv\u00e9","article_modified_time":"2026-04-10T08:35:33+00:00","og_image":[{"width":1200,"height":798,"url":"https:\/\/www.sejourprive.com\/wp-content\/uploads\/2026\/04\/0-42.jpg","type":"image\/jpeg"}],"twitter_card":"summary_large_image","twitter_misc":{"Estimated reading time":"3 minutes"},"schema":{"@context":"https:\/\/schema.org","@graph":[{"@type":"WebPage","@id":"https:\/\/www.sejourprive.com\/biens\/mas-flavia-goult-provence-france\/","url":"https:\/\/www.sejourprive.com\/biens\/mas-flavia-goult-provence-france\/","name":"Mas Flavia, Goult, Provence, France - S\u00e9jour Priv\u00e9","isPartOf":{"@id":"https:\/\/www.sejourprive.com\/#website"},"primaryImageOfPage":{"@id":"https:\/\/www.sejourprive.com\/biens\/mas-flavia-goult-provence-france\/#primaryimage"},"image":{"@id":"https:\/\/www.sejourprive.com\/biens\/mas-flavia-goult-provence-france\/#primaryimage"},"thumbnailUrl":"https:\/\/www.sejourprive.com\/wp-content\/uploads\/2026\/04\/0-42.jpg","datePublished":"2026-04-10T08:35:32+00:00","dateModified":"2026-04-10T08:35:33+00:00","description":"Ce mas est un mas proven\u00e7al classique, dont la silhouette noble se d\u00e9tache sur l'\u00e9tendue infinie de vert et de bleu de l'horizon : portail en fer forg\u00e9,","breadcrumb":{"@id":"https:\/\/www.sejourprive.com\/biens\/mas-flavia-goult-provence-france\/#breadcrumb"},"inLanguage":"en-GB","potentialAction":[{"@type":"ReadAction","target":["https:\/\/www.sejourprive.com\/biens\/mas-flavia-goult-provence-france\/"]}]},{"@type":"ImageObject","inLanguage":"en-GB","@id":"https:\/\/www.sejourprive.com\/biens\/mas-flavia-goult-provence-france\/#primaryimage","url":"https:\/\/www.sejourprive.com\/wp-content\/uploads\/2026\/04\/0-42.jpg","contentUrl":"https:\/\/www.sejourprive.com\/wp-content\/uploads\/2026\/04\/0-42.jpg","width":1200,"height":798},{"@type":"BreadcrumbList","@id":"https:\/\/www.sejourprive.com\/biens\/mas-flavia-goult-provence-france\/#breadcrumb","itemListElement":[{"@type":"ListItem","position":1,"name":"Accueil","item":"https:\/\/www.sejourprive.com\/"},{"@type":"ListItem","position":2,"name":"Shop","item":"https:\/\/www.sejourprive.com\/shop\/"},{"@type":"ListItem","position":3,"name":"Mas Flavia, Goult, Provence, France"}]},{"@type":"WebSite","@id":"https:\/\/www.sejourprive.com\/#website","url":"https:\/\/www.sejourprive.com\/","name":"Private Stay","description":"We design exceptional holidays for you.","publisher":{"@id":"https:\/\/www.sejourprive.com\/#organization"},"potentialAction":[{"@type":"SearchAction","target":{"@type":"EntryPoint","urlTemplate":"https:\/\/www.sejourprive.com\/?s={search_term_string}"},"query-input":{"@type":"PropertyValueSpecification","valueRequired":true,"valueName":"search_term_string"}}],"inLanguage":"en-GB"},{"@type":"Organization","@id":"https:\/\/www.sejourprive.com\/#organization","name":"Private Stay","url":"https:\/\/www.sejourprive.com\/","logo":{"@type":"ImageObject","inLanguage":"en-GB","@id":"https:\/\/www.sejourprive.com\/#\/schema\/logo\/image\/","url":"https:\/\/www.sejourprive.com\/wp-content\/uploads\/2026\/02\/SP-Apple-touch-144-couleur-1-2.png","contentUrl":"https:\/\/www.sejourprive.com\/wp-content\/uploads\/2026\/02\/SP-Apple-touch-144-couleur-1-2.png","width":145,"height":145,"caption":"S\u00e9jour Priv\u00e9"},"image":{"@id":"https:\/\/www.sejourprive.com\/#\/schema\/logo\/image\/"}}]}},"_links":{"self":[{"href":"https:\/\/www.sejourprive.com\/en\/wp-json\/wp\/v2\/product\/57687","targetHints":{"allow":["GET"]}}],"collection":[{"href":"https:\/\/www.sejourprive.com\/en\/wp-json\/wp\/v2\/product"}],"about":[{"href":"https:\/\/www.sejourprive.com\/en\/wp-json\/wp\/v2\/types\/product"}],"replies":[{"embeddable":true,"href":"https:\/\/www.sejourprive.com\/en\/wp-json\/wp\/v2\/comments?post=57687"}],"version-history":[{"count":0,"href":"https:\/\/www.sejourprive.com\/en\/wp-json\/wp\/v2\/product\/57687\/revisions"}],"wp:featuredmedia":[{"embeddable":true,"href":"https:\/\/www.sejourprive.com\/en\/wp-json\/wp\/v2\/media\/57730"}],"wp:attachment":[{"href":"https:\/\/www.sejourprive.com\/en\/wp-json\/wp\/v2\/media?parent=57687"}],"wp:term":[{"taxonomy":"product_brand","embeddable":true,"href":"https:\/\/www.sejourprive.com\/en\/wp-json\/wp\/v2\/product_brand?post=57687"},{"taxonomy":"product_cat","embeddable":true,"href":"https:\/\/www.sejourprive.com\/en\/wp-json\/wp\/v2\/product_cat?post=57687"},{"taxonomy":"product_tag","embeddable":true,"href":"https:\/\/www.sejourprive.com\/en\/wp-json\/wp\/v2\/product_tag?post=57687"}],"curies":[{"name":"wp","href":"https:\/\/api.w.org\/{rel}","templated":true}]}}