{"id":57303,"date":"2026-04-08T17:07:18","date_gmt":"2026-04-08T15:07:18","guid":{"rendered":"https:\/\/www.sejourprive.com\/?post_type=product&#038;p=57303"},"modified":"2026-04-08T17:07:18","modified_gmt":"2026-04-08T15:07:18","slug":"mas-chanteclerc-maussane-les-alpilles-provence-france","status":"publish","type":"product","link":"https:\/\/www.sejourprive.com\/en\/biens\/mas-chanteclerc-maussane-les-alpilles-provence-france\/","title":{"rendered":"Mas Chanteclerc, Maussane-les-Alpilles, Provence, France"},"content":{"rendered":"<p>Nestling in the picturesque setting of Maussane-les-Alpilles, Mas Chanteclerc is a Provencal haven of peace surrounded by rolling fields. With its traditional stone walls, exposed beams and large picture windows, it harmoniously combines traditional architecture with modern elegance.<span><div class=\"read-more-wrapper\"><a class=\"read-more-button\" data-target=\"read-more-69f8646b59660\" data-more-text=\"Read more\" data-less-text=\"Read less\"><span class=\"read-more-text\">Read more<\/span><\/a><div id=\"read-more-69f8646b59660\" class=\"read-more-content\"> <\/span><\/p>\n<p>Savourez votre caf\u00e9 du matin au Mas Chanteclerc tout en admirant la vue sereine sur la campagne fran\u00e7aise, au milieu d&#8217;une mer de verdure. Passez la matin\u00e9e \u00e0 vous pr\u00e9lasser au bord de la piscine ext\u00e9rieure, puis l&#8217;apr\u00e8s-midi \u00e0 perfectionner votre swing sur le parcours de golf voisin. Puis, alors que le soleil commence \u00e0 danser sur les contours du paysage, retournez au Mas Chanteclerc pour un d\u00eener barbecue, afin de partager les aventures de la journ\u00e9e avec vos proches.<\/div><\/div> <\/p>","protected":false},"excerpt":{"rendered":"<p>Nich\u00e9 dans le cadre pittoresque de Maussane-les-Alpilles, le Mas Chanteclerc est un havre de paix proven\u00e7al entour\u00e9 de champs vallonn\u00e9s&#8230;.<\/p>","protected":false},"featured_media":57336,"comment_status":"open","ping_status":"closed","template":"","meta":{"_acf_changed":false},"product_brand":[],"product_cat":[15],"product_tag":[],"class_list":{"0":"post-57303","1":"product","2":"type-product","3":"status-publish","4":"has-post-thumbnail","6":"product_cat-villa","7":"property_location-france","8":"property_location-provence","10":"first","11":"instock","12":"sold-individually","13":"shipping-taxable","14":"purchasable","15":"product-type-simple"},"acf":[],"yoast_head":"<!-- This site is optimized with the Yoast SEO plugin v26.6 - https:\/\/yoast.com\/wordpress\/plugins\/seo\/ -->\n<title>Mas Chanteclerc, Maussane-les-Alpilles, Provence, France - S\u00e9jour Priv\u00e9<\/title>\n<meta name=\"description\" content=\"Nich\u00e9 dans le cadre pittoresque de Maussane-les-Alpilles, le Mas Chanteclerc est un havre de paix proven\u00e7al entour\u00e9 de champs vallonn\u00e9s. Avec ses murs en\" \/>\n<meta name=\"robots\" content=\"index, follow, max-snippet:-1, max-image-preview:large, max-video-preview:-1\" \/>\n<link rel=\"canonical\" href=\"https:\/\/www.sejourprive.com\/en\/biens\/mas-chanteclerc-maussane-les-alpilles-provence-france\/\" \/>\n<meta property=\"og:locale\" content=\"en_GB\" \/>\n<meta property=\"og:type\" content=\"article\" \/>\n<meta property=\"og:title\" content=\"Mas Chanteclerc, Maussane-les-Alpilles, Provence, France - S\u00e9jour Priv\u00e9\" \/>\n<meta property=\"og:description\" content=\"Nich\u00e9 dans le cadre pittoresque de Maussane-les-Alpilles, le Mas Chanteclerc est un havre de paix proven\u00e7al entour\u00e9 de champs vallonn\u00e9s. Avec ses murs en\" \/>\n<meta property=\"og:url\" content=\"https:\/\/www.sejourprive.com\/en\/biens\/mas-chanteclerc-maussane-les-alpilles-provence-france\/\" \/>\n<meta property=\"og:site_name\" content=\"S\u00e9jour Priv\u00e9\" \/>\n<meta property=\"og:image\" content=\"https:\/\/www.sejourprive.com\/wp-content\/uploads\/2026\/04\/0-34.jpg\" \/>\n\t<meta property=\"og:image:width\" content=\"1200\" \/>\n\t<meta property=\"og:image:height\" content=\"675\" \/>\n\t<meta property=\"og:image:type\" content=\"image\/jpeg\" \/>\n<meta name=\"twitter:card\" content=\"summary_large_image\" \/>\n<meta name=\"twitter:label1\" content=\"Estimated reading time\" \/>\n\t<meta name=\"twitter:data1\" content=\"1 minute\" \/>\n<script type=\"application\/ld+json\" class=\"yoast-schema-graph\">{\"@context\":\"https:\/\/schema.org\",\"@graph\":[{\"@type\":\"WebPage\",\"@id\":\"https:\/\/www.sejourprive.com\/biens\/mas-chanteclerc-maussane-les-alpilles-provence-france\/\",\"url\":\"https:\/\/www.sejourprive.com\/biens\/mas-chanteclerc-maussane-les-alpilles-provence-france\/\",\"name\":\"Mas Chanteclerc, Maussane-les-Alpilles, Provence, France - S\u00e9jour Priv\u00e9\",\"isPartOf\":{\"@id\":\"https:\/\/www.sejourprive.com\/#website\"},\"primaryImageOfPage\":{\"@id\":\"https:\/\/www.sejourprive.com\/biens\/mas-chanteclerc-maussane-les-alpilles-provence-france\/#primaryimage\"},\"image\":{\"@id\":\"https:\/\/www.sejourprive.com\/biens\/mas-chanteclerc-maussane-les-alpilles-provence-france\/#primaryimage\"},\"thumbnailUrl\":\"https:\/\/www.sejourprive.com\/wp-content\/uploads\/2026\/04\/0-34.jpg\",\"datePublished\":\"2026-04-08T15:07:18+00:00\",\"description\":\"Nich\u00e9 dans le cadre pittoresque de Maussane-les-Alpilles, le Mas Chanteclerc est un havre de paix proven\u00e7al entour\u00e9 de champs vallonn\u00e9s. Avec ses murs en\",\"breadcrumb\":{\"@id\":\"https:\/\/www.sejourprive.com\/biens\/mas-chanteclerc-maussane-les-alpilles-provence-france\/#breadcrumb\"},\"inLanguage\":\"en-GB\",\"potentialAction\":[{\"@type\":\"ReadAction\",\"target\":[\"https:\/\/www.sejourprive.com\/biens\/mas-chanteclerc-maussane-les-alpilles-provence-france\/\"]}]},{\"@type\":\"ImageObject\",\"inLanguage\":\"en-GB\",\"@id\":\"https:\/\/www.sejourprive.com\/biens\/mas-chanteclerc-maussane-les-alpilles-provence-france\/#primaryimage\",\"url\":\"https:\/\/www.sejourprive.com\/wp-content\/uploads\/2026\/04\/0-34.jpg\",\"contentUrl\":\"https:\/\/www.sejourprive.com\/wp-content\/uploads\/2026\/04\/0-34.jpg\",\"width\":1200,\"height\":675},{\"@type\":\"BreadcrumbList\",\"@id\":\"https:\/\/www.sejourprive.com\/biens\/mas-chanteclerc-maussane-les-alpilles-provence-france\/#breadcrumb\",\"itemListElement\":[{\"@type\":\"ListItem\",\"position\":1,\"name\":\"Accueil\",\"item\":\"https:\/\/www.sejourprive.com\/\"},{\"@type\":\"ListItem\",\"position\":2,\"name\":\"Shop\",\"item\":\"https:\/\/www.sejourprive.com\/shop\/\"},{\"@type\":\"ListItem\",\"position\":3,\"name\":\"Mas Chanteclerc, Maussane-les-Alpilles, Provence, France\"}]},{\"@type\":\"WebSite\",\"@id\":\"https:\/\/www.sejourprive.com\/#website\",\"url\":\"https:\/\/www.sejourprive.com\/\",\"name\":\"S\u00e9jour Priv\u00e9\",\"description\":\"Nous imaginons pour vous des s\u00e9jours d\u2019exception.\",\"publisher\":{\"@id\":\"https:\/\/www.sejourprive.com\/#organization\"},\"potentialAction\":[{\"@type\":\"SearchAction\",\"target\":{\"@type\":\"EntryPoint\",\"urlTemplate\":\"https:\/\/www.sejourprive.com\/?s={search_term_string}\"},\"query-input\":{\"@type\":\"PropertyValueSpecification\",\"valueRequired\":true,\"valueName\":\"search_term_string\"}}],\"inLanguage\":\"en-GB\"},{\"@type\":\"Organization\",\"@id\":\"https:\/\/www.sejourprive.com\/#organization\",\"name\":\"S\u00e9jour Priv\u00e9\",\"url\":\"https:\/\/www.sejourprive.com\/\",\"logo\":{\"@type\":\"ImageObject\",\"inLanguage\":\"en-GB\",\"@id\":\"https:\/\/www.sejourprive.com\/#\/schema\/logo\/image\/\",\"url\":\"https:\/\/www.sejourprive.com\/wp-content\/uploads\/2026\/02\/SP-Apple-touch-144-couleur-1-2.png\",\"contentUrl\":\"https:\/\/www.sejourprive.com\/wp-content\/uploads\/2026\/02\/SP-Apple-touch-144-couleur-1-2.png\",\"width\":145,\"height\":145,\"caption\":\"S\u00e9jour Priv\u00e9\"},\"image\":{\"@id\":\"https:\/\/www.sejourprive.com\/#\/schema\/logo\/image\/\"}}]}<\/script>\n<!-- \/ Yoast SEO plugin. -->","yoast_head_json":{"title":"Mas Chanteclerc, Maussane-les-Alpilles, Provence, France - S\u00e9jour Priv\u00e9","description":"Nich\u00e9 dans le cadre pittoresque de Maussane-les-Alpilles, le Mas Chanteclerc est un havre de paix proven\u00e7al entour\u00e9 de champs vallonn\u00e9s. Avec ses murs en","robots":{"index":"index","follow":"follow","max-snippet":"max-snippet:-1","max-image-preview":"max-image-preview:large","max-video-preview":"max-video-preview:-1"},"canonical":"https:\/\/www.sejourprive.com\/en\/biens\/mas-chanteclerc-maussane-les-alpilles-provence-france\/","og_locale":"en_GB","og_type":"article","og_title":"Mas Chanteclerc, Maussane-les-Alpilles, Provence, France - S\u00e9jour Priv\u00e9","og_description":"Nich\u00e9 dans le cadre pittoresque de Maussane-les-Alpilles, le Mas Chanteclerc est un havre de paix proven\u00e7al entour\u00e9 de champs vallonn\u00e9s. Avec ses murs en","og_url":"https:\/\/www.sejourprive.com\/en\/biens\/mas-chanteclerc-maussane-les-alpilles-provence-france\/","og_site_name":"S\u00e9jour Priv\u00e9","og_image":[{"width":1200,"height":675,"url":"https:\/\/www.sejourprive.com\/wp-content\/uploads\/2026\/04\/0-34.jpg","type":"image\/jpeg"}],"twitter_card":"summary_large_image","twitter_misc":{"Estimated reading time":"1 minute"},"schema":{"@context":"https:\/\/schema.org","@graph":[{"@type":"WebPage","@id":"https:\/\/www.sejourprive.com\/biens\/mas-chanteclerc-maussane-les-alpilles-provence-france\/","url":"https:\/\/www.sejourprive.com\/biens\/mas-chanteclerc-maussane-les-alpilles-provence-france\/","name":"Mas Chanteclerc, Maussane-les-Alpilles, Provence, France - S\u00e9jour Priv\u00e9","isPartOf":{"@id":"https:\/\/www.sejourprive.com\/#website"},"primaryImageOfPage":{"@id":"https:\/\/www.sejourprive.com\/biens\/mas-chanteclerc-maussane-les-alpilles-provence-france\/#primaryimage"},"image":{"@id":"https:\/\/www.sejourprive.com\/biens\/mas-chanteclerc-maussane-les-alpilles-provence-france\/#primaryimage"},"thumbnailUrl":"https:\/\/www.sejourprive.com\/wp-content\/uploads\/2026\/04\/0-34.jpg","datePublished":"2026-04-08T15:07:18+00:00","description":"Nich\u00e9 dans le cadre pittoresque de Maussane-les-Alpilles, le Mas Chanteclerc est un havre de paix proven\u00e7al entour\u00e9 de champs vallonn\u00e9s. Avec ses murs en","breadcrumb":{"@id":"https:\/\/www.sejourprive.com\/biens\/mas-chanteclerc-maussane-les-alpilles-provence-france\/#breadcrumb"},"inLanguage":"en-GB","potentialAction":[{"@type":"ReadAction","target":["https:\/\/www.sejourprive.com\/biens\/mas-chanteclerc-maussane-les-alpilles-provence-france\/"]}]},{"@type":"ImageObject","inLanguage":"en-GB","@id":"https:\/\/www.sejourprive.com\/biens\/mas-chanteclerc-maussane-les-alpilles-provence-france\/#primaryimage","url":"https:\/\/www.sejourprive.com\/wp-content\/uploads\/2026\/04\/0-34.jpg","contentUrl":"https:\/\/www.sejourprive.com\/wp-content\/uploads\/2026\/04\/0-34.jpg","width":1200,"height":675},{"@type":"BreadcrumbList","@id":"https:\/\/www.sejourprive.com\/biens\/mas-chanteclerc-maussane-les-alpilles-provence-france\/#breadcrumb","itemListElement":[{"@type":"ListItem","position":1,"name":"Accueil","item":"https:\/\/www.sejourprive.com\/"},{"@type":"ListItem","position":2,"name":"Shop","item":"https:\/\/www.sejourprive.com\/shop\/"},{"@type":"ListItem","position":3,"name":"Mas Chanteclerc, Maussane-les-Alpilles, Provence, France"}]},{"@type":"WebSite","@id":"https:\/\/www.sejourprive.com\/#website","url":"https:\/\/www.sejourprive.com\/","name":"Private Stay","description":"We design exceptional holidays for you.","publisher":{"@id":"https:\/\/www.sejourprive.com\/#organization"},"potentialAction":[{"@type":"SearchAction","target":{"@type":"EntryPoint","urlTemplate":"https:\/\/www.sejourprive.com\/?s={search_term_string}"},"query-input":{"@type":"PropertyValueSpecification","valueRequired":true,"valueName":"search_term_string"}}],"inLanguage":"en-GB"},{"@type":"Organization","@id":"https:\/\/www.sejourprive.com\/#organization","name":"Private Stay","url":"https:\/\/www.sejourprive.com\/","logo":{"@type":"ImageObject","inLanguage":"en-GB","@id":"https:\/\/www.sejourprive.com\/#\/schema\/logo\/image\/","url":"https:\/\/www.sejourprive.com\/wp-content\/uploads\/2026\/02\/SP-Apple-touch-144-couleur-1-2.png","contentUrl":"https:\/\/www.sejourprive.com\/wp-content\/uploads\/2026\/02\/SP-Apple-touch-144-couleur-1-2.png","width":145,"height":145,"caption":"S\u00e9jour Priv\u00e9"},"image":{"@id":"https:\/\/www.sejourprive.com\/#\/schema\/logo\/image\/"}}]}},"_links":{"self":[{"href":"https:\/\/www.sejourprive.com\/en\/wp-json\/wp\/v2\/product\/57303","targetHints":{"allow":["GET"]}}],"collection":[{"href":"https:\/\/www.sejourprive.com\/en\/wp-json\/wp\/v2\/product"}],"about":[{"href":"https:\/\/www.sejourprive.com\/en\/wp-json\/wp\/v2\/types\/product"}],"replies":[{"embeddable":true,"href":"https:\/\/www.sejourprive.com\/en\/wp-json\/wp\/v2\/comments?post=57303"}],"version-history":[{"count":0,"href":"https:\/\/www.sejourprive.com\/en\/wp-json\/wp\/v2\/product\/57303\/revisions"}],"wp:featuredmedia":[{"embeddable":true,"href":"https:\/\/www.sejourprive.com\/en\/wp-json\/wp\/v2\/media\/57336"}],"wp:attachment":[{"href":"https:\/\/www.sejourprive.com\/en\/wp-json\/wp\/v2\/media?parent=57303"}],"wp:term":[{"taxonomy":"product_brand","embeddable":true,"href":"https:\/\/www.sejourprive.com\/en\/wp-json\/wp\/v2\/product_brand?post=57303"},{"taxonomy":"product_cat","embeddable":true,"href":"https:\/\/www.sejourprive.com\/en\/wp-json\/wp\/v2\/product_cat?post=57303"},{"taxonomy":"product_tag","embeddable":true,"href":"https:\/\/www.sejourprive.com\/en\/wp-json\/wp\/v2\/product_tag?post=57303"}],"curies":[{"name":"wp","href":"https:\/\/api.w.org\/{rel}","templated":true}]}}