{"id":57149,"date":"2026-04-08T16:58:47","date_gmt":"2026-04-08T14:58:47","guid":{"rendered":"https:\/\/www.sejourprive.com\/?post_type=product&#038;p=57149"},"modified":"2026-04-08T16:58:47","modified_gmt":"2026-04-08T14:58:47","slug":"domaine-de-provence-mas-blanc-des-alpilles-provence-france","status":"publish","type":"product","link":"https:\/\/www.sejourprive.com\/en\/biens\/domaine-de-provence-mas-blanc-des-alpilles-provence-france\/","title":{"rendered":"Domaine de Provence, Mas-Blanc-des-Alpilles, Provence, France"},"content":{"rendered":"<p>Bienvenue au Domaine de Provence, un v\u00e9ritable \u00e9crin de charme proven\u00e7al et de luxe. Nich\u00e9e dans le cadre luxuriant de Saint-R\u00e9my-de-Provence, la villa incarne tout le charme de la vie \u00e0 la campagne fran\u00e7aise, avec son d\u00e9cor rustique rehauss\u00e9 d\u2019une touche ludique apport\u00e9e par des touches de couleurs vives, des motifs et des \u0153uvres d\u2019art.<span><div class=\"read-more-wrapper\"><a class=\"read-more-button\" data-target=\"read-more-69f8646b53d22\" data-more-text=\"Read more\" data-less-text=\"Read less\"><span class=\"read-more-text\">Read more<\/span><\/a><div id=\"read-more-69f8646b53d22\" class=\"read-more-content\"> <\/span><\/p>\n<p>R\u00e9veillez-vous et savourez un caf\u00e9 en plein air, au c\u0153ur d\u2019une nature sereine, entre le lac et le vignoble tout proches. Profitez ensuite d&#8217;une baignade tranquille dans la piscine chauff\u00e9e, puis d\u00e9fiez vos proches lors d&#8217;un match amical sur le court de tennis ou le terrain de p\u00e9tanque. \u00c0 la tomb\u00e9e de la nuit, installez-vous dehors et d\u00e9gustez du pop-corn tout en regardant vos films pr\u00e9f\u00e9r\u00e9s sur grand \u00e9cran, sous les \u00e9toiles. Un s\u00e9jour au Domaine de Provence est bien plus qu&#8217;une simple vacance ; c&#8217;est une \u00e9vasion vers le rythme tranquille de la vie proven\u00e7ale.<\/div><\/div><\/p>","protected":false},"excerpt":{"rendered":"<p>Bienvenue au Domaine de Provence, un v\u00e9ritable \u00e9crin de charme proven\u00e7al et de luxe. Nich\u00e9e dans le cadre luxuriant de&#8230;<\/p>","protected":false},"featured_media":57151,"comment_status":"open","ping_status":"closed","template":"","meta":{"_acf_changed":false},"product_brand":[],"product_cat":[15],"product_tag":[],"class_list":{"0":"post-57149","1":"product","2":"type-product","3":"status-publish","4":"has-post-thumbnail","6":"product_cat-villa","7":"property_location-france","8":"property_location-provence","10":"first","11":"instock","12":"sold-individually","13":"shipping-taxable","14":"purchasable","15":"product-type-simple"},"acf":[],"yoast_head":"<!-- This site is optimized with the Yoast SEO plugin v26.6 - https:\/\/yoast.com\/wordpress\/plugins\/seo\/ -->\n<title>Domaine de Provence, Mas-Blanc-des-Alpilles, Provence, France - S\u00e9jour Priv\u00e9<\/title>\n<meta name=\"description\" content=\"Bienvenue au Domaine de Provence, un v\u00e9ritable \u00e9crin de charme proven\u00e7al et de luxe. Nich\u00e9e dans le cadre luxuriant de Saint-R\u00e9my-de-Provence, la villa\" \/>\n<meta name=\"robots\" content=\"index, follow, max-snippet:-1, max-image-preview:large, max-video-preview:-1\" \/>\n<link rel=\"canonical\" href=\"https:\/\/www.sejourprive.com\/en\/biens\/domaine-de-provence-mas-blanc-des-alpilles-provence-france\/\" \/>\n<meta property=\"og:locale\" content=\"en_GB\" \/>\n<meta property=\"og:type\" content=\"article\" \/>\n<meta property=\"og:title\" content=\"Domaine de Provence, Mas-Blanc-des-Alpilles, Provence, France - S\u00e9jour Priv\u00e9\" \/>\n<meta property=\"og:description\" content=\"Bienvenue au Domaine de Provence, un v\u00e9ritable \u00e9crin de charme proven\u00e7al et de luxe. Nich\u00e9e dans le cadre luxuriant de Saint-R\u00e9my-de-Provence, la villa\" \/>\n<meta property=\"og:url\" content=\"https:\/\/www.sejourprive.com\/en\/biens\/domaine-de-provence-mas-blanc-des-alpilles-provence-france\/\" \/>\n<meta property=\"og:site_name\" content=\"S\u00e9jour Priv\u00e9\" \/>\n<meta property=\"og:image\" content=\"https:\/\/www.sejourprive.com\/wp-content\/uploads\/2026\/04\/0-30.jpg\" \/>\n\t<meta property=\"og:image:width\" content=\"1200\" \/>\n\t<meta property=\"og:image:height\" content=\"800\" \/>\n\t<meta property=\"og:image:type\" content=\"image\/jpeg\" \/>\n<meta name=\"twitter:card\" content=\"summary_large_image\" \/>\n<meta name=\"twitter:label1\" content=\"Estimated reading time\" \/>\n\t<meta name=\"twitter:data1\" content=\"1 minute\" \/>\n<script type=\"application\/ld+json\" class=\"yoast-schema-graph\">{\"@context\":\"https:\/\/schema.org\",\"@graph\":[{\"@type\":\"WebPage\",\"@id\":\"https:\/\/www.sejourprive.com\/biens\/domaine-de-provence-mas-blanc-des-alpilles-provence-france\/\",\"url\":\"https:\/\/www.sejourprive.com\/biens\/domaine-de-provence-mas-blanc-des-alpilles-provence-france\/\",\"name\":\"Domaine de Provence, Mas-Blanc-des-Alpilles, Provence, France - S\u00e9jour Priv\u00e9\",\"isPartOf\":{\"@id\":\"https:\/\/www.sejourprive.com\/#website\"},\"primaryImageOfPage\":{\"@id\":\"https:\/\/www.sejourprive.com\/biens\/domaine-de-provence-mas-blanc-des-alpilles-provence-france\/#primaryimage\"},\"image\":{\"@id\":\"https:\/\/www.sejourprive.com\/biens\/domaine-de-provence-mas-blanc-des-alpilles-provence-france\/#primaryimage\"},\"thumbnailUrl\":\"https:\/\/www.sejourprive.com\/wp-content\/uploads\/2026\/04\/0-30.jpg\",\"datePublished\":\"2026-04-08T14:58:47+00:00\",\"description\":\"Bienvenue au Domaine de Provence, un v\u00e9ritable \u00e9crin de charme proven\u00e7al et de luxe. Nich\u00e9e dans le cadre luxuriant de Saint-R\u00e9my-de-Provence, la villa\",\"breadcrumb\":{\"@id\":\"https:\/\/www.sejourprive.com\/biens\/domaine-de-provence-mas-blanc-des-alpilles-provence-france\/#breadcrumb\"},\"inLanguage\":\"en-GB\",\"potentialAction\":[{\"@type\":\"ReadAction\",\"target\":[\"https:\/\/www.sejourprive.com\/biens\/domaine-de-provence-mas-blanc-des-alpilles-provence-france\/\"]}]},{\"@type\":\"ImageObject\",\"inLanguage\":\"en-GB\",\"@id\":\"https:\/\/www.sejourprive.com\/biens\/domaine-de-provence-mas-blanc-des-alpilles-provence-france\/#primaryimage\",\"url\":\"https:\/\/www.sejourprive.com\/wp-content\/uploads\/2026\/04\/0-30.jpg\",\"contentUrl\":\"https:\/\/www.sejourprive.com\/wp-content\/uploads\/2026\/04\/0-30.jpg\",\"width\":1200,\"height\":800},{\"@type\":\"BreadcrumbList\",\"@id\":\"https:\/\/www.sejourprive.com\/biens\/domaine-de-provence-mas-blanc-des-alpilles-provence-france\/#breadcrumb\",\"itemListElement\":[{\"@type\":\"ListItem\",\"position\":1,\"name\":\"Accueil\",\"item\":\"https:\/\/www.sejourprive.com\/\"},{\"@type\":\"ListItem\",\"position\":2,\"name\":\"Shop\",\"item\":\"https:\/\/www.sejourprive.com\/shop\/\"},{\"@type\":\"ListItem\",\"position\":3,\"name\":\"Domaine de Provence, Mas-Blanc-des-Alpilles, Provence, France\"}]},{\"@type\":\"WebSite\",\"@id\":\"https:\/\/www.sejourprive.com\/#website\",\"url\":\"https:\/\/www.sejourprive.com\/\",\"name\":\"S\u00e9jour Priv\u00e9\",\"description\":\"Nous imaginons pour vous des s\u00e9jours d\u2019exception.\",\"publisher\":{\"@id\":\"https:\/\/www.sejourprive.com\/#organization\"},\"potentialAction\":[{\"@type\":\"SearchAction\",\"target\":{\"@type\":\"EntryPoint\",\"urlTemplate\":\"https:\/\/www.sejourprive.com\/?s={search_term_string}\"},\"query-input\":{\"@type\":\"PropertyValueSpecification\",\"valueRequired\":true,\"valueName\":\"search_term_string\"}}],\"inLanguage\":\"en-GB\"},{\"@type\":\"Organization\",\"@id\":\"https:\/\/www.sejourprive.com\/#organization\",\"name\":\"S\u00e9jour Priv\u00e9\",\"url\":\"https:\/\/www.sejourprive.com\/\",\"logo\":{\"@type\":\"ImageObject\",\"inLanguage\":\"en-GB\",\"@id\":\"https:\/\/www.sejourprive.com\/#\/schema\/logo\/image\/\",\"url\":\"https:\/\/www.sejourprive.com\/wp-content\/uploads\/2026\/02\/SP-Apple-touch-144-couleur-1-2.png\",\"contentUrl\":\"https:\/\/www.sejourprive.com\/wp-content\/uploads\/2026\/02\/SP-Apple-touch-144-couleur-1-2.png\",\"width\":145,\"height\":145,\"caption\":\"S\u00e9jour Priv\u00e9\"},\"image\":{\"@id\":\"https:\/\/www.sejourprive.com\/#\/schema\/logo\/image\/\"}}]}<\/script>\n<!-- \/ Yoast SEO plugin. -->","yoast_head_json":{"title":"Domaine de Provence, Mas-Blanc-des-Alpilles, Provence, France - S\u00e9jour Priv\u00e9","description":"Bienvenue au Domaine de Provence, un v\u00e9ritable \u00e9crin de charme proven\u00e7al et de luxe. Nich\u00e9e dans le cadre luxuriant de Saint-R\u00e9my-de-Provence, la villa","robots":{"index":"index","follow":"follow","max-snippet":"max-snippet:-1","max-image-preview":"max-image-preview:large","max-video-preview":"max-video-preview:-1"},"canonical":"https:\/\/www.sejourprive.com\/en\/biens\/domaine-de-provence-mas-blanc-des-alpilles-provence-france\/","og_locale":"en_GB","og_type":"article","og_title":"Domaine de Provence, Mas-Blanc-des-Alpilles, Provence, France - S\u00e9jour Priv\u00e9","og_description":"Bienvenue au Domaine de Provence, un v\u00e9ritable \u00e9crin de charme proven\u00e7al et de luxe. Nich\u00e9e dans le cadre luxuriant de Saint-R\u00e9my-de-Provence, la villa","og_url":"https:\/\/www.sejourprive.com\/en\/biens\/domaine-de-provence-mas-blanc-des-alpilles-provence-france\/","og_site_name":"S\u00e9jour Priv\u00e9","og_image":[{"width":1200,"height":800,"url":"https:\/\/www.sejourprive.com\/wp-content\/uploads\/2026\/04\/0-30.jpg","type":"image\/jpeg"}],"twitter_card":"summary_large_image","twitter_misc":{"Estimated reading time":"1 minute"},"schema":{"@context":"https:\/\/schema.org","@graph":[{"@type":"WebPage","@id":"https:\/\/www.sejourprive.com\/biens\/domaine-de-provence-mas-blanc-des-alpilles-provence-france\/","url":"https:\/\/www.sejourprive.com\/biens\/domaine-de-provence-mas-blanc-des-alpilles-provence-france\/","name":"Domaine de Provence, Mas-Blanc-des-Alpilles, Provence, France - S\u00e9jour Priv\u00e9","isPartOf":{"@id":"https:\/\/www.sejourprive.com\/#website"},"primaryImageOfPage":{"@id":"https:\/\/www.sejourprive.com\/biens\/domaine-de-provence-mas-blanc-des-alpilles-provence-france\/#primaryimage"},"image":{"@id":"https:\/\/www.sejourprive.com\/biens\/domaine-de-provence-mas-blanc-des-alpilles-provence-france\/#primaryimage"},"thumbnailUrl":"https:\/\/www.sejourprive.com\/wp-content\/uploads\/2026\/04\/0-30.jpg","datePublished":"2026-04-08T14:58:47+00:00","description":"Bienvenue au Domaine de Provence, un v\u00e9ritable \u00e9crin de charme proven\u00e7al et de luxe. Nich\u00e9e dans le cadre luxuriant de Saint-R\u00e9my-de-Provence, la villa","breadcrumb":{"@id":"https:\/\/www.sejourprive.com\/biens\/domaine-de-provence-mas-blanc-des-alpilles-provence-france\/#breadcrumb"},"inLanguage":"en-GB","potentialAction":[{"@type":"ReadAction","target":["https:\/\/www.sejourprive.com\/biens\/domaine-de-provence-mas-blanc-des-alpilles-provence-france\/"]}]},{"@type":"ImageObject","inLanguage":"en-GB","@id":"https:\/\/www.sejourprive.com\/biens\/domaine-de-provence-mas-blanc-des-alpilles-provence-france\/#primaryimage","url":"https:\/\/www.sejourprive.com\/wp-content\/uploads\/2026\/04\/0-30.jpg","contentUrl":"https:\/\/www.sejourprive.com\/wp-content\/uploads\/2026\/04\/0-30.jpg","width":1200,"height":800},{"@type":"BreadcrumbList","@id":"https:\/\/www.sejourprive.com\/biens\/domaine-de-provence-mas-blanc-des-alpilles-provence-france\/#breadcrumb","itemListElement":[{"@type":"ListItem","position":1,"name":"Accueil","item":"https:\/\/www.sejourprive.com\/"},{"@type":"ListItem","position":2,"name":"Shop","item":"https:\/\/www.sejourprive.com\/shop\/"},{"@type":"ListItem","position":3,"name":"Domaine de Provence, Mas-Blanc-des-Alpilles, Provence, France"}]},{"@type":"WebSite","@id":"https:\/\/www.sejourprive.com\/#website","url":"https:\/\/www.sejourprive.com\/","name":"Private Stay","description":"We design exceptional holidays for you.","publisher":{"@id":"https:\/\/www.sejourprive.com\/#organization"},"potentialAction":[{"@type":"SearchAction","target":{"@type":"EntryPoint","urlTemplate":"https:\/\/www.sejourprive.com\/?s={search_term_string}"},"query-input":{"@type":"PropertyValueSpecification","valueRequired":true,"valueName":"search_term_string"}}],"inLanguage":"en-GB"},{"@type":"Organization","@id":"https:\/\/www.sejourprive.com\/#organization","name":"Private Stay","url":"https:\/\/www.sejourprive.com\/","logo":{"@type":"ImageObject","inLanguage":"en-GB","@id":"https:\/\/www.sejourprive.com\/#\/schema\/logo\/image\/","url":"https:\/\/www.sejourprive.com\/wp-content\/uploads\/2026\/02\/SP-Apple-touch-144-couleur-1-2.png","contentUrl":"https:\/\/www.sejourprive.com\/wp-content\/uploads\/2026\/02\/SP-Apple-touch-144-couleur-1-2.png","width":145,"height":145,"caption":"S\u00e9jour Priv\u00e9"},"image":{"@id":"https:\/\/www.sejourprive.com\/#\/schema\/logo\/image\/"}}]}},"_links":{"self":[{"href":"https:\/\/www.sejourprive.com\/en\/wp-json\/wp\/v2\/product\/57149","targetHints":{"allow":["GET"]}}],"collection":[{"href":"https:\/\/www.sejourprive.com\/en\/wp-json\/wp\/v2\/product"}],"about":[{"href":"https:\/\/www.sejourprive.com\/en\/wp-json\/wp\/v2\/types\/product"}],"replies":[{"embeddable":true,"href":"https:\/\/www.sejourprive.com\/en\/wp-json\/wp\/v2\/comments?post=57149"}],"version-history":[{"count":0,"href":"https:\/\/www.sejourprive.com\/en\/wp-json\/wp\/v2\/product\/57149\/revisions"}],"wp:featuredmedia":[{"embeddable":true,"href":"https:\/\/www.sejourprive.com\/en\/wp-json\/wp\/v2\/media\/57151"}],"wp:attachment":[{"href":"https:\/\/www.sejourprive.com\/en\/wp-json\/wp\/v2\/media?parent=57149"}],"wp:term":[{"taxonomy":"product_brand","embeddable":true,"href":"https:\/\/www.sejourprive.com\/en\/wp-json\/wp\/v2\/product_brand?post=57149"},{"taxonomy":"product_cat","embeddable":true,"href":"https:\/\/www.sejourprive.com\/en\/wp-json\/wp\/v2\/product_cat?post=57149"},{"taxonomy":"product_tag","embeddable":true,"href":"https:\/\/www.sejourprive.com\/en\/wp-json\/wp\/v2\/product_tag?post=57149"}],"curies":[{"name":"wp","href":"https:\/\/api.w.org\/{rel}","templated":true}]}}