{"id":57027,"date":"2026-04-08T16:53:56","date_gmt":"2026-04-08T14:53:56","guid":{"rendered":"https:\/\/www.sejourprive.com\/?post_type=product&#038;p=57027"},"modified":"2026-04-08T16:53:56","modified_gmt":"2026-04-08T14:53:56","slug":"casa-mattea-porto-vecchio-corse-france","status":"publish","type":"product","link":"https:\/\/www.sejourprive.com\/en\/biens\/casa-mattea-porto-vecchio-corse-france\/","title":{"rendered":"Casa Mattea, Porto-Vecchio, Corsica, France"},"content":{"rendered":"<p>Situ\u00e9e \u00e0 deux pas de l&#8217;embl\u00e9matique plage de Santa Giulia, accessible \u00e0 pied, la Casa Mattea b\u00e9n\u00e9ficie d&#8217;un emplacement privil\u00e9gi\u00e9 avec vue sur la M\u00e9diterran\u00e9e, \u00e0 quelques minutes seulement de Porto-Vecchio et de nombreuses commodit\u00e9s. Con\u00e7ue pour s&#8217;ouvrir g\u00e9n\u00e9reusement sur la mer, la villa allie des lignes contemporaines, de spacieuses terrasses et un jardin m\u00e9diterran\u00e9en baign\u00e9 de lumi\u00e8re du sud.<span><div class=\"read-more-wrapper\"><a class=\"read-more-button\" data-target=\"read-more-69f38a275c625\" data-more-text=\"Read more\" data-less-text=\"Read less\"><span class=\"read-more-text\">Read more<\/span><\/a><div id=\"read-more-69f38a275c625\" class=\"read-more-content\"> <\/span><\/p>\n<p>La vie s&#8217;\u00e9coule en toute simplicit\u00e9 entre les terrasses surplombant la mer et la piscine, avec de longs d\u00e9jeuners pr\u00e9par\u00e9s dans la cuisine ext\u00e9rieure et des apr\u00e8s-midis tranquilles dans les salons ombrag\u00e9s. Parties de padel entre amis, baignades sous le soleil corse et soir\u00e9es pass\u00e9es \u00e0 contempler l&#8217;horizon composent des journ\u00e9es \u00e0 la fois d\u00e9tendues et profond\u00e9ment connect\u00e9es \u00e0 la c\u00f4te, dans un environnement \u00e0 la fois pratique et pr\u00e9serv\u00e9.<\/div><\/div><\/p>","protected":false},"excerpt":{"rendered":"<p>Situ\u00e9e \u00e0 deux pas de l&#8217;embl\u00e9matique plage de Santa Giulia, accessible \u00e0 pied, la Casa Mattea b\u00e9n\u00e9ficie d&#8217;un emplacement privil\u00e9gi\u00e9&#8230;<\/p>","protected":false},"featured_media":57046,"comment_status":"open","ping_status":"closed","template":"","meta":{"_acf_changed":false},"product_brand":[],"product_cat":[15],"product_tag":[],"class_list":{"0":"post-57027","1":"product","2":"type-product","3":"status-publish","4":"has-post-thumbnail","6":"product_cat-villa","7":"property_location-corse","8":"property_location-porto-vecchio","10":"first","11":"instock","12":"sold-individually","13":"shipping-taxable","14":"purchasable","15":"product-type-simple"},"acf":[],"yoast_head":"<!-- This site is optimized with the Yoast SEO plugin v26.6 - https:\/\/yoast.com\/wordpress\/plugins\/seo\/ -->\n<title>Casa Mattea, Porto-Vecchio, Corse, France - S\u00e9jour Priv\u00e9<\/title>\n<meta name=\"description\" content=\"Situ\u00e9e \u00e0 deux pas de l&#039;embl\u00e9matique plage de Santa Giulia, accessible \u00e0 pied, la Casa Mattea b\u00e9n\u00e9ficie d&#039;un emplacement privil\u00e9gi\u00e9 avec vue sur la\" \/>\n<meta name=\"robots\" content=\"index, follow, max-snippet:-1, max-image-preview:large, max-video-preview:-1\" \/>\n<link rel=\"canonical\" href=\"https:\/\/www.sejourprive.com\/en\/biens\/casa-mattea-porto-vecchio-corse-france\/\" \/>\n<meta property=\"og:locale\" content=\"en_GB\" \/>\n<meta property=\"og:type\" content=\"article\" \/>\n<meta property=\"og:title\" content=\"Casa Mattea, Porto-Vecchio, Corse, France - S\u00e9jour Priv\u00e9\" \/>\n<meta property=\"og:description\" content=\"Situ\u00e9e \u00e0 deux pas de l&#039;embl\u00e9matique plage de Santa Giulia, accessible \u00e0 pied, la Casa Mattea b\u00e9n\u00e9ficie d&#039;un emplacement privil\u00e9gi\u00e9 avec vue sur la\" \/>\n<meta property=\"og:url\" content=\"https:\/\/www.sejourprive.com\/en\/biens\/casa-mattea-porto-vecchio-corse-france\/\" \/>\n<meta property=\"og:site_name\" content=\"S\u00e9jour Priv\u00e9\" \/>\n<meta property=\"og:image\" content=\"https:\/\/www.sejourprive.com\/wp-content\/uploads\/2026\/04\/17-1024x684.png\" \/>\n\t<meta property=\"og:image:width\" content=\"1024\" \/>\n\t<meta property=\"og:image:height\" content=\"684\" \/>\n\t<meta property=\"og:image:type\" content=\"image\/png\" \/>\n<meta name=\"twitter:card\" content=\"summary_large_image\" \/>\n<meta name=\"twitter:label1\" content=\"Estimated reading time\" \/>\n\t<meta name=\"twitter:data1\" content=\"1 minute\" \/>\n<script type=\"application\/ld+json\" class=\"yoast-schema-graph\">{\"@context\":\"https:\/\/schema.org\",\"@graph\":[{\"@type\":\"WebPage\",\"@id\":\"https:\/\/www.sejourprive.com\/biens\/casa-mattea-porto-vecchio-corse-france\/\",\"url\":\"https:\/\/www.sejourprive.com\/biens\/casa-mattea-porto-vecchio-corse-france\/\",\"name\":\"Casa Mattea, Porto-Vecchio, Corse, France - S\u00e9jour Priv\u00e9\",\"isPartOf\":{\"@id\":\"https:\/\/www.sejourprive.com\/#website\"},\"primaryImageOfPage\":{\"@id\":\"https:\/\/www.sejourprive.com\/biens\/casa-mattea-porto-vecchio-corse-france\/#primaryimage\"},\"image\":{\"@id\":\"https:\/\/www.sejourprive.com\/biens\/casa-mattea-porto-vecchio-corse-france\/#primaryimage\"},\"thumbnailUrl\":\"https:\/\/www.sejourprive.com\/wp-content\/uploads\/2026\/04\/17.png\",\"datePublished\":\"2026-04-08T14:53:56+00:00\",\"description\":\"Situ\u00e9e \u00e0 deux pas de l'embl\u00e9matique plage de Santa Giulia, accessible \u00e0 pied, la Casa Mattea b\u00e9n\u00e9ficie d'un emplacement privil\u00e9gi\u00e9 avec vue sur la\",\"breadcrumb\":{\"@id\":\"https:\/\/www.sejourprive.com\/biens\/casa-mattea-porto-vecchio-corse-france\/#breadcrumb\"},\"inLanguage\":\"en-GB\",\"potentialAction\":[{\"@type\":\"ReadAction\",\"target\":[\"https:\/\/www.sejourprive.com\/biens\/casa-mattea-porto-vecchio-corse-france\/\"]}]},{\"@type\":\"ImageObject\",\"inLanguage\":\"en-GB\",\"@id\":\"https:\/\/www.sejourprive.com\/biens\/casa-mattea-porto-vecchio-corse-france\/#primaryimage\",\"url\":\"https:\/\/www.sejourprive.com\/wp-content\/uploads\/2026\/04\/17.png\",\"contentUrl\":\"https:\/\/www.sejourprive.com\/wp-content\/uploads\/2026\/04\/17.png\",\"width\":1200,\"height\":802},{\"@type\":\"BreadcrumbList\",\"@id\":\"https:\/\/www.sejourprive.com\/biens\/casa-mattea-porto-vecchio-corse-france\/#breadcrumb\",\"itemListElement\":[{\"@type\":\"ListItem\",\"position\":1,\"name\":\"Accueil\",\"item\":\"https:\/\/www.sejourprive.com\/\"},{\"@type\":\"ListItem\",\"position\":2,\"name\":\"Shop\",\"item\":\"https:\/\/www.sejourprive.com\/shop\/\"},{\"@type\":\"ListItem\",\"position\":3,\"name\":\"Casa Mattea, Porto-Vecchio, Corse, France\"}]},{\"@type\":\"WebSite\",\"@id\":\"https:\/\/www.sejourprive.com\/#website\",\"url\":\"https:\/\/www.sejourprive.com\/\",\"name\":\"S\u00e9jour Priv\u00e9\",\"description\":\"Nous imaginons pour vous des s\u00e9jours d\u2019exception.\",\"publisher\":{\"@id\":\"https:\/\/www.sejourprive.com\/#organization\"},\"potentialAction\":[{\"@type\":\"SearchAction\",\"target\":{\"@type\":\"EntryPoint\",\"urlTemplate\":\"https:\/\/www.sejourprive.com\/?s={search_term_string}\"},\"query-input\":{\"@type\":\"PropertyValueSpecification\",\"valueRequired\":true,\"valueName\":\"search_term_string\"}}],\"inLanguage\":\"en-GB\"},{\"@type\":\"Organization\",\"@id\":\"https:\/\/www.sejourprive.com\/#organization\",\"name\":\"S\u00e9jour Priv\u00e9\",\"url\":\"https:\/\/www.sejourprive.com\/\",\"logo\":{\"@type\":\"ImageObject\",\"inLanguage\":\"en-GB\",\"@id\":\"https:\/\/www.sejourprive.com\/#\/schema\/logo\/image\/\",\"url\":\"https:\/\/www.sejourprive.com\/wp-content\/uploads\/2026\/02\/SP-Apple-touch-144-couleur-1-2.png\",\"contentUrl\":\"https:\/\/www.sejourprive.com\/wp-content\/uploads\/2026\/02\/SP-Apple-touch-144-couleur-1-2.png\",\"width\":145,\"height\":145,\"caption\":\"S\u00e9jour Priv\u00e9\"},\"image\":{\"@id\":\"https:\/\/www.sejourprive.com\/#\/schema\/logo\/image\/\"}}]}<\/script>\n<!-- \/ Yoast SEO plugin. -->","yoast_head_json":{"title":"Casa Mattea, Porto-Vecchio, Corse, France - S\u00e9jour Priv\u00e9","description":"Situ\u00e9e \u00e0 deux pas de l'embl\u00e9matique plage de Santa Giulia, accessible \u00e0 pied, la Casa Mattea b\u00e9n\u00e9ficie d'un emplacement privil\u00e9gi\u00e9 avec vue sur la","robots":{"index":"index","follow":"follow","max-snippet":"max-snippet:-1","max-image-preview":"max-image-preview:large","max-video-preview":"max-video-preview:-1"},"canonical":"https:\/\/www.sejourprive.com\/en\/biens\/casa-mattea-porto-vecchio-corse-france\/","og_locale":"en_GB","og_type":"article","og_title":"Casa Mattea, Porto-Vecchio, Corse, France - S\u00e9jour Priv\u00e9","og_description":"Situ\u00e9e \u00e0 deux pas de l'embl\u00e9matique plage de Santa Giulia, accessible \u00e0 pied, la Casa Mattea b\u00e9n\u00e9ficie d'un emplacement privil\u00e9gi\u00e9 avec vue sur la","og_url":"https:\/\/www.sejourprive.com\/en\/biens\/casa-mattea-porto-vecchio-corse-france\/","og_site_name":"S\u00e9jour Priv\u00e9","og_image":[{"width":1024,"height":684,"url":"https:\/\/www.sejourprive.com\/wp-content\/uploads\/2026\/04\/17-1024x684.png","type":"image\/png"}],"twitter_card":"summary_large_image","twitter_misc":{"Estimated reading time":"1 minute"},"schema":{"@context":"https:\/\/schema.org","@graph":[{"@type":"WebPage","@id":"https:\/\/www.sejourprive.com\/biens\/casa-mattea-porto-vecchio-corse-france\/","url":"https:\/\/www.sejourprive.com\/biens\/casa-mattea-porto-vecchio-corse-france\/","name":"Casa Mattea, Porto-Vecchio, Corse, France - S\u00e9jour Priv\u00e9","isPartOf":{"@id":"https:\/\/www.sejourprive.com\/#website"},"primaryImageOfPage":{"@id":"https:\/\/www.sejourprive.com\/biens\/casa-mattea-porto-vecchio-corse-france\/#primaryimage"},"image":{"@id":"https:\/\/www.sejourprive.com\/biens\/casa-mattea-porto-vecchio-corse-france\/#primaryimage"},"thumbnailUrl":"https:\/\/www.sejourprive.com\/wp-content\/uploads\/2026\/04\/17.png","datePublished":"2026-04-08T14:53:56+00:00","description":"Situ\u00e9e \u00e0 deux pas de l'embl\u00e9matique plage de Santa Giulia, accessible \u00e0 pied, la Casa Mattea b\u00e9n\u00e9ficie d'un emplacement privil\u00e9gi\u00e9 avec vue sur la","breadcrumb":{"@id":"https:\/\/www.sejourprive.com\/biens\/casa-mattea-porto-vecchio-corse-france\/#breadcrumb"},"inLanguage":"en-GB","potentialAction":[{"@type":"ReadAction","target":["https:\/\/www.sejourprive.com\/biens\/casa-mattea-porto-vecchio-corse-france\/"]}]},{"@type":"ImageObject","inLanguage":"en-GB","@id":"https:\/\/www.sejourprive.com\/biens\/casa-mattea-porto-vecchio-corse-france\/#primaryimage","url":"https:\/\/www.sejourprive.com\/wp-content\/uploads\/2026\/04\/17.png","contentUrl":"https:\/\/www.sejourprive.com\/wp-content\/uploads\/2026\/04\/17.png","width":1200,"height":802},{"@type":"BreadcrumbList","@id":"https:\/\/www.sejourprive.com\/biens\/casa-mattea-porto-vecchio-corse-france\/#breadcrumb","itemListElement":[{"@type":"ListItem","position":1,"name":"Accueil","item":"https:\/\/www.sejourprive.com\/"},{"@type":"ListItem","position":2,"name":"Shop","item":"https:\/\/www.sejourprive.com\/shop\/"},{"@type":"ListItem","position":3,"name":"Casa Mattea, Porto-Vecchio, Corse, France"}]},{"@type":"WebSite","@id":"https:\/\/www.sejourprive.com\/#website","url":"https:\/\/www.sejourprive.com\/","name":"Private Stay","description":"We design exceptional holidays for you.","publisher":{"@id":"https:\/\/www.sejourprive.com\/#organization"},"potentialAction":[{"@type":"SearchAction","target":{"@type":"EntryPoint","urlTemplate":"https:\/\/www.sejourprive.com\/?s={search_term_string}"},"query-input":{"@type":"PropertyValueSpecification","valueRequired":true,"valueName":"search_term_string"}}],"inLanguage":"en-GB"},{"@type":"Organization","@id":"https:\/\/www.sejourprive.com\/#organization","name":"Private Stay","url":"https:\/\/www.sejourprive.com\/","logo":{"@type":"ImageObject","inLanguage":"en-GB","@id":"https:\/\/www.sejourprive.com\/#\/schema\/logo\/image\/","url":"https:\/\/www.sejourprive.com\/wp-content\/uploads\/2026\/02\/SP-Apple-touch-144-couleur-1-2.png","contentUrl":"https:\/\/www.sejourprive.com\/wp-content\/uploads\/2026\/02\/SP-Apple-touch-144-couleur-1-2.png","width":145,"height":145,"caption":"S\u00e9jour Priv\u00e9"},"image":{"@id":"https:\/\/www.sejourprive.com\/#\/schema\/logo\/image\/"}}]}},"_links":{"self":[{"href":"https:\/\/www.sejourprive.com\/en\/wp-json\/wp\/v2\/product\/57027","targetHints":{"allow":["GET"]}}],"collection":[{"href":"https:\/\/www.sejourprive.com\/en\/wp-json\/wp\/v2\/product"}],"about":[{"href":"https:\/\/www.sejourprive.com\/en\/wp-json\/wp\/v2\/types\/product"}],"replies":[{"embeddable":true,"href":"https:\/\/www.sejourprive.com\/en\/wp-json\/wp\/v2\/comments?post=57027"}],"version-history":[{"count":0,"href":"https:\/\/www.sejourprive.com\/en\/wp-json\/wp\/v2\/product\/57027\/revisions"}],"wp:featuredmedia":[{"embeddable":true,"href":"https:\/\/www.sejourprive.com\/en\/wp-json\/wp\/v2\/media\/57046"}],"wp:attachment":[{"href":"https:\/\/www.sejourprive.com\/en\/wp-json\/wp\/v2\/media?parent=57027"}],"wp:term":[{"taxonomy":"product_brand","embeddable":true,"href":"https:\/\/www.sejourprive.com\/en\/wp-json\/wp\/v2\/product_brand?post=57027"},{"taxonomy":"product_cat","embeddable":true,"href":"https:\/\/www.sejourprive.com\/en\/wp-json\/wp\/v2\/product_cat?post=57027"},{"taxonomy":"product_tag","embeddable":true,"href":"https:\/\/www.sejourprive.com\/en\/wp-json\/wp\/v2\/product_tag?post=57027"}],"curies":[{"name":"wp","href":"https:\/\/api.w.org\/{rel}","templated":true}]}}