{"id":56984,"date":"2026-04-08T17:01:42","date_gmt":"2026-04-08T15:01:42","guid":{"rendered":"https:\/\/www.sejourprive.com\/?post_type=product&#038;p=56984"},"modified":"2026-04-08T17:03:48","modified_gmt":"2026-04-08T15:03:48","slug":"villa-maheva-lisle-sur-la-sorgue-provence-france","status":"publish","type":"product","link":"https:\/\/www.sejourprive.com\/en\/biens\/villa-maheva-lisle-sur-la-sorgue-provence-france\/","title":{"rendered":"Villa Mah\u00ebva, L'Isle-sur-la-Sorgue, Provence, France"},"content":{"rendered":"<p>\u00c0 quelques minutes seulement du centre de L\u2019Isle-sur-la-Sorgue, la Villa Mah\u00ebva se niche au c\u0153ur d\u2019une oasis de verdure luxuriante, entour\u00e9e d\u2019oliviers et baign\u00e9e d\u2019une lumi\u00e8re dor\u00e9e. Avec ses lignes contemporaines, ses espaces ouverts et son atmosph\u00e8re paisible, c\u2019est un lieu id\u00e9al pour se retrouver, loin de l\u2019agitation.<span><div class=\"read-more-wrapper\"><a class=\"read-more-button\" data-target=\"read-more-69f3bf1daea4d\" data-more-text=\"Read more\" data-less-text=\"Read less\"><span class=\"read-more-text\">Read more<\/span><\/a><div id=\"read-more-69f3bf1daea4d\" class=\"read-more-content\"> <\/span><\/p>\n<p>Panier \u00e0 la main, fl\u00e2nez au march\u00e9 avant de rentrer pour cuisiner tous ensemble. Rafra\u00eechissez-vous dans la piscine, lisez \u00e0 l\u2019ombre, d\u00e9fiez-vous \u00e0 la p\u00e9tanque ou allongez-vous sur la pelouse. \u00c0 la tomb\u00e9e de la nuit, allumez les lanternes sous la pergola, partagez un d\u00eener prolong\u00e9, puis retirez-vous dans le calme de votre chambre.<\/div><\/div><\/p>","protected":false},"excerpt":{"rendered":"<p>\u00c0 quelques minutes seulement du centre de L\u2019Isle-sur-la-Sorgue, la Villa Mah\u00ebva se niche au c\u0153ur d\u2019une oasis de verdure luxuriante,&#8230;<\/p>","protected":false},"featured_media":56989,"comment_status":"open","ping_status":"closed","template":"","meta":{"_acf_changed":false},"product_brand":[],"product_cat":[15],"product_tag":[],"class_list":{"0":"post-56984","1":"product","2":"type-product","3":"status-publish","4":"has-post-thumbnail","6":"product_cat-villa","7":"property_location-france","8":"property_location-provence","10":"first","11":"instock","12":"sold-individually","13":"shipping-taxable","14":"purchasable","15":"product-type-simple"},"acf":[],"yoast_head":"<!-- This site is optimized with the Yoast SEO plugin v26.6 - https:\/\/yoast.com\/wordpress\/plugins\/seo\/ -->\n<title>Villa Mah\u00ebva, L&#039;Isle-sur-la-Sorgue, Provence, France - S\u00e9jour Priv\u00e9<\/title>\n<meta name=\"description\" content=\"\u00c0 quelques minutes seulement du centre de L\u2019Isle-sur-la-Sorgue, la Villa Mah\u00ebva se niche au c\u0153ur d\u2019une oasis de verdure luxuriante, entour\u00e9e d\u2019oliviers et\" \/>\n<meta name=\"robots\" content=\"index, follow, max-snippet:-1, max-image-preview:large, max-video-preview:-1\" \/>\n<link rel=\"canonical\" href=\"https:\/\/www.sejourprive.com\/en\/biens\/villa-maheva-lisle-sur-la-sorgue-provence-france\/\" \/>\n<meta property=\"og:locale\" content=\"en_GB\" \/>\n<meta property=\"og:type\" content=\"article\" \/>\n<meta property=\"og:title\" content=\"Villa Mah\u00ebva, L&#039;Isle-sur-la-Sorgue, Provence, France - S\u00e9jour Priv\u00e9\" \/>\n<meta property=\"og:description\" content=\"\u00c0 quelques minutes seulement du centre de L\u2019Isle-sur-la-Sorgue, la Villa Mah\u00ebva se niche au c\u0153ur d\u2019une oasis de verdure luxuriante, entour\u00e9e d\u2019oliviers et\" \/>\n<meta property=\"og:url\" content=\"https:\/\/www.sejourprive.com\/en\/biens\/villa-maheva-lisle-sur-la-sorgue-provence-france\/\" \/>\n<meta property=\"og:site_name\" content=\"S\u00e9jour Priv\u00e9\" \/>\n<meta property=\"article:modified_time\" content=\"2026-04-08T15:03:48+00:00\" \/>\n<meta property=\"og:image\" content=\"https:\/\/www.sejourprive.com\/wp-content\/uploads\/2026\/04\/3-31.jpg\" \/>\n\t<meta property=\"og:image:width\" content=\"1200\" \/>\n\t<meta property=\"og:image:height\" content=\"907\" \/>\n\t<meta property=\"og:image:type\" content=\"image\/jpeg\" \/>\n<meta name=\"twitter:card\" content=\"summary_large_image\" \/>\n<meta name=\"twitter:label1\" content=\"Estimated reading time\" \/>\n\t<meta name=\"twitter:data1\" content=\"1 minute\" \/>\n<script type=\"application\/ld+json\" class=\"yoast-schema-graph\">{\"@context\":\"https:\/\/schema.org\",\"@graph\":[{\"@type\":\"WebPage\",\"@id\":\"https:\/\/www.sejourprive.com\/biens\/villa-maheva-lisle-sur-la-sorgue-provence-france\/\",\"url\":\"https:\/\/www.sejourprive.com\/biens\/villa-maheva-lisle-sur-la-sorgue-provence-france\/\",\"name\":\"Villa Mah\u00ebva, L'Isle-sur-la-Sorgue, Provence, France - S\u00e9jour Priv\u00e9\",\"isPartOf\":{\"@id\":\"https:\/\/www.sejourprive.com\/#website\"},\"primaryImageOfPage\":{\"@id\":\"https:\/\/www.sejourprive.com\/biens\/villa-maheva-lisle-sur-la-sorgue-provence-france\/#primaryimage\"},\"image\":{\"@id\":\"https:\/\/www.sejourprive.com\/biens\/villa-maheva-lisle-sur-la-sorgue-provence-france\/#primaryimage\"},\"thumbnailUrl\":\"https:\/\/www.sejourprive.com\/wp-content\/uploads\/2026\/04\/3-31.jpg\",\"datePublished\":\"2026-04-08T15:01:42+00:00\",\"dateModified\":\"2026-04-08T15:03:48+00:00\",\"description\":\"\u00c0 quelques minutes seulement du centre de L\u2019Isle-sur-la-Sorgue, la Villa Mah\u00ebva se niche au c\u0153ur d\u2019une oasis de verdure luxuriante, entour\u00e9e d\u2019oliviers et\",\"breadcrumb\":{\"@id\":\"https:\/\/www.sejourprive.com\/biens\/villa-maheva-lisle-sur-la-sorgue-provence-france\/#breadcrumb\"},\"inLanguage\":\"en-GB\",\"potentialAction\":[{\"@type\":\"ReadAction\",\"target\":[\"https:\/\/www.sejourprive.com\/biens\/villa-maheva-lisle-sur-la-sorgue-provence-france\/\"]}]},{\"@type\":\"ImageObject\",\"inLanguage\":\"en-GB\",\"@id\":\"https:\/\/www.sejourprive.com\/biens\/villa-maheva-lisle-sur-la-sorgue-provence-france\/#primaryimage\",\"url\":\"https:\/\/www.sejourprive.com\/wp-content\/uploads\/2026\/04\/3-31.jpg\",\"contentUrl\":\"https:\/\/www.sejourprive.com\/wp-content\/uploads\/2026\/04\/3-31.jpg\",\"width\":1200,\"height\":907},{\"@type\":\"BreadcrumbList\",\"@id\":\"https:\/\/www.sejourprive.com\/biens\/villa-maheva-lisle-sur-la-sorgue-provence-france\/#breadcrumb\",\"itemListElement\":[{\"@type\":\"ListItem\",\"position\":1,\"name\":\"Accueil\",\"item\":\"https:\/\/www.sejourprive.com\/\"},{\"@type\":\"ListItem\",\"position\":2,\"name\":\"Shop\",\"item\":\"https:\/\/www.sejourprive.com\/shop\/\"},{\"@type\":\"ListItem\",\"position\":3,\"name\":\"Villa Mah\u00ebva, L&#8217;Isle-sur-la-Sorgue, Provence, France\"}]},{\"@type\":\"WebSite\",\"@id\":\"https:\/\/www.sejourprive.com\/#website\",\"url\":\"https:\/\/www.sejourprive.com\/\",\"name\":\"S\u00e9jour Priv\u00e9\",\"description\":\"Nous imaginons pour vous des s\u00e9jours d\u2019exception.\",\"publisher\":{\"@id\":\"https:\/\/www.sejourprive.com\/#organization\"},\"potentialAction\":[{\"@type\":\"SearchAction\",\"target\":{\"@type\":\"EntryPoint\",\"urlTemplate\":\"https:\/\/www.sejourprive.com\/?s={search_term_string}\"},\"query-input\":{\"@type\":\"PropertyValueSpecification\",\"valueRequired\":true,\"valueName\":\"search_term_string\"}}],\"inLanguage\":\"en-GB\"},{\"@type\":\"Organization\",\"@id\":\"https:\/\/www.sejourprive.com\/#organization\",\"name\":\"S\u00e9jour Priv\u00e9\",\"url\":\"https:\/\/www.sejourprive.com\/\",\"logo\":{\"@type\":\"ImageObject\",\"inLanguage\":\"en-GB\",\"@id\":\"https:\/\/www.sejourprive.com\/#\/schema\/logo\/image\/\",\"url\":\"https:\/\/www.sejourprive.com\/wp-content\/uploads\/2026\/02\/SP-Apple-touch-144-couleur-1-2.png\",\"contentUrl\":\"https:\/\/www.sejourprive.com\/wp-content\/uploads\/2026\/02\/SP-Apple-touch-144-couleur-1-2.png\",\"width\":145,\"height\":145,\"caption\":\"S\u00e9jour Priv\u00e9\"},\"image\":{\"@id\":\"https:\/\/www.sejourprive.com\/#\/schema\/logo\/image\/\"}}]}<\/script>\n<!-- \/ Yoast SEO plugin. -->","yoast_head_json":{"title":"Villa Mah\u00ebva, L'Isle-sur-la-Sorgue, Provence, France - S\u00e9jour Priv\u00e9","description":"\u00c0 quelques minutes seulement du centre de L\u2019Isle-sur-la-Sorgue, la Villa Mah\u00ebva se niche au c\u0153ur d\u2019une oasis de verdure luxuriante, entour\u00e9e d\u2019oliviers et","robots":{"index":"index","follow":"follow","max-snippet":"max-snippet:-1","max-image-preview":"max-image-preview:large","max-video-preview":"max-video-preview:-1"},"canonical":"https:\/\/www.sejourprive.com\/en\/biens\/villa-maheva-lisle-sur-la-sorgue-provence-france\/","og_locale":"en_GB","og_type":"article","og_title":"Villa Mah\u00ebva, L'Isle-sur-la-Sorgue, Provence, France - S\u00e9jour Priv\u00e9","og_description":"\u00c0 quelques minutes seulement du centre de L\u2019Isle-sur-la-Sorgue, la Villa Mah\u00ebva se niche au c\u0153ur d\u2019une oasis de verdure luxuriante, entour\u00e9e d\u2019oliviers et","og_url":"https:\/\/www.sejourprive.com\/en\/biens\/villa-maheva-lisle-sur-la-sorgue-provence-france\/","og_site_name":"S\u00e9jour Priv\u00e9","article_modified_time":"2026-04-08T15:03:48+00:00","og_image":[{"width":1200,"height":907,"url":"https:\/\/www.sejourprive.com\/wp-content\/uploads\/2026\/04\/3-31.jpg","type":"image\/jpeg"}],"twitter_card":"summary_large_image","twitter_misc":{"Estimated reading time":"1 minute"},"schema":{"@context":"https:\/\/schema.org","@graph":[{"@type":"WebPage","@id":"https:\/\/www.sejourprive.com\/biens\/villa-maheva-lisle-sur-la-sorgue-provence-france\/","url":"https:\/\/www.sejourprive.com\/biens\/villa-maheva-lisle-sur-la-sorgue-provence-france\/","name":"Villa Mah\u00ebva, L'Isle-sur-la-Sorgue, Provence, France - S\u00e9jour Priv\u00e9","isPartOf":{"@id":"https:\/\/www.sejourprive.com\/#website"},"primaryImageOfPage":{"@id":"https:\/\/www.sejourprive.com\/biens\/villa-maheva-lisle-sur-la-sorgue-provence-france\/#primaryimage"},"image":{"@id":"https:\/\/www.sejourprive.com\/biens\/villa-maheva-lisle-sur-la-sorgue-provence-france\/#primaryimage"},"thumbnailUrl":"https:\/\/www.sejourprive.com\/wp-content\/uploads\/2026\/04\/3-31.jpg","datePublished":"2026-04-08T15:01:42+00:00","dateModified":"2026-04-08T15:03:48+00:00","description":"\u00c0 quelques minutes seulement du centre de L\u2019Isle-sur-la-Sorgue, la Villa Mah\u00ebva se niche au c\u0153ur d\u2019une oasis de verdure luxuriante, entour\u00e9e d\u2019oliviers et","breadcrumb":{"@id":"https:\/\/www.sejourprive.com\/biens\/villa-maheva-lisle-sur-la-sorgue-provence-france\/#breadcrumb"},"inLanguage":"en-GB","potentialAction":[{"@type":"ReadAction","target":["https:\/\/www.sejourprive.com\/biens\/villa-maheva-lisle-sur-la-sorgue-provence-france\/"]}]},{"@type":"ImageObject","inLanguage":"en-GB","@id":"https:\/\/www.sejourprive.com\/biens\/villa-maheva-lisle-sur-la-sorgue-provence-france\/#primaryimage","url":"https:\/\/www.sejourprive.com\/wp-content\/uploads\/2026\/04\/3-31.jpg","contentUrl":"https:\/\/www.sejourprive.com\/wp-content\/uploads\/2026\/04\/3-31.jpg","width":1200,"height":907},{"@type":"BreadcrumbList","@id":"https:\/\/www.sejourprive.com\/biens\/villa-maheva-lisle-sur-la-sorgue-provence-france\/#breadcrumb","itemListElement":[{"@type":"ListItem","position":1,"name":"Accueil","item":"https:\/\/www.sejourprive.com\/"},{"@type":"ListItem","position":2,"name":"Shop","item":"https:\/\/www.sejourprive.com\/shop\/"},{"@type":"ListItem","position":3,"name":"Villa Mah\u00ebva, L&#8217;Isle-sur-la-Sorgue, Provence, France"}]},{"@type":"WebSite","@id":"https:\/\/www.sejourprive.com\/#website","url":"https:\/\/www.sejourprive.com\/","name":"Private Stay","description":"We design exceptional holidays for you.","publisher":{"@id":"https:\/\/www.sejourprive.com\/#organization"},"potentialAction":[{"@type":"SearchAction","target":{"@type":"EntryPoint","urlTemplate":"https:\/\/www.sejourprive.com\/?s={search_term_string}"},"query-input":{"@type":"PropertyValueSpecification","valueRequired":true,"valueName":"search_term_string"}}],"inLanguage":"en-GB"},{"@type":"Organization","@id":"https:\/\/www.sejourprive.com\/#organization","name":"Private Stay","url":"https:\/\/www.sejourprive.com\/","logo":{"@type":"ImageObject","inLanguage":"en-GB","@id":"https:\/\/www.sejourprive.com\/#\/schema\/logo\/image\/","url":"https:\/\/www.sejourprive.com\/wp-content\/uploads\/2026\/02\/SP-Apple-touch-144-couleur-1-2.png","contentUrl":"https:\/\/www.sejourprive.com\/wp-content\/uploads\/2026\/02\/SP-Apple-touch-144-couleur-1-2.png","width":145,"height":145,"caption":"S\u00e9jour Priv\u00e9"},"image":{"@id":"https:\/\/www.sejourprive.com\/#\/schema\/logo\/image\/"}}]}},"_links":{"self":[{"href":"https:\/\/www.sejourprive.com\/en\/wp-json\/wp\/v2\/product\/56984","targetHints":{"allow":["GET"]}}],"collection":[{"href":"https:\/\/www.sejourprive.com\/en\/wp-json\/wp\/v2\/product"}],"about":[{"href":"https:\/\/www.sejourprive.com\/en\/wp-json\/wp\/v2\/types\/product"}],"replies":[{"embeddable":true,"href":"https:\/\/www.sejourprive.com\/en\/wp-json\/wp\/v2\/comments?post=56984"}],"version-history":[{"count":0,"href":"https:\/\/www.sejourprive.com\/en\/wp-json\/wp\/v2\/product\/56984\/revisions"}],"wp:featuredmedia":[{"embeddable":true,"href":"https:\/\/www.sejourprive.com\/en\/wp-json\/wp\/v2\/media\/56989"}],"wp:attachment":[{"href":"https:\/\/www.sejourprive.com\/en\/wp-json\/wp\/v2\/media?parent=56984"}],"wp:term":[{"taxonomy":"product_brand","embeddable":true,"href":"https:\/\/www.sejourprive.com\/en\/wp-json\/wp\/v2\/product_brand?post=56984"},{"taxonomy":"product_cat","embeddable":true,"href":"https:\/\/www.sejourprive.com\/en\/wp-json\/wp\/v2\/product_cat?post=56984"},{"taxonomy":"product_tag","embeddable":true,"href":"https:\/\/www.sejourprive.com\/en\/wp-json\/wp\/v2\/product_tag?post=56984"}],"curies":[{"name":"wp","href":"https:\/\/api.w.org\/{rel}","templated":true}]}}