{"id":56883,"date":"2026-04-07T15:18:48","date_gmt":"2026-04-07T13:18:48","guid":{"rendered":"https:\/\/www.sejourprive.com\/?post_type=product&#038;p=56883"},"modified":"2026-04-07T15:18:48","modified_gmt":"2026-04-07T13:18:48","slug":"mas-soleio-les-baux-de-provence-provence-france","status":"publish","type":"product","link":"https:\/\/www.sejourprive.com\/en\/biens\/mas-soleio-les-baux-de-provence-provence-france\/","title":{"rendered":"Mas Sole\u00efo, Les Baux-de-Provence, Provence, France"},"content":{"rendered":"<p>Dans l&#8217;arri\u00e8re-pays proven\u00e7al, perch\u00e9 sur les hauteurs de Maussane-les-Alpilles, le Mas Sole\u00efo offre un cadre id\u00e9al pour une escapade \u00e0 la campagne. Cette maison \u00e0 la forte personnalit\u00e9, nich\u00e9e au c\u0153ur d&#8217;une campagne pr\u00e9serv\u00e9e et \u00e0 l&#8217;abri des regards, s\u00e9duit par son architecture traditionnelle et sa d\u00e9coration soign\u00e9e.<span><div class=\"read-more-wrapper\"><a class=\"read-more-button\" data-target=\"read-more-69da4e8417f1a\" data-more-text=\"Read more\" data-less-text=\"Read less\"><span class=\"read-more-text\">Read more<\/span><\/a><div id=\"read-more-69da4e8417f1a\" class=\"read-more-content\"> <\/span><\/p>\n<p>Une journ\u00e9e au Mas Sole\u00efo est riche en plaisirs sensoriels et vous invite \u00e0 la d\u00e9tente. Commencez votre matin\u00e9e par un petit-d\u00e9jeuner pr\u00e9par\u00e9 avec amour dans le jardin m\u00e9diterran\u00e9en luxuriant, o\u00f9 le chant des oiseaux et le parfum des herbes en fleurs vous garantissent un d\u00e9but de journ\u00e9e serein. \u00c0 mesure que le soleil monte dans le ciel, rassemblez-vous pour un tournoi de p\u00e9tanque anim\u00e9 avant de vous rafra\u00eechir avec une baignade dans la piscine chauff\u00e9e. \u00c0 l&#8217;heure du d\u00e9jeuner, allumez le barbecue et savourez un repas tranquille, entour\u00e9 d&#8217;une vue imprenable sur les Alpilles. L&#8217;apr\u00e8s-midi, partez \u00e0 la d\u00e9couverte du charmant village de Maussane-les-Alpilles, o\u00f9 vous attendent des boutiques pittoresques, des restaurants locaux et des caf\u00e9s anim\u00e9s. \u00c0 la tomb\u00e9e de la nuit, retournez \u00e0 la chaleur de la chemin\u00e9e et regardez le ciel se parer des couleurs du cr\u00e9puscule depuis le confort de votre refuge.<\/div><\/div><\/p>","protected":false},"excerpt":{"rendered":"<p>Dans l&#8217;arri\u00e8re-pays proven\u00e7al, perch\u00e9 sur les hauteurs de Maussane-les-Alpilles, le Mas Sole\u00efo offre un cadre id\u00e9al pour une escapade \u00e0&#8230;<\/p>","protected":false},"featured_media":56908,"comment_status":"open","ping_status":"closed","template":"","meta":{"_acf_changed":false},"product_brand":[],"product_cat":[15],"product_tag":[],"class_list":{"0":"post-56883","1":"product","2":"type-product","3":"status-publish","4":"has-post-thumbnail","6":"product_cat-villa","7":"property_location-france","8":"property_location-provence","10":"first","11":"instock","12":"sold-individually","13":"shipping-taxable","14":"purchasable","15":"product-type-simple"},"acf":[],"yoast_head":"<!-- This site is optimized with the Yoast SEO plugin v26.6 - https:\/\/yoast.com\/wordpress\/plugins\/seo\/ -->\n<title>Mas Sole\u00efo, Les Baux-de-Provence, Provence, France - S\u00e9jour Priv\u00e9<\/title>\n<meta name=\"description\" content=\"Dans l&#039;arri\u00e8re-pays proven\u00e7al, perch\u00e9 sur les hauteurs de Maussane-les-Alpilles, le Mas Sole\u00efo offre un cadre id\u00e9al pour une escapade \u00e0 la campagne. Cette\" \/>\n<meta name=\"robots\" content=\"index, follow, max-snippet:-1, max-image-preview:large, max-video-preview:-1\" \/>\n<link rel=\"canonical\" href=\"https:\/\/www.sejourprive.com\/en\/biens\/mas-soleio-les-baux-de-provence-provence-france\/\" \/>\n<meta property=\"og:locale\" content=\"en_GB\" \/>\n<meta property=\"og:type\" content=\"article\" \/>\n<meta property=\"og:title\" content=\"Mas Sole\u00efo, Les Baux-de-Provence, Provence, France - S\u00e9jour Priv\u00e9\" \/>\n<meta property=\"og:description\" content=\"Dans l&#039;arri\u00e8re-pays proven\u00e7al, perch\u00e9 sur les hauteurs de Maussane-les-Alpilles, le Mas Sole\u00efo offre un cadre id\u00e9al pour une escapade \u00e0 la campagne. Cette\" \/>\n<meta property=\"og:url\" content=\"https:\/\/www.sejourprive.com\/en\/biens\/mas-soleio-les-baux-de-provence-provence-france\/\" \/>\n<meta property=\"og:site_name\" content=\"S\u00e9jour Priv\u00e9\" \/>\n<meta property=\"og:image\" content=\"https:\/\/www.sejourprive.com\/wp-content\/uploads\/2026\/04\/0-24.jpg\" \/>\n\t<meta property=\"og:image:width\" content=\"1200\" \/>\n\t<meta property=\"og:image:height\" content=\"551\" \/>\n\t<meta property=\"og:image:type\" content=\"image\/jpeg\" \/>\n<meta name=\"twitter:card\" content=\"summary_large_image\" \/>\n<meta name=\"twitter:label1\" content=\"Estimated reading time\" \/>\n\t<meta name=\"twitter:data1\" content=\"2 minutes\" \/>\n<script type=\"application\/ld+json\" class=\"yoast-schema-graph\">{\"@context\":\"https:\/\/schema.org\",\"@graph\":[{\"@type\":\"WebPage\",\"@id\":\"https:\/\/www.sejourprive.com\/biens\/mas-soleio-les-baux-de-provence-provence-france\/\",\"url\":\"https:\/\/www.sejourprive.com\/biens\/mas-soleio-les-baux-de-provence-provence-france\/\",\"name\":\"Mas Sole\u00efo, Les Baux-de-Provence, Provence, France - S\u00e9jour Priv\u00e9\",\"isPartOf\":{\"@id\":\"https:\/\/www.sejourprive.com\/#website\"},\"primaryImageOfPage\":{\"@id\":\"https:\/\/www.sejourprive.com\/biens\/mas-soleio-les-baux-de-provence-provence-france\/#primaryimage\"},\"image\":{\"@id\":\"https:\/\/www.sejourprive.com\/biens\/mas-soleio-les-baux-de-provence-provence-france\/#primaryimage\"},\"thumbnailUrl\":\"https:\/\/www.sejourprive.com\/wp-content\/uploads\/2026\/04\/0-24.jpg\",\"datePublished\":\"2026-04-07T13:18:48+00:00\",\"description\":\"Dans l'arri\u00e8re-pays proven\u00e7al, perch\u00e9 sur les hauteurs de Maussane-les-Alpilles, le Mas Sole\u00efo offre un cadre id\u00e9al pour une escapade \u00e0 la campagne. Cette\",\"breadcrumb\":{\"@id\":\"https:\/\/www.sejourprive.com\/biens\/mas-soleio-les-baux-de-provence-provence-france\/#breadcrumb\"},\"inLanguage\":\"en-GB\",\"potentialAction\":[{\"@type\":\"ReadAction\",\"target\":[\"https:\/\/www.sejourprive.com\/biens\/mas-soleio-les-baux-de-provence-provence-france\/\"]}]},{\"@type\":\"ImageObject\",\"inLanguage\":\"en-GB\",\"@id\":\"https:\/\/www.sejourprive.com\/biens\/mas-soleio-les-baux-de-provence-provence-france\/#primaryimage\",\"url\":\"https:\/\/www.sejourprive.com\/wp-content\/uploads\/2026\/04\/0-24.jpg\",\"contentUrl\":\"https:\/\/www.sejourprive.com\/wp-content\/uploads\/2026\/04\/0-24.jpg\",\"width\":1200,\"height\":551},{\"@type\":\"BreadcrumbList\",\"@id\":\"https:\/\/www.sejourprive.com\/biens\/mas-soleio-les-baux-de-provence-provence-france\/#breadcrumb\",\"itemListElement\":[{\"@type\":\"ListItem\",\"position\":1,\"name\":\"Accueil\",\"item\":\"https:\/\/www.sejourprive.com\/\"},{\"@type\":\"ListItem\",\"position\":2,\"name\":\"Shop\",\"item\":\"https:\/\/www.sejourprive.com\/shop\/\"},{\"@type\":\"ListItem\",\"position\":3,\"name\":\"Mas Sole\u00efo, Les Baux-de-Provence, Provence, France\"}]},{\"@type\":\"WebSite\",\"@id\":\"https:\/\/www.sejourprive.com\/#website\",\"url\":\"https:\/\/www.sejourprive.com\/\",\"name\":\"S\u00e9jour Priv\u00e9\",\"description\":\"Nous imaginons pour vous des s\u00e9jours d\u2019exception.\",\"publisher\":{\"@id\":\"https:\/\/www.sejourprive.com\/#organization\"},\"potentialAction\":[{\"@type\":\"SearchAction\",\"target\":{\"@type\":\"EntryPoint\",\"urlTemplate\":\"https:\/\/www.sejourprive.com\/?s={search_term_string}\"},\"query-input\":{\"@type\":\"PropertyValueSpecification\",\"valueRequired\":true,\"valueName\":\"search_term_string\"}}],\"inLanguage\":\"en-GB\"},{\"@type\":\"Organization\",\"@id\":\"https:\/\/www.sejourprive.com\/#organization\",\"name\":\"S\u00e9jour Priv\u00e9\",\"url\":\"https:\/\/www.sejourprive.com\/\",\"logo\":{\"@type\":\"ImageObject\",\"inLanguage\":\"en-GB\",\"@id\":\"https:\/\/www.sejourprive.com\/#\/schema\/logo\/image\/\",\"url\":\"https:\/\/www.sejourprive.com\/wp-content\/uploads\/2026\/02\/SP-Apple-touch-144-couleur-1-2.png\",\"contentUrl\":\"https:\/\/www.sejourprive.com\/wp-content\/uploads\/2026\/02\/SP-Apple-touch-144-couleur-1-2.png\",\"width\":145,\"height\":145,\"caption\":\"S\u00e9jour Priv\u00e9\"},\"image\":{\"@id\":\"https:\/\/www.sejourprive.com\/#\/schema\/logo\/image\/\"}}]}<\/script>\n<!-- \/ Yoast SEO plugin. -->","yoast_head_json":{"title":"Mas Sole\u00efo, Les Baux-de-Provence, Provence, France - S\u00e9jour Priv\u00e9","description":"Dans l'arri\u00e8re-pays proven\u00e7al, perch\u00e9 sur les hauteurs de Maussane-les-Alpilles, le Mas Sole\u00efo offre un cadre id\u00e9al pour une escapade \u00e0 la campagne. Cette","robots":{"index":"index","follow":"follow","max-snippet":"max-snippet:-1","max-image-preview":"max-image-preview:large","max-video-preview":"max-video-preview:-1"},"canonical":"https:\/\/www.sejourprive.com\/en\/biens\/mas-soleio-les-baux-de-provence-provence-france\/","og_locale":"en_GB","og_type":"article","og_title":"Mas Sole\u00efo, Les Baux-de-Provence, Provence, France - S\u00e9jour Priv\u00e9","og_description":"Dans l'arri\u00e8re-pays proven\u00e7al, perch\u00e9 sur les hauteurs de Maussane-les-Alpilles, le Mas Sole\u00efo offre un cadre id\u00e9al pour une escapade \u00e0 la campagne. Cette","og_url":"https:\/\/www.sejourprive.com\/en\/biens\/mas-soleio-les-baux-de-provence-provence-france\/","og_site_name":"S\u00e9jour Priv\u00e9","og_image":[{"width":1200,"height":551,"url":"https:\/\/www.sejourprive.com\/wp-content\/uploads\/2026\/04\/0-24.jpg","type":"image\/jpeg"}],"twitter_card":"summary_large_image","twitter_misc":{"Estimated reading time":"2 minutes"},"schema":{"@context":"https:\/\/schema.org","@graph":[{"@type":"WebPage","@id":"https:\/\/www.sejourprive.com\/biens\/mas-soleio-les-baux-de-provence-provence-france\/","url":"https:\/\/www.sejourprive.com\/biens\/mas-soleio-les-baux-de-provence-provence-france\/","name":"Mas Sole\u00efo, Les Baux-de-Provence, Provence, France - S\u00e9jour Priv\u00e9","isPartOf":{"@id":"https:\/\/www.sejourprive.com\/#website"},"primaryImageOfPage":{"@id":"https:\/\/www.sejourprive.com\/biens\/mas-soleio-les-baux-de-provence-provence-france\/#primaryimage"},"image":{"@id":"https:\/\/www.sejourprive.com\/biens\/mas-soleio-les-baux-de-provence-provence-france\/#primaryimage"},"thumbnailUrl":"https:\/\/www.sejourprive.com\/wp-content\/uploads\/2026\/04\/0-24.jpg","datePublished":"2026-04-07T13:18:48+00:00","description":"Dans l'arri\u00e8re-pays proven\u00e7al, perch\u00e9 sur les hauteurs de Maussane-les-Alpilles, le Mas Sole\u00efo offre un cadre id\u00e9al pour une escapade \u00e0 la campagne. Cette","breadcrumb":{"@id":"https:\/\/www.sejourprive.com\/biens\/mas-soleio-les-baux-de-provence-provence-france\/#breadcrumb"},"inLanguage":"en-GB","potentialAction":[{"@type":"ReadAction","target":["https:\/\/www.sejourprive.com\/biens\/mas-soleio-les-baux-de-provence-provence-france\/"]}]},{"@type":"ImageObject","inLanguage":"en-GB","@id":"https:\/\/www.sejourprive.com\/biens\/mas-soleio-les-baux-de-provence-provence-france\/#primaryimage","url":"https:\/\/www.sejourprive.com\/wp-content\/uploads\/2026\/04\/0-24.jpg","contentUrl":"https:\/\/www.sejourprive.com\/wp-content\/uploads\/2026\/04\/0-24.jpg","width":1200,"height":551},{"@type":"BreadcrumbList","@id":"https:\/\/www.sejourprive.com\/biens\/mas-soleio-les-baux-de-provence-provence-france\/#breadcrumb","itemListElement":[{"@type":"ListItem","position":1,"name":"Accueil","item":"https:\/\/www.sejourprive.com\/"},{"@type":"ListItem","position":2,"name":"Shop","item":"https:\/\/www.sejourprive.com\/shop\/"},{"@type":"ListItem","position":3,"name":"Mas Sole\u00efo, Les Baux-de-Provence, Provence, France"}]},{"@type":"WebSite","@id":"https:\/\/www.sejourprive.com\/#website","url":"https:\/\/www.sejourprive.com\/","name":"Private Stay","description":"We design exceptional holidays for you.","publisher":{"@id":"https:\/\/www.sejourprive.com\/#organization"},"potentialAction":[{"@type":"SearchAction","target":{"@type":"EntryPoint","urlTemplate":"https:\/\/www.sejourprive.com\/?s={search_term_string}"},"query-input":{"@type":"PropertyValueSpecification","valueRequired":true,"valueName":"search_term_string"}}],"inLanguage":"en-GB"},{"@type":"Organization","@id":"https:\/\/www.sejourprive.com\/#organization","name":"Private Stay","url":"https:\/\/www.sejourprive.com\/","logo":{"@type":"ImageObject","inLanguage":"en-GB","@id":"https:\/\/www.sejourprive.com\/#\/schema\/logo\/image\/","url":"https:\/\/www.sejourprive.com\/wp-content\/uploads\/2026\/02\/SP-Apple-touch-144-couleur-1-2.png","contentUrl":"https:\/\/www.sejourprive.com\/wp-content\/uploads\/2026\/02\/SP-Apple-touch-144-couleur-1-2.png","width":145,"height":145,"caption":"S\u00e9jour Priv\u00e9"},"image":{"@id":"https:\/\/www.sejourprive.com\/#\/schema\/logo\/image\/"}}]}},"_links":{"self":[{"href":"https:\/\/www.sejourprive.com\/en\/wp-json\/wp\/v2\/product\/56883","targetHints":{"allow":["GET"]}}],"collection":[{"href":"https:\/\/www.sejourprive.com\/en\/wp-json\/wp\/v2\/product"}],"about":[{"href":"https:\/\/www.sejourprive.com\/en\/wp-json\/wp\/v2\/types\/product"}],"replies":[{"embeddable":true,"href":"https:\/\/www.sejourprive.com\/en\/wp-json\/wp\/v2\/comments?post=56883"}],"version-history":[{"count":0,"href":"https:\/\/www.sejourprive.com\/en\/wp-json\/wp\/v2\/product\/56883\/revisions"}],"wp:featuredmedia":[{"embeddable":true,"href":"https:\/\/www.sejourprive.com\/en\/wp-json\/wp\/v2\/media\/56908"}],"wp:attachment":[{"href":"https:\/\/www.sejourprive.com\/en\/wp-json\/wp\/v2\/media?parent=56883"}],"wp:term":[{"taxonomy":"product_brand","embeddable":true,"href":"https:\/\/www.sejourprive.com\/en\/wp-json\/wp\/v2\/product_brand?post=56883"},{"taxonomy":"product_cat","embeddable":true,"href":"https:\/\/www.sejourprive.com\/en\/wp-json\/wp\/v2\/product_cat?post=56883"},{"taxonomy":"product_tag","embeddable":true,"href":"https:\/\/www.sejourprive.com\/en\/wp-json\/wp\/v2\/product_tag?post=56883"}],"curies":[{"name":"wp","href":"https:\/\/api.w.org\/{rel}","templated":true}]}}