{"id":56679,"date":"2026-04-03T10:43:38","date_gmt":"2026-04-03T08:43:38","guid":{"rendered":"https:\/\/www.sejourprive.com\/?post_type=product&#038;p=56679"},"modified":"2026-04-03T10:43:38","modified_gmt":"2026-04-03T08:43:38","slug":"mas-des-verrieres-saint-remy-de-provence-provence-france","status":"publish","type":"product","link":"https:\/\/www.sejourprive.com\/en\/biens\/mas-des-verrieres-saint-remy-de-provence-provence-france\/","title":{"rendered":"Mas des Verri\u00e8res, Saint-R\u00e9my-de-Provence, Provence, France"},"content":{"rendered":"<p>Nich\u00e9 au c\u0153ur des champs vallonn\u00e9s de Saint-R\u00e9my-de-Provence, le Mas des Verri\u00e8res incarne tout le charme proven\u00e7al. Derri\u00e8re sa fa\u00e7ade traditionnelle en pierre se cache un m\u00e9lange exquis de chaleur et d\u2019\u00e9l\u00e9gance, avec une palette de couleurs terreuses, des mat\u00e9riaux naturels et de superbes baies vitr\u00e9es qui encadrent le paysage. <span><div class=\"read-more-wrapper\"><a class=\"read-more-button\" data-target=\"read-more-69e5fd148c2fa\" data-more-text=\"Read more\" data-less-text=\"Read less\"><span class=\"read-more-text\">Read more<\/span><\/a><div id=\"read-more-69e5fd148c2fa\" class=\"read-more-content\"> <\/span><\/p>\n<p>R\u00e9veillez-vous au chant des oiseaux et au doux murmure du vent dans les arbres. Commencez votre journ\u00e9e par un plongeon dans la piscine priv\u00e9e, entour\u00e9e de jardins magnifiquement entretenus, parfaits pour une promenade tranquille. Au coucher du soleil, savourez des produits locaux lors d&#8217;un d\u00eener barbecue et admirez la lumi\u00e8re dor\u00e9e du soleil se r\u00e9pandre sur le paysage. <\/div><\/div><\/p>","protected":false},"excerpt":{"rendered":"<p>Nich\u00e9 au c\u0153ur des champs vallonn\u00e9s de Saint-R\u00e9my-de-Provence, le Mas des Verri\u00e8res incarne tout le charme proven\u00e7al. Derri\u00e8re sa fa\u00e7ade&#8230;<\/p>","protected":false},"featured_media":56681,"comment_status":"open","ping_status":"closed","template":"","meta":{"_acf_changed":false},"product_brand":[],"product_cat":[15],"product_tag":[],"class_list":{"0":"post-56679","1":"product","2":"type-product","3":"status-publish","4":"has-post-thumbnail","6":"product_cat-villa","7":"property_location-france","8":"property_location-provence","10":"first","11":"instock","12":"sold-individually","13":"shipping-taxable","14":"purchasable","15":"product-type-simple"},"acf":[],"yoast_head":"<!-- This site is optimized with the Yoast SEO plugin v26.6 - https:\/\/yoast.com\/wordpress\/plugins\/seo\/ -->\n<title>Mas des Verri\u00e8res, Saint-R\u00e9my-de-Provence, Provence, France - S\u00e9jour Priv\u00e9<\/title>\n<meta name=\"description\" content=\"Nich\u00e9 au c\u0153ur des champs vallonn\u00e9s de Saint-R\u00e9my-de-Provence, le Mas des Verri\u00e8res incarne tout le charme proven\u00e7al. Derri\u00e8re sa fa\u00e7ade traditionnelle en\" \/>\n<meta name=\"robots\" content=\"index, follow, max-snippet:-1, max-image-preview:large, max-video-preview:-1\" \/>\n<link rel=\"canonical\" href=\"https:\/\/www.sejourprive.com\/en\/biens\/mas-des-verrieres-saint-remy-de-provence-provence-france\/\" \/>\n<meta property=\"og:locale\" content=\"en_GB\" \/>\n<meta property=\"og:type\" content=\"article\" \/>\n<meta property=\"og:title\" content=\"Mas des Verri\u00e8res, Saint-R\u00e9my-de-Provence, Provence, France - S\u00e9jour Priv\u00e9\" \/>\n<meta property=\"og:description\" content=\"Nich\u00e9 au c\u0153ur des champs vallonn\u00e9s de Saint-R\u00e9my-de-Provence, le Mas des Verri\u00e8res incarne tout le charme proven\u00e7al. Derri\u00e8re sa fa\u00e7ade traditionnelle en\" \/>\n<meta property=\"og:url\" content=\"https:\/\/www.sejourprive.com\/en\/biens\/mas-des-verrieres-saint-remy-de-provence-provence-france\/\" \/>\n<meta property=\"og:site_name\" content=\"S\u00e9jour Priv\u00e9\" \/>\n<meta property=\"og:image\" content=\"https:\/\/www.sejourprive.com\/wp-content\/uploads\/2026\/04\/0-21.jpg\" \/>\n\t<meta property=\"og:image:width\" content=\"1200\" \/>\n\t<meta property=\"og:image:height\" content=\"799\" \/>\n\t<meta property=\"og:image:type\" content=\"image\/jpeg\" \/>\n<meta name=\"twitter:card\" content=\"summary_large_image\" \/>\n<meta name=\"twitter:label1\" content=\"Estimated reading time\" \/>\n\t<meta name=\"twitter:data1\" content=\"1 minute\" \/>\n<script type=\"application\/ld+json\" class=\"yoast-schema-graph\">{\"@context\":\"https:\/\/schema.org\",\"@graph\":[{\"@type\":\"WebPage\",\"@id\":\"https:\/\/www.sejourprive.com\/biens\/mas-des-verrieres-saint-remy-de-provence-provence-france\/\",\"url\":\"https:\/\/www.sejourprive.com\/biens\/mas-des-verrieres-saint-remy-de-provence-provence-france\/\",\"name\":\"Mas des Verri\u00e8res, Saint-R\u00e9my-de-Provence, Provence, France - S\u00e9jour Priv\u00e9\",\"isPartOf\":{\"@id\":\"https:\/\/www.sejourprive.com\/#website\"},\"primaryImageOfPage\":{\"@id\":\"https:\/\/www.sejourprive.com\/biens\/mas-des-verrieres-saint-remy-de-provence-provence-france\/#primaryimage\"},\"image\":{\"@id\":\"https:\/\/www.sejourprive.com\/biens\/mas-des-verrieres-saint-remy-de-provence-provence-france\/#primaryimage\"},\"thumbnailUrl\":\"https:\/\/www.sejourprive.com\/wp-content\/uploads\/2026\/04\/0-21.jpg\",\"datePublished\":\"2026-04-03T08:43:38+00:00\",\"description\":\"Nich\u00e9 au c\u0153ur des champs vallonn\u00e9s de Saint-R\u00e9my-de-Provence, le Mas des Verri\u00e8res incarne tout le charme proven\u00e7al. Derri\u00e8re sa fa\u00e7ade traditionnelle en\",\"breadcrumb\":{\"@id\":\"https:\/\/www.sejourprive.com\/biens\/mas-des-verrieres-saint-remy-de-provence-provence-france\/#breadcrumb\"},\"inLanguage\":\"en-GB\",\"potentialAction\":[{\"@type\":\"ReadAction\",\"target\":[\"https:\/\/www.sejourprive.com\/biens\/mas-des-verrieres-saint-remy-de-provence-provence-france\/\"]}]},{\"@type\":\"ImageObject\",\"inLanguage\":\"en-GB\",\"@id\":\"https:\/\/www.sejourprive.com\/biens\/mas-des-verrieres-saint-remy-de-provence-provence-france\/#primaryimage\",\"url\":\"https:\/\/www.sejourprive.com\/wp-content\/uploads\/2026\/04\/0-21.jpg\",\"contentUrl\":\"https:\/\/www.sejourprive.com\/wp-content\/uploads\/2026\/04\/0-21.jpg\",\"width\":1200,\"height\":799},{\"@type\":\"BreadcrumbList\",\"@id\":\"https:\/\/www.sejourprive.com\/biens\/mas-des-verrieres-saint-remy-de-provence-provence-france\/#breadcrumb\",\"itemListElement\":[{\"@type\":\"ListItem\",\"position\":1,\"name\":\"Accueil\",\"item\":\"https:\/\/www.sejourprive.com\/\"},{\"@type\":\"ListItem\",\"position\":2,\"name\":\"Shop\",\"item\":\"https:\/\/www.sejourprive.com\/shop\/\"},{\"@type\":\"ListItem\",\"position\":3,\"name\":\"Mas des Verri\u00e8res, Saint-R\u00e9my-de-Provence, Provence, France\"}]},{\"@type\":\"WebSite\",\"@id\":\"https:\/\/www.sejourprive.com\/#website\",\"url\":\"https:\/\/www.sejourprive.com\/\",\"name\":\"S\u00e9jour Priv\u00e9\",\"description\":\"Nous imaginons pour vous des s\u00e9jours d\u2019exception.\",\"publisher\":{\"@id\":\"https:\/\/www.sejourprive.com\/#organization\"},\"potentialAction\":[{\"@type\":\"SearchAction\",\"target\":{\"@type\":\"EntryPoint\",\"urlTemplate\":\"https:\/\/www.sejourprive.com\/?s={search_term_string}\"},\"query-input\":{\"@type\":\"PropertyValueSpecification\",\"valueRequired\":true,\"valueName\":\"search_term_string\"}}],\"inLanguage\":\"en-GB\"},{\"@type\":\"Organization\",\"@id\":\"https:\/\/www.sejourprive.com\/#organization\",\"name\":\"S\u00e9jour Priv\u00e9\",\"url\":\"https:\/\/www.sejourprive.com\/\",\"logo\":{\"@type\":\"ImageObject\",\"inLanguage\":\"en-GB\",\"@id\":\"https:\/\/www.sejourprive.com\/#\/schema\/logo\/image\/\",\"url\":\"https:\/\/www.sejourprive.com\/wp-content\/uploads\/2026\/02\/SP-Apple-touch-144-couleur-1-2.png\",\"contentUrl\":\"https:\/\/www.sejourprive.com\/wp-content\/uploads\/2026\/02\/SP-Apple-touch-144-couleur-1-2.png\",\"width\":145,\"height\":145,\"caption\":\"S\u00e9jour Priv\u00e9\"},\"image\":{\"@id\":\"https:\/\/www.sejourprive.com\/#\/schema\/logo\/image\/\"}}]}<\/script>\n<!-- \/ Yoast SEO plugin. -->","yoast_head_json":{"title":"Mas des Verri\u00e8res, Saint-R\u00e9my-de-Provence, Provence, France - S\u00e9jour Priv\u00e9","description":"Nich\u00e9 au c\u0153ur des champs vallonn\u00e9s de Saint-R\u00e9my-de-Provence, le Mas des Verri\u00e8res incarne tout le charme proven\u00e7al. Derri\u00e8re sa fa\u00e7ade traditionnelle en","robots":{"index":"index","follow":"follow","max-snippet":"max-snippet:-1","max-image-preview":"max-image-preview:large","max-video-preview":"max-video-preview:-1"},"canonical":"https:\/\/www.sejourprive.com\/en\/biens\/mas-des-verrieres-saint-remy-de-provence-provence-france\/","og_locale":"en_GB","og_type":"article","og_title":"Mas des Verri\u00e8res, Saint-R\u00e9my-de-Provence, Provence, France - S\u00e9jour Priv\u00e9","og_description":"Nich\u00e9 au c\u0153ur des champs vallonn\u00e9s de Saint-R\u00e9my-de-Provence, le Mas des Verri\u00e8res incarne tout le charme proven\u00e7al. Derri\u00e8re sa fa\u00e7ade traditionnelle en","og_url":"https:\/\/www.sejourprive.com\/en\/biens\/mas-des-verrieres-saint-remy-de-provence-provence-france\/","og_site_name":"S\u00e9jour Priv\u00e9","og_image":[{"width":1200,"height":799,"url":"https:\/\/www.sejourprive.com\/wp-content\/uploads\/2026\/04\/0-21.jpg","type":"image\/jpeg"}],"twitter_card":"summary_large_image","twitter_misc":{"Estimated reading time":"1 minute"},"schema":{"@context":"https:\/\/schema.org","@graph":[{"@type":"WebPage","@id":"https:\/\/www.sejourprive.com\/biens\/mas-des-verrieres-saint-remy-de-provence-provence-france\/","url":"https:\/\/www.sejourprive.com\/biens\/mas-des-verrieres-saint-remy-de-provence-provence-france\/","name":"Mas des Verri\u00e8res, Saint-R\u00e9my-de-Provence, Provence, France - S\u00e9jour Priv\u00e9","isPartOf":{"@id":"https:\/\/www.sejourprive.com\/#website"},"primaryImageOfPage":{"@id":"https:\/\/www.sejourprive.com\/biens\/mas-des-verrieres-saint-remy-de-provence-provence-france\/#primaryimage"},"image":{"@id":"https:\/\/www.sejourprive.com\/biens\/mas-des-verrieres-saint-remy-de-provence-provence-france\/#primaryimage"},"thumbnailUrl":"https:\/\/www.sejourprive.com\/wp-content\/uploads\/2026\/04\/0-21.jpg","datePublished":"2026-04-03T08:43:38+00:00","description":"Nich\u00e9 au c\u0153ur des champs vallonn\u00e9s de Saint-R\u00e9my-de-Provence, le Mas des Verri\u00e8res incarne tout le charme proven\u00e7al. Derri\u00e8re sa fa\u00e7ade traditionnelle en","breadcrumb":{"@id":"https:\/\/www.sejourprive.com\/biens\/mas-des-verrieres-saint-remy-de-provence-provence-france\/#breadcrumb"},"inLanguage":"en-GB","potentialAction":[{"@type":"ReadAction","target":["https:\/\/www.sejourprive.com\/biens\/mas-des-verrieres-saint-remy-de-provence-provence-france\/"]}]},{"@type":"ImageObject","inLanguage":"en-GB","@id":"https:\/\/www.sejourprive.com\/biens\/mas-des-verrieres-saint-remy-de-provence-provence-france\/#primaryimage","url":"https:\/\/www.sejourprive.com\/wp-content\/uploads\/2026\/04\/0-21.jpg","contentUrl":"https:\/\/www.sejourprive.com\/wp-content\/uploads\/2026\/04\/0-21.jpg","width":1200,"height":799},{"@type":"BreadcrumbList","@id":"https:\/\/www.sejourprive.com\/biens\/mas-des-verrieres-saint-remy-de-provence-provence-france\/#breadcrumb","itemListElement":[{"@type":"ListItem","position":1,"name":"Accueil","item":"https:\/\/www.sejourprive.com\/"},{"@type":"ListItem","position":2,"name":"Shop","item":"https:\/\/www.sejourprive.com\/shop\/"},{"@type":"ListItem","position":3,"name":"Mas des Verri\u00e8res, Saint-R\u00e9my-de-Provence, Provence, France"}]},{"@type":"WebSite","@id":"https:\/\/www.sejourprive.com\/#website","url":"https:\/\/www.sejourprive.com\/","name":"Private Stay","description":"We design exceptional holidays for you.","publisher":{"@id":"https:\/\/www.sejourprive.com\/#organization"},"potentialAction":[{"@type":"SearchAction","target":{"@type":"EntryPoint","urlTemplate":"https:\/\/www.sejourprive.com\/?s={search_term_string}"},"query-input":{"@type":"PropertyValueSpecification","valueRequired":true,"valueName":"search_term_string"}}],"inLanguage":"en-GB"},{"@type":"Organization","@id":"https:\/\/www.sejourprive.com\/#organization","name":"Private Stay","url":"https:\/\/www.sejourprive.com\/","logo":{"@type":"ImageObject","inLanguage":"en-GB","@id":"https:\/\/www.sejourprive.com\/#\/schema\/logo\/image\/","url":"https:\/\/www.sejourprive.com\/wp-content\/uploads\/2026\/02\/SP-Apple-touch-144-couleur-1-2.png","contentUrl":"https:\/\/www.sejourprive.com\/wp-content\/uploads\/2026\/02\/SP-Apple-touch-144-couleur-1-2.png","width":145,"height":145,"caption":"S\u00e9jour Priv\u00e9"},"image":{"@id":"https:\/\/www.sejourprive.com\/#\/schema\/logo\/image\/"}}]}},"_links":{"self":[{"href":"https:\/\/www.sejourprive.com\/en\/wp-json\/wp\/v2\/product\/56679","targetHints":{"allow":["GET"]}}],"collection":[{"href":"https:\/\/www.sejourprive.com\/en\/wp-json\/wp\/v2\/product"}],"about":[{"href":"https:\/\/www.sejourprive.com\/en\/wp-json\/wp\/v2\/types\/product"}],"replies":[{"embeddable":true,"href":"https:\/\/www.sejourprive.com\/en\/wp-json\/wp\/v2\/comments?post=56679"}],"version-history":[{"count":0,"href":"https:\/\/www.sejourprive.com\/en\/wp-json\/wp\/v2\/product\/56679\/revisions"}],"wp:featuredmedia":[{"embeddable":true,"href":"https:\/\/www.sejourprive.com\/en\/wp-json\/wp\/v2\/media\/56681"}],"wp:attachment":[{"href":"https:\/\/www.sejourprive.com\/en\/wp-json\/wp\/v2\/media?parent=56679"}],"wp:term":[{"taxonomy":"product_brand","embeddable":true,"href":"https:\/\/www.sejourprive.com\/en\/wp-json\/wp\/v2\/product_brand?post=56679"},{"taxonomy":"product_cat","embeddable":true,"href":"https:\/\/www.sejourprive.com\/en\/wp-json\/wp\/v2\/product_cat?post=56679"},{"taxonomy":"product_tag","embeddable":true,"href":"https:\/\/www.sejourprive.com\/en\/wp-json\/wp\/v2\/product_tag?post=56679"}],"curies":[{"name":"wp","href":"https:\/\/api.w.org\/{rel}","templated":true}]}}