{"id":56550,"date":"2026-04-03T10:36:42","date_gmt":"2026-04-03T08:36:42","guid":{"rendered":"https:\/\/www.sejourprive.com\/?post_type=product&#038;p=56550"},"modified":"2026-04-03T10:36:42","modified_gmt":"2026-04-03T08:36:42","slug":"mas-de-la-rose-blanche-gordes-provence-france","status":"publish","type":"product","link":"https:\/\/www.sejourprive.com\/en\/biens\/mas-de-la-rose-blanche-gordes-provence-france\/","title":{"rendered":"Mas de la Rose Blanche, Gordes, Provence, France"},"content":{"rendered":"<p>\u00c0 seulement dix minutes en voiture du pittoresque village de Gordes, le Mas de la Rose Blanche se niche au c\u0153ur de la Provence, vous offrant une immersion authentique dans l&#8217;atmosph\u00e8re chaleureuse de la r\u00e9gion. Cette maison traditionnelle en pierre, entour\u00e9e d&#8217;un jardin m\u00e9diterran\u00e9en o\u00f9 fleurissent la lavande et les roses blanches, incarne l&#8217;\u00e9l\u00e9gance proven\u00e7ale.<span><div class=\"read-more-wrapper\"><a class=\"read-more-button\" data-target=\"read-more-69f7177c2b322\" data-more-text=\"Read more\" data-less-text=\"Read less\"><span class=\"read-more-text\">Read more<\/span><\/a><div id=\"read-more-69f7177c2b322\" class=\"read-more-content\"> <\/span><\/p>\n<p>R\u00e9veillez-vous au chant des oiseaux et laissez les parfums du jardin vous envelopper d\u00e8s les premi\u00e8res lueurs du jour. Apr\u00e8s une promenade dans les all\u00e9es parfum\u00e9es, plongez dans la piscine pour un moment de fra\u00eecheur. Le barbecue vous attend pour un d\u00e9jeuner d\u00e9contract\u00e9 en plein air, suivi d&#8217;un moment de d\u00e9tente dans le jacuzzi ou d&#8217;une partie de p\u00e9tanque conviviale sous le ciel bleu. \u00c0 la tomb\u00e9e de la nuit, le cr\u00e9pitement de la chemin\u00e9e accompagne les moments de convivialit\u00e9, cr\u00e9ant une atmosph\u00e8re douce et sereine pour terminer une journ\u00e9e parfaite.<\/div><\/div><\/p>","protected":false},"excerpt":{"rendered":"<p>\u00c0 seulement dix minutes en voiture du pittoresque village de Gordes, le Mas de la Rose Blanche se niche au&#8230;<\/p>","protected":false},"featured_media":56598,"comment_status":"open","ping_status":"closed","template":"","meta":{"_acf_changed":false},"product_brand":[],"product_cat":[15],"product_tag":[],"class_list":{"0":"post-56550","1":"product","2":"type-product","3":"status-publish","4":"has-post-thumbnail","6":"product_cat-villa","7":"property_location-france","8":"property_location-provence","10":"first","11":"instock","12":"sold-individually","13":"shipping-taxable","14":"purchasable","15":"product-type-simple"},"acf":[],"yoast_head":"<!-- This site is optimized with the Yoast SEO plugin v26.6 - https:\/\/yoast.com\/wordpress\/plugins\/seo\/ -->\n<title>Mas de la Rose Blanche, Gordes, Provence, France - S\u00e9jour Priv\u00e9<\/title>\n<meta name=\"description\" content=\"\u00c0 seulement dix minutes en voiture du pittoresque village de Gordes, le Mas de la Rose Blanche se niche au c\u0153ur de la Provence, vous offrant une immersion\" \/>\n<meta name=\"robots\" content=\"index, follow, max-snippet:-1, max-image-preview:large, max-video-preview:-1\" \/>\n<link rel=\"canonical\" href=\"https:\/\/www.sejourprive.com\/en\/biens\/mas-de-la-rose-blanche-gordes-provence-france\/\" \/>\n<meta property=\"og:locale\" content=\"en_GB\" \/>\n<meta property=\"og:type\" content=\"article\" \/>\n<meta property=\"og:title\" content=\"Mas de la Rose Blanche, Gordes, Provence, France - S\u00e9jour Priv\u00e9\" \/>\n<meta property=\"og:description\" content=\"\u00c0 seulement dix minutes en voiture du pittoresque village de Gordes, le Mas de la Rose Blanche se niche au c\u0153ur de la Provence, vous offrant une immersion\" \/>\n<meta property=\"og:url\" content=\"https:\/\/www.sejourprive.com\/en\/biens\/mas-de-la-rose-blanche-gordes-provence-france\/\" \/>\n<meta property=\"og:site_name\" content=\"S\u00e9jour Priv\u00e9\" \/>\n<meta property=\"og:image\" content=\"https:\/\/www.sejourprive.com\/wp-content\/uploads\/2026\/04\/46-6.jpg\" \/>\n\t<meta property=\"og:image:width\" content=\"1200\" \/>\n\t<meta property=\"og:image:height\" content=\"1122\" \/>\n\t<meta property=\"og:image:type\" content=\"image\/jpeg\" \/>\n<meta name=\"twitter:card\" content=\"summary_large_image\" \/>\n<meta name=\"twitter:label1\" content=\"Estimated reading time\" \/>\n\t<meta name=\"twitter:data1\" content=\"1 minute\" \/>\n<script type=\"application\/ld+json\" class=\"yoast-schema-graph\">{\"@context\":\"https:\/\/schema.org\",\"@graph\":[{\"@type\":\"WebPage\",\"@id\":\"https:\/\/www.sejourprive.com\/biens\/mas-de-la-rose-blanche-gordes-provence-france\/\",\"url\":\"https:\/\/www.sejourprive.com\/biens\/mas-de-la-rose-blanche-gordes-provence-france\/\",\"name\":\"Mas de la Rose Blanche, Gordes, Provence, France - S\u00e9jour Priv\u00e9\",\"isPartOf\":{\"@id\":\"https:\/\/www.sejourprive.com\/#website\"},\"primaryImageOfPage\":{\"@id\":\"https:\/\/www.sejourprive.com\/biens\/mas-de-la-rose-blanche-gordes-provence-france\/#primaryimage\"},\"image\":{\"@id\":\"https:\/\/www.sejourprive.com\/biens\/mas-de-la-rose-blanche-gordes-provence-france\/#primaryimage\"},\"thumbnailUrl\":\"https:\/\/www.sejourprive.com\/wp-content\/uploads\/2026\/04\/46-6.jpg\",\"datePublished\":\"2026-04-03T08:36:42+00:00\",\"description\":\"\u00c0 seulement dix minutes en voiture du pittoresque village de Gordes, le Mas de la Rose Blanche se niche au c\u0153ur de la Provence, vous offrant une immersion\",\"breadcrumb\":{\"@id\":\"https:\/\/www.sejourprive.com\/biens\/mas-de-la-rose-blanche-gordes-provence-france\/#breadcrumb\"},\"inLanguage\":\"en-GB\",\"potentialAction\":[{\"@type\":\"ReadAction\",\"target\":[\"https:\/\/www.sejourprive.com\/biens\/mas-de-la-rose-blanche-gordes-provence-france\/\"]}]},{\"@type\":\"ImageObject\",\"inLanguage\":\"en-GB\",\"@id\":\"https:\/\/www.sejourprive.com\/biens\/mas-de-la-rose-blanche-gordes-provence-france\/#primaryimage\",\"url\":\"https:\/\/www.sejourprive.com\/wp-content\/uploads\/2026\/04\/46-6.jpg\",\"contentUrl\":\"https:\/\/www.sejourprive.com\/wp-content\/uploads\/2026\/04\/46-6.jpg\",\"width\":1200,\"height\":1122},{\"@type\":\"BreadcrumbList\",\"@id\":\"https:\/\/www.sejourprive.com\/biens\/mas-de-la-rose-blanche-gordes-provence-france\/#breadcrumb\",\"itemListElement\":[{\"@type\":\"ListItem\",\"position\":1,\"name\":\"Accueil\",\"item\":\"https:\/\/www.sejourprive.com\/\"},{\"@type\":\"ListItem\",\"position\":2,\"name\":\"Shop\",\"item\":\"https:\/\/www.sejourprive.com\/shop\/\"},{\"@type\":\"ListItem\",\"position\":3,\"name\":\"Mas de la Rose Blanche, Gordes, Provence, France\"}]},{\"@type\":\"WebSite\",\"@id\":\"https:\/\/www.sejourprive.com\/#website\",\"url\":\"https:\/\/www.sejourprive.com\/\",\"name\":\"S\u00e9jour Priv\u00e9\",\"description\":\"Nous imaginons pour vous des s\u00e9jours d\u2019exception.\",\"publisher\":{\"@id\":\"https:\/\/www.sejourprive.com\/#organization\"},\"potentialAction\":[{\"@type\":\"SearchAction\",\"target\":{\"@type\":\"EntryPoint\",\"urlTemplate\":\"https:\/\/www.sejourprive.com\/?s={search_term_string}\"},\"query-input\":{\"@type\":\"PropertyValueSpecification\",\"valueRequired\":true,\"valueName\":\"search_term_string\"}}],\"inLanguage\":\"en-GB\"},{\"@type\":\"Organization\",\"@id\":\"https:\/\/www.sejourprive.com\/#organization\",\"name\":\"S\u00e9jour Priv\u00e9\",\"url\":\"https:\/\/www.sejourprive.com\/\",\"logo\":{\"@type\":\"ImageObject\",\"inLanguage\":\"en-GB\",\"@id\":\"https:\/\/www.sejourprive.com\/#\/schema\/logo\/image\/\",\"url\":\"https:\/\/www.sejourprive.com\/wp-content\/uploads\/2026\/02\/SP-Apple-touch-144-couleur-1-2.png\",\"contentUrl\":\"https:\/\/www.sejourprive.com\/wp-content\/uploads\/2026\/02\/SP-Apple-touch-144-couleur-1-2.png\",\"width\":145,\"height\":145,\"caption\":\"S\u00e9jour Priv\u00e9\"},\"image\":{\"@id\":\"https:\/\/www.sejourprive.com\/#\/schema\/logo\/image\/\"}}]}<\/script>\n<!-- \/ Yoast SEO plugin. -->","yoast_head_json":{"title":"Mas de la Rose Blanche, Gordes, Provence, France - S\u00e9jour Priv\u00e9","description":"\u00c0 seulement dix minutes en voiture du pittoresque village de Gordes, le Mas de la Rose Blanche se niche au c\u0153ur de la Provence, vous offrant une immersion","robots":{"index":"index","follow":"follow","max-snippet":"max-snippet:-1","max-image-preview":"max-image-preview:large","max-video-preview":"max-video-preview:-1"},"canonical":"https:\/\/www.sejourprive.com\/en\/biens\/mas-de-la-rose-blanche-gordes-provence-france\/","og_locale":"en_GB","og_type":"article","og_title":"Mas de la Rose Blanche, Gordes, Provence, France - S\u00e9jour Priv\u00e9","og_description":"\u00c0 seulement dix minutes en voiture du pittoresque village de Gordes, le Mas de la Rose Blanche se niche au c\u0153ur de la Provence, vous offrant une immersion","og_url":"https:\/\/www.sejourprive.com\/en\/biens\/mas-de-la-rose-blanche-gordes-provence-france\/","og_site_name":"S\u00e9jour Priv\u00e9","og_image":[{"width":1200,"height":1122,"url":"https:\/\/www.sejourprive.com\/wp-content\/uploads\/2026\/04\/46-6.jpg","type":"image\/jpeg"}],"twitter_card":"summary_large_image","twitter_misc":{"Estimated reading time":"1 minute"},"schema":{"@context":"https:\/\/schema.org","@graph":[{"@type":"WebPage","@id":"https:\/\/www.sejourprive.com\/biens\/mas-de-la-rose-blanche-gordes-provence-france\/","url":"https:\/\/www.sejourprive.com\/biens\/mas-de-la-rose-blanche-gordes-provence-france\/","name":"Mas de la Rose Blanche, Gordes, Provence, France - S\u00e9jour Priv\u00e9","isPartOf":{"@id":"https:\/\/www.sejourprive.com\/#website"},"primaryImageOfPage":{"@id":"https:\/\/www.sejourprive.com\/biens\/mas-de-la-rose-blanche-gordes-provence-france\/#primaryimage"},"image":{"@id":"https:\/\/www.sejourprive.com\/biens\/mas-de-la-rose-blanche-gordes-provence-france\/#primaryimage"},"thumbnailUrl":"https:\/\/www.sejourprive.com\/wp-content\/uploads\/2026\/04\/46-6.jpg","datePublished":"2026-04-03T08:36:42+00:00","description":"\u00c0 seulement dix minutes en voiture du pittoresque village de Gordes, le Mas de la Rose Blanche se niche au c\u0153ur de la Provence, vous offrant une immersion","breadcrumb":{"@id":"https:\/\/www.sejourprive.com\/biens\/mas-de-la-rose-blanche-gordes-provence-france\/#breadcrumb"},"inLanguage":"en-GB","potentialAction":[{"@type":"ReadAction","target":["https:\/\/www.sejourprive.com\/biens\/mas-de-la-rose-blanche-gordes-provence-france\/"]}]},{"@type":"ImageObject","inLanguage":"en-GB","@id":"https:\/\/www.sejourprive.com\/biens\/mas-de-la-rose-blanche-gordes-provence-france\/#primaryimage","url":"https:\/\/www.sejourprive.com\/wp-content\/uploads\/2026\/04\/46-6.jpg","contentUrl":"https:\/\/www.sejourprive.com\/wp-content\/uploads\/2026\/04\/46-6.jpg","width":1200,"height":1122},{"@type":"BreadcrumbList","@id":"https:\/\/www.sejourprive.com\/biens\/mas-de-la-rose-blanche-gordes-provence-france\/#breadcrumb","itemListElement":[{"@type":"ListItem","position":1,"name":"Accueil","item":"https:\/\/www.sejourprive.com\/"},{"@type":"ListItem","position":2,"name":"Shop","item":"https:\/\/www.sejourprive.com\/shop\/"},{"@type":"ListItem","position":3,"name":"Mas de la Rose Blanche, Gordes, Provence, France"}]},{"@type":"WebSite","@id":"https:\/\/www.sejourprive.com\/#website","url":"https:\/\/www.sejourprive.com\/","name":"Private Stay","description":"We design exceptional holidays for you.","publisher":{"@id":"https:\/\/www.sejourprive.com\/#organization"},"potentialAction":[{"@type":"SearchAction","target":{"@type":"EntryPoint","urlTemplate":"https:\/\/www.sejourprive.com\/?s={search_term_string}"},"query-input":{"@type":"PropertyValueSpecification","valueRequired":true,"valueName":"search_term_string"}}],"inLanguage":"en-GB"},{"@type":"Organization","@id":"https:\/\/www.sejourprive.com\/#organization","name":"Private Stay","url":"https:\/\/www.sejourprive.com\/","logo":{"@type":"ImageObject","inLanguage":"en-GB","@id":"https:\/\/www.sejourprive.com\/#\/schema\/logo\/image\/","url":"https:\/\/www.sejourprive.com\/wp-content\/uploads\/2026\/02\/SP-Apple-touch-144-couleur-1-2.png","contentUrl":"https:\/\/www.sejourprive.com\/wp-content\/uploads\/2026\/02\/SP-Apple-touch-144-couleur-1-2.png","width":145,"height":145,"caption":"S\u00e9jour Priv\u00e9"},"image":{"@id":"https:\/\/www.sejourprive.com\/#\/schema\/logo\/image\/"}}]}},"_links":{"self":[{"href":"https:\/\/www.sejourprive.com\/en\/wp-json\/wp\/v2\/product\/56550","targetHints":{"allow":["GET"]}}],"collection":[{"href":"https:\/\/www.sejourprive.com\/en\/wp-json\/wp\/v2\/product"}],"about":[{"href":"https:\/\/www.sejourprive.com\/en\/wp-json\/wp\/v2\/types\/product"}],"replies":[{"embeddable":true,"href":"https:\/\/www.sejourprive.com\/en\/wp-json\/wp\/v2\/comments?post=56550"}],"version-history":[{"count":0,"href":"https:\/\/www.sejourprive.com\/en\/wp-json\/wp\/v2\/product\/56550\/revisions"}],"wp:featuredmedia":[{"embeddable":true,"href":"https:\/\/www.sejourprive.com\/en\/wp-json\/wp\/v2\/media\/56598"}],"wp:attachment":[{"href":"https:\/\/www.sejourprive.com\/en\/wp-json\/wp\/v2\/media?parent=56550"}],"wp:term":[{"taxonomy":"product_brand","embeddable":true,"href":"https:\/\/www.sejourprive.com\/en\/wp-json\/wp\/v2\/product_brand?post=56550"},{"taxonomy":"product_cat","embeddable":true,"href":"https:\/\/www.sejourprive.com\/en\/wp-json\/wp\/v2\/product_cat?post=56550"},{"taxonomy":"product_tag","embeddable":true,"href":"https:\/\/www.sejourprive.com\/en\/wp-json\/wp\/v2\/product_tag?post=56550"}],"curies":[{"name":"wp","href":"https:\/\/api.w.org\/{rel}","templated":true}]}}