{"id":56510,"date":"2026-04-03T10:35:12","date_gmt":"2026-04-03T08:35:12","guid":{"rendered":"https:\/\/www.sejourprive.com\/?post_type=product&#038;p=56510"},"modified":"2026-04-03T10:35:12","modified_gmt":"2026-04-03T08:35:12","slug":"mas-celesto-paradou-provence-france","status":"publish","type":"product","link":"https:\/\/www.sejourprive.com\/en\/biens\/mas-celesto-paradou-provence-france\/","title":{"rendered":"Mas C\u00e8lesto, Paradou, Provence, France"},"content":{"rendered":"<p>\u00c0 Maussane-Les-Alpilles, au c\u0153ur d\u2019une nature luxuriante, le Mas C\u00e8lesto offre une vue panoramique exceptionnelle sur la verdure environnante, sans aucun voisin \u00e0 proximit\u00e9. Son architecture allie harmonieusement le style proven\u00e7al \u00e0 des touches de modernit\u00e9, cr\u00e9ant un \u00e9quilibre parfait entre tradition et modernit\u00e9. Chaque chambre est d\u00e9cor\u00e9e avec soin, alliant mat\u00e9riaux de qualit\u00e9 et \u00e9l\u00e9ments design pour cr\u00e9er une atmosph\u00e8re chaleureuse et accueillante.<span><div class=\"read-more-wrapper\"><a class=\"read-more-button\" data-target=\"read-more-69e5667f7b05a\" data-more-text=\"Read more\" data-less-text=\"Read less\"><span class=\"read-more-text\">Read more<\/span><\/a><div id=\"read-more-69e5667f7b05a\" class=\"read-more-content\"> <\/span><\/p>\n<p>Commencez votre journ\u00e9e \u00e0 l&#8217;aube par une s\u00e9ance de yoga au bord de la piscine chauff\u00e9e, suivie d&#8217;un petit-d\u00e9jeuner gastronomique dans le jardin arbor\u00e9. Laissez ensuite s&#8217;exprimer votre c\u00f4t\u00e9 sportif avec une partie de padel sur le court priv\u00e9. Apr\u00e8s un d\u00e9jeuner en plein air et une sieste \u00e0 l&#8217;ombre des arbres m\u00e9diterran\u00e9ens, offrez-vous un moment de d\u00e9tente totale dans le sauna. Le soir, rien de tel qu&#8217;un barbecue en famille ou entre amis sous le ciel \u00e9toil\u00e9 pour terminer la journ\u00e9e en beaut\u00e9.<\/div><\/div><\/p>","protected":false},"excerpt":{"rendered":"<p>\u00c0 Maussane-Les-Alpilles, au c\u0153ur d\u2019une nature luxuriante, le Mas C\u00e8lesto offre une vue panoramique exceptionnelle sur la verdure environnante, sans&#8230;<\/p>","protected":false},"featured_media":56515,"comment_status":"open","ping_status":"closed","template":"","meta":{"_acf_changed":false},"product_brand":[],"product_cat":[15],"product_tag":[],"class_list":{"0":"post-56510","1":"product","2":"type-product","3":"status-publish","4":"has-post-thumbnail","6":"product_cat-villa","7":"property_location-france","8":"property_location-provence","10":"first","11":"instock","12":"sold-individually","13":"shipping-taxable","14":"purchasable","15":"product-type-simple"},"acf":[],"yoast_head":"<!-- This site is optimized with the Yoast SEO plugin v26.6 - https:\/\/yoast.com\/wordpress\/plugins\/seo\/ -->\n<title>Mas C\u00e8lesto, Paradou, Provence, France - S\u00e9jour Priv\u00e9<\/title>\n<meta name=\"description\" content=\"\u00c0 Maussane-Les-Alpilles, au c\u0153ur d\u2019une nature luxuriante, le Mas C\u00e8lesto offre une vue panoramique exceptionnelle sur la verdure environnante, sans aucun\" \/>\n<meta name=\"robots\" content=\"index, follow, max-snippet:-1, max-image-preview:large, max-video-preview:-1\" \/>\n<link rel=\"canonical\" href=\"https:\/\/www.sejourprive.com\/en\/biens\/mas-celesto-paradou-provence-france\/\" \/>\n<meta property=\"og:locale\" content=\"en_GB\" \/>\n<meta property=\"og:type\" content=\"article\" \/>\n<meta property=\"og:title\" content=\"Mas C\u00e8lesto, Paradou, Provence, France - S\u00e9jour Priv\u00e9\" \/>\n<meta property=\"og:description\" content=\"\u00c0 Maussane-Les-Alpilles, au c\u0153ur d\u2019une nature luxuriante, le Mas C\u00e8lesto offre une vue panoramique exceptionnelle sur la verdure environnante, sans aucun\" \/>\n<meta property=\"og:url\" content=\"https:\/\/www.sejourprive.com\/en\/biens\/mas-celesto-paradou-provence-france\/\" \/>\n<meta property=\"og:site_name\" content=\"S\u00e9jour Priv\u00e9\" \/>\n<meta property=\"og:image\" content=\"https:\/\/www.sejourprive.com\/wp-content\/uploads\/2026\/04\/3-20.jpg\" \/>\n\t<meta property=\"og:image:width\" content=\"1200\" \/>\n\t<meta property=\"og:image:height\" content=\"900\" \/>\n\t<meta property=\"og:image:type\" content=\"image\/jpeg\" \/>\n<meta name=\"twitter:card\" content=\"summary_large_image\" \/>\n<meta name=\"twitter:label1\" content=\"Estimated reading time\" \/>\n\t<meta name=\"twitter:data1\" content=\"1 minute\" \/>\n<script type=\"application\/ld+json\" class=\"yoast-schema-graph\">{\"@context\":\"https:\/\/schema.org\",\"@graph\":[{\"@type\":\"WebPage\",\"@id\":\"https:\/\/www.sejourprive.com\/biens\/mas-celesto-paradou-provence-france\/\",\"url\":\"https:\/\/www.sejourprive.com\/biens\/mas-celesto-paradou-provence-france\/\",\"name\":\"Mas C\u00e8lesto, Paradou, Provence, France - S\u00e9jour Priv\u00e9\",\"isPartOf\":{\"@id\":\"https:\/\/www.sejourprive.com\/#website\"},\"primaryImageOfPage\":{\"@id\":\"https:\/\/www.sejourprive.com\/biens\/mas-celesto-paradou-provence-france\/#primaryimage\"},\"image\":{\"@id\":\"https:\/\/www.sejourprive.com\/biens\/mas-celesto-paradou-provence-france\/#primaryimage\"},\"thumbnailUrl\":\"https:\/\/www.sejourprive.com\/wp-content\/uploads\/2026\/04\/3-20.jpg\",\"datePublished\":\"2026-04-03T08:35:12+00:00\",\"description\":\"\u00c0 Maussane-Les-Alpilles, au c\u0153ur d\u2019une nature luxuriante, le Mas C\u00e8lesto offre une vue panoramique exceptionnelle sur la verdure environnante, sans aucun\",\"breadcrumb\":{\"@id\":\"https:\/\/www.sejourprive.com\/biens\/mas-celesto-paradou-provence-france\/#breadcrumb\"},\"inLanguage\":\"en-GB\",\"potentialAction\":[{\"@type\":\"ReadAction\",\"target\":[\"https:\/\/www.sejourprive.com\/biens\/mas-celesto-paradou-provence-france\/\"]}]},{\"@type\":\"ImageObject\",\"inLanguage\":\"en-GB\",\"@id\":\"https:\/\/www.sejourprive.com\/biens\/mas-celesto-paradou-provence-france\/#primaryimage\",\"url\":\"https:\/\/www.sejourprive.com\/wp-content\/uploads\/2026\/04\/3-20.jpg\",\"contentUrl\":\"https:\/\/www.sejourprive.com\/wp-content\/uploads\/2026\/04\/3-20.jpg\",\"width\":1200,\"height\":900},{\"@type\":\"BreadcrumbList\",\"@id\":\"https:\/\/www.sejourprive.com\/biens\/mas-celesto-paradou-provence-france\/#breadcrumb\",\"itemListElement\":[{\"@type\":\"ListItem\",\"position\":1,\"name\":\"Accueil\",\"item\":\"https:\/\/www.sejourprive.com\/\"},{\"@type\":\"ListItem\",\"position\":2,\"name\":\"Shop\",\"item\":\"https:\/\/www.sejourprive.com\/shop\/\"},{\"@type\":\"ListItem\",\"position\":3,\"name\":\"Mas C\u00e8lesto, Paradou, Provence, France\"}]},{\"@type\":\"WebSite\",\"@id\":\"https:\/\/www.sejourprive.com\/#website\",\"url\":\"https:\/\/www.sejourprive.com\/\",\"name\":\"S\u00e9jour Priv\u00e9\",\"description\":\"Nous imaginons pour vous des s\u00e9jours d\u2019exception.\",\"publisher\":{\"@id\":\"https:\/\/www.sejourprive.com\/#organization\"},\"potentialAction\":[{\"@type\":\"SearchAction\",\"target\":{\"@type\":\"EntryPoint\",\"urlTemplate\":\"https:\/\/www.sejourprive.com\/?s={search_term_string}\"},\"query-input\":{\"@type\":\"PropertyValueSpecification\",\"valueRequired\":true,\"valueName\":\"search_term_string\"}}],\"inLanguage\":\"en-GB\"},{\"@type\":\"Organization\",\"@id\":\"https:\/\/www.sejourprive.com\/#organization\",\"name\":\"S\u00e9jour Priv\u00e9\",\"url\":\"https:\/\/www.sejourprive.com\/\",\"logo\":{\"@type\":\"ImageObject\",\"inLanguage\":\"en-GB\",\"@id\":\"https:\/\/www.sejourprive.com\/#\/schema\/logo\/image\/\",\"url\":\"https:\/\/www.sejourprive.com\/wp-content\/uploads\/2026\/02\/SP-Apple-touch-144-couleur-1-2.png\",\"contentUrl\":\"https:\/\/www.sejourprive.com\/wp-content\/uploads\/2026\/02\/SP-Apple-touch-144-couleur-1-2.png\",\"width\":145,\"height\":145,\"caption\":\"S\u00e9jour Priv\u00e9\"},\"image\":{\"@id\":\"https:\/\/www.sejourprive.com\/#\/schema\/logo\/image\/\"}}]}<\/script>\n<!-- \/ Yoast SEO plugin. -->","yoast_head_json":{"title":"Mas C\u00e8lesto, Paradou, Provence, France - S\u00e9jour Priv\u00e9","description":"\u00c0 Maussane-Les-Alpilles, au c\u0153ur d\u2019une nature luxuriante, le Mas C\u00e8lesto offre une vue panoramique exceptionnelle sur la verdure environnante, sans aucun","robots":{"index":"index","follow":"follow","max-snippet":"max-snippet:-1","max-image-preview":"max-image-preview:large","max-video-preview":"max-video-preview:-1"},"canonical":"https:\/\/www.sejourprive.com\/en\/biens\/mas-celesto-paradou-provence-france\/","og_locale":"en_GB","og_type":"article","og_title":"Mas C\u00e8lesto, Paradou, Provence, France - S\u00e9jour Priv\u00e9","og_description":"\u00c0 Maussane-Les-Alpilles, au c\u0153ur d\u2019une nature luxuriante, le Mas C\u00e8lesto offre une vue panoramique exceptionnelle sur la verdure environnante, sans aucun","og_url":"https:\/\/www.sejourprive.com\/en\/biens\/mas-celesto-paradou-provence-france\/","og_site_name":"S\u00e9jour Priv\u00e9","og_image":[{"width":1200,"height":900,"url":"https:\/\/www.sejourprive.com\/wp-content\/uploads\/2026\/04\/3-20.jpg","type":"image\/jpeg"}],"twitter_card":"summary_large_image","twitter_misc":{"Estimated reading time":"1 minute"},"schema":{"@context":"https:\/\/schema.org","@graph":[{"@type":"WebPage","@id":"https:\/\/www.sejourprive.com\/biens\/mas-celesto-paradou-provence-france\/","url":"https:\/\/www.sejourprive.com\/biens\/mas-celesto-paradou-provence-france\/","name":"Mas C\u00e8lesto, Paradou, Provence, France - S\u00e9jour Priv\u00e9","isPartOf":{"@id":"https:\/\/www.sejourprive.com\/#website"},"primaryImageOfPage":{"@id":"https:\/\/www.sejourprive.com\/biens\/mas-celesto-paradou-provence-france\/#primaryimage"},"image":{"@id":"https:\/\/www.sejourprive.com\/biens\/mas-celesto-paradou-provence-france\/#primaryimage"},"thumbnailUrl":"https:\/\/www.sejourprive.com\/wp-content\/uploads\/2026\/04\/3-20.jpg","datePublished":"2026-04-03T08:35:12+00:00","description":"\u00c0 Maussane-Les-Alpilles, au c\u0153ur d\u2019une nature luxuriante, le Mas C\u00e8lesto offre une vue panoramique exceptionnelle sur la verdure environnante, sans aucun","breadcrumb":{"@id":"https:\/\/www.sejourprive.com\/biens\/mas-celesto-paradou-provence-france\/#breadcrumb"},"inLanguage":"en-GB","potentialAction":[{"@type":"ReadAction","target":["https:\/\/www.sejourprive.com\/biens\/mas-celesto-paradou-provence-france\/"]}]},{"@type":"ImageObject","inLanguage":"en-GB","@id":"https:\/\/www.sejourprive.com\/biens\/mas-celesto-paradou-provence-france\/#primaryimage","url":"https:\/\/www.sejourprive.com\/wp-content\/uploads\/2026\/04\/3-20.jpg","contentUrl":"https:\/\/www.sejourprive.com\/wp-content\/uploads\/2026\/04\/3-20.jpg","width":1200,"height":900},{"@type":"BreadcrumbList","@id":"https:\/\/www.sejourprive.com\/biens\/mas-celesto-paradou-provence-france\/#breadcrumb","itemListElement":[{"@type":"ListItem","position":1,"name":"Accueil","item":"https:\/\/www.sejourprive.com\/"},{"@type":"ListItem","position":2,"name":"Shop","item":"https:\/\/www.sejourprive.com\/shop\/"},{"@type":"ListItem","position":3,"name":"Mas C\u00e8lesto, Paradou, Provence, France"}]},{"@type":"WebSite","@id":"https:\/\/www.sejourprive.com\/#website","url":"https:\/\/www.sejourprive.com\/","name":"Private Stay","description":"We design exceptional holidays for you.","publisher":{"@id":"https:\/\/www.sejourprive.com\/#organization"},"potentialAction":[{"@type":"SearchAction","target":{"@type":"EntryPoint","urlTemplate":"https:\/\/www.sejourprive.com\/?s={search_term_string}"},"query-input":{"@type":"PropertyValueSpecification","valueRequired":true,"valueName":"search_term_string"}}],"inLanguage":"en-GB"},{"@type":"Organization","@id":"https:\/\/www.sejourprive.com\/#organization","name":"Private Stay","url":"https:\/\/www.sejourprive.com\/","logo":{"@type":"ImageObject","inLanguage":"en-GB","@id":"https:\/\/www.sejourprive.com\/#\/schema\/logo\/image\/","url":"https:\/\/www.sejourprive.com\/wp-content\/uploads\/2026\/02\/SP-Apple-touch-144-couleur-1-2.png","contentUrl":"https:\/\/www.sejourprive.com\/wp-content\/uploads\/2026\/02\/SP-Apple-touch-144-couleur-1-2.png","width":145,"height":145,"caption":"S\u00e9jour Priv\u00e9"},"image":{"@id":"https:\/\/www.sejourprive.com\/#\/schema\/logo\/image\/"}}]}},"_links":{"self":[{"href":"https:\/\/www.sejourprive.com\/en\/wp-json\/wp\/v2\/product\/56510","targetHints":{"allow":["GET"]}}],"collection":[{"href":"https:\/\/www.sejourprive.com\/en\/wp-json\/wp\/v2\/product"}],"about":[{"href":"https:\/\/www.sejourprive.com\/en\/wp-json\/wp\/v2\/types\/product"}],"replies":[{"embeddable":true,"href":"https:\/\/www.sejourprive.com\/en\/wp-json\/wp\/v2\/comments?post=56510"}],"version-history":[{"count":0,"href":"https:\/\/www.sejourprive.com\/en\/wp-json\/wp\/v2\/product\/56510\/revisions"}],"wp:featuredmedia":[{"embeddable":true,"href":"https:\/\/www.sejourprive.com\/en\/wp-json\/wp\/v2\/media\/56515"}],"wp:attachment":[{"href":"https:\/\/www.sejourprive.com\/en\/wp-json\/wp\/v2\/media?parent=56510"}],"wp:term":[{"taxonomy":"product_brand","embeddable":true,"href":"https:\/\/www.sejourprive.com\/en\/wp-json\/wp\/v2\/product_brand?post=56510"},{"taxonomy":"product_cat","embeddable":true,"href":"https:\/\/www.sejourprive.com\/en\/wp-json\/wp\/v2\/product_cat?post=56510"},{"taxonomy":"product_tag","embeddable":true,"href":"https:\/\/www.sejourprive.com\/en\/wp-json\/wp\/v2\/product_tag?post=56510"}],"curies":[{"name":"wp","href":"https:\/\/api.w.org\/{rel}","templated":true}]}}