{"id":56320,"date":"2026-04-03T10:24:18","date_gmt":"2026-04-03T08:24:18","guid":{"rendered":"https:\/\/www.sejourprive.com\/?post_type=product&#038;p=56320"},"modified":"2026-04-03T10:24:18","modified_gmt":"2026-04-03T08:24:18","slug":"domaine-de-linsouciance-cabannes-provence-france","status":"publish","type":"product","link":"https:\/\/www.sejourprive.com\/en\/biens\/domaine-de-linsouciance-cabannes-provence-france\/","title":{"rendered":"Domaine De L'Insouciance, Cabannes, Provence, France"},"content":{"rendered":"<p>Le Domaine de l&#8217;Insouciance incarne le charme proven\u00e7al et t\u00e9moigne d&#8217;un raffinement intemporel et du luxe \u00e0 la fran\u00e7aise. La villa offre un m\u00e9lange enchanteur d&#8217;esth\u00e9tique proven\u00e7ale traditionnelle et de sophistication moderne, avec une vue imprenable sur la campagne fran\u00e7aise luxuriante.<span><div class=\"read-more-wrapper\"><a class=\"read-more-button\" data-target=\"read-more-69eb3b9c3c1c4\" data-more-text=\"Read more\" data-less-text=\"Read less\"><span class=\"read-more-text\">Read more<\/span><\/a><div id=\"read-more-69eb3b9c3c1c4\" class=\"read-more-content\"> <\/span><\/p>\n<p>Profitez de votre s\u00e9jour de d\u00e9tente au Domaine de l&#8217;Insouciance en piquant une t\u00eate rafra\u00eechissante dans la piscine ext\u00e9rieure, avant de disputer un match amical sur le court de tennis sous le chaud soleil proven\u00e7al. \u00c0 mesure que la journ\u00e9e s&#8217;ach\u00e8ve, lancez-vous dans une partie de p\u00e9tanque avant de savourer un d\u00e9licieux d\u00eener barbecue sous les \u00e9toiles.<\/div><\/div><\/p>","protected":false},"excerpt":{"rendered":"<p>Le Domaine de l&#8217;Insouciance incarne le charme proven\u00e7al et t\u00e9moigne d&#8217;un raffinement intemporel et du luxe \u00e0 la fran\u00e7aise. La&#8230;<\/p>","protected":false},"featured_media":56322,"comment_status":"open","ping_status":"closed","template":"","meta":{"_acf_changed":false},"product_brand":[],"product_cat":[15],"product_tag":[],"class_list":{"0":"post-56320","1":"product","2":"type-product","3":"status-publish","4":"has-post-thumbnail","6":"product_cat-villa","7":"property_location-france","8":"property_location-provence","10":"first","11":"instock","12":"sold-individually","13":"shipping-taxable","14":"purchasable","15":"product-type-simple"},"acf":[],"yoast_head":"<!-- This site is optimized with the Yoast SEO plugin v26.6 - https:\/\/yoast.com\/wordpress\/plugins\/seo\/ -->\n<title>Domaine De L&#039;Insouciance, Cabannes, Provence, France - S\u00e9jour Priv\u00e9<\/title>\n<meta name=\"description\" content=\"Le Domaine de l&#039;Insouciance incarne le charme proven\u00e7al et t\u00e9moigne d&#039;un raffinement intemporel et du luxe \u00e0 la fran\u00e7aise. La villa offre un m\u00e9lange\" \/>\n<meta name=\"robots\" content=\"index, follow, max-snippet:-1, max-image-preview:large, max-video-preview:-1\" \/>\n<link rel=\"canonical\" href=\"https:\/\/www.sejourprive.com\/en\/biens\/domaine-de-linsouciance-cabannes-provence-france\/\" \/>\n<meta property=\"og:locale\" content=\"en_GB\" \/>\n<meta property=\"og:type\" content=\"article\" \/>\n<meta property=\"og:title\" content=\"Domaine De L&#039;Insouciance, Cabannes, Provence, France - S\u00e9jour Priv\u00e9\" \/>\n<meta property=\"og:description\" content=\"Le Domaine de l&#039;Insouciance incarne le charme proven\u00e7al et t\u00e9moigne d&#039;un raffinement intemporel et du luxe \u00e0 la fran\u00e7aise. La villa offre un m\u00e9lange\" \/>\n<meta property=\"og:url\" content=\"https:\/\/www.sejourprive.com\/en\/biens\/domaine-de-linsouciance-cabannes-provence-france\/\" \/>\n<meta property=\"og:site_name\" content=\"S\u00e9jour Priv\u00e9\" \/>\n<meta property=\"og:image\" content=\"https:\/\/www.sejourprive.com\/wp-content\/uploads\/2026\/04\/0-13.jpg\" \/>\n\t<meta property=\"og:image:width\" content=\"1200\" \/>\n\t<meta property=\"og:image:height\" content=\"800\" \/>\n\t<meta property=\"og:image:type\" content=\"image\/jpeg\" \/>\n<meta name=\"twitter:card\" content=\"summary_large_image\" \/>\n<meta name=\"twitter:label1\" content=\"Estimated reading time\" \/>\n\t<meta name=\"twitter:data1\" content=\"1 minute\" \/>\n<script type=\"application\/ld+json\" class=\"yoast-schema-graph\">{\"@context\":\"https:\/\/schema.org\",\"@graph\":[{\"@type\":\"WebPage\",\"@id\":\"https:\/\/www.sejourprive.com\/biens\/domaine-de-linsouciance-cabannes-provence-france\/\",\"url\":\"https:\/\/www.sejourprive.com\/biens\/domaine-de-linsouciance-cabannes-provence-france\/\",\"name\":\"Domaine De L'Insouciance, Cabannes, Provence, France - S\u00e9jour Priv\u00e9\",\"isPartOf\":{\"@id\":\"https:\/\/www.sejourprive.com\/#website\"},\"primaryImageOfPage\":{\"@id\":\"https:\/\/www.sejourprive.com\/biens\/domaine-de-linsouciance-cabannes-provence-france\/#primaryimage\"},\"image\":{\"@id\":\"https:\/\/www.sejourprive.com\/biens\/domaine-de-linsouciance-cabannes-provence-france\/#primaryimage\"},\"thumbnailUrl\":\"https:\/\/www.sejourprive.com\/wp-content\/uploads\/2026\/04\/0-13.jpg\",\"datePublished\":\"2026-04-03T08:24:18+00:00\",\"description\":\"Le Domaine de l'Insouciance incarne le charme proven\u00e7al et t\u00e9moigne d'un raffinement intemporel et du luxe \u00e0 la fran\u00e7aise. La villa offre un m\u00e9lange\",\"breadcrumb\":{\"@id\":\"https:\/\/www.sejourprive.com\/biens\/domaine-de-linsouciance-cabannes-provence-france\/#breadcrumb\"},\"inLanguage\":\"en-GB\",\"potentialAction\":[{\"@type\":\"ReadAction\",\"target\":[\"https:\/\/www.sejourprive.com\/biens\/domaine-de-linsouciance-cabannes-provence-france\/\"]}]},{\"@type\":\"ImageObject\",\"inLanguage\":\"en-GB\",\"@id\":\"https:\/\/www.sejourprive.com\/biens\/domaine-de-linsouciance-cabannes-provence-france\/#primaryimage\",\"url\":\"https:\/\/www.sejourprive.com\/wp-content\/uploads\/2026\/04\/0-13.jpg\",\"contentUrl\":\"https:\/\/www.sejourprive.com\/wp-content\/uploads\/2026\/04\/0-13.jpg\",\"width\":1200,\"height\":800},{\"@type\":\"BreadcrumbList\",\"@id\":\"https:\/\/www.sejourprive.com\/biens\/domaine-de-linsouciance-cabannes-provence-france\/#breadcrumb\",\"itemListElement\":[{\"@type\":\"ListItem\",\"position\":1,\"name\":\"Accueil\",\"item\":\"https:\/\/www.sejourprive.com\/\"},{\"@type\":\"ListItem\",\"position\":2,\"name\":\"Shop\",\"item\":\"https:\/\/www.sejourprive.com\/shop\/\"},{\"@type\":\"ListItem\",\"position\":3,\"name\":\"Domaine De L&#8217;Insouciance, Cabannes, Provence, France\"}]},{\"@type\":\"WebSite\",\"@id\":\"https:\/\/www.sejourprive.com\/#website\",\"url\":\"https:\/\/www.sejourprive.com\/\",\"name\":\"S\u00e9jour Priv\u00e9\",\"description\":\"Nous imaginons pour vous des s\u00e9jours d\u2019exception.\",\"publisher\":{\"@id\":\"https:\/\/www.sejourprive.com\/#organization\"},\"potentialAction\":[{\"@type\":\"SearchAction\",\"target\":{\"@type\":\"EntryPoint\",\"urlTemplate\":\"https:\/\/www.sejourprive.com\/?s={search_term_string}\"},\"query-input\":{\"@type\":\"PropertyValueSpecification\",\"valueRequired\":true,\"valueName\":\"search_term_string\"}}],\"inLanguage\":\"en-GB\"},{\"@type\":\"Organization\",\"@id\":\"https:\/\/www.sejourprive.com\/#organization\",\"name\":\"S\u00e9jour Priv\u00e9\",\"url\":\"https:\/\/www.sejourprive.com\/\",\"logo\":{\"@type\":\"ImageObject\",\"inLanguage\":\"en-GB\",\"@id\":\"https:\/\/www.sejourprive.com\/#\/schema\/logo\/image\/\",\"url\":\"https:\/\/www.sejourprive.com\/wp-content\/uploads\/2026\/02\/SP-Apple-touch-144-couleur-1-2.png\",\"contentUrl\":\"https:\/\/www.sejourprive.com\/wp-content\/uploads\/2026\/02\/SP-Apple-touch-144-couleur-1-2.png\",\"width\":145,\"height\":145,\"caption\":\"S\u00e9jour Priv\u00e9\"},\"image\":{\"@id\":\"https:\/\/www.sejourprive.com\/#\/schema\/logo\/image\/\"}}]}<\/script>\n<!-- \/ Yoast SEO plugin. -->","yoast_head_json":{"title":"Domaine De L'Insouciance, Cabannes, Provence, France - S\u00e9jour Priv\u00e9","description":"Le Domaine de l'Insouciance incarne le charme proven\u00e7al et t\u00e9moigne d'un raffinement intemporel et du luxe \u00e0 la fran\u00e7aise. La villa offre un m\u00e9lange","robots":{"index":"index","follow":"follow","max-snippet":"max-snippet:-1","max-image-preview":"max-image-preview:large","max-video-preview":"max-video-preview:-1"},"canonical":"https:\/\/www.sejourprive.com\/en\/biens\/domaine-de-linsouciance-cabannes-provence-france\/","og_locale":"en_GB","og_type":"article","og_title":"Domaine De L'Insouciance, Cabannes, Provence, France - S\u00e9jour Priv\u00e9","og_description":"Le Domaine de l'Insouciance incarne le charme proven\u00e7al et t\u00e9moigne d'un raffinement intemporel et du luxe \u00e0 la fran\u00e7aise. La villa offre un m\u00e9lange","og_url":"https:\/\/www.sejourprive.com\/en\/biens\/domaine-de-linsouciance-cabannes-provence-france\/","og_site_name":"S\u00e9jour Priv\u00e9","og_image":[{"width":1200,"height":800,"url":"https:\/\/www.sejourprive.com\/wp-content\/uploads\/2026\/04\/0-13.jpg","type":"image\/jpeg"}],"twitter_card":"summary_large_image","twitter_misc":{"Estimated reading time":"1 minute"},"schema":{"@context":"https:\/\/schema.org","@graph":[{"@type":"WebPage","@id":"https:\/\/www.sejourprive.com\/biens\/domaine-de-linsouciance-cabannes-provence-france\/","url":"https:\/\/www.sejourprive.com\/biens\/domaine-de-linsouciance-cabannes-provence-france\/","name":"Domaine De L'Insouciance, Cabannes, Provence, France - S\u00e9jour Priv\u00e9","isPartOf":{"@id":"https:\/\/www.sejourprive.com\/#website"},"primaryImageOfPage":{"@id":"https:\/\/www.sejourprive.com\/biens\/domaine-de-linsouciance-cabannes-provence-france\/#primaryimage"},"image":{"@id":"https:\/\/www.sejourprive.com\/biens\/domaine-de-linsouciance-cabannes-provence-france\/#primaryimage"},"thumbnailUrl":"https:\/\/www.sejourprive.com\/wp-content\/uploads\/2026\/04\/0-13.jpg","datePublished":"2026-04-03T08:24:18+00:00","description":"Le Domaine de l'Insouciance incarne le charme proven\u00e7al et t\u00e9moigne d'un raffinement intemporel et du luxe \u00e0 la fran\u00e7aise. La villa offre un m\u00e9lange","breadcrumb":{"@id":"https:\/\/www.sejourprive.com\/biens\/domaine-de-linsouciance-cabannes-provence-france\/#breadcrumb"},"inLanguage":"en-GB","potentialAction":[{"@type":"ReadAction","target":["https:\/\/www.sejourprive.com\/biens\/domaine-de-linsouciance-cabannes-provence-france\/"]}]},{"@type":"ImageObject","inLanguage":"en-GB","@id":"https:\/\/www.sejourprive.com\/biens\/domaine-de-linsouciance-cabannes-provence-france\/#primaryimage","url":"https:\/\/www.sejourprive.com\/wp-content\/uploads\/2026\/04\/0-13.jpg","contentUrl":"https:\/\/www.sejourprive.com\/wp-content\/uploads\/2026\/04\/0-13.jpg","width":1200,"height":800},{"@type":"BreadcrumbList","@id":"https:\/\/www.sejourprive.com\/biens\/domaine-de-linsouciance-cabannes-provence-france\/#breadcrumb","itemListElement":[{"@type":"ListItem","position":1,"name":"Accueil","item":"https:\/\/www.sejourprive.com\/"},{"@type":"ListItem","position":2,"name":"Shop","item":"https:\/\/www.sejourprive.com\/shop\/"},{"@type":"ListItem","position":3,"name":"Domaine De L&#8217;Insouciance, Cabannes, Provence, France"}]},{"@type":"WebSite","@id":"https:\/\/www.sejourprive.com\/#website","url":"https:\/\/www.sejourprive.com\/","name":"Private Stay","description":"We design exceptional holidays for you.","publisher":{"@id":"https:\/\/www.sejourprive.com\/#organization"},"potentialAction":[{"@type":"SearchAction","target":{"@type":"EntryPoint","urlTemplate":"https:\/\/www.sejourprive.com\/?s={search_term_string}"},"query-input":{"@type":"PropertyValueSpecification","valueRequired":true,"valueName":"search_term_string"}}],"inLanguage":"en-GB"},{"@type":"Organization","@id":"https:\/\/www.sejourprive.com\/#organization","name":"Private Stay","url":"https:\/\/www.sejourprive.com\/","logo":{"@type":"ImageObject","inLanguage":"en-GB","@id":"https:\/\/www.sejourprive.com\/#\/schema\/logo\/image\/","url":"https:\/\/www.sejourprive.com\/wp-content\/uploads\/2026\/02\/SP-Apple-touch-144-couleur-1-2.png","contentUrl":"https:\/\/www.sejourprive.com\/wp-content\/uploads\/2026\/02\/SP-Apple-touch-144-couleur-1-2.png","width":145,"height":145,"caption":"S\u00e9jour Priv\u00e9"},"image":{"@id":"https:\/\/www.sejourprive.com\/#\/schema\/logo\/image\/"}}]}},"_links":{"self":[{"href":"https:\/\/www.sejourprive.com\/en\/wp-json\/wp\/v2\/product\/56320","targetHints":{"allow":["GET"]}}],"collection":[{"href":"https:\/\/www.sejourprive.com\/en\/wp-json\/wp\/v2\/product"}],"about":[{"href":"https:\/\/www.sejourprive.com\/en\/wp-json\/wp\/v2\/types\/product"}],"replies":[{"embeddable":true,"href":"https:\/\/www.sejourprive.com\/en\/wp-json\/wp\/v2\/comments?post=56320"}],"version-history":[{"count":0,"href":"https:\/\/www.sejourprive.com\/en\/wp-json\/wp\/v2\/product\/56320\/revisions"}],"wp:featuredmedia":[{"embeddable":true,"href":"https:\/\/www.sejourprive.com\/en\/wp-json\/wp\/v2\/media\/56322"}],"wp:attachment":[{"href":"https:\/\/www.sejourprive.com\/en\/wp-json\/wp\/v2\/media?parent=56320"}],"wp:term":[{"taxonomy":"product_brand","embeddable":true,"href":"https:\/\/www.sejourprive.com\/en\/wp-json\/wp\/v2\/product_brand?post=56320"},{"taxonomy":"product_cat","embeddable":true,"href":"https:\/\/www.sejourprive.com\/en\/wp-json\/wp\/v2\/product_cat?post=56320"},{"taxonomy":"product_tag","embeddable":true,"href":"https:\/\/www.sejourprive.com\/en\/wp-json\/wp\/v2\/product_tag?post=56320"}],"curies":[{"name":"wp","href":"https:\/\/api.w.org\/{rel}","templated":true}]}}