{"id":56164,"date":"2026-04-01T16:21:03","date_gmt":"2026-04-01T14:21:03","guid":{"rendered":"https:\/\/www.sejourprive.com\/?post_type=product&#038;p=56164"},"modified":"2026-04-01T16:21:03","modified_gmt":"2026-04-01T14:21:03","slug":"villa-la-corniche-marseille-provence-france","status":"publish","type":"product","link":"https:\/\/www.sejourprive.com\/en\/biens\/villa-la-corniche-marseille-provence-france\/","title":{"rendered":"Villa la Corniche, Marseille, Provence, France"},"content":{"rendered":"<p>Au c\u0153ur de Marseille, \u00e0 quelques minutes \u00e0 pied de la plage, la Villa La Corniche surplombe la M\u00e9diterran\u00e9e. Derri\u00e8re ce chef-d\u2019\u0153uvre de design se cachent un charmant jardin tropical et un d\u00e9cor lumineux ponctu\u00e9 de touches vintage. La cerise sur le g\u00e2teau ? Ses grandes baies vitr\u00e9es qui s\u2019ouvrent sur une vue imprenable sur la mer.<span><div class=\"read-more-wrapper\"><a class=\"read-more-button\" data-target=\"read-more-69f2aef25cec6\" data-more-text=\"Read more\" data-less-text=\"Read less\"><span class=\"read-more-text\">Read more<\/span><\/a><div id=\"read-more-69f2aef25cec6\" class=\"read-more-content\"> <\/span><\/p>\n<p>R\u00e9veillez-vous au chant des cigales et commencez votre journ\u00e9e par un plongeon rafra\u00eechissant dans la piscine ext\u00e9rieure, tout en admirant la vue imprenable sur la mer. Plongez ensuite dans la vapeur du hammam avant de savourer un d\u00e9licieux d\u00e9jeuner barbecue. Passez l&#8217;apr\u00e8s-midi \u00e0 fl\u00e2ner dans les rues de Marseille, \u00e0 la d\u00e9couverte de ses plages et de ses charmantes boutiques. \u00c0 la tomb\u00e9e de la nuit, d\u00e9tendez-vous dans votre jardin m\u00e9diterran\u00e9en en regardant le soleil se coucher \u00e0 l&#8217;horizon.<\/div><\/div><\/p>","protected":false},"excerpt":{"rendered":"<p>Au c\u0153ur de Marseille, \u00e0 quelques minutes \u00e0 pied de la plage, la Villa La Corniche surplombe la M\u00e9diterran\u00e9e. Derri\u00e8re&#8230;<\/p>","protected":false},"featured_media":56168,"comment_status":"open","ping_status":"closed","template":"","meta":{"_acf_changed":false},"product_brand":[],"product_cat":[15],"product_tag":[],"class_list":{"0":"post-56164","1":"product","2":"type-product","3":"status-publish","4":"has-post-thumbnail","6":"product_cat-villa","7":"property_location-france","8":"property_location-provence","10":"first","11":"instock","12":"sold-individually","13":"shipping-taxable","14":"purchasable","15":"product-type-simple"},"acf":[],"yoast_head":"<!-- This site is optimized with the Yoast SEO plugin v26.6 - https:\/\/yoast.com\/wordpress\/plugins\/seo\/ -->\n<title>Villa la Corniche, Marseille, Provence, France - S\u00e9jour Priv\u00e9<\/title>\n<meta name=\"description\" content=\"Au c\u0153ur de Marseille, \u00e0 quelques minutes \u00e0 pied de la plage, la Villa La Corniche surplombe la M\u00e9diterran\u00e9e. Derri\u00e8re ce chef-d\u2019\u0153uvre de design se cachent\" \/>\n<meta name=\"robots\" content=\"index, follow, max-snippet:-1, max-image-preview:large, max-video-preview:-1\" \/>\n<link rel=\"canonical\" href=\"https:\/\/www.sejourprive.com\/en\/biens\/villa-la-corniche-marseille-provence-france\/\" \/>\n<meta property=\"og:locale\" content=\"en_GB\" \/>\n<meta property=\"og:type\" content=\"article\" \/>\n<meta property=\"og:title\" content=\"Villa la Corniche, Marseille, Provence, France - S\u00e9jour Priv\u00e9\" \/>\n<meta property=\"og:description\" content=\"Au c\u0153ur de Marseille, \u00e0 quelques minutes \u00e0 pied de la plage, la Villa La Corniche surplombe la M\u00e9diterran\u00e9e. Derri\u00e8re ce chef-d\u2019\u0153uvre de design se cachent\" \/>\n<meta property=\"og:url\" content=\"https:\/\/www.sejourprive.com\/en\/biens\/villa-la-corniche-marseille-provence-france\/\" \/>\n<meta property=\"og:site_name\" content=\"S\u00e9jour Priv\u00e9\" \/>\n<meta property=\"og:image\" content=\"https:\/\/www.sejourprive.com\/wp-content\/uploads\/2026\/04\/1-12.jpg\" \/>\n\t<meta property=\"og:image:width\" content=\"1200\" \/>\n\t<meta property=\"og:image:height\" content=\"800\" \/>\n\t<meta property=\"og:image:type\" content=\"image\/jpeg\" \/>\n<meta name=\"twitter:card\" content=\"summary_large_image\" \/>\n<meta name=\"twitter:label1\" content=\"Estimated reading time\" \/>\n\t<meta name=\"twitter:data1\" content=\"1 minute\" \/>\n<script type=\"application\/ld+json\" class=\"yoast-schema-graph\">{\"@context\":\"https:\/\/schema.org\",\"@graph\":[{\"@type\":\"WebPage\",\"@id\":\"https:\/\/www.sejourprive.com\/biens\/villa-la-corniche-marseille-provence-france\/\",\"url\":\"https:\/\/www.sejourprive.com\/biens\/villa-la-corniche-marseille-provence-france\/\",\"name\":\"Villa la Corniche, Marseille, Provence, France - S\u00e9jour Priv\u00e9\",\"isPartOf\":{\"@id\":\"https:\/\/www.sejourprive.com\/#website\"},\"primaryImageOfPage\":{\"@id\":\"https:\/\/www.sejourprive.com\/biens\/villa-la-corniche-marseille-provence-france\/#primaryimage\"},\"image\":{\"@id\":\"https:\/\/www.sejourprive.com\/biens\/villa-la-corniche-marseille-provence-france\/#primaryimage\"},\"thumbnailUrl\":\"https:\/\/www.sejourprive.com\/wp-content\/uploads\/2026\/04\/1-12.jpg\",\"datePublished\":\"2026-04-01T14:21:03+00:00\",\"description\":\"Au c\u0153ur de Marseille, \u00e0 quelques minutes \u00e0 pied de la plage, la Villa La Corniche surplombe la M\u00e9diterran\u00e9e. Derri\u00e8re ce chef-d\u2019\u0153uvre de design se cachent\",\"breadcrumb\":{\"@id\":\"https:\/\/www.sejourprive.com\/biens\/villa-la-corniche-marseille-provence-france\/#breadcrumb\"},\"inLanguage\":\"en-GB\",\"potentialAction\":[{\"@type\":\"ReadAction\",\"target\":[\"https:\/\/www.sejourprive.com\/biens\/villa-la-corniche-marseille-provence-france\/\"]}]},{\"@type\":\"ImageObject\",\"inLanguage\":\"en-GB\",\"@id\":\"https:\/\/www.sejourprive.com\/biens\/villa-la-corniche-marseille-provence-france\/#primaryimage\",\"url\":\"https:\/\/www.sejourprive.com\/wp-content\/uploads\/2026\/04\/1-12.jpg\",\"contentUrl\":\"https:\/\/www.sejourprive.com\/wp-content\/uploads\/2026\/04\/1-12.jpg\",\"width\":1200,\"height\":800},{\"@type\":\"BreadcrumbList\",\"@id\":\"https:\/\/www.sejourprive.com\/biens\/villa-la-corniche-marseille-provence-france\/#breadcrumb\",\"itemListElement\":[{\"@type\":\"ListItem\",\"position\":1,\"name\":\"Accueil\",\"item\":\"https:\/\/www.sejourprive.com\/\"},{\"@type\":\"ListItem\",\"position\":2,\"name\":\"Shop\",\"item\":\"https:\/\/www.sejourprive.com\/shop\/\"},{\"@type\":\"ListItem\",\"position\":3,\"name\":\"Villa la Corniche, Marseille, Provence, France\"}]},{\"@type\":\"WebSite\",\"@id\":\"https:\/\/www.sejourprive.com\/#website\",\"url\":\"https:\/\/www.sejourprive.com\/\",\"name\":\"S\u00e9jour Priv\u00e9\",\"description\":\"Nous imaginons pour vous des s\u00e9jours d\u2019exception.\",\"publisher\":{\"@id\":\"https:\/\/www.sejourprive.com\/#organization\"},\"potentialAction\":[{\"@type\":\"SearchAction\",\"target\":{\"@type\":\"EntryPoint\",\"urlTemplate\":\"https:\/\/www.sejourprive.com\/?s={search_term_string}\"},\"query-input\":{\"@type\":\"PropertyValueSpecification\",\"valueRequired\":true,\"valueName\":\"search_term_string\"}}],\"inLanguage\":\"en-GB\"},{\"@type\":\"Organization\",\"@id\":\"https:\/\/www.sejourprive.com\/#organization\",\"name\":\"S\u00e9jour Priv\u00e9\",\"url\":\"https:\/\/www.sejourprive.com\/\",\"logo\":{\"@type\":\"ImageObject\",\"inLanguage\":\"en-GB\",\"@id\":\"https:\/\/www.sejourprive.com\/#\/schema\/logo\/image\/\",\"url\":\"https:\/\/www.sejourprive.com\/wp-content\/uploads\/2026\/02\/SP-Apple-touch-144-couleur-1-2.png\",\"contentUrl\":\"https:\/\/www.sejourprive.com\/wp-content\/uploads\/2026\/02\/SP-Apple-touch-144-couleur-1-2.png\",\"width\":145,\"height\":145,\"caption\":\"S\u00e9jour Priv\u00e9\"},\"image\":{\"@id\":\"https:\/\/www.sejourprive.com\/#\/schema\/logo\/image\/\"}}]}<\/script>\n<!-- \/ Yoast SEO plugin. -->","yoast_head_json":{"title":"Villa la Corniche, Marseille, Provence, France - S\u00e9jour Priv\u00e9","description":"Au c\u0153ur de Marseille, \u00e0 quelques minutes \u00e0 pied de la plage, la Villa La Corniche surplombe la M\u00e9diterran\u00e9e. Derri\u00e8re ce chef-d\u2019\u0153uvre de design se cachent","robots":{"index":"index","follow":"follow","max-snippet":"max-snippet:-1","max-image-preview":"max-image-preview:large","max-video-preview":"max-video-preview:-1"},"canonical":"https:\/\/www.sejourprive.com\/en\/biens\/villa-la-corniche-marseille-provence-france\/","og_locale":"en_GB","og_type":"article","og_title":"Villa la Corniche, Marseille, Provence, France - S\u00e9jour Priv\u00e9","og_description":"Au c\u0153ur de Marseille, \u00e0 quelques minutes \u00e0 pied de la plage, la Villa La Corniche surplombe la M\u00e9diterran\u00e9e. Derri\u00e8re ce chef-d\u2019\u0153uvre de design se cachent","og_url":"https:\/\/www.sejourprive.com\/en\/biens\/villa-la-corniche-marseille-provence-france\/","og_site_name":"S\u00e9jour Priv\u00e9","og_image":[{"width":1200,"height":800,"url":"https:\/\/www.sejourprive.com\/wp-content\/uploads\/2026\/04\/1-12.jpg","type":"image\/jpeg"}],"twitter_card":"summary_large_image","twitter_misc":{"Estimated reading time":"1 minute"},"schema":{"@context":"https:\/\/schema.org","@graph":[{"@type":"WebPage","@id":"https:\/\/www.sejourprive.com\/biens\/villa-la-corniche-marseille-provence-france\/","url":"https:\/\/www.sejourprive.com\/biens\/villa-la-corniche-marseille-provence-france\/","name":"Villa la Corniche, Marseille, Provence, France - S\u00e9jour Priv\u00e9","isPartOf":{"@id":"https:\/\/www.sejourprive.com\/#website"},"primaryImageOfPage":{"@id":"https:\/\/www.sejourprive.com\/biens\/villa-la-corniche-marseille-provence-france\/#primaryimage"},"image":{"@id":"https:\/\/www.sejourprive.com\/biens\/villa-la-corniche-marseille-provence-france\/#primaryimage"},"thumbnailUrl":"https:\/\/www.sejourprive.com\/wp-content\/uploads\/2026\/04\/1-12.jpg","datePublished":"2026-04-01T14:21:03+00:00","description":"Au c\u0153ur de Marseille, \u00e0 quelques minutes \u00e0 pied de la plage, la Villa La Corniche surplombe la M\u00e9diterran\u00e9e. Derri\u00e8re ce chef-d\u2019\u0153uvre de design se cachent","breadcrumb":{"@id":"https:\/\/www.sejourprive.com\/biens\/villa-la-corniche-marseille-provence-france\/#breadcrumb"},"inLanguage":"en-GB","potentialAction":[{"@type":"ReadAction","target":["https:\/\/www.sejourprive.com\/biens\/villa-la-corniche-marseille-provence-france\/"]}]},{"@type":"ImageObject","inLanguage":"en-GB","@id":"https:\/\/www.sejourprive.com\/biens\/villa-la-corniche-marseille-provence-france\/#primaryimage","url":"https:\/\/www.sejourprive.com\/wp-content\/uploads\/2026\/04\/1-12.jpg","contentUrl":"https:\/\/www.sejourprive.com\/wp-content\/uploads\/2026\/04\/1-12.jpg","width":1200,"height":800},{"@type":"BreadcrumbList","@id":"https:\/\/www.sejourprive.com\/biens\/villa-la-corniche-marseille-provence-france\/#breadcrumb","itemListElement":[{"@type":"ListItem","position":1,"name":"Accueil","item":"https:\/\/www.sejourprive.com\/"},{"@type":"ListItem","position":2,"name":"Shop","item":"https:\/\/www.sejourprive.com\/shop\/"},{"@type":"ListItem","position":3,"name":"Villa la Corniche, Marseille, Provence, France"}]},{"@type":"WebSite","@id":"https:\/\/www.sejourprive.com\/#website","url":"https:\/\/www.sejourprive.com\/","name":"Private Stay","description":"We design exceptional holidays for you.","publisher":{"@id":"https:\/\/www.sejourprive.com\/#organization"},"potentialAction":[{"@type":"SearchAction","target":{"@type":"EntryPoint","urlTemplate":"https:\/\/www.sejourprive.com\/?s={search_term_string}"},"query-input":{"@type":"PropertyValueSpecification","valueRequired":true,"valueName":"search_term_string"}}],"inLanguage":"en-GB"},{"@type":"Organization","@id":"https:\/\/www.sejourprive.com\/#organization","name":"Private Stay","url":"https:\/\/www.sejourprive.com\/","logo":{"@type":"ImageObject","inLanguage":"en-GB","@id":"https:\/\/www.sejourprive.com\/#\/schema\/logo\/image\/","url":"https:\/\/www.sejourprive.com\/wp-content\/uploads\/2026\/02\/SP-Apple-touch-144-couleur-1-2.png","contentUrl":"https:\/\/www.sejourprive.com\/wp-content\/uploads\/2026\/02\/SP-Apple-touch-144-couleur-1-2.png","width":145,"height":145,"caption":"S\u00e9jour Priv\u00e9"},"image":{"@id":"https:\/\/www.sejourprive.com\/#\/schema\/logo\/image\/"}}]}},"_links":{"self":[{"href":"https:\/\/www.sejourprive.com\/en\/wp-json\/wp\/v2\/product\/56164","targetHints":{"allow":["GET"]}}],"collection":[{"href":"https:\/\/www.sejourprive.com\/en\/wp-json\/wp\/v2\/product"}],"about":[{"href":"https:\/\/www.sejourprive.com\/en\/wp-json\/wp\/v2\/types\/product"}],"replies":[{"embeddable":true,"href":"https:\/\/www.sejourprive.com\/en\/wp-json\/wp\/v2\/comments?post=56164"}],"version-history":[{"count":0,"href":"https:\/\/www.sejourprive.com\/en\/wp-json\/wp\/v2\/product\/56164\/revisions"}],"wp:featuredmedia":[{"embeddable":true,"href":"https:\/\/www.sejourprive.com\/en\/wp-json\/wp\/v2\/media\/56168"}],"wp:attachment":[{"href":"https:\/\/www.sejourprive.com\/en\/wp-json\/wp\/v2\/media?parent=56164"}],"wp:term":[{"taxonomy":"product_brand","embeddable":true,"href":"https:\/\/www.sejourprive.com\/en\/wp-json\/wp\/v2\/product_brand?post=56164"},{"taxonomy":"product_cat","embeddable":true,"href":"https:\/\/www.sejourprive.com\/en\/wp-json\/wp\/v2\/product_cat?post=56164"},{"taxonomy":"product_tag","embeddable":true,"href":"https:\/\/www.sejourprive.com\/en\/wp-json\/wp\/v2\/product_tag?post=56164"}],"curies":[{"name":"wp","href":"https:\/\/api.w.org\/{rel}","templated":true}]}}