{"id":55790,"date":"2026-04-01T16:11:58","date_gmt":"2026-04-01T14:11:58","guid":{"rendered":"https:\/\/www.sejourprive.com\/?post_type=product&#038;p=55790"},"modified":"2026-04-01T16:11:58","modified_gmt":"2026-04-01T14:11:58","slug":"mas-de-la-roseraie-saint-remy-de-provence-provence-france","status":"publish","type":"product","link":"https:\/\/www.sejourprive.com\/en\/biens\/mas-de-la-roseraie-saint-remy-de-provence-provence-france\/","title":{"rendered":"Mas de la Roseraie, Saint-R\u00e9my de Provence, Provence, France"},"content":{"rendered":"<p>Nich\u00e9 aux abords de la charmante ville de Saint-R\u00e9my-de-Provence, le Mas de la Roseraie incarne la quintessence du charme de la r\u00e9gion. Cette maison extraordinaire, toute en pierre et \u00e0 l\u2019architecture traditionnellement proven\u00e7ale, est sublim\u00e9e par une d\u00e9coration int\u00e9rieure \u00e9pur\u00e9e. Entre luminaires vintages, mobilier design et couleurs neutres, laissez-vous porter par son atmosph\u00e8re chaleureuse.<\/p>\n<p><span><div class=\"read-more-wrapper\"><a class=\"read-more-button\" data-target=\"read-more-69ec8d5b537fd\" data-more-text=\"Read more\" data-less-text=\"Read less\"><span class=\"read-more-text\">Read more<\/span><\/a><div id=\"read-more-69ec8d5b537fd\" class=\"read-more-content\"> <\/span>R\u00e9veillez-vous au Mas de la Roseraie et savourez un petit-d\u00e9jeuner sur la terrasse ensoleill\u00e9e en contemplant la vue imprenable sur la nature environnante. Organisez ensuite une partie de p\u00e9tanque dans le jardin verdoyant avant de piquer une t\u00eate dans la piscine chauff\u00e9e. Apr\u00e8s un d\u00e9licieux d\u00e9jeuner pr\u00e9par\u00e9 au barbecue ou \u00e0 la plancha, les amateurs de golf pourront se rendre sur le terrain voisin, \u00e0 seulement 20 minutes de route. Le soir venu, si le temps se rafra\u00eechit, allumez un feu dans la chemin\u00e9e et installez-vous confortablement pour un ap\u00e9ritif en famille.<\/div><\/div>  <\/p>","protected":false},"excerpt":{"rendered":"<p>Nich\u00e9 aux abords de la charmante ville de Saint-R\u00e9my-de-Provence, le Mas de la Roseraie incarne la quintessence du charme de&#8230;<\/p>","protected":false},"featured_media":55829,"comment_status":"open","ping_status":"closed","template":"","meta":{"_acf_changed":false},"product_brand":[],"product_cat":[15],"product_tag":[],"class_list":{"0":"post-55790","1":"product","2":"type-product","3":"status-publish","4":"has-post-thumbnail","6":"product_cat-villa","7":"property_location-france","8":"property_location-provence","10":"first","11":"instock","12":"sold-individually","13":"shipping-taxable","14":"purchasable","15":"product-type-simple"},"acf":[],"yoast_head":"<!-- This site is optimized with the Yoast SEO plugin v26.6 - https:\/\/yoast.com\/wordpress\/plugins\/seo\/ -->\n<title>Mas de la Roseraie, Saint-R\u00e9my de Provence, Provence, France - S\u00e9jour Priv\u00e9<\/title>\n<meta name=\"description\" content=\"Nich\u00e9 aux abords de la charmante ville de Saint-R\u00e9my-de-Provence, le Mas de la Roseraie incarne la quintessence du charme de la r\u00e9gion. Cette maison\" \/>\n<meta name=\"robots\" content=\"index, follow, max-snippet:-1, max-image-preview:large, max-video-preview:-1\" \/>\n<link rel=\"canonical\" href=\"https:\/\/www.sejourprive.com\/en\/biens\/mas-de-la-roseraie-saint-remy-de-provence-provence-france\/\" \/>\n<meta property=\"og:locale\" content=\"en_GB\" \/>\n<meta property=\"og:type\" content=\"article\" \/>\n<meta property=\"og:title\" content=\"Mas de la Roseraie, Saint-R\u00e9my de Provence, Provence, France - S\u00e9jour Priv\u00e9\" \/>\n<meta property=\"og:description\" content=\"Nich\u00e9 aux abords de la charmante ville de Saint-R\u00e9my-de-Provence, le Mas de la Roseraie incarne la quintessence du charme de la r\u00e9gion. Cette maison\" \/>\n<meta property=\"og:url\" content=\"https:\/\/www.sejourprive.com\/en\/biens\/mas-de-la-roseraie-saint-remy-de-provence-provence-france\/\" \/>\n<meta property=\"og:site_name\" content=\"S\u00e9jour Priv\u00e9\" \/>\n<meta property=\"og:image\" content=\"https:\/\/www.sejourprive.com\/wp-content\/uploads\/2026\/04\/1-5.jpg\" \/>\n\t<meta property=\"og:image:width\" content=\"1200\" \/>\n\t<meta property=\"og:image:height\" content=\"801\" \/>\n\t<meta property=\"og:image:type\" content=\"image\/jpeg\" \/>\n<meta name=\"twitter:card\" content=\"summary_large_image\" \/>\n<meta name=\"twitter:label1\" content=\"Estimated reading time\" \/>\n\t<meta name=\"twitter:data1\" content=\"1 minute\" \/>\n<script type=\"application\/ld+json\" class=\"yoast-schema-graph\">{\"@context\":\"https:\/\/schema.org\",\"@graph\":[{\"@type\":\"WebPage\",\"@id\":\"https:\/\/www.sejourprive.com\/biens\/mas-de-la-roseraie-saint-remy-de-provence-provence-france\/\",\"url\":\"https:\/\/www.sejourprive.com\/biens\/mas-de-la-roseraie-saint-remy-de-provence-provence-france\/\",\"name\":\"Mas de la Roseraie, Saint-R\u00e9my de Provence, Provence, France - S\u00e9jour Priv\u00e9\",\"isPartOf\":{\"@id\":\"https:\/\/www.sejourprive.com\/#website\"},\"primaryImageOfPage\":{\"@id\":\"https:\/\/www.sejourprive.com\/biens\/mas-de-la-roseraie-saint-remy-de-provence-provence-france\/#primaryimage\"},\"image\":{\"@id\":\"https:\/\/www.sejourprive.com\/biens\/mas-de-la-roseraie-saint-remy-de-provence-provence-france\/#primaryimage\"},\"thumbnailUrl\":\"https:\/\/www.sejourprive.com\/wp-content\/uploads\/2026\/04\/1-5.jpg\",\"datePublished\":\"2026-04-01T14:11:58+00:00\",\"description\":\"Nich\u00e9 aux abords de la charmante ville de Saint-R\u00e9my-de-Provence, le Mas de la Roseraie incarne la quintessence du charme de la r\u00e9gion. Cette maison\",\"breadcrumb\":{\"@id\":\"https:\/\/www.sejourprive.com\/biens\/mas-de-la-roseraie-saint-remy-de-provence-provence-france\/#breadcrumb\"},\"inLanguage\":\"en-GB\",\"potentialAction\":[{\"@type\":\"ReadAction\",\"target\":[\"https:\/\/www.sejourprive.com\/biens\/mas-de-la-roseraie-saint-remy-de-provence-provence-france\/\"]}]},{\"@type\":\"ImageObject\",\"inLanguage\":\"en-GB\",\"@id\":\"https:\/\/www.sejourprive.com\/biens\/mas-de-la-roseraie-saint-remy-de-provence-provence-france\/#primaryimage\",\"url\":\"https:\/\/www.sejourprive.com\/wp-content\/uploads\/2026\/04\/1-5.jpg\",\"contentUrl\":\"https:\/\/www.sejourprive.com\/wp-content\/uploads\/2026\/04\/1-5.jpg\",\"width\":1200,\"height\":801},{\"@type\":\"BreadcrumbList\",\"@id\":\"https:\/\/www.sejourprive.com\/biens\/mas-de-la-roseraie-saint-remy-de-provence-provence-france\/#breadcrumb\",\"itemListElement\":[{\"@type\":\"ListItem\",\"position\":1,\"name\":\"Accueil\",\"item\":\"https:\/\/www.sejourprive.com\/\"},{\"@type\":\"ListItem\",\"position\":2,\"name\":\"Shop\",\"item\":\"https:\/\/www.sejourprive.com\/shop\/\"},{\"@type\":\"ListItem\",\"position\":3,\"name\":\"Mas de la Roseraie, Saint-R\u00e9my de Provence, Provence, France\"}]},{\"@type\":\"WebSite\",\"@id\":\"https:\/\/www.sejourprive.com\/#website\",\"url\":\"https:\/\/www.sejourprive.com\/\",\"name\":\"S\u00e9jour Priv\u00e9\",\"description\":\"Nous imaginons pour vous des s\u00e9jours d\u2019exception.\",\"publisher\":{\"@id\":\"https:\/\/www.sejourprive.com\/#organization\"},\"potentialAction\":[{\"@type\":\"SearchAction\",\"target\":{\"@type\":\"EntryPoint\",\"urlTemplate\":\"https:\/\/www.sejourprive.com\/?s={search_term_string}\"},\"query-input\":{\"@type\":\"PropertyValueSpecification\",\"valueRequired\":true,\"valueName\":\"search_term_string\"}}],\"inLanguage\":\"en-GB\"},{\"@type\":\"Organization\",\"@id\":\"https:\/\/www.sejourprive.com\/#organization\",\"name\":\"S\u00e9jour Priv\u00e9\",\"url\":\"https:\/\/www.sejourprive.com\/\",\"logo\":{\"@type\":\"ImageObject\",\"inLanguage\":\"en-GB\",\"@id\":\"https:\/\/www.sejourprive.com\/#\/schema\/logo\/image\/\",\"url\":\"https:\/\/www.sejourprive.com\/wp-content\/uploads\/2026\/02\/SP-Apple-touch-144-couleur-1-2.png\",\"contentUrl\":\"https:\/\/www.sejourprive.com\/wp-content\/uploads\/2026\/02\/SP-Apple-touch-144-couleur-1-2.png\",\"width\":145,\"height\":145,\"caption\":\"S\u00e9jour Priv\u00e9\"},\"image\":{\"@id\":\"https:\/\/www.sejourprive.com\/#\/schema\/logo\/image\/\"}}]}<\/script>\n<!-- \/ Yoast SEO plugin. -->","yoast_head_json":{"title":"Mas de la Roseraie, Saint-R\u00e9my de Provence, Provence, France - S\u00e9jour Priv\u00e9","description":"Nich\u00e9 aux abords de la charmante ville de Saint-R\u00e9my-de-Provence, le Mas de la Roseraie incarne la quintessence du charme de la r\u00e9gion. Cette maison","robots":{"index":"index","follow":"follow","max-snippet":"max-snippet:-1","max-image-preview":"max-image-preview:large","max-video-preview":"max-video-preview:-1"},"canonical":"https:\/\/www.sejourprive.com\/en\/biens\/mas-de-la-roseraie-saint-remy-de-provence-provence-france\/","og_locale":"en_GB","og_type":"article","og_title":"Mas de la Roseraie, Saint-R\u00e9my de Provence, Provence, France - S\u00e9jour Priv\u00e9","og_description":"Nich\u00e9 aux abords de la charmante ville de Saint-R\u00e9my-de-Provence, le Mas de la Roseraie incarne la quintessence du charme de la r\u00e9gion. Cette maison","og_url":"https:\/\/www.sejourprive.com\/en\/biens\/mas-de-la-roseraie-saint-remy-de-provence-provence-france\/","og_site_name":"S\u00e9jour Priv\u00e9","og_image":[{"width":1200,"height":801,"url":"https:\/\/www.sejourprive.com\/wp-content\/uploads\/2026\/04\/1-5.jpg","type":"image\/jpeg"}],"twitter_card":"summary_large_image","twitter_misc":{"Estimated reading time":"1 minute"},"schema":{"@context":"https:\/\/schema.org","@graph":[{"@type":"WebPage","@id":"https:\/\/www.sejourprive.com\/biens\/mas-de-la-roseraie-saint-remy-de-provence-provence-france\/","url":"https:\/\/www.sejourprive.com\/biens\/mas-de-la-roseraie-saint-remy-de-provence-provence-france\/","name":"Mas de la Roseraie, Saint-R\u00e9my de Provence, Provence, France - S\u00e9jour Priv\u00e9","isPartOf":{"@id":"https:\/\/www.sejourprive.com\/#website"},"primaryImageOfPage":{"@id":"https:\/\/www.sejourprive.com\/biens\/mas-de-la-roseraie-saint-remy-de-provence-provence-france\/#primaryimage"},"image":{"@id":"https:\/\/www.sejourprive.com\/biens\/mas-de-la-roseraie-saint-remy-de-provence-provence-france\/#primaryimage"},"thumbnailUrl":"https:\/\/www.sejourprive.com\/wp-content\/uploads\/2026\/04\/1-5.jpg","datePublished":"2026-04-01T14:11:58+00:00","description":"Nich\u00e9 aux abords de la charmante ville de Saint-R\u00e9my-de-Provence, le Mas de la Roseraie incarne la quintessence du charme de la r\u00e9gion. Cette maison","breadcrumb":{"@id":"https:\/\/www.sejourprive.com\/biens\/mas-de-la-roseraie-saint-remy-de-provence-provence-france\/#breadcrumb"},"inLanguage":"en-GB","potentialAction":[{"@type":"ReadAction","target":["https:\/\/www.sejourprive.com\/biens\/mas-de-la-roseraie-saint-remy-de-provence-provence-france\/"]}]},{"@type":"ImageObject","inLanguage":"en-GB","@id":"https:\/\/www.sejourprive.com\/biens\/mas-de-la-roseraie-saint-remy-de-provence-provence-france\/#primaryimage","url":"https:\/\/www.sejourprive.com\/wp-content\/uploads\/2026\/04\/1-5.jpg","contentUrl":"https:\/\/www.sejourprive.com\/wp-content\/uploads\/2026\/04\/1-5.jpg","width":1200,"height":801},{"@type":"BreadcrumbList","@id":"https:\/\/www.sejourprive.com\/biens\/mas-de-la-roseraie-saint-remy-de-provence-provence-france\/#breadcrumb","itemListElement":[{"@type":"ListItem","position":1,"name":"Accueil","item":"https:\/\/www.sejourprive.com\/"},{"@type":"ListItem","position":2,"name":"Shop","item":"https:\/\/www.sejourprive.com\/shop\/"},{"@type":"ListItem","position":3,"name":"Mas de la Roseraie, Saint-R\u00e9my de Provence, Provence, France"}]},{"@type":"WebSite","@id":"https:\/\/www.sejourprive.com\/#website","url":"https:\/\/www.sejourprive.com\/","name":"Private Stay","description":"We design exceptional holidays for you.","publisher":{"@id":"https:\/\/www.sejourprive.com\/#organization"},"potentialAction":[{"@type":"SearchAction","target":{"@type":"EntryPoint","urlTemplate":"https:\/\/www.sejourprive.com\/?s={search_term_string}"},"query-input":{"@type":"PropertyValueSpecification","valueRequired":true,"valueName":"search_term_string"}}],"inLanguage":"en-GB"},{"@type":"Organization","@id":"https:\/\/www.sejourprive.com\/#organization","name":"Private Stay","url":"https:\/\/www.sejourprive.com\/","logo":{"@type":"ImageObject","inLanguage":"en-GB","@id":"https:\/\/www.sejourprive.com\/#\/schema\/logo\/image\/","url":"https:\/\/www.sejourprive.com\/wp-content\/uploads\/2026\/02\/SP-Apple-touch-144-couleur-1-2.png","contentUrl":"https:\/\/www.sejourprive.com\/wp-content\/uploads\/2026\/02\/SP-Apple-touch-144-couleur-1-2.png","width":145,"height":145,"caption":"S\u00e9jour Priv\u00e9"},"image":{"@id":"https:\/\/www.sejourprive.com\/#\/schema\/logo\/image\/"}}]}},"_links":{"self":[{"href":"https:\/\/www.sejourprive.com\/en\/wp-json\/wp\/v2\/product\/55790","targetHints":{"allow":["GET"]}}],"collection":[{"href":"https:\/\/www.sejourprive.com\/en\/wp-json\/wp\/v2\/product"}],"about":[{"href":"https:\/\/www.sejourprive.com\/en\/wp-json\/wp\/v2\/types\/product"}],"replies":[{"embeddable":true,"href":"https:\/\/www.sejourprive.com\/en\/wp-json\/wp\/v2\/comments?post=55790"}],"version-history":[{"count":0,"href":"https:\/\/www.sejourprive.com\/en\/wp-json\/wp\/v2\/product\/55790\/revisions"}],"wp:featuredmedia":[{"embeddable":true,"href":"https:\/\/www.sejourprive.com\/en\/wp-json\/wp\/v2\/media\/55829"}],"wp:attachment":[{"href":"https:\/\/www.sejourprive.com\/en\/wp-json\/wp\/v2\/media?parent=55790"}],"wp:term":[{"taxonomy":"product_brand","embeddable":true,"href":"https:\/\/www.sejourprive.com\/en\/wp-json\/wp\/v2\/product_brand?post=55790"},{"taxonomy":"product_cat","embeddable":true,"href":"https:\/\/www.sejourprive.com\/en\/wp-json\/wp\/v2\/product_cat?post=55790"},{"taxonomy":"product_tag","embeddable":true,"href":"https:\/\/www.sejourprive.com\/en\/wp-json\/wp\/v2\/product_tag?post=55790"}],"curies":[{"name":"wp","href":"https:\/\/api.w.org\/{rel}","templated":true}]}}