{"id":55432,"date":"2026-04-01T09:29:52","date_gmt":"2026-04-01T07:29:52","guid":{"rendered":"https:\/\/www.sejourprive.com\/?post_type=product&#038;p=55432"},"modified":"2026-04-01T09:30:27","modified_gmt":"2026-04-01T07:30:27","slug":"mas-ocallata-paradou-maussane-les-alpilles-et-alentours-provence-france","status":"publish","type":"product","link":"https:\/\/www.sejourprive.com\/en\/biens\/mas-ocallata-paradou-maussane-les-alpilles-et-alentours-provence-france\/","title":{"rendered":"Mas Ocallata, Paradou, Maussane-les-Alpilles and surrounding area, Provence, France"},"content":{"rendered":"<p>Bienvenue au Mas Ocallata, tr\u00e9sor cach\u00e9 au c\u0153ur la nature. \u00c0 l&#8217;\u00e9cart de la ville, nich\u00e9e parmi les champs et sans aucun voisin \u00e0 l&#8217;horizon, c&#8217;est la maison parfaite pour une escapade paisible entre amis !<\/p>\n<p><span><div class=\"read-more-wrapper\"><a class=\"read-more-button\" data-target=\"read-more-69fb10a427082\" data-more-text=\"Read more\" data-less-text=\"Read less\"><span class=\"read-more-text\">Read more<\/span><\/a><div id=\"read-more-69fb10a427082\" class=\"read-more-content\"> <\/span>R\u00e9veillez-vous de bon matin et prenez votre caf\u00e9 au bord de la piscine, suivi par un match de tennis ou une partie de p\u00e9tanque. En fin d&#8217;apr\u00e8s-midi, sirotez un cocktail autour du bar ext\u00e9rieur, \u00e0 l&#8217;ombre du jardin m\u00e9diterran\u00e9en. Ou bien, rendez-vous en ville, \u00e0 seulement cinq minutes en voiture, pour d\u00e9couvrir les charmants restaurants et jolies boutiques du centre de Maussane-les-Alpilles.<\/div><\/div> <\/p>","protected":false},"excerpt":{"rendered":"<p>Bienvenue au Mas Ocallata, tr\u00e9sor cach\u00e9 au c\u0153ur la nature. \u00c0 l&#8217;\u00e9cart de la ville, nich\u00e9e parmi les champs et&#8230;<\/p>","protected":false},"featured_media":55513,"comment_status":"open","ping_status":"closed","template":"","meta":{"_acf_changed":false},"product_brand":[],"product_cat":[15],"product_tag":[],"class_list":{"0":"post-55432","1":"product","2":"type-product","3":"status-publish","4":"has-post-thumbnail","6":"product_cat-villa","7":"property_location-france","8":"property_location-provence","10":"first","11":"instock","12":"sold-individually","13":"shipping-taxable","14":"purchasable","15":"product-type-simple"},"acf":[],"yoast_head":"<!-- This site is optimized with the Yoast SEO plugin v26.6 - https:\/\/yoast.com\/wordpress\/plugins\/seo\/ -->\n<title>Mas Ocallata, Paradou, Maussane-les-Alpilles et alentours, Provence, France - S\u00e9jour Priv\u00e9<\/title>\n<meta name=\"description\" content=\"Bienvenue au Mas Ocallata, tr\u00e9sor cach\u00e9 au c\u0153ur la nature. \u00c0 l&#039;\u00e9cart de la ville, nich\u00e9e parmi les champs et sans aucun voisin \u00e0 l&#039;horizon, c&#039;est la\" \/>\n<meta name=\"robots\" content=\"index, follow, max-snippet:-1, max-image-preview:large, max-video-preview:-1\" \/>\n<link rel=\"canonical\" href=\"https:\/\/www.sejourprive.com\/en\/biens\/mas-ocallata-paradou-maussane-les-alpilles-et-alentours-provence-france\/\" \/>\n<meta property=\"og:locale\" content=\"en_GB\" \/>\n<meta property=\"og:type\" content=\"article\" \/>\n<meta property=\"og:title\" content=\"Mas Ocallata, Paradou, Maussane-les-Alpilles et alentours, Provence, France - S\u00e9jour Priv\u00e9\" \/>\n<meta property=\"og:description\" content=\"Bienvenue au Mas Ocallata, tr\u00e9sor cach\u00e9 au c\u0153ur la nature. \u00c0 l&#039;\u00e9cart de la ville, nich\u00e9e parmi les champs et sans aucun voisin \u00e0 l&#039;horizon, c&#039;est la\" \/>\n<meta property=\"og:url\" content=\"https:\/\/www.sejourprive.com\/en\/biens\/mas-ocallata-paradou-maussane-les-alpilles-et-alentours-provence-france\/\" \/>\n<meta property=\"og:site_name\" content=\"S\u00e9jour Priv\u00e9\" \/>\n<meta property=\"article:modified_time\" content=\"2026-04-01T07:30:27+00:00\" \/>\n<meta property=\"og:image\" content=\"https:\/\/www.sejourprive.com\/wp-content\/uploads\/2026\/03\/36-185.jpg\" \/>\n\t<meta property=\"og:image:width\" content=\"1200\" \/>\n\t<meta property=\"og:image:height\" content=\"901\" \/>\n\t<meta property=\"og:image:type\" content=\"image\/jpeg\" \/>\n<meta name=\"twitter:card\" content=\"summary_large_image\" \/>\n<meta name=\"twitter:label1\" content=\"Estimated reading time\" \/>\n\t<meta name=\"twitter:data1\" content=\"1 minute\" \/>\n<script type=\"application\/ld+json\" class=\"yoast-schema-graph\">{\"@context\":\"https:\/\/schema.org\",\"@graph\":[{\"@type\":\"WebPage\",\"@id\":\"https:\/\/www.sejourprive.com\/biens\/mas-ocallata-paradou-maussane-les-alpilles-et-alentours-provence-france\/\",\"url\":\"https:\/\/www.sejourprive.com\/biens\/mas-ocallata-paradou-maussane-les-alpilles-et-alentours-provence-france\/\",\"name\":\"Mas Ocallata, Paradou, Maussane-les-Alpilles et alentours, Provence, France - S\u00e9jour Priv\u00e9\",\"isPartOf\":{\"@id\":\"https:\/\/www.sejourprive.com\/#website\"},\"primaryImageOfPage\":{\"@id\":\"https:\/\/www.sejourprive.com\/biens\/mas-ocallata-paradou-maussane-les-alpilles-et-alentours-provence-france\/#primaryimage\"},\"image\":{\"@id\":\"https:\/\/www.sejourprive.com\/biens\/mas-ocallata-paradou-maussane-les-alpilles-et-alentours-provence-france\/#primaryimage\"},\"thumbnailUrl\":\"https:\/\/www.sejourprive.com\/wp-content\/uploads\/2026\/03\/36-185.jpg\",\"datePublished\":\"2026-04-01T07:29:52+00:00\",\"dateModified\":\"2026-04-01T07:30:27+00:00\",\"description\":\"Bienvenue au Mas Ocallata, tr\u00e9sor cach\u00e9 au c\u0153ur la nature. \u00c0 l'\u00e9cart de la ville, nich\u00e9e parmi les champs et sans aucun voisin \u00e0 l'horizon, c'est la\",\"breadcrumb\":{\"@id\":\"https:\/\/www.sejourprive.com\/biens\/mas-ocallata-paradou-maussane-les-alpilles-et-alentours-provence-france\/#breadcrumb\"},\"inLanguage\":\"en-GB\",\"potentialAction\":[{\"@type\":\"ReadAction\",\"target\":[\"https:\/\/www.sejourprive.com\/biens\/mas-ocallata-paradou-maussane-les-alpilles-et-alentours-provence-france\/\"]}]},{\"@type\":\"ImageObject\",\"inLanguage\":\"en-GB\",\"@id\":\"https:\/\/www.sejourprive.com\/biens\/mas-ocallata-paradou-maussane-les-alpilles-et-alentours-provence-france\/#primaryimage\",\"url\":\"https:\/\/www.sejourprive.com\/wp-content\/uploads\/2026\/03\/36-185.jpg\",\"contentUrl\":\"https:\/\/www.sejourprive.com\/wp-content\/uploads\/2026\/03\/36-185.jpg\",\"width\":1200,\"height\":901},{\"@type\":\"BreadcrumbList\",\"@id\":\"https:\/\/www.sejourprive.com\/biens\/mas-ocallata-paradou-maussane-les-alpilles-et-alentours-provence-france\/#breadcrumb\",\"itemListElement\":[{\"@type\":\"ListItem\",\"position\":1,\"name\":\"Accueil\",\"item\":\"https:\/\/www.sejourprive.com\/\"},{\"@type\":\"ListItem\",\"position\":2,\"name\":\"Shop\",\"item\":\"https:\/\/www.sejourprive.com\/shop\/\"},{\"@type\":\"ListItem\",\"position\":3,\"name\":\"Mas Ocallata, Paradou, Maussane-les-Alpilles et alentours, Provence, France\"}]},{\"@type\":\"WebSite\",\"@id\":\"https:\/\/www.sejourprive.com\/#website\",\"url\":\"https:\/\/www.sejourprive.com\/\",\"name\":\"S\u00e9jour Priv\u00e9\",\"description\":\"Nous imaginons pour vous des s\u00e9jours d\u2019exception.\",\"publisher\":{\"@id\":\"https:\/\/www.sejourprive.com\/#organization\"},\"potentialAction\":[{\"@type\":\"SearchAction\",\"target\":{\"@type\":\"EntryPoint\",\"urlTemplate\":\"https:\/\/www.sejourprive.com\/?s={search_term_string}\"},\"query-input\":{\"@type\":\"PropertyValueSpecification\",\"valueRequired\":true,\"valueName\":\"search_term_string\"}}],\"inLanguage\":\"en-GB\"},{\"@type\":\"Organization\",\"@id\":\"https:\/\/www.sejourprive.com\/#organization\",\"name\":\"S\u00e9jour Priv\u00e9\",\"url\":\"https:\/\/www.sejourprive.com\/\",\"logo\":{\"@type\":\"ImageObject\",\"inLanguage\":\"en-GB\",\"@id\":\"https:\/\/www.sejourprive.com\/#\/schema\/logo\/image\/\",\"url\":\"https:\/\/www.sejourprive.com\/wp-content\/uploads\/2026\/02\/SP-Apple-touch-144-couleur-1-2.png\",\"contentUrl\":\"https:\/\/www.sejourprive.com\/wp-content\/uploads\/2026\/02\/SP-Apple-touch-144-couleur-1-2.png\",\"width\":145,\"height\":145,\"caption\":\"S\u00e9jour Priv\u00e9\"},\"image\":{\"@id\":\"https:\/\/www.sejourprive.com\/#\/schema\/logo\/image\/\"}}]}<\/script>\n<!-- \/ Yoast SEO plugin. -->","yoast_head_json":{"title":"Mas Ocallata, Paradou, Maussane-les-Alpilles et alentours, Provence, France - S\u00e9jour Priv\u00e9","description":"Bienvenue au Mas Ocallata, tr\u00e9sor cach\u00e9 au c\u0153ur la nature. \u00c0 l'\u00e9cart de la ville, nich\u00e9e parmi les champs et sans aucun voisin \u00e0 l'horizon, c'est la","robots":{"index":"index","follow":"follow","max-snippet":"max-snippet:-1","max-image-preview":"max-image-preview:large","max-video-preview":"max-video-preview:-1"},"canonical":"https:\/\/www.sejourprive.com\/en\/biens\/mas-ocallata-paradou-maussane-les-alpilles-et-alentours-provence-france\/","og_locale":"en_GB","og_type":"article","og_title":"Mas Ocallata, Paradou, Maussane-les-Alpilles et alentours, Provence, France - S\u00e9jour Priv\u00e9","og_description":"Bienvenue au Mas Ocallata, tr\u00e9sor cach\u00e9 au c\u0153ur la nature. \u00c0 l'\u00e9cart de la ville, nich\u00e9e parmi les champs et sans aucun voisin \u00e0 l'horizon, c'est la","og_url":"https:\/\/www.sejourprive.com\/en\/biens\/mas-ocallata-paradou-maussane-les-alpilles-et-alentours-provence-france\/","og_site_name":"S\u00e9jour Priv\u00e9","article_modified_time":"2026-04-01T07:30:27+00:00","og_image":[{"width":1200,"height":901,"url":"https:\/\/www.sejourprive.com\/wp-content\/uploads\/2026\/03\/36-185.jpg","type":"image\/jpeg"}],"twitter_card":"summary_large_image","twitter_misc":{"Estimated reading time":"1 minute"},"schema":{"@context":"https:\/\/schema.org","@graph":[{"@type":"WebPage","@id":"https:\/\/www.sejourprive.com\/biens\/mas-ocallata-paradou-maussane-les-alpilles-et-alentours-provence-france\/","url":"https:\/\/www.sejourprive.com\/biens\/mas-ocallata-paradou-maussane-les-alpilles-et-alentours-provence-france\/","name":"Mas Ocallata, Paradou, Maussane-les-Alpilles et alentours, Provence, France - S\u00e9jour Priv\u00e9","isPartOf":{"@id":"https:\/\/www.sejourprive.com\/#website"},"primaryImageOfPage":{"@id":"https:\/\/www.sejourprive.com\/biens\/mas-ocallata-paradou-maussane-les-alpilles-et-alentours-provence-france\/#primaryimage"},"image":{"@id":"https:\/\/www.sejourprive.com\/biens\/mas-ocallata-paradou-maussane-les-alpilles-et-alentours-provence-france\/#primaryimage"},"thumbnailUrl":"https:\/\/www.sejourprive.com\/wp-content\/uploads\/2026\/03\/36-185.jpg","datePublished":"2026-04-01T07:29:52+00:00","dateModified":"2026-04-01T07:30:27+00:00","description":"Bienvenue au Mas Ocallata, tr\u00e9sor cach\u00e9 au c\u0153ur la nature. \u00c0 l'\u00e9cart de la ville, nich\u00e9e parmi les champs et sans aucun voisin \u00e0 l'horizon, c'est la","breadcrumb":{"@id":"https:\/\/www.sejourprive.com\/biens\/mas-ocallata-paradou-maussane-les-alpilles-et-alentours-provence-france\/#breadcrumb"},"inLanguage":"en-GB","potentialAction":[{"@type":"ReadAction","target":["https:\/\/www.sejourprive.com\/biens\/mas-ocallata-paradou-maussane-les-alpilles-et-alentours-provence-france\/"]}]},{"@type":"ImageObject","inLanguage":"en-GB","@id":"https:\/\/www.sejourprive.com\/biens\/mas-ocallata-paradou-maussane-les-alpilles-et-alentours-provence-france\/#primaryimage","url":"https:\/\/www.sejourprive.com\/wp-content\/uploads\/2026\/03\/36-185.jpg","contentUrl":"https:\/\/www.sejourprive.com\/wp-content\/uploads\/2026\/03\/36-185.jpg","width":1200,"height":901},{"@type":"BreadcrumbList","@id":"https:\/\/www.sejourprive.com\/biens\/mas-ocallata-paradou-maussane-les-alpilles-et-alentours-provence-france\/#breadcrumb","itemListElement":[{"@type":"ListItem","position":1,"name":"Accueil","item":"https:\/\/www.sejourprive.com\/"},{"@type":"ListItem","position":2,"name":"Shop","item":"https:\/\/www.sejourprive.com\/shop\/"},{"@type":"ListItem","position":3,"name":"Mas Ocallata, Paradou, Maussane-les-Alpilles et alentours, Provence, France"}]},{"@type":"WebSite","@id":"https:\/\/www.sejourprive.com\/#website","url":"https:\/\/www.sejourprive.com\/","name":"Private Stay","description":"We design exceptional holidays for you.","publisher":{"@id":"https:\/\/www.sejourprive.com\/#organization"},"potentialAction":[{"@type":"SearchAction","target":{"@type":"EntryPoint","urlTemplate":"https:\/\/www.sejourprive.com\/?s={search_term_string}"},"query-input":{"@type":"PropertyValueSpecification","valueRequired":true,"valueName":"search_term_string"}}],"inLanguage":"en-GB"},{"@type":"Organization","@id":"https:\/\/www.sejourprive.com\/#organization","name":"Private Stay","url":"https:\/\/www.sejourprive.com\/","logo":{"@type":"ImageObject","inLanguage":"en-GB","@id":"https:\/\/www.sejourprive.com\/#\/schema\/logo\/image\/","url":"https:\/\/www.sejourprive.com\/wp-content\/uploads\/2026\/02\/SP-Apple-touch-144-couleur-1-2.png","contentUrl":"https:\/\/www.sejourprive.com\/wp-content\/uploads\/2026\/02\/SP-Apple-touch-144-couleur-1-2.png","width":145,"height":145,"caption":"S\u00e9jour Priv\u00e9"},"image":{"@id":"https:\/\/www.sejourprive.com\/#\/schema\/logo\/image\/"}}]}},"_links":{"self":[{"href":"https:\/\/www.sejourprive.com\/en\/wp-json\/wp\/v2\/product\/55432","targetHints":{"allow":["GET"]}}],"collection":[{"href":"https:\/\/www.sejourprive.com\/en\/wp-json\/wp\/v2\/product"}],"about":[{"href":"https:\/\/www.sejourprive.com\/en\/wp-json\/wp\/v2\/types\/product"}],"replies":[{"embeddable":true,"href":"https:\/\/www.sejourprive.com\/en\/wp-json\/wp\/v2\/comments?post=55432"}],"version-history":[{"count":0,"href":"https:\/\/www.sejourprive.com\/en\/wp-json\/wp\/v2\/product\/55432\/revisions"}],"wp:featuredmedia":[{"embeddable":true,"href":"https:\/\/www.sejourprive.com\/en\/wp-json\/wp\/v2\/media\/55513"}],"wp:attachment":[{"href":"https:\/\/www.sejourprive.com\/en\/wp-json\/wp\/v2\/media?parent=55432"}],"wp:term":[{"taxonomy":"product_brand","embeddable":true,"href":"https:\/\/www.sejourprive.com\/en\/wp-json\/wp\/v2\/product_brand?post=55432"},{"taxonomy":"product_cat","embeddable":true,"href":"https:\/\/www.sejourprive.com\/en\/wp-json\/wp\/v2\/product_cat?post=55432"},{"taxonomy":"product_tag","embeddable":true,"href":"https:\/\/www.sejourprive.com\/en\/wp-json\/wp\/v2\/product_tag?post=55432"}],"curies":[{"name":"wp","href":"https:\/\/api.w.org\/{rel}","templated":true}]}}