{"id":55390,"date":"2026-03-31T16:33:34","date_gmt":"2026-03-31T14:33:34","guid":{"rendered":"https:\/\/www.sejourprive.com\/?post_type=product&#038;p=55390"},"modified":"2026-03-31T16:33:34","modified_gmt":"2026-03-31T14:33:34","slug":"mas-pradau-le-thor-lisle-sur-la-sorgue-provence-france","status":"publish","type":"product","link":"https:\/\/www.sejourprive.com\/en\/biens\/mas-pradau-le-thor-lisle-sur-la-sorgue-provence-france\/","title":{"rendered":"Mas Pradau, Le Thor, L'Isle-sur-la-Sorgue, Provence, France"},"content":{"rendered":"<p>Avec sa fa\u00e7ade de pierres couverte de lierre, le Mas du Pradau est un havre de paix parfait pour vos vacances en Provence. Au c\u0153ur de la campagne, son atmosph\u00e8re apais\u00e9e s&#8217;accorde parfaitement avec son grand jardin, sa belle piscine et son patio, parfaits pour recevoir. \u00c0 l&#8217;int\u00e9rieur, retrouvez une d\u00e9coration proven\u00e7ale classique, modernis\u00e9e par des touches modernes qui cr\u00e9ent une atmosph\u00e8re unique.<\/p>\n<p><span><div class=\"read-more-wrapper\"><a class=\"read-more-button\" data-target=\"read-more-69e7551681a41\" data-more-text=\"Read more\" data-less-text=\"Read less\"><span class=\"read-more-text\">Read more<\/span><\/a><div id=\"read-more-69e7551681a41\" class=\"read-more-content\"> <\/span>Commencez votre journ\u00e9e par un petit-d\u00e9jeuner l\u00e9ger en admirant la verdure alentour. Profitez de la cuisine de la maison, spacieuse et moderne, pour concocter un d\u00e9licieux d\u00e9jeuner, suivi par une apr\u00e8s-midi de farniente au bord de la piscine. Finissez votre journ\u00e9e au Mas du Pradau en beaut\u00e9, le nez dans un bon livre, lov\u00e9 dans un fauteuil pr\u00e8s de la chemin\u00e9e.<\/div><\/div><\/p>","protected":false},"excerpt":{"rendered":"<p>Avec sa fa\u00e7ade de pierres couverte de lierre, le Mas du Pradau est un havre de paix parfait pour vos&#8230;<\/p>","protected":false},"featured_media":55404,"comment_status":"open","ping_status":"closed","template":"","meta":{"_acf_changed":false},"product_brand":[],"product_cat":[15],"product_tag":[],"class_list":{"0":"post-55390","1":"product","2":"type-product","3":"status-publish","4":"has-post-thumbnail","6":"product_cat-villa","7":"property_location-france","8":"property_location-provence","10":"first","11":"instock","12":"sold-individually","13":"shipping-taxable","14":"purchasable","15":"product-type-simple"},"acf":[],"yoast_head":"<!-- This site is optimized with the Yoast SEO plugin v26.6 - https:\/\/yoast.com\/wordpress\/plugins\/seo\/ -->\n<title>Mas Pradau, Le Thor, L&#039;Isle-sur-la-Sorgue, Provence, France - S\u00e9jour Priv\u00e9<\/title>\n<meta name=\"description\" content=\"Avec sa fa\u00e7ade de pierres couverte de lierre, le Mas du Pradau est un havre de paix parfait pour vos vacances en Provence. Au c\u0153ur de la campagne, son\" \/>\n<meta name=\"robots\" content=\"index, follow, max-snippet:-1, max-image-preview:large, max-video-preview:-1\" \/>\n<link rel=\"canonical\" href=\"https:\/\/www.sejourprive.com\/en\/biens\/mas-pradau-le-thor-lisle-sur-la-sorgue-provence-france\/\" \/>\n<meta property=\"og:locale\" content=\"en_GB\" \/>\n<meta property=\"og:type\" content=\"article\" \/>\n<meta property=\"og:title\" content=\"Mas Pradau, Le Thor, L&#039;Isle-sur-la-Sorgue, Provence, France - S\u00e9jour Priv\u00e9\" \/>\n<meta property=\"og:description\" content=\"Avec sa fa\u00e7ade de pierres couverte de lierre, le Mas du Pradau est un havre de paix parfait pour vos vacances en Provence. Au c\u0153ur de la campagne, son\" \/>\n<meta property=\"og:url\" content=\"https:\/\/www.sejourprive.com\/en\/biens\/mas-pradau-le-thor-lisle-sur-la-sorgue-provence-france\/\" \/>\n<meta property=\"og:site_name\" content=\"S\u00e9jour Priv\u00e9\" \/>\n<meta property=\"og:image\" content=\"https:\/\/www.sejourprive.com\/wp-content\/uploads\/2026\/03\/0-303.jpg\" \/>\n\t<meta property=\"og:image:width\" content=\"1200\" \/>\n\t<meta property=\"og:image:height\" content=\"685\" \/>\n\t<meta property=\"og:image:type\" content=\"image\/jpeg\" \/>\n<meta name=\"twitter:card\" content=\"summary_large_image\" \/>\n<meta name=\"twitter:label1\" content=\"Estimated reading time\" \/>\n\t<meta name=\"twitter:data1\" content=\"1 minute\" \/>\n<script type=\"application\/ld+json\" class=\"yoast-schema-graph\">{\"@context\":\"https:\/\/schema.org\",\"@graph\":[{\"@type\":\"WebPage\",\"@id\":\"https:\/\/www.sejourprive.com\/biens\/mas-pradau-le-thor-lisle-sur-la-sorgue-provence-france\/\",\"url\":\"https:\/\/www.sejourprive.com\/biens\/mas-pradau-le-thor-lisle-sur-la-sorgue-provence-france\/\",\"name\":\"Mas Pradau, Le Thor, L'Isle-sur-la-Sorgue, Provence, France - S\u00e9jour Priv\u00e9\",\"isPartOf\":{\"@id\":\"https:\/\/www.sejourprive.com\/#website\"},\"primaryImageOfPage\":{\"@id\":\"https:\/\/www.sejourprive.com\/biens\/mas-pradau-le-thor-lisle-sur-la-sorgue-provence-france\/#primaryimage\"},\"image\":{\"@id\":\"https:\/\/www.sejourprive.com\/biens\/mas-pradau-le-thor-lisle-sur-la-sorgue-provence-france\/#primaryimage\"},\"thumbnailUrl\":\"https:\/\/www.sejourprive.com\/wp-content\/uploads\/2026\/03\/0-303.jpg\",\"datePublished\":\"2026-03-31T14:33:34+00:00\",\"description\":\"Avec sa fa\u00e7ade de pierres couverte de lierre, le Mas du Pradau est un havre de paix parfait pour vos vacances en Provence. Au c\u0153ur de la campagne, son\",\"breadcrumb\":{\"@id\":\"https:\/\/www.sejourprive.com\/biens\/mas-pradau-le-thor-lisle-sur-la-sorgue-provence-france\/#breadcrumb\"},\"inLanguage\":\"en-GB\",\"potentialAction\":[{\"@type\":\"ReadAction\",\"target\":[\"https:\/\/www.sejourprive.com\/biens\/mas-pradau-le-thor-lisle-sur-la-sorgue-provence-france\/\"]}]},{\"@type\":\"ImageObject\",\"inLanguage\":\"en-GB\",\"@id\":\"https:\/\/www.sejourprive.com\/biens\/mas-pradau-le-thor-lisle-sur-la-sorgue-provence-france\/#primaryimage\",\"url\":\"https:\/\/www.sejourprive.com\/wp-content\/uploads\/2026\/03\/0-303.jpg\",\"contentUrl\":\"https:\/\/www.sejourprive.com\/wp-content\/uploads\/2026\/03\/0-303.jpg\",\"width\":1200,\"height\":685},{\"@type\":\"BreadcrumbList\",\"@id\":\"https:\/\/www.sejourprive.com\/biens\/mas-pradau-le-thor-lisle-sur-la-sorgue-provence-france\/#breadcrumb\",\"itemListElement\":[{\"@type\":\"ListItem\",\"position\":1,\"name\":\"Accueil\",\"item\":\"https:\/\/www.sejourprive.com\/\"},{\"@type\":\"ListItem\",\"position\":2,\"name\":\"Shop\",\"item\":\"https:\/\/www.sejourprive.com\/shop\/\"},{\"@type\":\"ListItem\",\"position\":3,\"name\":\"Mas Pradau, Le Thor, L&#8217;Isle-sur-la-Sorgue, Provence, France\"}]},{\"@type\":\"WebSite\",\"@id\":\"https:\/\/www.sejourprive.com\/#website\",\"url\":\"https:\/\/www.sejourprive.com\/\",\"name\":\"S\u00e9jour Priv\u00e9\",\"description\":\"Nous imaginons pour vous des s\u00e9jours d\u2019exception.\",\"publisher\":{\"@id\":\"https:\/\/www.sejourprive.com\/#organization\"},\"potentialAction\":[{\"@type\":\"SearchAction\",\"target\":{\"@type\":\"EntryPoint\",\"urlTemplate\":\"https:\/\/www.sejourprive.com\/?s={search_term_string}\"},\"query-input\":{\"@type\":\"PropertyValueSpecification\",\"valueRequired\":true,\"valueName\":\"search_term_string\"}}],\"inLanguage\":\"en-GB\"},{\"@type\":\"Organization\",\"@id\":\"https:\/\/www.sejourprive.com\/#organization\",\"name\":\"S\u00e9jour Priv\u00e9\",\"url\":\"https:\/\/www.sejourprive.com\/\",\"logo\":{\"@type\":\"ImageObject\",\"inLanguage\":\"en-GB\",\"@id\":\"https:\/\/www.sejourprive.com\/#\/schema\/logo\/image\/\",\"url\":\"https:\/\/www.sejourprive.com\/wp-content\/uploads\/2026\/02\/SP-Apple-touch-144-couleur-1-2.png\",\"contentUrl\":\"https:\/\/www.sejourprive.com\/wp-content\/uploads\/2026\/02\/SP-Apple-touch-144-couleur-1-2.png\",\"width\":145,\"height\":145,\"caption\":\"S\u00e9jour Priv\u00e9\"},\"image\":{\"@id\":\"https:\/\/www.sejourprive.com\/#\/schema\/logo\/image\/\"}}]}<\/script>\n<!-- \/ Yoast SEO plugin. -->","yoast_head_json":{"title":"Mas Pradau, Le Thor, L'Isle-sur-la-Sorgue, Provence, France - S\u00e9jour Priv\u00e9","description":"Avec sa fa\u00e7ade de pierres couverte de lierre, le Mas du Pradau est un havre de paix parfait pour vos vacances en Provence. Au c\u0153ur de la campagne, son","robots":{"index":"index","follow":"follow","max-snippet":"max-snippet:-1","max-image-preview":"max-image-preview:large","max-video-preview":"max-video-preview:-1"},"canonical":"https:\/\/www.sejourprive.com\/en\/biens\/mas-pradau-le-thor-lisle-sur-la-sorgue-provence-france\/","og_locale":"en_GB","og_type":"article","og_title":"Mas Pradau, Le Thor, L'Isle-sur-la-Sorgue, Provence, France - S\u00e9jour Priv\u00e9","og_description":"Avec sa fa\u00e7ade de pierres couverte de lierre, le Mas du Pradau est un havre de paix parfait pour vos vacances en Provence. Au c\u0153ur de la campagne, son","og_url":"https:\/\/www.sejourprive.com\/en\/biens\/mas-pradau-le-thor-lisle-sur-la-sorgue-provence-france\/","og_site_name":"S\u00e9jour Priv\u00e9","og_image":[{"width":1200,"height":685,"url":"https:\/\/www.sejourprive.com\/wp-content\/uploads\/2026\/03\/0-303.jpg","type":"image\/jpeg"}],"twitter_card":"summary_large_image","twitter_misc":{"Estimated reading time":"1 minute"},"schema":{"@context":"https:\/\/schema.org","@graph":[{"@type":"WebPage","@id":"https:\/\/www.sejourprive.com\/biens\/mas-pradau-le-thor-lisle-sur-la-sorgue-provence-france\/","url":"https:\/\/www.sejourprive.com\/biens\/mas-pradau-le-thor-lisle-sur-la-sorgue-provence-france\/","name":"Mas Pradau, Le Thor, L'Isle-sur-la-Sorgue, Provence, France - S\u00e9jour Priv\u00e9","isPartOf":{"@id":"https:\/\/www.sejourprive.com\/#website"},"primaryImageOfPage":{"@id":"https:\/\/www.sejourprive.com\/biens\/mas-pradau-le-thor-lisle-sur-la-sorgue-provence-france\/#primaryimage"},"image":{"@id":"https:\/\/www.sejourprive.com\/biens\/mas-pradau-le-thor-lisle-sur-la-sorgue-provence-france\/#primaryimage"},"thumbnailUrl":"https:\/\/www.sejourprive.com\/wp-content\/uploads\/2026\/03\/0-303.jpg","datePublished":"2026-03-31T14:33:34+00:00","description":"Avec sa fa\u00e7ade de pierres couverte de lierre, le Mas du Pradau est un havre de paix parfait pour vos vacances en Provence. Au c\u0153ur de la campagne, son","breadcrumb":{"@id":"https:\/\/www.sejourprive.com\/biens\/mas-pradau-le-thor-lisle-sur-la-sorgue-provence-france\/#breadcrumb"},"inLanguage":"en-GB","potentialAction":[{"@type":"ReadAction","target":["https:\/\/www.sejourprive.com\/biens\/mas-pradau-le-thor-lisle-sur-la-sorgue-provence-france\/"]}]},{"@type":"ImageObject","inLanguage":"en-GB","@id":"https:\/\/www.sejourprive.com\/biens\/mas-pradau-le-thor-lisle-sur-la-sorgue-provence-france\/#primaryimage","url":"https:\/\/www.sejourprive.com\/wp-content\/uploads\/2026\/03\/0-303.jpg","contentUrl":"https:\/\/www.sejourprive.com\/wp-content\/uploads\/2026\/03\/0-303.jpg","width":1200,"height":685},{"@type":"BreadcrumbList","@id":"https:\/\/www.sejourprive.com\/biens\/mas-pradau-le-thor-lisle-sur-la-sorgue-provence-france\/#breadcrumb","itemListElement":[{"@type":"ListItem","position":1,"name":"Accueil","item":"https:\/\/www.sejourprive.com\/"},{"@type":"ListItem","position":2,"name":"Shop","item":"https:\/\/www.sejourprive.com\/shop\/"},{"@type":"ListItem","position":3,"name":"Mas Pradau, Le Thor, L&#8217;Isle-sur-la-Sorgue, Provence, France"}]},{"@type":"WebSite","@id":"https:\/\/www.sejourprive.com\/#website","url":"https:\/\/www.sejourprive.com\/","name":"Private Stay","description":"We design exceptional holidays for you.","publisher":{"@id":"https:\/\/www.sejourprive.com\/#organization"},"potentialAction":[{"@type":"SearchAction","target":{"@type":"EntryPoint","urlTemplate":"https:\/\/www.sejourprive.com\/?s={search_term_string}"},"query-input":{"@type":"PropertyValueSpecification","valueRequired":true,"valueName":"search_term_string"}}],"inLanguage":"en-GB"},{"@type":"Organization","@id":"https:\/\/www.sejourprive.com\/#organization","name":"Private Stay","url":"https:\/\/www.sejourprive.com\/","logo":{"@type":"ImageObject","inLanguage":"en-GB","@id":"https:\/\/www.sejourprive.com\/#\/schema\/logo\/image\/","url":"https:\/\/www.sejourprive.com\/wp-content\/uploads\/2026\/02\/SP-Apple-touch-144-couleur-1-2.png","contentUrl":"https:\/\/www.sejourprive.com\/wp-content\/uploads\/2026\/02\/SP-Apple-touch-144-couleur-1-2.png","width":145,"height":145,"caption":"S\u00e9jour Priv\u00e9"},"image":{"@id":"https:\/\/www.sejourprive.com\/#\/schema\/logo\/image\/"}}]}},"_links":{"self":[{"href":"https:\/\/www.sejourprive.com\/en\/wp-json\/wp\/v2\/product\/55390","targetHints":{"allow":["GET"]}}],"collection":[{"href":"https:\/\/www.sejourprive.com\/en\/wp-json\/wp\/v2\/product"}],"about":[{"href":"https:\/\/www.sejourprive.com\/en\/wp-json\/wp\/v2\/types\/product"}],"replies":[{"embeddable":true,"href":"https:\/\/www.sejourprive.com\/en\/wp-json\/wp\/v2\/comments?post=55390"}],"version-history":[{"count":0,"href":"https:\/\/www.sejourprive.com\/en\/wp-json\/wp\/v2\/product\/55390\/revisions"}],"wp:featuredmedia":[{"embeddable":true,"href":"https:\/\/www.sejourprive.com\/en\/wp-json\/wp\/v2\/media\/55404"}],"wp:attachment":[{"href":"https:\/\/www.sejourprive.com\/en\/wp-json\/wp\/v2\/media?parent=55390"}],"wp:term":[{"taxonomy":"product_brand","embeddable":true,"href":"https:\/\/www.sejourprive.com\/en\/wp-json\/wp\/v2\/product_brand?post=55390"},{"taxonomy":"product_cat","embeddable":true,"href":"https:\/\/www.sejourprive.com\/en\/wp-json\/wp\/v2\/product_cat?post=55390"},{"taxonomy":"product_tag","embeddable":true,"href":"https:\/\/www.sejourprive.com\/en\/wp-json\/wp\/v2\/product_tag?post=55390"}],"curies":[{"name":"wp","href":"https:\/\/api.w.org\/{rel}","templated":true}]}}