{"id":55317,"date":"2026-03-31T16:30:37","date_gmt":"2026-03-31T14:30:37","guid":{"rendered":"https:\/\/www.sejourprive.com\/?post_type=product&#038;p=55317"},"modified":"2026-03-31T16:30:37","modified_gmt":"2026-03-31T14:30:37","slug":"mas-rosa-maussane-les-alpilles-provence-france","status":"publish","type":"product","link":"https:\/\/www.sejourprive.com\/en\/biens\/mas-rosa-maussane-les-alpilles-provence-france\/","title":{"rendered":"Mas Rosa, Maussane-les-Alpilles, Provence, France"},"content":{"rendered":"<p>Au c\u0153ur de la Provence, le toit en terre cuite du Mas Rosa s\u2019\u00e9l\u00e8ve parmi les bosquets arbor\u00e9s de Maussane-les-Alpilles. Ce refuge est un concentr\u00e9 de charme proven\u00e7al classique et d\u2019\u00e9l\u00e9gance moderne, avec ses murs en pierre blanchis \u00e0 la chaux qui r\u00e9v\u00e8lent une d\u00e9coration int\u00e9rieure apais\u00e9e, entre couleurs douces et joyeuses touches contemporaines.<\/p>\n<p><span><div class=\"read-more-wrapper\"><a class=\"read-more-button\" data-target=\"read-more-69f8639d11307\" data-more-text=\"Read more\" data-less-text=\"Read less\"><span class=\"read-more-text\">Read more<\/span><\/a><div id=\"read-more-69f8639d11307\" class=\"read-more-content\"> <\/span>Une journ\u00e9e au Mas Rosa est synonyme de tranquillit\u00e9 et de d\u00e9tente. Commencez votre matin\u00e9e par une baignade revigorante dans la piscine chauff\u00e9e, \u00e0 l\u2019ombre du jardin luxuriant, en admirant la lumi\u00e8re danser sur les montagnes. Ensuite, d\u00e9fiez vos amis et votre famille lors d\u2019une partie de p\u00e9tanque sur le terrain de la maison, puis, \u00e0 la fin de la journ\u00e9e, d\u00e9gustez un barbecue en plein air, alors que le cr\u00e9puscule laisse place \u00e0 un magnifique ciel \u00e9toil\u00e9.<\/div><\/div>  <\/p>","protected":false},"excerpt":{"rendered":"<p>Au c\u0153ur de la Provence, le toit en terre cuite du Mas Rosa s\u2019\u00e9l\u00e8ve parmi les bosquets arbor\u00e9s de Maussane-les-Alpilles&#8230;.<\/p>","protected":false},"featured_media":55329,"comment_status":"open","ping_status":"closed","template":"","meta":{"_acf_changed":false},"product_brand":[],"product_cat":[15],"product_tag":[],"class_list":{"0":"post-55317","1":"product","2":"type-product","3":"status-publish","4":"has-post-thumbnail","6":"product_cat-villa","7":"property_location-france","8":"property_location-provence","10":"first","11":"instock","12":"sold-individually","13":"shipping-taxable","14":"purchasable","15":"product-type-simple"},"acf":[],"yoast_head":"<!-- This site is optimized with the Yoast SEO plugin v26.6 - https:\/\/yoast.com\/wordpress\/plugins\/seo\/ -->\n<title>Mas Rosa, Maussane-les-Alpilles, Provence, France - S\u00e9jour Priv\u00e9<\/title>\n<meta name=\"description\" content=\"Au c\u0153ur de la Provence, le toit en terre cuite du Mas Rosa s\u2019\u00e9l\u00e8ve parmi les bosquets arbor\u00e9s de Maussane-les-Alpilles. Ce refuge est un concentr\u00e9 de\" \/>\n<meta name=\"robots\" content=\"index, follow, max-snippet:-1, max-image-preview:large, max-video-preview:-1\" \/>\n<link rel=\"canonical\" href=\"https:\/\/www.sejourprive.com\/en\/biens\/mas-rosa-maussane-les-alpilles-provence-france\/\" \/>\n<meta property=\"og:locale\" content=\"en_GB\" \/>\n<meta property=\"og:type\" content=\"article\" \/>\n<meta property=\"og:title\" content=\"Mas Rosa, Maussane-les-Alpilles, Provence, France - S\u00e9jour Priv\u00e9\" \/>\n<meta property=\"og:description\" content=\"Au c\u0153ur de la Provence, le toit en terre cuite du Mas Rosa s\u2019\u00e9l\u00e8ve parmi les bosquets arbor\u00e9s de Maussane-les-Alpilles. Ce refuge est un concentr\u00e9 de\" \/>\n<meta property=\"og:url\" content=\"https:\/\/www.sejourprive.com\/en\/biens\/mas-rosa-maussane-les-alpilles-provence-france\/\" \/>\n<meta property=\"og:site_name\" content=\"S\u00e9jour Priv\u00e9\" \/>\n<meta property=\"og:image\" content=\"https:\/\/www.sejourprive.com\/wp-content\/uploads\/2026\/03\/0-301.jpg\" \/>\n\t<meta property=\"og:image:width\" content=\"1200\" \/>\n\t<meta property=\"og:image:height\" content=\"799\" \/>\n\t<meta property=\"og:image:type\" content=\"image\/jpeg\" \/>\n<meta name=\"twitter:card\" content=\"summary_large_image\" \/>\n<meta name=\"twitter:label1\" content=\"Estimated reading time\" \/>\n\t<meta name=\"twitter:data1\" content=\"1 minute\" \/>\n<script type=\"application\/ld+json\" class=\"yoast-schema-graph\">{\"@context\":\"https:\/\/schema.org\",\"@graph\":[{\"@type\":\"WebPage\",\"@id\":\"https:\/\/www.sejourprive.com\/biens\/mas-rosa-maussane-les-alpilles-provence-france\/\",\"url\":\"https:\/\/www.sejourprive.com\/biens\/mas-rosa-maussane-les-alpilles-provence-france\/\",\"name\":\"Mas Rosa, Maussane-les-Alpilles, Provence, France - S\u00e9jour Priv\u00e9\",\"isPartOf\":{\"@id\":\"https:\/\/www.sejourprive.com\/#website\"},\"primaryImageOfPage\":{\"@id\":\"https:\/\/www.sejourprive.com\/biens\/mas-rosa-maussane-les-alpilles-provence-france\/#primaryimage\"},\"image\":{\"@id\":\"https:\/\/www.sejourprive.com\/biens\/mas-rosa-maussane-les-alpilles-provence-france\/#primaryimage\"},\"thumbnailUrl\":\"https:\/\/www.sejourprive.com\/wp-content\/uploads\/2026\/03\/0-301.jpg\",\"datePublished\":\"2026-03-31T14:30:37+00:00\",\"description\":\"Au c\u0153ur de la Provence, le toit en terre cuite du Mas Rosa s\u2019\u00e9l\u00e8ve parmi les bosquets arbor\u00e9s de Maussane-les-Alpilles. Ce refuge est un concentr\u00e9 de\",\"breadcrumb\":{\"@id\":\"https:\/\/www.sejourprive.com\/biens\/mas-rosa-maussane-les-alpilles-provence-france\/#breadcrumb\"},\"inLanguage\":\"en-GB\",\"potentialAction\":[{\"@type\":\"ReadAction\",\"target\":[\"https:\/\/www.sejourprive.com\/biens\/mas-rosa-maussane-les-alpilles-provence-france\/\"]}]},{\"@type\":\"ImageObject\",\"inLanguage\":\"en-GB\",\"@id\":\"https:\/\/www.sejourprive.com\/biens\/mas-rosa-maussane-les-alpilles-provence-france\/#primaryimage\",\"url\":\"https:\/\/www.sejourprive.com\/wp-content\/uploads\/2026\/03\/0-301.jpg\",\"contentUrl\":\"https:\/\/www.sejourprive.com\/wp-content\/uploads\/2026\/03\/0-301.jpg\",\"width\":1200,\"height\":799},{\"@type\":\"BreadcrumbList\",\"@id\":\"https:\/\/www.sejourprive.com\/biens\/mas-rosa-maussane-les-alpilles-provence-france\/#breadcrumb\",\"itemListElement\":[{\"@type\":\"ListItem\",\"position\":1,\"name\":\"Accueil\",\"item\":\"https:\/\/www.sejourprive.com\/\"},{\"@type\":\"ListItem\",\"position\":2,\"name\":\"Shop\",\"item\":\"https:\/\/www.sejourprive.com\/shop\/\"},{\"@type\":\"ListItem\",\"position\":3,\"name\":\"Mas Rosa, Maussane-les-Alpilles, Provence, France\"}]},{\"@type\":\"WebSite\",\"@id\":\"https:\/\/www.sejourprive.com\/#website\",\"url\":\"https:\/\/www.sejourprive.com\/\",\"name\":\"S\u00e9jour Priv\u00e9\",\"description\":\"Nous imaginons pour vous des s\u00e9jours d\u2019exception.\",\"publisher\":{\"@id\":\"https:\/\/www.sejourprive.com\/#organization\"},\"potentialAction\":[{\"@type\":\"SearchAction\",\"target\":{\"@type\":\"EntryPoint\",\"urlTemplate\":\"https:\/\/www.sejourprive.com\/?s={search_term_string}\"},\"query-input\":{\"@type\":\"PropertyValueSpecification\",\"valueRequired\":true,\"valueName\":\"search_term_string\"}}],\"inLanguage\":\"en-GB\"},{\"@type\":\"Organization\",\"@id\":\"https:\/\/www.sejourprive.com\/#organization\",\"name\":\"S\u00e9jour Priv\u00e9\",\"url\":\"https:\/\/www.sejourprive.com\/\",\"logo\":{\"@type\":\"ImageObject\",\"inLanguage\":\"en-GB\",\"@id\":\"https:\/\/www.sejourprive.com\/#\/schema\/logo\/image\/\",\"url\":\"https:\/\/www.sejourprive.com\/wp-content\/uploads\/2026\/02\/SP-Apple-touch-144-couleur-1-2.png\",\"contentUrl\":\"https:\/\/www.sejourprive.com\/wp-content\/uploads\/2026\/02\/SP-Apple-touch-144-couleur-1-2.png\",\"width\":145,\"height\":145,\"caption\":\"S\u00e9jour Priv\u00e9\"},\"image\":{\"@id\":\"https:\/\/www.sejourprive.com\/#\/schema\/logo\/image\/\"}}]}<\/script>\n<!-- \/ Yoast SEO plugin. -->","yoast_head_json":{"title":"Mas Rosa, Maussane-les-Alpilles, Provence, France - S\u00e9jour Priv\u00e9","description":"Au c\u0153ur de la Provence, le toit en terre cuite du Mas Rosa s\u2019\u00e9l\u00e8ve parmi les bosquets arbor\u00e9s de Maussane-les-Alpilles. Ce refuge est un concentr\u00e9 de","robots":{"index":"index","follow":"follow","max-snippet":"max-snippet:-1","max-image-preview":"max-image-preview:large","max-video-preview":"max-video-preview:-1"},"canonical":"https:\/\/www.sejourprive.com\/en\/biens\/mas-rosa-maussane-les-alpilles-provence-france\/","og_locale":"en_GB","og_type":"article","og_title":"Mas Rosa, Maussane-les-Alpilles, Provence, France - S\u00e9jour Priv\u00e9","og_description":"Au c\u0153ur de la Provence, le toit en terre cuite du Mas Rosa s\u2019\u00e9l\u00e8ve parmi les bosquets arbor\u00e9s de Maussane-les-Alpilles. Ce refuge est un concentr\u00e9 de","og_url":"https:\/\/www.sejourprive.com\/en\/biens\/mas-rosa-maussane-les-alpilles-provence-france\/","og_site_name":"S\u00e9jour Priv\u00e9","og_image":[{"width":1200,"height":799,"url":"https:\/\/www.sejourprive.com\/wp-content\/uploads\/2026\/03\/0-301.jpg","type":"image\/jpeg"}],"twitter_card":"summary_large_image","twitter_misc":{"Estimated reading time":"1 minute"},"schema":{"@context":"https:\/\/schema.org","@graph":[{"@type":"WebPage","@id":"https:\/\/www.sejourprive.com\/biens\/mas-rosa-maussane-les-alpilles-provence-france\/","url":"https:\/\/www.sejourprive.com\/biens\/mas-rosa-maussane-les-alpilles-provence-france\/","name":"Mas Rosa, Maussane-les-Alpilles, Provence, France - S\u00e9jour Priv\u00e9","isPartOf":{"@id":"https:\/\/www.sejourprive.com\/#website"},"primaryImageOfPage":{"@id":"https:\/\/www.sejourprive.com\/biens\/mas-rosa-maussane-les-alpilles-provence-france\/#primaryimage"},"image":{"@id":"https:\/\/www.sejourprive.com\/biens\/mas-rosa-maussane-les-alpilles-provence-france\/#primaryimage"},"thumbnailUrl":"https:\/\/www.sejourprive.com\/wp-content\/uploads\/2026\/03\/0-301.jpg","datePublished":"2026-03-31T14:30:37+00:00","description":"Au c\u0153ur de la Provence, le toit en terre cuite du Mas Rosa s\u2019\u00e9l\u00e8ve parmi les bosquets arbor\u00e9s de Maussane-les-Alpilles. Ce refuge est un concentr\u00e9 de","breadcrumb":{"@id":"https:\/\/www.sejourprive.com\/biens\/mas-rosa-maussane-les-alpilles-provence-france\/#breadcrumb"},"inLanguage":"en-GB","potentialAction":[{"@type":"ReadAction","target":["https:\/\/www.sejourprive.com\/biens\/mas-rosa-maussane-les-alpilles-provence-france\/"]}]},{"@type":"ImageObject","inLanguage":"en-GB","@id":"https:\/\/www.sejourprive.com\/biens\/mas-rosa-maussane-les-alpilles-provence-france\/#primaryimage","url":"https:\/\/www.sejourprive.com\/wp-content\/uploads\/2026\/03\/0-301.jpg","contentUrl":"https:\/\/www.sejourprive.com\/wp-content\/uploads\/2026\/03\/0-301.jpg","width":1200,"height":799},{"@type":"BreadcrumbList","@id":"https:\/\/www.sejourprive.com\/biens\/mas-rosa-maussane-les-alpilles-provence-france\/#breadcrumb","itemListElement":[{"@type":"ListItem","position":1,"name":"Accueil","item":"https:\/\/www.sejourprive.com\/"},{"@type":"ListItem","position":2,"name":"Shop","item":"https:\/\/www.sejourprive.com\/shop\/"},{"@type":"ListItem","position":3,"name":"Mas Rosa, Maussane-les-Alpilles, Provence, France"}]},{"@type":"WebSite","@id":"https:\/\/www.sejourprive.com\/#website","url":"https:\/\/www.sejourprive.com\/","name":"Private Stay","description":"We design exceptional holidays for you.","publisher":{"@id":"https:\/\/www.sejourprive.com\/#organization"},"potentialAction":[{"@type":"SearchAction","target":{"@type":"EntryPoint","urlTemplate":"https:\/\/www.sejourprive.com\/?s={search_term_string}"},"query-input":{"@type":"PropertyValueSpecification","valueRequired":true,"valueName":"search_term_string"}}],"inLanguage":"en-GB"},{"@type":"Organization","@id":"https:\/\/www.sejourprive.com\/#organization","name":"Private Stay","url":"https:\/\/www.sejourprive.com\/","logo":{"@type":"ImageObject","inLanguage":"en-GB","@id":"https:\/\/www.sejourprive.com\/#\/schema\/logo\/image\/","url":"https:\/\/www.sejourprive.com\/wp-content\/uploads\/2026\/02\/SP-Apple-touch-144-couleur-1-2.png","contentUrl":"https:\/\/www.sejourprive.com\/wp-content\/uploads\/2026\/02\/SP-Apple-touch-144-couleur-1-2.png","width":145,"height":145,"caption":"S\u00e9jour Priv\u00e9"},"image":{"@id":"https:\/\/www.sejourprive.com\/#\/schema\/logo\/image\/"}}]}},"_links":{"self":[{"href":"https:\/\/www.sejourprive.com\/en\/wp-json\/wp\/v2\/product\/55317","targetHints":{"allow":["GET"]}}],"collection":[{"href":"https:\/\/www.sejourprive.com\/en\/wp-json\/wp\/v2\/product"}],"about":[{"href":"https:\/\/www.sejourprive.com\/en\/wp-json\/wp\/v2\/types\/product"}],"replies":[{"embeddable":true,"href":"https:\/\/www.sejourprive.com\/en\/wp-json\/wp\/v2\/comments?post=55317"}],"version-history":[{"count":0,"href":"https:\/\/www.sejourprive.com\/en\/wp-json\/wp\/v2\/product\/55317\/revisions"}],"wp:featuredmedia":[{"embeddable":true,"href":"https:\/\/www.sejourprive.com\/en\/wp-json\/wp\/v2\/media\/55329"}],"wp:attachment":[{"href":"https:\/\/www.sejourprive.com\/en\/wp-json\/wp\/v2\/media?parent=55317"}],"wp:term":[{"taxonomy":"product_brand","embeddable":true,"href":"https:\/\/www.sejourprive.com\/en\/wp-json\/wp\/v2\/product_brand?post=55317"},{"taxonomy":"product_cat","embeddable":true,"href":"https:\/\/www.sejourprive.com\/en\/wp-json\/wp\/v2\/product_cat?post=55317"},{"taxonomy":"product_tag","embeddable":true,"href":"https:\/\/www.sejourprive.com\/en\/wp-json\/wp\/v2\/product_tag?post=55317"}],"curies":[{"name":"wp","href":"https:\/\/api.w.org\/{rel}","templated":true}]}}