{"id":55231,"date":"2026-03-31T16:28:23","date_gmt":"2026-03-31T14:28:23","guid":{"rendered":"https:\/\/www.sejourprive.com\/?post_type=product&#038;p=55231"},"modified":"2026-03-31T16:28:23","modified_gmt":"2026-03-31T14:28:23","slug":"villa-les-rossignols-marseille-provence-france","status":"publish","type":"product","link":"https:\/\/www.sejourprive.com\/en\/biens\/villa-les-rossignols-marseille-provence-france\/","title":{"rendered":"Villa Les Rossignols, Marseille, Provence, France"},"content":{"rendered":"<p>Nich\u00e9 au c\u0153ur de la vibrante Marseille, la Villa les Rossignols est un havre de paix urbain. Entre \u00e9l\u00e9gance intemporelle et luxe contemporain, sa fa\u00e7ade refl\u00e8te l\u2019h\u00e9ritage architectural de la ville, tandis qu\u2019\u00e0 l\u2019int\u00e9rieur, une palette de couleurs douces et lumineuses et de chaleureux accents en bois vous mettront imm\u00e9diatement \u00e0 l\u2019aise. <\/p>\n<p><span><div class=\"read-more-wrapper\"><a class=\"read-more-button\" data-target=\"read-more-69f474f647c6d\" data-more-text=\"Read more\" data-less-text=\"Read less\"><span class=\"read-more-text\">Read more<\/span><\/a><div id=\"read-more-69f474f647c6d\" class=\"read-more-content\"> <\/span>De bon matin, la piscine ext\u00e9rieure, \u00e9tincelante sous le soleil matinal, vous invite pour baignade revigorante au milieu du jardin m\u00e9diterran\u00e9en. \u00c0 la mi-journ\u00e9e, partez explorer les charmes du centre-ville. La plage, les restaurants, les bars et les boutiques situ\u00e9s \u00e0 seulement quelques minutes \u00e0 pied de votre refuge n\u2019attendent plus que vous ! Le soir venu, retrouvez la tranquillit\u00e9 de votre villa, dont les fen\u00eatres encadrent la mer c\u00e9rul\u00e9enne, toile de fond parfaite de vos vacances.<\/div><\/div> <\/p>","protected":false},"excerpt":{"rendered":"<p>Nich\u00e9 au c\u0153ur de la vibrante Marseille, la Villa les Rossignols est un havre de paix urbain. Entre \u00e9l\u00e9gance intemporelle&#8230;<\/p>","protected":false},"featured_media":55314,"comment_status":"open","ping_status":"closed","template":"","meta":{"_acf_changed":false},"product_brand":[],"product_cat":[15],"product_tag":[],"class_list":{"0":"post-55231","1":"product","2":"type-product","3":"status-publish","4":"has-post-thumbnail","6":"product_cat-villa","7":"property_location-france","8":"property_location-provence","10":"first","11":"instock","12":"sold-individually","13":"shipping-taxable","14":"purchasable","15":"product-type-simple"},"acf":[],"yoast_head":"<!-- This site is optimized with the Yoast SEO plugin v26.6 - https:\/\/yoast.com\/wordpress\/plugins\/seo\/ -->\n<title>Villa Les Rossignols, Marseille, Provence, France - S\u00e9jour Priv\u00e9<\/title>\n<meta name=\"description\" content=\"Nich\u00e9 au c\u0153ur de la vibrante Marseille, la Villa les Rossignols est un havre de paix urbain. Entre \u00e9l\u00e9gance intemporelle et luxe contemporain, sa fa\u00e7ade\" \/>\n<meta name=\"robots\" content=\"index, follow, max-snippet:-1, max-image-preview:large, max-video-preview:-1\" \/>\n<link rel=\"canonical\" href=\"https:\/\/www.sejourprive.com\/en\/biens\/villa-les-rossignols-marseille-provence-france\/\" \/>\n<meta property=\"og:locale\" content=\"en_GB\" \/>\n<meta property=\"og:type\" content=\"article\" \/>\n<meta property=\"og:title\" content=\"Villa Les Rossignols, Marseille, Provence, France - S\u00e9jour Priv\u00e9\" \/>\n<meta property=\"og:description\" content=\"Nich\u00e9 au c\u0153ur de la vibrante Marseille, la Villa les Rossignols est un havre de paix urbain. Entre \u00e9l\u00e9gance intemporelle et luxe contemporain, sa fa\u00e7ade\" \/>\n<meta property=\"og:url\" content=\"https:\/\/www.sejourprive.com\/en\/biens\/villa-les-rossignols-marseille-provence-france\/\" \/>\n<meta property=\"og:site_name\" content=\"S\u00e9jour Priv\u00e9\" \/>\n<meta property=\"og:image\" content=\"https:\/\/www.sejourprive.com\/wp-content\/uploads\/2026\/03\/25-288.jpg\" \/>\n\t<meta property=\"og:image:width\" content=\"1200\" \/>\n\t<meta property=\"og:image:height\" content=\"2133\" \/>\n\t<meta property=\"og:image:type\" content=\"image\/jpeg\" \/>\n<meta name=\"twitter:card\" content=\"summary_large_image\" \/>\n<meta name=\"twitter:label1\" content=\"Estimated reading time\" \/>\n\t<meta name=\"twitter:data1\" content=\"1 minute\" \/>\n<script type=\"application\/ld+json\" class=\"yoast-schema-graph\">{\"@context\":\"https:\/\/schema.org\",\"@graph\":[{\"@type\":\"WebPage\",\"@id\":\"https:\/\/www.sejourprive.com\/biens\/villa-les-rossignols-marseille-provence-france\/\",\"url\":\"https:\/\/www.sejourprive.com\/biens\/villa-les-rossignols-marseille-provence-france\/\",\"name\":\"Villa Les Rossignols, Marseille, Provence, France - S\u00e9jour Priv\u00e9\",\"isPartOf\":{\"@id\":\"https:\/\/www.sejourprive.com\/#website\"},\"primaryImageOfPage\":{\"@id\":\"https:\/\/www.sejourprive.com\/biens\/villa-les-rossignols-marseille-provence-france\/#primaryimage\"},\"image\":{\"@id\":\"https:\/\/www.sejourprive.com\/biens\/villa-les-rossignols-marseille-provence-france\/#primaryimage\"},\"thumbnailUrl\":\"https:\/\/www.sejourprive.com\/wp-content\/uploads\/2026\/03\/25-288.jpg\",\"datePublished\":\"2026-03-31T14:28:23+00:00\",\"description\":\"Nich\u00e9 au c\u0153ur de la vibrante Marseille, la Villa les Rossignols est un havre de paix urbain. Entre \u00e9l\u00e9gance intemporelle et luxe contemporain, sa fa\u00e7ade\",\"breadcrumb\":{\"@id\":\"https:\/\/www.sejourprive.com\/biens\/villa-les-rossignols-marseille-provence-france\/#breadcrumb\"},\"inLanguage\":\"en-GB\",\"potentialAction\":[{\"@type\":\"ReadAction\",\"target\":[\"https:\/\/www.sejourprive.com\/biens\/villa-les-rossignols-marseille-provence-france\/\"]}]},{\"@type\":\"ImageObject\",\"inLanguage\":\"en-GB\",\"@id\":\"https:\/\/www.sejourprive.com\/biens\/villa-les-rossignols-marseille-provence-france\/#primaryimage\",\"url\":\"https:\/\/www.sejourprive.com\/wp-content\/uploads\/2026\/03\/25-288.jpg\",\"contentUrl\":\"https:\/\/www.sejourprive.com\/wp-content\/uploads\/2026\/03\/25-288.jpg\",\"width\":1200,\"height\":2133},{\"@type\":\"BreadcrumbList\",\"@id\":\"https:\/\/www.sejourprive.com\/biens\/villa-les-rossignols-marseille-provence-france\/#breadcrumb\",\"itemListElement\":[{\"@type\":\"ListItem\",\"position\":1,\"name\":\"Accueil\",\"item\":\"https:\/\/www.sejourprive.com\/\"},{\"@type\":\"ListItem\",\"position\":2,\"name\":\"Shop\",\"item\":\"https:\/\/www.sejourprive.com\/shop\/\"},{\"@type\":\"ListItem\",\"position\":3,\"name\":\"Villa Les Rossignols, Marseille, Provence, France\"}]},{\"@type\":\"WebSite\",\"@id\":\"https:\/\/www.sejourprive.com\/#website\",\"url\":\"https:\/\/www.sejourprive.com\/\",\"name\":\"S\u00e9jour Priv\u00e9\",\"description\":\"Nous imaginons pour vous des s\u00e9jours d\u2019exception.\",\"publisher\":{\"@id\":\"https:\/\/www.sejourprive.com\/#organization\"},\"potentialAction\":[{\"@type\":\"SearchAction\",\"target\":{\"@type\":\"EntryPoint\",\"urlTemplate\":\"https:\/\/www.sejourprive.com\/?s={search_term_string}\"},\"query-input\":{\"@type\":\"PropertyValueSpecification\",\"valueRequired\":true,\"valueName\":\"search_term_string\"}}],\"inLanguage\":\"en-GB\"},{\"@type\":\"Organization\",\"@id\":\"https:\/\/www.sejourprive.com\/#organization\",\"name\":\"S\u00e9jour Priv\u00e9\",\"url\":\"https:\/\/www.sejourprive.com\/\",\"logo\":{\"@type\":\"ImageObject\",\"inLanguage\":\"en-GB\",\"@id\":\"https:\/\/www.sejourprive.com\/#\/schema\/logo\/image\/\",\"url\":\"https:\/\/www.sejourprive.com\/wp-content\/uploads\/2026\/02\/SP-Apple-touch-144-couleur-1-2.png\",\"contentUrl\":\"https:\/\/www.sejourprive.com\/wp-content\/uploads\/2026\/02\/SP-Apple-touch-144-couleur-1-2.png\",\"width\":145,\"height\":145,\"caption\":\"S\u00e9jour Priv\u00e9\"},\"image\":{\"@id\":\"https:\/\/www.sejourprive.com\/#\/schema\/logo\/image\/\"}}]}<\/script>\n<!-- \/ Yoast SEO plugin. -->","yoast_head_json":{"title":"Villa Les Rossignols, Marseille, Provence, France - S\u00e9jour Priv\u00e9","description":"Nich\u00e9 au c\u0153ur de la vibrante Marseille, la Villa les Rossignols est un havre de paix urbain. Entre \u00e9l\u00e9gance intemporelle et luxe contemporain, sa fa\u00e7ade","robots":{"index":"index","follow":"follow","max-snippet":"max-snippet:-1","max-image-preview":"max-image-preview:large","max-video-preview":"max-video-preview:-1"},"canonical":"https:\/\/www.sejourprive.com\/en\/biens\/villa-les-rossignols-marseille-provence-france\/","og_locale":"en_GB","og_type":"article","og_title":"Villa Les Rossignols, Marseille, Provence, France - S\u00e9jour Priv\u00e9","og_description":"Nich\u00e9 au c\u0153ur de la vibrante Marseille, la Villa les Rossignols est un havre de paix urbain. Entre \u00e9l\u00e9gance intemporelle et luxe contemporain, sa fa\u00e7ade","og_url":"https:\/\/www.sejourprive.com\/en\/biens\/villa-les-rossignols-marseille-provence-france\/","og_site_name":"S\u00e9jour Priv\u00e9","og_image":[{"width":1200,"height":2133,"url":"https:\/\/www.sejourprive.com\/wp-content\/uploads\/2026\/03\/25-288.jpg","type":"image\/jpeg"}],"twitter_card":"summary_large_image","twitter_misc":{"Estimated reading time":"1 minute"},"schema":{"@context":"https:\/\/schema.org","@graph":[{"@type":"WebPage","@id":"https:\/\/www.sejourprive.com\/biens\/villa-les-rossignols-marseille-provence-france\/","url":"https:\/\/www.sejourprive.com\/biens\/villa-les-rossignols-marseille-provence-france\/","name":"Villa Les Rossignols, Marseille, Provence, France - S\u00e9jour Priv\u00e9","isPartOf":{"@id":"https:\/\/www.sejourprive.com\/#website"},"primaryImageOfPage":{"@id":"https:\/\/www.sejourprive.com\/biens\/villa-les-rossignols-marseille-provence-france\/#primaryimage"},"image":{"@id":"https:\/\/www.sejourprive.com\/biens\/villa-les-rossignols-marseille-provence-france\/#primaryimage"},"thumbnailUrl":"https:\/\/www.sejourprive.com\/wp-content\/uploads\/2026\/03\/25-288.jpg","datePublished":"2026-03-31T14:28:23+00:00","description":"Nich\u00e9 au c\u0153ur de la vibrante Marseille, la Villa les Rossignols est un havre de paix urbain. Entre \u00e9l\u00e9gance intemporelle et luxe contemporain, sa fa\u00e7ade","breadcrumb":{"@id":"https:\/\/www.sejourprive.com\/biens\/villa-les-rossignols-marseille-provence-france\/#breadcrumb"},"inLanguage":"en-GB","potentialAction":[{"@type":"ReadAction","target":["https:\/\/www.sejourprive.com\/biens\/villa-les-rossignols-marseille-provence-france\/"]}]},{"@type":"ImageObject","inLanguage":"en-GB","@id":"https:\/\/www.sejourprive.com\/biens\/villa-les-rossignols-marseille-provence-france\/#primaryimage","url":"https:\/\/www.sejourprive.com\/wp-content\/uploads\/2026\/03\/25-288.jpg","contentUrl":"https:\/\/www.sejourprive.com\/wp-content\/uploads\/2026\/03\/25-288.jpg","width":1200,"height":2133},{"@type":"BreadcrumbList","@id":"https:\/\/www.sejourprive.com\/biens\/villa-les-rossignols-marseille-provence-france\/#breadcrumb","itemListElement":[{"@type":"ListItem","position":1,"name":"Accueil","item":"https:\/\/www.sejourprive.com\/"},{"@type":"ListItem","position":2,"name":"Shop","item":"https:\/\/www.sejourprive.com\/shop\/"},{"@type":"ListItem","position":3,"name":"Villa Les Rossignols, Marseille, Provence, France"}]},{"@type":"WebSite","@id":"https:\/\/www.sejourprive.com\/#website","url":"https:\/\/www.sejourprive.com\/","name":"Private Stay","description":"We design exceptional holidays for you.","publisher":{"@id":"https:\/\/www.sejourprive.com\/#organization"},"potentialAction":[{"@type":"SearchAction","target":{"@type":"EntryPoint","urlTemplate":"https:\/\/www.sejourprive.com\/?s={search_term_string}"},"query-input":{"@type":"PropertyValueSpecification","valueRequired":true,"valueName":"search_term_string"}}],"inLanguage":"en-GB"},{"@type":"Organization","@id":"https:\/\/www.sejourprive.com\/#organization","name":"Private Stay","url":"https:\/\/www.sejourprive.com\/","logo":{"@type":"ImageObject","inLanguage":"en-GB","@id":"https:\/\/www.sejourprive.com\/#\/schema\/logo\/image\/","url":"https:\/\/www.sejourprive.com\/wp-content\/uploads\/2026\/02\/SP-Apple-touch-144-couleur-1-2.png","contentUrl":"https:\/\/www.sejourprive.com\/wp-content\/uploads\/2026\/02\/SP-Apple-touch-144-couleur-1-2.png","width":145,"height":145,"caption":"S\u00e9jour Priv\u00e9"},"image":{"@id":"https:\/\/www.sejourprive.com\/#\/schema\/logo\/image\/"}}]}},"_links":{"self":[{"href":"https:\/\/www.sejourprive.com\/en\/wp-json\/wp\/v2\/product\/55231","targetHints":{"allow":["GET"]}}],"collection":[{"href":"https:\/\/www.sejourprive.com\/en\/wp-json\/wp\/v2\/product"}],"about":[{"href":"https:\/\/www.sejourprive.com\/en\/wp-json\/wp\/v2\/types\/product"}],"replies":[{"embeddable":true,"href":"https:\/\/www.sejourprive.com\/en\/wp-json\/wp\/v2\/comments?post=55231"}],"version-history":[{"count":0,"href":"https:\/\/www.sejourprive.com\/en\/wp-json\/wp\/v2\/product\/55231\/revisions"}],"wp:featuredmedia":[{"embeddable":true,"href":"https:\/\/www.sejourprive.com\/en\/wp-json\/wp\/v2\/media\/55314"}],"wp:attachment":[{"href":"https:\/\/www.sejourprive.com\/en\/wp-json\/wp\/v2\/media?parent=55231"}],"wp:term":[{"taxonomy":"product_brand","embeddable":true,"href":"https:\/\/www.sejourprive.com\/en\/wp-json\/wp\/v2\/product_brand?post=55231"},{"taxonomy":"product_cat","embeddable":true,"href":"https:\/\/www.sejourprive.com\/en\/wp-json\/wp\/v2\/product_cat?post=55231"},{"taxonomy":"product_tag","embeddable":true,"href":"https:\/\/www.sejourprive.com\/en\/wp-json\/wp\/v2\/product_tag?post=55231"}],"curies":[{"name":"wp","href":"https:\/\/api.w.org\/{rel}","templated":true}]}}