{"id":54873,"date":"2026-03-31T15:56:28","date_gmt":"2026-03-31T13:56:28","guid":{"rendered":"https:\/\/www.sejourprive.com\/?post_type=product&#038;p=54873"},"modified":"2026-03-31T15:56:28","modified_gmt":"2026-03-31T13:56:28","slug":"mas-calado-saint-remy-de-provence-provence-france","status":"publish","type":"product","link":"https:\/\/www.sejourprive.com\/en\/biens\/mas-calado-saint-remy-de-provence-provence-france\/","title":{"rendered":"Mas Calado, Saint-R\u00e9my-de-Provence, Provence, France"},"content":{"rendered":"<p>Nich\u00e9 aux abords de Saint-R\u00e9my-de-Provence, le Mas Calado est un v\u00e9ritable havre de paix proven\u00e7al. Son architecture d&#8217;\u00e9poque et son jardin \u00e0 la fran\u00e7aise luxuriant cr\u00e9ent une atmosph\u00e8re authentique et sereine. La propri\u00e9t\u00e9 dispose \u00e9galement d&#8217;un potager o\u00f9 vous pourrez cueillir des fruits et l\u00e9gumes frais de saison. Son int\u00e9rieur allie confort moderne et charme proven\u00e7al, tandis que sa d\u00e9coration raffin\u00e9e met en valeur le caract\u00e8re unique de la demeure.<span><div class=\"read-more-wrapper\"><a class=\"read-more-button\" data-target=\"read-more-69f61201315f1\" data-more-text=\"Read more\" data-less-text=\"Read less\"><span class=\"read-more-text\">Read more<\/span><\/a><div id=\"read-more-69f61201315f1\" class=\"read-more-content\"> <\/span><\/p>\n<p>Une journ\u00e9e type au Mas Calado commence par un petit-d\u00e9jeuner pr\u00e9par\u00e9 par votre personnel d\u00e9vou\u00e9, \u00e0 d\u00e9guster sur la terrasse ensoleill\u00e9e. L&#8217;apr\u00e8s-midi, passez un moment dans votre salon de th\u00e9 japonais traditionnel pour une s\u00e9ance de m\u00e9ditation ou de pure d\u00e9tente. Allez piquer une t\u00eate dans la piscine chauff\u00e9e ou promenez-vous dans le jardin bord\u00e9 d&#8217;arbres. \u00c0 la tomb\u00e9e de la nuit, r\u00e9unissez vos proches sous les \u00e9toiles pour un repas convivial au barbecue, puis fl\u00e2nez dans les rues anim\u00e9es de Saint-R\u00e9my-de-Provence, \u00e0 quelques pas seulement.<\/div><\/div><\/p>","protected":false},"excerpt":{"rendered":"<p>Nich\u00e9 aux abords de Saint-R\u00e9my-de-Provence, le Mas Calado est un v\u00e9ritable havre de paix proven\u00e7al. Son architecture d&#8217;\u00e9poque et son&#8230;<\/p>","protected":false},"featured_media":54940,"comment_status":"open","ping_status":"closed","template":"","meta":{"_acf_changed":false},"product_brand":[],"product_cat":[15],"product_tag":[],"class_list":{"0":"post-54873","1":"product","2":"type-product","3":"status-publish","4":"has-post-thumbnail","6":"product_cat-villa","7":"property_location-france","8":"property_location-provence","10":"first","11":"instock","12":"sold-individually","13":"shipping-taxable","14":"purchasable","15":"product-type-simple"},"acf":[],"yoast_head":"<!-- This site is optimized with the Yoast SEO plugin v26.6 - https:\/\/yoast.com\/wordpress\/plugins\/seo\/ -->\n<title>Mas Calado, Saint-R\u00e9my-de-Provence, Provence, France - S\u00e9jour Priv\u00e9<\/title>\n<meta name=\"description\" content=\"Nich\u00e9 aux abords de Saint-R\u00e9my-de-Provence, le Mas Calado est un v\u00e9ritable havre de paix proven\u00e7al. Son architecture d&#039;\u00e9poque et son jardin \u00e0 la fran\u00e7aise\" \/>\n<meta name=\"robots\" content=\"index, follow, max-snippet:-1, max-image-preview:large, max-video-preview:-1\" \/>\n<link rel=\"canonical\" href=\"https:\/\/www.sejourprive.com\/en\/biens\/mas-calado-saint-remy-de-provence-provence-france\/\" \/>\n<meta property=\"og:locale\" content=\"en_GB\" \/>\n<meta property=\"og:type\" content=\"article\" \/>\n<meta property=\"og:title\" content=\"Mas Calado, Saint-R\u00e9my-de-Provence, Provence, France - S\u00e9jour Priv\u00e9\" \/>\n<meta property=\"og:description\" content=\"Nich\u00e9 aux abords de Saint-R\u00e9my-de-Provence, le Mas Calado est un v\u00e9ritable havre de paix proven\u00e7al. Son architecture d&#039;\u00e9poque et son jardin \u00e0 la fran\u00e7aise\" \/>\n<meta property=\"og:url\" content=\"https:\/\/www.sejourprive.com\/en\/biens\/mas-calado-saint-remy-de-provence-provence-france\/\" \/>\n<meta property=\"og:site_name\" content=\"S\u00e9jour Priv\u00e9\" \/>\n<meta property=\"og:image\" content=\"https:\/\/www.sejourprive.com\/wp-content\/uploads\/2026\/03\/35-195.jpg\" \/>\n\t<meta property=\"og:image:width\" content=\"1200\" \/>\n\t<meta property=\"og:image:height\" content=\"1799\" \/>\n\t<meta property=\"og:image:type\" content=\"image\/jpeg\" \/>\n<meta name=\"twitter:card\" content=\"summary_large_image\" \/>\n<meta name=\"twitter:label1\" content=\"Estimated reading time\" \/>\n\t<meta name=\"twitter:data1\" content=\"2 minutes\" \/>\n<script type=\"application\/ld+json\" class=\"yoast-schema-graph\">{\"@context\":\"https:\/\/schema.org\",\"@graph\":[{\"@type\":\"WebPage\",\"@id\":\"https:\/\/www.sejourprive.com\/biens\/mas-calado-saint-remy-de-provence-provence-france\/\",\"url\":\"https:\/\/www.sejourprive.com\/biens\/mas-calado-saint-remy-de-provence-provence-france\/\",\"name\":\"Mas Calado, Saint-R\u00e9my-de-Provence, Provence, France - S\u00e9jour Priv\u00e9\",\"isPartOf\":{\"@id\":\"https:\/\/www.sejourprive.com\/#website\"},\"primaryImageOfPage\":{\"@id\":\"https:\/\/www.sejourprive.com\/biens\/mas-calado-saint-remy-de-provence-provence-france\/#primaryimage\"},\"image\":{\"@id\":\"https:\/\/www.sejourprive.com\/biens\/mas-calado-saint-remy-de-provence-provence-france\/#primaryimage\"},\"thumbnailUrl\":\"https:\/\/www.sejourprive.com\/wp-content\/uploads\/2026\/03\/35-195.jpg\",\"datePublished\":\"2026-03-31T13:56:28+00:00\",\"description\":\"Nich\u00e9 aux abords de Saint-R\u00e9my-de-Provence, le Mas Calado est un v\u00e9ritable havre de paix proven\u00e7al. Son architecture d'\u00e9poque et son jardin \u00e0 la fran\u00e7aise\",\"breadcrumb\":{\"@id\":\"https:\/\/www.sejourprive.com\/biens\/mas-calado-saint-remy-de-provence-provence-france\/#breadcrumb\"},\"inLanguage\":\"en-GB\",\"potentialAction\":[{\"@type\":\"ReadAction\",\"target\":[\"https:\/\/www.sejourprive.com\/biens\/mas-calado-saint-remy-de-provence-provence-france\/\"]}]},{\"@type\":\"ImageObject\",\"inLanguage\":\"en-GB\",\"@id\":\"https:\/\/www.sejourprive.com\/biens\/mas-calado-saint-remy-de-provence-provence-france\/#primaryimage\",\"url\":\"https:\/\/www.sejourprive.com\/wp-content\/uploads\/2026\/03\/35-195.jpg\",\"contentUrl\":\"https:\/\/www.sejourprive.com\/wp-content\/uploads\/2026\/03\/35-195.jpg\",\"width\":1200,\"height\":1799},{\"@type\":\"BreadcrumbList\",\"@id\":\"https:\/\/www.sejourprive.com\/biens\/mas-calado-saint-remy-de-provence-provence-france\/#breadcrumb\",\"itemListElement\":[{\"@type\":\"ListItem\",\"position\":1,\"name\":\"Accueil\",\"item\":\"https:\/\/www.sejourprive.com\/\"},{\"@type\":\"ListItem\",\"position\":2,\"name\":\"Shop\",\"item\":\"https:\/\/www.sejourprive.com\/shop\/\"},{\"@type\":\"ListItem\",\"position\":3,\"name\":\"Mas Calado, Saint-R\u00e9my-de-Provence, Provence, France\"}]},{\"@type\":\"WebSite\",\"@id\":\"https:\/\/www.sejourprive.com\/#website\",\"url\":\"https:\/\/www.sejourprive.com\/\",\"name\":\"S\u00e9jour Priv\u00e9\",\"description\":\"Nous imaginons pour vous des s\u00e9jours d\u2019exception.\",\"publisher\":{\"@id\":\"https:\/\/www.sejourprive.com\/#organization\"},\"potentialAction\":[{\"@type\":\"SearchAction\",\"target\":{\"@type\":\"EntryPoint\",\"urlTemplate\":\"https:\/\/www.sejourprive.com\/?s={search_term_string}\"},\"query-input\":{\"@type\":\"PropertyValueSpecification\",\"valueRequired\":true,\"valueName\":\"search_term_string\"}}],\"inLanguage\":\"en-GB\"},{\"@type\":\"Organization\",\"@id\":\"https:\/\/www.sejourprive.com\/#organization\",\"name\":\"S\u00e9jour Priv\u00e9\",\"url\":\"https:\/\/www.sejourprive.com\/\",\"logo\":{\"@type\":\"ImageObject\",\"inLanguage\":\"en-GB\",\"@id\":\"https:\/\/www.sejourprive.com\/#\/schema\/logo\/image\/\",\"url\":\"https:\/\/www.sejourprive.com\/wp-content\/uploads\/2026\/02\/SP-Apple-touch-144-couleur-1-2.png\",\"contentUrl\":\"https:\/\/www.sejourprive.com\/wp-content\/uploads\/2026\/02\/SP-Apple-touch-144-couleur-1-2.png\",\"width\":145,\"height\":145,\"caption\":\"S\u00e9jour Priv\u00e9\"},\"image\":{\"@id\":\"https:\/\/www.sejourprive.com\/#\/schema\/logo\/image\/\"}}]}<\/script>\n<!-- \/ Yoast SEO plugin. -->","yoast_head_json":{"title":"Mas Calado, Saint-R\u00e9my-de-Provence, Provence, France - S\u00e9jour Priv\u00e9","description":"Nich\u00e9 aux abords de Saint-R\u00e9my-de-Provence, le Mas Calado est un v\u00e9ritable havre de paix proven\u00e7al. Son architecture d'\u00e9poque et son jardin \u00e0 la fran\u00e7aise","robots":{"index":"index","follow":"follow","max-snippet":"max-snippet:-1","max-image-preview":"max-image-preview:large","max-video-preview":"max-video-preview:-1"},"canonical":"https:\/\/www.sejourprive.com\/en\/biens\/mas-calado-saint-remy-de-provence-provence-france\/","og_locale":"en_GB","og_type":"article","og_title":"Mas Calado, Saint-R\u00e9my-de-Provence, Provence, France - S\u00e9jour Priv\u00e9","og_description":"Nich\u00e9 aux abords de Saint-R\u00e9my-de-Provence, le Mas Calado est un v\u00e9ritable havre de paix proven\u00e7al. Son architecture d'\u00e9poque et son jardin \u00e0 la fran\u00e7aise","og_url":"https:\/\/www.sejourprive.com\/en\/biens\/mas-calado-saint-remy-de-provence-provence-france\/","og_site_name":"S\u00e9jour Priv\u00e9","og_image":[{"width":1200,"height":1799,"url":"https:\/\/www.sejourprive.com\/wp-content\/uploads\/2026\/03\/35-195.jpg","type":"image\/jpeg"}],"twitter_card":"summary_large_image","twitter_misc":{"Estimated reading time":"2 minutes"},"schema":{"@context":"https:\/\/schema.org","@graph":[{"@type":"WebPage","@id":"https:\/\/www.sejourprive.com\/biens\/mas-calado-saint-remy-de-provence-provence-france\/","url":"https:\/\/www.sejourprive.com\/biens\/mas-calado-saint-remy-de-provence-provence-france\/","name":"Mas Calado, Saint-R\u00e9my-de-Provence, Provence, France - S\u00e9jour Priv\u00e9","isPartOf":{"@id":"https:\/\/www.sejourprive.com\/#website"},"primaryImageOfPage":{"@id":"https:\/\/www.sejourprive.com\/biens\/mas-calado-saint-remy-de-provence-provence-france\/#primaryimage"},"image":{"@id":"https:\/\/www.sejourprive.com\/biens\/mas-calado-saint-remy-de-provence-provence-france\/#primaryimage"},"thumbnailUrl":"https:\/\/www.sejourprive.com\/wp-content\/uploads\/2026\/03\/35-195.jpg","datePublished":"2026-03-31T13:56:28+00:00","description":"Nich\u00e9 aux abords de Saint-R\u00e9my-de-Provence, le Mas Calado est un v\u00e9ritable havre de paix proven\u00e7al. Son architecture d'\u00e9poque et son jardin \u00e0 la fran\u00e7aise","breadcrumb":{"@id":"https:\/\/www.sejourprive.com\/biens\/mas-calado-saint-remy-de-provence-provence-france\/#breadcrumb"},"inLanguage":"en-GB","potentialAction":[{"@type":"ReadAction","target":["https:\/\/www.sejourprive.com\/biens\/mas-calado-saint-remy-de-provence-provence-france\/"]}]},{"@type":"ImageObject","inLanguage":"en-GB","@id":"https:\/\/www.sejourprive.com\/biens\/mas-calado-saint-remy-de-provence-provence-france\/#primaryimage","url":"https:\/\/www.sejourprive.com\/wp-content\/uploads\/2026\/03\/35-195.jpg","contentUrl":"https:\/\/www.sejourprive.com\/wp-content\/uploads\/2026\/03\/35-195.jpg","width":1200,"height":1799},{"@type":"BreadcrumbList","@id":"https:\/\/www.sejourprive.com\/biens\/mas-calado-saint-remy-de-provence-provence-france\/#breadcrumb","itemListElement":[{"@type":"ListItem","position":1,"name":"Accueil","item":"https:\/\/www.sejourprive.com\/"},{"@type":"ListItem","position":2,"name":"Shop","item":"https:\/\/www.sejourprive.com\/shop\/"},{"@type":"ListItem","position":3,"name":"Mas Calado, Saint-R\u00e9my-de-Provence, Provence, France"}]},{"@type":"WebSite","@id":"https:\/\/www.sejourprive.com\/#website","url":"https:\/\/www.sejourprive.com\/","name":"Private Stay","description":"We design exceptional holidays for you.","publisher":{"@id":"https:\/\/www.sejourprive.com\/#organization"},"potentialAction":[{"@type":"SearchAction","target":{"@type":"EntryPoint","urlTemplate":"https:\/\/www.sejourprive.com\/?s={search_term_string}"},"query-input":{"@type":"PropertyValueSpecification","valueRequired":true,"valueName":"search_term_string"}}],"inLanguage":"en-GB"},{"@type":"Organization","@id":"https:\/\/www.sejourprive.com\/#organization","name":"Private Stay","url":"https:\/\/www.sejourprive.com\/","logo":{"@type":"ImageObject","inLanguage":"en-GB","@id":"https:\/\/www.sejourprive.com\/#\/schema\/logo\/image\/","url":"https:\/\/www.sejourprive.com\/wp-content\/uploads\/2026\/02\/SP-Apple-touch-144-couleur-1-2.png","contentUrl":"https:\/\/www.sejourprive.com\/wp-content\/uploads\/2026\/02\/SP-Apple-touch-144-couleur-1-2.png","width":145,"height":145,"caption":"S\u00e9jour Priv\u00e9"},"image":{"@id":"https:\/\/www.sejourprive.com\/#\/schema\/logo\/image\/"}}]}},"_links":{"self":[{"href":"https:\/\/www.sejourprive.com\/en\/wp-json\/wp\/v2\/product\/54873","targetHints":{"allow":["GET"]}}],"collection":[{"href":"https:\/\/www.sejourprive.com\/en\/wp-json\/wp\/v2\/product"}],"about":[{"href":"https:\/\/www.sejourprive.com\/en\/wp-json\/wp\/v2\/types\/product"}],"replies":[{"embeddable":true,"href":"https:\/\/www.sejourprive.com\/en\/wp-json\/wp\/v2\/comments?post=54873"}],"version-history":[{"count":0,"href":"https:\/\/www.sejourprive.com\/en\/wp-json\/wp\/v2\/product\/54873\/revisions"}],"wp:featuredmedia":[{"embeddable":true,"href":"https:\/\/www.sejourprive.com\/en\/wp-json\/wp\/v2\/media\/54940"}],"wp:attachment":[{"href":"https:\/\/www.sejourprive.com\/en\/wp-json\/wp\/v2\/media?parent=54873"}],"wp:term":[{"taxonomy":"product_brand","embeddable":true,"href":"https:\/\/www.sejourprive.com\/en\/wp-json\/wp\/v2\/product_brand?post=54873"},{"taxonomy":"product_cat","embeddable":true,"href":"https:\/\/www.sejourprive.com\/en\/wp-json\/wp\/v2\/product_cat?post=54873"},{"taxonomy":"product_tag","embeddable":true,"href":"https:\/\/www.sejourprive.com\/en\/wp-json\/wp\/v2\/product_tag?post=54873"}],"curies":[{"name":"wp","href":"https:\/\/api.w.org\/{rel}","templated":true}]}}