{"id":54752,"date":"2026-03-31T15:54:03","date_gmt":"2026-03-31T13:54:03","guid":{"rendered":"https:\/\/www.sejourprive.com\/?post_type=product&#038;p=54752"},"modified":"2026-03-31T15:54:04","modified_gmt":"2026-03-31T13:54:04","slug":"mas-ando-le-puy-sainte-reparade-aix-en-provence-provence-france","status":"publish","type":"product","link":"https:\/\/www.sejourprive.com\/en\/biens\/mas-ando-le-puy-sainte-reparade-aix-en-provence-provence-france\/","title":{"rendered":"Mas Ando, Le Puy-Sainte-R\u00e9parade, Aix-en-Provence, Provence, France"},"content":{"rendered":"<p>\u00c0 vingt minutes d&#8217;Aix-en-Provence, pr\u00e8s du ch\u00e2teau de Lacoste, le Mas Ando est nich\u00e9 en pleine nature, alliant lignes \u00e9pur\u00e9es et mat\u00e9riaux bruts. Son architecture cr\u00e9e un cadre \u00e0 la fois simple et chaleureux, id\u00e9al pour les retrouvailles et les petits plaisirs de la vie.<span><div class=\"read-more-wrapper\"><a class=\"read-more-button\" data-target=\"read-more-69f716d349973\" data-more-text=\"Read more\" data-less-text=\"Read less\"><span class=\"read-more-text\">Read more<\/span><\/a><div id=\"read-more-69f716d349973\" class=\"read-more-content\"> <\/span><\/p>\n<p>The days are spent swimming in the pool, playing table tennis or taking a siesta after a walk in the countryside. Laughter echoes around the p\u00e9tanque court, while the big table is set under the pine trees. As night falls, everyone returns to their cosy corners, and the children transform the communal bedroom into a secret lair, a world of adventure shared between cousins.<\/div><\/div><\/p>","protected":false},"excerpt":{"rendered":"<p>\u00c0 vingt minutes d&#8217;Aix-en-Provence, pr\u00e8s du ch\u00e2teau de Lacoste, le Mas Ando est nich\u00e9 en pleine nature, alliant lignes \u00e9pur\u00e9es&#8230;<\/p>","protected":false},"featured_media":54790,"comment_status":"open","ping_status":"closed","template":"","meta":{"_acf_changed":false},"product_brand":[],"product_cat":[15],"product_tag":[],"class_list":{"0":"post-54752","1":"product","2":"type-product","3":"status-publish","4":"has-post-thumbnail","6":"product_cat-villa","7":"property_location-france","8":"property_location-provence","10":"first","11":"instock","12":"sold-individually","13":"shipping-taxable","14":"purchasable","15":"product-type-simple"},"acf":[],"yoast_head":"<!-- This site is optimized with the Yoast SEO plugin v26.6 - https:\/\/yoast.com\/wordpress\/plugins\/seo\/ -->\n<title>Mas Ando, Le Puy-Sainte-R\u00e9parade, Aix-en-Provence, Provence, France - S\u00e9jour Priv\u00e9<\/title>\n<meta name=\"description\" content=\"\u00c0 vingt minutes d&#039;Aix-en-Provence, pr\u00e8s du ch\u00e2teau de Lacoste, le Mas Ando est nich\u00e9 en pleine nature, alliant lignes \u00e9pur\u00e9es et mat\u00e9riaux bruts. Son\" \/>\n<meta name=\"robots\" content=\"index, follow, max-snippet:-1, max-image-preview:large, max-video-preview:-1\" \/>\n<link rel=\"canonical\" href=\"https:\/\/www.sejourprive.com\/en\/biens\/mas-ando-le-puy-sainte-reparade-aix-en-provence-provence-france\/\" \/>\n<meta property=\"og:locale\" content=\"en_GB\" \/>\n<meta property=\"og:type\" content=\"article\" \/>\n<meta property=\"og:title\" content=\"Mas Ando, Le Puy-Sainte-R\u00e9parade, Aix-en-Provence, Provence, France - S\u00e9jour Priv\u00e9\" \/>\n<meta property=\"og:description\" content=\"\u00c0 vingt minutes d&#039;Aix-en-Provence, pr\u00e8s du ch\u00e2teau de Lacoste, le Mas Ando est nich\u00e9 en pleine nature, alliant lignes \u00e9pur\u00e9es et mat\u00e9riaux bruts. Son\" \/>\n<meta property=\"og:url\" content=\"https:\/\/www.sejourprive.com\/en\/biens\/mas-ando-le-puy-sainte-reparade-aix-en-provence-provence-france\/\" \/>\n<meta property=\"og:site_name\" content=\"S\u00e9jour Priv\u00e9\" \/>\n<meta property=\"article:modified_time\" content=\"2026-03-31T13:54:04+00:00\" \/>\n<meta property=\"og:image\" content=\"https:\/\/www.sejourprive.com\/wp-content\/uploads\/2026\/03\/3-293.jpg\" \/>\n\t<meta property=\"og:image:width\" content=\"1200\" \/>\n\t<meta property=\"og:image:height\" content=\"900\" \/>\n\t<meta property=\"og:image:type\" content=\"image\/jpeg\" \/>\n<meta name=\"twitter:card\" content=\"summary_large_image\" \/>\n<meta name=\"twitter:label1\" content=\"Estimated reading time\" \/>\n\t<meta name=\"twitter:data1\" content=\"1 minute\" \/>\n<script type=\"application\/ld+json\" class=\"yoast-schema-graph\">{\"@context\":\"https:\/\/schema.org\",\"@graph\":[{\"@type\":\"WebPage\",\"@id\":\"https:\/\/www.sejourprive.com\/biens\/mas-ando-le-puy-sainte-reparade-aix-en-provence-provence-france\/\",\"url\":\"https:\/\/www.sejourprive.com\/biens\/mas-ando-le-puy-sainte-reparade-aix-en-provence-provence-france\/\",\"name\":\"Mas Ando, Le Puy-Sainte-R\u00e9parade, Aix-en-Provence, Provence, France - S\u00e9jour Priv\u00e9\",\"isPartOf\":{\"@id\":\"https:\/\/www.sejourprive.com\/#website\"},\"primaryImageOfPage\":{\"@id\":\"https:\/\/www.sejourprive.com\/biens\/mas-ando-le-puy-sainte-reparade-aix-en-provence-provence-france\/#primaryimage\"},\"image\":{\"@id\":\"https:\/\/www.sejourprive.com\/biens\/mas-ando-le-puy-sainte-reparade-aix-en-provence-provence-france\/#primaryimage\"},\"thumbnailUrl\":\"https:\/\/www.sejourprive.com\/wp-content\/uploads\/2026\/03\/3-293.jpg\",\"datePublished\":\"2026-03-31T13:54:03+00:00\",\"dateModified\":\"2026-03-31T13:54:04+00:00\",\"description\":\"\u00c0 vingt minutes d'Aix-en-Provence, pr\u00e8s du ch\u00e2teau de Lacoste, le Mas Ando est nich\u00e9 en pleine nature, alliant lignes \u00e9pur\u00e9es et mat\u00e9riaux bruts. Son\",\"breadcrumb\":{\"@id\":\"https:\/\/www.sejourprive.com\/biens\/mas-ando-le-puy-sainte-reparade-aix-en-provence-provence-france\/#breadcrumb\"},\"inLanguage\":\"en-GB\",\"potentialAction\":[{\"@type\":\"ReadAction\",\"target\":[\"https:\/\/www.sejourprive.com\/biens\/mas-ando-le-puy-sainte-reparade-aix-en-provence-provence-france\/\"]}]},{\"@type\":\"ImageObject\",\"inLanguage\":\"en-GB\",\"@id\":\"https:\/\/www.sejourprive.com\/biens\/mas-ando-le-puy-sainte-reparade-aix-en-provence-provence-france\/#primaryimage\",\"url\":\"https:\/\/www.sejourprive.com\/wp-content\/uploads\/2026\/03\/3-293.jpg\",\"contentUrl\":\"https:\/\/www.sejourprive.com\/wp-content\/uploads\/2026\/03\/3-293.jpg\",\"width\":1200,\"height\":900},{\"@type\":\"BreadcrumbList\",\"@id\":\"https:\/\/www.sejourprive.com\/biens\/mas-ando-le-puy-sainte-reparade-aix-en-provence-provence-france\/#breadcrumb\",\"itemListElement\":[{\"@type\":\"ListItem\",\"position\":1,\"name\":\"Accueil\",\"item\":\"https:\/\/www.sejourprive.com\/\"},{\"@type\":\"ListItem\",\"position\":2,\"name\":\"Shop\",\"item\":\"https:\/\/www.sejourprive.com\/shop\/\"},{\"@type\":\"ListItem\",\"position\":3,\"name\":\"Mas Ando, Le Puy-Sainte-R\u00e9parade, Aix-en-Provence, Provence, France\"}]},{\"@type\":\"WebSite\",\"@id\":\"https:\/\/www.sejourprive.com\/#website\",\"url\":\"https:\/\/www.sejourprive.com\/\",\"name\":\"S\u00e9jour Priv\u00e9\",\"description\":\"Nous imaginons pour vous des s\u00e9jours d\u2019exception.\",\"publisher\":{\"@id\":\"https:\/\/www.sejourprive.com\/#organization\"},\"potentialAction\":[{\"@type\":\"SearchAction\",\"target\":{\"@type\":\"EntryPoint\",\"urlTemplate\":\"https:\/\/www.sejourprive.com\/?s={search_term_string}\"},\"query-input\":{\"@type\":\"PropertyValueSpecification\",\"valueRequired\":true,\"valueName\":\"search_term_string\"}}],\"inLanguage\":\"en-GB\"},{\"@type\":\"Organization\",\"@id\":\"https:\/\/www.sejourprive.com\/#organization\",\"name\":\"S\u00e9jour Priv\u00e9\",\"url\":\"https:\/\/www.sejourprive.com\/\",\"logo\":{\"@type\":\"ImageObject\",\"inLanguage\":\"en-GB\",\"@id\":\"https:\/\/www.sejourprive.com\/#\/schema\/logo\/image\/\",\"url\":\"https:\/\/www.sejourprive.com\/wp-content\/uploads\/2026\/02\/SP-Apple-touch-144-couleur-1-2.png\",\"contentUrl\":\"https:\/\/www.sejourprive.com\/wp-content\/uploads\/2026\/02\/SP-Apple-touch-144-couleur-1-2.png\",\"width\":145,\"height\":145,\"caption\":\"S\u00e9jour Priv\u00e9\"},\"image\":{\"@id\":\"https:\/\/www.sejourprive.com\/#\/schema\/logo\/image\/\"}}]}<\/script>\n<!-- \/ Yoast SEO plugin. -->","yoast_head_json":{"title":"Mas Ando, Le Puy-Sainte-R\u00e9parade, Aix-en-Provence, Provence, France - S\u00e9jour Priv\u00e9","description":"\u00c0 vingt minutes d'Aix-en-Provence, pr\u00e8s du ch\u00e2teau de Lacoste, le Mas Ando est nich\u00e9 en pleine nature, alliant lignes \u00e9pur\u00e9es et mat\u00e9riaux bruts. Son","robots":{"index":"index","follow":"follow","max-snippet":"max-snippet:-1","max-image-preview":"max-image-preview:large","max-video-preview":"max-video-preview:-1"},"canonical":"https:\/\/www.sejourprive.com\/en\/biens\/mas-ando-le-puy-sainte-reparade-aix-en-provence-provence-france\/","og_locale":"en_GB","og_type":"article","og_title":"Mas Ando, Le Puy-Sainte-R\u00e9parade, Aix-en-Provence, Provence, France - S\u00e9jour Priv\u00e9","og_description":"\u00c0 vingt minutes d'Aix-en-Provence, pr\u00e8s du ch\u00e2teau de Lacoste, le Mas Ando est nich\u00e9 en pleine nature, alliant lignes \u00e9pur\u00e9es et mat\u00e9riaux bruts. Son","og_url":"https:\/\/www.sejourprive.com\/en\/biens\/mas-ando-le-puy-sainte-reparade-aix-en-provence-provence-france\/","og_site_name":"S\u00e9jour Priv\u00e9","article_modified_time":"2026-03-31T13:54:04+00:00","og_image":[{"width":1200,"height":900,"url":"https:\/\/www.sejourprive.com\/wp-content\/uploads\/2026\/03\/3-293.jpg","type":"image\/jpeg"}],"twitter_card":"summary_large_image","twitter_misc":{"Estimated reading time":"1 minute"},"schema":{"@context":"https:\/\/schema.org","@graph":[{"@type":"WebPage","@id":"https:\/\/www.sejourprive.com\/biens\/mas-ando-le-puy-sainte-reparade-aix-en-provence-provence-france\/","url":"https:\/\/www.sejourprive.com\/biens\/mas-ando-le-puy-sainte-reparade-aix-en-provence-provence-france\/","name":"Mas Ando, Le Puy-Sainte-R\u00e9parade, Aix-en-Provence, Provence, France - S\u00e9jour Priv\u00e9","isPartOf":{"@id":"https:\/\/www.sejourprive.com\/#website"},"primaryImageOfPage":{"@id":"https:\/\/www.sejourprive.com\/biens\/mas-ando-le-puy-sainte-reparade-aix-en-provence-provence-france\/#primaryimage"},"image":{"@id":"https:\/\/www.sejourprive.com\/biens\/mas-ando-le-puy-sainte-reparade-aix-en-provence-provence-france\/#primaryimage"},"thumbnailUrl":"https:\/\/www.sejourprive.com\/wp-content\/uploads\/2026\/03\/3-293.jpg","datePublished":"2026-03-31T13:54:03+00:00","dateModified":"2026-03-31T13:54:04+00:00","description":"\u00c0 vingt minutes d'Aix-en-Provence, pr\u00e8s du ch\u00e2teau de Lacoste, le Mas Ando est nich\u00e9 en pleine nature, alliant lignes \u00e9pur\u00e9es et mat\u00e9riaux bruts. Son","breadcrumb":{"@id":"https:\/\/www.sejourprive.com\/biens\/mas-ando-le-puy-sainte-reparade-aix-en-provence-provence-france\/#breadcrumb"},"inLanguage":"en-GB","potentialAction":[{"@type":"ReadAction","target":["https:\/\/www.sejourprive.com\/biens\/mas-ando-le-puy-sainte-reparade-aix-en-provence-provence-france\/"]}]},{"@type":"ImageObject","inLanguage":"en-GB","@id":"https:\/\/www.sejourprive.com\/biens\/mas-ando-le-puy-sainte-reparade-aix-en-provence-provence-france\/#primaryimage","url":"https:\/\/www.sejourprive.com\/wp-content\/uploads\/2026\/03\/3-293.jpg","contentUrl":"https:\/\/www.sejourprive.com\/wp-content\/uploads\/2026\/03\/3-293.jpg","width":1200,"height":900},{"@type":"BreadcrumbList","@id":"https:\/\/www.sejourprive.com\/biens\/mas-ando-le-puy-sainte-reparade-aix-en-provence-provence-france\/#breadcrumb","itemListElement":[{"@type":"ListItem","position":1,"name":"Accueil","item":"https:\/\/www.sejourprive.com\/"},{"@type":"ListItem","position":2,"name":"Shop","item":"https:\/\/www.sejourprive.com\/shop\/"},{"@type":"ListItem","position":3,"name":"Mas Ando, Le Puy-Sainte-R\u00e9parade, Aix-en-Provence, Provence, France"}]},{"@type":"WebSite","@id":"https:\/\/www.sejourprive.com\/#website","url":"https:\/\/www.sejourprive.com\/","name":"Private Stay","description":"We design exceptional holidays for you.","publisher":{"@id":"https:\/\/www.sejourprive.com\/#organization"},"potentialAction":[{"@type":"SearchAction","target":{"@type":"EntryPoint","urlTemplate":"https:\/\/www.sejourprive.com\/?s={search_term_string}"},"query-input":{"@type":"PropertyValueSpecification","valueRequired":true,"valueName":"search_term_string"}}],"inLanguage":"en-GB"},{"@type":"Organization","@id":"https:\/\/www.sejourprive.com\/#organization","name":"Private Stay","url":"https:\/\/www.sejourprive.com\/","logo":{"@type":"ImageObject","inLanguage":"en-GB","@id":"https:\/\/www.sejourprive.com\/#\/schema\/logo\/image\/","url":"https:\/\/www.sejourprive.com\/wp-content\/uploads\/2026\/02\/SP-Apple-touch-144-couleur-1-2.png","contentUrl":"https:\/\/www.sejourprive.com\/wp-content\/uploads\/2026\/02\/SP-Apple-touch-144-couleur-1-2.png","width":145,"height":145,"caption":"S\u00e9jour Priv\u00e9"},"image":{"@id":"https:\/\/www.sejourprive.com\/#\/schema\/logo\/image\/"}}]}},"_links":{"self":[{"href":"https:\/\/www.sejourprive.com\/en\/wp-json\/wp\/v2\/product\/54752","targetHints":{"allow":["GET"]}}],"collection":[{"href":"https:\/\/www.sejourprive.com\/en\/wp-json\/wp\/v2\/product"}],"about":[{"href":"https:\/\/www.sejourprive.com\/en\/wp-json\/wp\/v2\/types\/product"}],"replies":[{"embeddable":true,"href":"https:\/\/www.sejourprive.com\/en\/wp-json\/wp\/v2\/comments?post=54752"}],"version-history":[{"count":0,"href":"https:\/\/www.sejourprive.com\/en\/wp-json\/wp\/v2\/product\/54752\/revisions"}],"wp:featuredmedia":[{"embeddable":true,"href":"https:\/\/www.sejourprive.com\/en\/wp-json\/wp\/v2\/media\/54790"}],"wp:attachment":[{"href":"https:\/\/www.sejourprive.com\/en\/wp-json\/wp\/v2\/media?parent=54752"}],"wp:term":[{"taxonomy":"product_brand","embeddable":true,"href":"https:\/\/www.sejourprive.com\/en\/wp-json\/wp\/v2\/product_brand?post=54752"},{"taxonomy":"product_cat","embeddable":true,"href":"https:\/\/www.sejourprive.com\/en\/wp-json\/wp\/v2\/product_cat?post=54752"},{"taxonomy":"product_tag","embeddable":true,"href":"https:\/\/www.sejourprive.com\/en\/wp-json\/wp\/v2\/product_tag?post=54752"}],"curies":[{"name":"wp","href":"https:\/\/api.w.org\/{rel}","templated":true}]}}