{"id":54660,"date":"2026-03-31T16:40:21","date_gmt":"2026-03-31T14:40:21","guid":{"rendered":"https:\/\/www.sejourprive.com\/?post_type=product&#038;p=54660"},"modified":"2026-03-31T16:40:21","modified_gmt":"2026-03-31T14:40:21","slug":"bastide-des-collines-rognes-lourmarin-provence-france","status":"publish","type":"product","link":"https:\/\/www.sejourprive.com\/en\/biens\/bastide-des-collines-rognes-lourmarin-provence-france\/","title":{"rendered":"Bastide des Collines, Rognes, Lourmarin, Provence, France"},"content":{"rendered":"<p>Entre le Luberon et Aix-en-Provence, la Bastide des Collines se dresse fi\u00e8rement au c\u0153ur d\u2019un domaine de 15 hectares. Son charme proven\u00e7al se refl\u00e8te dans une d\u00e9coration \u00e0 la fois chaleureuse et raffin\u00e9e, o\u00f9 chaque sentier et chaque recoin vous invitent \u00e0 red\u00e9couvrir la s\u00e9r\u00e9nit\u00e9 de la nature et le chant des cigales.<span><div class=\"read-more-wrapper\"><a class=\"read-more-button\" data-target=\"read-more-69f6019491eb0\" data-more-text=\"Read more\" data-less-text=\"Read less\"><span class=\"read-more-text\">Read more<\/span><\/a><div id=\"read-more-69f6019491eb0\" class=\"read-more-content\"> <\/span><\/p>\n<p>R\u00e9veillez-vous par une promenade matinale le long des sentiers ombrag\u00e9s, suivie d&#8217;un caf\u00e9 sur la terrasse. L&#8217;apr\u00e8s-midi, plongez dans la piscine entour\u00e9e de cypr\u00e8s, puis laissez-vous envahir par la tranquillit\u00e9 d&#8217;une sieste sous les figuiers. \u00c0 la tomb\u00e9e de la nuit, un d\u00eener sous les \u00e9toiles offre un interm\u00e8de enchanteur, baign\u00e9 dans la douceur de l&#8217;art de vivre proven\u00e7al.<\/div><\/div><\/p>","protected":false},"excerpt":{"rendered":"<p>Entre le Luberon et Aix-en-Provence, la Bastide des Collines se dresse fi\u00e8rement au c\u0153ur d\u2019un domaine de 15 hectares. Son&#8230;<\/p>","protected":false},"featured_media":54672,"comment_status":"open","ping_status":"closed","template":"","meta":{"_acf_changed":false},"product_brand":[],"product_cat":[15],"product_tag":[],"class_list":{"0":"post-54660","1":"product","2":"type-product","3":"status-publish","4":"has-post-thumbnail","6":"product_cat-villa","7":"property_location-france","8":"property_location-provence","10":"first","11":"instock","12":"sold-individually","13":"shipping-taxable","14":"purchasable","15":"product-type-simple"},"acf":[],"yoast_head":"<!-- This site is optimized with the Yoast SEO plugin v26.6 - https:\/\/yoast.com\/wordpress\/plugins\/seo\/ -->\n<title>Bastide des Collines, Rognes, Lourmarin, Provence, France - S\u00e9jour Priv\u00e9<\/title>\n<meta name=\"description\" content=\"Entre le Luberon et Aix-en-Provence, la Bastide des Collines se dresse fi\u00e8rement au c\u0153ur d\u2019un domaine de 15 hectares. Son charme proven\u00e7al se refl\u00e8te dans\" \/>\n<meta name=\"robots\" content=\"index, follow, max-snippet:-1, max-image-preview:large, max-video-preview:-1\" \/>\n<link rel=\"canonical\" href=\"https:\/\/www.sejourprive.com\/en\/biens\/bastide-des-collines-rognes-lourmarin-provence-france\/\" \/>\n<meta property=\"og:locale\" content=\"en_GB\" \/>\n<meta property=\"og:type\" content=\"article\" \/>\n<meta property=\"og:title\" content=\"Bastide des Collines, Rognes, Lourmarin, Provence, France - S\u00e9jour Priv\u00e9\" \/>\n<meta property=\"og:description\" content=\"Entre le Luberon et Aix-en-Provence, la Bastide des Collines se dresse fi\u00e8rement au c\u0153ur d\u2019un domaine de 15 hectares. Son charme proven\u00e7al se refl\u00e8te dans\" \/>\n<meta property=\"og:url\" content=\"https:\/\/www.sejourprive.com\/en\/biens\/bastide-des-collines-rognes-lourmarin-provence-france\/\" \/>\n<meta property=\"og:site_name\" content=\"S\u00e9jour Priv\u00e9\" \/>\n<meta property=\"og:image\" content=\"https:\/\/www.sejourprive.com\/wp-content\/uploads\/2026\/03\/6-276.jpg\" \/>\n\t<meta property=\"og:image:width\" content=\"1200\" \/>\n\t<meta property=\"og:image:height\" content=\"800\" \/>\n\t<meta property=\"og:image:type\" content=\"image\/jpeg\" \/>\n<meta name=\"twitter:card\" content=\"summary_large_image\" \/>\n<meta name=\"twitter:label1\" content=\"Estimated reading time\" \/>\n\t<meta name=\"twitter:data1\" content=\"1 minute\" \/>\n<script type=\"application\/ld+json\" class=\"yoast-schema-graph\">{\"@context\":\"https:\/\/schema.org\",\"@graph\":[{\"@type\":\"WebPage\",\"@id\":\"https:\/\/www.sejourprive.com\/biens\/bastide-des-collines-rognes-lourmarin-provence-france\/\",\"url\":\"https:\/\/www.sejourprive.com\/biens\/bastide-des-collines-rognes-lourmarin-provence-france\/\",\"name\":\"Bastide des Collines, Rognes, Lourmarin, Provence, France - S\u00e9jour Priv\u00e9\",\"isPartOf\":{\"@id\":\"https:\/\/www.sejourprive.com\/#website\"},\"primaryImageOfPage\":{\"@id\":\"https:\/\/www.sejourprive.com\/biens\/bastide-des-collines-rognes-lourmarin-provence-france\/#primaryimage\"},\"image\":{\"@id\":\"https:\/\/www.sejourprive.com\/biens\/bastide-des-collines-rognes-lourmarin-provence-france\/#primaryimage\"},\"thumbnailUrl\":\"https:\/\/www.sejourprive.com\/wp-content\/uploads\/2026\/03\/6-276.jpg\",\"datePublished\":\"2026-03-31T14:40:21+00:00\",\"description\":\"Entre le Luberon et Aix-en-Provence, la Bastide des Collines se dresse fi\u00e8rement au c\u0153ur d\u2019un domaine de 15 hectares. Son charme proven\u00e7al se refl\u00e8te dans\",\"breadcrumb\":{\"@id\":\"https:\/\/www.sejourprive.com\/biens\/bastide-des-collines-rognes-lourmarin-provence-france\/#breadcrumb\"},\"inLanguage\":\"en-GB\",\"potentialAction\":[{\"@type\":\"ReadAction\",\"target\":[\"https:\/\/www.sejourprive.com\/biens\/bastide-des-collines-rognes-lourmarin-provence-france\/\"]}]},{\"@type\":\"ImageObject\",\"inLanguage\":\"en-GB\",\"@id\":\"https:\/\/www.sejourprive.com\/biens\/bastide-des-collines-rognes-lourmarin-provence-france\/#primaryimage\",\"url\":\"https:\/\/www.sejourprive.com\/wp-content\/uploads\/2026\/03\/6-276.jpg\",\"contentUrl\":\"https:\/\/www.sejourprive.com\/wp-content\/uploads\/2026\/03\/6-276.jpg\",\"width\":1200,\"height\":800},{\"@type\":\"BreadcrumbList\",\"@id\":\"https:\/\/www.sejourprive.com\/biens\/bastide-des-collines-rognes-lourmarin-provence-france\/#breadcrumb\",\"itemListElement\":[{\"@type\":\"ListItem\",\"position\":1,\"name\":\"Accueil\",\"item\":\"https:\/\/www.sejourprive.com\/\"},{\"@type\":\"ListItem\",\"position\":2,\"name\":\"Shop\",\"item\":\"https:\/\/www.sejourprive.com\/shop\/\"},{\"@type\":\"ListItem\",\"position\":3,\"name\":\"Bastide des Collines, Rognes, Lourmarin, Provence, France\"}]},{\"@type\":\"WebSite\",\"@id\":\"https:\/\/www.sejourprive.com\/#website\",\"url\":\"https:\/\/www.sejourprive.com\/\",\"name\":\"S\u00e9jour Priv\u00e9\",\"description\":\"Nous imaginons pour vous des s\u00e9jours d\u2019exception.\",\"publisher\":{\"@id\":\"https:\/\/www.sejourprive.com\/#organization\"},\"potentialAction\":[{\"@type\":\"SearchAction\",\"target\":{\"@type\":\"EntryPoint\",\"urlTemplate\":\"https:\/\/www.sejourprive.com\/?s={search_term_string}\"},\"query-input\":{\"@type\":\"PropertyValueSpecification\",\"valueRequired\":true,\"valueName\":\"search_term_string\"}}],\"inLanguage\":\"en-GB\"},{\"@type\":\"Organization\",\"@id\":\"https:\/\/www.sejourprive.com\/#organization\",\"name\":\"S\u00e9jour Priv\u00e9\",\"url\":\"https:\/\/www.sejourprive.com\/\",\"logo\":{\"@type\":\"ImageObject\",\"inLanguage\":\"en-GB\",\"@id\":\"https:\/\/www.sejourprive.com\/#\/schema\/logo\/image\/\",\"url\":\"https:\/\/www.sejourprive.com\/wp-content\/uploads\/2026\/02\/SP-Apple-touch-144-couleur-1-2.png\",\"contentUrl\":\"https:\/\/www.sejourprive.com\/wp-content\/uploads\/2026\/02\/SP-Apple-touch-144-couleur-1-2.png\",\"width\":145,\"height\":145,\"caption\":\"S\u00e9jour Priv\u00e9\"},\"image\":{\"@id\":\"https:\/\/www.sejourprive.com\/#\/schema\/logo\/image\/\"}}]}<\/script>\n<!-- \/ Yoast SEO plugin. -->","yoast_head_json":{"title":"Bastide des Collines, Rognes, Lourmarin, Provence, France - S\u00e9jour Priv\u00e9","description":"Entre le Luberon et Aix-en-Provence, la Bastide des Collines se dresse fi\u00e8rement au c\u0153ur d\u2019un domaine de 15 hectares. Son charme proven\u00e7al se refl\u00e8te dans","robots":{"index":"index","follow":"follow","max-snippet":"max-snippet:-1","max-image-preview":"max-image-preview:large","max-video-preview":"max-video-preview:-1"},"canonical":"https:\/\/www.sejourprive.com\/en\/biens\/bastide-des-collines-rognes-lourmarin-provence-france\/","og_locale":"en_GB","og_type":"article","og_title":"Bastide des Collines, Rognes, Lourmarin, Provence, France - S\u00e9jour Priv\u00e9","og_description":"Entre le Luberon et Aix-en-Provence, la Bastide des Collines se dresse fi\u00e8rement au c\u0153ur d\u2019un domaine de 15 hectares. Son charme proven\u00e7al se refl\u00e8te dans","og_url":"https:\/\/www.sejourprive.com\/en\/biens\/bastide-des-collines-rognes-lourmarin-provence-france\/","og_site_name":"S\u00e9jour Priv\u00e9","og_image":[{"width":1200,"height":800,"url":"https:\/\/www.sejourprive.com\/wp-content\/uploads\/2026\/03\/6-276.jpg","type":"image\/jpeg"}],"twitter_card":"summary_large_image","twitter_misc":{"Estimated reading time":"1 minute"},"schema":{"@context":"https:\/\/schema.org","@graph":[{"@type":"WebPage","@id":"https:\/\/www.sejourprive.com\/biens\/bastide-des-collines-rognes-lourmarin-provence-france\/","url":"https:\/\/www.sejourprive.com\/biens\/bastide-des-collines-rognes-lourmarin-provence-france\/","name":"Bastide des Collines, Rognes, Lourmarin, Provence, France - S\u00e9jour Priv\u00e9","isPartOf":{"@id":"https:\/\/www.sejourprive.com\/#website"},"primaryImageOfPage":{"@id":"https:\/\/www.sejourprive.com\/biens\/bastide-des-collines-rognes-lourmarin-provence-france\/#primaryimage"},"image":{"@id":"https:\/\/www.sejourprive.com\/biens\/bastide-des-collines-rognes-lourmarin-provence-france\/#primaryimage"},"thumbnailUrl":"https:\/\/www.sejourprive.com\/wp-content\/uploads\/2026\/03\/6-276.jpg","datePublished":"2026-03-31T14:40:21+00:00","description":"Entre le Luberon et Aix-en-Provence, la Bastide des Collines se dresse fi\u00e8rement au c\u0153ur d\u2019un domaine de 15 hectares. Son charme proven\u00e7al se refl\u00e8te dans","breadcrumb":{"@id":"https:\/\/www.sejourprive.com\/biens\/bastide-des-collines-rognes-lourmarin-provence-france\/#breadcrumb"},"inLanguage":"en-GB","potentialAction":[{"@type":"ReadAction","target":["https:\/\/www.sejourprive.com\/biens\/bastide-des-collines-rognes-lourmarin-provence-france\/"]}]},{"@type":"ImageObject","inLanguage":"en-GB","@id":"https:\/\/www.sejourprive.com\/biens\/bastide-des-collines-rognes-lourmarin-provence-france\/#primaryimage","url":"https:\/\/www.sejourprive.com\/wp-content\/uploads\/2026\/03\/6-276.jpg","contentUrl":"https:\/\/www.sejourprive.com\/wp-content\/uploads\/2026\/03\/6-276.jpg","width":1200,"height":800},{"@type":"BreadcrumbList","@id":"https:\/\/www.sejourprive.com\/biens\/bastide-des-collines-rognes-lourmarin-provence-france\/#breadcrumb","itemListElement":[{"@type":"ListItem","position":1,"name":"Accueil","item":"https:\/\/www.sejourprive.com\/"},{"@type":"ListItem","position":2,"name":"Shop","item":"https:\/\/www.sejourprive.com\/shop\/"},{"@type":"ListItem","position":3,"name":"Bastide des Collines, Rognes, Lourmarin, Provence, France"}]},{"@type":"WebSite","@id":"https:\/\/www.sejourprive.com\/#website","url":"https:\/\/www.sejourprive.com\/","name":"Private Stay","description":"We design exceptional holidays for you.","publisher":{"@id":"https:\/\/www.sejourprive.com\/#organization"},"potentialAction":[{"@type":"SearchAction","target":{"@type":"EntryPoint","urlTemplate":"https:\/\/www.sejourprive.com\/?s={search_term_string}"},"query-input":{"@type":"PropertyValueSpecification","valueRequired":true,"valueName":"search_term_string"}}],"inLanguage":"en-GB"},{"@type":"Organization","@id":"https:\/\/www.sejourprive.com\/#organization","name":"Private Stay","url":"https:\/\/www.sejourprive.com\/","logo":{"@type":"ImageObject","inLanguage":"en-GB","@id":"https:\/\/www.sejourprive.com\/#\/schema\/logo\/image\/","url":"https:\/\/www.sejourprive.com\/wp-content\/uploads\/2026\/02\/SP-Apple-touch-144-couleur-1-2.png","contentUrl":"https:\/\/www.sejourprive.com\/wp-content\/uploads\/2026\/02\/SP-Apple-touch-144-couleur-1-2.png","width":145,"height":145,"caption":"S\u00e9jour Priv\u00e9"},"image":{"@id":"https:\/\/www.sejourprive.com\/#\/schema\/logo\/image\/"}}]}},"_links":{"self":[{"href":"https:\/\/www.sejourprive.com\/en\/wp-json\/wp\/v2\/product\/54660","targetHints":{"allow":["GET"]}}],"collection":[{"href":"https:\/\/www.sejourprive.com\/en\/wp-json\/wp\/v2\/product"}],"about":[{"href":"https:\/\/www.sejourprive.com\/en\/wp-json\/wp\/v2\/types\/product"}],"replies":[{"embeddable":true,"href":"https:\/\/www.sejourprive.com\/en\/wp-json\/wp\/v2\/comments?post=54660"}],"version-history":[{"count":0,"href":"https:\/\/www.sejourprive.com\/en\/wp-json\/wp\/v2\/product\/54660\/revisions"}],"wp:featuredmedia":[{"embeddable":true,"href":"https:\/\/www.sejourprive.com\/en\/wp-json\/wp\/v2\/media\/54672"}],"wp:attachment":[{"href":"https:\/\/www.sejourprive.com\/en\/wp-json\/wp\/v2\/media?parent=54660"}],"wp:term":[{"taxonomy":"product_brand","embeddable":true,"href":"https:\/\/www.sejourprive.com\/en\/wp-json\/wp\/v2\/product_brand?post=54660"},{"taxonomy":"product_cat","embeddable":true,"href":"https:\/\/www.sejourprive.com\/en\/wp-json\/wp\/v2\/product_cat?post=54660"},{"taxonomy":"product_tag","embeddable":true,"href":"https:\/\/www.sejourprive.com\/en\/wp-json\/wp\/v2\/product_tag?post=54660"}],"curies":[{"name":"wp","href":"https:\/\/api.w.org\/{rel}","templated":true}]}}