{"id":54536,"date":"2026-03-31T15:46:18","date_gmt":"2026-03-31T13:46:18","guid":{"rendered":"https:\/\/www.sejourprive.com\/?post_type=product&#038;p=54536"},"modified":"2026-03-31T15:46:18","modified_gmt":"2026-03-31T13:46:18","slug":"villa-mirau-cavaillon-lisle-sur-la-sorgue-provence-france","status":"publish","type":"product","link":"https:\/\/www.sejourprive.com\/en\/biens\/villa-mirau-cavaillon-lisle-sur-la-sorgue-provence-france\/","title":{"rendered":"Villa Mirau, Cavaillon, L'isle-sur-la-Sorgue, Provence, France"},"content":{"rendered":"<p>Superbe propri\u00e9t\u00e9 en pierre d&#8217;environ 450 m\u00b2, situ\u00e9e sur une colline, offrant une vue panoramique \u00e0 plus de 180 degr\u00e9s. Vue imprenable sur le Mont Ventoux, le Luberon, les montagnes du Vaucluse et les Alpilles, sur un terrain de 21 000 m\u00b2, avec une piscine \u00e0 d\u00e9bordement de 14 x 7 m\u00e8tres et plus de 400 m\u00b2 de terrasses.<span><div class=\"read-more-wrapper\"><a class=\"read-more-button\" data-target=\"read-more-69f8639faecc9\" data-more-text=\"Read more\" data-less-text=\"Read less\"><span class=\"read-more-text\">Read more<\/span><\/a><div id=\"read-more-69f8639faecc9\" class=\"read-more-content\"> <\/span><\/p>\n<p>L&#8217;ensemble de la maison a \u00e9t\u00e9 r\u00e9nov\u00e9 avec des mat\u00e9riaux de premi\u00e8re qualit\u00e9 et dispose de toutes les commodit\u00e9s n\u00e9cessaires pour un s\u00e9jour inoubliable. 5 chambres dont deux suites parentales, un jacuzzi, un hammam, un bowling et une salle de sport compl\u00e8te de 100 m\u00b2 composent cette superbe propri\u00e9t\u00e9 o\u00f9 le calme, la tranquillit\u00e9 et la vue sont uniques. Son grand salon, sa salle \u00e0 manger, ses salles de t\u00e9l\u00e9vision et son bureau vous permettront de profiter pleinement de votre s\u00e9jour tout en vous offrant la possibilit\u00e9 de vous isoler en cas de n\u00e9cessit\u00e9 professionnelle.<\/div><\/div><\/p>","protected":false},"excerpt":{"rendered":"<p>Superbe propri\u00e9t\u00e9 en pierre d&#8217;environ 450 m\u00b2, situ\u00e9e sur une colline, offrant une vue panoramique \u00e0 plus de 180 degr\u00e9s&#8230;.<\/p>","protected":false},"featured_media":54549,"comment_status":"open","ping_status":"closed","template":"","meta":{"_acf_changed":false},"product_brand":[],"product_cat":[15],"product_tag":[],"class_list":{"0":"post-54536","1":"product","2":"type-product","3":"status-publish","4":"has-post-thumbnail","6":"product_cat-villa","7":"property_location-provence","9":"first","10":"instock","11":"sold-individually","12":"shipping-taxable","13":"purchasable","14":"product-type-simple"},"acf":[],"yoast_head":"<!-- This site is optimized with the Yoast SEO plugin v26.6 - https:\/\/yoast.com\/wordpress\/plugins\/seo\/ -->\n<title>Villa Mirau, Cavaillon, L&#039;isle-sur-la-Sorgue, Provence, France - S\u00e9jour Priv\u00e9<\/title>\n<meta name=\"description\" content=\"Superbe propri\u00e9t\u00e9 en pierre d&#039;environ 450 m\u00b2, situ\u00e9e sur une colline, offrant une vue panoramique \u00e0 plus de 180 degr\u00e9s. Vue imprenable sur le Mont\" \/>\n<meta name=\"robots\" content=\"index, follow, max-snippet:-1, max-image-preview:large, max-video-preview:-1\" \/>\n<link rel=\"canonical\" href=\"https:\/\/www.sejourprive.com\/en\/biens\/villa-mirau-cavaillon-lisle-sur-la-sorgue-provence-france\/\" \/>\n<meta property=\"og:locale\" content=\"en_GB\" \/>\n<meta property=\"og:type\" content=\"article\" \/>\n<meta property=\"og:title\" content=\"Villa Mirau, Cavaillon, L&#039;isle-sur-la-Sorgue, Provence, France - S\u00e9jour Priv\u00e9\" \/>\n<meta property=\"og:description\" content=\"Superbe propri\u00e9t\u00e9 en pierre d&#039;environ 450 m\u00b2, situ\u00e9e sur une colline, offrant une vue panoramique \u00e0 plus de 180 degr\u00e9s. Vue imprenable sur le Mont\" \/>\n<meta property=\"og:url\" content=\"https:\/\/www.sejourprive.com\/en\/biens\/villa-mirau-cavaillon-lisle-sur-la-sorgue-provence-france\/\" \/>\n<meta property=\"og:site_name\" content=\"S\u00e9jour Priv\u00e9\" \/>\n<meta property=\"og:image\" content=\"https:\/\/www.sejourprive.com\/wp-content\/uploads\/2026\/03\/0-284.jpg\" \/>\n\t<meta property=\"og:image:width\" content=\"1200\" \/>\n\t<meta property=\"og:image:height\" content=\"648\" \/>\n\t<meta property=\"og:image:type\" content=\"image\/jpeg\" \/>\n<meta name=\"twitter:card\" content=\"summary_large_image\" \/>\n<meta name=\"twitter:label1\" content=\"Estimated reading time\" \/>\n\t<meta name=\"twitter:data1\" content=\"1 minute\" \/>\n<script type=\"application\/ld+json\" class=\"yoast-schema-graph\">{\"@context\":\"https:\/\/schema.org\",\"@graph\":[{\"@type\":\"WebPage\",\"@id\":\"https:\/\/www.sejourprive.com\/biens\/villa-mirau-cavaillon-lisle-sur-la-sorgue-provence-france\/\",\"url\":\"https:\/\/www.sejourprive.com\/biens\/villa-mirau-cavaillon-lisle-sur-la-sorgue-provence-france\/\",\"name\":\"Villa Mirau, Cavaillon, L'isle-sur-la-Sorgue, Provence, France - S\u00e9jour Priv\u00e9\",\"isPartOf\":{\"@id\":\"https:\/\/www.sejourprive.com\/#website\"},\"primaryImageOfPage\":{\"@id\":\"https:\/\/www.sejourprive.com\/biens\/villa-mirau-cavaillon-lisle-sur-la-sorgue-provence-france\/#primaryimage\"},\"image\":{\"@id\":\"https:\/\/www.sejourprive.com\/biens\/villa-mirau-cavaillon-lisle-sur-la-sorgue-provence-france\/#primaryimage\"},\"thumbnailUrl\":\"https:\/\/www.sejourprive.com\/wp-content\/uploads\/2026\/03\/0-284.jpg\",\"datePublished\":\"2026-03-31T13:46:18+00:00\",\"description\":\"Superbe propri\u00e9t\u00e9 en pierre d'environ 450 m\u00b2, situ\u00e9e sur une colline, offrant une vue panoramique \u00e0 plus de 180 degr\u00e9s. Vue imprenable sur le Mont\",\"breadcrumb\":{\"@id\":\"https:\/\/www.sejourprive.com\/biens\/villa-mirau-cavaillon-lisle-sur-la-sorgue-provence-france\/#breadcrumb\"},\"inLanguage\":\"en-GB\",\"potentialAction\":[{\"@type\":\"ReadAction\",\"target\":[\"https:\/\/www.sejourprive.com\/biens\/villa-mirau-cavaillon-lisle-sur-la-sorgue-provence-france\/\"]}]},{\"@type\":\"ImageObject\",\"inLanguage\":\"en-GB\",\"@id\":\"https:\/\/www.sejourprive.com\/biens\/villa-mirau-cavaillon-lisle-sur-la-sorgue-provence-france\/#primaryimage\",\"url\":\"https:\/\/www.sejourprive.com\/wp-content\/uploads\/2026\/03\/0-284.jpg\",\"contentUrl\":\"https:\/\/www.sejourprive.com\/wp-content\/uploads\/2026\/03\/0-284.jpg\",\"width\":1200,\"height\":648},{\"@type\":\"BreadcrumbList\",\"@id\":\"https:\/\/www.sejourprive.com\/biens\/villa-mirau-cavaillon-lisle-sur-la-sorgue-provence-france\/#breadcrumb\",\"itemListElement\":[{\"@type\":\"ListItem\",\"position\":1,\"name\":\"Accueil\",\"item\":\"https:\/\/www.sejourprive.com\/\"},{\"@type\":\"ListItem\",\"position\":2,\"name\":\"Shop\",\"item\":\"https:\/\/www.sejourprive.com\/shop\/\"},{\"@type\":\"ListItem\",\"position\":3,\"name\":\"Villa Mirau, Cavaillon, L&#8217;isle-sur-la-Sorgue, Provence, France\"}]},{\"@type\":\"WebSite\",\"@id\":\"https:\/\/www.sejourprive.com\/#website\",\"url\":\"https:\/\/www.sejourprive.com\/\",\"name\":\"S\u00e9jour Priv\u00e9\",\"description\":\"Nous imaginons pour vous des s\u00e9jours d\u2019exception.\",\"publisher\":{\"@id\":\"https:\/\/www.sejourprive.com\/#organization\"},\"potentialAction\":[{\"@type\":\"SearchAction\",\"target\":{\"@type\":\"EntryPoint\",\"urlTemplate\":\"https:\/\/www.sejourprive.com\/?s={search_term_string}\"},\"query-input\":{\"@type\":\"PropertyValueSpecification\",\"valueRequired\":true,\"valueName\":\"search_term_string\"}}],\"inLanguage\":\"en-GB\"},{\"@type\":\"Organization\",\"@id\":\"https:\/\/www.sejourprive.com\/#organization\",\"name\":\"S\u00e9jour Priv\u00e9\",\"url\":\"https:\/\/www.sejourprive.com\/\",\"logo\":{\"@type\":\"ImageObject\",\"inLanguage\":\"en-GB\",\"@id\":\"https:\/\/www.sejourprive.com\/#\/schema\/logo\/image\/\",\"url\":\"https:\/\/www.sejourprive.com\/wp-content\/uploads\/2026\/02\/SP-Apple-touch-144-couleur-1-2.png\",\"contentUrl\":\"https:\/\/www.sejourprive.com\/wp-content\/uploads\/2026\/02\/SP-Apple-touch-144-couleur-1-2.png\",\"width\":145,\"height\":145,\"caption\":\"S\u00e9jour Priv\u00e9\"},\"image\":{\"@id\":\"https:\/\/www.sejourprive.com\/#\/schema\/logo\/image\/\"}}]}<\/script>\n<!-- \/ Yoast SEO plugin. -->","yoast_head_json":{"title":"Villa Mirau, Cavaillon, L'isle-sur-la-Sorgue, Provence, France - S\u00e9jour Priv\u00e9","description":"Superbe propri\u00e9t\u00e9 en pierre d'environ 450 m\u00b2, situ\u00e9e sur une colline, offrant une vue panoramique \u00e0 plus de 180 degr\u00e9s. Vue imprenable sur le Mont","robots":{"index":"index","follow":"follow","max-snippet":"max-snippet:-1","max-image-preview":"max-image-preview:large","max-video-preview":"max-video-preview:-1"},"canonical":"https:\/\/www.sejourprive.com\/en\/biens\/villa-mirau-cavaillon-lisle-sur-la-sorgue-provence-france\/","og_locale":"en_GB","og_type":"article","og_title":"Villa Mirau, Cavaillon, L'isle-sur-la-Sorgue, Provence, France - S\u00e9jour Priv\u00e9","og_description":"Superbe propri\u00e9t\u00e9 en pierre d'environ 450 m\u00b2, situ\u00e9e sur une colline, offrant une vue panoramique \u00e0 plus de 180 degr\u00e9s. Vue imprenable sur le Mont","og_url":"https:\/\/www.sejourprive.com\/en\/biens\/villa-mirau-cavaillon-lisle-sur-la-sorgue-provence-france\/","og_site_name":"S\u00e9jour Priv\u00e9","og_image":[{"width":1200,"height":648,"url":"https:\/\/www.sejourprive.com\/wp-content\/uploads\/2026\/03\/0-284.jpg","type":"image\/jpeg"}],"twitter_card":"summary_large_image","twitter_misc":{"Estimated reading time":"1 minute"},"schema":{"@context":"https:\/\/schema.org","@graph":[{"@type":"WebPage","@id":"https:\/\/www.sejourprive.com\/biens\/villa-mirau-cavaillon-lisle-sur-la-sorgue-provence-france\/","url":"https:\/\/www.sejourprive.com\/biens\/villa-mirau-cavaillon-lisle-sur-la-sorgue-provence-france\/","name":"Villa Mirau, Cavaillon, L'isle-sur-la-Sorgue, Provence, France - S\u00e9jour Priv\u00e9","isPartOf":{"@id":"https:\/\/www.sejourprive.com\/#website"},"primaryImageOfPage":{"@id":"https:\/\/www.sejourprive.com\/biens\/villa-mirau-cavaillon-lisle-sur-la-sorgue-provence-france\/#primaryimage"},"image":{"@id":"https:\/\/www.sejourprive.com\/biens\/villa-mirau-cavaillon-lisle-sur-la-sorgue-provence-france\/#primaryimage"},"thumbnailUrl":"https:\/\/www.sejourprive.com\/wp-content\/uploads\/2026\/03\/0-284.jpg","datePublished":"2026-03-31T13:46:18+00:00","description":"Superbe propri\u00e9t\u00e9 en pierre d'environ 450 m\u00b2, situ\u00e9e sur une colline, offrant une vue panoramique \u00e0 plus de 180 degr\u00e9s. Vue imprenable sur le Mont","breadcrumb":{"@id":"https:\/\/www.sejourprive.com\/biens\/villa-mirau-cavaillon-lisle-sur-la-sorgue-provence-france\/#breadcrumb"},"inLanguage":"en-GB","potentialAction":[{"@type":"ReadAction","target":["https:\/\/www.sejourprive.com\/biens\/villa-mirau-cavaillon-lisle-sur-la-sorgue-provence-france\/"]}]},{"@type":"ImageObject","inLanguage":"en-GB","@id":"https:\/\/www.sejourprive.com\/biens\/villa-mirau-cavaillon-lisle-sur-la-sorgue-provence-france\/#primaryimage","url":"https:\/\/www.sejourprive.com\/wp-content\/uploads\/2026\/03\/0-284.jpg","contentUrl":"https:\/\/www.sejourprive.com\/wp-content\/uploads\/2026\/03\/0-284.jpg","width":1200,"height":648},{"@type":"BreadcrumbList","@id":"https:\/\/www.sejourprive.com\/biens\/villa-mirau-cavaillon-lisle-sur-la-sorgue-provence-france\/#breadcrumb","itemListElement":[{"@type":"ListItem","position":1,"name":"Accueil","item":"https:\/\/www.sejourprive.com\/"},{"@type":"ListItem","position":2,"name":"Shop","item":"https:\/\/www.sejourprive.com\/shop\/"},{"@type":"ListItem","position":3,"name":"Villa Mirau, Cavaillon, L&#8217;isle-sur-la-Sorgue, Provence, France"}]},{"@type":"WebSite","@id":"https:\/\/www.sejourprive.com\/#website","url":"https:\/\/www.sejourprive.com\/","name":"Private Stay","description":"We design exceptional holidays for you.","publisher":{"@id":"https:\/\/www.sejourprive.com\/#organization"},"potentialAction":[{"@type":"SearchAction","target":{"@type":"EntryPoint","urlTemplate":"https:\/\/www.sejourprive.com\/?s={search_term_string}"},"query-input":{"@type":"PropertyValueSpecification","valueRequired":true,"valueName":"search_term_string"}}],"inLanguage":"en-GB"},{"@type":"Organization","@id":"https:\/\/www.sejourprive.com\/#organization","name":"Private Stay","url":"https:\/\/www.sejourprive.com\/","logo":{"@type":"ImageObject","inLanguage":"en-GB","@id":"https:\/\/www.sejourprive.com\/#\/schema\/logo\/image\/","url":"https:\/\/www.sejourprive.com\/wp-content\/uploads\/2026\/02\/SP-Apple-touch-144-couleur-1-2.png","contentUrl":"https:\/\/www.sejourprive.com\/wp-content\/uploads\/2026\/02\/SP-Apple-touch-144-couleur-1-2.png","width":145,"height":145,"caption":"S\u00e9jour Priv\u00e9"},"image":{"@id":"https:\/\/www.sejourprive.com\/#\/schema\/logo\/image\/"}}]}},"_links":{"self":[{"href":"https:\/\/www.sejourprive.com\/en\/wp-json\/wp\/v2\/product\/54536","targetHints":{"allow":["GET"]}}],"collection":[{"href":"https:\/\/www.sejourprive.com\/en\/wp-json\/wp\/v2\/product"}],"about":[{"href":"https:\/\/www.sejourprive.com\/en\/wp-json\/wp\/v2\/types\/product"}],"replies":[{"embeddable":true,"href":"https:\/\/www.sejourprive.com\/en\/wp-json\/wp\/v2\/comments?post=54536"}],"version-history":[{"count":0,"href":"https:\/\/www.sejourprive.com\/en\/wp-json\/wp\/v2\/product\/54536\/revisions"}],"wp:featuredmedia":[{"embeddable":true,"href":"https:\/\/www.sejourprive.com\/en\/wp-json\/wp\/v2\/media\/54549"}],"wp:attachment":[{"href":"https:\/\/www.sejourprive.com\/en\/wp-json\/wp\/v2\/media?parent=54536"}],"wp:term":[{"taxonomy":"product_brand","embeddable":true,"href":"https:\/\/www.sejourprive.com\/en\/wp-json\/wp\/v2\/product_brand?post=54536"},{"taxonomy":"product_cat","embeddable":true,"href":"https:\/\/www.sejourprive.com\/en\/wp-json\/wp\/v2\/product_cat?post=54536"},{"taxonomy":"product_tag","embeddable":true,"href":"https:\/\/www.sejourprive.com\/en\/wp-json\/wp\/v2\/product_tag?post=54536"}],"curies":[{"name":"wp","href":"https:\/\/api.w.org\/{rel}","templated":true}]}}