{"id":54533,"date":"2026-03-31T14:22:05","date_gmt":"2026-03-31T12:22:05","guid":{"rendered":"https:\/\/www.sejourprive.com\/?post_type=product&#038;p=54533"},"modified":"2026-03-31T14:22:05","modified_gmt":"2026-03-31T12:22:05","slug":"villa-victoire-aix-en-provence-lourmarin-alentours-provence-france","status":"publish","type":"product","link":"https:\/\/www.sejourprive.com\/en\/biens\/villa-victoire-aix-en-provence-lourmarin-alentours-provence-france\/","title":{"rendered":"Villa Victoire, Aix-en-Provence, Lourmarin &amp; Surroundings, Provence, France"},"content":{"rendered":"<p>Set in the heart of an exceptional estate, between vineyards and forests, Villa Victoire offers a unique setting facing the majestic Mont Sainte-Victoire.<span><div class=\"read-more-wrapper\"><a class=\"read-more-button\" data-target=\"read-more-69f2b9430be80\" data-more-text=\"Read more\" data-less-text=\"Read less\"><span class=\"read-more-text\">Read more<\/span><\/a><div id=\"read-more-69f2b9430be80\" class=\"read-more-content\"> <\/span>With its contemporary architecture and spacious, light-filled rooms, it combines modern elegance with absolute comfort. With its top-of-the-range finishes and high-tech equipment, it offers an incomparable level of amenities. Stroll along the paths winding through the vineyards, or relax by the private lake, perfect for moments of serenity. Here, every detail has been thought of to create a soothing, memorable atmosphere in the heart of Provence.<\/div><\/div><\/p>","protected":false},"excerpt":{"rendered":"<p>Install\u00e9e au c\u0153ur d\u2019un domaine exceptionnel, entre vignes et for\u00eats, la Villa Victoire vous offre un cadre unique face \u00e0&#8230;<\/p>","protected":false},"featured_media":54575,"comment_status":"open","ping_status":"closed","template":"","meta":{"_acf_changed":false},"product_brand":[],"product_cat":[15],"product_tag":[],"class_list":{"0":"post-54533","1":"product","2":"type-product","3":"status-publish","4":"has-post-thumbnail","6":"product_cat-villa","7":"property_location-provence","9":"first","10":"instock","11":"sold-individually","12":"shipping-taxable","13":"purchasable","14":"product-type-simple"},"acf":[],"yoast_head":"<!-- This site is optimized with the Yoast SEO plugin v26.6 - https:\/\/yoast.com\/wordpress\/plugins\/seo\/ -->\n<title>Villa Victoire, Aix-en-Provence, Lourmarin &amp; Alentours, Provence, France - S\u00e9jour Priv\u00e9<\/title>\n<meta name=\"description\" content=\"Install\u00e9e au c\u0153ur d\u2019un domaine exceptionnel, entre vignes et for\u00eats, la Villa Victoire vous offre un cadre unique face \u00e0 la majestueuse montagne\" \/>\n<meta name=\"robots\" content=\"index, follow, max-snippet:-1, max-image-preview:large, max-video-preview:-1\" \/>\n<link rel=\"canonical\" href=\"https:\/\/www.sejourprive.com\/en\/biens\/villa-victoire-aix-en-provence-lourmarin-alentours-provence-france\/\" \/>\n<meta property=\"og:locale\" content=\"en_GB\" \/>\n<meta property=\"og:type\" content=\"article\" \/>\n<meta property=\"og:title\" content=\"Villa Victoire, Aix-en-Provence, Lourmarin &amp; Alentours, Provence, France - S\u00e9jour Priv\u00e9\" \/>\n<meta property=\"og:description\" content=\"Install\u00e9e au c\u0153ur d\u2019un domaine exceptionnel, entre vignes et for\u00eats, la Villa Victoire vous offre un cadre unique face \u00e0 la majestueuse montagne\" \/>\n<meta property=\"og:url\" content=\"https:\/\/www.sejourprive.com\/en\/biens\/villa-victoire-aix-en-provence-lourmarin-alentours-provence-france\/\" \/>\n<meta property=\"og:site_name\" content=\"S\u00e9jour Priv\u00e9\" \/>\n<meta property=\"og:image\" content=\"https:\/\/www.sejourprive.com\/wp-content\/uploads\/2026\/03\/0-285.jpg\" \/>\n\t<meta property=\"og:image:width\" content=\"1200\" \/>\n\t<meta property=\"og:image:height\" content=\"745\" \/>\n\t<meta property=\"og:image:type\" content=\"image\/jpeg\" \/>\n<meta name=\"twitter:card\" content=\"summary_large_image\" \/>\n<meta name=\"twitter:label1\" content=\"Estimated reading time\" \/>\n\t<meta name=\"twitter:data1\" content=\"1 minute\" \/>\n<script type=\"application\/ld+json\" class=\"yoast-schema-graph\">{\"@context\":\"https:\/\/schema.org\",\"@graph\":[{\"@type\":\"WebPage\",\"@id\":\"https:\/\/www.sejourprive.com\/biens\/villa-victoire-aix-en-provence-lourmarin-alentours-provence-france\/\",\"url\":\"https:\/\/www.sejourprive.com\/biens\/villa-victoire-aix-en-provence-lourmarin-alentours-provence-france\/\",\"name\":\"Villa Victoire, Aix-en-Provence, Lourmarin & Alentours, Provence, France - S\u00e9jour Priv\u00e9\",\"isPartOf\":{\"@id\":\"https:\/\/www.sejourprive.com\/#website\"},\"primaryImageOfPage\":{\"@id\":\"https:\/\/www.sejourprive.com\/biens\/villa-victoire-aix-en-provence-lourmarin-alentours-provence-france\/#primaryimage\"},\"image\":{\"@id\":\"https:\/\/www.sejourprive.com\/biens\/villa-victoire-aix-en-provence-lourmarin-alentours-provence-france\/#primaryimage\"},\"thumbnailUrl\":\"https:\/\/www.sejourprive.com\/wp-content\/uploads\/2026\/03\/0-285.jpg\",\"datePublished\":\"2026-03-31T12:22:05+00:00\",\"description\":\"Install\u00e9e au c\u0153ur d\u2019un domaine exceptionnel, entre vignes et for\u00eats, la Villa Victoire vous offre un cadre unique face \u00e0 la majestueuse montagne\",\"breadcrumb\":{\"@id\":\"https:\/\/www.sejourprive.com\/biens\/villa-victoire-aix-en-provence-lourmarin-alentours-provence-france\/#breadcrumb\"},\"inLanguage\":\"en-GB\",\"potentialAction\":[{\"@type\":\"ReadAction\",\"target\":[\"https:\/\/www.sejourprive.com\/biens\/villa-victoire-aix-en-provence-lourmarin-alentours-provence-france\/\"]}]},{\"@type\":\"ImageObject\",\"inLanguage\":\"en-GB\",\"@id\":\"https:\/\/www.sejourprive.com\/biens\/villa-victoire-aix-en-provence-lourmarin-alentours-provence-france\/#primaryimage\",\"url\":\"https:\/\/www.sejourprive.com\/wp-content\/uploads\/2026\/03\/0-285.jpg\",\"contentUrl\":\"https:\/\/www.sejourprive.com\/wp-content\/uploads\/2026\/03\/0-285.jpg\",\"width\":1200,\"height\":745},{\"@type\":\"BreadcrumbList\",\"@id\":\"https:\/\/www.sejourprive.com\/biens\/villa-victoire-aix-en-provence-lourmarin-alentours-provence-france\/#breadcrumb\",\"itemListElement\":[{\"@type\":\"ListItem\",\"position\":1,\"name\":\"Accueil\",\"item\":\"https:\/\/www.sejourprive.com\/\"},{\"@type\":\"ListItem\",\"position\":2,\"name\":\"Shop\",\"item\":\"https:\/\/www.sejourprive.com\/shop\/\"},{\"@type\":\"ListItem\",\"position\":3,\"name\":\"Villa Victoire, Aix-en-Provence, Lourmarin &#038; Alentours, Provence, France\"}]},{\"@type\":\"WebSite\",\"@id\":\"https:\/\/www.sejourprive.com\/#website\",\"url\":\"https:\/\/www.sejourprive.com\/\",\"name\":\"S\u00e9jour Priv\u00e9\",\"description\":\"Nous imaginons pour vous des s\u00e9jours d\u2019exception.\",\"publisher\":{\"@id\":\"https:\/\/www.sejourprive.com\/#organization\"},\"potentialAction\":[{\"@type\":\"SearchAction\",\"target\":{\"@type\":\"EntryPoint\",\"urlTemplate\":\"https:\/\/www.sejourprive.com\/?s={search_term_string}\"},\"query-input\":{\"@type\":\"PropertyValueSpecification\",\"valueRequired\":true,\"valueName\":\"search_term_string\"}}],\"inLanguage\":\"en-GB\"},{\"@type\":\"Organization\",\"@id\":\"https:\/\/www.sejourprive.com\/#organization\",\"name\":\"S\u00e9jour Priv\u00e9\",\"url\":\"https:\/\/www.sejourprive.com\/\",\"logo\":{\"@type\":\"ImageObject\",\"inLanguage\":\"en-GB\",\"@id\":\"https:\/\/www.sejourprive.com\/#\/schema\/logo\/image\/\",\"url\":\"https:\/\/www.sejourprive.com\/wp-content\/uploads\/2026\/02\/SP-Apple-touch-144-couleur-1-2.png\",\"contentUrl\":\"https:\/\/www.sejourprive.com\/wp-content\/uploads\/2026\/02\/SP-Apple-touch-144-couleur-1-2.png\",\"width\":145,\"height\":145,\"caption\":\"S\u00e9jour Priv\u00e9\"},\"image\":{\"@id\":\"https:\/\/www.sejourprive.com\/#\/schema\/logo\/image\/\"}}]}<\/script>\n<!-- \/ Yoast SEO plugin. -->","yoast_head_json":{"title":"Villa Victoire, Aix-en-Provence, Lourmarin & Alentours, Provence, France - S\u00e9jour Priv\u00e9","description":"Install\u00e9e au c\u0153ur d\u2019un domaine exceptionnel, entre vignes et for\u00eats, la Villa Victoire vous offre un cadre unique face \u00e0 la majestueuse montagne","robots":{"index":"index","follow":"follow","max-snippet":"max-snippet:-1","max-image-preview":"max-image-preview:large","max-video-preview":"max-video-preview:-1"},"canonical":"https:\/\/www.sejourprive.com\/en\/biens\/villa-victoire-aix-en-provence-lourmarin-alentours-provence-france\/","og_locale":"en_GB","og_type":"article","og_title":"Villa Victoire, Aix-en-Provence, Lourmarin & Alentours, Provence, France - S\u00e9jour Priv\u00e9","og_description":"Install\u00e9e au c\u0153ur d\u2019un domaine exceptionnel, entre vignes et for\u00eats, la Villa Victoire vous offre un cadre unique face \u00e0 la majestueuse montagne","og_url":"https:\/\/www.sejourprive.com\/en\/biens\/villa-victoire-aix-en-provence-lourmarin-alentours-provence-france\/","og_site_name":"S\u00e9jour Priv\u00e9","og_image":[{"width":1200,"height":745,"url":"https:\/\/www.sejourprive.com\/wp-content\/uploads\/2026\/03\/0-285.jpg","type":"image\/jpeg"}],"twitter_card":"summary_large_image","twitter_misc":{"Estimated reading time":"1 minute"},"schema":{"@context":"https:\/\/schema.org","@graph":[{"@type":"WebPage","@id":"https:\/\/www.sejourprive.com\/biens\/villa-victoire-aix-en-provence-lourmarin-alentours-provence-france\/","url":"https:\/\/www.sejourprive.com\/biens\/villa-victoire-aix-en-provence-lourmarin-alentours-provence-france\/","name":"Villa Victoire, Aix-en-Provence, Lourmarin & Alentours, Provence, France - S\u00e9jour Priv\u00e9","isPartOf":{"@id":"https:\/\/www.sejourprive.com\/#website"},"primaryImageOfPage":{"@id":"https:\/\/www.sejourprive.com\/biens\/villa-victoire-aix-en-provence-lourmarin-alentours-provence-france\/#primaryimage"},"image":{"@id":"https:\/\/www.sejourprive.com\/biens\/villa-victoire-aix-en-provence-lourmarin-alentours-provence-france\/#primaryimage"},"thumbnailUrl":"https:\/\/www.sejourprive.com\/wp-content\/uploads\/2026\/03\/0-285.jpg","datePublished":"2026-03-31T12:22:05+00:00","description":"Install\u00e9e au c\u0153ur d\u2019un domaine exceptionnel, entre vignes et for\u00eats, la Villa Victoire vous offre un cadre unique face \u00e0 la majestueuse montagne","breadcrumb":{"@id":"https:\/\/www.sejourprive.com\/biens\/villa-victoire-aix-en-provence-lourmarin-alentours-provence-france\/#breadcrumb"},"inLanguage":"en-GB","potentialAction":[{"@type":"ReadAction","target":["https:\/\/www.sejourprive.com\/biens\/villa-victoire-aix-en-provence-lourmarin-alentours-provence-france\/"]}]},{"@type":"ImageObject","inLanguage":"en-GB","@id":"https:\/\/www.sejourprive.com\/biens\/villa-victoire-aix-en-provence-lourmarin-alentours-provence-france\/#primaryimage","url":"https:\/\/www.sejourprive.com\/wp-content\/uploads\/2026\/03\/0-285.jpg","contentUrl":"https:\/\/www.sejourprive.com\/wp-content\/uploads\/2026\/03\/0-285.jpg","width":1200,"height":745},{"@type":"BreadcrumbList","@id":"https:\/\/www.sejourprive.com\/biens\/villa-victoire-aix-en-provence-lourmarin-alentours-provence-france\/#breadcrumb","itemListElement":[{"@type":"ListItem","position":1,"name":"Accueil","item":"https:\/\/www.sejourprive.com\/"},{"@type":"ListItem","position":2,"name":"Shop","item":"https:\/\/www.sejourprive.com\/shop\/"},{"@type":"ListItem","position":3,"name":"Villa Victoire, Aix-en-Provence, Lourmarin &#038; Alentours, Provence, France"}]},{"@type":"WebSite","@id":"https:\/\/www.sejourprive.com\/#website","url":"https:\/\/www.sejourprive.com\/","name":"Private Stay","description":"We design exceptional holidays for you.","publisher":{"@id":"https:\/\/www.sejourprive.com\/#organization"},"potentialAction":[{"@type":"SearchAction","target":{"@type":"EntryPoint","urlTemplate":"https:\/\/www.sejourprive.com\/?s={search_term_string}"},"query-input":{"@type":"PropertyValueSpecification","valueRequired":true,"valueName":"search_term_string"}}],"inLanguage":"en-GB"},{"@type":"Organization","@id":"https:\/\/www.sejourprive.com\/#organization","name":"Private Stay","url":"https:\/\/www.sejourprive.com\/","logo":{"@type":"ImageObject","inLanguage":"en-GB","@id":"https:\/\/www.sejourprive.com\/#\/schema\/logo\/image\/","url":"https:\/\/www.sejourprive.com\/wp-content\/uploads\/2026\/02\/SP-Apple-touch-144-couleur-1-2.png","contentUrl":"https:\/\/www.sejourprive.com\/wp-content\/uploads\/2026\/02\/SP-Apple-touch-144-couleur-1-2.png","width":145,"height":145,"caption":"S\u00e9jour Priv\u00e9"},"image":{"@id":"https:\/\/www.sejourprive.com\/#\/schema\/logo\/image\/"}}]}},"_links":{"self":[{"href":"https:\/\/www.sejourprive.com\/en\/wp-json\/wp\/v2\/product\/54533","targetHints":{"allow":["GET"]}}],"collection":[{"href":"https:\/\/www.sejourprive.com\/en\/wp-json\/wp\/v2\/product"}],"about":[{"href":"https:\/\/www.sejourprive.com\/en\/wp-json\/wp\/v2\/types\/product"}],"replies":[{"embeddable":true,"href":"https:\/\/www.sejourprive.com\/en\/wp-json\/wp\/v2\/comments?post=54533"}],"version-history":[{"count":0,"href":"https:\/\/www.sejourprive.com\/en\/wp-json\/wp\/v2\/product\/54533\/revisions"}],"wp:featuredmedia":[{"embeddable":true,"href":"https:\/\/www.sejourprive.com\/en\/wp-json\/wp\/v2\/media\/54575"}],"wp:attachment":[{"href":"https:\/\/www.sejourprive.com\/en\/wp-json\/wp\/v2\/media?parent=54533"}],"wp:term":[{"taxonomy":"product_brand","embeddable":true,"href":"https:\/\/www.sejourprive.com\/en\/wp-json\/wp\/v2\/product_brand?post=54533"},{"taxonomy":"product_cat","embeddable":true,"href":"https:\/\/www.sejourprive.com\/en\/wp-json\/wp\/v2\/product_cat?post=54533"},{"taxonomy":"product_tag","embeddable":true,"href":"https:\/\/www.sejourprive.com\/en\/wp-json\/wp\/v2\/product_tag?post=54533"}],"curies":[{"name":"wp","href":"https:\/\/api.w.org\/{rel}","templated":true}]}}