{"id":54296,"date":"2026-03-30T15:52:44","date_gmt":"2026-03-30T13:52:44","guid":{"rendered":"https:\/\/www.sejourprive.com\/?post_type=product&#038;p=54296"},"modified":"2026-03-30T15:52:44","modified_gmt":"2026-03-30T13:52:44","slug":"villa-sigala-puget-lourmarin-alentours-provence-france","status":"publish","type":"product","link":"https:\/\/www.sejourprive.com\/en\/biens\/villa-sigala-puget-lourmarin-alentours-provence-france\/","title":{"rendered":"Villa Sigala, Puget, Lourmarin &amp; Surroundings, Provence, France"},"content":{"rendered":"<p>Cette villa est une belle bastide proven\u00e7ale, enti\u00e8rement r\u00e9nov\u00e9e. Les volets en bois qui ponctuent sa fa\u00e7ade en pierres couleur sable ont \u00e9t\u00e9 repeints dans un \u00e9l\u00e9gant bleu glacier. Les traditionnelles rambardes en fer forg\u00e9 de la terrasse ont laiss\u00e9 la place \u00e0 des garde-corps minimalistes. A l\u2019int\u00e9rieur, la d\u00e9coration moderne vient sublimer les mat\u00e9riaux anciens &#8211; les vo\u00fbtes en pierre de la cuisine, les poutres apparentes, le plafond cath\u00e9dral ou la grande chemin\u00e9e en briques du salon. Les couleurs sont douces et naturelles, tandis que le mobilier joue la carte du \u00ab less is more \u00bb, tout en \u00e9l\u00e9gance et en subtilit\u00e9.<\/p>\n<p><span><div class=\"read-more-wrapper\"><a class=\"read-more-button\" data-target=\"read-more-69f4c6a29d2fa\" data-more-text=\"Read more\" data-less-text=\"Read less\"><span class=\"read-more-text\">Read more<\/span><\/a><div id=\"read-more-69f4c6a29d2fa\" class=\"read-more-content\"> <\/span>You could spend your days sunbathing on a deckchair by the beautiful pool, or strolling through the surrounding vineyards. In the evening, aperitifs are served on the terrace, from where there is an uninterrupted view over the countryside. The fields take on a golden hue, just like the bubbles sparkling in the glasses of champagne. On the table, Proven\u00e7al dishes abound: Homemade aioli, ancho\u00efade, grilled calamari with olive oil... Later, when it's dark, we take refuge in the villa's cigar cellar for a nightcap.<\/div><\/div> <\/p>","protected":false},"excerpt":{"rendered":"<p>Cette villa est une belle bastide proven\u00e7ale, enti\u00e8rement r\u00e9nov\u00e9e. Les volets en bois qui ponctuent sa fa\u00e7ade en pierres couleur&#8230;<\/p>","protected":false},"featured_media":54387,"comment_status":"open","ping_status":"closed","template":"","meta":{"_acf_changed":false},"product_brand":[],"product_cat":[15],"product_tag":[],"class_list":{"0":"post-54296","1":"product","2":"type-product","3":"status-publish","4":"has-post-thumbnail","6":"product_cat-villa","7":"property_location-provence","9":"first","10":"instock","11":"sold-individually","12":"shipping-taxable","13":"purchasable","14":"product-type-simple"},"acf":[],"yoast_head":"<!-- This site is optimized with the Yoast SEO plugin v26.6 - https:\/\/yoast.com\/wordpress\/plugins\/seo\/ -->\n<title>Villa Sigala, Puget, Lourmarin &amp; Alentours, Provence, France - S\u00e9jour Priv\u00e9<\/title>\n<meta name=\"description\" content=\"Cette villa est une belle bastide proven\u00e7ale, enti\u00e8rement r\u00e9nov\u00e9e. Les volets en bois qui ponctuent sa fa\u00e7ade en pierres couleur sable ont \u00e9t\u00e9 repeints\" \/>\n<meta name=\"robots\" content=\"index, follow, max-snippet:-1, max-image-preview:large, max-video-preview:-1\" \/>\n<link rel=\"canonical\" href=\"https:\/\/www.sejourprive.com\/en\/biens\/villa-sigala-puget-lourmarin-alentours-provence-france\/\" \/>\n<meta property=\"og:locale\" content=\"en_GB\" \/>\n<meta property=\"og:type\" content=\"article\" \/>\n<meta property=\"og:title\" content=\"Villa Sigala, Puget, Lourmarin &amp; Alentours, Provence, France - S\u00e9jour Priv\u00e9\" \/>\n<meta property=\"og:description\" content=\"Cette villa est une belle bastide proven\u00e7ale, enti\u00e8rement r\u00e9nov\u00e9e. Les volets en bois qui ponctuent sa fa\u00e7ade en pierres couleur sable ont \u00e9t\u00e9 repeints\" \/>\n<meta property=\"og:url\" content=\"https:\/\/www.sejourprive.com\/en\/biens\/villa-sigala-puget-lourmarin-alentours-provence-france\/\" \/>\n<meta property=\"og:site_name\" content=\"S\u00e9jour Priv\u00e9\" \/>\n<meta property=\"og:image\" content=\"https:\/\/www.sejourprive.com\/wp-content\/uploads\/2026\/03\/0-281.jpg\" \/>\n\t<meta property=\"og:image:width\" content=\"1200\" \/>\n\t<meta property=\"og:image:height\" content=\"900\" \/>\n\t<meta property=\"og:image:type\" content=\"image\/jpeg\" \/>\n<meta name=\"twitter:card\" content=\"summary_large_image\" \/>\n<meta name=\"twitter:label1\" content=\"Estimated reading time\" \/>\n\t<meta name=\"twitter:data1\" content=\"2 minutes\" \/>\n<script type=\"application\/ld+json\" class=\"yoast-schema-graph\">{\"@context\":\"https:\/\/schema.org\",\"@graph\":[{\"@type\":\"WebPage\",\"@id\":\"https:\/\/www.sejourprive.com\/biens\/villa-sigala-puget-lourmarin-alentours-provence-france\/\",\"url\":\"https:\/\/www.sejourprive.com\/biens\/villa-sigala-puget-lourmarin-alentours-provence-france\/\",\"name\":\"Villa Sigala, Puget, Lourmarin & Alentours, Provence, France - S\u00e9jour Priv\u00e9\",\"isPartOf\":{\"@id\":\"https:\/\/www.sejourprive.com\/#website\"},\"primaryImageOfPage\":{\"@id\":\"https:\/\/www.sejourprive.com\/biens\/villa-sigala-puget-lourmarin-alentours-provence-france\/#primaryimage\"},\"image\":{\"@id\":\"https:\/\/www.sejourprive.com\/biens\/villa-sigala-puget-lourmarin-alentours-provence-france\/#primaryimage\"},\"thumbnailUrl\":\"https:\/\/www.sejourprive.com\/wp-content\/uploads\/2026\/03\/0-281.jpg\",\"datePublished\":\"2026-03-30T13:52:44+00:00\",\"description\":\"Cette villa est une belle bastide proven\u00e7ale, enti\u00e8rement r\u00e9nov\u00e9e. Les volets en bois qui ponctuent sa fa\u00e7ade en pierres couleur sable ont \u00e9t\u00e9 repeints\",\"breadcrumb\":{\"@id\":\"https:\/\/www.sejourprive.com\/biens\/villa-sigala-puget-lourmarin-alentours-provence-france\/#breadcrumb\"},\"inLanguage\":\"en-GB\",\"potentialAction\":[{\"@type\":\"ReadAction\",\"target\":[\"https:\/\/www.sejourprive.com\/biens\/villa-sigala-puget-lourmarin-alentours-provence-france\/\"]}]},{\"@type\":\"ImageObject\",\"inLanguage\":\"en-GB\",\"@id\":\"https:\/\/www.sejourprive.com\/biens\/villa-sigala-puget-lourmarin-alentours-provence-france\/#primaryimage\",\"url\":\"https:\/\/www.sejourprive.com\/wp-content\/uploads\/2026\/03\/0-281.jpg\",\"contentUrl\":\"https:\/\/www.sejourprive.com\/wp-content\/uploads\/2026\/03\/0-281.jpg\",\"width\":1200,\"height\":900},{\"@type\":\"BreadcrumbList\",\"@id\":\"https:\/\/www.sejourprive.com\/biens\/villa-sigala-puget-lourmarin-alentours-provence-france\/#breadcrumb\",\"itemListElement\":[{\"@type\":\"ListItem\",\"position\":1,\"name\":\"Accueil\",\"item\":\"https:\/\/www.sejourprive.com\/\"},{\"@type\":\"ListItem\",\"position\":2,\"name\":\"Shop\",\"item\":\"https:\/\/www.sejourprive.com\/shop\/\"},{\"@type\":\"ListItem\",\"position\":3,\"name\":\"Villa Sigala, Puget, Lourmarin &#038; Alentours, Provence, France\"}]},{\"@type\":\"WebSite\",\"@id\":\"https:\/\/www.sejourprive.com\/#website\",\"url\":\"https:\/\/www.sejourprive.com\/\",\"name\":\"S\u00e9jour Priv\u00e9\",\"description\":\"Nous imaginons pour vous des s\u00e9jours d\u2019exception.\",\"publisher\":{\"@id\":\"https:\/\/www.sejourprive.com\/#organization\"},\"potentialAction\":[{\"@type\":\"SearchAction\",\"target\":{\"@type\":\"EntryPoint\",\"urlTemplate\":\"https:\/\/www.sejourprive.com\/?s={search_term_string}\"},\"query-input\":{\"@type\":\"PropertyValueSpecification\",\"valueRequired\":true,\"valueName\":\"search_term_string\"}}],\"inLanguage\":\"en-GB\"},{\"@type\":\"Organization\",\"@id\":\"https:\/\/www.sejourprive.com\/#organization\",\"name\":\"S\u00e9jour Priv\u00e9\",\"url\":\"https:\/\/www.sejourprive.com\/\",\"logo\":{\"@type\":\"ImageObject\",\"inLanguage\":\"en-GB\",\"@id\":\"https:\/\/www.sejourprive.com\/#\/schema\/logo\/image\/\",\"url\":\"https:\/\/www.sejourprive.com\/wp-content\/uploads\/2026\/02\/SP-Apple-touch-144-couleur-1-2.png\",\"contentUrl\":\"https:\/\/www.sejourprive.com\/wp-content\/uploads\/2026\/02\/SP-Apple-touch-144-couleur-1-2.png\",\"width\":145,\"height\":145,\"caption\":\"S\u00e9jour Priv\u00e9\"},\"image\":{\"@id\":\"https:\/\/www.sejourprive.com\/#\/schema\/logo\/image\/\"}}]}<\/script>\n<!-- \/ Yoast SEO plugin. -->","yoast_head_json":{"title":"Villa Sigala, Puget, Lourmarin & Alentours, Provence, France - S\u00e9jour Priv\u00e9","description":"Cette villa est une belle bastide proven\u00e7ale, enti\u00e8rement r\u00e9nov\u00e9e. Les volets en bois qui ponctuent sa fa\u00e7ade en pierres couleur sable ont \u00e9t\u00e9 repeints","robots":{"index":"index","follow":"follow","max-snippet":"max-snippet:-1","max-image-preview":"max-image-preview:large","max-video-preview":"max-video-preview:-1"},"canonical":"https:\/\/www.sejourprive.com\/en\/biens\/villa-sigala-puget-lourmarin-alentours-provence-france\/","og_locale":"en_GB","og_type":"article","og_title":"Villa Sigala, Puget, Lourmarin & Alentours, Provence, France - S\u00e9jour Priv\u00e9","og_description":"Cette villa est une belle bastide proven\u00e7ale, enti\u00e8rement r\u00e9nov\u00e9e. Les volets en bois qui ponctuent sa fa\u00e7ade en pierres couleur sable ont \u00e9t\u00e9 repeints","og_url":"https:\/\/www.sejourprive.com\/en\/biens\/villa-sigala-puget-lourmarin-alentours-provence-france\/","og_site_name":"S\u00e9jour Priv\u00e9","og_image":[{"width":1200,"height":900,"url":"https:\/\/www.sejourprive.com\/wp-content\/uploads\/2026\/03\/0-281.jpg","type":"image\/jpeg"}],"twitter_card":"summary_large_image","twitter_misc":{"Estimated reading time":"2 minutes"},"schema":{"@context":"https:\/\/schema.org","@graph":[{"@type":"WebPage","@id":"https:\/\/www.sejourprive.com\/biens\/villa-sigala-puget-lourmarin-alentours-provence-france\/","url":"https:\/\/www.sejourprive.com\/biens\/villa-sigala-puget-lourmarin-alentours-provence-france\/","name":"Villa Sigala, Puget, Lourmarin & Alentours, Provence, France - S\u00e9jour Priv\u00e9","isPartOf":{"@id":"https:\/\/www.sejourprive.com\/#website"},"primaryImageOfPage":{"@id":"https:\/\/www.sejourprive.com\/biens\/villa-sigala-puget-lourmarin-alentours-provence-france\/#primaryimage"},"image":{"@id":"https:\/\/www.sejourprive.com\/biens\/villa-sigala-puget-lourmarin-alentours-provence-france\/#primaryimage"},"thumbnailUrl":"https:\/\/www.sejourprive.com\/wp-content\/uploads\/2026\/03\/0-281.jpg","datePublished":"2026-03-30T13:52:44+00:00","description":"Cette villa est une belle bastide proven\u00e7ale, enti\u00e8rement r\u00e9nov\u00e9e. Les volets en bois qui ponctuent sa fa\u00e7ade en pierres couleur sable ont \u00e9t\u00e9 repeints","breadcrumb":{"@id":"https:\/\/www.sejourprive.com\/biens\/villa-sigala-puget-lourmarin-alentours-provence-france\/#breadcrumb"},"inLanguage":"en-GB","potentialAction":[{"@type":"ReadAction","target":["https:\/\/www.sejourprive.com\/biens\/villa-sigala-puget-lourmarin-alentours-provence-france\/"]}]},{"@type":"ImageObject","inLanguage":"en-GB","@id":"https:\/\/www.sejourprive.com\/biens\/villa-sigala-puget-lourmarin-alentours-provence-france\/#primaryimage","url":"https:\/\/www.sejourprive.com\/wp-content\/uploads\/2026\/03\/0-281.jpg","contentUrl":"https:\/\/www.sejourprive.com\/wp-content\/uploads\/2026\/03\/0-281.jpg","width":1200,"height":900},{"@type":"BreadcrumbList","@id":"https:\/\/www.sejourprive.com\/biens\/villa-sigala-puget-lourmarin-alentours-provence-france\/#breadcrumb","itemListElement":[{"@type":"ListItem","position":1,"name":"Accueil","item":"https:\/\/www.sejourprive.com\/"},{"@type":"ListItem","position":2,"name":"Shop","item":"https:\/\/www.sejourprive.com\/shop\/"},{"@type":"ListItem","position":3,"name":"Villa Sigala, Puget, Lourmarin &#038; Alentours, Provence, France"}]},{"@type":"WebSite","@id":"https:\/\/www.sejourprive.com\/#website","url":"https:\/\/www.sejourprive.com\/","name":"Private Stay","description":"We design exceptional holidays for you.","publisher":{"@id":"https:\/\/www.sejourprive.com\/#organization"},"potentialAction":[{"@type":"SearchAction","target":{"@type":"EntryPoint","urlTemplate":"https:\/\/www.sejourprive.com\/?s={search_term_string}"},"query-input":{"@type":"PropertyValueSpecification","valueRequired":true,"valueName":"search_term_string"}}],"inLanguage":"en-GB"},{"@type":"Organization","@id":"https:\/\/www.sejourprive.com\/#organization","name":"Private Stay","url":"https:\/\/www.sejourprive.com\/","logo":{"@type":"ImageObject","inLanguage":"en-GB","@id":"https:\/\/www.sejourprive.com\/#\/schema\/logo\/image\/","url":"https:\/\/www.sejourprive.com\/wp-content\/uploads\/2026\/02\/SP-Apple-touch-144-couleur-1-2.png","contentUrl":"https:\/\/www.sejourprive.com\/wp-content\/uploads\/2026\/02\/SP-Apple-touch-144-couleur-1-2.png","width":145,"height":145,"caption":"S\u00e9jour Priv\u00e9"},"image":{"@id":"https:\/\/www.sejourprive.com\/#\/schema\/logo\/image\/"}}]}},"_links":{"self":[{"href":"https:\/\/www.sejourprive.com\/en\/wp-json\/wp\/v2\/product\/54296","targetHints":{"allow":["GET"]}}],"collection":[{"href":"https:\/\/www.sejourprive.com\/en\/wp-json\/wp\/v2\/product"}],"about":[{"href":"https:\/\/www.sejourprive.com\/en\/wp-json\/wp\/v2\/types\/product"}],"replies":[{"embeddable":true,"href":"https:\/\/www.sejourprive.com\/en\/wp-json\/wp\/v2\/comments?post=54296"}],"version-history":[{"count":0,"href":"https:\/\/www.sejourprive.com\/en\/wp-json\/wp\/v2\/product\/54296\/revisions"}],"wp:featuredmedia":[{"embeddable":true,"href":"https:\/\/www.sejourprive.com\/en\/wp-json\/wp\/v2\/media\/54387"}],"wp:attachment":[{"href":"https:\/\/www.sejourprive.com\/en\/wp-json\/wp\/v2\/media?parent=54296"}],"wp:term":[{"taxonomy":"product_brand","embeddable":true,"href":"https:\/\/www.sejourprive.com\/en\/wp-json\/wp\/v2\/product_brand?post=54296"},{"taxonomy":"product_cat","embeddable":true,"href":"https:\/\/www.sejourprive.com\/en\/wp-json\/wp\/v2\/product_cat?post=54296"},{"taxonomy":"product_tag","embeddable":true,"href":"https:\/\/www.sejourprive.com\/en\/wp-json\/wp\/v2\/product_tag?post=54296"}],"curies":[{"name":"wp","href":"https:\/\/api.w.org\/{rel}","templated":true}]}}