{"id":53710,"date":"2026-03-27T16:32:42","date_gmt":"2026-03-27T15:32:42","guid":{"rendered":"https:\/\/www.sejourprive.com\/?post_type=product&#038;p=53710"},"modified":"2026-03-27T16:32:42","modified_gmt":"2026-03-27T15:32:42","slug":"domaine-des-vignes-saint-etienne-du-gres-provence-france","status":"publish","type":"product","link":"https:\/\/www.sejourprive.com\/en\/biens\/domaine-des-vignes-saint-etienne-du-gres-provence-france\/","title":{"rendered":"Domaine des Vignes, Saint-Etienne-du-Gr\u00e8s, Provence, France"},"content":{"rendered":"<p>Situ\u00e9 dans la r\u00e9gion de Saint-R\u00e9my-de-Provence, Le Domaine des Vignes est le refuge id\u00e9al pour une escapade proven\u00e7ale. Nich\u00e9 \u00e0 l&#8217;\u00e9cart de la ville, ce domaine priv\u00e9 offre une vue imprenable sur une nature pr\u00e9serv\u00e9e, entour\u00e9 de champs \u00e0 perte de vue. Son architecture allie harmonieusement tradition proven\u00e7ale et influences contemporaines, tandis que sa d\u00e9coration int\u00e9rieure soign\u00e9e procure un sentiment de confort in\u00e9gal\u00e9.<span><div class=\"read-more-wrapper\"><a class=\"read-more-button\" data-target=\"read-more-69f2e0011ab6e\" data-more-text=\"Read more\" data-less-text=\"Read less\"><span class=\"read-more-text\">Read more<\/span><\/a><div id=\"read-more-69f2e0011ab6e\" class=\"read-more-content\"> <\/span><\/p>\n<p>Le matin, plongez dans la piscine chauff\u00e9e, puis d\u00e9fiez vos proches lors d&#8217;une partie de tennis sur le court priv\u00e9. L&#8217;apr\u00e8s-midi, plongez-vous dans la terre proven\u00e7ale lors d&#8217;une d\u00e9gustation de vins locaux au Domaine Dalm\u00e9ran. Le soir, rassemblez votre tribu dans le jardin luxuriant pour savourer un d\u00e9licieux barbecue, puis terminez la journ\u00e9e par une partie de p\u00e9tanque.<\/div><\/div><\/p>","protected":false},"excerpt":{"rendered":"<p>Situ\u00e9 dans la r\u00e9gion de Saint-R\u00e9my-de-Provence, Le Domaine des Vignes est le refuge id\u00e9al pour une escapade proven\u00e7ale. Nich\u00e9 \u00e0&#8230;<\/p>","protected":false},"featured_media":53712,"comment_status":"open","ping_status":"closed","template":"","meta":{"_acf_changed":false},"product_brand":[],"product_cat":[15],"product_tag":[],"class_list":{"0":"post-53710","1":"product","2":"type-product","3":"status-publish","4":"has-post-thumbnail","6":"product_cat-villa","7":"property_location-france","8":"property_location-provence","10":"first","11":"instock","12":"sold-individually","13":"shipping-taxable","14":"purchasable","15":"product-type-simple"},"acf":[],"yoast_head":"<!-- This site is optimized with the Yoast SEO plugin v26.6 - https:\/\/yoast.com\/wordpress\/plugins\/seo\/ -->\n<title>Domaine des Vignes, Saint- \u00c9tienne-du-Gr\u00e8s, Provence, France - S\u00e9jour Priv\u00e9<\/title>\n<meta name=\"description\" content=\"Situ\u00e9 dans la r\u00e9gion de Saint-R\u00e9my-de-Provence, Le Domaine des Vignes est le refuge id\u00e9al pour une escapade proven\u00e7ale. Nich\u00e9 \u00e0 l&#039;\u00e9cart de la ville, ce\" \/>\n<meta name=\"robots\" content=\"index, follow, max-snippet:-1, max-image-preview:large, max-video-preview:-1\" \/>\n<link rel=\"canonical\" href=\"https:\/\/www.sejourprive.com\/en\/biens\/domaine-des-vignes-saint-etienne-du-gres-provence-france\/\" \/>\n<meta property=\"og:locale\" content=\"en_GB\" \/>\n<meta property=\"og:type\" content=\"article\" \/>\n<meta property=\"og:title\" content=\"Domaine des Vignes, Saint- \u00c9tienne-du-Gr\u00e8s, Provence, France - S\u00e9jour Priv\u00e9\" \/>\n<meta property=\"og:description\" content=\"Situ\u00e9 dans la r\u00e9gion de Saint-R\u00e9my-de-Provence, Le Domaine des Vignes est le refuge id\u00e9al pour une escapade proven\u00e7ale. Nich\u00e9 \u00e0 l&#039;\u00e9cart de la ville, ce\" \/>\n<meta property=\"og:url\" content=\"https:\/\/www.sejourprive.com\/en\/biens\/domaine-des-vignes-saint-etienne-du-gres-provence-france\/\" \/>\n<meta property=\"og:site_name\" content=\"S\u00e9jour Priv\u00e9\" \/>\n<meta property=\"og:image\" content=\"https:\/\/www.sejourprive.com\/wp-content\/uploads\/2026\/03\/0-266.jpg\" \/>\n\t<meta property=\"og:image:width\" content=\"1200\" \/>\n\t<meta property=\"og:image:height\" content=\"800\" \/>\n\t<meta property=\"og:image:type\" content=\"image\/jpeg\" \/>\n<meta name=\"twitter:card\" content=\"summary_large_image\" \/>\n<meta name=\"twitter:label1\" content=\"Estimated reading time\" \/>\n\t<meta name=\"twitter:data1\" content=\"1 minute\" \/>\n<script type=\"application\/ld+json\" class=\"yoast-schema-graph\">{\"@context\":\"https:\/\/schema.org\",\"@graph\":[{\"@type\":\"WebPage\",\"@id\":\"https:\/\/www.sejourprive.com\/biens\/domaine-des-vignes-saint-etienne-du-gres-provence-france\/\",\"url\":\"https:\/\/www.sejourprive.com\/biens\/domaine-des-vignes-saint-etienne-du-gres-provence-france\/\",\"name\":\"Domaine des Vignes, Saint- \u00c9tienne-du-Gr\u00e8s, Provence, France - S\u00e9jour Priv\u00e9\",\"isPartOf\":{\"@id\":\"https:\/\/www.sejourprive.com\/#website\"},\"primaryImageOfPage\":{\"@id\":\"https:\/\/www.sejourprive.com\/biens\/domaine-des-vignes-saint-etienne-du-gres-provence-france\/#primaryimage\"},\"image\":{\"@id\":\"https:\/\/www.sejourprive.com\/biens\/domaine-des-vignes-saint-etienne-du-gres-provence-france\/#primaryimage\"},\"thumbnailUrl\":\"https:\/\/www.sejourprive.com\/wp-content\/uploads\/2026\/03\/0-266.jpg\",\"datePublished\":\"2026-03-27T15:32:42+00:00\",\"description\":\"Situ\u00e9 dans la r\u00e9gion de Saint-R\u00e9my-de-Provence, Le Domaine des Vignes est le refuge id\u00e9al pour une escapade proven\u00e7ale. Nich\u00e9 \u00e0 l'\u00e9cart de la ville, ce\",\"breadcrumb\":{\"@id\":\"https:\/\/www.sejourprive.com\/biens\/domaine-des-vignes-saint-etienne-du-gres-provence-france\/#breadcrumb\"},\"inLanguage\":\"en-GB\",\"potentialAction\":[{\"@type\":\"ReadAction\",\"target\":[\"https:\/\/www.sejourprive.com\/biens\/domaine-des-vignes-saint-etienne-du-gres-provence-france\/\"]}]},{\"@type\":\"ImageObject\",\"inLanguage\":\"en-GB\",\"@id\":\"https:\/\/www.sejourprive.com\/biens\/domaine-des-vignes-saint-etienne-du-gres-provence-france\/#primaryimage\",\"url\":\"https:\/\/www.sejourprive.com\/wp-content\/uploads\/2026\/03\/0-266.jpg\",\"contentUrl\":\"https:\/\/www.sejourprive.com\/wp-content\/uploads\/2026\/03\/0-266.jpg\",\"width\":1200,\"height\":800},{\"@type\":\"BreadcrumbList\",\"@id\":\"https:\/\/www.sejourprive.com\/biens\/domaine-des-vignes-saint-etienne-du-gres-provence-france\/#breadcrumb\",\"itemListElement\":[{\"@type\":\"ListItem\",\"position\":1,\"name\":\"Accueil\",\"item\":\"https:\/\/www.sejourprive.com\/\"},{\"@type\":\"ListItem\",\"position\":2,\"name\":\"Shop\",\"item\":\"https:\/\/www.sejourprive.com\/shop\/\"},{\"@type\":\"ListItem\",\"position\":3,\"name\":\"Domaine des Vignes, Saint- \u00c9tienne-du-Gr\u00e8s, Provence, France\"}]},{\"@type\":\"WebSite\",\"@id\":\"https:\/\/www.sejourprive.com\/#website\",\"url\":\"https:\/\/www.sejourprive.com\/\",\"name\":\"S\u00e9jour Priv\u00e9\",\"description\":\"Nous imaginons pour vous des s\u00e9jours d\u2019exception.\",\"publisher\":{\"@id\":\"https:\/\/www.sejourprive.com\/#organization\"},\"potentialAction\":[{\"@type\":\"SearchAction\",\"target\":{\"@type\":\"EntryPoint\",\"urlTemplate\":\"https:\/\/www.sejourprive.com\/?s={search_term_string}\"},\"query-input\":{\"@type\":\"PropertyValueSpecification\",\"valueRequired\":true,\"valueName\":\"search_term_string\"}}],\"inLanguage\":\"en-GB\"},{\"@type\":\"Organization\",\"@id\":\"https:\/\/www.sejourprive.com\/#organization\",\"name\":\"S\u00e9jour Priv\u00e9\",\"url\":\"https:\/\/www.sejourprive.com\/\",\"logo\":{\"@type\":\"ImageObject\",\"inLanguage\":\"en-GB\",\"@id\":\"https:\/\/www.sejourprive.com\/#\/schema\/logo\/image\/\",\"url\":\"https:\/\/www.sejourprive.com\/wp-content\/uploads\/2026\/02\/SP-Apple-touch-144-couleur-1-2.png\",\"contentUrl\":\"https:\/\/www.sejourprive.com\/wp-content\/uploads\/2026\/02\/SP-Apple-touch-144-couleur-1-2.png\",\"width\":145,\"height\":145,\"caption\":\"S\u00e9jour Priv\u00e9\"},\"image\":{\"@id\":\"https:\/\/www.sejourprive.com\/#\/schema\/logo\/image\/\"}}]}<\/script>\n<!-- \/ Yoast SEO plugin. -->","yoast_head_json":{"title":"Domaine des Vignes, Saint- \u00c9tienne-du-Gr\u00e8s, Provence, France - S\u00e9jour Priv\u00e9","description":"Situ\u00e9 dans la r\u00e9gion de Saint-R\u00e9my-de-Provence, Le Domaine des Vignes est le refuge id\u00e9al pour une escapade proven\u00e7ale. Nich\u00e9 \u00e0 l'\u00e9cart de la ville, ce","robots":{"index":"index","follow":"follow","max-snippet":"max-snippet:-1","max-image-preview":"max-image-preview:large","max-video-preview":"max-video-preview:-1"},"canonical":"https:\/\/www.sejourprive.com\/en\/biens\/domaine-des-vignes-saint-etienne-du-gres-provence-france\/","og_locale":"en_GB","og_type":"article","og_title":"Domaine des Vignes, Saint- \u00c9tienne-du-Gr\u00e8s, Provence, France - S\u00e9jour Priv\u00e9","og_description":"Situ\u00e9 dans la r\u00e9gion de Saint-R\u00e9my-de-Provence, Le Domaine des Vignes est le refuge id\u00e9al pour une escapade proven\u00e7ale. Nich\u00e9 \u00e0 l'\u00e9cart de la ville, ce","og_url":"https:\/\/www.sejourprive.com\/en\/biens\/domaine-des-vignes-saint-etienne-du-gres-provence-france\/","og_site_name":"S\u00e9jour Priv\u00e9","og_image":[{"width":1200,"height":800,"url":"https:\/\/www.sejourprive.com\/wp-content\/uploads\/2026\/03\/0-266.jpg","type":"image\/jpeg"}],"twitter_card":"summary_large_image","twitter_misc":{"Estimated reading time":"1 minute"},"schema":{"@context":"https:\/\/schema.org","@graph":[{"@type":"WebPage","@id":"https:\/\/www.sejourprive.com\/biens\/domaine-des-vignes-saint-etienne-du-gres-provence-france\/","url":"https:\/\/www.sejourprive.com\/biens\/domaine-des-vignes-saint-etienne-du-gres-provence-france\/","name":"Domaine des Vignes, Saint- \u00c9tienne-du-Gr\u00e8s, Provence, France - S\u00e9jour Priv\u00e9","isPartOf":{"@id":"https:\/\/www.sejourprive.com\/#website"},"primaryImageOfPage":{"@id":"https:\/\/www.sejourprive.com\/biens\/domaine-des-vignes-saint-etienne-du-gres-provence-france\/#primaryimage"},"image":{"@id":"https:\/\/www.sejourprive.com\/biens\/domaine-des-vignes-saint-etienne-du-gres-provence-france\/#primaryimage"},"thumbnailUrl":"https:\/\/www.sejourprive.com\/wp-content\/uploads\/2026\/03\/0-266.jpg","datePublished":"2026-03-27T15:32:42+00:00","description":"Situ\u00e9 dans la r\u00e9gion de Saint-R\u00e9my-de-Provence, Le Domaine des Vignes est le refuge id\u00e9al pour une escapade proven\u00e7ale. Nich\u00e9 \u00e0 l'\u00e9cart de la ville, ce","breadcrumb":{"@id":"https:\/\/www.sejourprive.com\/biens\/domaine-des-vignes-saint-etienne-du-gres-provence-france\/#breadcrumb"},"inLanguage":"en-GB","potentialAction":[{"@type":"ReadAction","target":["https:\/\/www.sejourprive.com\/biens\/domaine-des-vignes-saint-etienne-du-gres-provence-france\/"]}]},{"@type":"ImageObject","inLanguage":"en-GB","@id":"https:\/\/www.sejourprive.com\/biens\/domaine-des-vignes-saint-etienne-du-gres-provence-france\/#primaryimage","url":"https:\/\/www.sejourprive.com\/wp-content\/uploads\/2026\/03\/0-266.jpg","contentUrl":"https:\/\/www.sejourprive.com\/wp-content\/uploads\/2026\/03\/0-266.jpg","width":1200,"height":800},{"@type":"BreadcrumbList","@id":"https:\/\/www.sejourprive.com\/biens\/domaine-des-vignes-saint-etienne-du-gres-provence-france\/#breadcrumb","itemListElement":[{"@type":"ListItem","position":1,"name":"Accueil","item":"https:\/\/www.sejourprive.com\/"},{"@type":"ListItem","position":2,"name":"Shop","item":"https:\/\/www.sejourprive.com\/shop\/"},{"@type":"ListItem","position":3,"name":"Domaine des Vignes, Saint- \u00c9tienne-du-Gr\u00e8s, Provence, France"}]},{"@type":"WebSite","@id":"https:\/\/www.sejourprive.com\/#website","url":"https:\/\/www.sejourprive.com\/","name":"Private Stay","description":"We design exceptional holidays for you.","publisher":{"@id":"https:\/\/www.sejourprive.com\/#organization"},"potentialAction":[{"@type":"SearchAction","target":{"@type":"EntryPoint","urlTemplate":"https:\/\/www.sejourprive.com\/?s={search_term_string}"},"query-input":{"@type":"PropertyValueSpecification","valueRequired":true,"valueName":"search_term_string"}}],"inLanguage":"en-GB"},{"@type":"Organization","@id":"https:\/\/www.sejourprive.com\/#organization","name":"Private Stay","url":"https:\/\/www.sejourprive.com\/","logo":{"@type":"ImageObject","inLanguage":"en-GB","@id":"https:\/\/www.sejourprive.com\/#\/schema\/logo\/image\/","url":"https:\/\/www.sejourprive.com\/wp-content\/uploads\/2026\/02\/SP-Apple-touch-144-couleur-1-2.png","contentUrl":"https:\/\/www.sejourprive.com\/wp-content\/uploads\/2026\/02\/SP-Apple-touch-144-couleur-1-2.png","width":145,"height":145,"caption":"S\u00e9jour Priv\u00e9"},"image":{"@id":"https:\/\/www.sejourprive.com\/#\/schema\/logo\/image\/"}}]}},"_links":{"self":[{"href":"https:\/\/www.sejourprive.com\/en\/wp-json\/wp\/v2\/product\/53710","targetHints":{"allow":["GET"]}}],"collection":[{"href":"https:\/\/www.sejourprive.com\/en\/wp-json\/wp\/v2\/product"}],"about":[{"href":"https:\/\/www.sejourprive.com\/en\/wp-json\/wp\/v2\/types\/product"}],"replies":[{"embeddable":true,"href":"https:\/\/www.sejourprive.com\/en\/wp-json\/wp\/v2\/comments?post=53710"}],"version-history":[{"count":0,"href":"https:\/\/www.sejourprive.com\/en\/wp-json\/wp\/v2\/product\/53710\/revisions"}],"wp:featuredmedia":[{"embeddable":true,"href":"https:\/\/www.sejourprive.com\/en\/wp-json\/wp\/v2\/media\/53712"}],"wp:attachment":[{"href":"https:\/\/www.sejourprive.com\/en\/wp-json\/wp\/v2\/media?parent=53710"}],"wp:term":[{"taxonomy":"product_brand","embeddable":true,"href":"https:\/\/www.sejourprive.com\/en\/wp-json\/wp\/v2\/product_brand?post=53710"},{"taxonomy":"product_cat","embeddable":true,"href":"https:\/\/www.sejourprive.com\/en\/wp-json\/wp\/v2\/product_cat?post=53710"},{"taxonomy":"product_tag","embeddable":true,"href":"https:\/\/www.sejourprive.com\/en\/wp-json\/wp\/v2\/product_tag?post=53710"}],"curies":[{"name":"wp","href":"https:\/\/api.w.org\/{rel}","templated":true}]}}