{"id":53648,"date":"2026-03-27T16:26:20","date_gmt":"2026-03-27T15:26:20","guid":{"rendered":"https:\/\/www.sejourprive.com\/?post_type=product&#038;p=53648"},"modified":"2026-03-27T16:26:20","modified_gmt":"2026-03-27T15:26:20","slug":"domaine-des-constellations-goult-bonnieux-provence-france","status":"publish","type":"product","link":"https:\/\/www.sejourprive.com\/en\/biens\/domaine-des-constellations-goult-bonnieux-provence-france\/","title":{"rendered":"Domaine des Constellations, Goult, Bonnieux, Provence, France"},"content":{"rendered":"<p>Nich\u00e9 aux abords de la pittoresque ville de Bonnieux, le Domaine des Constellations brille de mille feux au c\u0153ur de la Provence. Ce joyau architectural allie le charme authentique de la r\u00e9gion \u00e0 une touche \u00e9pur\u00e9e et moderne. L&#8217;ext\u00e9rieur, avec ses murs en pierre et ses volets proven\u00e7aux, offre une immersion totale dans le paysage local.<span><div class=\"read-more-wrapper\"><a class=\"read-more-button\" data-target=\"read-more-69f5af21264c2\" data-more-text=\"Read more\" data-less-text=\"Read less\"><span class=\"read-more-text\">Read more<\/span><\/a><div id=\"read-more-69f5af21264c2\" class=\"read-more-content\"> <\/span><\/p>\n<p>\u00c0 l&#8217;int\u00e9rieur, la d\u00e9coration raffin\u00e9e et minimaliste utilise des mat\u00e9riaux naturels tels que le bois et la pierre pour cr\u00e9er une atmosph\u00e8re chaleureuse et apaisante.<\/p>\n<p>Imaginez-vous en train de vous r\u00e9veiller dans l&#8217;une des chambres douillettes du Domaine des Constellations, baign\u00e9es de lumi\u00e8re naturelle. Commencez votre journ\u00e9e par une s\u00e9ance de yoga revigorante au bord de la piscine chauff\u00e9e, tout en admirant la vue sur la campagne environnante. Ensuite, promenez-vous dans le jardin luxuriant pour profiter du calme matinal. Apr\u00e8s un d\u00e9licieux d\u00e9jeuner sur la terrasse ensoleill\u00e9e, d\u00e9tendez-vous au sauna ou faites une partie de p\u00e9tanque entre amis ou en famille. En fin de journ\u00e9e, savourez un barbecue \u00e0 l&#8217;ombre des arbres centenaires, puis terminez la soir\u00e9e en vous relaxant devant la chemin\u00e9e avec un verre de vin local.<\/div><\/div><\/p>","protected":false},"excerpt":{"rendered":"<p>Nich\u00e9 aux abords de la pittoresque ville de Bonnieux, le Domaine des Constellations brille de mille feux au c\u0153ur de&#8230;<\/p>","protected":false},"featured_media":53653,"comment_status":"open","ping_status":"closed","template":"","meta":{"_acf_changed":false},"product_brand":[],"product_cat":[15],"product_tag":[],"class_list":{"0":"post-53648","1":"product","2":"type-product","3":"status-publish","4":"has-post-thumbnail","6":"product_cat-villa","7":"property_location-france","8":"property_location-provence","10":"first","11":"instock","12":"sold-individually","13":"shipping-taxable","14":"purchasable","15":"product-type-simple"},"acf":[],"yoast_head":"<!-- This site is optimized with the Yoast SEO plugin v26.6 - https:\/\/yoast.com\/wordpress\/plugins\/seo\/ -->\n<title>Domaine des Constellations, Goult, Bonnieux, Provence, France - S\u00e9jour Priv\u00e9<\/title>\n<meta name=\"description\" content=\"Nich\u00e9 aux abords de la pittoresque ville de Bonnieux, le Domaine des Constellations brille de mille feux au c\u0153ur de la Provence. Ce joyau architectural\" \/>\n<meta name=\"robots\" content=\"index, follow, max-snippet:-1, max-image-preview:large, max-video-preview:-1\" \/>\n<link rel=\"canonical\" href=\"https:\/\/www.sejourprive.com\/en\/biens\/domaine-des-constellations-goult-bonnieux-provence-france\/\" \/>\n<meta property=\"og:locale\" content=\"en_GB\" \/>\n<meta property=\"og:type\" content=\"article\" \/>\n<meta property=\"og:title\" content=\"Domaine des Constellations, Goult, Bonnieux, Provence, France - S\u00e9jour Priv\u00e9\" \/>\n<meta property=\"og:description\" content=\"Nich\u00e9 aux abords de la pittoresque ville de Bonnieux, le Domaine des Constellations brille de mille feux au c\u0153ur de la Provence. Ce joyau architectural\" \/>\n<meta property=\"og:url\" content=\"https:\/\/www.sejourprive.com\/en\/biens\/domaine-des-constellations-goult-bonnieux-provence-france\/\" \/>\n<meta property=\"og:site_name\" content=\"S\u00e9jour Priv\u00e9\" \/>\n<meta property=\"og:image\" content=\"https:\/\/www.sejourprive.com\/wp-content\/uploads\/2026\/03\/3-272.jpg\" \/>\n\t<meta property=\"og:image:width\" content=\"1200\" \/>\n\t<meta property=\"og:image:height\" content=\"801\" \/>\n\t<meta property=\"og:image:type\" content=\"image\/jpeg\" \/>\n<meta name=\"twitter:card\" content=\"summary_large_image\" \/>\n<meta name=\"twitter:label1\" content=\"Estimated reading time\" \/>\n\t<meta name=\"twitter:data1\" content=\"2 minutes\" \/>\n<script type=\"application\/ld+json\" class=\"yoast-schema-graph\">{\"@context\":\"https:\/\/schema.org\",\"@graph\":[{\"@type\":\"WebPage\",\"@id\":\"https:\/\/www.sejourprive.com\/biens\/domaine-des-constellations-goult-bonnieux-provence-france\/\",\"url\":\"https:\/\/www.sejourprive.com\/biens\/domaine-des-constellations-goult-bonnieux-provence-france\/\",\"name\":\"Domaine des Constellations, Goult, Bonnieux, Provence, France - S\u00e9jour Priv\u00e9\",\"isPartOf\":{\"@id\":\"https:\/\/www.sejourprive.com\/#website\"},\"primaryImageOfPage\":{\"@id\":\"https:\/\/www.sejourprive.com\/biens\/domaine-des-constellations-goult-bonnieux-provence-france\/#primaryimage\"},\"image\":{\"@id\":\"https:\/\/www.sejourprive.com\/biens\/domaine-des-constellations-goult-bonnieux-provence-france\/#primaryimage\"},\"thumbnailUrl\":\"https:\/\/www.sejourprive.com\/wp-content\/uploads\/2026\/03\/3-272.jpg\",\"datePublished\":\"2026-03-27T15:26:20+00:00\",\"description\":\"Nich\u00e9 aux abords de la pittoresque ville de Bonnieux, le Domaine des Constellations brille de mille feux au c\u0153ur de la Provence. Ce joyau architectural\",\"breadcrumb\":{\"@id\":\"https:\/\/www.sejourprive.com\/biens\/domaine-des-constellations-goult-bonnieux-provence-france\/#breadcrumb\"},\"inLanguage\":\"en-GB\",\"potentialAction\":[{\"@type\":\"ReadAction\",\"target\":[\"https:\/\/www.sejourprive.com\/biens\/domaine-des-constellations-goult-bonnieux-provence-france\/\"]}]},{\"@type\":\"ImageObject\",\"inLanguage\":\"en-GB\",\"@id\":\"https:\/\/www.sejourprive.com\/biens\/domaine-des-constellations-goult-bonnieux-provence-france\/#primaryimage\",\"url\":\"https:\/\/www.sejourprive.com\/wp-content\/uploads\/2026\/03\/3-272.jpg\",\"contentUrl\":\"https:\/\/www.sejourprive.com\/wp-content\/uploads\/2026\/03\/3-272.jpg\",\"width\":1200,\"height\":801},{\"@type\":\"BreadcrumbList\",\"@id\":\"https:\/\/www.sejourprive.com\/biens\/domaine-des-constellations-goult-bonnieux-provence-france\/#breadcrumb\",\"itemListElement\":[{\"@type\":\"ListItem\",\"position\":1,\"name\":\"Accueil\",\"item\":\"https:\/\/www.sejourprive.com\/\"},{\"@type\":\"ListItem\",\"position\":2,\"name\":\"Shop\",\"item\":\"https:\/\/www.sejourprive.com\/shop\/\"},{\"@type\":\"ListItem\",\"position\":3,\"name\":\"Domaine des Constellations, Goult, Bonnieux, Provence, France\"}]},{\"@type\":\"WebSite\",\"@id\":\"https:\/\/www.sejourprive.com\/#website\",\"url\":\"https:\/\/www.sejourprive.com\/\",\"name\":\"S\u00e9jour Priv\u00e9\",\"description\":\"Nous imaginons pour vous des s\u00e9jours d\u2019exception.\",\"publisher\":{\"@id\":\"https:\/\/www.sejourprive.com\/#organization\"},\"potentialAction\":[{\"@type\":\"SearchAction\",\"target\":{\"@type\":\"EntryPoint\",\"urlTemplate\":\"https:\/\/www.sejourprive.com\/?s={search_term_string}\"},\"query-input\":{\"@type\":\"PropertyValueSpecification\",\"valueRequired\":true,\"valueName\":\"search_term_string\"}}],\"inLanguage\":\"en-GB\"},{\"@type\":\"Organization\",\"@id\":\"https:\/\/www.sejourprive.com\/#organization\",\"name\":\"S\u00e9jour Priv\u00e9\",\"url\":\"https:\/\/www.sejourprive.com\/\",\"logo\":{\"@type\":\"ImageObject\",\"inLanguage\":\"en-GB\",\"@id\":\"https:\/\/www.sejourprive.com\/#\/schema\/logo\/image\/\",\"url\":\"https:\/\/www.sejourprive.com\/wp-content\/uploads\/2026\/02\/SP-Apple-touch-144-couleur-1-2.png\",\"contentUrl\":\"https:\/\/www.sejourprive.com\/wp-content\/uploads\/2026\/02\/SP-Apple-touch-144-couleur-1-2.png\",\"width\":145,\"height\":145,\"caption\":\"S\u00e9jour Priv\u00e9\"},\"image\":{\"@id\":\"https:\/\/www.sejourprive.com\/#\/schema\/logo\/image\/\"}}]}<\/script>\n<!-- \/ Yoast SEO plugin. -->","yoast_head_json":{"title":"Domaine des Constellations, Goult, Bonnieux, Provence, France - S\u00e9jour Priv\u00e9","description":"Nich\u00e9 aux abords de la pittoresque ville de Bonnieux, le Domaine des Constellations brille de mille feux au c\u0153ur de la Provence. Ce joyau architectural","robots":{"index":"index","follow":"follow","max-snippet":"max-snippet:-1","max-image-preview":"max-image-preview:large","max-video-preview":"max-video-preview:-1"},"canonical":"https:\/\/www.sejourprive.com\/en\/biens\/domaine-des-constellations-goult-bonnieux-provence-france\/","og_locale":"en_GB","og_type":"article","og_title":"Domaine des Constellations, Goult, Bonnieux, Provence, France - S\u00e9jour Priv\u00e9","og_description":"Nich\u00e9 aux abords de la pittoresque ville de Bonnieux, le Domaine des Constellations brille de mille feux au c\u0153ur de la Provence. Ce joyau architectural","og_url":"https:\/\/www.sejourprive.com\/en\/biens\/domaine-des-constellations-goult-bonnieux-provence-france\/","og_site_name":"S\u00e9jour Priv\u00e9","og_image":[{"width":1200,"height":801,"url":"https:\/\/www.sejourprive.com\/wp-content\/uploads\/2026\/03\/3-272.jpg","type":"image\/jpeg"}],"twitter_card":"summary_large_image","twitter_misc":{"Estimated reading time":"2 minutes"},"schema":{"@context":"https:\/\/schema.org","@graph":[{"@type":"WebPage","@id":"https:\/\/www.sejourprive.com\/biens\/domaine-des-constellations-goult-bonnieux-provence-france\/","url":"https:\/\/www.sejourprive.com\/biens\/domaine-des-constellations-goult-bonnieux-provence-france\/","name":"Domaine des Constellations, Goult, Bonnieux, Provence, France - S\u00e9jour Priv\u00e9","isPartOf":{"@id":"https:\/\/www.sejourprive.com\/#website"},"primaryImageOfPage":{"@id":"https:\/\/www.sejourprive.com\/biens\/domaine-des-constellations-goult-bonnieux-provence-france\/#primaryimage"},"image":{"@id":"https:\/\/www.sejourprive.com\/biens\/domaine-des-constellations-goult-bonnieux-provence-france\/#primaryimage"},"thumbnailUrl":"https:\/\/www.sejourprive.com\/wp-content\/uploads\/2026\/03\/3-272.jpg","datePublished":"2026-03-27T15:26:20+00:00","description":"Nich\u00e9 aux abords de la pittoresque ville de Bonnieux, le Domaine des Constellations brille de mille feux au c\u0153ur de la Provence. Ce joyau architectural","breadcrumb":{"@id":"https:\/\/www.sejourprive.com\/biens\/domaine-des-constellations-goult-bonnieux-provence-france\/#breadcrumb"},"inLanguage":"en-GB","potentialAction":[{"@type":"ReadAction","target":["https:\/\/www.sejourprive.com\/biens\/domaine-des-constellations-goult-bonnieux-provence-france\/"]}]},{"@type":"ImageObject","inLanguage":"en-GB","@id":"https:\/\/www.sejourprive.com\/biens\/domaine-des-constellations-goult-bonnieux-provence-france\/#primaryimage","url":"https:\/\/www.sejourprive.com\/wp-content\/uploads\/2026\/03\/3-272.jpg","contentUrl":"https:\/\/www.sejourprive.com\/wp-content\/uploads\/2026\/03\/3-272.jpg","width":1200,"height":801},{"@type":"BreadcrumbList","@id":"https:\/\/www.sejourprive.com\/biens\/domaine-des-constellations-goult-bonnieux-provence-france\/#breadcrumb","itemListElement":[{"@type":"ListItem","position":1,"name":"Accueil","item":"https:\/\/www.sejourprive.com\/"},{"@type":"ListItem","position":2,"name":"Shop","item":"https:\/\/www.sejourprive.com\/shop\/"},{"@type":"ListItem","position":3,"name":"Domaine des Constellations, Goult, Bonnieux, Provence, France"}]},{"@type":"WebSite","@id":"https:\/\/www.sejourprive.com\/#website","url":"https:\/\/www.sejourprive.com\/","name":"Private Stay","description":"We design exceptional holidays for you.","publisher":{"@id":"https:\/\/www.sejourprive.com\/#organization"},"potentialAction":[{"@type":"SearchAction","target":{"@type":"EntryPoint","urlTemplate":"https:\/\/www.sejourprive.com\/?s={search_term_string}"},"query-input":{"@type":"PropertyValueSpecification","valueRequired":true,"valueName":"search_term_string"}}],"inLanguage":"en-GB"},{"@type":"Organization","@id":"https:\/\/www.sejourprive.com\/#organization","name":"Private Stay","url":"https:\/\/www.sejourprive.com\/","logo":{"@type":"ImageObject","inLanguage":"en-GB","@id":"https:\/\/www.sejourprive.com\/#\/schema\/logo\/image\/","url":"https:\/\/www.sejourprive.com\/wp-content\/uploads\/2026\/02\/SP-Apple-touch-144-couleur-1-2.png","contentUrl":"https:\/\/www.sejourprive.com\/wp-content\/uploads\/2026\/02\/SP-Apple-touch-144-couleur-1-2.png","width":145,"height":145,"caption":"S\u00e9jour Priv\u00e9"},"image":{"@id":"https:\/\/www.sejourprive.com\/#\/schema\/logo\/image\/"}}]}},"_links":{"self":[{"href":"https:\/\/www.sejourprive.com\/en\/wp-json\/wp\/v2\/product\/53648","targetHints":{"allow":["GET"]}}],"collection":[{"href":"https:\/\/www.sejourprive.com\/en\/wp-json\/wp\/v2\/product"}],"about":[{"href":"https:\/\/www.sejourprive.com\/en\/wp-json\/wp\/v2\/types\/product"}],"replies":[{"embeddable":true,"href":"https:\/\/www.sejourprive.com\/en\/wp-json\/wp\/v2\/comments?post=53648"}],"version-history":[{"count":0,"href":"https:\/\/www.sejourprive.com\/en\/wp-json\/wp\/v2\/product\/53648\/revisions"}],"wp:featuredmedia":[{"embeddable":true,"href":"https:\/\/www.sejourprive.com\/en\/wp-json\/wp\/v2\/media\/53653"}],"wp:attachment":[{"href":"https:\/\/www.sejourprive.com\/en\/wp-json\/wp\/v2\/media?parent=53648"}],"wp:term":[{"taxonomy":"product_brand","embeddable":true,"href":"https:\/\/www.sejourprive.com\/en\/wp-json\/wp\/v2\/product_brand?post=53648"},{"taxonomy":"product_cat","embeddable":true,"href":"https:\/\/www.sejourprive.com\/en\/wp-json\/wp\/v2\/product_cat?post=53648"},{"taxonomy":"product_tag","embeddable":true,"href":"https:\/\/www.sejourprive.com\/en\/wp-json\/wp\/v2\/product_tag?post=53648"}],"curies":[{"name":"wp","href":"https:\/\/api.w.org\/{rel}","templated":true}]}}