{"id":53449,"date":"2026-03-27T15:43:06","date_gmt":"2026-03-27T14:43:06","guid":{"rendered":"https:\/\/www.sejourprive.com\/?post_type=product&#038;p=53449"},"modified":"2026-03-27T15:43:06","modified_gmt":"2026-03-27T14:43:06","slug":"casa-aria-bonifacio-corse-france","status":"publish","type":"product","link":"https:\/\/www.sejourprive.com\/en\/biens\/casa-aria-bonifacio-corse-france\/","title":{"rendered":"Casa Aria, Bonifacio, Corsica, France"},"content":{"rendered":"<p>Nich\u00e9e au c\u0153ur du prestigieux domaine Sp\u00e9rone, la Casa Aria est un havre de paix luxueux au charme m\u00e9diterran\u00e9en. Ses int\u00e9rieurs \u00e9pur\u00e9s et modernes s&#8217;ouvrent sur un panorama \u00e0 couper le souffle, avec la Sardaigne et les \u00eeles Lavezzi qui scintillent \u00e0 l&#8217;horizon.<span><div class=\"read-more-wrapper\"><a class=\"read-more-button\" data-target=\"read-more-69f3181ae8472\" data-more-text=\"Read more\" data-less-text=\"Read less\"><span class=\"read-more-text\">Read more<\/span><\/a><div id=\"read-more-69f3181ae8472\" class=\"read-more-content\"> <\/span><\/p>\n<p>R\u00e9veillez-vous \u00e0 la douce lumi\u00e8re du matin et savourez un caf\u00e9 raffin\u00e9 dans la salle \u00e0 manger baign\u00e9e de soleil. Faites quelques pas pour plonger dans la piscine aux eaux azur\u00e9es, ou installez-vous sous la pergola pour un moment de s\u00e9r\u00e9nit\u00e9. D\u00e9fiez vos proches sur le parcours de golf voisin de Sp\u00e9rone, puis terminez la journ\u00e9e par des cocktails sur la terrasse, tandis que le soleil se couche dans un feu d&#8217;artifice de couleurs.<\/div><\/div><\/p>","protected":false},"excerpt":{"rendered":"<p>Nich\u00e9e au c\u0153ur du prestigieux domaine Sp\u00e9rone, la Casa Aria est un havre de paix luxueux au charme m\u00e9diterran\u00e9en. Ses&#8230;<\/p>","protected":false},"featured_media":53543,"comment_status":"open","ping_status":"closed","template":"","meta":{"_acf_changed":false},"product_brand":[],"product_cat":[15],"product_tag":[],"class_list":{"0":"post-53449","1":"product","2":"type-product","3":"status-publish","4":"has-post-thumbnail","6":"product_cat-villa","7":"property_location-bonifacio","9":"first","10":"instock","11":"sold-individually","12":"shipping-taxable","13":"purchasable","14":"product-type-simple"},"acf":[],"yoast_head":"<!-- This site is optimized with the Yoast SEO plugin v26.6 - https:\/\/yoast.com\/wordpress\/plugins\/seo\/ -->\n<title>Casa Aria, Bonifacio, Corse, France - S\u00e9jour Priv\u00e9<\/title>\n<meta name=\"description\" content=\"Nich\u00e9e au c\u0153ur du prestigieux domaine Sp\u00e9rone, la Casa Aria est un havre de paix luxueux au charme m\u00e9diterran\u00e9en. Ses int\u00e9rieurs \u00e9pur\u00e9s et modernes\" \/>\n<meta name=\"robots\" content=\"index, follow, max-snippet:-1, max-image-preview:large, max-video-preview:-1\" \/>\n<link rel=\"canonical\" href=\"https:\/\/www.sejourprive.com\/en\/biens\/casa-aria-bonifacio-corse-france\/\" \/>\n<meta property=\"og:locale\" content=\"en_GB\" \/>\n<meta property=\"og:type\" content=\"article\" \/>\n<meta property=\"og:title\" content=\"Casa Aria, Bonifacio, Corse, France - S\u00e9jour Priv\u00e9\" \/>\n<meta property=\"og:description\" content=\"Nich\u00e9e au c\u0153ur du prestigieux domaine Sp\u00e9rone, la Casa Aria est un havre de paix luxueux au charme m\u00e9diterran\u00e9en. Ses int\u00e9rieurs \u00e9pur\u00e9s et modernes\" \/>\n<meta property=\"og:url\" content=\"https:\/\/www.sejourprive.com\/en\/biens\/casa-aria-bonifacio-corse-france\/\" \/>\n<meta property=\"og:site_name\" content=\"S\u00e9jour Priv\u00e9\" \/>\n<meta property=\"og:image\" content=\"https:\/\/www.sejourprive.com\/wp-content\/uploads\/2026\/03\/0-262.jpg\" \/>\n\t<meta property=\"og:image:width\" content=\"1200\" \/>\n\t<meta property=\"og:image:height\" content=\"800\" \/>\n\t<meta property=\"og:image:type\" content=\"image\/jpeg\" \/>\n<meta name=\"twitter:card\" content=\"summary_large_image\" \/>\n<meta name=\"twitter:label1\" content=\"Estimated reading time\" \/>\n\t<meta name=\"twitter:data1\" content=\"1 minute\" \/>\n<script type=\"application\/ld+json\" class=\"yoast-schema-graph\">{\"@context\":\"https:\/\/schema.org\",\"@graph\":[{\"@type\":\"WebPage\",\"@id\":\"https:\/\/www.sejourprive.com\/biens\/casa-aria-bonifacio-corse-france\/\",\"url\":\"https:\/\/www.sejourprive.com\/biens\/casa-aria-bonifacio-corse-france\/\",\"name\":\"Casa Aria, Bonifacio, Corse, France - S\u00e9jour Priv\u00e9\",\"isPartOf\":{\"@id\":\"https:\/\/www.sejourprive.com\/#website\"},\"primaryImageOfPage\":{\"@id\":\"https:\/\/www.sejourprive.com\/biens\/casa-aria-bonifacio-corse-france\/#primaryimage\"},\"image\":{\"@id\":\"https:\/\/www.sejourprive.com\/biens\/casa-aria-bonifacio-corse-france\/#primaryimage\"},\"thumbnailUrl\":\"https:\/\/www.sejourprive.com\/wp-content\/uploads\/2026\/03\/0-262.jpg\",\"datePublished\":\"2026-03-27T14:43:06+00:00\",\"description\":\"Nich\u00e9e au c\u0153ur du prestigieux domaine Sp\u00e9rone, la Casa Aria est un havre de paix luxueux au charme m\u00e9diterran\u00e9en. Ses int\u00e9rieurs \u00e9pur\u00e9s et modernes\",\"breadcrumb\":{\"@id\":\"https:\/\/www.sejourprive.com\/biens\/casa-aria-bonifacio-corse-france\/#breadcrumb\"},\"inLanguage\":\"en-GB\",\"potentialAction\":[{\"@type\":\"ReadAction\",\"target\":[\"https:\/\/www.sejourprive.com\/biens\/casa-aria-bonifacio-corse-france\/\"]}]},{\"@type\":\"ImageObject\",\"inLanguage\":\"en-GB\",\"@id\":\"https:\/\/www.sejourprive.com\/biens\/casa-aria-bonifacio-corse-france\/#primaryimage\",\"url\":\"https:\/\/www.sejourprive.com\/wp-content\/uploads\/2026\/03\/0-262.jpg\",\"contentUrl\":\"https:\/\/www.sejourprive.com\/wp-content\/uploads\/2026\/03\/0-262.jpg\",\"width\":1200,\"height\":800},{\"@type\":\"BreadcrumbList\",\"@id\":\"https:\/\/www.sejourprive.com\/biens\/casa-aria-bonifacio-corse-france\/#breadcrumb\",\"itemListElement\":[{\"@type\":\"ListItem\",\"position\":1,\"name\":\"Accueil\",\"item\":\"https:\/\/www.sejourprive.com\/\"},{\"@type\":\"ListItem\",\"position\":2,\"name\":\"Shop\",\"item\":\"https:\/\/www.sejourprive.com\/shop\/\"},{\"@type\":\"ListItem\",\"position\":3,\"name\":\"Casa Aria, Bonifacio, Corse, France\"}]},{\"@type\":\"WebSite\",\"@id\":\"https:\/\/www.sejourprive.com\/#website\",\"url\":\"https:\/\/www.sejourprive.com\/\",\"name\":\"S\u00e9jour Priv\u00e9\",\"description\":\"Nous imaginons pour vous des s\u00e9jours d\u2019exception.\",\"publisher\":{\"@id\":\"https:\/\/www.sejourprive.com\/#organization\"},\"potentialAction\":[{\"@type\":\"SearchAction\",\"target\":{\"@type\":\"EntryPoint\",\"urlTemplate\":\"https:\/\/www.sejourprive.com\/?s={search_term_string}\"},\"query-input\":{\"@type\":\"PropertyValueSpecification\",\"valueRequired\":true,\"valueName\":\"search_term_string\"}}],\"inLanguage\":\"en-GB\"},{\"@type\":\"Organization\",\"@id\":\"https:\/\/www.sejourprive.com\/#organization\",\"name\":\"S\u00e9jour Priv\u00e9\",\"url\":\"https:\/\/www.sejourprive.com\/\",\"logo\":{\"@type\":\"ImageObject\",\"inLanguage\":\"en-GB\",\"@id\":\"https:\/\/www.sejourprive.com\/#\/schema\/logo\/image\/\",\"url\":\"https:\/\/www.sejourprive.com\/wp-content\/uploads\/2026\/02\/SP-Apple-touch-144-couleur-1-2.png\",\"contentUrl\":\"https:\/\/www.sejourprive.com\/wp-content\/uploads\/2026\/02\/SP-Apple-touch-144-couleur-1-2.png\",\"width\":145,\"height\":145,\"caption\":\"S\u00e9jour Priv\u00e9\"},\"image\":{\"@id\":\"https:\/\/www.sejourprive.com\/#\/schema\/logo\/image\/\"}}]}<\/script>\n<!-- \/ Yoast SEO plugin. -->","yoast_head_json":{"title":"Casa Aria, Bonifacio, Corse, France - S\u00e9jour Priv\u00e9","description":"Nich\u00e9e au c\u0153ur du prestigieux domaine Sp\u00e9rone, la Casa Aria est un havre de paix luxueux au charme m\u00e9diterran\u00e9en. Ses int\u00e9rieurs \u00e9pur\u00e9s et modernes","robots":{"index":"index","follow":"follow","max-snippet":"max-snippet:-1","max-image-preview":"max-image-preview:large","max-video-preview":"max-video-preview:-1"},"canonical":"https:\/\/www.sejourprive.com\/en\/biens\/casa-aria-bonifacio-corse-france\/","og_locale":"en_GB","og_type":"article","og_title":"Casa Aria, Bonifacio, Corse, France - S\u00e9jour Priv\u00e9","og_description":"Nich\u00e9e au c\u0153ur du prestigieux domaine Sp\u00e9rone, la Casa Aria est un havre de paix luxueux au charme m\u00e9diterran\u00e9en. Ses int\u00e9rieurs \u00e9pur\u00e9s et modernes","og_url":"https:\/\/www.sejourprive.com\/en\/biens\/casa-aria-bonifacio-corse-france\/","og_site_name":"S\u00e9jour Priv\u00e9","og_image":[{"width":1200,"height":800,"url":"https:\/\/www.sejourprive.com\/wp-content\/uploads\/2026\/03\/0-262.jpg","type":"image\/jpeg"}],"twitter_card":"summary_large_image","twitter_misc":{"Estimated reading time":"1 minute"},"schema":{"@context":"https:\/\/schema.org","@graph":[{"@type":"WebPage","@id":"https:\/\/www.sejourprive.com\/biens\/casa-aria-bonifacio-corse-france\/","url":"https:\/\/www.sejourprive.com\/biens\/casa-aria-bonifacio-corse-france\/","name":"Casa Aria, Bonifacio, Corse, France - S\u00e9jour Priv\u00e9","isPartOf":{"@id":"https:\/\/www.sejourprive.com\/#website"},"primaryImageOfPage":{"@id":"https:\/\/www.sejourprive.com\/biens\/casa-aria-bonifacio-corse-france\/#primaryimage"},"image":{"@id":"https:\/\/www.sejourprive.com\/biens\/casa-aria-bonifacio-corse-france\/#primaryimage"},"thumbnailUrl":"https:\/\/www.sejourprive.com\/wp-content\/uploads\/2026\/03\/0-262.jpg","datePublished":"2026-03-27T14:43:06+00:00","description":"Nich\u00e9e au c\u0153ur du prestigieux domaine Sp\u00e9rone, la Casa Aria est un havre de paix luxueux au charme m\u00e9diterran\u00e9en. Ses int\u00e9rieurs \u00e9pur\u00e9s et modernes","breadcrumb":{"@id":"https:\/\/www.sejourprive.com\/biens\/casa-aria-bonifacio-corse-france\/#breadcrumb"},"inLanguage":"en-GB","potentialAction":[{"@type":"ReadAction","target":["https:\/\/www.sejourprive.com\/biens\/casa-aria-bonifacio-corse-france\/"]}]},{"@type":"ImageObject","inLanguage":"en-GB","@id":"https:\/\/www.sejourprive.com\/biens\/casa-aria-bonifacio-corse-france\/#primaryimage","url":"https:\/\/www.sejourprive.com\/wp-content\/uploads\/2026\/03\/0-262.jpg","contentUrl":"https:\/\/www.sejourprive.com\/wp-content\/uploads\/2026\/03\/0-262.jpg","width":1200,"height":800},{"@type":"BreadcrumbList","@id":"https:\/\/www.sejourprive.com\/biens\/casa-aria-bonifacio-corse-france\/#breadcrumb","itemListElement":[{"@type":"ListItem","position":1,"name":"Accueil","item":"https:\/\/www.sejourprive.com\/"},{"@type":"ListItem","position":2,"name":"Shop","item":"https:\/\/www.sejourprive.com\/shop\/"},{"@type":"ListItem","position":3,"name":"Casa Aria, Bonifacio, Corse, France"}]},{"@type":"WebSite","@id":"https:\/\/www.sejourprive.com\/#website","url":"https:\/\/www.sejourprive.com\/","name":"Private Stay","description":"We design exceptional holidays for you.","publisher":{"@id":"https:\/\/www.sejourprive.com\/#organization"},"potentialAction":[{"@type":"SearchAction","target":{"@type":"EntryPoint","urlTemplate":"https:\/\/www.sejourprive.com\/?s={search_term_string}"},"query-input":{"@type":"PropertyValueSpecification","valueRequired":true,"valueName":"search_term_string"}}],"inLanguage":"en-GB"},{"@type":"Organization","@id":"https:\/\/www.sejourprive.com\/#organization","name":"Private Stay","url":"https:\/\/www.sejourprive.com\/","logo":{"@type":"ImageObject","inLanguage":"en-GB","@id":"https:\/\/www.sejourprive.com\/#\/schema\/logo\/image\/","url":"https:\/\/www.sejourprive.com\/wp-content\/uploads\/2026\/02\/SP-Apple-touch-144-couleur-1-2.png","contentUrl":"https:\/\/www.sejourprive.com\/wp-content\/uploads\/2026\/02\/SP-Apple-touch-144-couleur-1-2.png","width":145,"height":145,"caption":"S\u00e9jour Priv\u00e9"},"image":{"@id":"https:\/\/www.sejourprive.com\/#\/schema\/logo\/image\/"}}]}},"_links":{"self":[{"href":"https:\/\/www.sejourprive.com\/en\/wp-json\/wp\/v2\/product\/53449","targetHints":{"allow":["GET"]}}],"collection":[{"href":"https:\/\/www.sejourprive.com\/en\/wp-json\/wp\/v2\/product"}],"about":[{"href":"https:\/\/www.sejourprive.com\/en\/wp-json\/wp\/v2\/types\/product"}],"replies":[{"embeddable":true,"href":"https:\/\/www.sejourprive.com\/en\/wp-json\/wp\/v2\/comments?post=53449"}],"version-history":[{"count":0,"href":"https:\/\/www.sejourprive.com\/en\/wp-json\/wp\/v2\/product\/53449\/revisions"}],"wp:featuredmedia":[{"embeddable":true,"href":"https:\/\/www.sejourprive.com\/en\/wp-json\/wp\/v2\/media\/53543"}],"wp:attachment":[{"href":"https:\/\/www.sejourprive.com\/en\/wp-json\/wp\/v2\/media?parent=53449"}],"wp:term":[{"taxonomy":"product_brand","embeddable":true,"href":"https:\/\/www.sejourprive.com\/en\/wp-json\/wp\/v2\/product_brand?post=53449"},{"taxonomy":"product_cat","embeddable":true,"href":"https:\/\/www.sejourprive.com\/en\/wp-json\/wp\/v2\/product_cat?post=53449"},{"taxonomy":"product_tag","embeddable":true,"href":"https:\/\/www.sejourprive.com\/en\/wp-json\/wp\/v2\/product_tag?post=53449"}],"curies":[{"name":"wp","href":"https:\/\/api.w.org\/{rel}","templated":true}]}}