{"id":52849,"date":"2026-03-26T11:18:43","date_gmt":"2026-03-26T10:18:43","guid":{"rendered":"https:\/\/www.sejourprive.com\/?post_type=product&#038;p=52849"},"modified":"2026-03-26T11:18:43","modified_gmt":"2026-03-26T10:18:43","slug":"villa-tozza-lecci-region-de-porto-vecchio-corse","status":"publish","type":"product","link":"https:\/\/www.sejourprive.com\/en\/biens\/villa-tozza-lecci-region-de-porto-vecchio-corse\/","title":{"rendered":"Villa Tozza, Lecci, Porto-Vecchio region, Corsica"},"content":{"rendered":"<p>Just a few minutes from Porto-Vecchio and the beach at Cala Rossa, Villa Tozza is distinguished by its modern architecture, perfectly integrated into the surrounding maquis. Its clean lines and refined design create a serene atmosphere, with outdoor spaces flooded with natural light.<\/p>\n<p><span><div class=\"read-more-wrapper\"><a class=\"read-more-button\" data-target=\"read-more-69f5cc210d4f9\" data-more-text=\"Read more\" data-less-text=\"Read less\"><span class=\"read-more-text\">Read more<\/span><\/a><div id=\"read-more-69f5cc210d4f9\" class=\"read-more-content\"> <\/span>The day begins with a dip in the pool. The shady terrace invites you to enjoy an open-air lunch, before the afternoon continues with a game of p\u00e9tanque under the pine trees or a moment of relaxation in the outdoor lounges, where the tranquillity of the surroundings is a must.<\/div><\/div><\/p>","protected":false},"excerpt":{"rendered":"<p>\u00c0 quelques minutes de Porto-Vecchio et de la plage de Cala Rossa, la Villa Tozza se distingue par son architecture&#8230;<\/p>","protected":false},"featured_media":52938,"comment_status":"open","ping_status":"closed","template":"","meta":{"_acf_changed":false},"product_brand":[],"product_cat":[15],"product_tag":[],"class_list":{"0":"post-52849","1":"product","2":"type-product","3":"status-publish","4":"has-post-thumbnail","6":"product_cat-villa","7":"property_location-corse","8":"property_location-porto-vecchio","10":"first","11":"instock","12":"sold-individually","13":"shipping-taxable","14":"purchasable","15":"product-type-simple"},"acf":[],"yoast_head":"<!-- This site is optimized with the Yoast SEO plugin v26.6 - https:\/\/yoast.com\/wordpress\/plugins\/seo\/ -->\n<title>Villa Tozza, Lecci, R\u00e9gion de Porto-Vecchio, Corse - S\u00e9jour Priv\u00e9<\/title>\n<meta name=\"description\" content=\"\u00c0 quelques minutes de Porto-Vecchio et de la plage de Cala Rossa, la Villa Tozza se distingue par son architecture moderne, parfaitement int\u00e9gr\u00e9e au\" \/>\n<meta name=\"robots\" content=\"index, follow, max-snippet:-1, max-image-preview:large, max-video-preview:-1\" \/>\n<link rel=\"canonical\" href=\"https:\/\/www.sejourprive.com\/en\/biens\/villa-tozza-lecci-region-de-porto-vecchio-corse\/\" \/>\n<meta property=\"og:locale\" content=\"en_GB\" \/>\n<meta property=\"og:type\" content=\"article\" \/>\n<meta property=\"og:title\" content=\"Villa Tozza, Lecci, R\u00e9gion de Porto-Vecchio, Corse - S\u00e9jour Priv\u00e9\" \/>\n<meta property=\"og:description\" content=\"\u00c0 quelques minutes de Porto-Vecchio et de la plage de Cala Rossa, la Villa Tozza se distingue par son architecture moderne, parfaitement int\u00e9gr\u00e9e au\" \/>\n<meta property=\"og:url\" content=\"https:\/\/www.sejourprive.com\/en\/biens\/villa-tozza-lecci-region-de-porto-vecchio-corse\/\" \/>\n<meta property=\"og:site_name\" content=\"S\u00e9jour Priv\u00e9\" \/>\n<meta property=\"og:image\" content=\"https:\/\/www.sejourprive.com\/wp-content\/uploads\/2026\/03\/33-191.jpg\" \/>\n\t<meta property=\"og:image:width\" content=\"1200\" \/>\n\t<meta property=\"og:image:height\" content=\"899\" \/>\n\t<meta property=\"og:image:type\" content=\"image\/jpeg\" \/>\n<meta name=\"twitter:card\" content=\"summary_large_image\" \/>\n<meta name=\"twitter:label1\" content=\"Estimated reading time\" \/>\n\t<meta name=\"twitter:data1\" content=\"1 minute\" \/>\n<script type=\"application\/ld+json\" class=\"yoast-schema-graph\">{\"@context\":\"https:\/\/schema.org\",\"@graph\":[{\"@type\":\"WebPage\",\"@id\":\"https:\/\/www.sejourprive.com\/biens\/villa-tozza-lecci-region-de-porto-vecchio-corse\/\",\"url\":\"https:\/\/www.sejourprive.com\/biens\/villa-tozza-lecci-region-de-porto-vecchio-corse\/\",\"name\":\"Villa Tozza, Lecci, R\u00e9gion de Porto-Vecchio, Corse - S\u00e9jour Priv\u00e9\",\"isPartOf\":{\"@id\":\"https:\/\/www.sejourprive.com\/#website\"},\"primaryImageOfPage\":{\"@id\":\"https:\/\/www.sejourprive.com\/biens\/villa-tozza-lecci-region-de-porto-vecchio-corse\/#primaryimage\"},\"image\":{\"@id\":\"https:\/\/www.sejourprive.com\/biens\/villa-tozza-lecci-region-de-porto-vecchio-corse\/#primaryimage\"},\"thumbnailUrl\":\"https:\/\/www.sejourprive.com\/wp-content\/uploads\/2026\/03\/33-191.jpg\",\"datePublished\":\"2026-03-26T10:18:43+00:00\",\"description\":\"\u00c0 quelques minutes de Porto-Vecchio et de la plage de Cala Rossa, la Villa Tozza se distingue par son architecture moderne, parfaitement int\u00e9gr\u00e9e au\",\"breadcrumb\":{\"@id\":\"https:\/\/www.sejourprive.com\/biens\/villa-tozza-lecci-region-de-porto-vecchio-corse\/#breadcrumb\"},\"inLanguage\":\"en-GB\",\"potentialAction\":[{\"@type\":\"ReadAction\",\"target\":[\"https:\/\/www.sejourprive.com\/biens\/villa-tozza-lecci-region-de-porto-vecchio-corse\/\"]}]},{\"@type\":\"ImageObject\",\"inLanguage\":\"en-GB\",\"@id\":\"https:\/\/www.sejourprive.com\/biens\/villa-tozza-lecci-region-de-porto-vecchio-corse\/#primaryimage\",\"url\":\"https:\/\/www.sejourprive.com\/wp-content\/uploads\/2026\/03\/33-191.jpg\",\"contentUrl\":\"https:\/\/www.sejourprive.com\/wp-content\/uploads\/2026\/03\/33-191.jpg\",\"width\":1200,\"height\":899},{\"@type\":\"BreadcrumbList\",\"@id\":\"https:\/\/www.sejourprive.com\/biens\/villa-tozza-lecci-region-de-porto-vecchio-corse\/#breadcrumb\",\"itemListElement\":[{\"@type\":\"ListItem\",\"position\":1,\"name\":\"Accueil\",\"item\":\"https:\/\/www.sejourprive.com\/\"},{\"@type\":\"ListItem\",\"position\":2,\"name\":\"Shop\",\"item\":\"https:\/\/www.sejourprive.com\/shop\/\"},{\"@type\":\"ListItem\",\"position\":3,\"name\":\"Villa Tozza, Lecci, R\u00e9gion de Porto-Vecchio, Corse\"}]},{\"@type\":\"WebSite\",\"@id\":\"https:\/\/www.sejourprive.com\/#website\",\"url\":\"https:\/\/www.sejourprive.com\/\",\"name\":\"S\u00e9jour Priv\u00e9\",\"description\":\"Nous imaginons pour vous des s\u00e9jours d\u2019exception.\",\"publisher\":{\"@id\":\"https:\/\/www.sejourprive.com\/#organization\"},\"potentialAction\":[{\"@type\":\"SearchAction\",\"target\":{\"@type\":\"EntryPoint\",\"urlTemplate\":\"https:\/\/www.sejourprive.com\/?s={search_term_string}\"},\"query-input\":{\"@type\":\"PropertyValueSpecification\",\"valueRequired\":true,\"valueName\":\"search_term_string\"}}],\"inLanguage\":\"en-GB\"},{\"@type\":\"Organization\",\"@id\":\"https:\/\/www.sejourprive.com\/#organization\",\"name\":\"S\u00e9jour Priv\u00e9\",\"url\":\"https:\/\/www.sejourprive.com\/\",\"logo\":{\"@type\":\"ImageObject\",\"inLanguage\":\"en-GB\",\"@id\":\"https:\/\/www.sejourprive.com\/#\/schema\/logo\/image\/\",\"url\":\"https:\/\/www.sejourprive.com\/wp-content\/uploads\/2026\/02\/SP-Apple-touch-144-couleur-1-2.png\",\"contentUrl\":\"https:\/\/www.sejourprive.com\/wp-content\/uploads\/2026\/02\/SP-Apple-touch-144-couleur-1-2.png\",\"width\":145,\"height\":145,\"caption\":\"S\u00e9jour Priv\u00e9\"},\"image\":{\"@id\":\"https:\/\/www.sejourprive.com\/#\/schema\/logo\/image\/\"}}]}<\/script>\n<!-- \/ Yoast SEO plugin. -->","yoast_head_json":{"title":"Villa Tozza, Lecci, R\u00e9gion de Porto-Vecchio, Corse - S\u00e9jour Priv\u00e9","description":"\u00c0 quelques minutes de Porto-Vecchio et de la plage de Cala Rossa, la Villa Tozza se distingue par son architecture moderne, parfaitement int\u00e9gr\u00e9e au","robots":{"index":"index","follow":"follow","max-snippet":"max-snippet:-1","max-image-preview":"max-image-preview:large","max-video-preview":"max-video-preview:-1"},"canonical":"https:\/\/www.sejourprive.com\/en\/biens\/villa-tozza-lecci-region-de-porto-vecchio-corse\/","og_locale":"en_GB","og_type":"article","og_title":"Villa Tozza, Lecci, R\u00e9gion de Porto-Vecchio, Corse - S\u00e9jour Priv\u00e9","og_description":"\u00c0 quelques minutes de Porto-Vecchio et de la plage de Cala Rossa, la Villa Tozza se distingue par son architecture moderne, parfaitement int\u00e9gr\u00e9e au","og_url":"https:\/\/www.sejourprive.com\/en\/biens\/villa-tozza-lecci-region-de-porto-vecchio-corse\/","og_site_name":"S\u00e9jour Priv\u00e9","og_image":[{"width":1200,"height":899,"url":"https:\/\/www.sejourprive.com\/wp-content\/uploads\/2026\/03\/33-191.jpg","type":"image\/jpeg"}],"twitter_card":"summary_large_image","twitter_misc":{"Estimated reading time":"1 minute"},"schema":{"@context":"https:\/\/schema.org","@graph":[{"@type":"WebPage","@id":"https:\/\/www.sejourprive.com\/biens\/villa-tozza-lecci-region-de-porto-vecchio-corse\/","url":"https:\/\/www.sejourprive.com\/biens\/villa-tozza-lecci-region-de-porto-vecchio-corse\/","name":"Villa Tozza, Lecci, R\u00e9gion de Porto-Vecchio, Corse - S\u00e9jour Priv\u00e9","isPartOf":{"@id":"https:\/\/www.sejourprive.com\/#website"},"primaryImageOfPage":{"@id":"https:\/\/www.sejourprive.com\/biens\/villa-tozza-lecci-region-de-porto-vecchio-corse\/#primaryimage"},"image":{"@id":"https:\/\/www.sejourprive.com\/biens\/villa-tozza-lecci-region-de-porto-vecchio-corse\/#primaryimage"},"thumbnailUrl":"https:\/\/www.sejourprive.com\/wp-content\/uploads\/2026\/03\/33-191.jpg","datePublished":"2026-03-26T10:18:43+00:00","description":"\u00c0 quelques minutes de Porto-Vecchio et de la plage de Cala Rossa, la Villa Tozza se distingue par son architecture moderne, parfaitement int\u00e9gr\u00e9e au","breadcrumb":{"@id":"https:\/\/www.sejourprive.com\/biens\/villa-tozza-lecci-region-de-porto-vecchio-corse\/#breadcrumb"},"inLanguage":"en-GB","potentialAction":[{"@type":"ReadAction","target":["https:\/\/www.sejourprive.com\/biens\/villa-tozza-lecci-region-de-porto-vecchio-corse\/"]}]},{"@type":"ImageObject","inLanguage":"en-GB","@id":"https:\/\/www.sejourprive.com\/biens\/villa-tozza-lecci-region-de-porto-vecchio-corse\/#primaryimage","url":"https:\/\/www.sejourprive.com\/wp-content\/uploads\/2026\/03\/33-191.jpg","contentUrl":"https:\/\/www.sejourprive.com\/wp-content\/uploads\/2026\/03\/33-191.jpg","width":1200,"height":899},{"@type":"BreadcrumbList","@id":"https:\/\/www.sejourprive.com\/biens\/villa-tozza-lecci-region-de-porto-vecchio-corse\/#breadcrumb","itemListElement":[{"@type":"ListItem","position":1,"name":"Accueil","item":"https:\/\/www.sejourprive.com\/"},{"@type":"ListItem","position":2,"name":"Shop","item":"https:\/\/www.sejourprive.com\/shop\/"},{"@type":"ListItem","position":3,"name":"Villa Tozza, Lecci, R\u00e9gion de Porto-Vecchio, Corse"}]},{"@type":"WebSite","@id":"https:\/\/www.sejourprive.com\/#website","url":"https:\/\/www.sejourprive.com\/","name":"Private Stay","description":"We design exceptional holidays for you.","publisher":{"@id":"https:\/\/www.sejourprive.com\/#organization"},"potentialAction":[{"@type":"SearchAction","target":{"@type":"EntryPoint","urlTemplate":"https:\/\/www.sejourprive.com\/?s={search_term_string}"},"query-input":{"@type":"PropertyValueSpecification","valueRequired":true,"valueName":"search_term_string"}}],"inLanguage":"en-GB"},{"@type":"Organization","@id":"https:\/\/www.sejourprive.com\/#organization","name":"Private Stay","url":"https:\/\/www.sejourprive.com\/","logo":{"@type":"ImageObject","inLanguage":"en-GB","@id":"https:\/\/www.sejourprive.com\/#\/schema\/logo\/image\/","url":"https:\/\/www.sejourprive.com\/wp-content\/uploads\/2026\/02\/SP-Apple-touch-144-couleur-1-2.png","contentUrl":"https:\/\/www.sejourprive.com\/wp-content\/uploads\/2026\/02\/SP-Apple-touch-144-couleur-1-2.png","width":145,"height":145,"caption":"S\u00e9jour Priv\u00e9"},"image":{"@id":"https:\/\/www.sejourprive.com\/#\/schema\/logo\/image\/"}}]}},"_links":{"self":[{"href":"https:\/\/www.sejourprive.com\/en\/wp-json\/wp\/v2\/product\/52849","targetHints":{"allow":["GET"]}}],"collection":[{"href":"https:\/\/www.sejourprive.com\/en\/wp-json\/wp\/v2\/product"}],"about":[{"href":"https:\/\/www.sejourprive.com\/en\/wp-json\/wp\/v2\/types\/product"}],"replies":[{"embeddable":true,"href":"https:\/\/www.sejourprive.com\/en\/wp-json\/wp\/v2\/comments?post=52849"}],"version-history":[{"count":0,"href":"https:\/\/www.sejourprive.com\/en\/wp-json\/wp\/v2\/product\/52849\/revisions"}],"wp:featuredmedia":[{"embeddable":true,"href":"https:\/\/www.sejourprive.com\/en\/wp-json\/wp\/v2\/media\/52938"}],"wp:attachment":[{"href":"https:\/\/www.sejourprive.com\/en\/wp-json\/wp\/v2\/media?parent=52849"}],"wp:term":[{"taxonomy":"product_brand","embeddable":true,"href":"https:\/\/www.sejourprive.com\/en\/wp-json\/wp\/v2\/product_brand?post=52849"},{"taxonomy":"product_cat","embeddable":true,"href":"https:\/\/www.sejourprive.com\/en\/wp-json\/wp\/v2\/product_cat?post=52849"},{"taxonomy":"product_tag","embeddable":true,"href":"https:\/\/www.sejourprive.com\/en\/wp-json\/wp\/v2\/product_tag?post=52849"}],"curies":[{"name":"wp","href":"https:\/\/api.w.org\/{rel}","templated":true}]}}