{"id":52368,"date":"2026-03-25T12:37:11","date_gmt":"2026-03-25T11:37:11","guid":{"rendered":"https:\/\/www.sejourprive.com\/?post_type=product&#038;p=52368"},"modified":"2026-03-25T12:37:11","modified_gmt":"2026-03-25T11:37:11","slug":"casa-montarola-lumio-calvi-corse-france","status":"publish","type":"product","link":"https:\/\/www.sejourprive.com\/en\/biens\/casa-montarola-lumio-calvi-corse-france\/","title":{"rendered":"Casa Montarola, Lumio, Calvi, Corsica, France"},"content":{"rendered":"<p>Au c\u0153ur de la Balagne, r\u00e9gion pr\u00e9serv\u00e9e, la Casa Montarola se trouve \u00e0 quelques minutes seulement des plages et de la citadelle de Calvi. Son architecture moderne et baign\u00e9e de lumi\u00e8re s&#8217;ouvre sur une vue imprenable sur la baie.<span><div class=\"read-more-wrapper\"><a class=\"read-more-button\" data-target=\"read-more-69e750076e570\" data-more-text=\"Read more\" data-less-text=\"Read less\"><span class=\"read-more-text\">Read more<\/span><\/a><div id=\"read-more-69e750076e570\" class=\"read-more-content\"> <\/span><\/p>\n<p>Le matin, la terrasse offre un cadre id\u00e9al pour prendre le petit-d\u00e9jeuner sous les premiers rayons du soleil, berc\u00e9 par une douce brise. Apr\u00e8s une baignade rafra\u00eechissante dans la piscine, l&#8217;apr\u00e8s-midi se poursuit par des balades le long de plages paisibles ou la d\u00e9couverte de villages pittoresques, emport\u00e9s par le souffle du vent et le charme de l&#8217;arri\u00e8re-pays.<\/div><\/div><\/p>","protected":false},"excerpt":{"rendered":"<p>Au c\u0153ur de la Balagne, r\u00e9gion pr\u00e9serv\u00e9e, la Casa Montarola se trouve \u00e0 quelques minutes seulement des plages et de&#8230;<\/p>","protected":false},"featured_media":52391,"comment_status":"open","ping_status":"closed","template":"","meta":{"_acf_changed":false},"product_brand":[],"product_cat":[15],"product_tag":[],"class_list":{"0":"post-52368","1":"product","2":"type-product","3":"status-publish","4":"has-post-thumbnail","6":"product_cat-villa","7":"property_location-calvi","9":"first","10":"instock","11":"sold-individually","12":"shipping-taxable","13":"purchasable","14":"product-type-simple"},"acf":[],"yoast_head":"<!-- This site is optimized with the Yoast SEO plugin v26.6 - https:\/\/yoast.com\/wordpress\/plugins\/seo\/ -->\n<title>Casa Montarola, Lumio, Calvi, Corse, France - S\u00e9jour Priv\u00e9<\/title>\n<meta name=\"description\" content=\"Au c\u0153ur de la Balagne, r\u00e9gion pr\u00e9serv\u00e9e, la Casa Montarola se trouve \u00e0 quelques minutes seulement des plages et de la citadelle de Calvi. Son architecture\" \/>\n<meta name=\"robots\" content=\"index, follow, max-snippet:-1, max-image-preview:large, max-video-preview:-1\" \/>\n<link rel=\"canonical\" href=\"https:\/\/www.sejourprive.com\/en\/biens\/casa-montarola-lumio-calvi-corse-france\/\" \/>\n<meta property=\"og:locale\" content=\"en_GB\" \/>\n<meta property=\"og:type\" content=\"article\" \/>\n<meta property=\"og:title\" content=\"Casa Montarola, Lumio, Calvi, Corse, France - S\u00e9jour Priv\u00e9\" \/>\n<meta property=\"og:description\" content=\"Au c\u0153ur de la Balagne, r\u00e9gion pr\u00e9serv\u00e9e, la Casa Montarola se trouve \u00e0 quelques minutes seulement des plages et de la citadelle de Calvi. Son architecture\" \/>\n<meta property=\"og:url\" content=\"https:\/\/www.sejourprive.com\/en\/biens\/casa-montarola-lumio-calvi-corse-france\/\" \/>\n<meta property=\"og:site_name\" content=\"S\u00e9jour Priv\u00e9\" \/>\n<meta property=\"og:image\" content=\"https:\/\/www.sejourprive.com\/wp-content\/uploads\/2026\/03\/0-14-1024x641.png\" \/>\n\t<meta property=\"og:image:width\" content=\"1024\" \/>\n\t<meta property=\"og:image:height\" content=\"641\" \/>\n\t<meta property=\"og:image:type\" content=\"image\/png\" \/>\n<meta name=\"twitter:card\" content=\"summary_large_image\" \/>\n<meta name=\"twitter:label1\" content=\"Estimated reading time\" \/>\n\t<meta name=\"twitter:data1\" content=\"1 minute\" \/>\n<script type=\"application\/ld+json\" class=\"yoast-schema-graph\">{\"@context\":\"https:\/\/schema.org\",\"@graph\":[{\"@type\":\"WebPage\",\"@id\":\"https:\/\/www.sejourprive.com\/biens\/casa-montarola-lumio-calvi-corse-france\/\",\"url\":\"https:\/\/www.sejourprive.com\/biens\/casa-montarola-lumio-calvi-corse-france\/\",\"name\":\"Casa Montarola, Lumio, Calvi, Corse, France - S\u00e9jour Priv\u00e9\",\"isPartOf\":{\"@id\":\"https:\/\/www.sejourprive.com\/#website\"},\"primaryImageOfPage\":{\"@id\":\"https:\/\/www.sejourprive.com\/biens\/casa-montarola-lumio-calvi-corse-france\/#primaryimage\"},\"image\":{\"@id\":\"https:\/\/www.sejourprive.com\/biens\/casa-montarola-lumio-calvi-corse-france\/#primaryimage\"},\"thumbnailUrl\":\"https:\/\/www.sejourprive.com\/wp-content\/uploads\/2026\/03\/0-14.png\",\"datePublished\":\"2026-03-25T11:37:11+00:00\",\"description\":\"Au c\u0153ur de la Balagne, r\u00e9gion pr\u00e9serv\u00e9e, la Casa Montarola se trouve \u00e0 quelques minutes seulement des plages et de la citadelle de Calvi. Son architecture\",\"breadcrumb\":{\"@id\":\"https:\/\/www.sejourprive.com\/biens\/casa-montarola-lumio-calvi-corse-france\/#breadcrumb\"},\"inLanguage\":\"en-GB\",\"potentialAction\":[{\"@type\":\"ReadAction\",\"target\":[\"https:\/\/www.sejourprive.com\/biens\/casa-montarola-lumio-calvi-corse-france\/\"]}]},{\"@type\":\"ImageObject\",\"inLanguage\":\"en-GB\",\"@id\":\"https:\/\/www.sejourprive.com\/biens\/casa-montarola-lumio-calvi-corse-france\/#primaryimage\",\"url\":\"https:\/\/www.sejourprive.com\/wp-content\/uploads\/2026\/03\/0-14.png\",\"contentUrl\":\"https:\/\/www.sejourprive.com\/wp-content\/uploads\/2026\/03\/0-14.png\",\"width\":1200,\"height\":751},{\"@type\":\"BreadcrumbList\",\"@id\":\"https:\/\/www.sejourprive.com\/biens\/casa-montarola-lumio-calvi-corse-france\/#breadcrumb\",\"itemListElement\":[{\"@type\":\"ListItem\",\"position\":1,\"name\":\"Accueil\",\"item\":\"https:\/\/www.sejourprive.com\/\"},{\"@type\":\"ListItem\",\"position\":2,\"name\":\"Shop\",\"item\":\"https:\/\/www.sejourprive.com\/shop\/\"},{\"@type\":\"ListItem\",\"position\":3,\"name\":\"Casa Montarola, Lumio, Calvi, Corse, France\"}]},{\"@type\":\"WebSite\",\"@id\":\"https:\/\/www.sejourprive.com\/#website\",\"url\":\"https:\/\/www.sejourprive.com\/\",\"name\":\"S\u00e9jour Priv\u00e9\",\"description\":\"Nous imaginons pour vous des s\u00e9jours d\u2019exception.\",\"publisher\":{\"@id\":\"https:\/\/www.sejourprive.com\/#organization\"},\"potentialAction\":[{\"@type\":\"SearchAction\",\"target\":{\"@type\":\"EntryPoint\",\"urlTemplate\":\"https:\/\/www.sejourprive.com\/?s={search_term_string}\"},\"query-input\":{\"@type\":\"PropertyValueSpecification\",\"valueRequired\":true,\"valueName\":\"search_term_string\"}}],\"inLanguage\":\"en-GB\"},{\"@type\":\"Organization\",\"@id\":\"https:\/\/www.sejourprive.com\/#organization\",\"name\":\"S\u00e9jour Priv\u00e9\",\"url\":\"https:\/\/www.sejourprive.com\/\",\"logo\":{\"@type\":\"ImageObject\",\"inLanguage\":\"en-GB\",\"@id\":\"https:\/\/www.sejourprive.com\/#\/schema\/logo\/image\/\",\"url\":\"https:\/\/www.sejourprive.com\/wp-content\/uploads\/2026\/02\/SP-Apple-touch-144-couleur-1-2.png\",\"contentUrl\":\"https:\/\/www.sejourprive.com\/wp-content\/uploads\/2026\/02\/SP-Apple-touch-144-couleur-1-2.png\",\"width\":145,\"height\":145,\"caption\":\"S\u00e9jour Priv\u00e9\"},\"image\":{\"@id\":\"https:\/\/www.sejourprive.com\/#\/schema\/logo\/image\/\"}}]}<\/script>\n<!-- \/ Yoast SEO plugin. -->","yoast_head_json":{"title":"Casa Montarola, Lumio, Calvi, Corse, France - S\u00e9jour Priv\u00e9","description":"Au c\u0153ur de la Balagne, r\u00e9gion pr\u00e9serv\u00e9e, la Casa Montarola se trouve \u00e0 quelques minutes seulement des plages et de la citadelle de Calvi. Son architecture","robots":{"index":"index","follow":"follow","max-snippet":"max-snippet:-1","max-image-preview":"max-image-preview:large","max-video-preview":"max-video-preview:-1"},"canonical":"https:\/\/www.sejourprive.com\/en\/biens\/casa-montarola-lumio-calvi-corse-france\/","og_locale":"en_GB","og_type":"article","og_title":"Casa Montarola, Lumio, Calvi, Corse, France - S\u00e9jour Priv\u00e9","og_description":"Au c\u0153ur de la Balagne, r\u00e9gion pr\u00e9serv\u00e9e, la Casa Montarola se trouve \u00e0 quelques minutes seulement des plages et de la citadelle de Calvi. Son architecture","og_url":"https:\/\/www.sejourprive.com\/en\/biens\/casa-montarola-lumio-calvi-corse-france\/","og_site_name":"S\u00e9jour Priv\u00e9","og_image":[{"width":1024,"height":641,"url":"https:\/\/www.sejourprive.com\/wp-content\/uploads\/2026\/03\/0-14-1024x641.png","type":"image\/png"}],"twitter_card":"summary_large_image","twitter_misc":{"Estimated reading time":"1 minute"},"schema":{"@context":"https:\/\/schema.org","@graph":[{"@type":"WebPage","@id":"https:\/\/www.sejourprive.com\/biens\/casa-montarola-lumio-calvi-corse-france\/","url":"https:\/\/www.sejourprive.com\/biens\/casa-montarola-lumio-calvi-corse-france\/","name":"Casa Montarola, Lumio, Calvi, Corse, France - S\u00e9jour Priv\u00e9","isPartOf":{"@id":"https:\/\/www.sejourprive.com\/#website"},"primaryImageOfPage":{"@id":"https:\/\/www.sejourprive.com\/biens\/casa-montarola-lumio-calvi-corse-france\/#primaryimage"},"image":{"@id":"https:\/\/www.sejourprive.com\/biens\/casa-montarola-lumio-calvi-corse-france\/#primaryimage"},"thumbnailUrl":"https:\/\/www.sejourprive.com\/wp-content\/uploads\/2026\/03\/0-14.png","datePublished":"2026-03-25T11:37:11+00:00","description":"Au c\u0153ur de la Balagne, r\u00e9gion pr\u00e9serv\u00e9e, la Casa Montarola se trouve \u00e0 quelques minutes seulement des plages et de la citadelle de Calvi. Son architecture","breadcrumb":{"@id":"https:\/\/www.sejourprive.com\/biens\/casa-montarola-lumio-calvi-corse-france\/#breadcrumb"},"inLanguage":"en-GB","potentialAction":[{"@type":"ReadAction","target":["https:\/\/www.sejourprive.com\/biens\/casa-montarola-lumio-calvi-corse-france\/"]}]},{"@type":"ImageObject","inLanguage":"en-GB","@id":"https:\/\/www.sejourprive.com\/biens\/casa-montarola-lumio-calvi-corse-france\/#primaryimage","url":"https:\/\/www.sejourprive.com\/wp-content\/uploads\/2026\/03\/0-14.png","contentUrl":"https:\/\/www.sejourprive.com\/wp-content\/uploads\/2026\/03\/0-14.png","width":1200,"height":751},{"@type":"BreadcrumbList","@id":"https:\/\/www.sejourprive.com\/biens\/casa-montarola-lumio-calvi-corse-france\/#breadcrumb","itemListElement":[{"@type":"ListItem","position":1,"name":"Accueil","item":"https:\/\/www.sejourprive.com\/"},{"@type":"ListItem","position":2,"name":"Shop","item":"https:\/\/www.sejourprive.com\/shop\/"},{"@type":"ListItem","position":3,"name":"Casa Montarola, Lumio, Calvi, Corse, France"}]},{"@type":"WebSite","@id":"https:\/\/www.sejourprive.com\/#website","url":"https:\/\/www.sejourprive.com\/","name":"Private Stay","description":"We design exceptional holidays for you.","publisher":{"@id":"https:\/\/www.sejourprive.com\/#organization"},"potentialAction":[{"@type":"SearchAction","target":{"@type":"EntryPoint","urlTemplate":"https:\/\/www.sejourprive.com\/?s={search_term_string}"},"query-input":{"@type":"PropertyValueSpecification","valueRequired":true,"valueName":"search_term_string"}}],"inLanguage":"en-GB"},{"@type":"Organization","@id":"https:\/\/www.sejourprive.com\/#organization","name":"Private Stay","url":"https:\/\/www.sejourprive.com\/","logo":{"@type":"ImageObject","inLanguage":"en-GB","@id":"https:\/\/www.sejourprive.com\/#\/schema\/logo\/image\/","url":"https:\/\/www.sejourprive.com\/wp-content\/uploads\/2026\/02\/SP-Apple-touch-144-couleur-1-2.png","contentUrl":"https:\/\/www.sejourprive.com\/wp-content\/uploads\/2026\/02\/SP-Apple-touch-144-couleur-1-2.png","width":145,"height":145,"caption":"S\u00e9jour Priv\u00e9"},"image":{"@id":"https:\/\/www.sejourprive.com\/#\/schema\/logo\/image\/"}}]}},"_links":{"self":[{"href":"https:\/\/www.sejourprive.com\/en\/wp-json\/wp\/v2\/product\/52368","targetHints":{"allow":["GET"]}}],"collection":[{"href":"https:\/\/www.sejourprive.com\/en\/wp-json\/wp\/v2\/product"}],"about":[{"href":"https:\/\/www.sejourprive.com\/en\/wp-json\/wp\/v2\/types\/product"}],"replies":[{"embeddable":true,"href":"https:\/\/www.sejourprive.com\/en\/wp-json\/wp\/v2\/comments?post=52368"}],"version-history":[{"count":0,"href":"https:\/\/www.sejourprive.com\/en\/wp-json\/wp\/v2\/product\/52368\/revisions"}],"wp:featuredmedia":[{"embeddable":true,"href":"https:\/\/www.sejourprive.com\/en\/wp-json\/wp\/v2\/media\/52391"}],"wp:attachment":[{"href":"https:\/\/www.sejourprive.com\/en\/wp-json\/wp\/v2\/media?parent=52368"}],"wp:term":[{"taxonomy":"product_brand","embeddable":true,"href":"https:\/\/www.sejourprive.com\/en\/wp-json\/wp\/v2\/product_brand?post=52368"},{"taxonomy":"product_cat","embeddable":true,"href":"https:\/\/www.sejourprive.com\/en\/wp-json\/wp\/v2\/product_cat?post=52368"},{"taxonomy":"product_tag","embeddable":true,"href":"https:\/\/www.sejourprive.com\/en\/wp-json\/wp\/v2\/product_tag?post=52368"}],"curies":[{"name":"wp","href":"https:\/\/api.w.org\/{rel}","templated":true}]}}