{"id":52343,"date":"2026-03-25T12:25:20","date_gmt":"2026-03-25T11:25:20","guid":{"rendered":"https:\/\/www.sejourprive.com\/?post_type=product&#038;p=52343"},"modified":"2026-03-25T12:26:21","modified_gmt":"2026-03-25T11:26:21","slug":"casa-lucia-saint-florent-corse","status":"publish","type":"product","link":"https:\/\/www.sejourprive.com\/en\/biens\/casa-lucia-saint-florent-corse\/","title":{"rendered":"Casa Lucia, Saint-Florent, Corsica"},"content":{"rendered":"<p>On the tranquil shores of north-west Corsica, at the entrance to the port of Saint-Florent, Casa Lucia stretches out elegantly in the heart of a verdant estate of over fifteen hectares, with breathtaking views over the wild contours of Cap Corse.<\/p>\n<p><span><div class=\"read-more-wrapper\"><a class=\"read-more-button\" data-target=\"read-more-69e564bb11323\" data-more-text=\"Read more\" data-less-text=\"Read less\"><span class=\"read-more-text\">Read more<\/span><\/a><div id=\"read-more-69e564bb11323\" class=\"read-more-content\"> <\/span>Au lever du jour, une promenade matinale entre les oliviers, le parfum du maquis dans l\u2019air. La lumi\u00e8re douce \u00e9claire le court de tennis, o\u00f9 une partie amicale s\u2019engage sous les rayons du matin, avant une baignade tranquille dans la piscine aux eaux cristallines. L\u2019apr\u00e8s-midi se d\u00e9roule au rythme de l&#8217;instant, entre d\u00e9tente sous les pins ou d\u00e9jeuner en famille face \u00e0 l\u2019horizon, la brise marine apportant une touche de s\u00e9r\u00e9nit\u00e9.<\/div><\/div><\/p>","protected":false},"excerpt":{"rendered":"<p>Sur les rives tranquilles du nord-ouest de la Corse, \u00e0 l\u2019entr\u00e9e du port de Saint-Florent, la Casa Lucia s\u2019\u00e9tend avec&#8230;<\/p>","protected":false},"featured_media":52436,"comment_status":"open","ping_status":"closed","template":"","meta":{"_acf_changed":false},"product_brand":[],"product_cat":[15],"product_tag":[],"class_list":{"0":"post-52343","1":"product","2":"type-product","3":"status-publish","4":"has-post-thumbnail","6":"product_cat-villa","7":"property_location-corse","8":"property_location-ile-rousse","10":"first","11":"instock","12":"sold-individually","13":"shipping-taxable","14":"purchasable","15":"product-type-simple"},"acf":[],"yoast_head":"<!-- This site is optimized with the Yoast SEO plugin v26.6 - https:\/\/yoast.com\/wordpress\/plugins\/seo\/ -->\n<title>Casa Lucia, Saint-Florent, Corse - S\u00e9jour Priv\u00e9<\/title>\n<meta name=\"description\" content=\"Sur les rives tranquilles du nord-ouest de la Corse, \u00e0 l\u2019entr\u00e9e du port de Saint-Florent, la Casa Lucia s\u2019\u00e9tend avec \u00e9l\u00e9gance au c\u0153ur d\u2019un domaine\" \/>\n<meta name=\"robots\" content=\"index, follow, max-snippet:-1, max-image-preview:large, max-video-preview:-1\" \/>\n<link rel=\"canonical\" href=\"https:\/\/www.sejourprive.com\/en\/biens\/casa-lucia-saint-florent-corse\/\" \/>\n<meta property=\"og:locale\" content=\"en_GB\" \/>\n<meta property=\"og:type\" content=\"article\" \/>\n<meta property=\"og:title\" content=\"Casa Lucia, Saint-Florent, Corse - S\u00e9jour Priv\u00e9\" \/>\n<meta property=\"og:description\" content=\"Sur les rives tranquilles du nord-ouest de la Corse, \u00e0 l\u2019entr\u00e9e du port de Saint-Florent, la Casa Lucia s\u2019\u00e9tend avec \u00e9l\u00e9gance au c\u0153ur d\u2019un domaine\" \/>\n<meta property=\"og:url\" content=\"https:\/\/www.sejourprive.com\/en\/biens\/casa-lucia-saint-florent-corse\/\" \/>\n<meta property=\"og:site_name\" content=\"S\u00e9jour Priv\u00e9\" \/>\n<meta property=\"article:modified_time\" content=\"2026-03-25T11:26:21+00:00\" \/>\n<meta property=\"og:image\" content=\"https:\/\/www.sejourprive.com\/wp-content\/uploads\/2026\/03\/37-138.jpg\" \/>\n\t<meta property=\"og:image:width\" content=\"1200\" \/>\n\t<meta property=\"og:image:height\" content=\"800\" \/>\n\t<meta property=\"og:image:type\" content=\"image\/jpeg\" \/>\n<meta name=\"twitter:card\" content=\"summary_large_image\" \/>\n<meta name=\"twitter:label1\" content=\"Estimated reading time\" \/>\n\t<meta name=\"twitter:data1\" content=\"1 minute\" \/>\n<script type=\"application\/ld+json\" class=\"yoast-schema-graph\">{\"@context\":\"https:\/\/schema.org\",\"@graph\":[{\"@type\":\"WebPage\",\"@id\":\"https:\/\/www.sejourprive.com\/biens\/casa-lucia-saint-florent-corse\/\",\"url\":\"https:\/\/www.sejourprive.com\/biens\/casa-lucia-saint-florent-corse\/\",\"name\":\"Casa Lucia, Saint-Florent, Corse - S\u00e9jour Priv\u00e9\",\"isPartOf\":{\"@id\":\"https:\/\/www.sejourprive.com\/#website\"},\"primaryImageOfPage\":{\"@id\":\"https:\/\/www.sejourprive.com\/biens\/casa-lucia-saint-florent-corse\/#primaryimage\"},\"image\":{\"@id\":\"https:\/\/www.sejourprive.com\/biens\/casa-lucia-saint-florent-corse\/#primaryimage\"},\"thumbnailUrl\":\"https:\/\/www.sejourprive.com\/wp-content\/uploads\/2026\/03\/37-138.jpg\",\"datePublished\":\"2026-03-25T11:25:20+00:00\",\"dateModified\":\"2026-03-25T11:26:21+00:00\",\"description\":\"Sur les rives tranquilles du nord-ouest de la Corse, \u00e0 l\u2019entr\u00e9e du port de Saint-Florent, la Casa Lucia s\u2019\u00e9tend avec \u00e9l\u00e9gance au c\u0153ur d\u2019un domaine\",\"breadcrumb\":{\"@id\":\"https:\/\/www.sejourprive.com\/biens\/casa-lucia-saint-florent-corse\/#breadcrumb\"},\"inLanguage\":\"en-GB\",\"potentialAction\":[{\"@type\":\"ReadAction\",\"target\":[\"https:\/\/www.sejourprive.com\/biens\/casa-lucia-saint-florent-corse\/\"]}]},{\"@type\":\"ImageObject\",\"inLanguage\":\"en-GB\",\"@id\":\"https:\/\/www.sejourprive.com\/biens\/casa-lucia-saint-florent-corse\/#primaryimage\",\"url\":\"https:\/\/www.sejourprive.com\/wp-content\/uploads\/2026\/03\/37-138.jpg\",\"contentUrl\":\"https:\/\/www.sejourprive.com\/wp-content\/uploads\/2026\/03\/37-138.jpg\",\"width\":1200,\"height\":800},{\"@type\":\"BreadcrumbList\",\"@id\":\"https:\/\/www.sejourprive.com\/biens\/casa-lucia-saint-florent-corse\/#breadcrumb\",\"itemListElement\":[{\"@type\":\"ListItem\",\"position\":1,\"name\":\"Accueil\",\"item\":\"https:\/\/www.sejourprive.com\/\"},{\"@type\":\"ListItem\",\"position\":2,\"name\":\"Shop\",\"item\":\"https:\/\/www.sejourprive.com\/shop\/\"},{\"@type\":\"ListItem\",\"position\":3,\"name\":\"Casa Lucia, Saint-Florent, Corse\"}]},{\"@type\":\"WebSite\",\"@id\":\"https:\/\/www.sejourprive.com\/#website\",\"url\":\"https:\/\/www.sejourprive.com\/\",\"name\":\"S\u00e9jour Priv\u00e9\",\"description\":\"Nous imaginons pour vous des s\u00e9jours d\u2019exception.\",\"publisher\":{\"@id\":\"https:\/\/www.sejourprive.com\/#organization\"},\"potentialAction\":[{\"@type\":\"SearchAction\",\"target\":{\"@type\":\"EntryPoint\",\"urlTemplate\":\"https:\/\/www.sejourprive.com\/?s={search_term_string}\"},\"query-input\":{\"@type\":\"PropertyValueSpecification\",\"valueRequired\":true,\"valueName\":\"search_term_string\"}}],\"inLanguage\":\"en-GB\"},{\"@type\":\"Organization\",\"@id\":\"https:\/\/www.sejourprive.com\/#organization\",\"name\":\"S\u00e9jour Priv\u00e9\",\"url\":\"https:\/\/www.sejourprive.com\/\",\"logo\":{\"@type\":\"ImageObject\",\"inLanguage\":\"en-GB\",\"@id\":\"https:\/\/www.sejourprive.com\/#\/schema\/logo\/image\/\",\"url\":\"https:\/\/www.sejourprive.com\/wp-content\/uploads\/2026\/02\/SP-Apple-touch-144-couleur-1-2.png\",\"contentUrl\":\"https:\/\/www.sejourprive.com\/wp-content\/uploads\/2026\/02\/SP-Apple-touch-144-couleur-1-2.png\",\"width\":145,\"height\":145,\"caption\":\"S\u00e9jour Priv\u00e9\"},\"image\":{\"@id\":\"https:\/\/www.sejourprive.com\/#\/schema\/logo\/image\/\"}}]}<\/script>\n<!-- \/ Yoast SEO plugin. -->","yoast_head_json":{"title":"Casa Lucia, Saint-Florent, Corse - S\u00e9jour Priv\u00e9","description":"Sur les rives tranquilles du nord-ouest de la Corse, \u00e0 l\u2019entr\u00e9e du port de Saint-Florent, la Casa Lucia s\u2019\u00e9tend avec \u00e9l\u00e9gance au c\u0153ur d\u2019un domaine","robots":{"index":"index","follow":"follow","max-snippet":"max-snippet:-1","max-image-preview":"max-image-preview:large","max-video-preview":"max-video-preview:-1"},"canonical":"https:\/\/www.sejourprive.com\/en\/biens\/casa-lucia-saint-florent-corse\/","og_locale":"en_GB","og_type":"article","og_title":"Casa Lucia, Saint-Florent, Corse - S\u00e9jour Priv\u00e9","og_description":"Sur les rives tranquilles du nord-ouest de la Corse, \u00e0 l\u2019entr\u00e9e du port de Saint-Florent, la Casa Lucia s\u2019\u00e9tend avec \u00e9l\u00e9gance au c\u0153ur d\u2019un domaine","og_url":"https:\/\/www.sejourprive.com\/en\/biens\/casa-lucia-saint-florent-corse\/","og_site_name":"S\u00e9jour Priv\u00e9","article_modified_time":"2026-03-25T11:26:21+00:00","og_image":[{"width":1200,"height":800,"url":"https:\/\/www.sejourprive.com\/wp-content\/uploads\/2026\/03\/37-138.jpg","type":"image\/jpeg"}],"twitter_card":"summary_large_image","twitter_misc":{"Estimated reading time":"1 minute"},"schema":{"@context":"https:\/\/schema.org","@graph":[{"@type":"WebPage","@id":"https:\/\/www.sejourprive.com\/biens\/casa-lucia-saint-florent-corse\/","url":"https:\/\/www.sejourprive.com\/biens\/casa-lucia-saint-florent-corse\/","name":"Casa Lucia, Saint-Florent, Corse - S\u00e9jour Priv\u00e9","isPartOf":{"@id":"https:\/\/www.sejourprive.com\/#website"},"primaryImageOfPage":{"@id":"https:\/\/www.sejourprive.com\/biens\/casa-lucia-saint-florent-corse\/#primaryimage"},"image":{"@id":"https:\/\/www.sejourprive.com\/biens\/casa-lucia-saint-florent-corse\/#primaryimage"},"thumbnailUrl":"https:\/\/www.sejourprive.com\/wp-content\/uploads\/2026\/03\/37-138.jpg","datePublished":"2026-03-25T11:25:20+00:00","dateModified":"2026-03-25T11:26:21+00:00","description":"Sur les rives tranquilles du nord-ouest de la Corse, \u00e0 l\u2019entr\u00e9e du port de Saint-Florent, la Casa Lucia s\u2019\u00e9tend avec \u00e9l\u00e9gance au c\u0153ur d\u2019un domaine","breadcrumb":{"@id":"https:\/\/www.sejourprive.com\/biens\/casa-lucia-saint-florent-corse\/#breadcrumb"},"inLanguage":"en-GB","potentialAction":[{"@type":"ReadAction","target":["https:\/\/www.sejourprive.com\/biens\/casa-lucia-saint-florent-corse\/"]}]},{"@type":"ImageObject","inLanguage":"en-GB","@id":"https:\/\/www.sejourprive.com\/biens\/casa-lucia-saint-florent-corse\/#primaryimage","url":"https:\/\/www.sejourprive.com\/wp-content\/uploads\/2026\/03\/37-138.jpg","contentUrl":"https:\/\/www.sejourprive.com\/wp-content\/uploads\/2026\/03\/37-138.jpg","width":1200,"height":800},{"@type":"BreadcrumbList","@id":"https:\/\/www.sejourprive.com\/biens\/casa-lucia-saint-florent-corse\/#breadcrumb","itemListElement":[{"@type":"ListItem","position":1,"name":"Accueil","item":"https:\/\/www.sejourprive.com\/"},{"@type":"ListItem","position":2,"name":"Shop","item":"https:\/\/www.sejourprive.com\/shop\/"},{"@type":"ListItem","position":3,"name":"Casa Lucia, Saint-Florent, Corse"}]},{"@type":"WebSite","@id":"https:\/\/www.sejourprive.com\/#website","url":"https:\/\/www.sejourprive.com\/","name":"Private Stay","description":"We design exceptional holidays for you.","publisher":{"@id":"https:\/\/www.sejourprive.com\/#organization"},"potentialAction":[{"@type":"SearchAction","target":{"@type":"EntryPoint","urlTemplate":"https:\/\/www.sejourprive.com\/?s={search_term_string}"},"query-input":{"@type":"PropertyValueSpecification","valueRequired":true,"valueName":"search_term_string"}}],"inLanguage":"en-GB"},{"@type":"Organization","@id":"https:\/\/www.sejourprive.com\/#organization","name":"Private Stay","url":"https:\/\/www.sejourprive.com\/","logo":{"@type":"ImageObject","inLanguage":"en-GB","@id":"https:\/\/www.sejourprive.com\/#\/schema\/logo\/image\/","url":"https:\/\/www.sejourprive.com\/wp-content\/uploads\/2026\/02\/SP-Apple-touch-144-couleur-1-2.png","contentUrl":"https:\/\/www.sejourprive.com\/wp-content\/uploads\/2026\/02\/SP-Apple-touch-144-couleur-1-2.png","width":145,"height":145,"caption":"S\u00e9jour Priv\u00e9"},"image":{"@id":"https:\/\/www.sejourprive.com\/#\/schema\/logo\/image\/"}}]}},"_links":{"self":[{"href":"https:\/\/www.sejourprive.com\/en\/wp-json\/wp\/v2\/product\/52343","targetHints":{"allow":["GET"]}}],"collection":[{"href":"https:\/\/www.sejourprive.com\/en\/wp-json\/wp\/v2\/product"}],"about":[{"href":"https:\/\/www.sejourprive.com\/en\/wp-json\/wp\/v2\/types\/product"}],"replies":[{"embeddable":true,"href":"https:\/\/www.sejourprive.com\/en\/wp-json\/wp\/v2\/comments?post=52343"}],"version-history":[{"count":0,"href":"https:\/\/www.sejourprive.com\/en\/wp-json\/wp\/v2\/product\/52343\/revisions"}],"wp:featuredmedia":[{"embeddable":true,"href":"https:\/\/www.sejourprive.com\/en\/wp-json\/wp\/v2\/media\/52436"}],"wp:attachment":[{"href":"https:\/\/www.sejourprive.com\/en\/wp-json\/wp\/v2\/media?parent=52343"}],"wp:term":[{"taxonomy":"product_brand","embeddable":true,"href":"https:\/\/www.sejourprive.com\/en\/wp-json\/wp\/v2\/product_brand?post=52343"},{"taxonomy":"product_cat","embeddable":true,"href":"https:\/\/www.sejourprive.com\/en\/wp-json\/wp\/v2\/product_cat?post=52343"},{"taxonomy":"product_tag","embeddable":true,"href":"https:\/\/www.sejourprive.com\/en\/wp-json\/wp\/v2\/product_tag?post=52343"}],"curies":[{"name":"wp","href":"https:\/\/api.w.org\/{rel}","templated":true}]}}