{"id":52267,"date":"2026-03-25T12:30:47","date_gmt":"2026-03-25T11:30:47","guid":{"rendered":"https:\/\/www.sejourprive.com\/?post_type=product&#038;p=52267"},"modified":"2026-03-25T12:30:47","modified_gmt":"2026-03-25T11:30:47","slug":"villa-suno-bonifacio-corse","status":"publish","type":"product","link":"https:\/\/www.sejourprive.com\/en\/biens\/villa-suno-bonifacio-corse\/","title":{"rendered":"Villa Suno, Bonifacio, Corsica"},"content":{"rendered":"<p>The all-wood silhouette and modern pergolas of this villa blend harmoniously into the wild landscape. Rocks seem to emerge from the terrace, and the infinity pool stretches out to the sea in the distance. <span><div class=\"read-more-wrapper\"><a class=\"read-more-button\" data-target=\"read-more-69f602585bc99\" data-more-text=\"Read more\" data-less-text=\"Read less\"><span class=\"read-more-text\">Read more<\/span><\/a><div id=\"read-more-69f602585bc99\" class=\"read-more-content\"> <\/span>De grandes baies vitr\u00e9es s\u2019ouvrent sur la belle pi\u00e8ce \u00e0 vivre aux allures de cabine de bateau, avec son lambris vernis et ses suspensions en acier fa\u00e7on \u00ab phare \u00bb. A l\u2019int\u00e9rieur, chaque chambre est un voyage dans un univers diff\u00e9rent : le New York dans ann\u00e9es 70, avec l\u2019affiche publicitaire \u00e0 l\u2019ancienne, le fauteuil seventies et le lampadaire de cin\u00e9ma ; l\u2019Asie du Sud-Est, avec le mobilier bas, les fauteuils en cuir chocolat et la tapisserie en satin dor\u00e9\u2026<\/p>\n<p>D\u00e8s la premi\u00e8res lueurs du jour, on regagne le port et on embarque \u00e0 bord d\u2019un voilier, direction la Sardaigne. On d\u00e9ambule entre les \u00e9tals du march\u00e9 de Santa-Terasa di Gallura ou on va pique-niquer entre les rochers de Cala Spinosa. De retour \u00e0 la villa, on va se rafra\u00eechir dans la belle piscine \u00e0 d\u00e9bordement, d\u2019o\u00f9 on a une vue imprenable sur le maquis et la M\u00e9diterran\u00e9e, au loin. A la nuit tomb\u00e9e, on se retrouve \u00e0 la lumi\u00e8re des lanternes en fer forg\u00e9, dans l\u2019intimit\u00e9 de la cabane balinaise. L\u00e0, on boit un dernier verre en admirant le ciel \u00e9toil\u00e9 corse.<\/div><\/div><\/p>","protected":false},"excerpt":{"rendered":"<p>La silhouette toute en bois et les pergolas modernes de cette villa se fondent harmonieusement dans le paysage sauvage. Des&#8230;<\/p>","protected":false},"featured_media":52293,"comment_status":"open","ping_status":"closed","template":"","meta":{"_acf_changed":false},"product_brand":[],"product_cat":[15],"product_tag":[],"class_list":{"0":"post-52267","1":"product","2":"type-product","3":"status-publish","4":"has-post-thumbnail","6":"product_cat-villa","7":"property_location-bonifacio","9":"first","10":"instock","11":"sold-individually","12":"shipping-taxable","13":"purchasable","14":"product-type-simple"},"acf":[],"yoast_head":"<!-- This site is optimized with the Yoast SEO plugin v26.6 - https:\/\/yoast.com\/wordpress\/plugins\/seo\/ -->\n<title>Villa Suno, Bonifacio, Corse - S\u00e9jour Priv\u00e9<\/title>\n<meta name=\"description\" content=\"La silhouette toute en bois et les pergolas modernes de cette villa se fondent harmonieusement dans le paysage sauvage. Des roches semblent \u00e9merger de la\" \/>\n<meta name=\"robots\" content=\"index, follow, max-snippet:-1, max-image-preview:large, max-video-preview:-1\" \/>\n<link rel=\"canonical\" href=\"https:\/\/www.sejourprive.com\/en\/biens\/villa-suno-bonifacio-corse\/\" \/>\n<meta property=\"og:locale\" content=\"en_GB\" \/>\n<meta property=\"og:type\" content=\"article\" \/>\n<meta property=\"og:title\" content=\"Villa Suno, Bonifacio, Corse - S\u00e9jour Priv\u00e9\" \/>\n<meta property=\"og:description\" content=\"La silhouette toute en bois et les pergolas modernes de cette villa se fondent harmonieusement dans le paysage sauvage. Des roches semblent \u00e9merger de la\" \/>\n<meta property=\"og:url\" content=\"https:\/\/www.sejourprive.com\/en\/biens\/villa-suno-bonifacio-corse\/\" \/>\n<meta property=\"og:site_name\" content=\"S\u00e9jour Priv\u00e9\" \/>\n<meta property=\"og:image\" content=\"https:\/\/www.sejourprive.com\/wp-content\/uploads\/2026\/03\/0-238.jpg\" \/>\n\t<meta property=\"og:image:width\" content=\"1200\" \/>\n\t<meta property=\"og:image:height\" content=\"900\" \/>\n\t<meta property=\"og:image:type\" content=\"image\/jpeg\" \/>\n<meta name=\"twitter:card\" content=\"summary_large_image\" \/>\n<meta name=\"twitter:label1\" content=\"Estimated reading time\" \/>\n\t<meta name=\"twitter:data1\" content=\"2 minutes\" \/>\n<script type=\"application\/ld+json\" class=\"yoast-schema-graph\">{\"@context\":\"https:\/\/schema.org\",\"@graph\":[{\"@type\":\"WebPage\",\"@id\":\"https:\/\/www.sejourprive.com\/biens\/villa-suno-bonifacio-corse\/\",\"url\":\"https:\/\/www.sejourprive.com\/biens\/villa-suno-bonifacio-corse\/\",\"name\":\"Villa Suno, Bonifacio, Corse - S\u00e9jour Priv\u00e9\",\"isPartOf\":{\"@id\":\"https:\/\/www.sejourprive.com\/#website\"},\"primaryImageOfPage\":{\"@id\":\"https:\/\/www.sejourprive.com\/biens\/villa-suno-bonifacio-corse\/#primaryimage\"},\"image\":{\"@id\":\"https:\/\/www.sejourprive.com\/biens\/villa-suno-bonifacio-corse\/#primaryimage\"},\"thumbnailUrl\":\"https:\/\/www.sejourprive.com\/wp-content\/uploads\/2026\/03\/0-238.jpg\",\"datePublished\":\"2026-03-25T11:30:47+00:00\",\"description\":\"La silhouette toute en bois et les pergolas modernes de cette villa se fondent harmonieusement dans le paysage sauvage. Des roches semblent \u00e9merger de la\",\"breadcrumb\":{\"@id\":\"https:\/\/www.sejourprive.com\/biens\/villa-suno-bonifacio-corse\/#breadcrumb\"},\"inLanguage\":\"en-GB\",\"potentialAction\":[{\"@type\":\"ReadAction\",\"target\":[\"https:\/\/www.sejourprive.com\/biens\/villa-suno-bonifacio-corse\/\"]}]},{\"@type\":\"ImageObject\",\"inLanguage\":\"en-GB\",\"@id\":\"https:\/\/www.sejourprive.com\/biens\/villa-suno-bonifacio-corse\/#primaryimage\",\"url\":\"https:\/\/www.sejourprive.com\/wp-content\/uploads\/2026\/03\/0-238.jpg\",\"contentUrl\":\"https:\/\/www.sejourprive.com\/wp-content\/uploads\/2026\/03\/0-238.jpg\",\"width\":1200,\"height\":900},{\"@type\":\"BreadcrumbList\",\"@id\":\"https:\/\/www.sejourprive.com\/biens\/villa-suno-bonifacio-corse\/#breadcrumb\",\"itemListElement\":[{\"@type\":\"ListItem\",\"position\":1,\"name\":\"Accueil\",\"item\":\"https:\/\/www.sejourprive.com\/\"},{\"@type\":\"ListItem\",\"position\":2,\"name\":\"Shop\",\"item\":\"https:\/\/www.sejourprive.com\/shop\/\"},{\"@type\":\"ListItem\",\"position\":3,\"name\":\"Villa Suno, Bonifacio, Corse\"}]},{\"@type\":\"WebSite\",\"@id\":\"https:\/\/www.sejourprive.com\/#website\",\"url\":\"https:\/\/www.sejourprive.com\/\",\"name\":\"S\u00e9jour Priv\u00e9\",\"description\":\"Nous imaginons pour vous des s\u00e9jours d\u2019exception.\",\"publisher\":{\"@id\":\"https:\/\/www.sejourprive.com\/#organization\"},\"potentialAction\":[{\"@type\":\"SearchAction\",\"target\":{\"@type\":\"EntryPoint\",\"urlTemplate\":\"https:\/\/www.sejourprive.com\/?s={search_term_string}\"},\"query-input\":{\"@type\":\"PropertyValueSpecification\",\"valueRequired\":true,\"valueName\":\"search_term_string\"}}],\"inLanguage\":\"en-GB\"},{\"@type\":\"Organization\",\"@id\":\"https:\/\/www.sejourprive.com\/#organization\",\"name\":\"S\u00e9jour Priv\u00e9\",\"url\":\"https:\/\/www.sejourprive.com\/\",\"logo\":{\"@type\":\"ImageObject\",\"inLanguage\":\"en-GB\",\"@id\":\"https:\/\/www.sejourprive.com\/#\/schema\/logo\/image\/\",\"url\":\"https:\/\/www.sejourprive.com\/wp-content\/uploads\/2026\/02\/SP-Apple-touch-144-couleur-1-2.png\",\"contentUrl\":\"https:\/\/www.sejourprive.com\/wp-content\/uploads\/2026\/02\/SP-Apple-touch-144-couleur-1-2.png\",\"width\":145,\"height\":145,\"caption\":\"S\u00e9jour Priv\u00e9\"},\"image\":{\"@id\":\"https:\/\/www.sejourprive.com\/#\/schema\/logo\/image\/\"}}]}<\/script>\n<!-- \/ Yoast SEO plugin. -->","yoast_head_json":{"title":"Villa Suno, Bonifacio, Corse - S\u00e9jour Priv\u00e9","description":"La silhouette toute en bois et les pergolas modernes de cette villa se fondent harmonieusement dans le paysage sauvage. Des roches semblent \u00e9merger de la","robots":{"index":"index","follow":"follow","max-snippet":"max-snippet:-1","max-image-preview":"max-image-preview:large","max-video-preview":"max-video-preview:-1"},"canonical":"https:\/\/www.sejourprive.com\/en\/biens\/villa-suno-bonifacio-corse\/","og_locale":"en_GB","og_type":"article","og_title":"Villa Suno, Bonifacio, Corse - S\u00e9jour Priv\u00e9","og_description":"La silhouette toute en bois et les pergolas modernes de cette villa se fondent harmonieusement dans le paysage sauvage. Des roches semblent \u00e9merger de la","og_url":"https:\/\/www.sejourprive.com\/en\/biens\/villa-suno-bonifacio-corse\/","og_site_name":"S\u00e9jour Priv\u00e9","og_image":[{"width":1200,"height":900,"url":"https:\/\/www.sejourprive.com\/wp-content\/uploads\/2026\/03\/0-238.jpg","type":"image\/jpeg"}],"twitter_card":"summary_large_image","twitter_misc":{"Estimated reading time":"2 minutes"},"schema":{"@context":"https:\/\/schema.org","@graph":[{"@type":"WebPage","@id":"https:\/\/www.sejourprive.com\/biens\/villa-suno-bonifacio-corse\/","url":"https:\/\/www.sejourprive.com\/biens\/villa-suno-bonifacio-corse\/","name":"Villa Suno, Bonifacio, Corse - S\u00e9jour Priv\u00e9","isPartOf":{"@id":"https:\/\/www.sejourprive.com\/#website"},"primaryImageOfPage":{"@id":"https:\/\/www.sejourprive.com\/biens\/villa-suno-bonifacio-corse\/#primaryimage"},"image":{"@id":"https:\/\/www.sejourprive.com\/biens\/villa-suno-bonifacio-corse\/#primaryimage"},"thumbnailUrl":"https:\/\/www.sejourprive.com\/wp-content\/uploads\/2026\/03\/0-238.jpg","datePublished":"2026-03-25T11:30:47+00:00","description":"La silhouette toute en bois et les pergolas modernes de cette villa se fondent harmonieusement dans le paysage sauvage. Des roches semblent \u00e9merger de la","breadcrumb":{"@id":"https:\/\/www.sejourprive.com\/biens\/villa-suno-bonifacio-corse\/#breadcrumb"},"inLanguage":"en-GB","potentialAction":[{"@type":"ReadAction","target":["https:\/\/www.sejourprive.com\/biens\/villa-suno-bonifacio-corse\/"]}]},{"@type":"ImageObject","inLanguage":"en-GB","@id":"https:\/\/www.sejourprive.com\/biens\/villa-suno-bonifacio-corse\/#primaryimage","url":"https:\/\/www.sejourprive.com\/wp-content\/uploads\/2026\/03\/0-238.jpg","contentUrl":"https:\/\/www.sejourprive.com\/wp-content\/uploads\/2026\/03\/0-238.jpg","width":1200,"height":900},{"@type":"BreadcrumbList","@id":"https:\/\/www.sejourprive.com\/biens\/villa-suno-bonifacio-corse\/#breadcrumb","itemListElement":[{"@type":"ListItem","position":1,"name":"Accueil","item":"https:\/\/www.sejourprive.com\/"},{"@type":"ListItem","position":2,"name":"Shop","item":"https:\/\/www.sejourprive.com\/shop\/"},{"@type":"ListItem","position":3,"name":"Villa Suno, Bonifacio, Corse"}]},{"@type":"WebSite","@id":"https:\/\/www.sejourprive.com\/#website","url":"https:\/\/www.sejourprive.com\/","name":"Private Stay","description":"We design exceptional holidays for you.","publisher":{"@id":"https:\/\/www.sejourprive.com\/#organization"},"potentialAction":[{"@type":"SearchAction","target":{"@type":"EntryPoint","urlTemplate":"https:\/\/www.sejourprive.com\/?s={search_term_string}"},"query-input":{"@type":"PropertyValueSpecification","valueRequired":true,"valueName":"search_term_string"}}],"inLanguage":"en-GB"},{"@type":"Organization","@id":"https:\/\/www.sejourprive.com\/#organization","name":"Private Stay","url":"https:\/\/www.sejourprive.com\/","logo":{"@type":"ImageObject","inLanguage":"en-GB","@id":"https:\/\/www.sejourprive.com\/#\/schema\/logo\/image\/","url":"https:\/\/www.sejourprive.com\/wp-content\/uploads\/2026\/02\/SP-Apple-touch-144-couleur-1-2.png","contentUrl":"https:\/\/www.sejourprive.com\/wp-content\/uploads\/2026\/02\/SP-Apple-touch-144-couleur-1-2.png","width":145,"height":145,"caption":"S\u00e9jour Priv\u00e9"},"image":{"@id":"https:\/\/www.sejourprive.com\/#\/schema\/logo\/image\/"}}]}},"_links":{"self":[{"href":"https:\/\/www.sejourprive.com\/en\/wp-json\/wp\/v2\/product\/52267","targetHints":{"allow":["GET"]}}],"collection":[{"href":"https:\/\/www.sejourprive.com\/en\/wp-json\/wp\/v2\/product"}],"about":[{"href":"https:\/\/www.sejourprive.com\/en\/wp-json\/wp\/v2\/types\/product"}],"replies":[{"embeddable":true,"href":"https:\/\/www.sejourprive.com\/en\/wp-json\/wp\/v2\/comments?post=52267"}],"version-history":[{"count":0,"href":"https:\/\/www.sejourprive.com\/en\/wp-json\/wp\/v2\/product\/52267\/revisions"}],"wp:featuredmedia":[{"embeddable":true,"href":"https:\/\/www.sejourprive.com\/en\/wp-json\/wp\/v2\/media\/52293"}],"wp:attachment":[{"href":"https:\/\/www.sejourprive.com\/en\/wp-json\/wp\/v2\/media?parent=52267"}],"wp:term":[{"taxonomy":"product_brand","embeddable":true,"href":"https:\/\/www.sejourprive.com\/en\/wp-json\/wp\/v2\/product_brand?post=52267"},{"taxonomy":"product_cat","embeddable":true,"href":"https:\/\/www.sejourprive.com\/en\/wp-json\/wp\/v2\/product_cat?post=52267"},{"taxonomy":"product_tag","embeddable":true,"href":"https:\/\/www.sejourprive.com\/en\/wp-json\/wp\/v2\/product_tag?post=52267"}],"curies":[{"name":"wp","href":"https:\/\/api.w.org\/{rel}","templated":true}]}}