{"id":52034,"date":"2026-03-25T11:41:14","date_gmt":"2026-03-25T10:41:14","guid":{"rendered":"https:\/\/www.sejourprive.com\/?post_type=product&#038;p=52034"},"modified":"2026-03-25T11:41:14","modified_gmt":"2026-03-25T10:41:14","slug":"villa-aregna-corbara-ile-rousse-corse","status":"publish","type":"product","link":"https:\/\/www.sejourprive.com\/en\/biens\/villa-aregna-corbara-ile-rousse-corse\/","title":{"rendered":"Villa Aregna, Corbara, Ile Rousse, Corsica"},"content":{"rendered":"<p>Perch\u00e9e aux abords de l\u2019\u00cele Rousse, au c\u0153ur de la Corse, la Villa Aregna se distingue par son architecture raffin\u00e9e et sa d\u00e9coration alliant style contemporain et touches r\u00e9gionales. Cet \u00e9crin de s\u00e9r\u00e9nit\u00e9 r\u00e9v\u00e8le une vue panoramique sur la mer et les montagnes, s&#8217;int\u00e9grant parfaitement \u00e0 l&#8217;environnement naturel pr\u00e9serv\u00e9 qui l&#8217;entoure.<\/p>\n<p><span><div class=\"read-more-wrapper\"><a class=\"read-more-button\" data-target=\"read-more-69f444ad2ecd9\" data-more-text=\"Read more\" data-less-text=\"Read less\"><span class=\"read-more-text\">Read more<\/span><\/a><div id=\"read-more-69f444ad2ecd9\" class=\"read-more-content\"> <\/span>Imaginez votre journ\u00e9e \u00e0 la Villa Aregna : commencez par un petit-d\u00e9jeuner dans le jardin m\u00e9diterran\u00e9en, en savourant la douceur du climat corse. Ensuite, une baignade rafra\u00eechissante vous attend dans la piscine ext\u00e9rieure. Apr\u00e8s une session de d\u00e9tente dans le hammam ou le jacuzzi, pr\u00e9parez un d\u00e9jeuner en plein air autour du barbecue et de la plancha. Finissez la journ\u00e9e par un moment privil\u00e9gi\u00e9 en famille en admirant le coucher de soleil sur la M\u00e9diterran\u00e9e.<\/div><\/div>  <\/p>","protected":false},"excerpt":{"rendered":"<p>Perch\u00e9e aux abords de l\u2019\u00cele Rousse, au c\u0153ur de la Corse, la Villa Aregna se distingue par son architecture raffin\u00e9e&#8230;<\/p>","protected":false},"featured_media":52047,"comment_status":"open","ping_status":"closed","template":"","meta":{"_acf_changed":false},"product_brand":[],"product_cat":[15],"product_tag":[],"class_list":{"0":"post-52034","1":"product","2":"type-product","3":"status-publish","4":"has-post-thumbnail","6":"product_cat-villa","7":"property_location-corse","8":"property_location-ile-rousse","10":"first","11":"instock","12":"sold-individually","13":"shipping-taxable","14":"purchasable","15":"product-type-simple"},"acf":[],"yoast_head":"<!-- This site is optimized with the Yoast SEO plugin v26.6 - https:\/\/yoast.com\/wordpress\/plugins\/seo\/ -->\n<title>Villa Aregna, Corbara, \u00cele Rousse, Corse - S\u00e9jour Priv\u00e9<\/title>\n<meta name=\"description\" content=\"Perch\u00e9e aux abords de l\u2019\u00cele Rousse, au c\u0153ur de la Corse, la Villa Aregna se distingue par son architecture raffin\u00e9e et sa d\u00e9coration alliant style\" \/>\n<meta name=\"robots\" content=\"index, follow, max-snippet:-1, max-image-preview:large, max-video-preview:-1\" \/>\n<link rel=\"canonical\" href=\"https:\/\/www.sejourprive.com\/en\/biens\/villa-aregna-corbara-ile-rousse-corse\/\" \/>\n<meta property=\"og:locale\" content=\"en_GB\" \/>\n<meta property=\"og:type\" content=\"article\" \/>\n<meta property=\"og:title\" content=\"Villa Aregna, Corbara, \u00cele Rousse, Corse - S\u00e9jour Priv\u00e9\" \/>\n<meta property=\"og:description\" content=\"Perch\u00e9e aux abords de l\u2019\u00cele Rousse, au c\u0153ur de la Corse, la Villa Aregna se distingue par son architecture raffin\u00e9e et sa d\u00e9coration alliant style\" \/>\n<meta property=\"og:url\" content=\"https:\/\/www.sejourprive.com\/en\/biens\/villa-aregna-corbara-ile-rousse-corse\/\" \/>\n<meta property=\"og:site_name\" content=\"S\u00e9jour Priv\u00e9\" \/>\n<meta property=\"og:image\" content=\"https:\/\/www.sejourprive.com\/wp-content\/uploads\/2026\/03\/0-233.jpg\" \/>\n\t<meta property=\"og:image:width\" content=\"1200\" \/>\n\t<meta property=\"og:image:height\" content=\"653\" \/>\n\t<meta property=\"og:image:type\" content=\"image\/jpeg\" \/>\n<meta name=\"twitter:card\" content=\"summary_large_image\" \/>\n<meta name=\"twitter:label1\" content=\"Estimated reading time\" \/>\n\t<meta name=\"twitter:data1\" content=\"1 minute\" \/>\n<script type=\"application\/ld+json\" class=\"yoast-schema-graph\">{\"@context\":\"https:\/\/schema.org\",\"@graph\":[{\"@type\":\"WebPage\",\"@id\":\"https:\/\/www.sejourprive.com\/biens\/villa-aregna-corbara-ile-rousse-corse\/\",\"url\":\"https:\/\/www.sejourprive.com\/biens\/villa-aregna-corbara-ile-rousse-corse\/\",\"name\":\"Villa Aregna, Corbara, \u00cele Rousse, Corse - S\u00e9jour Priv\u00e9\",\"isPartOf\":{\"@id\":\"https:\/\/www.sejourprive.com\/#website\"},\"primaryImageOfPage\":{\"@id\":\"https:\/\/www.sejourprive.com\/biens\/villa-aregna-corbara-ile-rousse-corse\/#primaryimage\"},\"image\":{\"@id\":\"https:\/\/www.sejourprive.com\/biens\/villa-aregna-corbara-ile-rousse-corse\/#primaryimage\"},\"thumbnailUrl\":\"https:\/\/www.sejourprive.com\/wp-content\/uploads\/2026\/03\/0-233.jpg\",\"datePublished\":\"2026-03-25T10:41:14+00:00\",\"description\":\"Perch\u00e9e aux abords de l\u2019\u00cele Rousse, au c\u0153ur de la Corse, la Villa Aregna se distingue par son architecture raffin\u00e9e et sa d\u00e9coration alliant style\",\"breadcrumb\":{\"@id\":\"https:\/\/www.sejourprive.com\/biens\/villa-aregna-corbara-ile-rousse-corse\/#breadcrumb\"},\"inLanguage\":\"en-GB\",\"potentialAction\":[{\"@type\":\"ReadAction\",\"target\":[\"https:\/\/www.sejourprive.com\/biens\/villa-aregna-corbara-ile-rousse-corse\/\"]}]},{\"@type\":\"ImageObject\",\"inLanguage\":\"en-GB\",\"@id\":\"https:\/\/www.sejourprive.com\/biens\/villa-aregna-corbara-ile-rousse-corse\/#primaryimage\",\"url\":\"https:\/\/www.sejourprive.com\/wp-content\/uploads\/2026\/03\/0-233.jpg\",\"contentUrl\":\"https:\/\/www.sejourprive.com\/wp-content\/uploads\/2026\/03\/0-233.jpg\",\"width\":1200,\"height\":653},{\"@type\":\"BreadcrumbList\",\"@id\":\"https:\/\/www.sejourprive.com\/biens\/villa-aregna-corbara-ile-rousse-corse\/#breadcrumb\",\"itemListElement\":[{\"@type\":\"ListItem\",\"position\":1,\"name\":\"Accueil\",\"item\":\"https:\/\/www.sejourprive.com\/\"},{\"@type\":\"ListItem\",\"position\":2,\"name\":\"Shop\",\"item\":\"https:\/\/www.sejourprive.com\/shop\/\"},{\"@type\":\"ListItem\",\"position\":3,\"name\":\"Villa Aregna, Corbara, \u00cele Rousse, Corse\"}]},{\"@type\":\"WebSite\",\"@id\":\"https:\/\/www.sejourprive.com\/#website\",\"url\":\"https:\/\/www.sejourprive.com\/\",\"name\":\"S\u00e9jour Priv\u00e9\",\"description\":\"Nous imaginons pour vous des s\u00e9jours d\u2019exception.\",\"publisher\":{\"@id\":\"https:\/\/www.sejourprive.com\/#organization\"},\"potentialAction\":[{\"@type\":\"SearchAction\",\"target\":{\"@type\":\"EntryPoint\",\"urlTemplate\":\"https:\/\/www.sejourprive.com\/?s={search_term_string}\"},\"query-input\":{\"@type\":\"PropertyValueSpecification\",\"valueRequired\":true,\"valueName\":\"search_term_string\"}}],\"inLanguage\":\"en-GB\"},{\"@type\":\"Organization\",\"@id\":\"https:\/\/www.sejourprive.com\/#organization\",\"name\":\"S\u00e9jour Priv\u00e9\",\"url\":\"https:\/\/www.sejourprive.com\/\",\"logo\":{\"@type\":\"ImageObject\",\"inLanguage\":\"en-GB\",\"@id\":\"https:\/\/www.sejourprive.com\/#\/schema\/logo\/image\/\",\"url\":\"https:\/\/www.sejourprive.com\/wp-content\/uploads\/2026\/02\/SP-Apple-touch-144-couleur-1-2.png\",\"contentUrl\":\"https:\/\/www.sejourprive.com\/wp-content\/uploads\/2026\/02\/SP-Apple-touch-144-couleur-1-2.png\",\"width\":145,\"height\":145,\"caption\":\"S\u00e9jour Priv\u00e9\"},\"image\":{\"@id\":\"https:\/\/www.sejourprive.com\/#\/schema\/logo\/image\/\"}}]}<\/script>\n<!-- \/ Yoast SEO plugin. -->","yoast_head_json":{"title":"Villa Aregna, Corbara, \u00cele Rousse, Corse - S\u00e9jour Priv\u00e9","description":"Perch\u00e9e aux abords de l\u2019\u00cele Rousse, au c\u0153ur de la Corse, la Villa Aregna se distingue par son architecture raffin\u00e9e et sa d\u00e9coration alliant style","robots":{"index":"index","follow":"follow","max-snippet":"max-snippet:-1","max-image-preview":"max-image-preview:large","max-video-preview":"max-video-preview:-1"},"canonical":"https:\/\/www.sejourprive.com\/en\/biens\/villa-aregna-corbara-ile-rousse-corse\/","og_locale":"en_GB","og_type":"article","og_title":"Villa Aregna, Corbara, \u00cele Rousse, Corse - S\u00e9jour Priv\u00e9","og_description":"Perch\u00e9e aux abords de l\u2019\u00cele Rousse, au c\u0153ur de la Corse, la Villa Aregna se distingue par son architecture raffin\u00e9e et sa d\u00e9coration alliant style","og_url":"https:\/\/www.sejourprive.com\/en\/biens\/villa-aregna-corbara-ile-rousse-corse\/","og_site_name":"S\u00e9jour Priv\u00e9","og_image":[{"width":1200,"height":653,"url":"https:\/\/www.sejourprive.com\/wp-content\/uploads\/2026\/03\/0-233.jpg","type":"image\/jpeg"}],"twitter_card":"summary_large_image","twitter_misc":{"Estimated reading time":"1 minute"},"schema":{"@context":"https:\/\/schema.org","@graph":[{"@type":"WebPage","@id":"https:\/\/www.sejourprive.com\/biens\/villa-aregna-corbara-ile-rousse-corse\/","url":"https:\/\/www.sejourprive.com\/biens\/villa-aregna-corbara-ile-rousse-corse\/","name":"Villa Aregna, Corbara, \u00cele Rousse, Corse - S\u00e9jour Priv\u00e9","isPartOf":{"@id":"https:\/\/www.sejourprive.com\/#website"},"primaryImageOfPage":{"@id":"https:\/\/www.sejourprive.com\/biens\/villa-aregna-corbara-ile-rousse-corse\/#primaryimage"},"image":{"@id":"https:\/\/www.sejourprive.com\/biens\/villa-aregna-corbara-ile-rousse-corse\/#primaryimage"},"thumbnailUrl":"https:\/\/www.sejourprive.com\/wp-content\/uploads\/2026\/03\/0-233.jpg","datePublished":"2026-03-25T10:41:14+00:00","description":"Perch\u00e9e aux abords de l\u2019\u00cele Rousse, au c\u0153ur de la Corse, la Villa Aregna se distingue par son architecture raffin\u00e9e et sa d\u00e9coration alliant style","breadcrumb":{"@id":"https:\/\/www.sejourprive.com\/biens\/villa-aregna-corbara-ile-rousse-corse\/#breadcrumb"},"inLanguage":"en-GB","potentialAction":[{"@type":"ReadAction","target":["https:\/\/www.sejourprive.com\/biens\/villa-aregna-corbara-ile-rousse-corse\/"]}]},{"@type":"ImageObject","inLanguage":"en-GB","@id":"https:\/\/www.sejourprive.com\/biens\/villa-aregna-corbara-ile-rousse-corse\/#primaryimage","url":"https:\/\/www.sejourprive.com\/wp-content\/uploads\/2026\/03\/0-233.jpg","contentUrl":"https:\/\/www.sejourprive.com\/wp-content\/uploads\/2026\/03\/0-233.jpg","width":1200,"height":653},{"@type":"BreadcrumbList","@id":"https:\/\/www.sejourprive.com\/biens\/villa-aregna-corbara-ile-rousse-corse\/#breadcrumb","itemListElement":[{"@type":"ListItem","position":1,"name":"Accueil","item":"https:\/\/www.sejourprive.com\/"},{"@type":"ListItem","position":2,"name":"Shop","item":"https:\/\/www.sejourprive.com\/shop\/"},{"@type":"ListItem","position":3,"name":"Villa Aregna, Corbara, \u00cele Rousse, Corse"}]},{"@type":"WebSite","@id":"https:\/\/www.sejourprive.com\/#website","url":"https:\/\/www.sejourprive.com\/","name":"Private Stay","description":"We design exceptional holidays for you.","publisher":{"@id":"https:\/\/www.sejourprive.com\/#organization"},"potentialAction":[{"@type":"SearchAction","target":{"@type":"EntryPoint","urlTemplate":"https:\/\/www.sejourprive.com\/?s={search_term_string}"},"query-input":{"@type":"PropertyValueSpecification","valueRequired":true,"valueName":"search_term_string"}}],"inLanguage":"en-GB"},{"@type":"Organization","@id":"https:\/\/www.sejourprive.com\/#organization","name":"Private Stay","url":"https:\/\/www.sejourprive.com\/","logo":{"@type":"ImageObject","inLanguage":"en-GB","@id":"https:\/\/www.sejourprive.com\/#\/schema\/logo\/image\/","url":"https:\/\/www.sejourprive.com\/wp-content\/uploads\/2026\/02\/SP-Apple-touch-144-couleur-1-2.png","contentUrl":"https:\/\/www.sejourprive.com\/wp-content\/uploads\/2026\/02\/SP-Apple-touch-144-couleur-1-2.png","width":145,"height":145,"caption":"S\u00e9jour Priv\u00e9"},"image":{"@id":"https:\/\/www.sejourprive.com\/#\/schema\/logo\/image\/"}}]}},"_links":{"self":[{"href":"https:\/\/www.sejourprive.com\/en\/wp-json\/wp\/v2\/product\/52034","targetHints":{"allow":["GET"]}}],"collection":[{"href":"https:\/\/www.sejourprive.com\/en\/wp-json\/wp\/v2\/product"}],"about":[{"href":"https:\/\/www.sejourprive.com\/en\/wp-json\/wp\/v2\/types\/product"}],"replies":[{"embeddable":true,"href":"https:\/\/www.sejourprive.com\/en\/wp-json\/wp\/v2\/comments?post=52034"}],"version-history":[{"count":0,"href":"https:\/\/www.sejourprive.com\/en\/wp-json\/wp\/v2\/product\/52034\/revisions"}],"wp:featuredmedia":[{"embeddable":true,"href":"https:\/\/www.sejourprive.com\/en\/wp-json\/wp\/v2\/media\/52047"}],"wp:attachment":[{"href":"https:\/\/www.sejourprive.com\/en\/wp-json\/wp\/v2\/media?parent=52034"}],"wp:term":[{"taxonomy":"product_brand","embeddable":true,"href":"https:\/\/www.sejourprive.com\/en\/wp-json\/wp\/v2\/product_brand?post=52034"},{"taxonomy":"product_cat","embeddable":true,"href":"https:\/\/www.sejourprive.com\/en\/wp-json\/wp\/v2\/product_cat?post=52034"},{"taxonomy":"product_tag","embeddable":true,"href":"https:\/\/www.sejourprive.com\/en\/wp-json\/wp\/v2\/product_tag?post=52034"}],"curies":[{"name":"wp","href":"https:\/\/api.w.org\/{rel}","templated":true}]}}