{"id":51544,"date":"2026-03-25T12:10:05","date_gmt":"2026-03-25T11:10:05","guid":{"rendered":"https:\/\/www.sejourprive.com\/?post_type=product&#038;p=51544"},"modified":"2026-03-25T12:10:05","modified_gmt":"2026-03-25T11:10:05","slug":"villa-mare-macchia-pianottoli-caldarello-corse","status":"publish","type":"product","link":"https:\/\/www.sejourprive.com\/en\/biens\/villa-mare-macchia-pianottoli-caldarello-corse\/","title":{"rendered":"Villa Mar'e Macchia, Pianottoli Caldarello, Corsica"},"content":{"rendered":"<p>Flottant au-dessus de la cime des arbres, la Villa Mar&#8217;e Macchia est un bijou du sud de la Corse. \u00c0 l&#8217;int\u00e9rieur, les grands espaces contemporains sont parfaits pour un r\u00e9veil d\u00e9tendu avec toute la tribu. <\/p>\n<p><span><div class=\"read-more-wrapper\"><a class=\"read-more-button\" data-target=\"read-more-69ebdaeebd903\" data-more-text=\"Read more\" data-less-text=\"Read less\"><span class=\"read-more-text\">Read more<\/span><\/a><div id=\"read-more-69ebdaeebd903\" class=\"read-more-content\"> <\/span>Apr\u00e8s le petit-d\u00e9jeuner, plongez dans l\u2019immense piscine \u00e0 d\u00e9bordement, dont l\u2019avanc\u00e9e offre un panorama spectaculaire de l&#8217;\u00eele de Beaut\u00e9. Choisissez entre le terrain de p\u00e9tanque, la table de ping-pong, le baby-foot ou la plage \u00e0 proximit\u00e9 pour passer vos ensoleill\u00e9s ) vous  amuser avec vos proches. \u00c0 l&#8217;heure de l&#8217;ap\u00e9ro, rejoignez le rooftop pour un verre face \u00e0 la M\u00e9diterran\u00e9e, et terminez votre journ\u00e9e dans le jacuzzi de la maison.<\/div><\/div> <\/p>","protected":false},"excerpt":{"rendered":"<p>Flottant au-dessus de la cime des arbres, la Villa Mar&#8217;e Macchia est un bijou du sud de la Corse. \u00c0&#8230;<\/p>","protected":false},"featured_media":51597,"comment_status":"open","ping_status":"closed","template":"","meta":{"_acf_changed":false},"product_brand":[],"product_cat":[15],"product_tag":[],"class_list":{"0":"post-51544","1":"product","2":"type-product","3":"status-publish","4":"has-post-thumbnail","6":"product_cat-villa","7":"property_location-corse","8":"property_location-figari","10":"first","11":"instock","12":"sold-individually","13":"shipping-taxable","14":"purchasable","15":"product-type-simple"},"acf":[],"yoast_head":"<!-- This site is optimized with the Yoast SEO plugin v26.6 - https:\/\/yoast.com\/wordpress\/plugins\/seo\/ -->\n<title>Villa Mar&#039;e Macchia, Pianottoli Caldarello, Corse - S\u00e9jour Priv\u00e9<\/title>\n<meta name=\"description\" content=\"Flottant au-dessus de la cime des arbres, la Villa Mar&#039;e Macchia est un bijou du sud de la Corse. \u00c0 l&#039;int\u00e9rieur, les grands espaces contemporains sont\" \/>\n<meta name=\"robots\" content=\"index, follow, max-snippet:-1, max-image-preview:large, max-video-preview:-1\" \/>\n<link rel=\"canonical\" href=\"https:\/\/www.sejourprive.com\/en\/biens\/villa-mare-macchia-pianottoli-caldarello-corse\/\" \/>\n<meta property=\"og:locale\" content=\"en_GB\" \/>\n<meta property=\"og:type\" content=\"article\" \/>\n<meta property=\"og:title\" content=\"Villa Mar&#039;e Macchia, Pianottoli Caldarello, Corse - S\u00e9jour Priv\u00e9\" \/>\n<meta property=\"og:description\" content=\"Flottant au-dessus de la cime des arbres, la Villa Mar&#039;e Macchia est un bijou du sud de la Corse. \u00c0 l&#039;int\u00e9rieur, les grands espaces contemporains sont\" \/>\n<meta property=\"og:url\" content=\"https:\/\/www.sejourprive.com\/en\/biens\/villa-mare-macchia-pianottoli-caldarello-corse\/\" \/>\n<meta property=\"og:site_name\" content=\"S\u00e9jour Priv\u00e9\" \/>\n<meta property=\"og:image\" content=\"https:\/\/www.sejourprive.com\/wp-content\/uploads\/2026\/03\/0-224.jpg\" \/>\n\t<meta property=\"og:image:width\" content=\"1200\" \/>\n\t<meta property=\"og:image:height\" content=\"797\" \/>\n\t<meta property=\"og:image:type\" content=\"image\/jpeg\" \/>\n<meta name=\"twitter:card\" content=\"summary_large_image\" \/>\n<meta name=\"twitter:label1\" content=\"Estimated reading time\" \/>\n\t<meta name=\"twitter:data1\" content=\"1 minute\" \/>\n<script type=\"application\/ld+json\" class=\"yoast-schema-graph\">{\"@context\":\"https:\/\/schema.org\",\"@graph\":[{\"@type\":\"WebPage\",\"@id\":\"https:\/\/www.sejourprive.com\/biens\/villa-mare-macchia-pianottoli-caldarello-corse\/\",\"url\":\"https:\/\/www.sejourprive.com\/biens\/villa-mare-macchia-pianottoli-caldarello-corse\/\",\"name\":\"Villa Mar'e Macchia, Pianottoli Caldarello, Corse - S\u00e9jour Priv\u00e9\",\"isPartOf\":{\"@id\":\"https:\/\/www.sejourprive.com\/#website\"},\"primaryImageOfPage\":{\"@id\":\"https:\/\/www.sejourprive.com\/biens\/villa-mare-macchia-pianottoli-caldarello-corse\/#primaryimage\"},\"image\":{\"@id\":\"https:\/\/www.sejourprive.com\/biens\/villa-mare-macchia-pianottoli-caldarello-corse\/#primaryimage\"},\"thumbnailUrl\":\"https:\/\/www.sejourprive.com\/wp-content\/uploads\/2026\/03\/0-224.jpg\",\"datePublished\":\"2026-03-25T11:10:05+00:00\",\"description\":\"Flottant au-dessus de la cime des arbres, la Villa Mar'e Macchia est un bijou du sud de la Corse. \u00c0 l'int\u00e9rieur, les grands espaces contemporains sont\",\"breadcrumb\":{\"@id\":\"https:\/\/www.sejourprive.com\/biens\/villa-mare-macchia-pianottoli-caldarello-corse\/#breadcrumb\"},\"inLanguage\":\"en-GB\",\"potentialAction\":[{\"@type\":\"ReadAction\",\"target\":[\"https:\/\/www.sejourprive.com\/biens\/villa-mare-macchia-pianottoli-caldarello-corse\/\"]}]},{\"@type\":\"ImageObject\",\"inLanguage\":\"en-GB\",\"@id\":\"https:\/\/www.sejourprive.com\/biens\/villa-mare-macchia-pianottoli-caldarello-corse\/#primaryimage\",\"url\":\"https:\/\/www.sejourprive.com\/wp-content\/uploads\/2026\/03\/0-224.jpg\",\"contentUrl\":\"https:\/\/www.sejourprive.com\/wp-content\/uploads\/2026\/03\/0-224.jpg\",\"width\":1200,\"height\":797},{\"@type\":\"BreadcrumbList\",\"@id\":\"https:\/\/www.sejourprive.com\/biens\/villa-mare-macchia-pianottoli-caldarello-corse\/#breadcrumb\",\"itemListElement\":[{\"@type\":\"ListItem\",\"position\":1,\"name\":\"Accueil\",\"item\":\"https:\/\/www.sejourprive.com\/\"},{\"@type\":\"ListItem\",\"position\":2,\"name\":\"Shop\",\"item\":\"https:\/\/www.sejourprive.com\/shop\/\"},{\"@type\":\"ListItem\",\"position\":3,\"name\":\"Villa Mar&#8217;e Macchia, Pianottoli Caldarello, Corse\"}]},{\"@type\":\"WebSite\",\"@id\":\"https:\/\/www.sejourprive.com\/#website\",\"url\":\"https:\/\/www.sejourprive.com\/\",\"name\":\"S\u00e9jour Priv\u00e9\",\"description\":\"Nous imaginons pour vous des s\u00e9jours d\u2019exception.\",\"publisher\":{\"@id\":\"https:\/\/www.sejourprive.com\/#organization\"},\"potentialAction\":[{\"@type\":\"SearchAction\",\"target\":{\"@type\":\"EntryPoint\",\"urlTemplate\":\"https:\/\/www.sejourprive.com\/?s={search_term_string}\"},\"query-input\":{\"@type\":\"PropertyValueSpecification\",\"valueRequired\":true,\"valueName\":\"search_term_string\"}}],\"inLanguage\":\"en-GB\"},{\"@type\":\"Organization\",\"@id\":\"https:\/\/www.sejourprive.com\/#organization\",\"name\":\"S\u00e9jour Priv\u00e9\",\"url\":\"https:\/\/www.sejourprive.com\/\",\"logo\":{\"@type\":\"ImageObject\",\"inLanguage\":\"en-GB\",\"@id\":\"https:\/\/www.sejourprive.com\/#\/schema\/logo\/image\/\",\"url\":\"https:\/\/www.sejourprive.com\/wp-content\/uploads\/2026\/02\/SP-Apple-touch-144-couleur-1-2.png\",\"contentUrl\":\"https:\/\/www.sejourprive.com\/wp-content\/uploads\/2026\/02\/SP-Apple-touch-144-couleur-1-2.png\",\"width\":145,\"height\":145,\"caption\":\"S\u00e9jour Priv\u00e9\"},\"image\":{\"@id\":\"https:\/\/www.sejourprive.com\/#\/schema\/logo\/image\/\"}}]}<\/script>\n<!-- \/ Yoast SEO plugin. -->","yoast_head_json":{"title":"Villa Mar'e Macchia, Pianottoli Caldarello, Corse - S\u00e9jour Priv\u00e9","description":"Flottant au-dessus de la cime des arbres, la Villa Mar'e Macchia est un bijou du sud de la Corse. \u00c0 l'int\u00e9rieur, les grands espaces contemporains sont","robots":{"index":"index","follow":"follow","max-snippet":"max-snippet:-1","max-image-preview":"max-image-preview:large","max-video-preview":"max-video-preview:-1"},"canonical":"https:\/\/www.sejourprive.com\/en\/biens\/villa-mare-macchia-pianottoli-caldarello-corse\/","og_locale":"en_GB","og_type":"article","og_title":"Villa Mar'e Macchia, Pianottoli Caldarello, Corse - S\u00e9jour Priv\u00e9","og_description":"Flottant au-dessus de la cime des arbres, la Villa Mar'e Macchia est un bijou du sud de la Corse. \u00c0 l'int\u00e9rieur, les grands espaces contemporains sont","og_url":"https:\/\/www.sejourprive.com\/en\/biens\/villa-mare-macchia-pianottoli-caldarello-corse\/","og_site_name":"S\u00e9jour Priv\u00e9","og_image":[{"width":1200,"height":797,"url":"https:\/\/www.sejourprive.com\/wp-content\/uploads\/2026\/03\/0-224.jpg","type":"image\/jpeg"}],"twitter_card":"summary_large_image","twitter_misc":{"Estimated reading time":"1 minute"},"schema":{"@context":"https:\/\/schema.org","@graph":[{"@type":"WebPage","@id":"https:\/\/www.sejourprive.com\/biens\/villa-mare-macchia-pianottoli-caldarello-corse\/","url":"https:\/\/www.sejourprive.com\/biens\/villa-mare-macchia-pianottoli-caldarello-corse\/","name":"Villa Mar'e Macchia, Pianottoli Caldarello, Corse - S\u00e9jour Priv\u00e9","isPartOf":{"@id":"https:\/\/www.sejourprive.com\/#website"},"primaryImageOfPage":{"@id":"https:\/\/www.sejourprive.com\/biens\/villa-mare-macchia-pianottoli-caldarello-corse\/#primaryimage"},"image":{"@id":"https:\/\/www.sejourprive.com\/biens\/villa-mare-macchia-pianottoli-caldarello-corse\/#primaryimage"},"thumbnailUrl":"https:\/\/www.sejourprive.com\/wp-content\/uploads\/2026\/03\/0-224.jpg","datePublished":"2026-03-25T11:10:05+00:00","description":"Flottant au-dessus de la cime des arbres, la Villa Mar'e Macchia est un bijou du sud de la Corse. \u00c0 l'int\u00e9rieur, les grands espaces contemporains sont","breadcrumb":{"@id":"https:\/\/www.sejourprive.com\/biens\/villa-mare-macchia-pianottoli-caldarello-corse\/#breadcrumb"},"inLanguage":"en-GB","potentialAction":[{"@type":"ReadAction","target":["https:\/\/www.sejourprive.com\/biens\/villa-mare-macchia-pianottoli-caldarello-corse\/"]}]},{"@type":"ImageObject","inLanguage":"en-GB","@id":"https:\/\/www.sejourprive.com\/biens\/villa-mare-macchia-pianottoli-caldarello-corse\/#primaryimage","url":"https:\/\/www.sejourprive.com\/wp-content\/uploads\/2026\/03\/0-224.jpg","contentUrl":"https:\/\/www.sejourprive.com\/wp-content\/uploads\/2026\/03\/0-224.jpg","width":1200,"height":797},{"@type":"BreadcrumbList","@id":"https:\/\/www.sejourprive.com\/biens\/villa-mare-macchia-pianottoli-caldarello-corse\/#breadcrumb","itemListElement":[{"@type":"ListItem","position":1,"name":"Accueil","item":"https:\/\/www.sejourprive.com\/"},{"@type":"ListItem","position":2,"name":"Shop","item":"https:\/\/www.sejourprive.com\/shop\/"},{"@type":"ListItem","position":3,"name":"Villa Mar&#8217;e Macchia, Pianottoli Caldarello, Corse"}]},{"@type":"WebSite","@id":"https:\/\/www.sejourprive.com\/#website","url":"https:\/\/www.sejourprive.com\/","name":"Private Stay","description":"We design exceptional holidays for you.","publisher":{"@id":"https:\/\/www.sejourprive.com\/#organization"},"potentialAction":[{"@type":"SearchAction","target":{"@type":"EntryPoint","urlTemplate":"https:\/\/www.sejourprive.com\/?s={search_term_string}"},"query-input":{"@type":"PropertyValueSpecification","valueRequired":true,"valueName":"search_term_string"}}],"inLanguage":"en-GB"},{"@type":"Organization","@id":"https:\/\/www.sejourprive.com\/#organization","name":"Private Stay","url":"https:\/\/www.sejourprive.com\/","logo":{"@type":"ImageObject","inLanguage":"en-GB","@id":"https:\/\/www.sejourprive.com\/#\/schema\/logo\/image\/","url":"https:\/\/www.sejourprive.com\/wp-content\/uploads\/2026\/02\/SP-Apple-touch-144-couleur-1-2.png","contentUrl":"https:\/\/www.sejourprive.com\/wp-content\/uploads\/2026\/02\/SP-Apple-touch-144-couleur-1-2.png","width":145,"height":145,"caption":"S\u00e9jour Priv\u00e9"},"image":{"@id":"https:\/\/www.sejourprive.com\/#\/schema\/logo\/image\/"}}]}},"_links":{"self":[{"href":"https:\/\/www.sejourprive.com\/en\/wp-json\/wp\/v2\/product\/51544","targetHints":{"allow":["GET"]}}],"collection":[{"href":"https:\/\/www.sejourprive.com\/en\/wp-json\/wp\/v2\/product"}],"about":[{"href":"https:\/\/www.sejourprive.com\/en\/wp-json\/wp\/v2\/types\/product"}],"replies":[{"embeddable":true,"href":"https:\/\/www.sejourprive.com\/en\/wp-json\/wp\/v2\/comments?post=51544"}],"version-history":[{"count":0,"href":"https:\/\/www.sejourprive.com\/en\/wp-json\/wp\/v2\/product\/51544\/revisions"}],"wp:featuredmedia":[{"embeddable":true,"href":"https:\/\/www.sejourprive.com\/en\/wp-json\/wp\/v2\/media\/51597"}],"wp:attachment":[{"href":"https:\/\/www.sejourprive.com\/en\/wp-json\/wp\/v2\/media?parent=51544"}],"wp:term":[{"taxonomy":"product_brand","embeddable":true,"href":"https:\/\/www.sejourprive.com\/en\/wp-json\/wp\/v2\/product_brand?post=51544"},{"taxonomy":"product_cat","embeddable":true,"href":"https:\/\/www.sejourprive.com\/en\/wp-json\/wp\/v2\/product_cat?post=51544"},{"taxonomy":"product_tag","embeddable":true,"href":"https:\/\/www.sejourprive.com\/en\/wp-json\/wp\/v2\/product_tag?post=51544"}],"curies":[{"name":"wp","href":"https:\/\/api.w.org\/{rel}","templated":true}]}}