{"id":51476,"date":"2026-03-25T12:00:01","date_gmt":"2026-03-25T11:00:01","guid":{"rendered":"https:\/\/www.sejourprive.com\/?post_type=product&#038;p=51476"},"modified":"2026-03-25T12:00:51","modified_gmt":"2026-03-25T11:00:51","slug":"villa-lisandra-bonifacio-corse","status":"publish","type":"product","link":"https:\/\/www.sejourprive.com\/en\/biens\/villa-lisandra-bonifacio-corse\/","title":{"rendered":"Villa Lisandra, Bonifacio, Corsica"},"content":{"rendered":"<p>D\u00e9couvrez notre nouvelle villa exclusive nich\u00e9e dans les collines de Bonifacio, \u00e0 l&#8217;extr\u00eame sud de la Corse. Entrez dans une maison d&#8217;architecte cubiste au charme traditionnel et \u00e0 la d\u00e9coration \u00e9pur\u00e9e. <span><div class=\"read-more-wrapper\"><a class=\"read-more-button\" data-target=\"read-more-69f3e967ae7c3\" data-more-text=\"Read more\" data-less-text=\"Read less\"><span class=\"read-more-text\">Read more<\/span><\/a><div id=\"read-more-69f3e967ae7c3\" class=\"read-more-content\"> <\/span>Passez vos apr\u00e8s-midis \u00e0 l\u00e9zarder au soleil sur les chaises longues, un verre de liqueur de myrte \u00e0 la main, pendant que les enfants jouent sur la pelouse impeccable. Faites un plongeon dans la piscine miroir suivi d&#8217;une douche rafra\u00eechissante en plein air, puis rassemblez petits et grands dans la salle \u00e0 manger ext\u00e9rieure pour un d\u00e9licieux repas corse de chef.<\/div><\/div><\/p>","protected":false},"excerpt":{"rendered":"<p>D\u00e9couvrez notre nouvelle villa exclusive nich\u00e9e dans les collines de Bonifacio, \u00e0 l&#8217;extr\u00eame sud de la Corse. Entrez dans une&#8230;<\/p>","protected":false},"featured_media":51515,"comment_status":"open","ping_status":"closed","template":"","meta":{"_acf_changed":false},"product_brand":[],"product_cat":[15],"product_tag":[],"class_list":{"0":"post-51476","1":"product","2":"type-product","3":"status-publish","4":"has-post-thumbnail","6":"product_cat-villa","7":"property_location-bonifacio","9":"first","10":"instock","11":"sold-individually","12":"shipping-taxable","13":"purchasable","14":"product-type-simple"},"acf":[],"yoast_head":"<!-- This site is optimized with the Yoast SEO plugin v26.6 - https:\/\/yoast.com\/wordpress\/plugins\/seo\/ -->\n<title>Villa Lisandra, Bonifacio, Corse - S\u00e9jour Priv\u00e9<\/title>\n<meta name=\"description\" content=\"D\u00e9couvrez notre nouvelle villa exclusive nich\u00e9e dans les collines de Bonifacio, \u00e0 l&#039;extr\u00eame sud de la Corse. Entrez dans une maison d&#039;architecte cubiste\" \/>\n<meta name=\"robots\" content=\"index, follow, max-snippet:-1, max-image-preview:large, max-video-preview:-1\" \/>\n<link rel=\"canonical\" href=\"https:\/\/www.sejourprive.com\/en\/biens\/villa-lisandra-bonifacio-corse\/\" \/>\n<meta property=\"og:locale\" content=\"en_GB\" \/>\n<meta property=\"og:type\" content=\"article\" \/>\n<meta property=\"og:title\" content=\"Villa Lisandra, Bonifacio, Corse - S\u00e9jour Priv\u00e9\" \/>\n<meta property=\"og:description\" content=\"D\u00e9couvrez notre nouvelle villa exclusive nich\u00e9e dans les collines de Bonifacio, \u00e0 l&#039;extr\u00eame sud de la Corse. Entrez dans une maison d&#039;architecte cubiste\" \/>\n<meta property=\"og:url\" content=\"https:\/\/www.sejourprive.com\/en\/biens\/villa-lisandra-bonifacio-corse\/\" \/>\n<meta property=\"og:site_name\" content=\"S\u00e9jour Priv\u00e9\" \/>\n<meta property=\"article:modified_time\" content=\"2026-03-25T11:00:51+00:00\" \/>\n<meta property=\"og:image\" content=\"https:\/\/www.sejourprive.com\/wp-content\/uploads\/2026\/03\/3-226.jpg\" \/>\n\t<meta property=\"og:image:width\" content=\"1200\" \/>\n\t<meta property=\"og:image:height\" content=\"800\" \/>\n\t<meta property=\"og:image:type\" content=\"image\/jpeg\" \/>\n<meta name=\"twitter:card\" content=\"summary_large_image\" \/>\n<meta name=\"twitter:label1\" content=\"Estimated reading time\" \/>\n\t<meta name=\"twitter:data1\" content=\"1 minute\" \/>\n<script type=\"application\/ld+json\" class=\"yoast-schema-graph\">{\"@context\":\"https:\/\/schema.org\",\"@graph\":[{\"@type\":\"WebPage\",\"@id\":\"https:\/\/www.sejourprive.com\/biens\/villa-lisandra-bonifacio-corse\/\",\"url\":\"https:\/\/www.sejourprive.com\/biens\/villa-lisandra-bonifacio-corse\/\",\"name\":\"Villa Lisandra, Bonifacio, Corse - S\u00e9jour Priv\u00e9\",\"isPartOf\":{\"@id\":\"https:\/\/www.sejourprive.com\/#website\"},\"primaryImageOfPage\":{\"@id\":\"https:\/\/www.sejourprive.com\/biens\/villa-lisandra-bonifacio-corse\/#primaryimage\"},\"image\":{\"@id\":\"https:\/\/www.sejourprive.com\/biens\/villa-lisandra-bonifacio-corse\/#primaryimage\"},\"thumbnailUrl\":\"https:\/\/www.sejourprive.com\/wp-content\/uploads\/2026\/03\/3-226.jpg\",\"datePublished\":\"2026-03-25T11:00:01+00:00\",\"dateModified\":\"2026-03-25T11:00:51+00:00\",\"description\":\"D\u00e9couvrez notre nouvelle villa exclusive nich\u00e9e dans les collines de Bonifacio, \u00e0 l'extr\u00eame sud de la Corse. Entrez dans une maison d'architecte cubiste\",\"breadcrumb\":{\"@id\":\"https:\/\/www.sejourprive.com\/biens\/villa-lisandra-bonifacio-corse\/#breadcrumb\"},\"inLanguage\":\"en-GB\",\"potentialAction\":[{\"@type\":\"ReadAction\",\"target\":[\"https:\/\/www.sejourprive.com\/biens\/villa-lisandra-bonifacio-corse\/\"]}]},{\"@type\":\"ImageObject\",\"inLanguage\":\"en-GB\",\"@id\":\"https:\/\/www.sejourprive.com\/biens\/villa-lisandra-bonifacio-corse\/#primaryimage\",\"url\":\"https:\/\/www.sejourprive.com\/wp-content\/uploads\/2026\/03\/3-226.jpg\",\"contentUrl\":\"https:\/\/www.sejourprive.com\/wp-content\/uploads\/2026\/03\/3-226.jpg\",\"width\":1200,\"height\":800},{\"@type\":\"BreadcrumbList\",\"@id\":\"https:\/\/www.sejourprive.com\/biens\/villa-lisandra-bonifacio-corse\/#breadcrumb\",\"itemListElement\":[{\"@type\":\"ListItem\",\"position\":1,\"name\":\"Accueil\",\"item\":\"https:\/\/www.sejourprive.com\/\"},{\"@type\":\"ListItem\",\"position\":2,\"name\":\"Shop\",\"item\":\"https:\/\/www.sejourprive.com\/shop\/\"},{\"@type\":\"ListItem\",\"position\":3,\"name\":\"Villa Lisandra, Bonifacio, Corse\"}]},{\"@type\":\"WebSite\",\"@id\":\"https:\/\/www.sejourprive.com\/#website\",\"url\":\"https:\/\/www.sejourprive.com\/\",\"name\":\"S\u00e9jour Priv\u00e9\",\"description\":\"Nous imaginons pour vous des s\u00e9jours d\u2019exception.\",\"publisher\":{\"@id\":\"https:\/\/www.sejourprive.com\/#organization\"},\"potentialAction\":[{\"@type\":\"SearchAction\",\"target\":{\"@type\":\"EntryPoint\",\"urlTemplate\":\"https:\/\/www.sejourprive.com\/?s={search_term_string}\"},\"query-input\":{\"@type\":\"PropertyValueSpecification\",\"valueRequired\":true,\"valueName\":\"search_term_string\"}}],\"inLanguage\":\"en-GB\"},{\"@type\":\"Organization\",\"@id\":\"https:\/\/www.sejourprive.com\/#organization\",\"name\":\"S\u00e9jour Priv\u00e9\",\"url\":\"https:\/\/www.sejourprive.com\/\",\"logo\":{\"@type\":\"ImageObject\",\"inLanguage\":\"en-GB\",\"@id\":\"https:\/\/www.sejourprive.com\/#\/schema\/logo\/image\/\",\"url\":\"https:\/\/www.sejourprive.com\/wp-content\/uploads\/2026\/02\/SP-Apple-touch-144-couleur-1-2.png\",\"contentUrl\":\"https:\/\/www.sejourprive.com\/wp-content\/uploads\/2026\/02\/SP-Apple-touch-144-couleur-1-2.png\",\"width\":145,\"height\":145,\"caption\":\"S\u00e9jour Priv\u00e9\"},\"image\":{\"@id\":\"https:\/\/www.sejourprive.com\/#\/schema\/logo\/image\/\"}}]}<\/script>\n<!-- \/ Yoast SEO plugin. -->","yoast_head_json":{"title":"Villa Lisandra, Bonifacio, Corse - S\u00e9jour Priv\u00e9","description":"D\u00e9couvrez notre nouvelle villa exclusive nich\u00e9e dans les collines de Bonifacio, \u00e0 l'extr\u00eame sud de la Corse. Entrez dans une maison d'architecte cubiste","robots":{"index":"index","follow":"follow","max-snippet":"max-snippet:-1","max-image-preview":"max-image-preview:large","max-video-preview":"max-video-preview:-1"},"canonical":"https:\/\/www.sejourprive.com\/en\/biens\/villa-lisandra-bonifacio-corse\/","og_locale":"en_GB","og_type":"article","og_title":"Villa Lisandra, Bonifacio, Corse - S\u00e9jour Priv\u00e9","og_description":"D\u00e9couvrez notre nouvelle villa exclusive nich\u00e9e dans les collines de Bonifacio, \u00e0 l'extr\u00eame sud de la Corse. Entrez dans une maison d'architecte cubiste","og_url":"https:\/\/www.sejourprive.com\/en\/biens\/villa-lisandra-bonifacio-corse\/","og_site_name":"S\u00e9jour Priv\u00e9","article_modified_time":"2026-03-25T11:00:51+00:00","og_image":[{"width":1200,"height":800,"url":"https:\/\/www.sejourprive.com\/wp-content\/uploads\/2026\/03\/3-226.jpg","type":"image\/jpeg"}],"twitter_card":"summary_large_image","twitter_misc":{"Estimated reading time":"1 minute"},"schema":{"@context":"https:\/\/schema.org","@graph":[{"@type":"WebPage","@id":"https:\/\/www.sejourprive.com\/biens\/villa-lisandra-bonifacio-corse\/","url":"https:\/\/www.sejourprive.com\/biens\/villa-lisandra-bonifacio-corse\/","name":"Villa Lisandra, Bonifacio, Corse - S\u00e9jour Priv\u00e9","isPartOf":{"@id":"https:\/\/www.sejourprive.com\/#website"},"primaryImageOfPage":{"@id":"https:\/\/www.sejourprive.com\/biens\/villa-lisandra-bonifacio-corse\/#primaryimage"},"image":{"@id":"https:\/\/www.sejourprive.com\/biens\/villa-lisandra-bonifacio-corse\/#primaryimage"},"thumbnailUrl":"https:\/\/www.sejourprive.com\/wp-content\/uploads\/2026\/03\/3-226.jpg","datePublished":"2026-03-25T11:00:01+00:00","dateModified":"2026-03-25T11:00:51+00:00","description":"D\u00e9couvrez notre nouvelle villa exclusive nich\u00e9e dans les collines de Bonifacio, \u00e0 l'extr\u00eame sud de la Corse. Entrez dans une maison d'architecte cubiste","breadcrumb":{"@id":"https:\/\/www.sejourprive.com\/biens\/villa-lisandra-bonifacio-corse\/#breadcrumb"},"inLanguage":"en-GB","potentialAction":[{"@type":"ReadAction","target":["https:\/\/www.sejourprive.com\/biens\/villa-lisandra-bonifacio-corse\/"]}]},{"@type":"ImageObject","inLanguage":"en-GB","@id":"https:\/\/www.sejourprive.com\/biens\/villa-lisandra-bonifacio-corse\/#primaryimage","url":"https:\/\/www.sejourprive.com\/wp-content\/uploads\/2026\/03\/3-226.jpg","contentUrl":"https:\/\/www.sejourprive.com\/wp-content\/uploads\/2026\/03\/3-226.jpg","width":1200,"height":800},{"@type":"BreadcrumbList","@id":"https:\/\/www.sejourprive.com\/biens\/villa-lisandra-bonifacio-corse\/#breadcrumb","itemListElement":[{"@type":"ListItem","position":1,"name":"Accueil","item":"https:\/\/www.sejourprive.com\/"},{"@type":"ListItem","position":2,"name":"Shop","item":"https:\/\/www.sejourprive.com\/shop\/"},{"@type":"ListItem","position":3,"name":"Villa Lisandra, Bonifacio, Corse"}]},{"@type":"WebSite","@id":"https:\/\/www.sejourprive.com\/#website","url":"https:\/\/www.sejourprive.com\/","name":"Private Stay","description":"We design exceptional holidays for you.","publisher":{"@id":"https:\/\/www.sejourprive.com\/#organization"},"potentialAction":[{"@type":"SearchAction","target":{"@type":"EntryPoint","urlTemplate":"https:\/\/www.sejourprive.com\/?s={search_term_string}"},"query-input":{"@type":"PropertyValueSpecification","valueRequired":true,"valueName":"search_term_string"}}],"inLanguage":"en-GB"},{"@type":"Organization","@id":"https:\/\/www.sejourprive.com\/#organization","name":"Private Stay","url":"https:\/\/www.sejourprive.com\/","logo":{"@type":"ImageObject","inLanguage":"en-GB","@id":"https:\/\/www.sejourprive.com\/#\/schema\/logo\/image\/","url":"https:\/\/www.sejourprive.com\/wp-content\/uploads\/2026\/02\/SP-Apple-touch-144-couleur-1-2.png","contentUrl":"https:\/\/www.sejourprive.com\/wp-content\/uploads\/2026\/02\/SP-Apple-touch-144-couleur-1-2.png","width":145,"height":145,"caption":"S\u00e9jour Priv\u00e9"},"image":{"@id":"https:\/\/www.sejourprive.com\/#\/schema\/logo\/image\/"}}]}},"_links":{"self":[{"href":"https:\/\/www.sejourprive.com\/en\/wp-json\/wp\/v2\/product\/51476","targetHints":{"allow":["GET"]}}],"collection":[{"href":"https:\/\/www.sejourprive.com\/en\/wp-json\/wp\/v2\/product"}],"about":[{"href":"https:\/\/www.sejourprive.com\/en\/wp-json\/wp\/v2\/types\/product"}],"replies":[{"embeddable":true,"href":"https:\/\/www.sejourprive.com\/en\/wp-json\/wp\/v2\/comments?post=51476"}],"version-history":[{"count":0,"href":"https:\/\/www.sejourprive.com\/en\/wp-json\/wp\/v2\/product\/51476\/revisions"}],"wp:featuredmedia":[{"embeddable":true,"href":"https:\/\/www.sejourprive.com\/en\/wp-json\/wp\/v2\/media\/51515"}],"wp:attachment":[{"href":"https:\/\/www.sejourprive.com\/en\/wp-json\/wp\/v2\/media?parent=51476"}],"wp:term":[{"taxonomy":"product_brand","embeddable":true,"href":"https:\/\/www.sejourprive.com\/en\/wp-json\/wp\/v2\/product_brand?post=51476"},{"taxonomy":"product_cat","embeddable":true,"href":"https:\/\/www.sejourprive.com\/en\/wp-json\/wp\/v2\/product_cat?post=51476"},{"taxonomy":"product_tag","embeddable":true,"href":"https:\/\/www.sejourprive.com\/en\/wp-json\/wp\/v2\/product_tag?post=51476"}],"curies":[{"name":"wp","href":"https:\/\/api.w.org\/{rel}","templated":true}]}}