{"id":51312,"date":"2026-03-25T11:34:40","date_gmt":"2026-03-25T10:34:40","guid":{"rendered":"https:\/\/www.sejourprive.com\/?post_type=product&#038;p=51312"},"modified":"2026-03-25T11:34:40","modified_gmt":"2026-03-25T10:34:40","slug":"villa-aria-di-vignola-ajaccio-corse-france","status":"publish","type":"product","link":"https:\/\/www.sejourprive.com\/en\/biens\/villa-aria-di-vignola-ajaccio-corse-france\/","title":{"rendered":"Villa Aria Di Vignola, Ajaccio, Corsica, France"},"content":{"rendered":"<p>Id\u00e9alement situ\u00e9e sur la \u00ab Route des Sanguinaires \u00bb et \u00e0 une minute de la plage, cette villa offre \u00e0 ses h\u00f4tes un cadre idyllique.<br \/>\nCette splendide villa moderne de 250 m\u00b2, avec son escalier en marbre blanc qui descend depuis l&#8217;entr\u00e9e jusqu&#8217;\u00e0 la piscine, s&#8217;\u00e9panouit au c\u0153ur d&#8217;un tr\u00e8s beau jardin m\u00e9diterran\u00e9en, face \u00e0 la mer, que l&#8217;on peut admirer depuis toutes les pi\u00e8ces de la maison.<span><div class=\"read-more-wrapper\"><a class=\"read-more-button\" data-target=\"read-more-69f1866de26d4\" data-more-text=\"Read more\" data-less-text=\"Read less\"><span class=\"read-more-text\">Read more<\/span><\/a><div id=\"read-more-69f1866de26d4\" class=\"read-more-content\"> <\/span><\/p>\n<p>\u00c0 l&#8217;int\u00e9rieur, on plonge dans une atmosph\u00e8re luxueuse et raffin\u00e9e, teint\u00e9e de touches de sophistication. Son majestueux escalier en marbre blanc de Carrare vous invite \u00e0 plonger directement dans la piscine chauff\u00e9e. Ses suites ouvertes sur la mer invitent au repos. Ses espaces ext\u00e9rieurs savamment con\u00e7us offrent un v\u00e9ritable d\u00e9paysement, pour un s\u00e9jour aussi relaxant que m\u00e9morable.<\/p>\n<p>\u00c0 l&#8217;\u00e9tage, face aux canap\u00e9s, la grande baie vitr\u00e9e s&#8217;ouvre enti\u00e8rement sur la M\u00e9diterran\u00e9e et le golfe d&#8217;Ajaccio. Le matin, on se rafra\u00eechit face \u00e0 la mer dans la piscine de la villa ; lorsque le soleil est haut dans le ciel, on se met \u00e0 l&#8217;abri sous le grand m\u00fbrier ou dans le Pool House ; et en fin de journ\u00e9e, on va se baigner \u00e0 la plage situ\u00e9e \u00e0 2 minutes de la maison, avant d&#8217;aller d\u00eener dans l&#8217;une des cabanes des Sanguinaires.<\/div><\/div><\/p>","protected":false},"excerpt":{"rendered":"<p>Id\u00e9alement situ\u00e9e sur la \u00ab Route des Sanguinaires \u00bb et \u00e0 une minute de la plage, cette villa offre \u00e0&#8230;<\/p>","protected":false},"featured_media":51351,"comment_status":"open","ping_status":"closed","template":"","meta":{"_acf_changed":false},"product_brand":[],"product_cat":[15],"product_tag":[],"class_list":{"0":"post-51312","1":"product","2":"type-product","3":"status-publish","4":"has-post-thumbnail","6":"product_cat-villa","7":"property_location-ajaccio","8":"property_location-corse","10":"first","11":"instock","12":"sold-individually","13":"shipping-taxable","14":"purchasable","15":"product-type-simple"},"acf":[],"yoast_head":"<!-- This site is optimized with the Yoast SEO plugin v26.6 - https:\/\/yoast.com\/wordpress\/plugins\/seo\/ -->\n<title>Villa Aria Di Vignola, Ajaccio, Corse, France - S\u00e9jour Priv\u00e9<\/title>\n<meta name=\"description\" content=\"Id\u00e9alement situ\u00e9e sur la \u00ab Route des Sanguinaires \u00bb et \u00e0 une minute de la plage, cette villa offre \u00e0 ses h\u00f4tes un cadre idyllique. Cette splendide villa\" \/>\n<meta name=\"robots\" content=\"index, follow, max-snippet:-1, max-image-preview:large, max-video-preview:-1\" \/>\n<link rel=\"canonical\" href=\"https:\/\/www.sejourprive.com\/en\/biens\/villa-aria-di-vignola-ajaccio-corse-france\/\" \/>\n<meta property=\"og:locale\" content=\"en_GB\" \/>\n<meta property=\"og:type\" content=\"article\" \/>\n<meta property=\"og:title\" content=\"Villa Aria Di Vignola, Ajaccio, Corse, France - S\u00e9jour Priv\u00e9\" \/>\n<meta property=\"og:description\" content=\"Id\u00e9alement situ\u00e9e sur la \u00ab Route des Sanguinaires \u00bb et \u00e0 une minute de la plage, cette villa offre \u00e0 ses h\u00f4tes un cadre idyllique. Cette splendide villa\" \/>\n<meta property=\"og:url\" content=\"https:\/\/www.sejourprive.com\/en\/biens\/villa-aria-di-vignola-ajaccio-corse-france\/\" \/>\n<meta property=\"og:site_name\" content=\"S\u00e9jour Priv\u00e9\" \/>\n<meta property=\"og:image\" content=\"https:\/\/www.sejourprive.com\/wp-content\/uploads\/2026\/03\/2-227.jpg\" \/>\n\t<meta property=\"og:image:width\" content=\"1200\" \/>\n\t<meta property=\"og:image:height\" content=\"800\" \/>\n\t<meta property=\"og:image:type\" content=\"image\/jpeg\" \/>\n<meta name=\"twitter:card\" content=\"summary_large_image\" \/>\n<meta name=\"twitter:label1\" content=\"Estimated reading time\" \/>\n\t<meta name=\"twitter:data1\" content=\"2 minutes\" \/>\n<script type=\"application\/ld+json\" class=\"yoast-schema-graph\">{\"@context\":\"https:\/\/schema.org\",\"@graph\":[{\"@type\":\"WebPage\",\"@id\":\"https:\/\/www.sejourprive.com\/biens\/villa-aria-di-vignola-ajaccio-corse-france\/\",\"url\":\"https:\/\/www.sejourprive.com\/biens\/villa-aria-di-vignola-ajaccio-corse-france\/\",\"name\":\"Villa Aria Di Vignola, Ajaccio, Corse, France - S\u00e9jour Priv\u00e9\",\"isPartOf\":{\"@id\":\"https:\/\/www.sejourprive.com\/#website\"},\"primaryImageOfPage\":{\"@id\":\"https:\/\/www.sejourprive.com\/biens\/villa-aria-di-vignola-ajaccio-corse-france\/#primaryimage\"},\"image\":{\"@id\":\"https:\/\/www.sejourprive.com\/biens\/villa-aria-di-vignola-ajaccio-corse-france\/#primaryimage\"},\"thumbnailUrl\":\"https:\/\/www.sejourprive.com\/wp-content\/uploads\/2026\/03\/2-227.jpg\",\"datePublished\":\"2026-03-25T10:34:40+00:00\",\"description\":\"Id\u00e9alement situ\u00e9e sur la \u00ab Route des Sanguinaires \u00bb et \u00e0 une minute de la plage, cette villa offre \u00e0 ses h\u00f4tes un cadre idyllique. Cette splendide villa\",\"breadcrumb\":{\"@id\":\"https:\/\/www.sejourprive.com\/biens\/villa-aria-di-vignola-ajaccio-corse-france\/#breadcrumb\"},\"inLanguage\":\"en-GB\",\"potentialAction\":[{\"@type\":\"ReadAction\",\"target\":[\"https:\/\/www.sejourprive.com\/biens\/villa-aria-di-vignola-ajaccio-corse-france\/\"]}]},{\"@type\":\"ImageObject\",\"inLanguage\":\"en-GB\",\"@id\":\"https:\/\/www.sejourprive.com\/biens\/villa-aria-di-vignola-ajaccio-corse-france\/#primaryimage\",\"url\":\"https:\/\/www.sejourprive.com\/wp-content\/uploads\/2026\/03\/2-227.jpg\",\"contentUrl\":\"https:\/\/www.sejourprive.com\/wp-content\/uploads\/2026\/03\/2-227.jpg\",\"width\":1200,\"height\":800},{\"@type\":\"BreadcrumbList\",\"@id\":\"https:\/\/www.sejourprive.com\/biens\/villa-aria-di-vignola-ajaccio-corse-france\/#breadcrumb\",\"itemListElement\":[{\"@type\":\"ListItem\",\"position\":1,\"name\":\"Accueil\",\"item\":\"https:\/\/www.sejourprive.com\/\"},{\"@type\":\"ListItem\",\"position\":2,\"name\":\"Shop\",\"item\":\"https:\/\/www.sejourprive.com\/shop\/\"},{\"@type\":\"ListItem\",\"position\":3,\"name\":\"Villa Aria Di Vignola, Ajaccio, Corse, France\"}]},{\"@type\":\"WebSite\",\"@id\":\"https:\/\/www.sejourprive.com\/#website\",\"url\":\"https:\/\/www.sejourprive.com\/\",\"name\":\"S\u00e9jour Priv\u00e9\",\"description\":\"Nous imaginons pour vous des s\u00e9jours d\u2019exception.\",\"publisher\":{\"@id\":\"https:\/\/www.sejourprive.com\/#organization\"},\"potentialAction\":[{\"@type\":\"SearchAction\",\"target\":{\"@type\":\"EntryPoint\",\"urlTemplate\":\"https:\/\/www.sejourprive.com\/?s={search_term_string}\"},\"query-input\":{\"@type\":\"PropertyValueSpecification\",\"valueRequired\":true,\"valueName\":\"search_term_string\"}}],\"inLanguage\":\"en-GB\"},{\"@type\":\"Organization\",\"@id\":\"https:\/\/www.sejourprive.com\/#organization\",\"name\":\"S\u00e9jour Priv\u00e9\",\"url\":\"https:\/\/www.sejourprive.com\/\",\"logo\":{\"@type\":\"ImageObject\",\"inLanguage\":\"en-GB\",\"@id\":\"https:\/\/www.sejourprive.com\/#\/schema\/logo\/image\/\",\"url\":\"https:\/\/www.sejourprive.com\/wp-content\/uploads\/2026\/02\/SP-Apple-touch-144-couleur-1-2.png\",\"contentUrl\":\"https:\/\/www.sejourprive.com\/wp-content\/uploads\/2026\/02\/SP-Apple-touch-144-couleur-1-2.png\",\"width\":145,\"height\":145,\"caption\":\"S\u00e9jour Priv\u00e9\"},\"image\":{\"@id\":\"https:\/\/www.sejourprive.com\/#\/schema\/logo\/image\/\"}}]}<\/script>\n<!-- \/ Yoast SEO plugin. -->","yoast_head_json":{"title":"Villa Aria Di Vignola, Ajaccio, Corse, France - S\u00e9jour Priv\u00e9","description":"Id\u00e9alement situ\u00e9e sur la \u00ab Route des Sanguinaires \u00bb et \u00e0 une minute de la plage, cette villa offre \u00e0 ses h\u00f4tes un cadre idyllique. Cette splendide villa","robots":{"index":"index","follow":"follow","max-snippet":"max-snippet:-1","max-image-preview":"max-image-preview:large","max-video-preview":"max-video-preview:-1"},"canonical":"https:\/\/www.sejourprive.com\/en\/biens\/villa-aria-di-vignola-ajaccio-corse-france\/","og_locale":"en_GB","og_type":"article","og_title":"Villa Aria Di Vignola, Ajaccio, Corse, France - S\u00e9jour Priv\u00e9","og_description":"Id\u00e9alement situ\u00e9e sur la \u00ab Route des Sanguinaires \u00bb et \u00e0 une minute de la plage, cette villa offre \u00e0 ses h\u00f4tes un cadre idyllique. Cette splendide villa","og_url":"https:\/\/www.sejourprive.com\/en\/biens\/villa-aria-di-vignola-ajaccio-corse-france\/","og_site_name":"S\u00e9jour Priv\u00e9","og_image":[{"width":1200,"height":800,"url":"https:\/\/www.sejourprive.com\/wp-content\/uploads\/2026\/03\/2-227.jpg","type":"image\/jpeg"}],"twitter_card":"summary_large_image","twitter_misc":{"Estimated reading time":"2 minutes"},"schema":{"@context":"https:\/\/schema.org","@graph":[{"@type":"WebPage","@id":"https:\/\/www.sejourprive.com\/biens\/villa-aria-di-vignola-ajaccio-corse-france\/","url":"https:\/\/www.sejourprive.com\/biens\/villa-aria-di-vignola-ajaccio-corse-france\/","name":"Villa Aria Di Vignola, Ajaccio, Corse, France - S\u00e9jour Priv\u00e9","isPartOf":{"@id":"https:\/\/www.sejourprive.com\/#website"},"primaryImageOfPage":{"@id":"https:\/\/www.sejourprive.com\/biens\/villa-aria-di-vignola-ajaccio-corse-france\/#primaryimage"},"image":{"@id":"https:\/\/www.sejourprive.com\/biens\/villa-aria-di-vignola-ajaccio-corse-france\/#primaryimage"},"thumbnailUrl":"https:\/\/www.sejourprive.com\/wp-content\/uploads\/2026\/03\/2-227.jpg","datePublished":"2026-03-25T10:34:40+00:00","description":"Id\u00e9alement situ\u00e9e sur la \u00ab Route des Sanguinaires \u00bb et \u00e0 une minute de la plage, cette villa offre \u00e0 ses h\u00f4tes un cadre idyllique. Cette splendide villa","breadcrumb":{"@id":"https:\/\/www.sejourprive.com\/biens\/villa-aria-di-vignola-ajaccio-corse-france\/#breadcrumb"},"inLanguage":"en-GB","potentialAction":[{"@type":"ReadAction","target":["https:\/\/www.sejourprive.com\/biens\/villa-aria-di-vignola-ajaccio-corse-france\/"]}]},{"@type":"ImageObject","inLanguage":"en-GB","@id":"https:\/\/www.sejourprive.com\/biens\/villa-aria-di-vignola-ajaccio-corse-france\/#primaryimage","url":"https:\/\/www.sejourprive.com\/wp-content\/uploads\/2026\/03\/2-227.jpg","contentUrl":"https:\/\/www.sejourprive.com\/wp-content\/uploads\/2026\/03\/2-227.jpg","width":1200,"height":800},{"@type":"BreadcrumbList","@id":"https:\/\/www.sejourprive.com\/biens\/villa-aria-di-vignola-ajaccio-corse-france\/#breadcrumb","itemListElement":[{"@type":"ListItem","position":1,"name":"Accueil","item":"https:\/\/www.sejourprive.com\/"},{"@type":"ListItem","position":2,"name":"Shop","item":"https:\/\/www.sejourprive.com\/shop\/"},{"@type":"ListItem","position":3,"name":"Villa Aria Di Vignola, Ajaccio, Corse, France"}]},{"@type":"WebSite","@id":"https:\/\/www.sejourprive.com\/#website","url":"https:\/\/www.sejourprive.com\/","name":"Private Stay","description":"We design exceptional holidays for you.","publisher":{"@id":"https:\/\/www.sejourprive.com\/#organization"},"potentialAction":[{"@type":"SearchAction","target":{"@type":"EntryPoint","urlTemplate":"https:\/\/www.sejourprive.com\/?s={search_term_string}"},"query-input":{"@type":"PropertyValueSpecification","valueRequired":true,"valueName":"search_term_string"}}],"inLanguage":"en-GB"},{"@type":"Organization","@id":"https:\/\/www.sejourprive.com\/#organization","name":"Private Stay","url":"https:\/\/www.sejourprive.com\/","logo":{"@type":"ImageObject","inLanguage":"en-GB","@id":"https:\/\/www.sejourprive.com\/#\/schema\/logo\/image\/","url":"https:\/\/www.sejourprive.com\/wp-content\/uploads\/2026\/02\/SP-Apple-touch-144-couleur-1-2.png","contentUrl":"https:\/\/www.sejourprive.com\/wp-content\/uploads\/2026\/02\/SP-Apple-touch-144-couleur-1-2.png","width":145,"height":145,"caption":"S\u00e9jour Priv\u00e9"},"image":{"@id":"https:\/\/www.sejourprive.com\/#\/schema\/logo\/image\/"}}]}},"_links":{"self":[{"href":"https:\/\/www.sejourprive.com\/en\/wp-json\/wp\/v2\/product\/51312","targetHints":{"allow":["GET"]}}],"collection":[{"href":"https:\/\/www.sejourprive.com\/en\/wp-json\/wp\/v2\/product"}],"about":[{"href":"https:\/\/www.sejourprive.com\/en\/wp-json\/wp\/v2\/types\/product"}],"replies":[{"embeddable":true,"href":"https:\/\/www.sejourprive.com\/en\/wp-json\/wp\/v2\/comments?post=51312"}],"version-history":[{"count":0,"href":"https:\/\/www.sejourprive.com\/en\/wp-json\/wp\/v2\/product\/51312\/revisions"}],"wp:featuredmedia":[{"embeddable":true,"href":"https:\/\/www.sejourprive.com\/en\/wp-json\/wp\/v2\/media\/51351"}],"wp:attachment":[{"href":"https:\/\/www.sejourprive.com\/en\/wp-json\/wp\/v2\/media?parent=51312"}],"wp:term":[{"taxonomy":"product_brand","embeddable":true,"href":"https:\/\/www.sejourprive.com\/en\/wp-json\/wp\/v2\/product_brand?post=51312"},{"taxonomy":"product_cat","embeddable":true,"href":"https:\/\/www.sejourprive.com\/en\/wp-json\/wp\/v2\/product_cat?post=51312"},{"taxonomy":"product_tag","embeddable":true,"href":"https:\/\/www.sejourprive.com\/en\/wp-json\/wp\/v2\/product_tag?post=51312"}],"curies":[{"name":"wp","href":"https:\/\/api.w.org\/{rel}","templated":true}]}}