{"id":50909,"date":"2026-03-23T14:36:16","date_gmt":"2026-03-23T13:36:16","guid":{"rendered":"https:\/\/www.sejourprive.com\/?post_type=product&#038;p=50909"},"modified":"2026-03-23T14:36:16","modified_gmt":"2026-03-23T13:36:16","slug":"villa-cavallu-porto-vecchio-corse","status":"publish","type":"product","link":"https:\/\/www.sejourprive.com\/en\/biens\/villa-cavallu-porto-vecchio-corse\/","title":{"rendered":"Villa Cavallu, Porto-Vecchio, Corsica"},"content":{"rendered":"<p>\u00c0 quelques pas de la mythique plage de Palombaggia, la villa s\u2019ouvre comme un \u00e9crin de douceur au c\u0153ur d\u2019un paysage intact. Ici, le chant des cigales accompagne vos siestes \u00e0 l\u2019ombre, les chevaux paissent lentement au loin, et la lumi\u00e8re danse sur les pierres chaudes de la fa\u00e7ade. Aucun bruit, aucun voisin, juste la nature qui s&#8217;\u00e9tire tout autour, g\u00e9n\u00e9reuse et paisible.<\/p>\n<p><span><div class=\"read-more-wrapper\"><a class=\"read-more-button\" data-target=\"read-more-69f3a802d5f7a\" data-more-text=\"Read more\" data-less-text=\"Read less\"><span class=\"read-more-text\">Read more<\/span><\/a><div id=\"read-more-69f3a802d5f7a\" class=\"read-more-content\"> <\/span>Designed as a family home, it offers four bedrooms with en suite bathrooms, a blonde wood terrace, an azure swimming pool, and a large outdoor space for preparing and sharing long summer meals. The plancha heats gently while glasses clink, laughter echoes around the table and children run barefoot on the grass. Here, time slows down. And it makes you feel good.<\/div><\/div><\/p>","protected":false},"excerpt":{"rendered":"<p>\u00c0 quelques pas de la mythique plage de Palombaggia, la villa s\u2019ouvre comme un \u00e9crin de douceur au c\u0153ur d\u2019un&#8230;<\/p>","protected":false},"featured_media":50942,"comment_status":"open","ping_status":"closed","template":"","meta":{"_acf_changed":false},"product_brand":[],"product_cat":[15],"product_tag":[],"class_list":{"0":"post-50909","1":"product","2":"type-product","3":"status-publish","4":"has-post-thumbnail","6":"product_cat-villa","7":"property_location-corse","8":"property_location-porto-vecchio","10":"first","11":"instock","12":"sold-individually","13":"shipping-taxable","14":"purchasable","15":"product-type-simple"},"acf":[],"yoast_head":"<!-- This site is optimized with the Yoast SEO plugin v26.6 - https:\/\/yoast.com\/wordpress\/plugins\/seo\/ -->\n<title>Villa Cavallu, Porto-Vecchio, Corse - S\u00e9jour Priv\u00e9<\/title>\n<meta name=\"description\" content=\"\u00c0 quelques pas de la mythique plage de Palombaggia, la villa s\u2019ouvre comme un \u00e9crin de douceur au c\u0153ur d\u2019un paysage intact. Ici, le chant des cigales\" \/>\n<meta name=\"robots\" content=\"index, follow, max-snippet:-1, max-image-preview:large, max-video-preview:-1\" \/>\n<link rel=\"canonical\" href=\"https:\/\/www.sejourprive.com\/en\/biens\/villa-cavallu-porto-vecchio-corse\/\" \/>\n<meta property=\"og:locale\" content=\"en_GB\" \/>\n<meta property=\"og:type\" content=\"article\" \/>\n<meta property=\"og:title\" content=\"Villa Cavallu, Porto-Vecchio, Corse - S\u00e9jour Priv\u00e9\" \/>\n<meta property=\"og:description\" content=\"\u00c0 quelques pas de la mythique plage de Palombaggia, la villa s\u2019ouvre comme un \u00e9crin de douceur au c\u0153ur d\u2019un paysage intact. Ici, le chant des cigales\" \/>\n<meta property=\"og:url\" content=\"https:\/\/www.sejourprive.com\/en\/biens\/villa-cavallu-porto-vecchio-corse\/\" \/>\n<meta property=\"og:site_name\" content=\"S\u00e9jour Priv\u00e9\" \/>\n<meta property=\"og:image\" content=\"https:\/\/www.sejourprive.com\/wp-content\/uploads\/2026\/03\/1-219.jpg\" \/>\n\t<meta property=\"og:image:width\" content=\"1200\" \/>\n\t<meta property=\"og:image:height\" content=\"800\" \/>\n\t<meta property=\"og:image:type\" content=\"image\/jpeg\" \/>\n<meta name=\"twitter:card\" content=\"summary_large_image\" \/>\n<meta name=\"twitter:label1\" content=\"Estimated reading time\" \/>\n\t<meta name=\"twitter:data1\" content=\"1 minute\" \/>\n<script type=\"application\/ld+json\" class=\"yoast-schema-graph\">{\"@context\":\"https:\/\/schema.org\",\"@graph\":[{\"@type\":\"WebPage\",\"@id\":\"https:\/\/www.sejourprive.com\/biens\/villa-cavallu-porto-vecchio-corse\/\",\"url\":\"https:\/\/www.sejourprive.com\/biens\/villa-cavallu-porto-vecchio-corse\/\",\"name\":\"Villa Cavallu, Porto-Vecchio, Corse - S\u00e9jour Priv\u00e9\",\"isPartOf\":{\"@id\":\"https:\/\/www.sejourprive.com\/#website\"},\"primaryImageOfPage\":{\"@id\":\"https:\/\/www.sejourprive.com\/biens\/villa-cavallu-porto-vecchio-corse\/#primaryimage\"},\"image\":{\"@id\":\"https:\/\/www.sejourprive.com\/biens\/villa-cavallu-porto-vecchio-corse\/#primaryimage\"},\"thumbnailUrl\":\"https:\/\/www.sejourprive.com\/wp-content\/uploads\/2026\/03\/1-219.jpg\",\"datePublished\":\"2026-03-23T13:36:16+00:00\",\"description\":\"\u00c0 quelques pas de la mythique plage de Palombaggia, la villa s\u2019ouvre comme un \u00e9crin de douceur au c\u0153ur d\u2019un paysage intact. Ici, le chant des cigales\",\"breadcrumb\":{\"@id\":\"https:\/\/www.sejourprive.com\/biens\/villa-cavallu-porto-vecchio-corse\/#breadcrumb\"},\"inLanguage\":\"en-GB\",\"potentialAction\":[{\"@type\":\"ReadAction\",\"target\":[\"https:\/\/www.sejourprive.com\/biens\/villa-cavallu-porto-vecchio-corse\/\"]}]},{\"@type\":\"ImageObject\",\"inLanguage\":\"en-GB\",\"@id\":\"https:\/\/www.sejourprive.com\/biens\/villa-cavallu-porto-vecchio-corse\/#primaryimage\",\"url\":\"https:\/\/www.sejourprive.com\/wp-content\/uploads\/2026\/03\/1-219.jpg\",\"contentUrl\":\"https:\/\/www.sejourprive.com\/wp-content\/uploads\/2026\/03\/1-219.jpg\",\"width\":1200,\"height\":800},{\"@type\":\"BreadcrumbList\",\"@id\":\"https:\/\/www.sejourprive.com\/biens\/villa-cavallu-porto-vecchio-corse\/#breadcrumb\",\"itemListElement\":[{\"@type\":\"ListItem\",\"position\":1,\"name\":\"Accueil\",\"item\":\"https:\/\/www.sejourprive.com\/\"},{\"@type\":\"ListItem\",\"position\":2,\"name\":\"Shop\",\"item\":\"https:\/\/www.sejourprive.com\/shop\/\"},{\"@type\":\"ListItem\",\"position\":3,\"name\":\"Villa Cavallu, Porto-Vecchio, Corse\"}]},{\"@type\":\"WebSite\",\"@id\":\"https:\/\/www.sejourprive.com\/#website\",\"url\":\"https:\/\/www.sejourprive.com\/\",\"name\":\"S\u00e9jour Priv\u00e9\",\"description\":\"Nous imaginons pour vous des s\u00e9jours d\u2019exception.\",\"publisher\":{\"@id\":\"https:\/\/www.sejourprive.com\/#organization\"},\"potentialAction\":[{\"@type\":\"SearchAction\",\"target\":{\"@type\":\"EntryPoint\",\"urlTemplate\":\"https:\/\/www.sejourprive.com\/?s={search_term_string}\"},\"query-input\":{\"@type\":\"PropertyValueSpecification\",\"valueRequired\":true,\"valueName\":\"search_term_string\"}}],\"inLanguage\":\"en-GB\"},{\"@type\":\"Organization\",\"@id\":\"https:\/\/www.sejourprive.com\/#organization\",\"name\":\"S\u00e9jour Priv\u00e9\",\"url\":\"https:\/\/www.sejourprive.com\/\",\"logo\":{\"@type\":\"ImageObject\",\"inLanguage\":\"en-GB\",\"@id\":\"https:\/\/www.sejourprive.com\/#\/schema\/logo\/image\/\",\"url\":\"https:\/\/www.sejourprive.com\/wp-content\/uploads\/2026\/02\/SP-Apple-touch-144-couleur-1-2.png\",\"contentUrl\":\"https:\/\/www.sejourprive.com\/wp-content\/uploads\/2026\/02\/SP-Apple-touch-144-couleur-1-2.png\",\"width\":145,\"height\":145,\"caption\":\"S\u00e9jour Priv\u00e9\"},\"image\":{\"@id\":\"https:\/\/www.sejourprive.com\/#\/schema\/logo\/image\/\"}}]}<\/script>\n<!-- \/ Yoast SEO plugin. -->","yoast_head_json":{"title":"Villa Cavallu, Porto-Vecchio, Corse - S\u00e9jour Priv\u00e9","description":"\u00c0 quelques pas de la mythique plage de Palombaggia, la villa s\u2019ouvre comme un \u00e9crin de douceur au c\u0153ur d\u2019un paysage intact. Ici, le chant des cigales","robots":{"index":"index","follow":"follow","max-snippet":"max-snippet:-1","max-image-preview":"max-image-preview:large","max-video-preview":"max-video-preview:-1"},"canonical":"https:\/\/www.sejourprive.com\/en\/biens\/villa-cavallu-porto-vecchio-corse\/","og_locale":"en_GB","og_type":"article","og_title":"Villa Cavallu, Porto-Vecchio, Corse - S\u00e9jour Priv\u00e9","og_description":"\u00c0 quelques pas de la mythique plage de Palombaggia, la villa s\u2019ouvre comme un \u00e9crin de douceur au c\u0153ur d\u2019un paysage intact. Ici, le chant des cigales","og_url":"https:\/\/www.sejourprive.com\/en\/biens\/villa-cavallu-porto-vecchio-corse\/","og_site_name":"S\u00e9jour Priv\u00e9","og_image":[{"width":1200,"height":800,"url":"https:\/\/www.sejourprive.com\/wp-content\/uploads\/2026\/03\/1-219.jpg","type":"image\/jpeg"}],"twitter_card":"summary_large_image","twitter_misc":{"Estimated reading time":"1 minute"},"schema":{"@context":"https:\/\/schema.org","@graph":[{"@type":"WebPage","@id":"https:\/\/www.sejourprive.com\/biens\/villa-cavallu-porto-vecchio-corse\/","url":"https:\/\/www.sejourprive.com\/biens\/villa-cavallu-porto-vecchio-corse\/","name":"Villa Cavallu, Porto-Vecchio, Corse - S\u00e9jour Priv\u00e9","isPartOf":{"@id":"https:\/\/www.sejourprive.com\/#website"},"primaryImageOfPage":{"@id":"https:\/\/www.sejourprive.com\/biens\/villa-cavallu-porto-vecchio-corse\/#primaryimage"},"image":{"@id":"https:\/\/www.sejourprive.com\/biens\/villa-cavallu-porto-vecchio-corse\/#primaryimage"},"thumbnailUrl":"https:\/\/www.sejourprive.com\/wp-content\/uploads\/2026\/03\/1-219.jpg","datePublished":"2026-03-23T13:36:16+00:00","description":"\u00c0 quelques pas de la mythique plage de Palombaggia, la villa s\u2019ouvre comme un \u00e9crin de douceur au c\u0153ur d\u2019un paysage intact. Ici, le chant des cigales","breadcrumb":{"@id":"https:\/\/www.sejourprive.com\/biens\/villa-cavallu-porto-vecchio-corse\/#breadcrumb"},"inLanguage":"en-GB","potentialAction":[{"@type":"ReadAction","target":["https:\/\/www.sejourprive.com\/biens\/villa-cavallu-porto-vecchio-corse\/"]}]},{"@type":"ImageObject","inLanguage":"en-GB","@id":"https:\/\/www.sejourprive.com\/biens\/villa-cavallu-porto-vecchio-corse\/#primaryimage","url":"https:\/\/www.sejourprive.com\/wp-content\/uploads\/2026\/03\/1-219.jpg","contentUrl":"https:\/\/www.sejourprive.com\/wp-content\/uploads\/2026\/03\/1-219.jpg","width":1200,"height":800},{"@type":"BreadcrumbList","@id":"https:\/\/www.sejourprive.com\/biens\/villa-cavallu-porto-vecchio-corse\/#breadcrumb","itemListElement":[{"@type":"ListItem","position":1,"name":"Accueil","item":"https:\/\/www.sejourprive.com\/"},{"@type":"ListItem","position":2,"name":"Shop","item":"https:\/\/www.sejourprive.com\/shop\/"},{"@type":"ListItem","position":3,"name":"Villa Cavallu, Porto-Vecchio, Corse"}]},{"@type":"WebSite","@id":"https:\/\/www.sejourprive.com\/#website","url":"https:\/\/www.sejourprive.com\/","name":"Private Stay","description":"We design exceptional holidays for you.","publisher":{"@id":"https:\/\/www.sejourprive.com\/#organization"},"potentialAction":[{"@type":"SearchAction","target":{"@type":"EntryPoint","urlTemplate":"https:\/\/www.sejourprive.com\/?s={search_term_string}"},"query-input":{"@type":"PropertyValueSpecification","valueRequired":true,"valueName":"search_term_string"}}],"inLanguage":"en-GB"},{"@type":"Organization","@id":"https:\/\/www.sejourprive.com\/#organization","name":"Private Stay","url":"https:\/\/www.sejourprive.com\/","logo":{"@type":"ImageObject","inLanguage":"en-GB","@id":"https:\/\/www.sejourprive.com\/#\/schema\/logo\/image\/","url":"https:\/\/www.sejourprive.com\/wp-content\/uploads\/2026\/02\/SP-Apple-touch-144-couleur-1-2.png","contentUrl":"https:\/\/www.sejourprive.com\/wp-content\/uploads\/2026\/02\/SP-Apple-touch-144-couleur-1-2.png","width":145,"height":145,"caption":"S\u00e9jour Priv\u00e9"},"image":{"@id":"https:\/\/www.sejourprive.com\/#\/schema\/logo\/image\/"}}]}},"_links":{"self":[{"href":"https:\/\/www.sejourprive.com\/en\/wp-json\/wp\/v2\/product\/50909","targetHints":{"allow":["GET"]}}],"collection":[{"href":"https:\/\/www.sejourprive.com\/en\/wp-json\/wp\/v2\/product"}],"about":[{"href":"https:\/\/www.sejourprive.com\/en\/wp-json\/wp\/v2\/types\/product"}],"replies":[{"embeddable":true,"href":"https:\/\/www.sejourprive.com\/en\/wp-json\/wp\/v2\/comments?post=50909"}],"version-history":[{"count":0,"href":"https:\/\/www.sejourprive.com\/en\/wp-json\/wp\/v2\/product\/50909\/revisions"}],"wp:featuredmedia":[{"embeddable":true,"href":"https:\/\/www.sejourprive.com\/en\/wp-json\/wp\/v2\/media\/50942"}],"wp:attachment":[{"href":"https:\/\/www.sejourprive.com\/en\/wp-json\/wp\/v2\/media?parent=50909"}],"wp:term":[{"taxonomy":"product_brand","embeddable":true,"href":"https:\/\/www.sejourprive.com\/en\/wp-json\/wp\/v2\/product_brand?post=50909"},{"taxonomy":"product_cat","embeddable":true,"href":"https:\/\/www.sejourprive.com\/en\/wp-json\/wp\/v2\/product_cat?post=50909"},{"taxonomy":"product_tag","embeddable":true,"href":"https:\/\/www.sejourprive.com\/en\/wp-json\/wp\/v2\/product_tag?post=50909"}],"curies":[{"name":"wp","href":"https:\/\/api.w.org\/{rel}","templated":true}]}}