{"id":50658,"date":"2026-03-23T14:22:30","date_gmt":"2026-03-23T13:22:30","guid":{"rendered":"https:\/\/www.sejourprive.com\/?post_type=product&#038;p=50658"},"modified":"2026-03-23T14:22:30","modified_gmt":"2026-03-23T13:22:30","slug":"casa-fazzio-bonifacio-corse-france","status":"publish","type":"product","link":"https:\/\/www.sejourprive.com\/en\/biens\/casa-fazzio-bonifacio-corse-france\/","title":{"rendered":"Casa Fazzi\u00f2, Bonifacio, Corsica, France"},"content":{"rendered":"<p>\u00c0 quelques minutes seulement de Bonifacio, la Casa Fazzi\u00f2 est install\u00e9e dans une ancienne maison de berger, enti\u00e8rement r\u00e9am\u00e9nag\u00e9e dans un style naturel et sobre. Depuis la terrasse, la vue s&#8217;\u00e9tend sur la mer, les collines escarp\u00e9es de la Corse et la v\u00e9g\u00e9tation sauvage : un paysage serein, pr\u00e9serv\u00e9 et intemporel.<span><div class=\"read-more-wrapper\"><a class=\"read-more-button\" data-target=\"read-more-69f2d55a5b527\" data-more-text=\"Read more\" data-less-text=\"Read less\"><span class=\"read-more-text\">Read more<\/span><\/a><div id=\"read-more-69f2d55a5b527\" class=\"read-more-content\"> <\/span><\/p>\n<p>Commencez la journ\u00e9e par quelques longueurs dans la piscine \u00e0 d\u00e9bordement, encore paisible dans la lumi\u00e8re du matin. Empruntez le sentier priv\u00e9 qui descend vers une plage tranquille accessible \u00e0 pied, puis revenez vous d\u00e9tendre dans le jacuzzi. Pr\u00e9parez le d\u00e9jeuner dans la cuisine ext\u00e9rieure, partagez un ap\u00e9ritif face \u00e0 la mer et laissez la journ\u00e9e s&#8217;achever en douceur, entre moments de calme et souvenirs partag\u00e9s.<\/div><\/div><\/p>","protected":false},"excerpt":{"rendered":"<p>\u00c0 quelques minutes seulement de Bonifacio, la Casa Fazzi\u00f2 est install\u00e9e dans une ancienne maison de berger, enti\u00e8rement r\u00e9am\u00e9nag\u00e9e dans&#8230;<\/p>","protected":false},"featured_media":50716,"comment_status":"open","ping_status":"closed","template":"","meta":{"_acf_changed":false},"product_brand":[],"product_cat":[15],"product_tag":[],"class_list":{"0":"post-50658","1":"product","2":"type-product","3":"status-publish","4":"has-post-thumbnail","6":"product_cat-villa","7":"property_location-bonifacio","9":"first","10":"instock","11":"sold-individually","12":"shipping-taxable","13":"purchasable","14":"product-type-simple"},"acf":[],"yoast_head":"<!-- This site is optimized with the Yoast SEO plugin v26.6 - https:\/\/yoast.com\/wordpress\/plugins\/seo\/ -->\n<title>Casa Fazzi\u00f2, Bonifacio, Corse, France - S\u00e9jour Priv\u00e9<\/title>\n<meta name=\"description\" content=\"\u00c0 quelques minutes seulement de Bonifacio, la Casa Fazzi\u00f2 est install\u00e9e dans une ancienne maison de berger, enti\u00e8rement r\u00e9am\u00e9nag\u00e9e dans un style naturel\" \/>\n<meta name=\"robots\" content=\"index, follow, max-snippet:-1, max-image-preview:large, max-video-preview:-1\" \/>\n<link rel=\"canonical\" href=\"https:\/\/www.sejourprive.com\/en\/biens\/casa-fazzio-bonifacio-corse-france\/\" \/>\n<meta property=\"og:locale\" content=\"en_GB\" \/>\n<meta property=\"og:type\" content=\"article\" \/>\n<meta property=\"og:title\" content=\"Casa Fazzi\u00f2, Bonifacio, Corse, France - S\u00e9jour Priv\u00e9\" \/>\n<meta property=\"og:description\" content=\"\u00c0 quelques minutes seulement de Bonifacio, la Casa Fazzi\u00f2 est install\u00e9e dans une ancienne maison de berger, enti\u00e8rement r\u00e9am\u00e9nag\u00e9e dans un style naturel\" \/>\n<meta property=\"og:url\" content=\"https:\/\/www.sejourprive.com\/en\/biens\/casa-fazzio-bonifacio-corse-france\/\" \/>\n<meta property=\"og:site_name\" content=\"S\u00e9jour Priv\u00e9\" \/>\n<meta property=\"og:image\" content=\"https:\/\/www.sejourprive.com\/wp-content\/uploads\/2026\/03\/0-206.jpg\" \/>\n\t<meta property=\"og:image:width\" content=\"1200\" \/>\n\t<meta property=\"og:image:height\" content=\"682\" \/>\n\t<meta property=\"og:image:type\" content=\"image\/jpeg\" \/>\n<meta name=\"twitter:card\" content=\"summary_large_image\" \/>\n<meta name=\"twitter:label1\" content=\"Estimated reading time\" \/>\n\t<meta name=\"twitter:data1\" content=\"1 minute\" \/>\n<script type=\"application\/ld+json\" class=\"yoast-schema-graph\">{\"@context\":\"https:\/\/schema.org\",\"@graph\":[{\"@type\":\"WebPage\",\"@id\":\"https:\/\/www.sejourprive.com\/biens\/casa-fazzio-bonifacio-corse-france\/\",\"url\":\"https:\/\/www.sejourprive.com\/biens\/casa-fazzio-bonifacio-corse-france\/\",\"name\":\"Casa Fazzi\u00f2, Bonifacio, Corse, France - S\u00e9jour Priv\u00e9\",\"isPartOf\":{\"@id\":\"https:\/\/www.sejourprive.com\/#website\"},\"primaryImageOfPage\":{\"@id\":\"https:\/\/www.sejourprive.com\/biens\/casa-fazzio-bonifacio-corse-france\/#primaryimage\"},\"image\":{\"@id\":\"https:\/\/www.sejourprive.com\/biens\/casa-fazzio-bonifacio-corse-france\/#primaryimage\"},\"thumbnailUrl\":\"https:\/\/www.sejourprive.com\/wp-content\/uploads\/2026\/03\/0-206.jpg\",\"datePublished\":\"2026-03-23T13:22:30+00:00\",\"description\":\"\u00c0 quelques minutes seulement de Bonifacio, la Casa Fazzi\u00f2 est install\u00e9e dans une ancienne maison de berger, enti\u00e8rement r\u00e9am\u00e9nag\u00e9e dans un style naturel\",\"breadcrumb\":{\"@id\":\"https:\/\/www.sejourprive.com\/biens\/casa-fazzio-bonifacio-corse-france\/#breadcrumb\"},\"inLanguage\":\"en-GB\",\"potentialAction\":[{\"@type\":\"ReadAction\",\"target\":[\"https:\/\/www.sejourprive.com\/biens\/casa-fazzio-bonifacio-corse-france\/\"]}]},{\"@type\":\"ImageObject\",\"inLanguage\":\"en-GB\",\"@id\":\"https:\/\/www.sejourprive.com\/biens\/casa-fazzio-bonifacio-corse-france\/#primaryimage\",\"url\":\"https:\/\/www.sejourprive.com\/wp-content\/uploads\/2026\/03\/0-206.jpg\",\"contentUrl\":\"https:\/\/www.sejourprive.com\/wp-content\/uploads\/2026\/03\/0-206.jpg\",\"width\":1200,\"height\":682},{\"@type\":\"BreadcrumbList\",\"@id\":\"https:\/\/www.sejourprive.com\/biens\/casa-fazzio-bonifacio-corse-france\/#breadcrumb\",\"itemListElement\":[{\"@type\":\"ListItem\",\"position\":1,\"name\":\"Accueil\",\"item\":\"https:\/\/www.sejourprive.com\/\"},{\"@type\":\"ListItem\",\"position\":2,\"name\":\"Shop\",\"item\":\"https:\/\/www.sejourprive.com\/shop\/\"},{\"@type\":\"ListItem\",\"position\":3,\"name\":\"Casa Fazzi\u00f2, Bonifacio, Corse, France\"}]},{\"@type\":\"WebSite\",\"@id\":\"https:\/\/www.sejourprive.com\/#website\",\"url\":\"https:\/\/www.sejourprive.com\/\",\"name\":\"S\u00e9jour Priv\u00e9\",\"description\":\"Nous imaginons pour vous des s\u00e9jours d\u2019exception.\",\"publisher\":{\"@id\":\"https:\/\/www.sejourprive.com\/#organization\"},\"potentialAction\":[{\"@type\":\"SearchAction\",\"target\":{\"@type\":\"EntryPoint\",\"urlTemplate\":\"https:\/\/www.sejourprive.com\/?s={search_term_string}\"},\"query-input\":{\"@type\":\"PropertyValueSpecification\",\"valueRequired\":true,\"valueName\":\"search_term_string\"}}],\"inLanguage\":\"en-GB\"},{\"@type\":\"Organization\",\"@id\":\"https:\/\/www.sejourprive.com\/#organization\",\"name\":\"S\u00e9jour Priv\u00e9\",\"url\":\"https:\/\/www.sejourprive.com\/\",\"logo\":{\"@type\":\"ImageObject\",\"inLanguage\":\"en-GB\",\"@id\":\"https:\/\/www.sejourprive.com\/#\/schema\/logo\/image\/\",\"url\":\"https:\/\/www.sejourprive.com\/wp-content\/uploads\/2026\/02\/SP-Apple-touch-144-couleur-1-2.png\",\"contentUrl\":\"https:\/\/www.sejourprive.com\/wp-content\/uploads\/2026\/02\/SP-Apple-touch-144-couleur-1-2.png\",\"width\":145,\"height\":145,\"caption\":\"S\u00e9jour Priv\u00e9\"},\"image\":{\"@id\":\"https:\/\/www.sejourprive.com\/#\/schema\/logo\/image\/\"}}]}<\/script>\n<!-- \/ Yoast SEO plugin. -->","yoast_head_json":{"title":"Casa Fazzi\u00f2, Bonifacio, Corse, France - S\u00e9jour Priv\u00e9","description":"\u00c0 quelques minutes seulement de Bonifacio, la Casa Fazzi\u00f2 est install\u00e9e dans une ancienne maison de berger, enti\u00e8rement r\u00e9am\u00e9nag\u00e9e dans un style naturel","robots":{"index":"index","follow":"follow","max-snippet":"max-snippet:-1","max-image-preview":"max-image-preview:large","max-video-preview":"max-video-preview:-1"},"canonical":"https:\/\/www.sejourprive.com\/en\/biens\/casa-fazzio-bonifacio-corse-france\/","og_locale":"en_GB","og_type":"article","og_title":"Casa Fazzi\u00f2, Bonifacio, Corse, France - S\u00e9jour Priv\u00e9","og_description":"\u00c0 quelques minutes seulement de Bonifacio, la Casa Fazzi\u00f2 est install\u00e9e dans une ancienne maison de berger, enti\u00e8rement r\u00e9am\u00e9nag\u00e9e dans un style naturel","og_url":"https:\/\/www.sejourprive.com\/en\/biens\/casa-fazzio-bonifacio-corse-france\/","og_site_name":"S\u00e9jour Priv\u00e9","og_image":[{"width":1200,"height":682,"url":"https:\/\/www.sejourprive.com\/wp-content\/uploads\/2026\/03\/0-206.jpg","type":"image\/jpeg"}],"twitter_card":"summary_large_image","twitter_misc":{"Estimated reading time":"1 minute"},"schema":{"@context":"https:\/\/schema.org","@graph":[{"@type":"WebPage","@id":"https:\/\/www.sejourprive.com\/biens\/casa-fazzio-bonifacio-corse-france\/","url":"https:\/\/www.sejourprive.com\/biens\/casa-fazzio-bonifacio-corse-france\/","name":"Casa Fazzi\u00f2, Bonifacio, Corse, France - S\u00e9jour Priv\u00e9","isPartOf":{"@id":"https:\/\/www.sejourprive.com\/#website"},"primaryImageOfPage":{"@id":"https:\/\/www.sejourprive.com\/biens\/casa-fazzio-bonifacio-corse-france\/#primaryimage"},"image":{"@id":"https:\/\/www.sejourprive.com\/biens\/casa-fazzio-bonifacio-corse-france\/#primaryimage"},"thumbnailUrl":"https:\/\/www.sejourprive.com\/wp-content\/uploads\/2026\/03\/0-206.jpg","datePublished":"2026-03-23T13:22:30+00:00","description":"\u00c0 quelques minutes seulement de Bonifacio, la Casa Fazzi\u00f2 est install\u00e9e dans une ancienne maison de berger, enti\u00e8rement r\u00e9am\u00e9nag\u00e9e dans un style naturel","breadcrumb":{"@id":"https:\/\/www.sejourprive.com\/biens\/casa-fazzio-bonifacio-corse-france\/#breadcrumb"},"inLanguage":"en-GB","potentialAction":[{"@type":"ReadAction","target":["https:\/\/www.sejourprive.com\/biens\/casa-fazzio-bonifacio-corse-france\/"]}]},{"@type":"ImageObject","inLanguage":"en-GB","@id":"https:\/\/www.sejourprive.com\/biens\/casa-fazzio-bonifacio-corse-france\/#primaryimage","url":"https:\/\/www.sejourprive.com\/wp-content\/uploads\/2026\/03\/0-206.jpg","contentUrl":"https:\/\/www.sejourprive.com\/wp-content\/uploads\/2026\/03\/0-206.jpg","width":1200,"height":682},{"@type":"BreadcrumbList","@id":"https:\/\/www.sejourprive.com\/biens\/casa-fazzio-bonifacio-corse-france\/#breadcrumb","itemListElement":[{"@type":"ListItem","position":1,"name":"Accueil","item":"https:\/\/www.sejourprive.com\/"},{"@type":"ListItem","position":2,"name":"Shop","item":"https:\/\/www.sejourprive.com\/shop\/"},{"@type":"ListItem","position":3,"name":"Casa Fazzi\u00f2, Bonifacio, Corse, France"}]},{"@type":"WebSite","@id":"https:\/\/www.sejourprive.com\/#website","url":"https:\/\/www.sejourprive.com\/","name":"Private Stay","description":"We design exceptional holidays for you.","publisher":{"@id":"https:\/\/www.sejourprive.com\/#organization"},"potentialAction":[{"@type":"SearchAction","target":{"@type":"EntryPoint","urlTemplate":"https:\/\/www.sejourprive.com\/?s={search_term_string}"},"query-input":{"@type":"PropertyValueSpecification","valueRequired":true,"valueName":"search_term_string"}}],"inLanguage":"en-GB"},{"@type":"Organization","@id":"https:\/\/www.sejourprive.com\/#organization","name":"Private Stay","url":"https:\/\/www.sejourprive.com\/","logo":{"@type":"ImageObject","inLanguage":"en-GB","@id":"https:\/\/www.sejourprive.com\/#\/schema\/logo\/image\/","url":"https:\/\/www.sejourprive.com\/wp-content\/uploads\/2026\/02\/SP-Apple-touch-144-couleur-1-2.png","contentUrl":"https:\/\/www.sejourprive.com\/wp-content\/uploads\/2026\/02\/SP-Apple-touch-144-couleur-1-2.png","width":145,"height":145,"caption":"S\u00e9jour Priv\u00e9"},"image":{"@id":"https:\/\/www.sejourprive.com\/#\/schema\/logo\/image\/"}}]}},"_links":{"self":[{"href":"https:\/\/www.sejourprive.com\/en\/wp-json\/wp\/v2\/product\/50658","targetHints":{"allow":["GET"]}}],"collection":[{"href":"https:\/\/www.sejourprive.com\/en\/wp-json\/wp\/v2\/product"}],"about":[{"href":"https:\/\/www.sejourprive.com\/en\/wp-json\/wp\/v2\/types\/product"}],"replies":[{"embeddable":true,"href":"https:\/\/www.sejourprive.com\/en\/wp-json\/wp\/v2\/comments?post=50658"}],"version-history":[{"count":0,"href":"https:\/\/www.sejourprive.com\/en\/wp-json\/wp\/v2\/product\/50658\/revisions"}],"wp:featuredmedia":[{"embeddable":true,"href":"https:\/\/www.sejourprive.com\/en\/wp-json\/wp\/v2\/media\/50716"}],"wp:attachment":[{"href":"https:\/\/www.sejourprive.com\/en\/wp-json\/wp\/v2\/media?parent=50658"}],"wp:term":[{"taxonomy":"product_brand","embeddable":true,"href":"https:\/\/www.sejourprive.com\/en\/wp-json\/wp\/v2\/product_brand?post=50658"},{"taxonomy":"product_cat","embeddable":true,"href":"https:\/\/www.sejourprive.com\/en\/wp-json\/wp\/v2\/product_cat?post=50658"},{"taxonomy":"product_tag","embeddable":true,"href":"https:\/\/www.sejourprive.com\/en\/wp-json\/wp\/v2\/product_tag?post=50658"}],"curies":[{"name":"wp","href":"https:\/\/api.w.org\/{rel}","templated":true}]}}