{"id":50049,"date":"2026-03-20T15:12:02","date_gmt":"2026-03-20T14:12:02","guid":{"rendered":"https:\/\/www.sejourprive.com\/?post_type=product&#038;p=50049"},"modified":"2026-03-20T15:12:02","modified_gmt":"2026-03-20T14:12:02","slug":"villa-liccia-zonza-porto-vecchio-corse-france","status":"publish","type":"product","link":"https:\/\/www.sejourprive.com\/en\/biens\/villa-liccia-zonza-porto-vecchio-corse-france\/","title":{"rendered":"Villa Liccia, Zonza, Porto-Vecchio, Corsica, France"},"content":{"rendered":"<p>Situ\u00e9e dans la r\u00e9gion envo\u00fbtante de Porto-Vecchio, sur l&#8217;\u00eele de Corse, la Villa Liccia est un havre de paix. Le design contemporain de la villa rend hommage au paysage naturel, avec des mat\u00e9riaux naturels, une fa\u00e7ade en bois et de joyeuses touches de couleur. <span><div class=\"read-more-wrapper\"><a class=\"read-more-button\" data-target=\"read-more-69f477abd2a7e\" data-more-text=\"Read more\" data-less-text=\"Read less\"><span class=\"read-more-text\">Read more<\/span><\/a><div id=\"read-more-69f477abd2a7e\" class=\"read-more-content\"> <\/span><\/p>\n<p>Commencez votre journ\u00e9e par un plongeon dans la piscine ext\u00e9rieure, puis s\u00e9chez-vous presque instantan\u00e9ment au soleil matinal. Au fil de la journ\u00e9e, profitez d&#8217;une promenade dans la r\u00e9gion environnante pour vous impr\u00e9gner de la beaut\u00e9 naturelle de Porto-Vecchio, avant de regagner le confort de votre villa pour un d\u00eener au coucher du soleil. <\/div><\/div><\/p>","protected":false},"excerpt":{"rendered":"<p>Situ\u00e9e dans la r\u00e9gion envo\u00fbtante de Porto-Vecchio, sur l&#8217;\u00eele de Corse, la Villa Liccia est un havre de paix. Le&#8230;<\/p>","protected":false},"featured_media":50060,"comment_status":"open","ping_status":"closed","template":"","meta":{"_acf_changed":false},"product_brand":[],"product_cat":[15],"product_tag":[],"class_list":{"0":"post-50049","1":"product","2":"type-product","3":"status-publish","4":"has-post-thumbnail","6":"product_cat-villa","7":"property_location-corse","8":"property_location-porto-vecchio","10":"first","11":"instock","12":"sold-individually","13":"shipping-taxable","14":"purchasable","15":"product-type-simple"},"acf":[],"yoast_head":"<!-- This site is optimized with the Yoast SEO plugin v26.6 - https:\/\/yoast.com\/wordpress\/plugins\/seo\/ -->\n<title>Villa Liccia, Zonza, Porto-Vecchio, Corse, France - S\u00e9jour Priv\u00e9<\/title>\n<meta name=\"description\" content=\"Situ\u00e9e dans la r\u00e9gion envo\u00fbtante de Porto-Vecchio, sur l&#039;\u00eele de Corse, la Villa Liccia est un havre de paix. Le design contemporain de la villa rend\" \/>\n<meta name=\"robots\" content=\"index, follow, max-snippet:-1, max-image-preview:large, max-video-preview:-1\" \/>\n<link rel=\"canonical\" href=\"https:\/\/www.sejourprive.com\/en\/biens\/villa-liccia-zonza-porto-vecchio-corse-france\/\" \/>\n<meta property=\"og:locale\" content=\"en_GB\" \/>\n<meta property=\"og:type\" content=\"article\" \/>\n<meta property=\"og:title\" content=\"Villa Liccia, Zonza, Porto-Vecchio, Corse, France - S\u00e9jour Priv\u00e9\" \/>\n<meta property=\"og:description\" content=\"Situ\u00e9e dans la r\u00e9gion envo\u00fbtante de Porto-Vecchio, sur l&#039;\u00eele de Corse, la Villa Liccia est un havre de paix. Le design contemporain de la villa rend\" \/>\n<meta property=\"og:url\" content=\"https:\/\/www.sejourprive.com\/en\/biens\/villa-liccia-zonza-porto-vecchio-corse-france\/\" \/>\n<meta property=\"og:site_name\" content=\"S\u00e9jour Priv\u00e9\" \/>\n<meta property=\"og:image\" content=\"https:\/\/www.sejourprive.com\/wp-content\/uploads\/2026\/03\/3-197.jpg\" \/>\n\t<meta property=\"og:image:width\" content=\"1200\" \/>\n\t<meta property=\"og:image:height\" content=\"675\" \/>\n\t<meta property=\"og:image:type\" content=\"image\/jpeg\" \/>\n<meta name=\"twitter:card\" content=\"summary_large_image\" \/>\n<meta name=\"twitter:label1\" content=\"Estimated reading time\" \/>\n\t<meta name=\"twitter:data1\" content=\"1 minute\" \/>\n<script type=\"application\/ld+json\" class=\"yoast-schema-graph\">{\"@context\":\"https:\/\/schema.org\",\"@graph\":[{\"@type\":\"WebPage\",\"@id\":\"https:\/\/www.sejourprive.com\/biens\/villa-liccia-zonza-porto-vecchio-corse-france\/\",\"url\":\"https:\/\/www.sejourprive.com\/biens\/villa-liccia-zonza-porto-vecchio-corse-france\/\",\"name\":\"Villa Liccia, Zonza, Porto-Vecchio, Corse, France - S\u00e9jour Priv\u00e9\",\"isPartOf\":{\"@id\":\"https:\/\/www.sejourprive.com\/#website\"},\"primaryImageOfPage\":{\"@id\":\"https:\/\/www.sejourprive.com\/biens\/villa-liccia-zonza-porto-vecchio-corse-france\/#primaryimage\"},\"image\":{\"@id\":\"https:\/\/www.sejourprive.com\/biens\/villa-liccia-zonza-porto-vecchio-corse-france\/#primaryimage\"},\"thumbnailUrl\":\"https:\/\/www.sejourprive.com\/wp-content\/uploads\/2026\/03\/3-197.jpg\",\"datePublished\":\"2026-03-20T14:12:02+00:00\",\"description\":\"Situ\u00e9e dans la r\u00e9gion envo\u00fbtante de Porto-Vecchio, sur l'\u00eele de Corse, la Villa Liccia est un havre de paix. Le design contemporain de la villa rend\",\"breadcrumb\":{\"@id\":\"https:\/\/www.sejourprive.com\/biens\/villa-liccia-zonza-porto-vecchio-corse-france\/#breadcrumb\"},\"inLanguage\":\"en-GB\",\"potentialAction\":[{\"@type\":\"ReadAction\",\"target\":[\"https:\/\/www.sejourprive.com\/biens\/villa-liccia-zonza-porto-vecchio-corse-france\/\"]}]},{\"@type\":\"ImageObject\",\"inLanguage\":\"en-GB\",\"@id\":\"https:\/\/www.sejourprive.com\/biens\/villa-liccia-zonza-porto-vecchio-corse-france\/#primaryimage\",\"url\":\"https:\/\/www.sejourprive.com\/wp-content\/uploads\/2026\/03\/3-197.jpg\",\"contentUrl\":\"https:\/\/www.sejourprive.com\/wp-content\/uploads\/2026\/03\/3-197.jpg\",\"width\":1200,\"height\":675},{\"@type\":\"BreadcrumbList\",\"@id\":\"https:\/\/www.sejourprive.com\/biens\/villa-liccia-zonza-porto-vecchio-corse-france\/#breadcrumb\",\"itemListElement\":[{\"@type\":\"ListItem\",\"position\":1,\"name\":\"Accueil\",\"item\":\"https:\/\/www.sejourprive.com\/\"},{\"@type\":\"ListItem\",\"position\":2,\"name\":\"Shop\",\"item\":\"https:\/\/www.sejourprive.com\/shop\/\"},{\"@type\":\"ListItem\",\"position\":3,\"name\":\"Villa Liccia, Zonza, Porto-Vecchio, Corse, France\"}]},{\"@type\":\"WebSite\",\"@id\":\"https:\/\/www.sejourprive.com\/#website\",\"url\":\"https:\/\/www.sejourprive.com\/\",\"name\":\"S\u00e9jour Priv\u00e9\",\"description\":\"Nous imaginons pour vous des s\u00e9jours d\u2019exception.\",\"publisher\":{\"@id\":\"https:\/\/www.sejourprive.com\/#organization\"},\"potentialAction\":[{\"@type\":\"SearchAction\",\"target\":{\"@type\":\"EntryPoint\",\"urlTemplate\":\"https:\/\/www.sejourprive.com\/?s={search_term_string}\"},\"query-input\":{\"@type\":\"PropertyValueSpecification\",\"valueRequired\":true,\"valueName\":\"search_term_string\"}}],\"inLanguage\":\"en-GB\"},{\"@type\":\"Organization\",\"@id\":\"https:\/\/www.sejourprive.com\/#organization\",\"name\":\"S\u00e9jour Priv\u00e9\",\"url\":\"https:\/\/www.sejourprive.com\/\",\"logo\":{\"@type\":\"ImageObject\",\"inLanguage\":\"en-GB\",\"@id\":\"https:\/\/www.sejourprive.com\/#\/schema\/logo\/image\/\",\"url\":\"https:\/\/www.sejourprive.com\/wp-content\/uploads\/2026\/02\/SP-Apple-touch-144-couleur-1-2.png\",\"contentUrl\":\"https:\/\/www.sejourprive.com\/wp-content\/uploads\/2026\/02\/SP-Apple-touch-144-couleur-1-2.png\",\"width\":145,\"height\":145,\"caption\":\"S\u00e9jour Priv\u00e9\"},\"image\":{\"@id\":\"https:\/\/www.sejourprive.com\/#\/schema\/logo\/image\/\"}}]}<\/script>\n<!-- \/ Yoast SEO plugin. -->","yoast_head_json":{"title":"Villa Liccia, Zonza, Porto-Vecchio, Corse, France - S\u00e9jour Priv\u00e9","description":"Situ\u00e9e dans la r\u00e9gion envo\u00fbtante de Porto-Vecchio, sur l'\u00eele de Corse, la Villa Liccia est un havre de paix. Le design contemporain de la villa rend","robots":{"index":"index","follow":"follow","max-snippet":"max-snippet:-1","max-image-preview":"max-image-preview:large","max-video-preview":"max-video-preview:-1"},"canonical":"https:\/\/www.sejourprive.com\/en\/biens\/villa-liccia-zonza-porto-vecchio-corse-france\/","og_locale":"en_GB","og_type":"article","og_title":"Villa Liccia, Zonza, Porto-Vecchio, Corse, France - S\u00e9jour Priv\u00e9","og_description":"Situ\u00e9e dans la r\u00e9gion envo\u00fbtante de Porto-Vecchio, sur l'\u00eele de Corse, la Villa Liccia est un havre de paix. Le design contemporain de la villa rend","og_url":"https:\/\/www.sejourprive.com\/en\/biens\/villa-liccia-zonza-porto-vecchio-corse-france\/","og_site_name":"S\u00e9jour Priv\u00e9","og_image":[{"width":1200,"height":675,"url":"https:\/\/www.sejourprive.com\/wp-content\/uploads\/2026\/03\/3-197.jpg","type":"image\/jpeg"}],"twitter_card":"summary_large_image","twitter_misc":{"Estimated reading time":"1 minute"},"schema":{"@context":"https:\/\/schema.org","@graph":[{"@type":"WebPage","@id":"https:\/\/www.sejourprive.com\/biens\/villa-liccia-zonza-porto-vecchio-corse-france\/","url":"https:\/\/www.sejourprive.com\/biens\/villa-liccia-zonza-porto-vecchio-corse-france\/","name":"Villa Liccia, Zonza, Porto-Vecchio, Corse, France - S\u00e9jour Priv\u00e9","isPartOf":{"@id":"https:\/\/www.sejourprive.com\/#website"},"primaryImageOfPage":{"@id":"https:\/\/www.sejourprive.com\/biens\/villa-liccia-zonza-porto-vecchio-corse-france\/#primaryimage"},"image":{"@id":"https:\/\/www.sejourprive.com\/biens\/villa-liccia-zonza-porto-vecchio-corse-france\/#primaryimage"},"thumbnailUrl":"https:\/\/www.sejourprive.com\/wp-content\/uploads\/2026\/03\/3-197.jpg","datePublished":"2026-03-20T14:12:02+00:00","description":"Situ\u00e9e dans la r\u00e9gion envo\u00fbtante de Porto-Vecchio, sur l'\u00eele de Corse, la Villa Liccia est un havre de paix. Le design contemporain de la villa rend","breadcrumb":{"@id":"https:\/\/www.sejourprive.com\/biens\/villa-liccia-zonza-porto-vecchio-corse-france\/#breadcrumb"},"inLanguage":"en-GB","potentialAction":[{"@type":"ReadAction","target":["https:\/\/www.sejourprive.com\/biens\/villa-liccia-zonza-porto-vecchio-corse-france\/"]}]},{"@type":"ImageObject","inLanguage":"en-GB","@id":"https:\/\/www.sejourprive.com\/biens\/villa-liccia-zonza-porto-vecchio-corse-france\/#primaryimage","url":"https:\/\/www.sejourprive.com\/wp-content\/uploads\/2026\/03\/3-197.jpg","contentUrl":"https:\/\/www.sejourprive.com\/wp-content\/uploads\/2026\/03\/3-197.jpg","width":1200,"height":675},{"@type":"BreadcrumbList","@id":"https:\/\/www.sejourprive.com\/biens\/villa-liccia-zonza-porto-vecchio-corse-france\/#breadcrumb","itemListElement":[{"@type":"ListItem","position":1,"name":"Accueil","item":"https:\/\/www.sejourprive.com\/"},{"@type":"ListItem","position":2,"name":"Shop","item":"https:\/\/www.sejourprive.com\/shop\/"},{"@type":"ListItem","position":3,"name":"Villa Liccia, Zonza, Porto-Vecchio, Corse, France"}]},{"@type":"WebSite","@id":"https:\/\/www.sejourprive.com\/#website","url":"https:\/\/www.sejourprive.com\/","name":"Private Stay","description":"We design exceptional holidays for you.","publisher":{"@id":"https:\/\/www.sejourprive.com\/#organization"},"potentialAction":[{"@type":"SearchAction","target":{"@type":"EntryPoint","urlTemplate":"https:\/\/www.sejourprive.com\/?s={search_term_string}"},"query-input":{"@type":"PropertyValueSpecification","valueRequired":true,"valueName":"search_term_string"}}],"inLanguage":"en-GB"},{"@type":"Organization","@id":"https:\/\/www.sejourprive.com\/#organization","name":"Private Stay","url":"https:\/\/www.sejourprive.com\/","logo":{"@type":"ImageObject","inLanguage":"en-GB","@id":"https:\/\/www.sejourprive.com\/#\/schema\/logo\/image\/","url":"https:\/\/www.sejourprive.com\/wp-content\/uploads\/2026\/02\/SP-Apple-touch-144-couleur-1-2.png","contentUrl":"https:\/\/www.sejourprive.com\/wp-content\/uploads\/2026\/02\/SP-Apple-touch-144-couleur-1-2.png","width":145,"height":145,"caption":"S\u00e9jour Priv\u00e9"},"image":{"@id":"https:\/\/www.sejourprive.com\/#\/schema\/logo\/image\/"}}]}},"_links":{"self":[{"href":"https:\/\/www.sejourprive.com\/en\/wp-json\/wp\/v2\/product\/50049","targetHints":{"allow":["GET"]}}],"collection":[{"href":"https:\/\/www.sejourprive.com\/en\/wp-json\/wp\/v2\/product"}],"about":[{"href":"https:\/\/www.sejourprive.com\/en\/wp-json\/wp\/v2\/types\/product"}],"replies":[{"embeddable":true,"href":"https:\/\/www.sejourprive.com\/en\/wp-json\/wp\/v2\/comments?post=50049"}],"version-history":[{"count":0,"href":"https:\/\/www.sejourprive.com\/en\/wp-json\/wp\/v2\/product\/50049\/revisions"}],"wp:featuredmedia":[{"embeddable":true,"href":"https:\/\/www.sejourprive.com\/en\/wp-json\/wp\/v2\/media\/50060"}],"wp:attachment":[{"href":"https:\/\/www.sejourprive.com\/en\/wp-json\/wp\/v2\/media?parent=50049"}],"wp:term":[{"taxonomy":"product_brand","embeddable":true,"href":"https:\/\/www.sejourprive.com\/en\/wp-json\/wp\/v2\/product_brand?post=50049"},{"taxonomy":"product_cat","embeddable":true,"href":"https:\/\/www.sejourprive.com\/en\/wp-json\/wp\/v2\/product_cat?post=50049"},{"taxonomy":"product_tag","embeddable":true,"href":"https:\/\/www.sejourprive.com\/en\/wp-json\/wp\/v2\/product_tag?post=50049"}],"curies":[{"name":"wp","href":"https:\/\/api.w.org\/{rel}","templated":true}]}}