{"id":49966,"date":"2026-03-20T14:33:44","date_gmt":"2026-03-20T13:33:44","guid":{"rendered":"https:\/\/www.sejourprive.com\/?post_type=product&#038;p=49966"},"modified":"2026-03-20T14:33:44","modified_gmt":"2026-03-20T13:33:44","slug":"villa-ferro-zonza-region-de-porto-vecchio-corse","status":"publish","type":"product","link":"https:\/\/www.sejourprive.com\/en\/biens\/villa-ferro-zonza-region-de-porto-vecchio-corse\/","title":{"rendered":"Villa Ferro, Zonza, Porto-Vecchio region, Corsica"},"content":{"rendered":"<p>Located in Cirendinu, north of Porto-Vecchio, Villa Ferro is the epitome of tranquillity and refinement. Just minutes from idyllic beaches and the bustling centre of Porto-Vecchio, it offers the ideal setting for an elegant and serene retreat.<\/p>\n<p><span><div class=\"read-more-wrapper\"><a class=\"read-more-button\" data-target=\"read-more-69f1f5cc1039d\" data-more-text=\"Read more\" data-less-text=\"Read less\"><span class=\"read-more-text\">Read more<\/span><\/a><div id=\"read-more-69f1f5cc1039d\" class=\"read-more-content\"> <\/span>The day begins with an invigorating swim in the heated pool. Lunch is served al fresco around the barbecue, while the afternoon is spent walking in the surrounding countryside or relaxing by the pool. As night falls, the villa's bright, elegant spaces provide a soothing backdrop.<\/div><\/div><\/p>","protected":false},"excerpt":{"rendered":"<p>Situ\u00e9e \u00e0 Cirendinu, au nord de Porto-Vecchio, la Villa Ferro incarne la tranquillit\u00e9 et le raffinement. \u00c0 quelques minutes seulement&#8230;<\/p>","protected":false},"featured_media":50031,"comment_status":"open","ping_status":"closed","template":"","meta":{"_acf_changed":false},"product_brand":[],"product_cat":[15],"product_tag":[],"class_list":{"0":"post-49966","1":"product","2":"type-product","3":"status-publish","4":"has-post-thumbnail","6":"product_cat-villa","7":"property_location-corse","8":"property_location-porto-vecchio","10":"first","11":"instock","12":"sold-individually","13":"shipping-taxable","14":"purchasable","15":"product-type-simple"},"acf":[],"yoast_head":"<!-- This site is optimized with the Yoast SEO plugin v26.6 - https:\/\/yoast.com\/wordpress\/plugins\/seo\/ -->\n<title>Villa Ferro, Zonza, R\u00e9gion de Porto-Vecchio, Corse - S\u00e9jour Priv\u00e9<\/title>\n<meta name=\"description\" content=\"Situ\u00e9e \u00e0 Cirendinu, au nord de Porto-Vecchio, la Villa Ferro incarne la tranquillit\u00e9 et le raffinement. \u00c0 quelques minutes seulement des plages idylliques\" \/>\n<meta name=\"robots\" content=\"index, follow, max-snippet:-1, max-image-preview:large, max-video-preview:-1\" \/>\n<link rel=\"canonical\" href=\"https:\/\/www.sejourprive.com\/en\/biens\/villa-ferro-zonza-region-de-porto-vecchio-corse\/\" \/>\n<meta property=\"og:locale\" content=\"en_GB\" \/>\n<meta property=\"og:type\" content=\"article\" \/>\n<meta property=\"og:title\" content=\"Villa Ferro, Zonza, R\u00e9gion de Porto-Vecchio, Corse - S\u00e9jour Priv\u00e9\" \/>\n<meta property=\"og:description\" content=\"Situ\u00e9e \u00e0 Cirendinu, au nord de Porto-Vecchio, la Villa Ferro incarne la tranquillit\u00e9 et le raffinement. \u00c0 quelques minutes seulement des plages idylliques\" \/>\n<meta property=\"og:url\" content=\"https:\/\/www.sejourprive.com\/en\/biens\/villa-ferro-zonza-region-de-porto-vecchio-corse\/\" \/>\n<meta property=\"og:site_name\" content=\"S\u00e9jour Priv\u00e9\" \/>\n<meta property=\"og:image\" content=\"https:\/\/www.sejourprive.com\/wp-content\/uploads\/2026\/03\/0-9-1024x566.png\" \/>\n\t<meta property=\"og:image:width\" content=\"1024\" \/>\n\t<meta property=\"og:image:height\" content=\"566\" \/>\n\t<meta property=\"og:image:type\" content=\"image\/png\" \/>\n<meta name=\"twitter:card\" content=\"summary_large_image\" \/>\n<meta name=\"twitter:label1\" content=\"Estimated reading time\" \/>\n\t<meta name=\"twitter:data1\" content=\"1 minute\" \/>\n<script type=\"application\/ld+json\" class=\"yoast-schema-graph\">{\"@context\":\"https:\/\/schema.org\",\"@graph\":[{\"@type\":\"WebPage\",\"@id\":\"https:\/\/www.sejourprive.com\/biens\/villa-ferro-zonza-region-de-porto-vecchio-corse\/\",\"url\":\"https:\/\/www.sejourprive.com\/biens\/villa-ferro-zonza-region-de-porto-vecchio-corse\/\",\"name\":\"Villa Ferro, Zonza, R\u00e9gion de Porto-Vecchio, Corse - S\u00e9jour Priv\u00e9\",\"isPartOf\":{\"@id\":\"https:\/\/www.sejourprive.com\/#website\"},\"primaryImageOfPage\":{\"@id\":\"https:\/\/www.sejourprive.com\/biens\/villa-ferro-zonza-region-de-porto-vecchio-corse\/#primaryimage\"},\"image\":{\"@id\":\"https:\/\/www.sejourprive.com\/biens\/villa-ferro-zonza-region-de-porto-vecchio-corse\/#primaryimage\"},\"thumbnailUrl\":\"https:\/\/www.sejourprive.com\/wp-content\/uploads\/2026\/03\/0-9.png\",\"datePublished\":\"2026-03-20T13:33:44+00:00\",\"description\":\"Situ\u00e9e \u00e0 Cirendinu, au nord de Porto-Vecchio, la Villa Ferro incarne la tranquillit\u00e9 et le raffinement. \u00c0 quelques minutes seulement des plages idylliques\",\"breadcrumb\":{\"@id\":\"https:\/\/www.sejourprive.com\/biens\/villa-ferro-zonza-region-de-porto-vecchio-corse\/#breadcrumb\"},\"inLanguage\":\"en-GB\",\"potentialAction\":[{\"@type\":\"ReadAction\",\"target\":[\"https:\/\/www.sejourprive.com\/biens\/villa-ferro-zonza-region-de-porto-vecchio-corse\/\"]}]},{\"@type\":\"ImageObject\",\"inLanguage\":\"en-GB\",\"@id\":\"https:\/\/www.sejourprive.com\/biens\/villa-ferro-zonza-region-de-porto-vecchio-corse\/#primaryimage\",\"url\":\"https:\/\/www.sejourprive.com\/wp-content\/uploads\/2026\/03\/0-9.png\",\"contentUrl\":\"https:\/\/www.sejourprive.com\/wp-content\/uploads\/2026\/03\/0-9.png\",\"width\":1200,\"height\":663},{\"@type\":\"BreadcrumbList\",\"@id\":\"https:\/\/www.sejourprive.com\/biens\/villa-ferro-zonza-region-de-porto-vecchio-corse\/#breadcrumb\",\"itemListElement\":[{\"@type\":\"ListItem\",\"position\":1,\"name\":\"Accueil\",\"item\":\"https:\/\/www.sejourprive.com\/\"},{\"@type\":\"ListItem\",\"position\":2,\"name\":\"Shop\",\"item\":\"https:\/\/www.sejourprive.com\/shop\/\"},{\"@type\":\"ListItem\",\"position\":3,\"name\":\"Villa Ferro, Zonza, R\u00e9gion de Porto-Vecchio, Corse\"}]},{\"@type\":\"WebSite\",\"@id\":\"https:\/\/www.sejourprive.com\/#website\",\"url\":\"https:\/\/www.sejourprive.com\/\",\"name\":\"S\u00e9jour Priv\u00e9\",\"description\":\"Nous imaginons pour vous des s\u00e9jours d\u2019exception.\",\"publisher\":{\"@id\":\"https:\/\/www.sejourprive.com\/#organization\"},\"potentialAction\":[{\"@type\":\"SearchAction\",\"target\":{\"@type\":\"EntryPoint\",\"urlTemplate\":\"https:\/\/www.sejourprive.com\/?s={search_term_string}\"},\"query-input\":{\"@type\":\"PropertyValueSpecification\",\"valueRequired\":true,\"valueName\":\"search_term_string\"}}],\"inLanguage\":\"en-GB\"},{\"@type\":\"Organization\",\"@id\":\"https:\/\/www.sejourprive.com\/#organization\",\"name\":\"S\u00e9jour Priv\u00e9\",\"url\":\"https:\/\/www.sejourprive.com\/\",\"logo\":{\"@type\":\"ImageObject\",\"inLanguage\":\"en-GB\",\"@id\":\"https:\/\/www.sejourprive.com\/#\/schema\/logo\/image\/\",\"url\":\"https:\/\/www.sejourprive.com\/wp-content\/uploads\/2026\/02\/SP-Apple-touch-144-couleur-1-2.png\",\"contentUrl\":\"https:\/\/www.sejourprive.com\/wp-content\/uploads\/2026\/02\/SP-Apple-touch-144-couleur-1-2.png\",\"width\":145,\"height\":145,\"caption\":\"S\u00e9jour Priv\u00e9\"},\"image\":{\"@id\":\"https:\/\/www.sejourprive.com\/#\/schema\/logo\/image\/\"}}]}<\/script>\n<!-- \/ Yoast SEO plugin. -->","yoast_head_json":{"title":"Villa Ferro, Zonza, R\u00e9gion de Porto-Vecchio, Corse - S\u00e9jour Priv\u00e9","description":"Situ\u00e9e \u00e0 Cirendinu, au nord de Porto-Vecchio, la Villa Ferro incarne la tranquillit\u00e9 et le raffinement. \u00c0 quelques minutes seulement des plages idylliques","robots":{"index":"index","follow":"follow","max-snippet":"max-snippet:-1","max-image-preview":"max-image-preview:large","max-video-preview":"max-video-preview:-1"},"canonical":"https:\/\/www.sejourprive.com\/en\/biens\/villa-ferro-zonza-region-de-porto-vecchio-corse\/","og_locale":"en_GB","og_type":"article","og_title":"Villa Ferro, Zonza, R\u00e9gion de Porto-Vecchio, Corse - S\u00e9jour Priv\u00e9","og_description":"Situ\u00e9e \u00e0 Cirendinu, au nord de Porto-Vecchio, la Villa Ferro incarne la tranquillit\u00e9 et le raffinement. \u00c0 quelques minutes seulement des plages idylliques","og_url":"https:\/\/www.sejourprive.com\/en\/biens\/villa-ferro-zonza-region-de-porto-vecchio-corse\/","og_site_name":"S\u00e9jour Priv\u00e9","og_image":[{"width":1024,"height":566,"url":"https:\/\/www.sejourprive.com\/wp-content\/uploads\/2026\/03\/0-9-1024x566.png","type":"image\/png"}],"twitter_card":"summary_large_image","twitter_misc":{"Estimated reading time":"1 minute"},"schema":{"@context":"https:\/\/schema.org","@graph":[{"@type":"WebPage","@id":"https:\/\/www.sejourprive.com\/biens\/villa-ferro-zonza-region-de-porto-vecchio-corse\/","url":"https:\/\/www.sejourprive.com\/biens\/villa-ferro-zonza-region-de-porto-vecchio-corse\/","name":"Villa Ferro, Zonza, R\u00e9gion de Porto-Vecchio, Corse - S\u00e9jour Priv\u00e9","isPartOf":{"@id":"https:\/\/www.sejourprive.com\/#website"},"primaryImageOfPage":{"@id":"https:\/\/www.sejourprive.com\/biens\/villa-ferro-zonza-region-de-porto-vecchio-corse\/#primaryimage"},"image":{"@id":"https:\/\/www.sejourprive.com\/biens\/villa-ferro-zonza-region-de-porto-vecchio-corse\/#primaryimage"},"thumbnailUrl":"https:\/\/www.sejourprive.com\/wp-content\/uploads\/2026\/03\/0-9.png","datePublished":"2026-03-20T13:33:44+00:00","description":"Situ\u00e9e \u00e0 Cirendinu, au nord de Porto-Vecchio, la Villa Ferro incarne la tranquillit\u00e9 et le raffinement. \u00c0 quelques minutes seulement des plages idylliques","breadcrumb":{"@id":"https:\/\/www.sejourprive.com\/biens\/villa-ferro-zonza-region-de-porto-vecchio-corse\/#breadcrumb"},"inLanguage":"en-GB","potentialAction":[{"@type":"ReadAction","target":["https:\/\/www.sejourprive.com\/biens\/villa-ferro-zonza-region-de-porto-vecchio-corse\/"]}]},{"@type":"ImageObject","inLanguage":"en-GB","@id":"https:\/\/www.sejourprive.com\/biens\/villa-ferro-zonza-region-de-porto-vecchio-corse\/#primaryimage","url":"https:\/\/www.sejourprive.com\/wp-content\/uploads\/2026\/03\/0-9.png","contentUrl":"https:\/\/www.sejourprive.com\/wp-content\/uploads\/2026\/03\/0-9.png","width":1200,"height":663},{"@type":"BreadcrumbList","@id":"https:\/\/www.sejourprive.com\/biens\/villa-ferro-zonza-region-de-porto-vecchio-corse\/#breadcrumb","itemListElement":[{"@type":"ListItem","position":1,"name":"Accueil","item":"https:\/\/www.sejourprive.com\/"},{"@type":"ListItem","position":2,"name":"Shop","item":"https:\/\/www.sejourprive.com\/shop\/"},{"@type":"ListItem","position":3,"name":"Villa Ferro, Zonza, R\u00e9gion de Porto-Vecchio, Corse"}]},{"@type":"WebSite","@id":"https:\/\/www.sejourprive.com\/#website","url":"https:\/\/www.sejourprive.com\/","name":"Private Stay","description":"We design exceptional holidays for you.","publisher":{"@id":"https:\/\/www.sejourprive.com\/#organization"},"potentialAction":[{"@type":"SearchAction","target":{"@type":"EntryPoint","urlTemplate":"https:\/\/www.sejourprive.com\/?s={search_term_string}"},"query-input":{"@type":"PropertyValueSpecification","valueRequired":true,"valueName":"search_term_string"}}],"inLanguage":"en-GB"},{"@type":"Organization","@id":"https:\/\/www.sejourprive.com\/#organization","name":"Private Stay","url":"https:\/\/www.sejourprive.com\/","logo":{"@type":"ImageObject","inLanguage":"en-GB","@id":"https:\/\/www.sejourprive.com\/#\/schema\/logo\/image\/","url":"https:\/\/www.sejourprive.com\/wp-content\/uploads\/2026\/02\/SP-Apple-touch-144-couleur-1-2.png","contentUrl":"https:\/\/www.sejourprive.com\/wp-content\/uploads\/2026\/02\/SP-Apple-touch-144-couleur-1-2.png","width":145,"height":145,"caption":"S\u00e9jour Priv\u00e9"},"image":{"@id":"https:\/\/www.sejourprive.com\/#\/schema\/logo\/image\/"}}]}},"_links":{"self":[{"href":"https:\/\/www.sejourprive.com\/en\/wp-json\/wp\/v2\/product\/49966","targetHints":{"allow":["GET"]}}],"collection":[{"href":"https:\/\/www.sejourprive.com\/en\/wp-json\/wp\/v2\/product"}],"about":[{"href":"https:\/\/www.sejourprive.com\/en\/wp-json\/wp\/v2\/types\/product"}],"replies":[{"embeddable":true,"href":"https:\/\/www.sejourprive.com\/en\/wp-json\/wp\/v2\/comments?post=49966"}],"version-history":[{"count":0,"href":"https:\/\/www.sejourprive.com\/en\/wp-json\/wp\/v2\/product\/49966\/revisions"}],"wp:featuredmedia":[{"embeddable":true,"href":"https:\/\/www.sejourprive.com\/en\/wp-json\/wp\/v2\/media\/50031"}],"wp:attachment":[{"href":"https:\/\/www.sejourprive.com\/en\/wp-json\/wp\/v2\/media?parent=49966"}],"wp:term":[{"taxonomy":"product_brand","embeddable":true,"href":"https:\/\/www.sejourprive.com\/en\/wp-json\/wp\/v2\/product_brand?post=49966"},{"taxonomy":"product_cat","embeddable":true,"href":"https:\/\/www.sejourprive.com\/en\/wp-json\/wp\/v2\/product_cat?post=49966"},{"taxonomy":"product_tag","embeddable":true,"href":"https:\/\/www.sejourprive.com\/en\/wp-json\/wp\/v2\/product_tag?post=49966"}],"curies":[{"name":"wp","href":"https:\/\/api.w.org\/{rel}","templated":true}]}}