{"id":49579,"date":"2026-03-20T11:57:47","date_gmt":"2026-03-20T10:57:47","guid":{"rendered":"https:\/\/www.sejourprive.com\/?post_type=product&#038;p=49579"},"modified":"2026-03-20T11:57:47","modified_gmt":"2026-03-20T10:57:47","slug":"villa-caramontinu-zonza-porto-vecchio-corse-france","status":"publish","type":"product","link":"https:\/\/www.sejourprive.com\/en\/biens\/villa-caramontinu-zonza-porto-vecchio-corse-france\/","title":{"rendered":"Villa Caramontinu, Zonza, Porto-Vecchio, Corsica, France"},"content":{"rendered":"<p>V\u00e9ritable oasis de modernit\u00e9, la Villa Caramontinu est l&#8217;endroit id\u00e9al pour s&#8217;\u00e9vader. Son superbe ext\u00e9rieur contemporain est tout \u00e0 fait unique, \u00e0 l&#8217;image de sa d\u00e9coration \u00e9l\u00e9gante. De grandes baies vitr\u00e9es s&#8217;ouvrent sur l&#8217;espace ext\u00e9rieur, laissant la lumi\u00e8re inonder les int\u00e9rieurs \u00e9pur\u00e9s en bois et les \u0153uvres d&#8217;art moderne.<span><div class=\"read-more-wrapper\"><a class=\"read-more-button\" data-target=\"read-more-69f548cbee6d1\" data-more-text=\"Read more\" data-less-text=\"Read less\"><span class=\"read-more-text\">Read more<\/span><\/a><div id=\"read-more-69f548cbee6d1\" class=\"read-more-content\"> <\/span><\/p>\n<p>Savourez un petit-d\u00e9jeuner pr\u00e9par\u00e9 sur la terrasse, puis rendez-vous sur le putting green ou faites une s\u00e9ance de sport dans la salle de gym. Rafra\u00eechissez-vous ensuite dans la piscine avant de vous rendre \u00e0 la salle de massage et au sauna pour \u00e9vacuer vos tensions. Avec des kayaks, des planches de paddle et des boules de p\u00e9tanque, la famille ne sera jamais \u00e0 court d&#8217;activit\u00e9s amusantes \u00e0 pratiquer ensemble. Terminez la journ\u00e9e par un d\u00eener sous la v\u00e9randa avant de vous d\u00e9tendre dans le jacuzzi.<\/div><\/div><\/p>","protected":false},"excerpt":{"rendered":"<p>V\u00e9ritable oasis de modernit\u00e9, la Villa Caramontinu est l&#8217;endroit id\u00e9al pour s&#8217;\u00e9vader. Son superbe ext\u00e9rieur contemporain est tout \u00e0 fait&#8230;<\/p>","protected":false},"featured_media":49625,"comment_status":"open","ping_status":"closed","template":"","meta":{"_acf_changed":false},"product_brand":[],"product_cat":[15],"product_tag":[],"class_list":{"0":"post-49579","1":"product","2":"type-product","3":"status-publish","4":"has-post-thumbnail","6":"product_cat-villa","7":"property_location-corse","8":"property_location-porto-vecchio","10":"first","11":"instock","12":"sold-individually","13":"shipping-taxable","14":"purchasable","15":"product-type-simple"},"acf":[],"yoast_head":"<!-- This site is optimized with the Yoast SEO plugin v26.6 - https:\/\/yoast.com\/wordpress\/plugins\/seo\/ -->\n<title>Villa Caramontinu, Zonza, Porto-Vecchio, Corse, France - S\u00e9jour Priv\u00e9<\/title>\n<meta name=\"description\" content=\"V\u00e9ritable oasis de modernit\u00e9, la Villa Caramontinu est l&#039;endroit id\u00e9al pour s&#039;\u00e9vader. Son superbe ext\u00e9rieur contemporain est tout \u00e0 fait unique, \u00e0 l&#039;image\" \/>\n<meta name=\"robots\" content=\"index, follow, max-snippet:-1, max-image-preview:large, max-video-preview:-1\" \/>\n<link rel=\"canonical\" href=\"https:\/\/www.sejourprive.com\/en\/biens\/villa-caramontinu-zonza-porto-vecchio-corse-france\/\" \/>\n<meta property=\"og:locale\" content=\"en_GB\" \/>\n<meta property=\"og:type\" content=\"article\" \/>\n<meta property=\"og:title\" content=\"Villa Caramontinu, Zonza, Porto-Vecchio, Corse, France - S\u00e9jour Priv\u00e9\" \/>\n<meta property=\"og:description\" content=\"V\u00e9ritable oasis de modernit\u00e9, la Villa Caramontinu est l&#039;endroit id\u00e9al pour s&#039;\u00e9vader. Son superbe ext\u00e9rieur contemporain est tout \u00e0 fait unique, \u00e0 l&#039;image\" \/>\n<meta property=\"og:url\" content=\"https:\/\/www.sejourprive.com\/en\/biens\/villa-caramontinu-zonza-porto-vecchio-corse-france\/\" \/>\n<meta property=\"og:site_name\" content=\"S\u00e9jour Priv\u00e9\" \/>\n<meta property=\"og:image\" content=\"https:\/\/www.sejourprive.com\/wp-content\/uploads\/2026\/03\/0-185.jpg\" \/>\n\t<meta property=\"og:image:width\" content=\"1200\" \/>\n\t<meta property=\"og:image:height\" content=\"899\" \/>\n\t<meta property=\"og:image:type\" content=\"image\/jpeg\" \/>\n<meta name=\"twitter:card\" content=\"summary_large_image\" \/>\n<meta name=\"twitter:label1\" content=\"Estimated reading time\" \/>\n\t<meta name=\"twitter:data1\" content=\"1 minute\" \/>\n<script type=\"application\/ld+json\" class=\"yoast-schema-graph\">{\"@context\":\"https:\/\/schema.org\",\"@graph\":[{\"@type\":\"WebPage\",\"@id\":\"https:\/\/www.sejourprive.com\/biens\/villa-caramontinu-zonza-porto-vecchio-corse-france\/\",\"url\":\"https:\/\/www.sejourprive.com\/biens\/villa-caramontinu-zonza-porto-vecchio-corse-france\/\",\"name\":\"Villa Caramontinu, Zonza, Porto-Vecchio, Corse, France - S\u00e9jour Priv\u00e9\",\"isPartOf\":{\"@id\":\"https:\/\/www.sejourprive.com\/#website\"},\"primaryImageOfPage\":{\"@id\":\"https:\/\/www.sejourprive.com\/biens\/villa-caramontinu-zonza-porto-vecchio-corse-france\/#primaryimage\"},\"image\":{\"@id\":\"https:\/\/www.sejourprive.com\/biens\/villa-caramontinu-zonza-porto-vecchio-corse-france\/#primaryimage\"},\"thumbnailUrl\":\"https:\/\/www.sejourprive.com\/wp-content\/uploads\/2026\/03\/0-185.jpg\",\"datePublished\":\"2026-03-20T10:57:47+00:00\",\"description\":\"V\u00e9ritable oasis de modernit\u00e9, la Villa Caramontinu est l'endroit id\u00e9al pour s'\u00e9vader. Son superbe ext\u00e9rieur contemporain est tout \u00e0 fait unique, \u00e0 l'image\",\"breadcrumb\":{\"@id\":\"https:\/\/www.sejourprive.com\/biens\/villa-caramontinu-zonza-porto-vecchio-corse-france\/#breadcrumb\"},\"inLanguage\":\"en-GB\",\"potentialAction\":[{\"@type\":\"ReadAction\",\"target\":[\"https:\/\/www.sejourprive.com\/biens\/villa-caramontinu-zonza-porto-vecchio-corse-france\/\"]}]},{\"@type\":\"ImageObject\",\"inLanguage\":\"en-GB\",\"@id\":\"https:\/\/www.sejourprive.com\/biens\/villa-caramontinu-zonza-porto-vecchio-corse-france\/#primaryimage\",\"url\":\"https:\/\/www.sejourprive.com\/wp-content\/uploads\/2026\/03\/0-185.jpg\",\"contentUrl\":\"https:\/\/www.sejourprive.com\/wp-content\/uploads\/2026\/03\/0-185.jpg\",\"width\":1200,\"height\":899},{\"@type\":\"BreadcrumbList\",\"@id\":\"https:\/\/www.sejourprive.com\/biens\/villa-caramontinu-zonza-porto-vecchio-corse-france\/#breadcrumb\",\"itemListElement\":[{\"@type\":\"ListItem\",\"position\":1,\"name\":\"Accueil\",\"item\":\"https:\/\/www.sejourprive.com\/\"},{\"@type\":\"ListItem\",\"position\":2,\"name\":\"Shop\",\"item\":\"https:\/\/www.sejourprive.com\/shop\/\"},{\"@type\":\"ListItem\",\"position\":3,\"name\":\"Villa Caramontinu, Zonza, Porto-Vecchio, Corse, France\"}]},{\"@type\":\"WebSite\",\"@id\":\"https:\/\/www.sejourprive.com\/#website\",\"url\":\"https:\/\/www.sejourprive.com\/\",\"name\":\"S\u00e9jour Priv\u00e9\",\"description\":\"Nous imaginons pour vous des s\u00e9jours d\u2019exception.\",\"publisher\":{\"@id\":\"https:\/\/www.sejourprive.com\/#organization\"},\"potentialAction\":[{\"@type\":\"SearchAction\",\"target\":{\"@type\":\"EntryPoint\",\"urlTemplate\":\"https:\/\/www.sejourprive.com\/?s={search_term_string}\"},\"query-input\":{\"@type\":\"PropertyValueSpecification\",\"valueRequired\":true,\"valueName\":\"search_term_string\"}}],\"inLanguage\":\"en-GB\"},{\"@type\":\"Organization\",\"@id\":\"https:\/\/www.sejourprive.com\/#organization\",\"name\":\"S\u00e9jour Priv\u00e9\",\"url\":\"https:\/\/www.sejourprive.com\/\",\"logo\":{\"@type\":\"ImageObject\",\"inLanguage\":\"en-GB\",\"@id\":\"https:\/\/www.sejourprive.com\/#\/schema\/logo\/image\/\",\"url\":\"https:\/\/www.sejourprive.com\/wp-content\/uploads\/2026\/02\/SP-Apple-touch-144-couleur-1-2.png\",\"contentUrl\":\"https:\/\/www.sejourprive.com\/wp-content\/uploads\/2026\/02\/SP-Apple-touch-144-couleur-1-2.png\",\"width\":145,\"height\":145,\"caption\":\"S\u00e9jour Priv\u00e9\"},\"image\":{\"@id\":\"https:\/\/www.sejourprive.com\/#\/schema\/logo\/image\/\"}}]}<\/script>\n<!-- \/ Yoast SEO plugin. -->","yoast_head_json":{"title":"Villa Caramontinu, Zonza, Porto-Vecchio, Corse, France - S\u00e9jour Priv\u00e9","description":"V\u00e9ritable oasis de modernit\u00e9, la Villa Caramontinu est l'endroit id\u00e9al pour s'\u00e9vader. Son superbe ext\u00e9rieur contemporain est tout \u00e0 fait unique, \u00e0 l'image","robots":{"index":"index","follow":"follow","max-snippet":"max-snippet:-1","max-image-preview":"max-image-preview:large","max-video-preview":"max-video-preview:-1"},"canonical":"https:\/\/www.sejourprive.com\/en\/biens\/villa-caramontinu-zonza-porto-vecchio-corse-france\/","og_locale":"en_GB","og_type":"article","og_title":"Villa Caramontinu, Zonza, Porto-Vecchio, Corse, France - S\u00e9jour Priv\u00e9","og_description":"V\u00e9ritable oasis de modernit\u00e9, la Villa Caramontinu est l'endroit id\u00e9al pour s'\u00e9vader. Son superbe ext\u00e9rieur contemporain est tout \u00e0 fait unique, \u00e0 l'image","og_url":"https:\/\/www.sejourprive.com\/en\/biens\/villa-caramontinu-zonza-porto-vecchio-corse-france\/","og_site_name":"S\u00e9jour Priv\u00e9","og_image":[{"width":1200,"height":899,"url":"https:\/\/www.sejourprive.com\/wp-content\/uploads\/2026\/03\/0-185.jpg","type":"image\/jpeg"}],"twitter_card":"summary_large_image","twitter_misc":{"Estimated reading time":"1 minute"},"schema":{"@context":"https:\/\/schema.org","@graph":[{"@type":"WebPage","@id":"https:\/\/www.sejourprive.com\/biens\/villa-caramontinu-zonza-porto-vecchio-corse-france\/","url":"https:\/\/www.sejourprive.com\/biens\/villa-caramontinu-zonza-porto-vecchio-corse-france\/","name":"Villa Caramontinu, Zonza, Porto-Vecchio, Corse, France - S\u00e9jour Priv\u00e9","isPartOf":{"@id":"https:\/\/www.sejourprive.com\/#website"},"primaryImageOfPage":{"@id":"https:\/\/www.sejourprive.com\/biens\/villa-caramontinu-zonza-porto-vecchio-corse-france\/#primaryimage"},"image":{"@id":"https:\/\/www.sejourprive.com\/biens\/villa-caramontinu-zonza-porto-vecchio-corse-france\/#primaryimage"},"thumbnailUrl":"https:\/\/www.sejourprive.com\/wp-content\/uploads\/2026\/03\/0-185.jpg","datePublished":"2026-03-20T10:57:47+00:00","description":"V\u00e9ritable oasis de modernit\u00e9, la Villa Caramontinu est l'endroit id\u00e9al pour s'\u00e9vader. Son superbe ext\u00e9rieur contemporain est tout \u00e0 fait unique, \u00e0 l'image","breadcrumb":{"@id":"https:\/\/www.sejourprive.com\/biens\/villa-caramontinu-zonza-porto-vecchio-corse-france\/#breadcrumb"},"inLanguage":"en-GB","potentialAction":[{"@type":"ReadAction","target":["https:\/\/www.sejourprive.com\/biens\/villa-caramontinu-zonza-porto-vecchio-corse-france\/"]}]},{"@type":"ImageObject","inLanguage":"en-GB","@id":"https:\/\/www.sejourprive.com\/biens\/villa-caramontinu-zonza-porto-vecchio-corse-france\/#primaryimage","url":"https:\/\/www.sejourprive.com\/wp-content\/uploads\/2026\/03\/0-185.jpg","contentUrl":"https:\/\/www.sejourprive.com\/wp-content\/uploads\/2026\/03\/0-185.jpg","width":1200,"height":899},{"@type":"BreadcrumbList","@id":"https:\/\/www.sejourprive.com\/biens\/villa-caramontinu-zonza-porto-vecchio-corse-france\/#breadcrumb","itemListElement":[{"@type":"ListItem","position":1,"name":"Accueil","item":"https:\/\/www.sejourprive.com\/"},{"@type":"ListItem","position":2,"name":"Shop","item":"https:\/\/www.sejourprive.com\/shop\/"},{"@type":"ListItem","position":3,"name":"Villa Caramontinu, Zonza, Porto-Vecchio, Corse, France"}]},{"@type":"WebSite","@id":"https:\/\/www.sejourprive.com\/#website","url":"https:\/\/www.sejourprive.com\/","name":"Private Stay","description":"We design exceptional holidays for you.","publisher":{"@id":"https:\/\/www.sejourprive.com\/#organization"},"potentialAction":[{"@type":"SearchAction","target":{"@type":"EntryPoint","urlTemplate":"https:\/\/www.sejourprive.com\/?s={search_term_string}"},"query-input":{"@type":"PropertyValueSpecification","valueRequired":true,"valueName":"search_term_string"}}],"inLanguage":"en-GB"},{"@type":"Organization","@id":"https:\/\/www.sejourprive.com\/#organization","name":"Private Stay","url":"https:\/\/www.sejourprive.com\/","logo":{"@type":"ImageObject","inLanguage":"en-GB","@id":"https:\/\/www.sejourprive.com\/#\/schema\/logo\/image\/","url":"https:\/\/www.sejourprive.com\/wp-content\/uploads\/2026\/02\/SP-Apple-touch-144-couleur-1-2.png","contentUrl":"https:\/\/www.sejourprive.com\/wp-content\/uploads\/2026\/02\/SP-Apple-touch-144-couleur-1-2.png","width":145,"height":145,"caption":"S\u00e9jour Priv\u00e9"},"image":{"@id":"https:\/\/www.sejourprive.com\/#\/schema\/logo\/image\/"}}]}},"_links":{"self":[{"href":"https:\/\/www.sejourprive.com\/en\/wp-json\/wp\/v2\/product\/49579","targetHints":{"allow":["GET"]}}],"collection":[{"href":"https:\/\/www.sejourprive.com\/en\/wp-json\/wp\/v2\/product"}],"about":[{"href":"https:\/\/www.sejourprive.com\/en\/wp-json\/wp\/v2\/types\/product"}],"replies":[{"embeddable":true,"href":"https:\/\/www.sejourprive.com\/en\/wp-json\/wp\/v2\/comments?post=49579"}],"version-history":[{"count":0,"href":"https:\/\/www.sejourprive.com\/en\/wp-json\/wp\/v2\/product\/49579\/revisions"}],"wp:featuredmedia":[{"embeddable":true,"href":"https:\/\/www.sejourprive.com\/en\/wp-json\/wp\/v2\/media\/49625"}],"wp:attachment":[{"href":"https:\/\/www.sejourprive.com\/en\/wp-json\/wp\/v2\/media?parent=49579"}],"wp:term":[{"taxonomy":"product_brand","embeddable":true,"href":"https:\/\/www.sejourprive.com\/en\/wp-json\/wp\/v2\/product_brand?post=49579"},{"taxonomy":"product_cat","embeddable":true,"href":"https:\/\/www.sejourprive.com\/en\/wp-json\/wp\/v2\/product_cat?post=49579"},{"taxonomy":"product_tag","embeddable":true,"href":"https:\/\/www.sejourprive.com\/en\/wp-json\/wp\/v2\/product_tag?post=49579"}],"curies":[{"name":"wp","href":"https:\/\/api.w.org\/{rel}","templated":true}]}}