{"id":49335,"date":"2026-03-19T15:14:26","date_gmt":"2026-03-19T14:14:26","guid":{"rendered":"https:\/\/www.sejourprive.com\/?post_type=product&#038;p=49335"},"modified":"2026-03-19T15:14:54","modified_gmt":"2026-03-19T14:14:54","slug":"villa-a-nepita-calcatoggio-ajaccio-corse-france","status":"publish","type":"product","link":"https:\/\/www.sejourprive.com\/en\/biens\/villa-a-nepita-calcatoggio-ajaccio-corse-france\/","title":{"rendered":"Villa A Nepita, Calcatoggio, Ajaccio, Corsica, France"},"content":{"rendered":"<p>Cette villa situ\u00e9e dans les collines d&#8217;Ajaccio fait partie des pr\u00e9f\u00e9r\u00e9es de nos clients, et on comprend ais\u00e9ment pourquoi. Avec sa vue imprenable sur la mer, son superbe design et sa magnifique piscine \u00e0 d\u00e9bordement chauff\u00e9e, cette villa au style boh\u00e8me est un v\u00e9ritable enchantement.<\/p>","protected":false},"excerpt":{"rendered":"<p>Cette villa situ\u00e9e dans les collines d&#8217;Ajaccio fait partie des pr\u00e9f\u00e9r\u00e9es de nos clients, et on comprend ais\u00e9ment pourquoi. Avec&#8230;<\/p>","protected":false},"featured_media":49345,"comment_status":"open","ping_status":"closed","template":"","meta":{"_acf_changed":false},"product_brand":[],"product_cat":[15],"product_tag":[],"class_list":{"0":"post-49335","1":"product","2":"type-product","3":"status-publish","4":"has-post-thumbnail","6":"product_cat-villa","7":"property_location-ajaccio","9":"first","10":"instock","11":"sold-individually","12":"shipping-taxable","13":"purchasable","14":"product-type-simple"},"acf":[],"yoast_head":"<!-- This site is optimized with the Yoast SEO plugin v26.6 - https:\/\/yoast.com\/wordpress\/plugins\/seo\/ -->\n<title>Villa A Nepita, Calcatoggio, Ajaccio, Corse, France - S\u00e9jour Priv\u00e9<\/title>\n<meta name=\"description\" content=\"Cette villa situ\u00e9e dans les collines d&#039;Ajaccio fait partie des pr\u00e9f\u00e9r\u00e9es de nos clients, et on comprend ais\u00e9ment pourquoi. Avec sa vue imprenable sur la\" \/>\n<meta name=\"robots\" content=\"index, follow, max-snippet:-1, max-image-preview:large, max-video-preview:-1\" \/>\n<link rel=\"canonical\" href=\"https:\/\/www.sejourprive.com\/en\/biens\/villa-a-nepita-calcatoggio-ajaccio-corse-france\/\" \/>\n<meta property=\"og:locale\" content=\"en_GB\" \/>\n<meta property=\"og:type\" content=\"article\" \/>\n<meta property=\"og:title\" content=\"Villa A Nepita, Calcatoggio, Ajaccio, Corse, France - S\u00e9jour Priv\u00e9\" \/>\n<meta property=\"og:description\" content=\"Cette villa situ\u00e9e dans les collines d&#039;Ajaccio fait partie des pr\u00e9f\u00e9r\u00e9es de nos clients, et on comprend ais\u00e9ment pourquoi. Avec sa vue imprenable sur la\" \/>\n<meta property=\"og:url\" content=\"https:\/\/www.sejourprive.com\/en\/biens\/villa-a-nepita-calcatoggio-ajaccio-corse-france\/\" \/>\n<meta property=\"og:site_name\" content=\"S\u00e9jour Priv\u00e9\" \/>\n<meta property=\"article:modified_time\" content=\"2026-03-19T14:14:54+00:00\" \/>\n<meta property=\"og:image\" content=\"https:\/\/www.sejourprive.com\/wp-content\/uploads\/2026\/03\/1-186.jpg\" \/>\n\t<meta property=\"og:image:width\" content=\"1200\" \/>\n\t<meta property=\"og:image:height\" content=\"800\" \/>\n\t<meta property=\"og:image:type\" content=\"image\/jpeg\" \/>\n<meta name=\"twitter:card\" content=\"summary_large_image\" \/>\n<meta name=\"twitter:label1\" content=\"Estimated reading time\" \/>\n\t<meta name=\"twitter:data1\" content=\"1 minute\" \/>\n<script type=\"application\/ld+json\" class=\"yoast-schema-graph\">{\"@context\":\"https:\/\/schema.org\",\"@graph\":[{\"@type\":\"WebPage\",\"@id\":\"https:\/\/www.sejourprive.com\/biens\/villa-a-nepita-calcatoggio-ajaccio-corse-france\/\",\"url\":\"https:\/\/www.sejourprive.com\/biens\/villa-a-nepita-calcatoggio-ajaccio-corse-france\/\",\"name\":\"Villa A Nepita, Calcatoggio, Ajaccio, Corse, France - S\u00e9jour Priv\u00e9\",\"isPartOf\":{\"@id\":\"https:\/\/www.sejourprive.com\/#website\"},\"primaryImageOfPage\":{\"@id\":\"https:\/\/www.sejourprive.com\/biens\/villa-a-nepita-calcatoggio-ajaccio-corse-france\/#primaryimage\"},\"image\":{\"@id\":\"https:\/\/www.sejourprive.com\/biens\/villa-a-nepita-calcatoggio-ajaccio-corse-france\/#primaryimage\"},\"thumbnailUrl\":\"https:\/\/www.sejourprive.com\/wp-content\/uploads\/2026\/03\/1-186.jpg\",\"datePublished\":\"2026-03-19T14:14:26+00:00\",\"dateModified\":\"2026-03-19T14:14:54+00:00\",\"description\":\"Cette villa situ\u00e9e dans les collines d'Ajaccio fait partie des pr\u00e9f\u00e9r\u00e9es de nos clients, et on comprend ais\u00e9ment pourquoi. Avec sa vue imprenable sur la\",\"breadcrumb\":{\"@id\":\"https:\/\/www.sejourprive.com\/biens\/villa-a-nepita-calcatoggio-ajaccio-corse-france\/#breadcrumb\"},\"inLanguage\":\"en-GB\",\"potentialAction\":[{\"@type\":\"ReadAction\",\"target\":[\"https:\/\/www.sejourprive.com\/biens\/villa-a-nepita-calcatoggio-ajaccio-corse-france\/\"]}]},{\"@type\":\"ImageObject\",\"inLanguage\":\"en-GB\",\"@id\":\"https:\/\/www.sejourprive.com\/biens\/villa-a-nepita-calcatoggio-ajaccio-corse-france\/#primaryimage\",\"url\":\"https:\/\/www.sejourprive.com\/wp-content\/uploads\/2026\/03\/1-186.jpg\",\"contentUrl\":\"https:\/\/www.sejourprive.com\/wp-content\/uploads\/2026\/03\/1-186.jpg\",\"width\":1200,\"height\":800},{\"@type\":\"BreadcrumbList\",\"@id\":\"https:\/\/www.sejourprive.com\/biens\/villa-a-nepita-calcatoggio-ajaccio-corse-france\/#breadcrumb\",\"itemListElement\":[{\"@type\":\"ListItem\",\"position\":1,\"name\":\"Accueil\",\"item\":\"https:\/\/www.sejourprive.com\/\"},{\"@type\":\"ListItem\",\"position\":2,\"name\":\"Shop\",\"item\":\"https:\/\/www.sejourprive.com\/shop\/\"},{\"@type\":\"ListItem\",\"position\":3,\"name\":\"Villa A Nepita, Calcatoggio, Ajaccio, Corse, France\"}]},{\"@type\":\"WebSite\",\"@id\":\"https:\/\/www.sejourprive.com\/#website\",\"url\":\"https:\/\/www.sejourprive.com\/\",\"name\":\"S\u00e9jour Priv\u00e9\",\"description\":\"Nous imaginons pour vous des s\u00e9jours d\u2019exception.\",\"publisher\":{\"@id\":\"https:\/\/www.sejourprive.com\/#organization\"},\"potentialAction\":[{\"@type\":\"SearchAction\",\"target\":{\"@type\":\"EntryPoint\",\"urlTemplate\":\"https:\/\/www.sejourprive.com\/?s={search_term_string}\"},\"query-input\":{\"@type\":\"PropertyValueSpecification\",\"valueRequired\":true,\"valueName\":\"search_term_string\"}}],\"inLanguage\":\"en-GB\"},{\"@type\":\"Organization\",\"@id\":\"https:\/\/www.sejourprive.com\/#organization\",\"name\":\"S\u00e9jour Priv\u00e9\",\"url\":\"https:\/\/www.sejourprive.com\/\",\"logo\":{\"@type\":\"ImageObject\",\"inLanguage\":\"en-GB\",\"@id\":\"https:\/\/www.sejourprive.com\/#\/schema\/logo\/image\/\",\"url\":\"https:\/\/www.sejourprive.com\/wp-content\/uploads\/2026\/02\/SP-Apple-touch-144-couleur-1-2.png\",\"contentUrl\":\"https:\/\/www.sejourprive.com\/wp-content\/uploads\/2026\/02\/SP-Apple-touch-144-couleur-1-2.png\",\"width\":145,\"height\":145,\"caption\":\"S\u00e9jour Priv\u00e9\"},\"image\":{\"@id\":\"https:\/\/www.sejourprive.com\/#\/schema\/logo\/image\/\"}}]}<\/script>\n<!-- \/ Yoast SEO plugin. -->","yoast_head_json":{"title":"Villa A Nepita, Calcatoggio, Ajaccio, Corse, France - S\u00e9jour Priv\u00e9","description":"Cette villa situ\u00e9e dans les collines d'Ajaccio fait partie des pr\u00e9f\u00e9r\u00e9es de nos clients, et on comprend ais\u00e9ment pourquoi. Avec sa vue imprenable sur la","robots":{"index":"index","follow":"follow","max-snippet":"max-snippet:-1","max-image-preview":"max-image-preview:large","max-video-preview":"max-video-preview:-1"},"canonical":"https:\/\/www.sejourprive.com\/en\/biens\/villa-a-nepita-calcatoggio-ajaccio-corse-france\/","og_locale":"en_GB","og_type":"article","og_title":"Villa A Nepita, Calcatoggio, Ajaccio, Corse, France - S\u00e9jour Priv\u00e9","og_description":"Cette villa situ\u00e9e dans les collines d'Ajaccio fait partie des pr\u00e9f\u00e9r\u00e9es de nos clients, et on comprend ais\u00e9ment pourquoi. Avec sa vue imprenable sur la","og_url":"https:\/\/www.sejourprive.com\/en\/biens\/villa-a-nepita-calcatoggio-ajaccio-corse-france\/","og_site_name":"S\u00e9jour Priv\u00e9","article_modified_time":"2026-03-19T14:14:54+00:00","og_image":[{"width":1200,"height":800,"url":"https:\/\/www.sejourprive.com\/wp-content\/uploads\/2026\/03\/1-186.jpg","type":"image\/jpeg"}],"twitter_card":"summary_large_image","twitter_misc":{"Estimated reading time":"1 minute"},"schema":{"@context":"https:\/\/schema.org","@graph":[{"@type":"WebPage","@id":"https:\/\/www.sejourprive.com\/biens\/villa-a-nepita-calcatoggio-ajaccio-corse-france\/","url":"https:\/\/www.sejourprive.com\/biens\/villa-a-nepita-calcatoggio-ajaccio-corse-france\/","name":"Villa A Nepita, Calcatoggio, Ajaccio, Corse, France - S\u00e9jour Priv\u00e9","isPartOf":{"@id":"https:\/\/www.sejourprive.com\/#website"},"primaryImageOfPage":{"@id":"https:\/\/www.sejourprive.com\/biens\/villa-a-nepita-calcatoggio-ajaccio-corse-france\/#primaryimage"},"image":{"@id":"https:\/\/www.sejourprive.com\/biens\/villa-a-nepita-calcatoggio-ajaccio-corse-france\/#primaryimage"},"thumbnailUrl":"https:\/\/www.sejourprive.com\/wp-content\/uploads\/2026\/03\/1-186.jpg","datePublished":"2026-03-19T14:14:26+00:00","dateModified":"2026-03-19T14:14:54+00:00","description":"Cette villa situ\u00e9e dans les collines d'Ajaccio fait partie des pr\u00e9f\u00e9r\u00e9es de nos clients, et on comprend ais\u00e9ment pourquoi. Avec sa vue imprenable sur la","breadcrumb":{"@id":"https:\/\/www.sejourprive.com\/biens\/villa-a-nepita-calcatoggio-ajaccio-corse-france\/#breadcrumb"},"inLanguage":"en-GB","potentialAction":[{"@type":"ReadAction","target":["https:\/\/www.sejourprive.com\/biens\/villa-a-nepita-calcatoggio-ajaccio-corse-france\/"]}]},{"@type":"ImageObject","inLanguage":"en-GB","@id":"https:\/\/www.sejourprive.com\/biens\/villa-a-nepita-calcatoggio-ajaccio-corse-france\/#primaryimage","url":"https:\/\/www.sejourprive.com\/wp-content\/uploads\/2026\/03\/1-186.jpg","contentUrl":"https:\/\/www.sejourprive.com\/wp-content\/uploads\/2026\/03\/1-186.jpg","width":1200,"height":800},{"@type":"BreadcrumbList","@id":"https:\/\/www.sejourprive.com\/biens\/villa-a-nepita-calcatoggio-ajaccio-corse-france\/#breadcrumb","itemListElement":[{"@type":"ListItem","position":1,"name":"Accueil","item":"https:\/\/www.sejourprive.com\/"},{"@type":"ListItem","position":2,"name":"Shop","item":"https:\/\/www.sejourprive.com\/shop\/"},{"@type":"ListItem","position":3,"name":"Villa A Nepita, Calcatoggio, Ajaccio, Corse, France"}]},{"@type":"WebSite","@id":"https:\/\/www.sejourprive.com\/#website","url":"https:\/\/www.sejourprive.com\/","name":"Private Stay","description":"We design exceptional holidays for you.","publisher":{"@id":"https:\/\/www.sejourprive.com\/#organization"},"potentialAction":[{"@type":"SearchAction","target":{"@type":"EntryPoint","urlTemplate":"https:\/\/www.sejourprive.com\/?s={search_term_string}"},"query-input":{"@type":"PropertyValueSpecification","valueRequired":true,"valueName":"search_term_string"}}],"inLanguage":"en-GB"},{"@type":"Organization","@id":"https:\/\/www.sejourprive.com\/#organization","name":"Private Stay","url":"https:\/\/www.sejourprive.com\/","logo":{"@type":"ImageObject","inLanguage":"en-GB","@id":"https:\/\/www.sejourprive.com\/#\/schema\/logo\/image\/","url":"https:\/\/www.sejourprive.com\/wp-content\/uploads\/2026\/02\/SP-Apple-touch-144-couleur-1-2.png","contentUrl":"https:\/\/www.sejourprive.com\/wp-content\/uploads\/2026\/02\/SP-Apple-touch-144-couleur-1-2.png","width":145,"height":145,"caption":"S\u00e9jour Priv\u00e9"},"image":{"@id":"https:\/\/www.sejourprive.com\/#\/schema\/logo\/image\/"}}]}},"_links":{"self":[{"href":"https:\/\/www.sejourprive.com\/en\/wp-json\/wp\/v2\/product\/49335","targetHints":{"allow":["GET"]}}],"collection":[{"href":"https:\/\/www.sejourprive.com\/en\/wp-json\/wp\/v2\/product"}],"about":[{"href":"https:\/\/www.sejourprive.com\/en\/wp-json\/wp\/v2\/types\/product"}],"replies":[{"embeddable":true,"href":"https:\/\/www.sejourprive.com\/en\/wp-json\/wp\/v2\/comments?post=49335"}],"version-history":[{"count":0,"href":"https:\/\/www.sejourprive.com\/en\/wp-json\/wp\/v2\/product\/49335\/revisions"}],"wp:featuredmedia":[{"embeddable":true,"href":"https:\/\/www.sejourprive.com\/en\/wp-json\/wp\/v2\/media\/49345"}],"wp:attachment":[{"href":"https:\/\/www.sejourprive.com\/en\/wp-json\/wp\/v2\/media?parent=49335"}],"wp:term":[{"taxonomy":"product_brand","embeddable":true,"href":"https:\/\/www.sejourprive.com\/en\/wp-json\/wp\/v2\/product_brand?post=49335"},{"taxonomy":"product_cat","embeddable":true,"href":"https:\/\/www.sejourprive.com\/en\/wp-json\/wp\/v2\/product_cat?post=49335"},{"taxonomy":"product_tag","embeddable":true,"href":"https:\/\/www.sejourprive.com\/en\/wp-json\/wp\/v2\/product_tag?post=49335"}],"curies":[{"name":"wp","href":"https:\/\/api.w.org\/{rel}","templated":true}]}}