{"id":49139,"date":"2026-03-19T15:08:41","date_gmt":"2026-03-19T14:08:41","guid":{"rendered":"https:\/\/www.sejourprive.com\/?post_type=product&#038;p=49139"},"modified":"2026-03-19T15:08:41","modified_gmt":"2026-03-19T14:08:41","slug":"casa-tramulina-lecci-porto-vecchio-corse-france","status":"publish","type":"product","link":"https:\/\/www.sejourprive.com\/en\/biens\/casa-tramulina-lecci-porto-vecchio-corse-france\/","title":{"rendered":"Casa Tramulina, Lecci, Porto-Vecchio, Corsica, France"},"content":{"rendered":"<p>Nich\u00e9e dans la r\u00e9gion de Porto-Vecchio, la Casa Tramulina incarne l&#8217;essence m\u00eame de l&#8217;\u00e9l\u00e9gance m\u00e9diterran\u00e9enne au c\u0153ur d&#8217;une nature pr\u00e9serv\u00e9e. Avec ses lignes \u00e9pur\u00e9es et ses mat\u00e9riaux naturels, ce havre de paix contemporain se trouve \u00e0 quelques pas seulement de la plage isol\u00e9e de Tramulimacchia.<span><div class=\"read-more-wrapper\"><a class=\"read-more-button\" data-target=\"read-more-69f52a5cb2694\" data-more-text=\"Read more\" data-less-text=\"Read less\"><span class=\"read-more-text\">Read more<\/span><\/a><div id=\"read-more-69f52a5cb2694\" class=\"read-more-content\"> <\/span><\/p>\n<p>Commencez votre journ\u00e9e pieds nus dans l&#8217;herbe douce du jardin m\u00e9diterran\u00e9en, puis rafra\u00eechissez-vous dans la piscine \u00e0 d\u00e9bordement, dont les eaux refl\u00e8tent le ciel clair du matin. \u00c0 l&#8217;aube, promenez-vous tranquillement jusqu&#8217;\u00e0 la plage dor\u00e9e toute proche, \u00e0 quelques pas seulement, en laissant la brise marine guider vos pas. L&#8217;apr\u00e8s-midi, profitez d&#8217;une partie de p\u00e9tanque conviviale \u00e0 l&#8217;ombre des arbres. \u00c0 la tomb\u00e9e de la nuit, allumez le barbecue pour un repas en plein air sur la terrasse ombrag\u00e9e, o\u00f9 les rires r\u00e9sonnent et o\u00f9 les saveurs locales s&#8217;\u00e9panouissent. Plus tard, retirez-vous \u00e0 l&#8217;int\u00e9rieur et rassemblez-vous autour de la chemin\u00e9e, pour terminer la soir\u00e9e dans une lueur chaleureuse et intime \u2014 chaque instant marqu\u00e9 par la simplicit\u00e9, le confort et la joie partag\u00e9e.<\/div><\/div><\/p>","protected":false},"excerpt":{"rendered":"<p>Nich\u00e9e dans la r\u00e9gion de Porto-Vecchio, la Casa Tramulina incarne l&#8217;essence m\u00eame de l&#8217;\u00e9l\u00e9gance m\u00e9diterran\u00e9enne au c\u0153ur d&#8217;une nature pr\u00e9serv\u00e9e&#8230;.<\/p>","protected":false},"featured_media":49195,"comment_status":"open","ping_status":"closed","template":"","meta":{"_acf_changed":false},"product_brand":[],"product_cat":[15],"product_tag":[],"class_list":{"0":"post-49139","1":"product","2":"type-product","3":"status-publish","4":"has-post-thumbnail","6":"product_cat-villa","7":"property_location-corse","8":"property_location-porto-vecchio","10":"first","11":"instock","12":"sold-individually","13":"shipping-taxable","14":"purchasable","15":"product-type-simple"},"acf":[],"yoast_head":"<!-- This site is optimized with the Yoast SEO plugin v26.6 - https:\/\/yoast.com\/wordpress\/plugins\/seo\/ -->\n<title>Casa Tramulina, Lecci, Porto-Vecchio, Corse, France - S\u00e9jour Priv\u00e9<\/title>\n<meta name=\"description\" content=\"Nich\u00e9e dans la r\u00e9gion de Porto-Vecchio, la Casa Tramulina incarne l&#039;essence m\u00eame de l&#039;\u00e9l\u00e9gance m\u00e9diterran\u00e9enne au c\u0153ur d&#039;une nature pr\u00e9serv\u00e9e. Avec ses\" \/>\n<meta name=\"robots\" content=\"index, follow, max-snippet:-1, max-image-preview:large, max-video-preview:-1\" \/>\n<link rel=\"canonical\" href=\"https:\/\/www.sejourprive.com\/en\/biens\/casa-tramulina-lecci-porto-vecchio-corse-france\/\" \/>\n<meta property=\"og:locale\" content=\"en_GB\" \/>\n<meta property=\"og:type\" content=\"article\" \/>\n<meta property=\"og:title\" content=\"Casa Tramulina, Lecci, Porto-Vecchio, Corse, France - S\u00e9jour Priv\u00e9\" \/>\n<meta property=\"og:description\" content=\"Nich\u00e9e dans la r\u00e9gion de Porto-Vecchio, la Casa Tramulina incarne l&#039;essence m\u00eame de l&#039;\u00e9l\u00e9gance m\u00e9diterran\u00e9enne au c\u0153ur d&#039;une nature pr\u00e9serv\u00e9e. Avec ses\" \/>\n<meta property=\"og:url\" content=\"https:\/\/www.sejourprive.com\/en\/biens\/casa-tramulina-lecci-porto-vecchio-corse-france\/\" \/>\n<meta property=\"og:site_name\" content=\"S\u00e9jour Priv\u00e9\" \/>\n<meta property=\"og:image\" content=\"https:\/\/www.sejourprive.com\/wp-content\/uploads\/2026\/03\/1-183.jpg\" \/>\n\t<meta property=\"og:image:width\" content=\"1200\" \/>\n\t<meta property=\"og:image:height\" content=\"800\" \/>\n\t<meta property=\"og:image:type\" content=\"image\/jpeg\" \/>\n<meta name=\"twitter:card\" content=\"summary_large_image\" \/>\n<meta name=\"twitter:label1\" content=\"Estimated reading time\" \/>\n\t<meta name=\"twitter:data1\" content=\"2 minutes\" \/>\n<script type=\"application\/ld+json\" class=\"yoast-schema-graph\">{\"@context\":\"https:\/\/schema.org\",\"@graph\":[{\"@type\":\"WebPage\",\"@id\":\"https:\/\/www.sejourprive.com\/biens\/casa-tramulina-lecci-porto-vecchio-corse-france\/\",\"url\":\"https:\/\/www.sejourprive.com\/biens\/casa-tramulina-lecci-porto-vecchio-corse-france\/\",\"name\":\"Casa Tramulina, Lecci, Porto-Vecchio, Corse, France - S\u00e9jour Priv\u00e9\",\"isPartOf\":{\"@id\":\"https:\/\/www.sejourprive.com\/#website\"},\"primaryImageOfPage\":{\"@id\":\"https:\/\/www.sejourprive.com\/biens\/casa-tramulina-lecci-porto-vecchio-corse-france\/#primaryimage\"},\"image\":{\"@id\":\"https:\/\/www.sejourprive.com\/biens\/casa-tramulina-lecci-porto-vecchio-corse-france\/#primaryimage\"},\"thumbnailUrl\":\"https:\/\/www.sejourprive.com\/wp-content\/uploads\/2026\/03\/1-183.jpg\",\"datePublished\":\"2026-03-19T14:08:41+00:00\",\"description\":\"Nich\u00e9e dans la r\u00e9gion de Porto-Vecchio, la Casa Tramulina incarne l'essence m\u00eame de l'\u00e9l\u00e9gance m\u00e9diterran\u00e9enne au c\u0153ur d'une nature pr\u00e9serv\u00e9e. Avec ses\",\"breadcrumb\":{\"@id\":\"https:\/\/www.sejourprive.com\/biens\/casa-tramulina-lecci-porto-vecchio-corse-france\/#breadcrumb\"},\"inLanguage\":\"en-GB\",\"potentialAction\":[{\"@type\":\"ReadAction\",\"target\":[\"https:\/\/www.sejourprive.com\/biens\/casa-tramulina-lecci-porto-vecchio-corse-france\/\"]}]},{\"@type\":\"ImageObject\",\"inLanguage\":\"en-GB\",\"@id\":\"https:\/\/www.sejourprive.com\/biens\/casa-tramulina-lecci-porto-vecchio-corse-france\/#primaryimage\",\"url\":\"https:\/\/www.sejourprive.com\/wp-content\/uploads\/2026\/03\/1-183.jpg\",\"contentUrl\":\"https:\/\/www.sejourprive.com\/wp-content\/uploads\/2026\/03\/1-183.jpg\",\"width\":1200,\"height\":800},{\"@type\":\"BreadcrumbList\",\"@id\":\"https:\/\/www.sejourprive.com\/biens\/casa-tramulina-lecci-porto-vecchio-corse-france\/#breadcrumb\",\"itemListElement\":[{\"@type\":\"ListItem\",\"position\":1,\"name\":\"Accueil\",\"item\":\"https:\/\/www.sejourprive.com\/\"},{\"@type\":\"ListItem\",\"position\":2,\"name\":\"Shop\",\"item\":\"https:\/\/www.sejourprive.com\/shop\/\"},{\"@type\":\"ListItem\",\"position\":3,\"name\":\"Casa Tramulina, Lecci, Porto-Vecchio, Corse, France\"}]},{\"@type\":\"WebSite\",\"@id\":\"https:\/\/www.sejourprive.com\/#website\",\"url\":\"https:\/\/www.sejourprive.com\/\",\"name\":\"S\u00e9jour Priv\u00e9\",\"description\":\"Nous imaginons pour vous des s\u00e9jours d\u2019exception.\",\"publisher\":{\"@id\":\"https:\/\/www.sejourprive.com\/#organization\"},\"potentialAction\":[{\"@type\":\"SearchAction\",\"target\":{\"@type\":\"EntryPoint\",\"urlTemplate\":\"https:\/\/www.sejourprive.com\/?s={search_term_string}\"},\"query-input\":{\"@type\":\"PropertyValueSpecification\",\"valueRequired\":true,\"valueName\":\"search_term_string\"}}],\"inLanguage\":\"en-GB\"},{\"@type\":\"Organization\",\"@id\":\"https:\/\/www.sejourprive.com\/#organization\",\"name\":\"S\u00e9jour Priv\u00e9\",\"url\":\"https:\/\/www.sejourprive.com\/\",\"logo\":{\"@type\":\"ImageObject\",\"inLanguage\":\"en-GB\",\"@id\":\"https:\/\/www.sejourprive.com\/#\/schema\/logo\/image\/\",\"url\":\"https:\/\/www.sejourprive.com\/wp-content\/uploads\/2026\/02\/SP-Apple-touch-144-couleur-1-2.png\",\"contentUrl\":\"https:\/\/www.sejourprive.com\/wp-content\/uploads\/2026\/02\/SP-Apple-touch-144-couleur-1-2.png\",\"width\":145,\"height\":145,\"caption\":\"S\u00e9jour Priv\u00e9\"},\"image\":{\"@id\":\"https:\/\/www.sejourprive.com\/#\/schema\/logo\/image\/\"}}]}<\/script>\n<!-- \/ Yoast SEO plugin. -->","yoast_head_json":{"title":"Casa Tramulina, Lecci, Porto-Vecchio, Corse, France - S\u00e9jour Priv\u00e9","description":"Nich\u00e9e dans la r\u00e9gion de Porto-Vecchio, la Casa Tramulina incarne l'essence m\u00eame de l'\u00e9l\u00e9gance m\u00e9diterran\u00e9enne au c\u0153ur d'une nature pr\u00e9serv\u00e9e. Avec ses","robots":{"index":"index","follow":"follow","max-snippet":"max-snippet:-1","max-image-preview":"max-image-preview:large","max-video-preview":"max-video-preview:-1"},"canonical":"https:\/\/www.sejourprive.com\/en\/biens\/casa-tramulina-lecci-porto-vecchio-corse-france\/","og_locale":"en_GB","og_type":"article","og_title":"Casa Tramulina, Lecci, Porto-Vecchio, Corse, France - S\u00e9jour Priv\u00e9","og_description":"Nich\u00e9e dans la r\u00e9gion de Porto-Vecchio, la Casa Tramulina incarne l'essence m\u00eame de l'\u00e9l\u00e9gance m\u00e9diterran\u00e9enne au c\u0153ur d'une nature pr\u00e9serv\u00e9e. Avec ses","og_url":"https:\/\/www.sejourprive.com\/en\/biens\/casa-tramulina-lecci-porto-vecchio-corse-france\/","og_site_name":"S\u00e9jour Priv\u00e9","og_image":[{"width":1200,"height":800,"url":"https:\/\/www.sejourprive.com\/wp-content\/uploads\/2026\/03\/1-183.jpg","type":"image\/jpeg"}],"twitter_card":"summary_large_image","twitter_misc":{"Estimated reading time":"2 minutes"},"schema":{"@context":"https:\/\/schema.org","@graph":[{"@type":"WebPage","@id":"https:\/\/www.sejourprive.com\/biens\/casa-tramulina-lecci-porto-vecchio-corse-france\/","url":"https:\/\/www.sejourprive.com\/biens\/casa-tramulina-lecci-porto-vecchio-corse-france\/","name":"Casa Tramulina, Lecci, Porto-Vecchio, Corse, France - S\u00e9jour Priv\u00e9","isPartOf":{"@id":"https:\/\/www.sejourprive.com\/#website"},"primaryImageOfPage":{"@id":"https:\/\/www.sejourprive.com\/biens\/casa-tramulina-lecci-porto-vecchio-corse-france\/#primaryimage"},"image":{"@id":"https:\/\/www.sejourprive.com\/biens\/casa-tramulina-lecci-porto-vecchio-corse-france\/#primaryimage"},"thumbnailUrl":"https:\/\/www.sejourprive.com\/wp-content\/uploads\/2026\/03\/1-183.jpg","datePublished":"2026-03-19T14:08:41+00:00","description":"Nich\u00e9e dans la r\u00e9gion de Porto-Vecchio, la Casa Tramulina incarne l'essence m\u00eame de l'\u00e9l\u00e9gance m\u00e9diterran\u00e9enne au c\u0153ur d'une nature pr\u00e9serv\u00e9e. Avec ses","breadcrumb":{"@id":"https:\/\/www.sejourprive.com\/biens\/casa-tramulina-lecci-porto-vecchio-corse-france\/#breadcrumb"},"inLanguage":"en-GB","potentialAction":[{"@type":"ReadAction","target":["https:\/\/www.sejourprive.com\/biens\/casa-tramulina-lecci-porto-vecchio-corse-france\/"]}]},{"@type":"ImageObject","inLanguage":"en-GB","@id":"https:\/\/www.sejourprive.com\/biens\/casa-tramulina-lecci-porto-vecchio-corse-france\/#primaryimage","url":"https:\/\/www.sejourprive.com\/wp-content\/uploads\/2026\/03\/1-183.jpg","contentUrl":"https:\/\/www.sejourprive.com\/wp-content\/uploads\/2026\/03\/1-183.jpg","width":1200,"height":800},{"@type":"BreadcrumbList","@id":"https:\/\/www.sejourprive.com\/biens\/casa-tramulina-lecci-porto-vecchio-corse-france\/#breadcrumb","itemListElement":[{"@type":"ListItem","position":1,"name":"Accueil","item":"https:\/\/www.sejourprive.com\/"},{"@type":"ListItem","position":2,"name":"Shop","item":"https:\/\/www.sejourprive.com\/shop\/"},{"@type":"ListItem","position":3,"name":"Casa Tramulina, Lecci, Porto-Vecchio, Corse, France"}]},{"@type":"WebSite","@id":"https:\/\/www.sejourprive.com\/#website","url":"https:\/\/www.sejourprive.com\/","name":"Private Stay","description":"We design exceptional holidays for you.","publisher":{"@id":"https:\/\/www.sejourprive.com\/#organization"},"potentialAction":[{"@type":"SearchAction","target":{"@type":"EntryPoint","urlTemplate":"https:\/\/www.sejourprive.com\/?s={search_term_string}"},"query-input":{"@type":"PropertyValueSpecification","valueRequired":true,"valueName":"search_term_string"}}],"inLanguage":"en-GB"},{"@type":"Organization","@id":"https:\/\/www.sejourprive.com\/#organization","name":"Private Stay","url":"https:\/\/www.sejourprive.com\/","logo":{"@type":"ImageObject","inLanguage":"en-GB","@id":"https:\/\/www.sejourprive.com\/#\/schema\/logo\/image\/","url":"https:\/\/www.sejourprive.com\/wp-content\/uploads\/2026\/02\/SP-Apple-touch-144-couleur-1-2.png","contentUrl":"https:\/\/www.sejourprive.com\/wp-content\/uploads\/2026\/02\/SP-Apple-touch-144-couleur-1-2.png","width":145,"height":145,"caption":"S\u00e9jour Priv\u00e9"},"image":{"@id":"https:\/\/www.sejourprive.com\/#\/schema\/logo\/image\/"}}]}},"_links":{"self":[{"href":"https:\/\/www.sejourprive.com\/en\/wp-json\/wp\/v2\/product\/49139","targetHints":{"allow":["GET"]}}],"collection":[{"href":"https:\/\/www.sejourprive.com\/en\/wp-json\/wp\/v2\/product"}],"about":[{"href":"https:\/\/www.sejourprive.com\/en\/wp-json\/wp\/v2\/types\/product"}],"replies":[{"embeddable":true,"href":"https:\/\/www.sejourprive.com\/en\/wp-json\/wp\/v2\/comments?post=49139"}],"version-history":[{"count":0,"href":"https:\/\/www.sejourprive.com\/en\/wp-json\/wp\/v2\/product\/49139\/revisions"}],"wp:featuredmedia":[{"embeddable":true,"href":"https:\/\/www.sejourprive.com\/en\/wp-json\/wp\/v2\/media\/49195"}],"wp:attachment":[{"href":"https:\/\/www.sejourprive.com\/en\/wp-json\/wp\/v2\/media?parent=49139"}],"wp:term":[{"taxonomy":"product_brand","embeddable":true,"href":"https:\/\/www.sejourprive.com\/en\/wp-json\/wp\/v2\/product_brand?post=49139"},{"taxonomy":"product_cat","embeddable":true,"href":"https:\/\/www.sejourprive.com\/en\/wp-json\/wp\/v2\/product_cat?post=49139"},{"taxonomy":"product_tag","embeddable":true,"href":"https:\/\/www.sejourprive.com\/en\/wp-json\/wp\/v2\/product_tag?post=49139"}],"curies":[{"name":"wp","href":"https:\/\/api.w.org\/{rel}","templated":true}]}}