{"id":48063,"date":"2026-03-18T12:31:40","date_gmt":"2026-03-18T11:31:40","guid":{"rendered":"https:\/\/www.sejourprive.com\/?post_type=product&#038;p=48063"},"modified":"2026-03-18T12:31:40","modified_gmt":"2026-03-18T11:31:40","slug":"breakwater-griante-ca-bianca-lac-de-come-italie","status":"publish","type":"product","link":"https:\/\/www.sejourprive.com\/en\/biens\/breakwater-griante-ca-bianca-lac-de-come-italie\/","title":{"rendered":"Breakwater Griante, Ca\u2019 Bianca, Lake Como, Italy"},"content":{"rendered":"<p>Breakwater Griante is a striking contemporary villa located directly on the shores of Lake Como, in the village of Griante, between Bellagio, Menaggio and Varenna. Its transformation from a former shipyard into a modern architectural gem creates an atmosphere of refined elegance by the water.<\/p>\n<p><span><div class=\"read-more-wrapper\"><a class=\"read-more-button\" data-target=\"read-more-69f89ac332cab\" data-more-text=\"Read more\" data-less-text=\"Read less\"><span class=\"read-more-text\">Read more<\/span><\/a><div id=\"read-more-69f89ac332cab\" class=\"read-more-content\"> <\/span>Imagine mornings by the heated pool overlooking the lake or relaxing in the jacuzzi, while vast wooden terraces open onto a shaded gazebo and areas dedicated to al fresco dining. Evenings are spent around the brazier or on the private pontoon, where every outdoor space invites you to relax and connect with the lake.<\/div><\/div><\/p>","protected":false},"excerpt":{"rendered":"<p>Breakwater Griante est une villa contemporaine remarquable, situ\u00e9e directement sur les rives du lac de C\u00f4me, dans le village de&#8230;<\/p>","protected":false},"featured_media":48121,"comment_status":"open","ping_status":"closed","template":"","meta":{"_acf_changed":false},"product_brand":[],"product_cat":[15],"product_tag":[],"class_list":{"0":"post-48063","1":"product","2":"type-product","3":"status-publish","4":"has-post-thumbnail","6":"product_cat-villa","7":"property_location-come","8":"property_location-italie","10":"first","11":"instock","12":"sold-individually","13":"shipping-taxable","14":"purchasable","15":"product-type-simple"},"acf":[],"yoast_head":"<!-- This site is optimized with the Yoast SEO plugin v26.6 - https:\/\/yoast.com\/wordpress\/plugins\/seo\/ -->\n<title>Breakwater Griante, Ca&#039; Bianca, Lac de C\u00f4me, Italie - S\u00e9jour Priv\u00e9<\/title>\n<meta name=\"description\" content=\"Breakwater Griante est une villa contemporaine remarquable, situ\u00e9e directement sur les rives du lac de C\u00f4me, dans le village de Griante, entre Bellagio,\" \/>\n<meta name=\"robots\" content=\"index, follow, max-snippet:-1, max-image-preview:large, max-video-preview:-1\" \/>\n<link rel=\"canonical\" href=\"https:\/\/www.sejourprive.com\/en\/biens\/breakwater-griante-ca-bianca-lac-de-come-italie\/\" \/>\n<meta property=\"og:locale\" content=\"en_GB\" \/>\n<meta property=\"og:type\" content=\"article\" \/>\n<meta property=\"og:title\" content=\"Breakwater Griante, Ca&#039; Bianca, Lac de C\u00f4me, Italie - S\u00e9jour Priv\u00e9\" \/>\n<meta property=\"og:description\" content=\"Breakwater Griante est une villa contemporaine remarquable, situ\u00e9e directement sur les rives du lac de C\u00f4me, dans le village de Griante, entre Bellagio,\" \/>\n<meta property=\"og:url\" content=\"https:\/\/www.sejourprive.com\/en\/biens\/breakwater-griante-ca-bianca-lac-de-come-italie\/\" \/>\n<meta property=\"og:site_name\" content=\"S\u00e9jour Priv\u00e9\" \/>\n<meta property=\"og:image\" content=\"https:\/\/www.sejourprive.com\/wp-content\/uploads\/2026\/03\/3-5.png\" \/>\n\t<meta property=\"og:image:width\" content=\"1200\" \/>\n\t<meta property=\"og:image:height\" content=\"800\" \/>\n\t<meta property=\"og:image:type\" content=\"image\/png\" \/>\n<meta name=\"twitter:card\" content=\"summary_large_image\" \/>\n<meta name=\"twitter:label1\" content=\"Estimated reading time\" \/>\n\t<meta name=\"twitter:data1\" content=\"1 minute\" \/>\n<script type=\"application\/ld+json\" class=\"yoast-schema-graph\">{\"@context\":\"https:\/\/schema.org\",\"@graph\":[{\"@type\":\"WebPage\",\"@id\":\"https:\/\/www.sejourprive.com\/biens\/breakwater-griante-ca-bianca-lac-de-come-italie\/\",\"url\":\"https:\/\/www.sejourprive.com\/biens\/breakwater-griante-ca-bianca-lac-de-come-italie\/\",\"name\":\"Breakwater Griante, Ca' Bianca, Lac de C\u00f4me, Italie - S\u00e9jour Priv\u00e9\",\"isPartOf\":{\"@id\":\"https:\/\/www.sejourprive.com\/#website\"},\"primaryImageOfPage\":{\"@id\":\"https:\/\/www.sejourprive.com\/biens\/breakwater-griante-ca-bianca-lac-de-come-italie\/#primaryimage\"},\"image\":{\"@id\":\"https:\/\/www.sejourprive.com\/biens\/breakwater-griante-ca-bianca-lac-de-come-italie\/#primaryimage\"},\"thumbnailUrl\":\"https:\/\/www.sejourprive.com\/wp-content\/uploads\/2026\/03\/3-5.png\",\"datePublished\":\"2026-03-18T11:31:40+00:00\",\"description\":\"Breakwater Griante est une villa contemporaine remarquable, situ\u00e9e directement sur les rives du lac de C\u00f4me, dans le village de Griante, entre Bellagio,\",\"breadcrumb\":{\"@id\":\"https:\/\/www.sejourprive.com\/biens\/breakwater-griante-ca-bianca-lac-de-come-italie\/#breadcrumb\"},\"inLanguage\":\"en-GB\",\"potentialAction\":[{\"@type\":\"ReadAction\",\"target\":[\"https:\/\/www.sejourprive.com\/biens\/breakwater-griante-ca-bianca-lac-de-come-italie\/\"]}]},{\"@type\":\"ImageObject\",\"inLanguage\":\"en-GB\",\"@id\":\"https:\/\/www.sejourprive.com\/biens\/breakwater-griante-ca-bianca-lac-de-come-italie\/#primaryimage\",\"url\":\"https:\/\/www.sejourprive.com\/wp-content\/uploads\/2026\/03\/3-5.png\",\"contentUrl\":\"https:\/\/www.sejourprive.com\/wp-content\/uploads\/2026\/03\/3-5.png\",\"width\":1200,\"height\":800},{\"@type\":\"BreadcrumbList\",\"@id\":\"https:\/\/www.sejourprive.com\/biens\/breakwater-griante-ca-bianca-lac-de-come-italie\/#breadcrumb\",\"itemListElement\":[{\"@type\":\"ListItem\",\"position\":1,\"name\":\"Accueil\",\"item\":\"https:\/\/www.sejourprive.com\/\"},{\"@type\":\"ListItem\",\"position\":2,\"name\":\"Shop\",\"item\":\"https:\/\/www.sejourprive.com\/shop\/\"},{\"@type\":\"ListItem\",\"position\":3,\"name\":\"Breakwater Griante, Ca&#8217; Bianca, Lac de C\u00f4me, Italie\"}]},{\"@type\":\"WebSite\",\"@id\":\"https:\/\/www.sejourprive.com\/#website\",\"url\":\"https:\/\/www.sejourprive.com\/\",\"name\":\"S\u00e9jour Priv\u00e9\",\"description\":\"Nous imaginons pour vous des s\u00e9jours d\u2019exception.\",\"publisher\":{\"@id\":\"https:\/\/www.sejourprive.com\/#organization\"},\"potentialAction\":[{\"@type\":\"SearchAction\",\"target\":{\"@type\":\"EntryPoint\",\"urlTemplate\":\"https:\/\/www.sejourprive.com\/?s={search_term_string}\"},\"query-input\":{\"@type\":\"PropertyValueSpecification\",\"valueRequired\":true,\"valueName\":\"search_term_string\"}}],\"inLanguage\":\"en-GB\"},{\"@type\":\"Organization\",\"@id\":\"https:\/\/www.sejourprive.com\/#organization\",\"name\":\"S\u00e9jour Priv\u00e9\",\"url\":\"https:\/\/www.sejourprive.com\/\",\"logo\":{\"@type\":\"ImageObject\",\"inLanguage\":\"en-GB\",\"@id\":\"https:\/\/www.sejourprive.com\/#\/schema\/logo\/image\/\",\"url\":\"https:\/\/www.sejourprive.com\/wp-content\/uploads\/2026\/02\/SP-Apple-touch-144-couleur-1-2.png\",\"contentUrl\":\"https:\/\/www.sejourprive.com\/wp-content\/uploads\/2026\/02\/SP-Apple-touch-144-couleur-1-2.png\",\"width\":145,\"height\":145,\"caption\":\"S\u00e9jour Priv\u00e9\"},\"image\":{\"@id\":\"https:\/\/www.sejourprive.com\/#\/schema\/logo\/image\/\"}}]}<\/script>\n<!-- \/ Yoast SEO plugin. -->","yoast_head_json":{"title":"Breakwater Griante, Ca' Bianca, Lac de C\u00f4me, Italie - S\u00e9jour Priv\u00e9","description":"Breakwater Griante est une villa contemporaine remarquable, situ\u00e9e directement sur les rives du lac de C\u00f4me, dans le village de Griante, entre Bellagio,","robots":{"index":"index","follow":"follow","max-snippet":"max-snippet:-1","max-image-preview":"max-image-preview:large","max-video-preview":"max-video-preview:-1"},"canonical":"https:\/\/www.sejourprive.com\/en\/biens\/breakwater-griante-ca-bianca-lac-de-come-italie\/","og_locale":"en_GB","og_type":"article","og_title":"Breakwater Griante, Ca' Bianca, Lac de C\u00f4me, Italie - S\u00e9jour Priv\u00e9","og_description":"Breakwater Griante est une villa contemporaine remarquable, situ\u00e9e directement sur les rives du lac de C\u00f4me, dans le village de Griante, entre Bellagio,","og_url":"https:\/\/www.sejourprive.com\/en\/biens\/breakwater-griante-ca-bianca-lac-de-come-italie\/","og_site_name":"S\u00e9jour Priv\u00e9","og_image":[{"width":1200,"height":800,"url":"https:\/\/www.sejourprive.com\/wp-content\/uploads\/2026\/03\/3-5.png","type":"image\/png"}],"twitter_card":"summary_large_image","twitter_misc":{"Estimated reading time":"1 minute"},"schema":{"@context":"https:\/\/schema.org","@graph":[{"@type":"WebPage","@id":"https:\/\/www.sejourprive.com\/biens\/breakwater-griante-ca-bianca-lac-de-come-italie\/","url":"https:\/\/www.sejourprive.com\/biens\/breakwater-griante-ca-bianca-lac-de-come-italie\/","name":"Breakwater Griante, Ca' Bianca, Lac de C\u00f4me, Italie - S\u00e9jour Priv\u00e9","isPartOf":{"@id":"https:\/\/www.sejourprive.com\/#website"},"primaryImageOfPage":{"@id":"https:\/\/www.sejourprive.com\/biens\/breakwater-griante-ca-bianca-lac-de-come-italie\/#primaryimage"},"image":{"@id":"https:\/\/www.sejourprive.com\/biens\/breakwater-griante-ca-bianca-lac-de-come-italie\/#primaryimage"},"thumbnailUrl":"https:\/\/www.sejourprive.com\/wp-content\/uploads\/2026\/03\/3-5.png","datePublished":"2026-03-18T11:31:40+00:00","description":"Breakwater Griante est une villa contemporaine remarquable, situ\u00e9e directement sur les rives du lac de C\u00f4me, dans le village de Griante, entre Bellagio,","breadcrumb":{"@id":"https:\/\/www.sejourprive.com\/biens\/breakwater-griante-ca-bianca-lac-de-come-italie\/#breadcrumb"},"inLanguage":"en-GB","potentialAction":[{"@type":"ReadAction","target":["https:\/\/www.sejourprive.com\/biens\/breakwater-griante-ca-bianca-lac-de-come-italie\/"]}]},{"@type":"ImageObject","inLanguage":"en-GB","@id":"https:\/\/www.sejourprive.com\/biens\/breakwater-griante-ca-bianca-lac-de-come-italie\/#primaryimage","url":"https:\/\/www.sejourprive.com\/wp-content\/uploads\/2026\/03\/3-5.png","contentUrl":"https:\/\/www.sejourprive.com\/wp-content\/uploads\/2026\/03\/3-5.png","width":1200,"height":800},{"@type":"BreadcrumbList","@id":"https:\/\/www.sejourprive.com\/biens\/breakwater-griante-ca-bianca-lac-de-come-italie\/#breadcrumb","itemListElement":[{"@type":"ListItem","position":1,"name":"Accueil","item":"https:\/\/www.sejourprive.com\/"},{"@type":"ListItem","position":2,"name":"Shop","item":"https:\/\/www.sejourprive.com\/shop\/"},{"@type":"ListItem","position":3,"name":"Breakwater Griante, Ca&#8217; Bianca, Lac de C\u00f4me, Italie"}]},{"@type":"WebSite","@id":"https:\/\/www.sejourprive.com\/#website","url":"https:\/\/www.sejourprive.com\/","name":"Private Stay","description":"We design exceptional holidays for you.","publisher":{"@id":"https:\/\/www.sejourprive.com\/#organization"},"potentialAction":[{"@type":"SearchAction","target":{"@type":"EntryPoint","urlTemplate":"https:\/\/www.sejourprive.com\/?s={search_term_string}"},"query-input":{"@type":"PropertyValueSpecification","valueRequired":true,"valueName":"search_term_string"}}],"inLanguage":"en-GB"},{"@type":"Organization","@id":"https:\/\/www.sejourprive.com\/#organization","name":"Private Stay","url":"https:\/\/www.sejourprive.com\/","logo":{"@type":"ImageObject","inLanguage":"en-GB","@id":"https:\/\/www.sejourprive.com\/#\/schema\/logo\/image\/","url":"https:\/\/www.sejourprive.com\/wp-content\/uploads\/2026\/02\/SP-Apple-touch-144-couleur-1-2.png","contentUrl":"https:\/\/www.sejourprive.com\/wp-content\/uploads\/2026\/02\/SP-Apple-touch-144-couleur-1-2.png","width":145,"height":145,"caption":"S\u00e9jour Priv\u00e9"},"image":{"@id":"https:\/\/www.sejourprive.com\/#\/schema\/logo\/image\/"}}]}},"_links":{"self":[{"href":"https:\/\/www.sejourprive.com\/en\/wp-json\/wp\/v2\/product\/48063","targetHints":{"allow":["GET"]}}],"collection":[{"href":"https:\/\/www.sejourprive.com\/en\/wp-json\/wp\/v2\/product"}],"about":[{"href":"https:\/\/www.sejourprive.com\/en\/wp-json\/wp\/v2\/types\/product"}],"replies":[{"embeddable":true,"href":"https:\/\/www.sejourprive.com\/en\/wp-json\/wp\/v2\/comments?post=48063"}],"version-history":[{"count":0,"href":"https:\/\/www.sejourprive.com\/en\/wp-json\/wp\/v2\/product\/48063\/revisions"}],"wp:featuredmedia":[{"embeddable":true,"href":"https:\/\/www.sejourprive.com\/en\/wp-json\/wp\/v2\/media\/48121"}],"wp:attachment":[{"href":"https:\/\/www.sejourprive.com\/en\/wp-json\/wp\/v2\/media?parent=48063"}],"wp:term":[{"taxonomy":"product_brand","embeddable":true,"href":"https:\/\/www.sejourprive.com\/en\/wp-json\/wp\/v2\/product_brand?post=48063"},{"taxonomy":"product_cat","embeddable":true,"href":"https:\/\/www.sejourprive.com\/en\/wp-json\/wp\/v2\/product_cat?post=48063"},{"taxonomy":"product_tag","embeddable":true,"href":"https:\/\/www.sejourprive.com\/en\/wp-json\/wp\/v2\/product_tag?post=48063"}],"curies":[{"name":"wp","href":"https:\/\/api.w.org\/{rel}","templated":true}]}}