{"id":47401,"date":"2026-03-17T12:05:33","date_gmt":"2026-03-17T11:05:33","guid":{"rendered":"https:\/\/www.sejourprive.com\/?post_type=product&#038;p=47401"},"modified":"2026-03-17T12:05:33","modified_gmt":"2026-03-17T11:05:33","slug":"villa-principessa-fasano-bari-pouilles-italie","status":"publish","type":"product","link":"https:\/\/www.sejourprive.com\/en\/biens\/villa-principessa-fasano-bari-pouilles-italie\/","title":{"rendered":"Villa Principessa, Fasano, Bari, Puglia, Italy"},"content":{"rendered":"<p>\u00c9vadez-vous dans la beaut\u00e9 incomparable de la Villa Principessa, un domaine priv\u00e9 de luxe nich\u00e9 dans le quartier le plus exclusif entre Fasano et Savelletri. D\u00e9couvrez le summum de l&#8217;opulence et cr\u00e9ez des souvenirs inoubliables lors de vos vacances de luxe ou de votre mariage de r\u00eave au c\u0153ur des Pouilles.<span><div class=\"read-more-wrapper\"><a class=\"read-more-button\" data-target=\"read-more-69f3dc336a63c\" data-more-text=\"Read more\" data-less-text=\"Read less\"><span class=\"read-more-text\">Read more<\/span><\/a><div id=\"read-more-69f3dc336a63c\" class=\"read-more-content\"> <\/span><\/p>\n<p>En p\u00e9n\u00e9trant dans ce sanctuaire isol\u00e9, vous d\u00e9couvrirez une villa priv\u00e9e dot\u00e9e de chambres raffin\u00e9es, d&#8217;une piscine chauff\u00e9e enti\u00e8rement \u00e9quip\u00e9e et d&#8217;une salle de sport en plein air. La douce brise marine caresse la Masseria, impr\u00e9gnant le paysage serein d\u2019un air frais et vivifiant.<\/p>\n<p>Plongez-vous dans ce cadre idyllique, o\u00f9 de vastes pelouses et une terre d\u2019un brun riche abritent 6 100 oliviers. Trouvez le repos \u00e0 leur ombre, en savourant des moments de tranquillit\u00e9. La piscine ext\u00e9rieure, nich\u00e9e harmonieusement au c\u0153ur du domaine, vous invite \u00e0 d\u00e9couvrir une atmosph\u00e8re v\u00e9ritablement magique.<\/p>\n<p>Au rez-de-chauss\u00e9e, trois suites vous attendent, chacune offrant un acc\u00e8s direct au jardin environnant et \u00e0 la piscine. Montez au premier \u00e9tage, o\u00f9 deux suites suppl\u00e9mentaires vous attendent, dot\u00e9es de vastes terrasses priv\u00e9es et d&#8217;une vue magnifique sur la mer. Chaque suite dispose de sa propre entr\u00e9e priv\u00e9e, de la t\u00e9l\u00e9vision par satellite internationale, de la climatisation et de syst\u00e8mes domotiques \u00e0 \u00e9cran tactile de pointe.<\/p>\n<p>D\u00e8s que vous franchirez le seuil, vous serez s\u00e9duit par le charme historique et les merveilles architecturales qui embellissent la Villa Principessa. Admirez les sols en pierre d&#8217;origine, les cages d&#8217;escalier rustiques pr\u00e9serv\u00e9es et les plafonds traditionnels des Pouilles (en forme de d\u00f4me), autant de t\u00e9moignages du riche patrimoine de la propri\u00e9t\u00e9.<\/p>\n<p>Laissez-vous s\u00e9duire par des int\u00e9rieurs qui respirent une \u00e9l\u00e9gance intemporelle, avec un mobilier classique inspir\u00e9 de l&#8217;Art d\u00e9co et des pi\u00e8ces uniques issues de collections d&#8217;art priv\u00e9es. Cette masseria de luxe s&#8217;\u00e9tend sur 500 m\u00e8tres carr\u00e9s d&#8217;espaces de vie multifonctionnels, comprenant un salon confortable, une salle \u00e0 manger int\u00e9rieure et une cuisine enti\u00e8rement \u00e9quip\u00e9e.<\/p>\n<p>\u00c0 l&#8217;ext\u00e9rieur, la piscine chauff\u00e9e vous attend, offrant un havre de d\u00e9tente avec des chaises longues rembourr\u00e9es et des parasols sur une terrasse spacieuse. Laissez s&#8217;exprimer le passionn\u00e9 de fitness qui sommeille en vous dans la salle de sport ext\u00e9rieure ombrag\u00e9e, \u00e9quip\u00e9e d&#8217;appareils Technogym \u00e0 la pointe de la technologie, de tapis de yoga et de v\u00e9los mis \u00e0 votre disposition gratuitement.<\/p>\n<p>Restez connect\u00e9 en toute fluidit\u00e9 dans l&#8217;ensemble du domaine gr\u00e2ce \u00e0 l&#8217;acc\u00e8s Wi-Fi. Profitez d&#8217;un syst\u00e8me audio multim\u00e9dia qui couvre tous les espaces, y compris les zones ext\u00e9rieures et la piscine, pour agr\u00e9menter chaque instant de votre musique pr\u00e9f\u00e9r\u00e9e.<\/p>\n<p>La Villa Principessa vous invite \u00e0 vous plonger dans un luxe sans par, o\u00f9 se m\u00ealent charme historique, design raffin\u00e9 et \u00e9quipements modernes. R\u00e9servez votre s\u00e9jour d\u00e8s maintenant et d\u00e9couvrez un univers d&#8217;une beaut\u00e9 incomparable et des exp\u00e9riences inoubliables.<\/div><\/div><\/p>","protected":false},"excerpt":{"rendered":"<p>\u00c9vadez-vous dans la beaut\u00e9 incomparable de la Villa Principessa, un domaine priv\u00e9 de luxe nich\u00e9 dans le quartier le plus&#8230;<\/p>","protected":false},"featured_media":47404,"comment_status":"open","ping_status":"closed","template":"","meta":{"_acf_changed":false},"product_brand":[],"product_cat":[15],"product_tag":[],"class_list":{"0":"post-47401","1":"product","2":"type-product","3":"status-publish","4":"has-post-thumbnail","6":"product_cat-villa","7":"property_location-italie","8":"property_location-pouilles","10":"first","11":"instock","12":"sold-individually","13":"shipping-taxable","14":"purchasable","15":"product-type-simple"},"acf":[],"yoast_head":"<!-- This site is optimized with the Yoast SEO plugin v26.6 - https:\/\/yoast.com\/wordpress\/plugins\/seo\/ -->\n<title>Villa Principessa, Fasano, Bari, Pouilles, Italie - S\u00e9jour Priv\u00e9<\/title>\n<meta name=\"description\" content=\"\u00c9vadez-vous dans la beaut\u00e9 incomparable de la Villa Principessa, un domaine priv\u00e9 de luxe nich\u00e9 dans le quartier le plus exclusif entre Fasano et\" \/>\n<meta name=\"robots\" content=\"index, follow, max-snippet:-1, max-image-preview:large, max-video-preview:-1\" \/>\n<link rel=\"canonical\" href=\"https:\/\/www.sejourprive.com\/en\/biens\/villa-principessa-fasano-bari-pouilles-italie\/\" \/>\n<meta property=\"og:locale\" content=\"en_GB\" \/>\n<meta property=\"og:type\" content=\"article\" \/>\n<meta property=\"og:title\" content=\"Villa Principessa, Fasano, Bari, Pouilles, Italie - S\u00e9jour Priv\u00e9\" \/>\n<meta property=\"og:description\" content=\"\u00c9vadez-vous dans la beaut\u00e9 incomparable de la Villa Principessa, un domaine priv\u00e9 de luxe nich\u00e9 dans le quartier le plus exclusif entre Fasano et\" \/>\n<meta property=\"og:url\" content=\"https:\/\/www.sejourprive.com\/en\/biens\/villa-principessa-fasano-bari-pouilles-italie\/\" \/>\n<meta property=\"og:site_name\" content=\"S\u00e9jour Priv\u00e9\" \/>\n<meta property=\"og:image\" content=\"https:\/\/www.sejourprive.com\/wp-content\/uploads\/2026\/03\/0-142.jpg\" \/>\n\t<meta property=\"og:image:width\" content=\"1200\" \/>\n\t<meta property=\"og:image:height\" content=\"800\" \/>\n\t<meta property=\"og:image:type\" content=\"image\/jpeg\" \/>\n<meta name=\"twitter:card\" content=\"summary_large_image\" \/>\n<meta name=\"twitter:label1\" content=\"Estimated reading time\" \/>\n\t<meta name=\"twitter:data1\" content=\"3 minutes\" \/>\n<script type=\"application\/ld+json\" class=\"yoast-schema-graph\">{\"@context\":\"https:\/\/schema.org\",\"@graph\":[{\"@type\":\"WebPage\",\"@id\":\"https:\/\/www.sejourprive.com\/biens\/villa-principessa-fasano-bari-pouilles-italie\/\",\"url\":\"https:\/\/www.sejourprive.com\/biens\/villa-principessa-fasano-bari-pouilles-italie\/\",\"name\":\"Villa Principessa, Fasano, Bari, Pouilles, Italie - S\u00e9jour Priv\u00e9\",\"isPartOf\":{\"@id\":\"https:\/\/www.sejourprive.com\/#website\"},\"primaryImageOfPage\":{\"@id\":\"https:\/\/www.sejourprive.com\/biens\/villa-principessa-fasano-bari-pouilles-italie\/#primaryimage\"},\"image\":{\"@id\":\"https:\/\/www.sejourprive.com\/biens\/villa-principessa-fasano-bari-pouilles-italie\/#primaryimage\"},\"thumbnailUrl\":\"https:\/\/www.sejourprive.com\/wp-content\/uploads\/2026\/03\/0-142.jpg\",\"datePublished\":\"2026-03-17T11:05:33+00:00\",\"description\":\"\u00c9vadez-vous dans la beaut\u00e9 incomparable de la Villa Principessa, un domaine priv\u00e9 de luxe nich\u00e9 dans le quartier le plus exclusif entre Fasano et\",\"breadcrumb\":{\"@id\":\"https:\/\/www.sejourprive.com\/biens\/villa-principessa-fasano-bari-pouilles-italie\/#breadcrumb\"},\"inLanguage\":\"en-GB\",\"potentialAction\":[{\"@type\":\"ReadAction\",\"target\":[\"https:\/\/www.sejourprive.com\/biens\/villa-principessa-fasano-bari-pouilles-italie\/\"]}]},{\"@type\":\"ImageObject\",\"inLanguage\":\"en-GB\",\"@id\":\"https:\/\/www.sejourprive.com\/biens\/villa-principessa-fasano-bari-pouilles-italie\/#primaryimage\",\"url\":\"https:\/\/www.sejourprive.com\/wp-content\/uploads\/2026\/03\/0-142.jpg\",\"contentUrl\":\"https:\/\/www.sejourprive.com\/wp-content\/uploads\/2026\/03\/0-142.jpg\",\"width\":1200,\"height\":800},{\"@type\":\"BreadcrumbList\",\"@id\":\"https:\/\/www.sejourprive.com\/biens\/villa-principessa-fasano-bari-pouilles-italie\/#breadcrumb\",\"itemListElement\":[{\"@type\":\"ListItem\",\"position\":1,\"name\":\"Accueil\",\"item\":\"https:\/\/www.sejourprive.com\/\"},{\"@type\":\"ListItem\",\"position\":2,\"name\":\"Shop\",\"item\":\"https:\/\/www.sejourprive.com\/shop\/\"},{\"@type\":\"ListItem\",\"position\":3,\"name\":\"Villa Principessa, Fasano, Bari, Pouilles, Italie\"}]},{\"@type\":\"WebSite\",\"@id\":\"https:\/\/www.sejourprive.com\/#website\",\"url\":\"https:\/\/www.sejourprive.com\/\",\"name\":\"S\u00e9jour Priv\u00e9\",\"description\":\"Nous imaginons pour vous des s\u00e9jours d\u2019exception.\",\"publisher\":{\"@id\":\"https:\/\/www.sejourprive.com\/#organization\"},\"potentialAction\":[{\"@type\":\"SearchAction\",\"target\":{\"@type\":\"EntryPoint\",\"urlTemplate\":\"https:\/\/www.sejourprive.com\/?s={search_term_string}\"},\"query-input\":{\"@type\":\"PropertyValueSpecification\",\"valueRequired\":true,\"valueName\":\"search_term_string\"}}],\"inLanguage\":\"en-GB\"},{\"@type\":\"Organization\",\"@id\":\"https:\/\/www.sejourprive.com\/#organization\",\"name\":\"S\u00e9jour Priv\u00e9\",\"url\":\"https:\/\/www.sejourprive.com\/\",\"logo\":{\"@type\":\"ImageObject\",\"inLanguage\":\"en-GB\",\"@id\":\"https:\/\/www.sejourprive.com\/#\/schema\/logo\/image\/\",\"url\":\"https:\/\/www.sejourprive.com\/wp-content\/uploads\/2026\/02\/SP-Apple-touch-144-couleur-1-2.png\",\"contentUrl\":\"https:\/\/www.sejourprive.com\/wp-content\/uploads\/2026\/02\/SP-Apple-touch-144-couleur-1-2.png\",\"width\":145,\"height\":145,\"caption\":\"S\u00e9jour Priv\u00e9\"},\"image\":{\"@id\":\"https:\/\/www.sejourprive.com\/#\/schema\/logo\/image\/\"}}]}<\/script>\n<!-- \/ Yoast SEO plugin. -->","yoast_head_json":{"title":"Villa Principessa, Fasano, Bari, Pouilles, Italie - S\u00e9jour Priv\u00e9","description":"\u00c9vadez-vous dans la beaut\u00e9 incomparable de la Villa Principessa, un domaine priv\u00e9 de luxe nich\u00e9 dans le quartier le plus exclusif entre Fasano et","robots":{"index":"index","follow":"follow","max-snippet":"max-snippet:-1","max-image-preview":"max-image-preview:large","max-video-preview":"max-video-preview:-1"},"canonical":"https:\/\/www.sejourprive.com\/en\/biens\/villa-principessa-fasano-bari-pouilles-italie\/","og_locale":"en_GB","og_type":"article","og_title":"Villa Principessa, Fasano, Bari, Pouilles, Italie - S\u00e9jour Priv\u00e9","og_description":"\u00c9vadez-vous dans la beaut\u00e9 incomparable de la Villa Principessa, un domaine priv\u00e9 de luxe nich\u00e9 dans le quartier le plus exclusif entre Fasano et","og_url":"https:\/\/www.sejourprive.com\/en\/biens\/villa-principessa-fasano-bari-pouilles-italie\/","og_site_name":"S\u00e9jour Priv\u00e9","og_image":[{"width":1200,"height":800,"url":"https:\/\/www.sejourprive.com\/wp-content\/uploads\/2026\/03\/0-142.jpg","type":"image\/jpeg"}],"twitter_card":"summary_large_image","twitter_misc":{"Estimated reading time":"3 minutes"},"schema":{"@context":"https:\/\/schema.org","@graph":[{"@type":"WebPage","@id":"https:\/\/www.sejourprive.com\/biens\/villa-principessa-fasano-bari-pouilles-italie\/","url":"https:\/\/www.sejourprive.com\/biens\/villa-principessa-fasano-bari-pouilles-italie\/","name":"Villa Principessa, Fasano, Bari, Pouilles, Italie - S\u00e9jour Priv\u00e9","isPartOf":{"@id":"https:\/\/www.sejourprive.com\/#website"},"primaryImageOfPage":{"@id":"https:\/\/www.sejourprive.com\/biens\/villa-principessa-fasano-bari-pouilles-italie\/#primaryimage"},"image":{"@id":"https:\/\/www.sejourprive.com\/biens\/villa-principessa-fasano-bari-pouilles-italie\/#primaryimage"},"thumbnailUrl":"https:\/\/www.sejourprive.com\/wp-content\/uploads\/2026\/03\/0-142.jpg","datePublished":"2026-03-17T11:05:33+00:00","description":"\u00c9vadez-vous dans la beaut\u00e9 incomparable de la Villa Principessa, un domaine priv\u00e9 de luxe nich\u00e9 dans le quartier le plus exclusif entre Fasano et","breadcrumb":{"@id":"https:\/\/www.sejourprive.com\/biens\/villa-principessa-fasano-bari-pouilles-italie\/#breadcrumb"},"inLanguage":"en-GB","potentialAction":[{"@type":"ReadAction","target":["https:\/\/www.sejourprive.com\/biens\/villa-principessa-fasano-bari-pouilles-italie\/"]}]},{"@type":"ImageObject","inLanguage":"en-GB","@id":"https:\/\/www.sejourprive.com\/biens\/villa-principessa-fasano-bari-pouilles-italie\/#primaryimage","url":"https:\/\/www.sejourprive.com\/wp-content\/uploads\/2026\/03\/0-142.jpg","contentUrl":"https:\/\/www.sejourprive.com\/wp-content\/uploads\/2026\/03\/0-142.jpg","width":1200,"height":800},{"@type":"BreadcrumbList","@id":"https:\/\/www.sejourprive.com\/biens\/villa-principessa-fasano-bari-pouilles-italie\/#breadcrumb","itemListElement":[{"@type":"ListItem","position":1,"name":"Accueil","item":"https:\/\/www.sejourprive.com\/"},{"@type":"ListItem","position":2,"name":"Shop","item":"https:\/\/www.sejourprive.com\/shop\/"},{"@type":"ListItem","position":3,"name":"Villa Principessa, Fasano, Bari, Pouilles, Italie"}]},{"@type":"WebSite","@id":"https:\/\/www.sejourprive.com\/#website","url":"https:\/\/www.sejourprive.com\/","name":"Private Stay","description":"We design exceptional holidays for you.","publisher":{"@id":"https:\/\/www.sejourprive.com\/#organization"},"potentialAction":[{"@type":"SearchAction","target":{"@type":"EntryPoint","urlTemplate":"https:\/\/www.sejourprive.com\/?s={search_term_string}"},"query-input":{"@type":"PropertyValueSpecification","valueRequired":true,"valueName":"search_term_string"}}],"inLanguage":"en-GB"},{"@type":"Organization","@id":"https:\/\/www.sejourprive.com\/#organization","name":"Private Stay","url":"https:\/\/www.sejourprive.com\/","logo":{"@type":"ImageObject","inLanguage":"en-GB","@id":"https:\/\/www.sejourprive.com\/#\/schema\/logo\/image\/","url":"https:\/\/www.sejourprive.com\/wp-content\/uploads\/2026\/02\/SP-Apple-touch-144-couleur-1-2.png","contentUrl":"https:\/\/www.sejourprive.com\/wp-content\/uploads\/2026\/02\/SP-Apple-touch-144-couleur-1-2.png","width":145,"height":145,"caption":"S\u00e9jour Priv\u00e9"},"image":{"@id":"https:\/\/www.sejourprive.com\/#\/schema\/logo\/image\/"}}]}},"_links":{"self":[{"href":"https:\/\/www.sejourprive.com\/en\/wp-json\/wp\/v2\/product\/47401","targetHints":{"allow":["GET"]}}],"collection":[{"href":"https:\/\/www.sejourprive.com\/en\/wp-json\/wp\/v2\/product"}],"about":[{"href":"https:\/\/www.sejourprive.com\/en\/wp-json\/wp\/v2\/types\/product"}],"replies":[{"embeddable":true,"href":"https:\/\/www.sejourprive.com\/en\/wp-json\/wp\/v2\/comments?post=47401"}],"version-history":[{"count":0,"href":"https:\/\/www.sejourprive.com\/en\/wp-json\/wp\/v2\/product\/47401\/revisions"}],"wp:featuredmedia":[{"embeddable":true,"href":"https:\/\/www.sejourprive.com\/en\/wp-json\/wp\/v2\/media\/47404"}],"wp:attachment":[{"href":"https:\/\/www.sejourprive.com\/en\/wp-json\/wp\/v2\/media?parent=47401"}],"wp:term":[{"taxonomy":"product_brand","embeddable":true,"href":"https:\/\/www.sejourprive.com\/en\/wp-json\/wp\/v2\/product_brand?post=47401"},{"taxonomy":"product_cat","embeddable":true,"href":"https:\/\/www.sejourprive.com\/en\/wp-json\/wp\/v2\/product_cat?post=47401"},{"taxonomy":"product_tag","embeddable":true,"href":"https:\/\/www.sejourprive.com\/en\/wp-json\/wp\/v2\/product_tag?post=47401"}],"curies":[{"name":"wp","href":"https:\/\/api.w.org\/{rel}","templated":true}]}}