{"id":47376,"date":"2026-03-17T12:08:43","date_gmt":"2026-03-17T11:08:43","guid":{"rendered":"https:\/\/www.sejourprive.com\/?post_type=product&#038;p=47376"},"modified":"2026-03-17T12:08:43","modified_gmt":"2026-03-17T11:08:43","slug":"villa-castelluccio-taormina-sicile-italie","status":"publish","type":"product","link":"https:\/\/www.sejourprive.com\/en\/biens\/villa-castelluccio-taormina-sicile-italie\/","title":{"rendered":"Villa Castelluccio, Taormina, Sicily, Italy"},"content":{"rendered":"<p>Sur la c\u00f4te sud de la Sicile, au c\u0153ur d\u2019une r\u00e9serve naturelle prot\u00e9g\u00e9e, la Villa  Castelluccio s\u2019ouvre sur une \u00e9tendue sauvage bord\u00e9e par la mer. En contrebas, un sentier m\u00e8ne directement \u00e0 la plage, tandis qu&#8217;en quelques minutes, on rejoint les ruelles vivantes du village voisin, ses restaurants de poissons et ses petites \u00e9choppes artisanales.<\/p>\n<p><span><div class=\"read-more-wrapper\"><a class=\"read-more-button\" data-target=\"read-more-69e35d373e041\" data-more-text=\"Read more\" data-less-text=\"Read less\"><span class=\"read-more-text\">Read more<\/span><\/a><div id=\"read-more-69e35d373e041\" class=\"read-more-content\"> <\/span>Ouvrez les volets sur la lumi\u00e8re franche du matin et plongez dans la piscine avant que le vent marin ne se l\u00e8ve. Reposez-vous \u00e0 l\u2019ombre des pins, puis d\u00e9pensez-vous dans la salle de sport ouverte sur le jardin. Quand le soleil d\u00e9cline, installez-vous autour du barbecue pour un d\u00eener en famille, ou retrouvez la douceur du feu, les pieds nus sur la pierre ti\u00e8de.<\/div><\/div><\/p>","protected":false},"excerpt":{"rendered":"<p>Sur la c\u00f4te sud de la Sicile, au c\u0153ur d\u2019une r\u00e9serve naturelle prot\u00e9g\u00e9e, la Villa Castelluccio s\u2019ouvre sur une \u00e9tendue&#8230;<\/p>","protected":false},"featured_media":47475,"comment_status":"open","ping_status":"closed","template":"","meta":{"_acf_changed":false},"product_brand":[],"product_cat":[15],"product_tag":[],"class_list":{"0":"post-47376","1":"product","2":"type-product","3":"status-publish","4":"has-post-thumbnail","6":"product_cat-villa","7":"property_location-italie","8":"property_location-sicile","10":"first","11":"instock","12":"sold-individually","13":"shipping-taxable","14":"purchasable","15":"product-type-simple"},"acf":[],"yoast_head":"<!-- This site is optimized with the Yoast SEO plugin v26.6 - https:\/\/yoast.com\/wordpress\/plugins\/seo\/ -->\n<title>Villa Castelluccio, Taormina, Sicile, Italie - S\u00e9jour Priv\u00e9<\/title>\n<meta name=\"description\" content=\"Sur la c\u00f4te sud de la Sicile, au c\u0153ur d\u2019une r\u00e9serve naturelle prot\u00e9g\u00e9e, la Villa Castelluccio s\u2019ouvre sur une \u00e9tendue sauvage bord\u00e9e par la mer. En\" \/>\n<meta name=\"robots\" content=\"index, follow, max-snippet:-1, max-image-preview:large, max-video-preview:-1\" \/>\n<link rel=\"canonical\" href=\"https:\/\/www.sejourprive.com\/en\/biens\/villa-castelluccio-taormina-sicile-italie\/\" \/>\n<meta property=\"og:locale\" content=\"en_GB\" \/>\n<meta property=\"og:type\" content=\"article\" \/>\n<meta property=\"og:title\" content=\"Villa Castelluccio, Taormina, Sicile, Italie - S\u00e9jour Priv\u00e9\" \/>\n<meta property=\"og:description\" content=\"Sur la c\u00f4te sud de la Sicile, au c\u0153ur d\u2019une r\u00e9serve naturelle prot\u00e9g\u00e9e, la Villa Castelluccio s\u2019ouvre sur une \u00e9tendue sauvage bord\u00e9e par la mer. En\" \/>\n<meta property=\"og:url\" content=\"https:\/\/www.sejourprive.com\/en\/biens\/villa-castelluccio-taormina-sicile-italie\/\" \/>\n<meta property=\"og:site_name\" content=\"S\u00e9jour Priv\u00e9\" \/>\n<meta property=\"og:image\" content=\"https:\/\/www.sejourprive.com\/wp-content\/uploads\/2026\/03\/0-144.jpg\" \/>\n\t<meta property=\"og:image:width\" content=\"1200\" \/>\n\t<meta property=\"og:image:height\" content=\"900\" \/>\n\t<meta property=\"og:image:type\" content=\"image\/jpeg\" \/>\n<meta name=\"twitter:card\" content=\"summary_large_image\" \/>\n<meta name=\"twitter:label1\" content=\"Estimated reading time\" \/>\n\t<meta name=\"twitter:data1\" content=\"1 minute\" \/>\n<script type=\"application\/ld+json\" class=\"yoast-schema-graph\">{\"@context\":\"https:\/\/schema.org\",\"@graph\":[{\"@type\":\"WebPage\",\"@id\":\"https:\/\/www.sejourprive.com\/biens\/villa-castelluccio-taormina-sicile-italie\/\",\"url\":\"https:\/\/www.sejourprive.com\/biens\/villa-castelluccio-taormina-sicile-italie\/\",\"name\":\"Villa Castelluccio, Taormina, Sicile, Italie - S\u00e9jour Priv\u00e9\",\"isPartOf\":{\"@id\":\"https:\/\/www.sejourprive.com\/#website\"},\"primaryImageOfPage\":{\"@id\":\"https:\/\/www.sejourprive.com\/biens\/villa-castelluccio-taormina-sicile-italie\/#primaryimage\"},\"image\":{\"@id\":\"https:\/\/www.sejourprive.com\/biens\/villa-castelluccio-taormina-sicile-italie\/#primaryimage\"},\"thumbnailUrl\":\"https:\/\/www.sejourprive.com\/wp-content\/uploads\/2026\/03\/0-144.jpg\",\"datePublished\":\"2026-03-17T11:08:43+00:00\",\"description\":\"Sur la c\u00f4te sud de la Sicile, au c\u0153ur d\u2019une r\u00e9serve naturelle prot\u00e9g\u00e9e, la Villa Castelluccio s\u2019ouvre sur une \u00e9tendue sauvage bord\u00e9e par la mer. En\",\"breadcrumb\":{\"@id\":\"https:\/\/www.sejourprive.com\/biens\/villa-castelluccio-taormina-sicile-italie\/#breadcrumb\"},\"inLanguage\":\"en-GB\",\"potentialAction\":[{\"@type\":\"ReadAction\",\"target\":[\"https:\/\/www.sejourprive.com\/biens\/villa-castelluccio-taormina-sicile-italie\/\"]}]},{\"@type\":\"ImageObject\",\"inLanguage\":\"en-GB\",\"@id\":\"https:\/\/www.sejourprive.com\/biens\/villa-castelluccio-taormina-sicile-italie\/#primaryimage\",\"url\":\"https:\/\/www.sejourprive.com\/wp-content\/uploads\/2026\/03\/0-144.jpg\",\"contentUrl\":\"https:\/\/www.sejourprive.com\/wp-content\/uploads\/2026\/03\/0-144.jpg\",\"width\":1200,\"height\":900},{\"@type\":\"BreadcrumbList\",\"@id\":\"https:\/\/www.sejourprive.com\/biens\/villa-castelluccio-taormina-sicile-italie\/#breadcrumb\",\"itemListElement\":[{\"@type\":\"ListItem\",\"position\":1,\"name\":\"Accueil\",\"item\":\"https:\/\/www.sejourprive.com\/\"},{\"@type\":\"ListItem\",\"position\":2,\"name\":\"Shop\",\"item\":\"https:\/\/www.sejourprive.com\/shop\/\"},{\"@type\":\"ListItem\",\"position\":3,\"name\":\"Villa Castelluccio, Taormina, Sicile, Italie\"}]},{\"@type\":\"WebSite\",\"@id\":\"https:\/\/www.sejourprive.com\/#website\",\"url\":\"https:\/\/www.sejourprive.com\/\",\"name\":\"S\u00e9jour Priv\u00e9\",\"description\":\"Nous imaginons pour vous des s\u00e9jours d\u2019exception.\",\"publisher\":{\"@id\":\"https:\/\/www.sejourprive.com\/#organization\"},\"potentialAction\":[{\"@type\":\"SearchAction\",\"target\":{\"@type\":\"EntryPoint\",\"urlTemplate\":\"https:\/\/www.sejourprive.com\/?s={search_term_string}\"},\"query-input\":{\"@type\":\"PropertyValueSpecification\",\"valueRequired\":true,\"valueName\":\"search_term_string\"}}],\"inLanguage\":\"en-GB\"},{\"@type\":\"Organization\",\"@id\":\"https:\/\/www.sejourprive.com\/#organization\",\"name\":\"S\u00e9jour Priv\u00e9\",\"url\":\"https:\/\/www.sejourprive.com\/\",\"logo\":{\"@type\":\"ImageObject\",\"inLanguage\":\"en-GB\",\"@id\":\"https:\/\/www.sejourprive.com\/#\/schema\/logo\/image\/\",\"url\":\"https:\/\/www.sejourprive.com\/wp-content\/uploads\/2026\/02\/SP-Apple-touch-144-couleur-1-2.png\",\"contentUrl\":\"https:\/\/www.sejourprive.com\/wp-content\/uploads\/2026\/02\/SP-Apple-touch-144-couleur-1-2.png\",\"width\":145,\"height\":145,\"caption\":\"S\u00e9jour Priv\u00e9\"},\"image\":{\"@id\":\"https:\/\/www.sejourprive.com\/#\/schema\/logo\/image\/\"}}]}<\/script>\n<!-- \/ Yoast SEO plugin. -->","yoast_head_json":{"title":"Villa Castelluccio, Taormina, Sicile, Italie - S\u00e9jour Priv\u00e9","description":"Sur la c\u00f4te sud de la Sicile, au c\u0153ur d\u2019une r\u00e9serve naturelle prot\u00e9g\u00e9e, la Villa Castelluccio s\u2019ouvre sur une \u00e9tendue sauvage bord\u00e9e par la mer. En","robots":{"index":"index","follow":"follow","max-snippet":"max-snippet:-1","max-image-preview":"max-image-preview:large","max-video-preview":"max-video-preview:-1"},"canonical":"https:\/\/www.sejourprive.com\/en\/biens\/villa-castelluccio-taormina-sicile-italie\/","og_locale":"en_GB","og_type":"article","og_title":"Villa Castelluccio, Taormina, Sicile, Italie - S\u00e9jour Priv\u00e9","og_description":"Sur la c\u00f4te sud de la Sicile, au c\u0153ur d\u2019une r\u00e9serve naturelle prot\u00e9g\u00e9e, la Villa Castelluccio s\u2019ouvre sur une \u00e9tendue sauvage bord\u00e9e par la mer. En","og_url":"https:\/\/www.sejourprive.com\/en\/biens\/villa-castelluccio-taormina-sicile-italie\/","og_site_name":"S\u00e9jour Priv\u00e9","og_image":[{"width":1200,"height":900,"url":"https:\/\/www.sejourprive.com\/wp-content\/uploads\/2026\/03\/0-144.jpg","type":"image\/jpeg"}],"twitter_card":"summary_large_image","twitter_misc":{"Estimated reading time":"1 minute"},"schema":{"@context":"https:\/\/schema.org","@graph":[{"@type":"WebPage","@id":"https:\/\/www.sejourprive.com\/biens\/villa-castelluccio-taormina-sicile-italie\/","url":"https:\/\/www.sejourprive.com\/biens\/villa-castelluccio-taormina-sicile-italie\/","name":"Villa Castelluccio, Taormina, Sicile, Italie - S\u00e9jour Priv\u00e9","isPartOf":{"@id":"https:\/\/www.sejourprive.com\/#website"},"primaryImageOfPage":{"@id":"https:\/\/www.sejourprive.com\/biens\/villa-castelluccio-taormina-sicile-italie\/#primaryimage"},"image":{"@id":"https:\/\/www.sejourprive.com\/biens\/villa-castelluccio-taormina-sicile-italie\/#primaryimage"},"thumbnailUrl":"https:\/\/www.sejourprive.com\/wp-content\/uploads\/2026\/03\/0-144.jpg","datePublished":"2026-03-17T11:08:43+00:00","description":"Sur la c\u00f4te sud de la Sicile, au c\u0153ur d\u2019une r\u00e9serve naturelle prot\u00e9g\u00e9e, la Villa Castelluccio s\u2019ouvre sur une \u00e9tendue sauvage bord\u00e9e par la mer. En","breadcrumb":{"@id":"https:\/\/www.sejourprive.com\/biens\/villa-castelluccio-taormina-sicile-italie\/#breadcrumb"},"inLanguage":"en-GB","potentialAction":[{"@type":"ReadAction","target":["https:\/\/www.sejourprive.com\/biens\/villa-castelluccio-taormina-sicile-italie\/"]}]},{"@type":"ImageObject","inLanguage":"en-GB","@id":"https:\/\/www.sejourprive.com\/biens\/villa-castelluccio-taormina-sicile-italie\/#primaryimage","url":"https:\/\/www.sejourprive.com\/wp-content\/uploads\/2026\/03\/0-144.jpg","contentUrl":"https:\/\/www.sejourprive.com\/wp-content\/uploads\/2026\/03\/0-144.jpg","width":1200,"height":900},{"@type":"BreadcrumbList","@id":"https:\/\/www.sejourprive.com\/biens\/villa-castelluccio-taormina-sicile-italie\/#breadcrumb","itemListElement":[{"@type":"ListItem","position":1,"name":"Accueil","item":"https:\/\/www.sejourprive.com\/"},{"@type":"ListItem","position":2,"name":"Shop","item":"https:\/\/www.sejourprive.com\/shop\/"},{"@type":"ListItem","position":3,"name":"Villa Castelluccio, Taormina, Sicile, Italie"}]},{"@type":"WebSite","@id":"https:\/\/www.sejourprive.com\/#website","url":"https:\/\/www.sejourprive.com\/","name":"Private Stay","description":"We design exceptional holidays for you.","publisher":{"@id":"https:\/\/www.sejourprive.com\/#organization"},"potentialAction":[{"@type":"SearchAction","target":{"@type":"EntryPoint","urlTemplate":"https:\/\/www.sejourprive.com\/?s={search_term_string}"},"query-input":{"@type":"PropertyValueSpecification","valueRequired":true,"valueName":"search_term_string"}}],"inLanguage":"en-GB"},{"@type":"Organization","@id":"https:\/\/www.sejourprive.com\/#organization","name":"Private Stay","url":"https:\/\/www.sejourprive.com\/","logo":{"@type":"ImageObject","inLanguage":"en-GB","@id":"https:\/\/www.sejourprive.com\/#\/schema\/logo\/image\/","url":"https:\/\/www.sejourprive.com\/wp-content\/uploads\/2026\/02\/SP-Apple-touch-144-couleur-1-2.png","contentUrl":"https:\/\/www.sejourprive.com\/wp-content\/uploads\/2026\/02\/SP-Apple-touch-144-couleur-1-2.png","width":145,"height":145,"caption":"S\u00e9jour Priv\u00e9"},"image":{"@id":"https:\/\/www.sejourprive.com\/#\/schema\/logo\/image\/"}}]}},"_links":{"self":[{"href":"https:\/\/www.sejourprive.com\/en\/wp-json\/wp\/v2\/product\/47376","targetHints":{"allow":["GET"]}}],"collection":[{"href":"https:\/\/www.sejourprive.com\/en\/wp-json\/wp\/v2\/product"}],"about":[{"href":"https:\/\/www.sejourprive.com\/en\/wp-json\/wp\/v2\/types\/product"}],"replies":[{"embeddable":true,"href":"https:\/\/www.sejourprive.com\/en\/wp-json\/wp\/v2\/comments?post=47376"}],"version-history":[{"count":0,"href":"https:\/\/www.sejourprive.com\/en\/wp-json\/wp\/v2\/product\/47376\/revisions"}],"wp:featuredmedia":[{"embeddable":true,"href":"https:\/\/www.sejourprive.com\/en\/wp-json\/wp\/v2\/media\/47475"}],"wp:attachment":[{"href":"https:\/\/www.sejourprive.com\/en\/wp-json\/wp\/v2\/media?parent=47376"}],"wp:term":[{"taxonomy":"product_brand","embeddable":true,"href":"https:\/\/www.sejourprive.com\/en\/wp-json\/wp\/v2\/product_brand?post=47376"},{"taxonomy":"product_cat","embeddable":true,"href":"https:\/\/www.sejourprive.com\/en\/wp-json\/wp\/v2\/product_cat?post=47376"},{"taxonomy":"product_tag","embeddable":true,"href":"https:\/\/www.sejourprive.com\/en\/wp-json\/wp\/v2\/product_tag?post=47376"}],"curies":[{"name":"wp","href":"https:\/\/api.w.org\/{rel}","templated":true}]}}