{"id":47271,"date":"2026-03-17T11:55:50","date_gmt":"2026-03-17T10:55:50","guid":{"rendered":"https:\/\/www.sejourprive.com\/?post_type=product&#038;p=47271"},"modified":"2026-03-17T11:55:50","modified_gmt":"2026-03-17T10:55:50","slug":"trullo-matteo-francavilla-fontana-br-pouilles-italie","status":"publish","type":"product","link":"https:\/\/www.sejourprive.com\/en\/biens\/trullo-matteo-francavilla-fontana-br-pouilles-italie\/","title":{"rendered":"Trullo Matteo, Francavilla Fontana Br, Puglia, Italy"},"content":{"rendered":"<p>\u00c0 Ostuni, Trullo Matteo incarne l\u2019\u00e9l\u00e9gance rustique avec son architecture traditionnelle en trullo. Nich\u00e9e au c\u0153ur des collines vallonn\u00e9es et des oliveraies centenaires, elle offre un cadre paisible, \u00e0 quelques pas des ruelles blanches du centre historique et des plages dor\u00e9es de la c\u00f4te adriatique. <\/p>\n<p><span><div class=\"read-more-wrapper\"><a class=\"read-more-button\" data-target=\"read-more-69eb3b9e54b5f\" data-more-text=\"Read more\" data-less-text=\"Read less\"><span class=\"read-more-text\">Read more<\/span><\/a><div id=\"read-more-69eb3b9e54b5f\" class=\"read-more-content\"> <\/span>R\u00e9veillez-vous dans la douceur de l\u2019air m\u00e9diterran\u00e9en, avant de vous promener dans la qui\u00e9tude du jardin ou de savourer un caf\u00e9 sous la pergola ombrag\u00e9e. Laissez le temps s\u2019\u00e9tirer au bord de la piscine, puis partagez un d\u00eener en plein air avec votre tribu sur les vastes terrasses, berc\u00e9 par le parfum des citronniers.<\/div><\/div><\/p>","protected":false},"excerpt":{"rendered":"<p>\u00c0 Ostuni, Trullo Matteo incarne l\u2019\u00e9l\u00e9gance rustique avec son architecture traditionnelle en trullo. Nich\u00e9e au c\u0153ur des collines vallonn\u00e9es et&#8230;<\/p>","protected":false},"featured_media":47343,"comment_status":"open","ping_status":"closed","template":"","meta":{"_acf_changed":false},"product_brand":[],"product_cat":[15],"product_tag":[],"class_list":{"0":"post-47271","1":"product","2":"type-product","3":"status-publish","4":"has-post-thumbnail","6":"product_cat-villa","7":"property_location-italie","8":"property_location-pouilles","10":"first","11":"instock","12":"sold-individually","13":"shipping-taxable","14":"purchasable","15":"product-type-simple"},"acf":[],"yoast_head":"<!-- This site is optimized with the Yoast SEO plugin v26.6 - https:\/\/yoast.com\/wordpress\/plugins\/seo\/ -->\n<title>Trullo Matteo, Francavilla Fontana Br, Pouilles, Italie - S\u00e9jour Priv\u00e9<\/title>\n<meta name=\"description\" content=\"\u00c0 Ostuni, Trullo Matteo incarne l\u2019\u00e9l\u00e9gance rustique avec son architecture traditionnelle en trullo. Nich\u00e9e au c\u0153ur des collines vallonn\u00e9es et des\" \/>\n<meta name=\"robots\" content=\"index, follow, max-snippet:-1, max-image-preview:large, max-video-preview:-1\" \/>\n<link rel=\"canonical\" href=\"https:\/\/www.sejourprive.com\/en\/biens\/trullo-matteo-francavilla-fontana-br-pouilles-italie\/\" \/>\n<meta property=\"og:locale\" content=\"en_GB\" \/>\n<meta property=\"og:type\" content=\"article\" \/>\n<meta property=\"og:title\" content=\"Trullo Matteo, Francavilla Fontana Br, Pouilles, Italie - S\u00e9jour Priv\u00e9\" \/>\n<meta property=\"og:description\" content=\"\u00c0 Ostuni, Trullo Matteo incarne l\u2019\u00e9l\u00e9gance rustique avec son architecture traditionnelle en trullo. Nich\u00e9e au c\u0153ur des collines vallonn\u00e9es et des\" \/>\n<meta property=\"og:url\" content=\"https:\/\/www.sejourprive.com\/en\/biens\/trullo-matteo-francavilla-fontana-br-pouilles-italie\/\" \/>\n<meta property=\"og:site_name\" content=\"S\u00e9jour Priv\u00e9\" \/>\n<meta property=\"og:image\" content=\"https:\/\/www.sejourprive.com\/wp-content\/uploads\/2026\/03\/32-106.jpg\" \/>\n\t<meta property=\"og:image:width\" content=\"1200\" \/>\n\t<meta property=\"og:image:height\" content=\"800\" \/>\n\t<meta property=\"og:image:type\" content=\"image\/jpeg\" \/>\n<meta name=\"twitter:card\" content=\"summary_large_image\" \/>\n<meta name=\"twitter:label1\" content=\"Estimated reading time\" \/>\n\t<meta name=\"twitter:data1\" content=\"1 minute\" \/>\n<script type=\"application\/ld+json\" class=\"yoast-schema-graph\">{\"@context\":\"https:\/\/schema.org\",\"@graph\":[{\"@type\":\"WebPage\",\"@id\":\"https:\/\/www.sejourprive.com\/biens\/trullo-matteo-francavilla-fontana-br-pouilles-italie\/\",\"url\":\"https:\/\/www.sejourprive.com\/biens\/trullo-matteo-francavilla-fontana-br-pouilles-italie\/\",\"name\":\"Trullo Matteo, Francavilla Fontana Br, Pouilles, Italie - S\u00e9jour Priv\u00e9\",\"isPartOf\":{\"@id\":\"https:\/\/www.sejourprive.com\/#website\"},\"primaryImageOfPage\":{\"@id\":\"https:\/\/www.sejourprive.com\/biens\/trullo-matteo-francavilla-fontana-br-pouilles-italie\/#primaryimage\"},\"image\":{\"@id\":\"https:\/\/www.sejourprive.com\/biens\/trullo-matteo-francavilla-fontana-br-pouilles-italie\/#primaryimage\"},\"thumbnailUrl\":\"https:\/\/www.sejourprive.com\/wp-content\/uploads\/2026\/03\/32-106.jpg\",\"datePublished\":\"2026-03-17T10:55:50+00:00\",\"description\":\"\u00c0 Ostuni, Trullo Matteo incarne l\u2019\u00e9l\u00e9gance rustique avec son architecture traditionnelle en trullo. Nich\u00e9e au c\u0153ur des collines vallonn\u00e9es et des\",\"breadcrumb\":{\"@id\":\"https:\/\/www.sejourprive.com\/biens\/trullo-matteo-francavilla-fontana-br-pouilles-italie\/#breadcrumb\"},\"inLanguage\":\"en-GB\",\"potentialAction\":[{\"@type\":\"ReadAction\",\"target\":[\"https:\/\/www.sejourprive.com\/biens\/trullo-matteo-francavilla-fontana-br-pouilles-italie\/\"]}]},{\"@type\":\"ImageObject\",\"inLanguage\":\"en-GB\",\"@id\":\"https:\/\/www.sejourprive.com\/biens\/trullo-matteo-francavilla-fontana-br-pouilles-italie\/#primaryimage\",\"url\":\"https:\/\/www.sejourprive.com\/wp-content\/uploads\/2026\/03\/32-106.jpg\",\"contentUrl\":\"https:\/\/www.sejourprive.com\/wp-content\/uploads\/2026\/03\/32-106.jpg\",\"width\":1200,\"height\":800},{\"@type\":\"BreadcrumbList\",\"@id\":\"https:\/\/www.sejourprive.com\/biens\/trullo-matteo-francavilla-fontana-br-pouilles-italie\/#breadcrumb\",\"itemListElement\":[{\"@type\":\"ListItem\",\"position\":1,\"name\":\"Accueil\",\"item\":\"https:\/\/www.sejourprive.com\/\"},{\"@type\":\"ListItem\",\"position\":2,\"name\":\"Shop\",\"item\":\"https:\/\/www.sejourprive.com\/shop\/\"},{\"@type\":\"ListItem\",\"position\":3,\"name\":\"Trullo Matteo, Francavilla Fontana Br, Pouilles, Italie\"}]},{\"@type\":\"WebSite\",\"@id\":\"https:\/\/www.sejourprive.com\/#website\",\"url\":\"https:\/\/www.sejourprive.com\/\",\"name\":\"S\u00e9jour Priv\u00e9\",\"description\":\"Nous imaginons pour vous des s\u00e9jours d\u2019exception.\",\"publisher\":{\"@id\":\"https:\/\/www.sejourprive.com\/#organization\"},\"potentialAction\":[{\"@type\":\"SearchAction\",\"target\":{\"@type\":\"EntryPoint\",\"urlTemplate\":\"https:\/\/www.sejourprive.com\/?s={search_term_string}\"},\"query-input\":{\"@type\":\"PropertyValueSpecification\",\"valueRequired\":true,\"valueName\":\"search_term_string\"}}],\"inLanguage\":\"en-GB\"},{\"@type\":\"Organization\",\"@id\":\"https:\/\/www.sejourprive.com\/#organization\",\"name\":\"S\u00e9jour Priv\u00e9\",\"url\":\"https:\/\/www.sejourprive.com\/\",\"logo\":{\"@type\":\"ImageObject\",\"inLanguage\":\"en-GB\",\"@id\":\"https:\/\/www.sejourprive.com\/#\/schema\/logo\/image\/\",\"url\":\"https:\/\/www.sejourprive.com\/wp-content\/uploads\/2026\/02\/SP-Apple-touch-144-couleur-1-2.png\",\"contentUrl\":\"https:\/\/www.sejourprive.com\/wp-content\/uploads\/2026\/02\/SP-Apple-touch-144-couleur-1-2.png\",\"width\":145,\"height\":145,\"caption\":\"S\u00e9jour Priv\u00e9\"},\"image\":{\"@id\":\"https:\/\/www.sejourprive.com\/#\/schema\/logo\/image\/\"}}]}<\/script>\n<!-- \/ Yoast SEO plugin. -->","yoast_head_json":{"title":"Trullo Matteo, Francavilla Fontana Br, Pouilles, Italie - S\u00e9jour Priv\u00e9","description":"\u00c0 Ostuni, Trullo Matteo incarne l\u2019\u00e9l\u00e9gance rustique avec son architecture traditionnelle en trullo. Nich\u00e9e au c\u0153ur des collines vallonn\u00e9es et des","robots":{"index":"index","follow":"follow","max-snippet":"max-snippet:-1","max-image-preview":"max-image-preview:large","max-video-preview":"max-video-preview:-1"},"canonical":"https:\/\/www.sejourprive.com\/en\/biens\/trullo-matteo-francavilla-fontana-br-pouilles-italie\/","og_locale":"en_GB","og_type":"article","og_title":"Trullo Matteo, Francavilla Fontana Br, Pouilles, Italie - S\u00e9jour Priv\u00e9","og_description":"\u00c0 Ostuni, Trullo Matteo incarne l\u2019\u00e9l\u00e9gance rustique avec son architecture traditionnelle en trullo. Nich\u00e9e au c\u0153ur des collines vallonn\u00e9es et des","og_url":"https:\/\/www.sejourprive.com\/en\/biens\/trullo-matteo-francavilla-fontana-br-pouilles-italie\/","og_site_name":"S\u00e9jour Priv\u00e9","og_image":[{"width":1200,"height":800,"url":"https:\/\/www.sejourprive.com\/wp-content\/uploads\/2026\/03\/32-106.jpg","type":"image\/jpeg"}],"twitter_card":"summary_large_image","twitter_misc":{"Estimated reading time":"1 minute"},"schema":{"@context":"https:\/\/schema.org","@graph":[{"@type":"WebPage","@id":"https:\/\/www.sejourprive.com\/biens\/trullo-matteo-francavilla-fontana-br-pouilles-italie\/","url":"https:\/\/www.sejourprive.com\/biens\/trullo-matteo-francavilla-fontana-br-pouilles-italie\/","name":"Trullo Matteo, Francavilla Fontana Br, Pouilles, Italie - S\u00e9jour Priv\u00e9","isPartOf":{"@id":"https:\/\/www.sejourprive.com\/#website"},"primaryImageOfPage":{"@id":"https:\/\/www.sejourprive.com\/biens\/trullo-matteo-francavilla-fontana-br-pouilles-italie\/#primaryimage"},"image":{"@id":"https:\/\/www.sejourprive.com\/biens\/trullo-matteo-francavilla-fontana-br-pouilles-italie\/#primaryimage"},"thumbnailUrl":"https:\/\/www.sejourprive.com\/wp-content\/uploads\/2026\/03\/32-106.jpg","datePublished":"2026-03-17T10:55:50+00:00","description":"\u00c0 Ostuni, Trullo Matteo incarne l\u2019\u00e9l\u00e9gance rustique avec son architecture traditionnelle en trullo. Nich\u00e9e au c\u0153ur des collines vallonn\u00e9es et des","breadcrumb":{"@id":"https:\/\/www.sejourprive.com\/biens\/trullo-matteo-francavilla-fontana-br-pouilles-italie\/#breadcrumb"},"inLanguage":"en-GB","potentialAction":[{"@type":"ReadAction","target":["https:\/\/www.sejourprive.com\/biens\/trullo-matteo-francavilla-fontana-br-pouilles-italie\/"]}]},{"@type":"ImageObject","inLanguage":"en-GB","@id":"https:\/\/www.sejourprive.com\/biens\/trullo-matteo-francavilla-fontana-br-pouilles-italie\/#primaryimage","url":"https:\/\/www.sejourprive.com\/wp-content\/uploads\/2026\/03\/32-106.jpg","contentUrl":"https:\/\/www.sejourprive.com\/wp-content\/uploads\/2026\/03\/32-106.jpg","width":1200,"height":800},{"@type":"BreadcrumbList","@id":"https:\/\/www.sejourprive.com\/biens\/trullo-matteo-francavilla-fontana-br-pouilles-italie\/#breadcrumb","itemListElement":[{"@type":"ListItem","position":1,"name":"Accueil","item":"https:\/\/www.sejourprive.com\/"},{"@type":"ListItem","position":2,"name":"Shop","item":"https:\/\/www.sejourprive.com\/shop\/"},{"@type":"ListItem","position":3,"name":"Trullo Matteo, Francavilla Fontana Br, Pouilles, Italie"}]},{"@type":"WebSite","@id":"https:\/\/www.sejourprive.com\/#website","url":"https:\/\/www.sejourprive.com\/","name":"Private Stay","description":"We design exceptional holidays for you.","publisher":{"@id":"https:\/\/www.sejourprive.com\/#organization"},"potentialAction":[{"@type":"SearchAction","target":{"@type":"EntryPoint","urlTemplate":"https:\/\/www.sejourprive.com\/?s={search_term_string}"},"query-input":{"@type":"PropertyValueSpecification","valueRequired":true,"valueName":"search_term_string"}}],"inLanguage":"en-GB"},{"@type":"Organization","@id":"https:\/\/www.sejourprive.com\/#organization","name":"Private Stay","url":"https:\/\/www.sejourprive.com\/","logo":{"@type":"ImageObject","inLanguage":"en-GB","@id":"https:\/\/www.sejourprive.com\/#\/schema\/logo\/image\/","url":"https:\/\/www.sejourprive.com\/wp-content\/uploads\/2026\/02\/SP-Apple-touch-144-couleur-1-2.png","contentUrl":"https:\/\/www.sejourprive.com\/wp-content\/uploads\/2026\/02\/SP-Apple-touch-144-couleur-1-2.png","width":145,"height":145,"caption":"S\u00e9jour Priv\u00e9"},"image":{"@id":"https:\/\/www.sejourprive.com\/#\/schema\/logo\/image\/"}}]}},"_links":{"self":[{"href":"https:\/\/www.sejourprive.com\/en\/wp-json\/wp\/v2\/product\/47271","targetHints":{"allow":["GET"]}}],"collection":[{"href":"https:\/\/www.sejourprive.com\/en\/wp-json\/wp\/v2\/product"}],"about":[{"href":"https:\/\/www.sejourprive.com\/en\/wp-json\/wp\/v2\/types\/product"}],"replies":[{"embeddable":true,"href":"https:\/\/www.sejourprive.com\/en\/wp-json\/wp\/v2\/comments?post=47271"}],"version-history":[{"count":0,"href":"https:\/\/www.sejourprive.com\/en\/wp-json\/wp\/v2\/product\/47271\/revisions"}],"wp:featuredmedia":[{"embeddable":true,"href":"https:\/\/www.sejourprive.com\/en\/wp-json\/wp\/v2\/media\/47343"}],"wp:attachment":[{"href":"https:\/\/www.sejourprive.com\/en\/wp-json\/wp\/v2\/media?parent=47271"}],"wp:term":[{"taxonomy":"product_brand","embeddable":true,"href":"https:\/\/www.sejourprive.com\/en\/wp-json\/wp\/v2\/product_brand?post=47271"},{"taxonomy":"product_cat","embeddable":true,"href":"https:\/\/www.sejourprive.com\/en\/wp-json\/wp\/v2\/product_cat?post=47271"},{"taxonomy":"product_tag","embeddable":true,"href":"https:\/\/www.sejourprive.com\/en\/wp-json\/wp\/v2\/product_tag?post=47271"}],"curies":[{"name":"wp","href":"https:\/\/api.w.org\/{rel}","templated":true}]}}