{"id":47203,"date":"2026-03-17T12:13:13","date_gmt":"2026-03-17T11:13:13","guid":{"rendered":"https:\/\/www.sejourprive.com\/?post_type=product&#038;p=47203"},"modified":"2026-03-17T12:13:13","modified_gmt":"2026-03-17T11:13:13","slug":"villa-giova-ostuni-pouilles-italie","status":"publish","type":"product","link":"https:\/\/www.sejourprive.com\/en\/biens\/villa-giova-ostuni-pouilles-italie\/","title":{"rendered":"Villa Giova, Ostuni, Puglia, Italy"},"content":{"rendered":"<p>Au c\u0153ur de la campagne ensoleill\u00e9e d\u2019Ostuni, la Villa Giova se r\u00e9v\u00e8le comme un havre de paix o\u00f9 l\u2019\u00e9l\u00e9gance moderne se marie harmonieusement \u00e0 l\u2019authenticit\u00e9 rustique.<\/p>\n<p>R\u00e9veillez-vous au rythme de la nature, plongez dans la piscine rafra\u00eechissante et savourez votre petit-d\u00e9jeuner \u00e0 l&#8217;ombre rafra\u00eechissante de la terrasse. Les apr\u00e8s-midis s&#8217;\u00e9tirent entre d\u00e9tente et moments de partage autour de la cuisine ext\u00e9rieure, id\u00e9ale pour des repas tranquilles. \u00c0 la tomb\u00e9e de la nuit, les espaces ext\u00e9rieurs accueillent vos soir\u00e9es en famille sous les \u00e9toiles, o\u00f9 chaque instant devient inoubliable.<\/p>","protected":false},"excerpt":{"rendered":"<p>Au c\u0153ur de la campagne ensoleill\u00e9e d\u2019Ostuni, la Villa Giova se r\u00e9v\u00e8le comme un havre de paix o\u00f9 l\u2019\u00e9l\u00e9gance moderne&#8230;<\/p>","protected":false},"featured_media":47266,"comment_status":"open","ping_status":"closed","template":"","meta":{"_acf_changed":false},"product_brand":[],"product_cat":[15],"product_tag":[],"class_list":{"0":"post-47203","1":"product","2":"type-product","3":"status-publish","4":"has-post-thumbnail","6":"product_cat-villa","7":"property_location-italie","8":"property_location-pouilles","10":"first","11":"instock","12":"sold-individually","13":"shipping-taxable","14":"purchasable","15":"product-type-simple"},"acf":[],"yoast_head":"<!-- This site is optimized with the Yoast SEO plugin v26.6 - https:\/\/yoast.com\/wordpress\/plugins\/seo\/ -->\n<title>Villa Giova, Ostuni, Pouilles, Italie - S\u00e9jour Priv\u00e9<\/title>\n<meta name=\"description\" content=\"Au c\u0153ur de la campagne ensoleill\u00e9e d\u2019Ostuni, la Villa Giova se r\u00e9v\u00e8le comme un havre de paix o\u00f9 l\u2019\u00e9l\u00e9gance moderne se marie harmonieusement \u00e0\" \/>\n<meta name=\"robots\" content=\"index, follow, max-snippet:-1, max-image-preview:large, max-video-preview:-1\" \/>\n<link rel=\"canonical\" href=\"https:\/\/www.sejourprive.com\/en\/biens\/villa-giova-ostuni-pouilles-italie\/\" \/>\n<meta property=\"og:locale\" content=\"en_GB\" \/>\n<meta property=\"og:type\" content=\"article\" \/>\n<meta property=\"og:title\" content=\"Villa Giova, Ostuni, Pouilles, Italie - S\u00e9jour Priv\u00e9\" \/>\n<meta property=\"og:description\" content=\"Au c\u0153ur de la campagne ensoleill\u00e9e d\u2019Ostuni, la Villa Giova se r\u00e9v\u00e8le comme un havre de paix o\u00f9 l\u2019\u00e9l\u00e9gance moderne se marie harmonieusement \u00e0\" \/>\n<meta property=\"og:url\" content=\"https:\/\/www.sejourprive.com\/en\/biens\/villa-giova-ostuni-pouilles-italie\/\" \/>\n<meta property=\"og:site_name\" content=\"S\u00e9jour Priv\u00e9\" \/>\n<meta property=\"og:image\" content=\"https:\/\/www.sejourprive.com\/wp-content\/uploads\/2026\/03\/25-126.jpg\" \/>\n\t<meta property=\"og:image:width\" content=\"1200\" \/>\n\t<meta property=\"og:image:height\" content=\"801\" \/>\n\t<meta property=\"og:image:type\" content=\"image\/jpeg\" \/>\n<meta name=\"twitter:card\" content=\"summary_large_image\" \/>\n<meta name=\"twitter:label1\" content=\"Estimated reading time\" \/>\n\t<meta name=\"twitter:data1\" content=\"1 minute\" \/>\n<script type=\"application\/ld+json\" class=\"yoast-schema-graph\">{\"@context\":\"https:\/\/schema.org\",\"@graph\":[{\"@type\":\"WebPage\",\"@id\":\"https:\/\/www.sejourprive.com\/biens\/villa-giova-ostuni-pouilles-italie\/\",\"url\":\"https:\/\/www.sejourprive.com\/biens\/villa-giova-ostuni-pouilles-italie\/\",\"name\":\"Villa Giova, Ostuni, Pouilles, Italie - S\u00e9jour Priv\u00e9\",\"isPartOf\":{\"@id\":\"https:\/\/www.sejourprive.com\/#website\"},\"primaryImageOfPage\":{\"@id\":\"https:\/\/www.sejourprive.com\/biens\/villa-giova-ostuni-pouilles-italie\/#primaryimage\"},\"image\":{\"@id\":\"https:\/\/www.sejourprive.com\/biens\/villa-giova-ostuni-pouilles-italie\/#primaryimage\"},\"thumbnailUrl\":\"https:\/\/www.sejourprive.com\/wp-content\/uploads\/2026\/03\/25-126.jpg\",\"datePublished\":\"2026-03-17T11:13:13+00:00\",\"description\":\"Au c\u0153ur de la campagne ensoleill\u00e9e d\u2019Ostuni, la Villa Giova se r\u00e9v\u00e8le comme un havre de paix o\u00f9 l\u2019\u00e9l\u00e9gance moderne se marie harmonieusement \u00e0\",\"breadcrumb\":{\"@id\":\"https:\/\/www.sejourprive.com\/biens\/villa-giova-ostuni-pouilles-italie\/#breadcrumb\"},\"inLanguage\":\"en-GB\",\"potentialAction\":[{\"@type\":\"ReadAction\",\"target\":[\"https:\/\/www.sejourprive.com\/biens\/villa-giova-ostuni-pouilles-italie\/\"]}]},{\"@type\":\"ImageObject\",\"inLanguage\":\"en-GB\",\"@id\":\"https:\/\/www.sejourprive.com\/biens\/villa-giova-ostuni-pouilles-italie\/#primaryimage\",\"url\":\"https:\/\/www.sejourprive.com\/wp-content\/uploads\/2026\/03\/25-126.jpg\",\"contentUrl\":\"https:\/\/www.sejourprive.com\/wp-content\/uploads\/2026\/03\/25-126.jpg\",\"width\":1200,\"height\":801},{\"@type\":\"BreadcrumbList\",\"@id\":\"https:\/\/www.sejourprive.com\/biens\/villa-giova-ostuni-pouilles-italie\/#breadcrumb\",\"itemListElement\":[{\"@type\":\"ListItem\",\"position\":1,\"name\":\"Accueil\",\"item\":\"https:\/\/www.sejourprive.com\/\"},{\"@type\":\"ListItem\",\"position\":2,\"name\":\"Shop\",\"item\":\"https:\/\/www.sejourprive.com\/shop\/\"},{\"@type\":\"ListItem\",\"position\":3,\"name\":\"Villa Giova, Ostuni, Pouilles, Italie\"}]},{\"@type\":\"WebSite\",\"@id\":\"https:\/\/www.sejourprive.com\/#website\",\"url\":\"https:\/\/www.sejourprive.com\/\",\"name\":\"S\u00e9jour Priv\u00e9\",\"description\":\"Nous imaginons pour vous des s\u00e9jours d\u2019exception.\",\"publisher\":{\"@id\":\"https:\/\/www.sejourprive.com\/#organization\"},\"potentialAction\":[{\"@type\":\"SearchAction\",\"target\":{\"@type\":\"EntryPoint\",\"urlTemplate\":\"https:\/\/www.sejourprive.com\/?s={search_term_string}\"},\"query-input\":{\"@type\":\"PropertyValueSpecification\",\"valueRequired\":true,\"valueName\":\"search_term_string\"}}],\"inLanguage\":\"en-GB\"},{\"@type\":\"Organization\",\"@id\":\"https:\/\/www.sejourprive.com\/#organization\",\"name\":\"S\u00e9jour Priv\u00e9\",\"url\":\"https:\/\/www.sejourprive.com\/\",\"logo\":{\"@type\":\"ImageObject\",\"inLanguage\":\"en-GB\",\"@id\":\"https:\/\/www.sejourprive.com\/#\/schema\/logo\/image\/\",\"url\":\"https:\/\/www.sejourprive.com\/wp-content\/uploads\/2026\/02\/SP-Apple-touch-144-couleur-1-2.png\",\"contentUrl\":\"https:\/\/www.sejourprive.com\/wp-content\/uploads\/2026\/02\/SP-Apple-touch-144-couleur-1-2.png\",\"width\":145,\"height\":145,\"caption\":\"S\u00e9jour Priv\u00e9\"},\"image\":{\"@id\":\"https:\/\/www.sejourprive.com\/#\/schema\/logo\/image\/\"}}]}<\/script>\n<!-- \/ Yoast SEO plugin. -->","yoast_head_json":{"title":"Villa Giova, Ostuni, Pouilles, Italie - S\u00e9jour Priv\u00e9","description":"Au c\u0153ur de la campagne ensoleill\u00e9e d\u2019Ostuni, la Villa Giova se r\u00e9v\u00e8le comme un havre de paix o\u00f9 l\u2019\u00e9l\u00e9gance moderne se marie harmonieusement \u00e0","robots":{"index":"index","follow":"follow","max-snippet":"max-snippet:-1","max-image-preview":"max-image-preview:large","max-video-preview":"max-video-preview:-1"},"canonical":"https:\/\/www.sejourprive.com\/en\/biens\/villa-giova-ostuni-pouilles-italie\/","og_locale":"en_GB","og_type":"article","og_title":"Villa Giova, Ostuni, Pouilles, Italie - S\u00e9jour Priv\u00e9","og_description":"Au c\u0153ur de la campagne ensoleill\u00e9e d\u2019Ostuni, la Villa Giova se r\u00e9v\u00e8le comme un havre de paix o\u00f9 l\u2019\u00e9l\u00e9gance moderne se marie harmonieusement \u00e0","og_url":"https:\/\/www.sejourprive.com\/en\/biens\/villa-giova-ostuni-pouilles-italie\/","og_site_name":"S\u00e9jour Priv\u00e9","og_image":[{"width":1200,"height":801,"url":"https:\/\/www.sejourprive.com\/wp-content\/uploads\/2026\/03\/25-126.jpg","type":"image\/jpeg"}],"twitter_card":"summary_large_image","twitter_misc":{"Estimated reading time":"1 minute"},"schema":{"@context":"https:\/\/schema.org","@graph":[{"@type":"WebPage","@id":"https:\/\/www.sejourprive.com\/biens\/villa-giova-ostuni-pouilles-italie\/","url":"https:\/\/www.sejourprive.com\/biens\/villa-giova-ostuni-pouilles-italie\/","name":"Villa Giova, Ostuni, Pouilles, Italie - S\u00e9jour Priv\u00e9","isPartOf":{"@id":"https:\/\/www.sejourprive.com\/#website"},"primaryImageOfPage":{"@id":"https:\/\/www.sejourprive.com\/biens\/villa-giova-ostuni-pouilles-italie\/#primaryimage"},"image":{"@id":"https:\/\/www.sejourprive.com\/biens\/villa-giova-ostuni-pouilles-italie\/#primaryimage"},"thumbnailUrl":"https:\/\/www.sejourprive.com\/wp-content\/uploads\/2026\/03\/25-126.jpg","datePublished":"2026-03-17T11:13:13+00:00","description":"Au c\u0153ur de la campagne ensoleill\u00e9e d\u2019Ostuni, la Villa Giova se r\u00e9v\u00e8le comme un havre de paix o\u00f9 l\u2019\u00e9l\u00e9gance moderne se marie harmonieusement \u00e0","breadcrumb":{"@id":"https:\/\/www.sejourprive.com\/biens\/villa-giova-ostuni-pouilles-italie\/#breadcrumb"},"inLanguage":"en-GB","potentialAction":[{"@type":"ReadAction","target":["https:\/\/www.sejourprive.com\/biens\/villa-giova-ostuni-pouilles-italie\/"]}]},{"@type":"ImageObject","inLanguage":"en-GB","@id":"https:\/\/www.sejourprive.com\/biens\/villa-giova-ostuni-pouilles-italie\/#primaryimage","url":"https:\/\/www.sejourprive.com\/wp-content\/uploads\/2026\/03\/25-126.jpg","contentUrl":"https:\/\/www.sejourprive.com\/wp-content\/uploads\/2026\/03\/25-126.jpg","width":1200,"height":801},{"@type":"BreadcrumbList","@id":"https:\/\/www.sejourprive.com\/biens\/villa-giova-ostuni-pouilles-italie\/#breadcrumb","itemListElement":[{"@type":"ListItem","position":1,"name":"Accueil","item":"https:\/\/www.sejourprive.com\/"},{"@type":"ListItem","position":2,"name":"Shop","item":"https:\/\/www.sejourprive.com\/shop\/"},{"@type":"ListItem","position":3,"name":"Villa Giova, Ostuni, Pouilles, Italie"}]},{"@type":"WebSite","@id":"https:\/\/www.sejourprive.com\/#website","url":"https:\/\/www.sejourprive.com\/","name":"Private Stay","description":"We design exceptional holidays for you.","publisher":{"@id":"https:\/\/www.sejourprive.com\/#organization"},"potentialAction":[{"@type":"SearchAction","target":{"@type":"EntryPoint","urlTemplate":"https:\/\/www.sejourprive.com\/?s={search_term_string}"},"query-input":{"@type":"PropertyValueSpecification","valueRequired":true,"valueName":"search_term_string"}}],"inLanguage":"en-GB"},{"@type":"Organization","@id":"https:\/\/www.sejourprive.com\/#organization","name":"Private Stay","url":"https:\/\/www.sejourprive.com\/","logo":{"@type":"ImageObject","inLanguage":"en-GB","@id":"https:\/\/www.sejourprive.com\/#\/schema\/logo\/image\/","url":"https:\/\/www.sejourprive.com\/wp-content\/uploads\/2026\/02\/SP-Apple-touch-144-couleur-1-2.png","contentUrl":"https:\/\/www.sejourprive.com\/wp-content\/uploads\/2026\/02\/SP-Apple-touch-144-couleur-1-2.png","width":145,"height":145,"caption":"S\u00e9jour Priv\u00e9"},"image":{"@id":"https:\/\/www.sejourprive.com\/#\/schema\/logo\/image\/"}}]}},"_links":{"self":[{"href":"https:\/\/www.sejourprive.com\/en\/wp-json\/wp\/v2\/product\/47203","targetHints":{"allow":["GET"]}}],"collection":[{"href":"https:\/\/www.sejourprive.com\/en\/wp-json\/wp\/v2\/product"}],"about":[{"href":"https:\/\/www.sejourprive.com\/en\/wp-json\/wp\/v2\/types\/product"}],"replies":[{"embeddable":true,"href":"https:\/\/www.sejourprive.com\/en\/wp-json\/wp\/v2\/comments?post=47203"}],"version-history":[{"count":0,"href":"https:\/\/www.sejourprive.com\/en\/wp-json\/wp\/v2\/product\/47203\/revisions"}],"wp:featuredmedia":[{"embeddable":true,"href":"https:\/\/www.sejourprive.com\/en\/wp-json\/wp\/v2\/media\/47266"}],"wp:attachment":[{"href":"https:\/\/www.sejourprive.com\/en\/wp-json\/wp\/v2\/media?parent=47203"}],"wp:term":[{"taxonomy":"product_brand","embeddable":true,"href":"https:\/\/www.sejourprive.com\/en\/wp-json\/wp\/v2\/product_brand?post=47203"},{"taxonomy":"product_cat","embeddable":true,"href":"https:\/\/www.sejourprive.com\/en\/wp-json\/wp\/v2\/product_cat?post=47203"},{"taxonomy":"product_tag","embeddable":true,"href":"https:\/\/www.sejourprive.com\/en\/wp-json\/wp\/v2\/product_tag?post=47203"}],"curies":[{"name":"wp","href":"https:\/\/api.w.org\/{rel}","templated":true}]}}